{"id":1535,"date":"2021-12-14T06:35:13","date_gmt":"2021-12-14T06:35:13","guid":{"rendered":"https:\/\/taizyagromachine.com\/?p=1535"},"modified":"2022-09-29T11:16:10","modified_gmt":"2022-09-29T03:16:10","slug":"vibration-cleaner","status":"publish","type":"product","link":"https:\/\/taizyagromachine.com\/vi\/product\/vibration-cleaner\/","title":{"rendered":"M\u00e1y rung rung"},"content":{"rendered":"<p class=\"translation-block\"><strong>M\u00e1y l\u00e0m s\u1ea1ch rung<\/strong> \u0111ang l\u00e0m s\u1ea1ch c\u00e1c <a href=\"https:\/\/en.wikipedia.org\/wiki\/Impurity\" target=\"_blank\" rel=\"noreferrer noopener\">t\u1ea1p ch\u1ea5t<\/a> l\u1edbn, nh\u1ecf v\u00e0 nh\u1eb9 t\u1eeb h\u1ea1t. \u0110\u1eb7c bi\u1ec7t, trong nh\u00e0 m\u00e1y xay g\u1ea1o ho\u00e0n ch\u1ec9nh c\u00f3 c\u00f4ng su\u1ea5t l\u1edbn, m\u00e1y l\u00e0m s\u1ea1ch rung h\u1ea1t l\u00faa l\u00e0 b\u01b0\u1edbc \u0111\u1ea7u ti\u00ean v\u00e0 c\u1ea7n thi\u1ebft. N\u00f3 ph\u00f9 h\u1ee3p kh\u00f4ng ch\u1ec9 v\u1edbi g\u1ea1o l\u00faa m\u00e0 c\u00f2n v\u1edbi l\u00faa m\u00ec, \u0111\u1eadu ph\u1ed9ng, m\u00e8, \u0111\u1eadu n\u00e0nh, v.v. Ngo\u00e0i ra, n\u00f3 \u0111\u01b0\u1ee3c trang b\u1ecb hai \u0111\u1ed9ng c\u01a1 rung. \u0110\u00f4i khi, n\u00f3 \u0111\u01b0\u1ee3c s\u1eed d\u1ee5ng \u0111\u1ec3 ph\u00e2n lo\u1ea1i c\u00e1c s\u1ea3n ph\u1ea9m b\u00e1n th\u00e0nh ph\u1ea9m ho\u1eb7c th\u00e0nh ph\u1ea9m. T\u00f3m l\u1ea1i, m\u00e1y s\u00e0ng rung l\u00e0 c\u1ea7n thi\u1ebft cho nh\u00e0 m\u00e1y xay g\u1ea1o ho\u00e0n ch\u1ec9nh. N\u1ebfu b\u1ea1n c\u00f3 b\u1ea5t k\u1ef3 th\u1eafc m\u1eafc n\u00e0o, h\u00e3y <a href=\"https:\/\/taizyagromachine.com\/vi\/contact\/\" target=\"_blank\" rel=\"noreferrer noopener\">li\u00ean h\u1ec7 v\u1edbi ch\u00fang t\u00f4i<\/a> \u0111\u1ec3 bi\u1ebft th\u00eam chi ti\u1ebft!<\/p>    <h2 class=\"wp-block-heading\" id=\"structure-of-paddy-vibration-cleaner\"><strong>C\u1ea5u t\u1ea1o c\u1ee7a m\u00e1y rung l\u00faa<\/strong><\/h2>    <p>M\u00e1y c\u1ee7a ch\u00fang t\u00f4i bao g\u1ed3m \u0111\u1ea7u v\u00e0o, \u0111\u1ea7u ra t\u01b0\u01a1ng \u1ee9ng cho t\u1ea1p ch\u1ea5t v\u00e0 th\u00f3c, \u0111\u1ed9ng c\u01a1 rung.<\/p>   <div class=\"wp-block-image\"> <figure class=\"aligncenter size-full\"><img loading=\"lazy\" decoding=\"async\" width=\"720\" height=\"540\" src=\"https:\/\/taizyagromachine.com\/wp-content\/uploads\/2022\/01\/structure-of-vibration-cleaner.jpg\" alt=\"c\u1ea5u tr\u00fac c\u1ee7a m\u00e1y rung\" class=\"wp-image-1869\"\/><figcaption>c\u1ea5u tr\u00fac c\u1ee7a m\u00e1y rung<\/figcaption><\/figure> <\/div>   <h2 class=\"wp-block-heading\" id=\"advantages-of-vibrating-sieve-cleaner\"><strong>\u01afu \u0111i\u1ec3m c\u1ee7a m\u00e1y s\u00e0ng rung<\/strong><strong><\/strong><\/h2>    <ul class=\"wp-block-list\" type=\"1\"><li>C\u1ea5u tr\u00fac h\u1ee3p l\u00fd, si\u00eau ch\u1ea5t l\u01b0\u1ee3ng, hi\u1ec7u su\u1ea5t \u1ed5n \u0111\u1ecbnh.<\/li><li>Hi\u1ec7u qu\u1ea3 l\u00e0m s\u1ea1ch cao v\u00e0 ti\u00eau th\u1ee5 n\u0103ng l\u01b0\u1ee3ng th\u1ea5p.<\/li><li>M\u00e1y nh\u1ecf, chi\u1ebfm kh\u00f4ng gian nh\u1ecf.<\/li><li>Th\u01b0\u01a1ng hi\u1ec7u n\u1ed5i ti\u1ebfng tr\u00ean th\u1ecb tr\u01b0\u1eddng qu\u1ed1c t\u1ebf.<\/li><li>T\u00f9y ch\u1ec9nh. B\u1ea1n c\u00f3 th\u1ec3 gh\u00e9p c\u00e1c s\u00e0ng t\u01b0\u01a1ng \u1ee9ng d\u1ef1a tr\u00ean th\u00f3c.<\/li><\/ul>    <h2 class=\"wp-block-heading\" id=\"working-principle\"><strong>Nguy\u00ean t\u1eafc l\u00e0m vi\u1ec7c<\/strong><strong><\/strong><\/h2>    <p class=\"translation-block\">M\u00e1y l\u00e0m s\u1ea1ch rung th\u1ef1c hi\u1ec7n c\u00f4ng vi\u1ec7c c\u1ee7a n\u00f3 d\u1ef1a tr\u00ean k\u00edch th\u01b0\u1edbc l\u1ed7 c\u1ee7a s\u00e0ng. V\u00ed d\u1ee5, trong <a href=\"https:\/\/taizyagromachine.com\/vi\/product\/solutions\/\" target=\"_blank\" rel=\"noreferrer noopener\">d\u00e2y chuy\u1ec1n s\u1ea3n xu\u1ea5t xay g\u1ea1o hi\u1ec7n \u0111\u1ea1i<\/a>, m\u00e1y l\u00e0m s\u1ea1ch rung s\u1eed d\u1ee5ng s\u00e0ng hai l\u1edbp. N\u00f3i chung, n\u00f3 c\u00f3 ba \u0111\u1ea7u ra. M\u1ed9t l\u00e0 cho c\u00e1c t\u1ea1p ch\u1ea5t l\u1edbn, m\u1ed9t l\u00e0 cho c\u00e1c t\u1ea1p ch\u1ea5t nh\u1ecf v\u00e0 nh\u1eb9, v\u00e0 c\u00e1i c\u00f2n l\u1ea1i l\u00e0 cho g\u1ea1o l\u00faa. Th\u1eadt d\u1ec5 hi\u1ec3u. N\u1ebfu c\u00f3 b\u1ea5t k\u1ef3 th\u1eafc m\u1eafc n\u00e0o, vui l\u00f2ng li\u00ean h\u1ec7 v\u1edbi ch\u00fang t\u00f4i \u0111\u1ec3 bi\u1ebft th\u00eam th\u00f4ng tin!<\/p>    <figure class=\"wp-block-embed is-type-video is-provider-youtube wp-block-embed-youtube wp-embed-aspect-16-9 wp-has-aspect-ratio\"><div class=\"wp-block-embed__wrapper\"> <iframe loading=\"lazy\" title=\"M\u00e1y l\u00e0m s\u1ea1ch rung c\u00f3 ch\u1ee9c n\u0103ng l\u00e0m s\u1ea1ch t\u1ea1p ch\u1ea5t t\u1eeb \u200b\u200bth\u00f3c trong nh\u00e0 m\u00e1y xay x\u00e1t g\u1ea1o.\" width=\"500\" height=\"281\" src=\"https:\/\/www.youtube.com\/embed\/L9lQfmDcAsw?feature=oembed\" frameborder=\"0\" allow=\"accelerometer; autoplay; clipboard-write; encrypted-media; gyroscope; picture-in-picture; web-share\" referrerpolicy=\"strict-origin-when-cross-origin\" allowfullscreen><\/iframe> <\/div><\/figure>","protected":false},"excerpt":{"rendered":"<p>Vibration cleaner\u00a0is cleaning the large, small, and light impurities from grains. Especially, in the large capacity complete rice mill plant, the paddy vibrating cleaner machine is the initial and necessary step. It\u2019s suitable for not only paddy rice but also wheat, peanuts, sesame, soybeans, etc. Besides, it is equipped with two vibration motors. Sometimes, it [&hellip;]<\/p>\n","protected":false},"author":1,"featured_media":1867,"parent":0,"template":"","tags":[],"product-type":[18],"class_list":["post-1535","product","type-product","status-publish","has-post-thumbnail","hentry","product-type-rice-mill"],"_links":{"self":[{"href":"https:\/\/taizyagromachine.com\/vi\/wp-json\/wp\/v2\/product\/1535","targetHints":{"allow":["GET"]}}],"collection":[{"href":"https:\/\/taizyagromachine.com\/vi\/wp-json\/wp\/v2\/product"}],"about":[{"href":"https:\/\/taizyagromachine.com\/vi\/wp-json\/wp\/v2\/types\/product"}],"author":[{"embeddable":true,"href":"https:\/\/taizyagromachine.com\/vi\/wp-json\/wp\/v2\/users\/1"}],"wp:featuredmedia":[{"embeddable":true,"href":"https:\/\/taizyagromachine.com\/vi\/wp-json\/wp\/v2\/media\/1867"}],"wp:attachment":[{"href":"https:\/\/taizyagromachine.com\/vi\/wp-json\/wp\/v2\/media?parent=1535"}],"wp:term":[{"taxonomy":"post_tag","embeddable":true,"href":"https:\/\/taizyagromachine.com\/vi\/wp-json\/wp\/v2\/tags?post=1535"},{"taxonomy":"product-type","embeddable":true,"href":"https:\/\/taizyagromachine.com\/vi\/wp-json\/wp\/v2\/product-type?post=1535"}],"curies":[{"name":"wp","href":"https:\/\/api.w.org\/{rel}","templated":true}]}}