{"id":1560,"date":"2021-12-15T08:25:49","date_gmt":"2021-12-15T08:25:49","guid":{"rendered":"https:\/\/taizyagromachine.com\/?p=1560"},"modified":"2025-01-02T13:54:13","modified_gmt":"2025-01-02T05:54:13","slug":"rice-grader","status":"publish","type":"product","link":"https:\/\/taizyagromachine.com\/vi\/product\/rice-grader\/","title":{"rendered":"M\u00e1y ph\u00e2n lo\u1ea1i g\u1ea1o"},"content":{"rendered":"<p class=\"translation-block\"><strong>M\u00e1y ph\u00e2n lo\u1ea1i g\u1ea1o<\/strong> ph\u00e2n t\u00e1ch g\u1ea1o tr\u1eafng nguy\u00ean h\u1ea1t v\u00e0 g\u1ea1o tr\u1eafng v\u1ee1 theo k\u00edch th\u01b0\u1edbc. N\u00f3 thu\u1ed9c d\u00f2ng m\u00e1y ph\u00e2n lo\u1ea1i g\u1ea1o tr\u1eafng MMJP, \u0111\u00f3ng vai tr\u00f2 quan tr\u1ecdng trong nh\u00e0 m\u00e1y xay x\u00e1t g\u1ea1o. Th\u00f4ng th\u01b0\u1eddng, n\u00f3 \u0111\u01b0\u1ee3c s\u1eed d\u1ee5ng trong <a href=\"https:\/\/taizyagromachine.com\/vi\/product\/solutions\/\" target=\"_blank\" rel=\"noreferrer noopener\">d\u00e2y chuy\u1ec1n s\u1ea3n xu\u1ea5t nh\u00e0 m\u00e1y xay x\u00e1t g\u1ea1o t\u1ef1 \u0111\u1ed9ng ho\u00e0n to\u00e0n<\/a>. Nh\u00ecn chung, ch\u00fang c\u00f3 c\u00e1c \u0111\u01b0\u1eddng k\u00ednh kh\u00e1c nhau. Ngo\u00e0i ra, tr\u00ean m\u00e0n h\u00ecnh c\u00f3 b\u00f3ng cao su. \u0110\u00f3 l\u00e0 v\u00ec b\u00f3ng cao su d\u00f9ng \u0111\u1ec3 l\u00e0m s\u1ea1ch <a href=\"https:\/\/en.wikipedia.org\/wiki\/Clog\" target=\"_blank\" rel=\"noreferrer noopener\">t\u1eafc ngh\u1ebdn<\/a> s\u00e0ng. Trong c\u00e1c nh\u00e0 m\u00e1y xay x\u00e1t g\u1ea1o kh\u00e1c nhau, b\u1ea1n c\u00f3 th\u1ec3 \u00e1p d\u1ee5ng c\u00e1c m\u00e1y ph\u00e2n lo\u1ea1i g\u1ea1o c\u00f3 c\u00f4ng su\u1ea5t kh\u00e1c nhau. H\u01a1n n\u1eefa, m\u00e1y ph\u00e2n lo\u1ea1i g\u1ea1o v\u00e0 m\u00e1y t\u00e1ch m\u00e0u c\u00f3 th\u1ec3 thay \u0111\u1ed5i th\u1ee9 t\u1ef1. Ch\u00e0o m\u1eebng b\u1ea1n li\u00ean h\u1ec7 v\u1edbi ch\u00fang t\u00f4i \u0111\u1ec3 bi\u1ebft th\u00eam chi ti\u1ebft!<\/p>    <h2 class=\"wp-block-heading\" id=\"advantages-of-rice-grading-machine\"><strong>\u01afu \u0111i\u1ec3m c\u1ee7a m\u00e1y x\u00e1t g\u1ea1o<\/strong><\/h2>    <ul class=\"wp-block-list\" type=\"1\"><li>C\u1ea5u tr\u00fac h\u1ee3p l\u00fd, ch\u1ea1y \u1ed5n \u0111\u1ecbnh, si\u00eau ch\u1ea5t l\u01b0\u1ee3ng.<\/li><li>Hi\u1ec7u su\u1ea5t l\u00e0m vi\u1ec7c cao v\u00e0 ti\u00eau th\u1ee5 n\u0103ng l\u01b0\u1ee3ng th\u1ea5p.<\/li><li>Kh\u00f4ng d\u1ec5 b\u1ecb t\u1eafc cho m\u00e0n h\u00ecnh v\u00ec c\u00f3 thi\u1ebft b\u1ecb l\u00e0m s\u1ea1ch t\u1ef1 \u0111\u1ed9ng.<\/li><li>Tu\u1ed5i th\u1ecd d\u00e0i, d\u1ec5 v\u1eadn h\u00e0nh v\u00e0 b\u1ea3o tr\u00ec.<\/li><li>C\u00f3 s\u1eb5n m\u00e0n h\u00ecnh nhi\u1ec1u l\u1edbp, \u00e1p d\u1ee5ng cho c\u00e1c c\u00f4ng su\u1ea5t ph\u00e2n lo\u1ea1i g\u1ea1o kh\u00e1c nhau.<\/li><li>Ti\u1ebfng \u1ed3n nh\u1ecf, kh\u1ea3 n\u0103ng th\u00edch \u1ee9ng m\u1ea1nh, s\u1ea3n l\u01b0\u1ee3ng cao.<\/li><\/ul>    <figure class=\"wp-block-gallery has-nested-images columns-default is-cropped wp-block-gallery-2 is-layout-flex wp-block-gallery-is-layout-flex\"> <figure class=\"wp-block-image size-large\"><img loading=\"lazy\" decoding=\"async\" width=\"720\" height=\"540\" data-id=\"1890\" src=\"https:\/\/taizyagromachine.com\/wp-content\/uploads\/2022\/02\/screen-rice-grader.jpg\" alt=\"m\u00e0n h\u00ecnh\" class=\"wp-image-1890\"\/><figcaption>m\u00e0n h\u00ecnh<\/figcaption><\/figure>    <figure class=\"wp-block-image size-large\"><img loading=\"lazy\" decoding=\"async\" width=\"720\" height=\"540\" data-id=\"1891\" src=\"https:\/\/taizyagromachine.com\/wp-content\/uploads\/2022\/02\/separating-rice.jpg\" alt=\"ph\u00e2n lo\u1ea1i g\u1ea1o\" class=\"wp-image-1891\"\/><figcaption>ph\u00e2n lo\u1ea1i g\u1ea1o<\/figcaption><\/figure> <\/figure>    <h2 class=\"wp-block-heading\" id=\"rice-grader-machine-price\"><strong>R<\/strong><strong>\u0111\u00e1 <\/strong><strong>G<\/strong><strong>rader <\/strong><strong>M<\/strong><strong>\u0111au nh\u1ee9c <\/strong><strong>P<\/strong><strong>c\u01a1m<\/strong><strong><\/strong><\/h2>    <p class=\"translation-block\">V\u1edbi t\u01b0 c\u00e1ch l\u00e0 <a href=\"https:\/\/taizyagromachine.com\/vi\/\" target=\"_blank\" rel=\"noreferrer noopener\">nh\u00e0 s\u1ea3n xu\u1ea5t v\u00e0 cung c\u1ea5p m\u00e1y xay x\u00e1t g\u1ea1o chuy\u00ean nghi\u1ec7p<\/a>, ch\u00fang t\u00f4i c\u00f3 nhi\u1ec1u lo\u1ea1i nh\u00e0 m\u00e1y xay x\u00e1t g\u1ea1o. Nh\u00e0 m\u00e1y xay x\u00e1t g\u1ea1o ho\u00e0n ch\u1ec9nh c\u1ea7n c\u00f3 m\u00e1y ph\u00e2n lo\u1ea1i g\u1ea1o t\u01b0\u01a1ng \u1ee9ng. Tuy nhi\u00ean, s\u1ea3n l\u01b0\u1ee3ng kh\u00e1c nhau c\u1ea7n c\u00f3 m\u00e1y t\u00e1ch g\u1ea1o t\u01b0\u01a1ng \u1ee9ng. Gi\u00e1 m\u00e1y ph\u00e2n lo\u1ea1i g\u1ea1o kh\u00e1c nhau. V\u00ec v\u1eady, b\u1ea1n c\u00f3 th\u1ec3 cho ch\u00fang t\u00f4i bi\u1ebft y\u00eau c\u1ea7u c\u1ee7a b\u1ea1n v\u00e0 ch\u00fang t\u00f4i s\u1ebd gi\u1edbi thi\u1ec7u lo\u1ea1i ph\u00f9 h\u1ee3p, \u0111\u1ed3ng th\u1eddi g\u1eedi b\u00e1o gi\u00e1 t\u1ed1t nh\u1ea5t trong th\u1eddi gian s\u1edbm nh\u1ea5t!<\/p>   <div class=\"wp-block-image\"> <figure class=\"aligncenter size-full\"><img loading=\"lazy\" decoding=\"async\" width=\"720\" height=\"540\" src=\"https:\/\/taizyagromachine.com\/wp-content\/uploads\/2022\/02\/functions-in-the-complete-ric-emill-plant.jpg\" alt=\"ch\u1ee9c n\u0103ng trong nh\u00e0 m\u00e1y xay l\u00faa ho\u00e0n ch\u1ec9nh\" class=\"wp-image-1893\"\/><figcaption>ch\u1ee9c n\u0103ng trong nh\u00e0 m\u00e1y xay l\u00faa ho\u00e0n ch\u1ec9nh<\/figcaption><\/figure> <\/div>","protected":false},"excerpt":{"rendered":"<p>Rice grader\u00a0is separating the whole white rice and broken white rice according to size. It belongs to MMJP series white rice grader, an important role in the rice processing plant. Often, it is used in the fully automatic rice mill plant production line. Generally speaking, there are diameters in their appearances. Besides, there is the [&hellip;]<\/p>\n","protected":false},"author":1,"featured_media":1889,"parent":0,"template":"","tags":[],"product-type":[18],"class_list":["post-1560","product","type-product","status-publish","has-post-thumbnail","hentry","product-type-rice-mill"],"_links":{"self":[{"href":"https:\/\/taizyagromachine.com\/vi\/wp-json\/wp\/v2\/product\/1560","targetHints":{"allow":["GET"]}}],"collection":[{"href":"https:\/\/taizyagromachine.com\/vi\/wp-json\/wp\/v2\/product"}],"about":[{"href":"https:\/\/taizyagromachine.com\/vi\/wp-json\/wp\/v2\/types\/product"}],"author":[{"embeddable":true,"href":"https:\/\/taizyagromachine.com\/vi\/wp-json\/wp\/v2\/users\/1"}],"wp:featuredmedia":[{"embeddable":true,"href":"https:\/\/taizyagromachine.com\/vi\/wp-json\/wp\/v2\/media\/1889"}],"wp:attachment":[{"href":"https:\/\/taizyagromachine.com\/vi\/wp-json\/wp\/v2\/media?parent=1560"}],"wp:term":[{"taxonomy":"post_tag","embeddable":true,"href":"https:\/\/taizyagromachine.com\/vi\/wp-json\/wp\/v2\/tags?post=1560"},{"taxonomy":"product-type","embeddable":true,"href":"https:\/\/taizyagromachine.com\/vi\/wp-json\/wp\/v2\/product-type?post=1560"}],"curies":[{"name":"wp","href":"https:\/\/api.w.org\/{rel}","templated":true}]}}