{"id":1601,"date":"2021-12-18T01:14:32","date_gmt":"2021-12-18T01:14:32","guid":{"rendered":"https:\/\/taizyagromachine.com\/?p=1601"},"modified":"2025-01-02T13:52:00","modified_gmt":"2025-01-02T05:52:00","slug":"emery-roller-rice-mill-machine","status":"publish","type":"product","link":"https:\/\/taizyagromachine.com\/vi\/product\/emery-roller-rice-mill-machine\/","title":{"rendered":"M\u00e1y xay l\u00faa con l\u0103n Emery"},"content":{"rendered":"<p class=\"translation-block\"><strong>M\u00e1y xay l\u00faa b\u1eb1ng tr\u1ee5c ch\u00e0 nh\u00e1m<\/strong> l\u00e0 thi\u1ebft b\u1ecb l\u00fd t\u01b0\u1edfng \u0111\u1ec3 ch\u1ebf bi\u1ebfn l\u00faa th\u00e0nh g\u1ea1o tr\u1eafng. Th\u00f4ng th\u01b0\u1eddng, thi\u1ebft b\u1ecb xay l\u00faa b\u1eb1ng tr\u1ee5c ch\u00e0 nh\u00e1m n\u00e0y \u0111\u01b0\u1ee3c g\u1ecdi l\u00e0 d\u00f2ng MNMS. M\u00e1y xay l\u00faa n\u00e0y c\u00f3 \u1ee9ng d\u1ee5ng r\u1ed9ng r\u00e3i trong nh\u00e0 m\u00e1y xay l\u00faa v\u00e0<a href=\"https:\/\/taizyagromachine.com\/vi\/product\/solutions\/\" target=\"_blank\" rel=\"noreferrer noopener\"> d\u00e2y chuy\u1ec1n s\u1ea3n xu\u1ea5t xay l\u00faa<\/a>. Ngo\u00e0i ra, n\u00f3 c\u00f3 \u01b0u \u0111i\u1ec3m l\u00e0 c\u1ea5u tr\u00fac \u0111\u01a1n gi\u1ea3n, v\u1eadn h\u00e0nh d\u1ec5 d\u00e0ng v\u00e0 b\u1ea3o tr\u00ec thu\u1eadn ti\u1ec7n. Quan tr\u1ecdng h\u01a1n, n\u00f3 ph\u00f9 h\u1ee3p h\u01a1n v\u1edbi l\u00faa h\u1ea1t d\u00e0i. Vui l\u00f2ng li\u00ean h\u1ec7 v\u1edbi ch\u00fang t\u00f4i \u0111\u1ec3 bi\u1ebft th\u00eam chi ti\u1ebft!<\/p>   <div class=\"wp-block-image\"> <figure class=\"aligncenter size-full\"><img loading=\"lazy\" decoding=\"async\" width=\"720\" height=\"540\" src=\"https:\/\/taizyagromachine.com\/wp-content\/uploads\/2022\/02\/emery-roller-rice-mill-machine.jpg\" alt=\"m\u00e1y nghi\u1ec1n g\u1ea1o con l\u0103n\" class=\"wp-image-1903\"\/><figcaption>m\u00e1y nghi\u1ec1n g\u1ea1o con l\u0103n<\/figcaption><\/figure> <\/div>   <h2 class=\"wp-block-heading\" id=\"structure-of-rice-milling-machine-for-sale\"><strong>C\u1ea5u t\u1ea1o m\u00e1y xay x\u00e1t g\u1ea1o c\u1ea7n b\u00e1n<\/strong><\/h2>   <div class=\"wp-block-image\"> <figure class=\"aligncenter size-full\"><img loading=\"lazy\" decoding=\"async\" width=\"720\" height=\"540\" src=\"https:\/\/taizyagromachine.com\/wp-content\/uploads\/2022\/02\/machine-structure-emery-roll-rice-mill-machine.jpg\" alt=\"k\u1ebft c\u1ea5u m\u00e1y\" class=\"wp-image-1905\"\/><figcaption>k\u1ebft c\u1ea5u m\u00e1y<\/figcaption><\/figure> <\/div>   <h2 class=\"wp-block-heading\" id=\"features\"><strong>C\u00e1c t\u00ednh n\u0103ng c\u1ee7a m\u00e1y xay l\u00faa con l\u0103n Emery<\/strong><\/h2>    <ul class=\"wp-block-list\" type=\"1\"><li>C\u1ea5u tr\u00fac h\u1ee3p l\u00fd, ch\u1ea5t l\u01b0\u1ee3ng t\u1ed1t, hi\u1ec7u su\u1ea5t \u1ed5n \u0111\u1ecbnh.<\/li><li>S\u1ea3n l\u01b0\u1ee3ng l\u1edbn, g\u1ea1o \u00edt t\u1ea5m.<\/li><li>D\u1ec5 d\u00e0ng ki\u1ec3m so\u00e1t v\u00e0 \u0111i\u1ec1u ch\u1ec9nh cho g\u1ea1o ch\u1ea5t l\u01b0\u1ee3ng cao v\u00e0 ch\u00ednh x\u00e1c.<\/li><li>C\u00f4ng ngh\u1ec7 t\u1ed1t v\u00e0 kh\u1ea3 n\u0103ng th\u1ef1c h\u00e0nh r\u1ed9ng r\u00e3i.<\/li><li>C\u00e1c m\u00f4 h\u00ecnh kh\u00e1c nhau \u0111\u1ec3 \u0111\u00e1p \u1ee9ng y\u00eau c\u1ea7u c\u1ee7a b\u1ea1n.<\/li><\/ul>    <h2 class=\"wp-block-heading\" id=\"machine-details\"><strong>Chi ti\u1ebft m\u00e1y<\/strong><strong><\/strong><\/h2>    <h3 class=\"wp-block-heading\" id=\"emery-roller\">Con l\u0103n nh\u00e1m<\/h3>    <p>Con l\u0103n nh\u00e1m n\u00e0y \u0111\u01b0\u1ee3c s\u1eed d\u1ee5ng cho m\u00e1y xay g\u1ea1o \u0111\u1ec3 xay g\u1ea1o l\u1ee9t. N\u00f3 c\u00f3 \u01b0u \u0111i\u1ec3m l\u00e0 ti\u00eau th\u1ee5 \u0111i\u1ec7n n\u0103ng th\u1ea5p, n\u0103ng su\u1ea5t l\u00faa cao v\u00e0 hi\u1ec7u qu\u1ea3 s\u1ea3n xu\u1ea5t cao.<\/p>   <div class=\"wp-block-image\"> <figure class=\"aligncenter size-full\"><img loading=\"lazy\" decoding=\"async\" width=\"720\" height=\"450\" src=\"https:\/\/taizyagromachine.com\/wp-content\/uploads\/2022\/02\/emery-roller.jpg\" alt=\"con l\u0103n nh\u00e1m\" class=\"wp-image-1908\"\/><figcaption>con l\u0103n nh\u00e1m<\/figcaption><\/figure> <\/div>   <h3 class=\"wp-block-heading\" id=\"feed-hopper\">Ph\u1ec5u th\u1ee9c \u0103n<\/h3>    <p>N\u00f3 c\u00f3 m\u1ed9t c\u1eeda s\u1ed5 tr\u1ef1c quan, thu\u1eadn ti\u1ec7n \u0111\u1ec3 quan s\u00e1t t\u1ed1c \u0111\u1ed9 c\u1ee7a g\u1ea1o l\u1ee9t. Ngo\u00e0i ra, n\u00f3 c\u00f2n c\u00f3 m\u1ed9t b\u1ea3ng \u0111i\u1ec1u khi\u1ec3n. T\u1eeb b\u1ea3ng \u0111i\u1ec1u khi\u1ec3n, b\u1ea1n c\u00f3 th\u1ec3 quan s\u00e1t ch\u00ednh x\u00e1c \u00e1p su\u1ea5t n\u1ea1p.<\/p>    <h3 class=\"wp-block-heading\" id=\"blower\">M\u00e1y th\u1ed5i<\/h3>    <p>M\u00e1y th\u1ed5i s\u1eed d\u1ee5ng v\u1eadt li\u1ec7u nh\u00f4m, c\u00f3 kh\u1ea3 n\u0103ng m\u1edf r\u1ed9ng t\u1ed1t h\u01a1n. V\u00ec v\u1eady, n\u00f3 c\u00f3 hi\u1ec7u su\u1ea5t c\u01a1 h\u1ecdc t\u1ed1t.<\/p>   <div class=\"wp-block-image\"> <figure class=\"aligncenter size-full\"><img loading=\"lazy\" decoding=\"async\" width=\"720\" height=\"450\" src=\"https:\/\/taizyagromachine.com\/wp-content\/uploads\/2022\/02\/air-cleaner.jpg\" alt=\"m\u00e1y th\u1ed5i\" class=\"wp-image-1907\"\/><figcaption>m\u00e1y th\u1ed5i<\/figcaption><\/figure> <\/div>   <h3 class=\"wp-block-heading\" id=\"outlet\">Ch\u1ed7 tho\u00e1t<\/h3>    <p class=\"translation-block\">T\u1eeb c\u1eeda x\u1ea3, ch\u00fang ta c\u00f3 th\u1ec3 quan s\u00e1t xem c\u00f3 v\u1ea5n \u0111\u1ec1 g\u00ec v\u1ec1 ch\u1ea5t l\u01b0\u1ee3ng g\u1ea1o hay kh\u00f4ng, v\u00e0 vi\u1ec7c t\u00e1ch <a href=\"https:\/\/en.wikipedia.org\/wiki\/Bran\" target=\"_blank\" rel=\"noreferrer noopener\">c\u00e1m<\/a> g\u1ea1o r\u1ea5t r\u00f5 r\u00e0ng.<\/p>    <h2 class=\"wp-block-heading\" id=\"functions-in-complete-rice-mill-plant\"><strong>Ch\u1ee9c n\u0103ng trong Nh\u00e0 m\u00e1y xay l\u00faa ho\u00e0n ch\u1ec9nh<\/strong><strong><\/strong><\/h2>    <p>M\u00e1y xay x\u00e1t g\u1ea1o con l\u0103n c\u00f3 vai tr\u00f2 r\u1ea5t quan tr\u1ecdng trong b\u1ed9 m\u00e1y xay x\u00e1t g\u1ea1o t\u00edch h\u1ee3p. Nh\u01b0 m\u1ecdi ng\u01b0\u1eddi \u0111\u00e3 bi\u1ebft, m\u00e1y xay x\u00e1t g\u1ea1o l\u00e0 m\u1ed9t b\u01b0\u1edbc thi\u1ebft y\u1ebfu trong quy tr\u00ecnh. N\u00f3 c\u00f3 ch\u1ee9c n\u0103ng ch\u1ee7 y\u1ebfu l\u00e0 xay g\u1ea1o l\u1ee9t th\u00e0nh g\u1ea1o tr\u1eafng. V\u00e0 c\u00f4ng su\u1ea5t thay \u0111\u1ed5i t\u00f9y theo d\u00e2y chuy\u1ec1n s\u1ea3n xu\u1ea5t m\u00e1y xay l\u00faa kh\u00e1c nhau. V\u00ec v\u1eady, gi\u00e1 m\u00e1y xay l\u00faa c\u0169ng kh\u00e1c nhau. N\u1ebfu b\u1ea1n ch\u01b0a bi\u1ebft g\u00ec v\u1ec1 m\u00e1y xay x\u00e1t g\u1ea1o h\u00e3y li\u00ean h\u1ec7 v\u1edbi ch\u00fang t\u00f4i \u0111\u1ec3 \u0111\u01b0\u1ee3c h\u1ed7 tr\u1ee3 nh\u00e9!<\/p>   <div class=\"wp-block-image\"> <figure class=\"aligncenter size-full\"><img loading=\"lazy\" decoding=\"async\" width=\"720\" height=\"540\" src=\"https:\/\/taizyagromachine.com\/wp-content\/uploads\/2022\/02\/functions-in-the-complete-ric-emill-plant.jpg\" alt=\"ch\u1ee9c n\u0103ng trong nh\u00e0 m\u00e1y xay l\u00faa ho\u00e0n ch\u1ec9nh\" class=\"wp-image-1893\"\/><figcaption>ch\u1ee9c n\u0103ng trong nh\u00e0 m\u00e1y xay l\u00faa ho\u00e0n ch\u1ec9nh<\/figcaption><\/figure> <\/div>","protected":false},"excerpt":{"rendered":"<p>Emery roller rice mill machine&nbsp;is the ideal equipment for processing brown rice into white rice. Generally, this emery roller rice milling equipment is called as MNMS series. This rice milling machine has wide applications in the rice milling plant and rice mill production line. Besides, it has the advantages of simple structure, easy operation, and [&hellip;]<\/p>\n","protected":false},"author":1,"featured_media":1903,"parent":0,"template":"","tags":[],"product-type":[18],"class_list":["post-1601","product","type-product","status-publish","has-post-thumbnail","hentry","product-type-rice-mill"],"_links":{"self":[{"href":"https:\/\/taizyagromachine.com\/vi\/wp-json\/wp\/v2\/product\/1601","targetHints":{"allow":["GET"]}}],"collection":[{"href":"https:\/\/taizyagromachine.com\/vi\/wp-json\/wp\/v2\/product"}],"about":[{"href":"https:\/\/taizyagromachine.com\/vi\/wp-json\/wp\/v2\/types\/product"}],"author":[{"embeddable":true,"href":"https:\/\/taizyagromachine.com\/vi\/wp-json\/wp\/v2\/users\/1"}],"wp:featuredmedia":[{"embeddable":true,"href":"https:\/\/taizyagromachine.com\/vi\/wp-json\/wp\/v2\/media\/1903"}],"wp:attachment":[{"href":"https:\/\/taizyagromachine.com\/vi\/wp-json\/wp\/v2\/media?parent=1601"}],"wp:term":[{"taxonomy":"post_tag","embeddable":true,"href":"https:\/\/taizyagromachine.com\/vi\/wp-json\/wp\/v2\/tags?post=1601"},{"taxonomy":"product-type","embeddable":true,"href":"https:\/\/taizyagromachine.com\/vi\/wp-json\/wp\/v2\/product-type?post=1601"}],"curies":[{"name":"wp","href":"https:\/\/api.w.org\/{rel}","templated":true}]}}