{"id":1622,"date":"2021-12-18T01:14:22","date_gmt":"2021-12-18T01:14:22","guid":{"rendered":"https:\/\/taizyagromachine.com\/?p=1622"},"modified":"2025-01-02T13:52:32","modified_gmt":"2025-01-02T05:52:32","slug":"gravity-paddy-separator","status":"publish","type":"product","link":"https:\/\/taizyagromachine.com\/vi\/product\/gravity-paddy-separator\/","title":{"rendered":"M\u00e1y t\u00e1ch th\u00f3c tr\u1ecdng l\u1ef1c"},"content":{"rendered":"<p class=\"translation-block\"><strong>M\u00e1y t\u00e1ch h\u1ea1t l\u00faa theo tr\u1ecdng l\u1ef1c<\/strong> d\u00f9ng \u0111\u1ec3 t\u00e1ch g\u1ea1o l\u1ee9t ra kh\u1ecfi h\u1ea1t l\u00faa theo tr\u1ecdng l\u1ef1c. Th\u00f4ng th\u01b0\u1eddng, ch\u00fang t\u00f4i g\u1ecdi n\u00f3 l\u00e0 d\u00f2ng MGCZ. Trong nh\u00e0 m\u00e1y ch\u1ebf bi\u1ebfn l\u00faa g\u1ea1o, n\u00f3 kh\u00f4ng ch\u1ec9 c\u1ea3i thi\u1ec7n \u0111\u00e1ng k\u1ec3 s\u1ea3n l\u01b0\u1ee3ng g\u1ea1o nguy\u00ean h\u1ea1t m\u00e0 c\u00f2n th\u00fac \u0111\u1ea9y l\u1ee3i \u00edch kinh t\u1ebf to l\u1edbn. C\u00f3 nhi\u1ec1u m\u1eabu m\u00e1y t\u00e1ch h\u1ea1t l\u00faa theo tr\u1ecdng l\u1ef1c kh\u00e1c nhau \u0111\u1ec3 b\u00e1n. \u0110\u1ed1i v\u1edbi nh\u00e0 m\u00e1y xay x\u00e1t l\u00faa g\u1ea1o c\u00f4ng su\u1ea5t l\u1edbn, m\u00e1y t\u00e1ch tr\u1ecdng l\u1ef1c n\u00e0y \u0111\u01b0\u1ee3c \u0111\u1eb7t ri\u00eang l\u1ebb. So v\u1edbi nh\u00e0 m\u00e1y xay x\u00e1t l\u00faa g\u1ea1o l\u1edbn, \u0111\u1ed1i v\u1edbi c\u1ea5u h\u00ecnh ti\u00eau chu\u1ea9n v\u00e0 c\u00f4ng su\u1ea5t nh\u1ecf, m\u00e1y t\u00e1ch tr\u1ecdng l\u1ef1c lu\u00f4n n\u1eb1m \u1edf ph\u00eda tr\u00ean c\u1ee7a m\u00e1y xay x\u00e1t l\u00faa g\u1ea1o. Li\u00ean h\u1ec7 v\u1edbi ch\u00fang t\u00f4i \u0111\u1ec3 bi\u1ebft th\u00eam chi ti\u1ebft!<\/p>    <h2 class=\"wp-block-heading\" id=\"gravity-separator-design\"><strong>Thi\u1ebft k\u1ebf t\u00e1ch tr\u1ecdng l\u1ef1c<\/strong><\/h2>    <p>M\u00e1y t\u00e1ch th\u00f3c tr\u1ecdng l\u1ef1c n\u00e0y c\u00f3 thi\u1ebft k\u1ebf \u0111\u1ed9c \u0111\u00e1o v\u00e0 \u0111\u01a1n gi\u1ea3n. \u0110\u1ed9ng c\u01a1 b\u1eb1ng \u0111\u1ed3ng cung c\u1ea5p n\u0103ng l\u01b0\u1ee3ng \u0111\u1ec3 h\u1ed7 tr\u1ee3 cho chi\u1ebfc m\u00e1y n\u00e0y ho\u1ea1t \u0111\u1ed9ng, \u0111\u1ed3ng th\u1eddi s\u00e0ng x\u00e1c \u0111\u1ecbnh t\u00e1ch th\u00f3c v\u00e0 g\u1ea1o l\u1ee9t. Ch\u00fang b\u1ed5 sung cho nhau v\u00e0 kh\u00f4ng th\u1ec3 thi\u1ebfu \u0111\u01b0\u1ee3c.<\/p>    <figure class=\"wp-block-gallery has-nested-images columns-default is-cropped wp-block-gallery-2 is-layout-flex wp-block-gallery-is-layout-flex\"> <figure class=\"wp-block-image size-large\"><img loading=\"lazy\" decoding=\"async\" width=\"720\" height=\"540\" data-id=\"1897\" src=\"https:\/\/taizyagromachine.com\/wp-content\/uploads\/2022\/02\/copper-motor-gravity-separator.jpg\" alt=\"\u0111\u1ed9ng c\u01a1 \u0111\u1ed3ng\" class=\"wp-image-1897\"\/><figcaption>\u0111\u1ed9ng c\u01a1 \u0111\u1ed3ng<\/figcaption><\/figure>    <figure class=\"wp-block-image size-large\"><img loading=\"lazy\" decoding=\"async\" width=\"720\" height=\"540\" data-id=\"1898\" src=\"https:\/\/taizyagromachine.com\/wp-content\/uploads\/2022\/02\/sieve-plate.jpg\" alt=\"t\u1ea5m s\u00e0ng\" class=\"wp-image-1898\"\/><figcaption>t\u1ea5m s\u00e0ng<\/figcaption><\/figure> <\/figure>    <h2 class=\"wp-block-heading\" id=\"features\"><strong>\u0110\u1eb7c tr\u01b0ng<\/strong><strong><\/strong><\/h2>    <ul class=\"wp-block-list\" type=\"1\"><li>V\u1eadn h\u00e0nh d\u1ec5 d\u00e0ng, k\u1ebft c\u1ea5u nh\u1ecf g\u1ecdn v\u00e0 hi\u1ec7u su\u1ea5t \u1ed5n \u0111\u1ecbnh.<\/li><li>\u1ee8ng d\u1ee5ng r\u1ed9ng r\u00e3i. B\u1edfi chi\u1ebfc m\u00e1y n\u00e0y c\u00f3 th\u1ec3 \u00e1p d\u1ee5ng cho c\u1ea3 g\u1ea1o l\u1ee9t h\u1ea1t d\u00e0i v\u00e0 h\u1ea1t tr\u00f2n.<\/li><li>Thi\u1ebft k\u1ebf c\u00e2n b\u1eb1ng \u0111\u1ed9c \u0111\u00e1o t\u1ea1o n\u00ean hi\u1ec7u su\u1ea5t c\u01a1 ch\u1ebf tuy\u1ec7t v\u1eddi.<\/li><li>Barycenter c\u01a1 h\u1ecdc th\u1ea5p, kh\u1ea3 n\u0103ng quay h\u1ee3p l\u00fd, t\u00ednh ch\u1ea5t x\u1eed l\u00fd \u1ed5n \u0111\u1ecbnh.<\/li><li>Nhi\u1ec1u m\u1eabu m\u00e3 kh\u00e1c nhau \u0111\u00e1p \u1ee9ng c\u00e1c y\u00eau c\u1ea7u kh\u00e1c nhau c\u1ee7a kh\u00e1ch h\u00e0ng.<\/li><\/ul>    <h2 class=\"wp-block-heading\" id=\"gravity-separator-working-principle\"><strong>Nguy\u00ean l\u00fd l\u00e0m vi\u1ec7c c\u1ee7a m\u00e1y t\u00e1ch tr\u1ecdng l\u1ef1c<\/strong><strong><\/strong><\/h2>    <p class=\"translation-block\">Trong d\u00e2y chuy\u1ec1n m\u00e1y xay x\u00e1t l\u00faa g\u1ea1o t\u1ef1 \u0111\u1ed9ng t\u00edch h\u1ee3p, m\u00e1y t\u00e1ch h\u1ea1t l\u00faa theo tr\u1ecdng l\u1ef1c l\u00e0 r\u1ea5t c\u1ea7n thi\u1ebft. Do s\u1ef1 kh\u00e1c bi\u1ec7t v\u1ec1 <a href=\"https:\/\/en.wikipedia.org\/wiki\/Gravity\" target=\"_blank\" rel=\"noreferrer noopener\">tr\u1ecdng l\u1ef1c<\/a> v\u00e0 h\u1ec7 s\u1ed1 ma s\u00e1t, h\u1ea1t l\u00faa v\u00e0 g\u1ea1o l\u1ee9t s\u1ebd t\u00e1ch ra c\u00f9ng v\u1edbi chuy\u1ec3n \u0111\u1ed9ng qua l\u1ea1i c\u1ee7a s\u00e0ng<\/p>    <h2 class=\"wp-block-heading\" id=\"conclusion\"><strong>Ph\u1ea7n k\u1ebft lu\u1eadn<\/strong><strong><\/strong><\/h2>    <p class=\"translation-block\">T\u1ea1i C\u00f4ng ty Taizy, m\u00e1y t\u00e1ch h\u1ea1t l\u00faa theo tr\u1ecdng l\u1ef1c lu\u00f4n \u0111\u01b0\u1ee3c k\u1ebft h\u1ee3p v\u1edbi <a href=\"https:\/\/taizyagromachine.com\/vi\/product\/solutions\/\" target=\"_blank\" rel=\"noreferrer noopener\">d\u00e2y chuy\u1ec1n s\u1ea3n xu\u1ea5t m\u00e1y xay x\u00e1t l\u00faa g\u1ea1o<\/a>. C\u00e1c d\u00e2y chuy\u1ec1n xay x\u00e1t l\u00faa g\u1ea1o ho\u00e0n ch\u1ec9nh kh\u00e1c nhau n\u00ean \u0111\u01b0\u1ee3c k\u1ebft h\u1ee3p v\u1edbi m\u00e1y t\u00e1ch h\u1ea1t theo tr\u1ecdng l\u1ef1c t\u01b0\u01a1ng \u1ee9ng. Do \u0111\u00f3, gi\u00e1 m\u00e1y t\u00e1ch h\u1ea1t theo tr\u1ecdng l\u1ef1c thay \u0111\u1ed5i theo c\u00f4ng su\u1ea5t kh\u00e1c nhau c\u1ee7a nh\u00e0 m\u00e1y xay x\u00e1t l\u00faa g\u1ea1o. B\u00ean c\u1ea1nh \u0111\u00f3, gi\u1ed1ng nh\u01b0 m\u00e1y ph\u00e2n lo\u1ea1i g\u1ea1o, <a href=\"https:\/\/taizyagromachine.com\/vi\/product\/vibration-cleaner\/\" target=\"_blank\" rel=\"noreferrer noopener\">m\u00e1y l\u00e0m s\u1ea1ch rung<\/a>, v.v. L\u00e0m th\u1ebf n\u00e0o \u0111\u1ec3 k\u1ebft h\u1ee3p m\u1ed9t d\u00e2y chuy\u1ec1n m\u00e1y xay x\u00e1t l\u00faa g\u1ea1o ph\u00f9 h\u1ee3p cho doanh nghi\u1ec7p c\u1ee7a b\u1ea1n? B\u1ea1n c\u00f3 th\u1ec3 cho ch\u00fang t\u00f4i bi\u1ebft nhu c\u1ea7u chi ti\u1ebft c\u1ee7a b\u1ea1n, sau \u0111\u00f3 ng\u01b0\u1eddi qu\u1ea3n l\u00fd b\u00e1n h\u00e0ng chuy\u00ean nghi\u1ec7p c\u1ee7a ch\u00fang t\u00f4i s\u1ebd cung c\u1ea5p c\u00e1c gi\u1ea3i ph\u00e1p ph\u00f9 h\u1ee3p \u0111\u1ec3 l\u00e0m h\u00e0i l\u00f2ng b\u1ea1n.<\/p>   <div class=\"wp-block-image\"> <figure class=\"aligncenter size-full\"><img loading=\"lazy\" decoding=\"async\" width=\"720\" height=\"540\" src=\"https:\/\/taizyagromachine.com\/wp-content\/uploads\/2022\/02\/functions-in-the-complete-ric-emill-plant.jpg\" alt=\"ch\u1ee9c n\u0103ng trong nh\u00e0 m\u00e1y xay l\u00faa ho\u00e0n ch\u1ec9nh\" class=\"wp-image-1893\"\/><figcaption>ch\u1ee9c n\u0103ng trong nh\u00e0 m\u00e1y xay l\u00faa ho\u00e0n ch\u1ec9nh<\/figcaption><\/figure> <\/div>","protected":false},"excerpt":{"rendered":"<p>Gravity paddy separator&nbsp;is to divide brown rice from the paddy rice according to gravity.&nbsp;Generally, we call it MGCZ series. In the rice processing plant, it not only improves whole rice output greatly, also promotes economic benefit enormously. There are various models of gravity paddy rice separator for sale. For the large capacity rice mill plant, [&hellip;]<\/p>\n","protected":false},"author":1,"featured_media":1896,"parent":0,"template":"","tags":[],"product-type":[18],"class_list":["post-1622","product","type-product","status-publish","has-post-thumbnail","hentry","product-type-rice-mill"],"_links":{"self":[{"href":"https:\/\/taizyagromachine.com\/vi\/wp-json\/wp\/v2\/product\/1622","targetHints":{"allow":["GET"]}}],"collection":[{"href":"https:\/\/taizyagromachine.com\/vi\/wp-json\/wp\/v2\/product"}],"about":[{"href":"https:\/\/taizyagromachine.com\/vi\/wp-json\/wp\/v2\/types\/product"}],"author":[{"embeddable":true,"href":"https:\/\/taizyagromachine.com\/vi\/wp-json\/wp\/v2\/users\/1"}],"wp:featuredmedia":[{"embeddable":true,"href":"https:\/\/taizyagromachine.com\/vi\/wp-json\/wp\/v2\/media\/1896"}],"wp:attachment":[{"href":"https:\/\/taizyagromachine.com\/vi\/wp-json\/wp\/v2\/media?parent=1622"}],"wp:term":[{"taxonomy":"post_tag","embeddable":true,"href":"https:\/\/taizyagromachine.com\/vi\/wp-json\/wp\/v2\/tags?post=1622"},{"taxonomy":"product-type","embeddable":true,"href":"https:\/\/taizyagromachine.com\/vi\/wp-json\/wp\/v2\/product-type?post=1622"}],"curies":[{"name":"wp","href":"https:\/\/api.w.org\/{rel}","templated":true}]}}