{"id":1646,"date":"2022-01-20T08:04:29","date_gmt":"2022-01-20T08:04:29","guid":{"rendered":"https:\/\/taizyagromachine.com\/"},"modified":"2025-01-02T13:54:01","modified_gmt":"2025-01-02T05:54:01","slug":"paddy-wheat-thresher-for-sorghum-rice-beans-rapeseed","status":"publish","type":"product","link":"https:\/\/taizyagromachine.com\/vi\/product\/paddy-wheat-thresher-for-sorghum-rice-beans-rapeseed\/","title":{"rendered":"M\u00e1y tu\u1ed1t l\u00faa m\u00ec cho l\u00faa mi\u1ebfn, g\u1ea1o, \u0111\u1eadu, h\u1ea1t c\u1ea3i d\u1ea7u"},"content":{"rendered":"<p class=\"translation-block\"><strong>M\u00e1y \u0111\u1eadp l\u00faa m\u00ec<\/strong> ch\u1ee7 y\u1ebfu d\u00f9ng \u0111\u1ec3 \u0111\u1eadp l\u00faa v\u00e0 l\u00faa m\u00ec. Ngo\u00e0i ra, m\u00e1y c\u00f2n ph\u00f9 h\u1ee3p v\u1edbi <a href=\"https:\/\/en.wikipedia.org\/wiki\/Sorghum\" target=\"_blank\" rel=\"noreferrer noopener\">l\u00faa mi\u1ebfn<\/a> v\u00e0 \u0111\u1eadu. M\u1ed9t \u0111i\u1ec1u c\u1ea7n l\u01b0u \u00fd n\u1eefa l\u00e0 ch\u00fang ta n\u00ean t\u00f9y ch\u1ec9nh m\u00e1y \u0111\u1ec3 t\u00e1ch v\u1ecf \u0111\u1eadu. \u0110i\u1ec1u n\u00e0y l\u00e0 do t\u1ed1c \u0111\u1ed9 tr\u1ee5c quay kh\u00e1c nhau. H\u01a1n n\u1eefa, m\u00e1y \u0111\u1eadp l\u00faa n\u00e0y thu\u1ed9c d\u00f2ng 5TD. M\u1eabu gi\u1edbi thi\u1ec7u h\u00f4m nay l\u00e0 5TD-125. Lo\u1ea1i m\u00e1y \u0111\u1eadp l\u00faa m\u00ec n\u00e0y s\u1eed d\u1ee5ng h\u1ec7 th\u1ed1ng l\u00e0m s\u1ea1ch b\u1eb1ng hai lu\u1ed3ng gi\u00f3 \u0111\u1ec3 lo\u1ea1i b\u1ecf t\u1ea1p ch\u1ea5t. Do c\u00f3 c\u00f4ng su\u1ea5t l\u1edbn h\u01a1n, ch\u00fang ta c\u00f3 th\u1ec3 trang b\u1ecb \u0111\u1ed9ng c\u01a1 \u0111i\u1ec7n ho\u1eb7c \u0111\u1ed9ng c\u01a1 diesel l\u00e0m h\u1ec7 th\u1ed1ng n\u0103ng l\u01b0\u1ee3ng. Li\u00ean h\u1ec7 v\u1edbi ch\u00fang t\u00f4i \u0111\u1ec3 bi\u1ebft th\u00eam th\u00f4ng tin! Ch\u00fang t\u00f4i s\u1ebd tr\u1ea3 l\u1eddi r\u1ea5t s\u1edbm!<\/p>    <h2 class=\"wp-block-heading\" id=\"h-characteristics-of-paddy-wheat-thresher\"><strong>\u0110\u1eb7c \u0111i\u1ec3m c\u1ee7a m\u00e1y tu\u1ed1t l\u00faa m\u00ec<\/strong><\/h2>    <ul class=\"wp-block-list\" type=\"1\"><li>C\u1ea5u tr\u00fac h\u1ee3p l\u00fd, t\u1ef7 l\u1ec7 \u0111\u1eadp cao, t\u1ef7 l\u1ec7 hao h\u1ee5t th\u1ea5p.<\/li><li>M\u00e1y l\u1ecdc kh\u00f4ng kh\u00ed \u0111\u00f4i. T\u1ed1t h\u01a1n n\u00ean lo\u1ea1i b\u1ecf c\u00e1c t\u1ea1p ch\u1ea5t \u0111\u1ec3 l\u00e0m cho th\u00f3c v\u00e0 l\u00faa m\u00ec s\u1ea1ch h\u01a1n.<\/li><li>C\u1ea5u h\u00ecnh d\u1ef1a tr\u00ean nhu c\u1ea7u c\u1ee7a kh\u00e1ch h\u00e0ng. B\u1eb0NG <a href=\"https:\/\/taizyagromachine.com\/vi\/\" target=\"_blank\" rel=\"noreferrer noopener\">m\u1ed9t c\u00f4ng ty gi\u00e0u kinh nghi\u1ec7m v\u00e0 chuy\u00ean nghi\u1ec7p<\/a>, m\u00e1y tu\u1ed1t l\u00faa m\u00ec c\u1ee7a ch\u00fang t\u00f4i c\u00f3 th\u1ec3 s\u1eafp x\u1ebfp c\u00e1c b\u00e1nh xe, khung, PTO, v.v. T\u1ea5t nhi\u00ean, gi\u00e1 m\u00e1y tu\u1ed1t l\u00faa s\u1ebd kh\u00e1c nhau.<\/li><li>T\u00f9y ch\u1ec9nh m\u00e1y tu\u1ed1t l\u00faa n\u1ebfu c\u00e2y tr\u1ed3ng l\u00e0 \u0111\u1eadu. Do t\u1ed1c \u0111\u1ed9 kh\u00e1c nhau n\u00ean m\u00e1y tu\u1ed1t l\u00faa c\u00f3 th\u1ec3 \u0111\u01b0\u1ee3c t\u00f9y ch\u1ec9nh.<\/li><li>Thay \u0111\u1ed5i s\u00e0ng sang v\u1ecf l\u00faa m\u00ec, g\u1ea1o t\u01b0\u01a1ng \u1ee9ng.<\/li><\/ul>    <h2 class=\"wp-block-heading\" id=\"h-paddy-wheat-thresher-structure\"><strong>C\u1ea5u tr\u00fac m\u00e1y \u0111\u1eadp l\u00faa m\u00ec<\/strong><strong><\/strong><\/h2>    <p>So v\u1edbi m\u00e1y tu\u1ed1t l\u00faa c\u1ee1 nh\u1ecf th\u00ec lo\u1ea1i n\u00e0y c\u00f3 c\u00f4ng su\u1ea5t l\u1edbn h\u01a1n. N\u00f3 bao g\u1ed3m \u0111\u1ea7u v\u00e0o th\u1ee9c \u0103n, \u0111\u1ea7u ra t\u1ea1p ch\u1ea5t, l\u01b0\u1edbi m\u00e0n h\u00ecnh, qu\u1ea1t, gi\u00e1 \u0111\u1ee1. N\u00f3i chung, n\u00f3 d\u1ec5 hi\u1ec3u v\u00e0 d\u1ec5 v\u1eadn h\u00e0nh.<\/p>    <figure class=\"wp-block-gallery aligncenter has-nested-images columns-default is-cropped wp-block-gallery-2 is-layout-flex wp-block-gallery-is-layout-flex\"> <figure class=\"wp-block-image size-large\"><img loading=\"lazy\" decoding=\"async\" width=\"720\" height=\"540\" data-id=\"1648\" src=\"https:\/\/taizyagromachine.com\/wp-content\/uploads\/2022\/01\/structure-125.jpg\" alt=\"c\u1ea5u t\u1ea1o c\u1ee7a m\u00e1y tu\u1ed1t l\u00faa m\u00ec\" class=\"wp-image-1648\"\/><figcaption>k\u1ebft c\u1ea5u<\/figcaption><\/figure>    <figure class=\"wp-block-image size-large\"><img loading=\"lazy\" decoding=\"async\" width=\"720\" height=\"540\" data-id=\"1649\" src=\"https:\/\/taizyagromachine.com\/wp-content\/uploads\/2022\/01\/structure-side-125.jpg\" alt=\"c\u1ea5u tr\u00fac v\u1edbi PTO\" class=\"wp-image-1649\"\/><figcaption>c\u1ea5u tr\u00fac v\u1edbi PTO<\/figcaption><\/figure> <\/figure>    <h2 class=\"wp-block-heading\" id=\"h-applications-of-rice-thresher\"><strong>\u1ee8ng d\u1ee5ng c\u1ee7a m\u00e1y tu\u1ed1t l\u00faa<\/strong><\/h2>    <p>N\u00f3i chung, m\u00e1y tu\u1ed1t l\u00faa th\u00edch h\u1ee3p cho l\u00faa, l\u00faa m\u00ec, l\u00faa mi\u1ebfn, \u0111\u1eadu, h\u1ea1t c\u1ea3i d\u1ea7u, v.v. Ngo\u1ea1i tr\u1eeb \u0111\u1eadu, c\u00e1c lo\u1ea1i kh\u00e1c ch\u1ec9 thay s\u00e0ng r\u1ed3i m\u1edbi \u0111\u1eadp l\u00faa.<\/p>    <figure class=\"wp-block-gallery aligncenter has-nested-images columns-default is-cropped wp-block-gallery-3 is-layout-flex wp-block-gallery-is-layout-flex\"> <figure class=\"wp-block-image size-large\"><img loading=\"lazy\" decoding=\"async\" width=\"720\" height=\"300\" data-id=\"1650\" src=\"https:\/\/taizyagromachine.com\/wp-content\/uploads\/2022\/01\/applications-125.jpg\" alt=\"\u00e1p d\u1ee5ng l\u00faa m\u00ec, g\u1ea1o\" class=\"wp-image-1650\"\/><figcaption>\u00e1p d\u1ee5ng l\u00faa m\u00ec, g\u1ea1o<\/figcaption><\/figure> <\/figure>    <figure class=\"wp-block-gallery aligncenter has-nested-images columns-default is-cropped wp-block-gallery-4 is-layout-flex wp-block-gallery-is-layout-flex\"> <figure class=\"wp-block-image size-large\"><img loading=\"lazy\" decoding=\"async\" width=\"720\" height=\"300\" data-id=\"1651\" src=\"https:\/\/taizyagromachine.com\/wp-content\/uploads\/2022\/01\/applications-beans-125.jpg\" alt=\"\u0111\u1eadu \u00e1p d\u1ee5ng\" class=\"wp-image-1651\"\/><figcaption>\u0111\u1eadu \u00e1p d\u1ee5ng<\/figcaption><\/figure>    <figure class=\"wp-block-image size-large\"><img loading=\"lazy\" decoding=\"async\" width=\"720\" height=\"300\" data-id=\"1653\" src=\"https:\/\/taizyagromachine.com\/wp-content\/uploads\/2022\/01\/applications-rapeseed-125-1.jpg\" alt=\"h\u1ea1t c\u1ea3i d\u1ea7u \u00e1p d\u1ee5ng\" class=\"wp-image-1653\"\/><figcaption>h\u1ea1t c\u1ea3i d\u1ea7u \u00e1p d\u1ee5ng<\/figcaption><\/figure> <\/figure>    <h2 class=\"wp-block-heading\" id=\"h-successful-case-5td-125-paddy-thresher-exported-to-zimbabwe\"><strong>Tr\u01b0\u1eddng h\u1ee3p th\u00e0nh c\u00f4ng: M\u00e1y tu\u1ed1t l\u00faa 5TD-125 \u0111\u01b0\u1ee3c xu\u1ea5t kh\u1ea9u sang Zimbabwe<\/strong><strong><\/strong><\/h2>    <p>M\u1ed9t kh\u00e1ch h\u00e0ng \u0111\u1ebfn t\u1eeb Zimbabwe \u0111\u00e3 h\u1ecfi v\u1ec1 m\u00e1y tu\u1ed1t l\u00faa m\u00ec cho trang tr\u1ea1i l\u00faa m\u00ec c\u1ee7a m\u00ecnh. \u00d4ng y\u00eau c\u1ea7u c\u00f4ng su\u1ea5t l\u1edbn 1200kg\/gi\u1edd t\u00f9y theo quy m\u00f4 trang tr\u1ea1i c\u1ee7a m\u00ecnh. V\u00ec v\u1eady, gi\u00e1m \u0111\u1ed1c b\u00e1n h\u00e0ng Lena c\u1ee7a ch\u00fang t\u00f4i \u0111\u00e3 gi\u1edbi thi\u1ec7u 5TD-125 cho anh \u1ea5y. M\u00e1y tu\u1ed1t l\u00faa m\u00ec n\u00e0y c\u00f3 th\u1ec3 \u0111\u01b0\u1ee3c trang b\u1ecb b\u00e1nh xe l\u1edbn, gi\u00e1 \u0111\u1ee1, c\u0169ng nh\u01b0 PTO \u0111\u1ec3 k\u1ebft n\u1ed1i v\u1edbi m\u00e1y k\u00e9o. Kh\u00e1ch h\u00e0ng c\u1ee7a Zimbabwe c\u0169ng \u0111\u01b0\u1ee3c so s\u00e1nh v\u1edbi c\u00e1c c\u00f4ng ty kh\u00e1c. Cu\u1ed1i c\u00f9ng, anh \u1ea5y \u0111\u00e3 \u0111\u1eb7t h\u00e0ng t\u1eeb ch\u00fang t\u00f4i, C\u00f4ng ty M\u00e1y n\u00f4ng nghi\u1ec7p Taizy. V\u00e0 anh \u1ea5y \u0111\u00e3 g\u1eedi l\u1ea1i \u1ea3nh ph\u1ea3n h\u1ed3i, li\u1ec7t k\u00ea nh\u01b0 b\u00ean d\u01b0\u1edbi.<\/p>    <figure class=\"wp-block-gallery aligncenter has-nested-images columns-default is-cropped wp-block-gallery-5 is-layout-flex wp-block-gallery-is-layout-flex\"> <figure class=\"wp-block-image size-large\"><img loading=\"lazy\" decoding=\"async\" width=\"720\" height=\"300\" data-id=\"1654\" src=\"https:\/\/taizyagromachine.com\/wp-content\/uploads\/2022\/01\/check-scene.jpg\" alt=\"c\u1ea3nh ki\u1ec3m tra\" class=\"wp-image-1654\"\/><figcaption>ki\u1ec3m tra hi\u1ec7n tr\u01b0\u1eddng<\/figcaption><\/figure>    <figure class=\"wp-block-image size-large\"><img loading=\"lazy\" decoding=\"async\" width=\"720\" height=\"300\" data-id=\"1655\" src=\"https:\/\/taizyagromachine.com\/wp-content\/uploads\/2022\/01\/working-scene.jpg\" alt=\"c\u1ea3nh l\u00e0m vi\u1ec7c\" class=\"wp-image-1655\"\/><figcaption>c\u1ea3nh l\u00e0m vi\u1ec7c<\/figcaption><\/figure> <\/figure>    <figure class=\"wp-block-gallery aligncenter has-nested-images columns-default is-cropped wp-block-gallery-6 is-layout-flex wp-block-gallery-is-layout-flex\"> <figure class=\"wp-block-image size-large\"><img loading=\"lazy\" decoding=\"async\" width=\"720\" height=\"300\" data-id=\"1656\" src=\"https:\/\/taizyagromachine.com\/wp-content\/uploads\/2022\/01\/threshing-effect.jpg\" alt=\"hi\u1ec7u \u1ee9ng \u0111\u1eadp l\u00faa\" class=\"wp-image-1656\"\/><figcaption>hi\u1ec7u \u1ee9ng \u0111\u1eadp<\/figcaption><\/figure> <\/figure>","protected":false},"excerpt":{"rendered":"<p>Paddy wheat thresher\u00a0is mainly to thresh the paddy rice and wheat. Also, it\u2019s suitable for sorghum and beans. One more thing needing attention is that we should customize the machine of shelling beans. That\u2019s because of the different spindle speeds. What\u2019s more, this rice thresher belongs to the 5TD series. The model introduced today is [&hellip;]<\/p>\n","protected":false},"author":1,"featured_media":2144,"parent":0,"template":"","tags":[],"product-type":[20],"class_list":["post-1646","product","type-product","status-publish","has-post-thumbnail","hentry","product-type-rice-and-wheat-machine"],"_links":{"self":[{"href":"https:\/\/taizyagromachine.com\/vi\/wp-json\/wp\/v2\/product\/1646","targetHints":{"allow":["GET"]}}],"collection":[{"href":"https:\/\/taizyagromachine.com\/vi\/wp-json\/wp\/v2\/product"}],"about":[{"href":"https:\/\/taizyagromachine.com\/vi\/wp-json\/wp\/v2\/types\/product"}],"author":[{"embeddable":true,"href":"https:\/\/taizyagromachine.com\/vi\/wp-json\/wp\/v2\/users\/1"}],"wp:featuredmedia":[{"embeddable":true,"href":"https:\/\/taizyagromachine.com\/vi\/wp-json\/wp\/v2\/media\/2144"}],"wp:attachment":[{"href":"https:\/\/taizyagromachine.com\/vi\/wp-json\/wp\/v2\/media?parent=1646"}],"wp:term":[{"taxonomy":"post_tag","embeddable":true,"href":"https:\/\/taizyagromachine.com\/vi\/wp-json\/wp\/v2\/tags?post=1646"},{"taxonomy":"product-type","embeddable":true,"href":"https:\/\/taizyagromachine.com\/vi\/wp-json\/wp\/v2\/product-type?post=1646"}],"curies":[{"name":"wp","href":"https:\/\/api.w.org\/{rel}","templated":true}]}}