{"id":1671,"date":"2022-01-21T08:59:57","date_gmt":"2022-01-21T08:59:57","guid":{"rendered":"https:\/\/taizyagromachine.com\/"},"modified":"2025-01-02T13:52:52","modified_gmt":"2025-01-02T05:52:52","slug":"groundnut-sheller","status":"publish","type":"product","link":"https:\/\/taizyagromachine.com\/vi\/product\/groundnut-sheller\/","title":{"rendered":"M\u00e1y xay l\u1ea1c"},"content":{"rendered":"<p class=\"translation-block\"><strong>M\u00e1y t\u00e1ch v\u1ecf l\u1ea1c<\/strong> \u0111\u01b0\u1ee3c thi\u1ebft k\u1ebf \u0111\u1eb7c bi\u1ec7t \u0111\u1ec3 t\u00e1ch v\u1ecf v\u00e0 nh\u00e2n l\u1ea1c m\u00e0 kh\u00f4ng l\u00e0m h\u1ecfng nh\u00e2n. Lo\u1ea1i n\u00e0y thu\u1ed9c d\u00f2ng TBH, v\u00e0 m\u1eabu gi\u1edbi thi\u1ec7u h\u00f4m nay l\u00e0 TBH-800. M\u00e1y t\u00e1ch v\u1ecf l\u1ea1c n\u00e0y c\u00f3 th\u1ec3 s\u1eed d\u1ee5ng \u0111\u1ed9ng c\u01a1 \u0111i\u1ec7n, \u0111\u1ed9ng c\u01a1 x\u0103ng ho\u1eb7c \u0111\u1ed9ng c\u01a1 diesel l\u00e0m h\u1ec7 th\u1ed1ng n\u0103ng l\u01b0\u1ee3ng. Ngo\u00e0i ra, m\u00e1y t\u00e1ch h\u1ea1t l\u1ea1c \u0111\u1ec3 b\u00e1n n\u00e0y \u0111\u01b0\u1ee3c l\u1eafp \u0111\u1eb7t hai l\u01b0\u1edbi s\u00e0ng b\u00ean trong. Do \u0111\u00f3, c\u00f3 hai qu\u1ea1t gi\u00f3. H\u01a1n n\u1eefa, m\u00e1y b\u00f3c v\u1ecf l\u1ea1c n\u00e0y c\u00f3 th\u1ec3 th\u1ef1c hi\u1ec7n t\u00e1ch v\u1ecf hai l\u1ea7n. T\u1ea5t nhi\u00ean, n\u00f3 r\u1ea5t thi\u1ebft th\u1ef1c. N\u1ebfu c\u00f3 \u0111\u1ea5t tr\u1ed3ng l\u1ea1c, b\u1ea1n c\u00f3 th\u1ec3 mua m\u1ed9t m\u00e1y t\u00e1ch v\u1ecf l\u1ea1c \u0111\u1ec3 d\u00f9ng trong gia \u0111\u00ecnh. Mong nh\u1eadn \u0111\u01b0\u1ee3c y\u00eau c\u1ea7u c\u1ee7a qu\u00fd kh\u00e1ch!<\/p>   <div class=\"wp-block-image\"> <figure class=\"aligncenter size-full\"><img loading=\"lazy\" decoding=\"async\" width=\"720\" height=\"540\" src=\"https:\/\/taizyagromachine.com\/wp-content\/uploads\/2022\/01\/peanut-sheller.jpg\" alt=\"m\u00e1y b\u00f3c v\u1ecf \u0111\u1eadu ph\u1ed9ng-m\u00e1y b\u00f3c v\u1ecf l\u1ea1c\" class=\"wp-image-1672\"\/><figcaption class=\"wp-element-caption\">m\u00e1y b\u00f3c v\u1ecf \u0111\u1eadu ph\u1ed9ng<\/figcaption><\/figure> <\/div>   <h2 class=\"wp-block-heading\" id=\"h-working-process-of-groundnut-sheller\"><strong>Quy tr\u00ecnh l\u00e0m vi\u1ec7c c\u1ee7a m\u00e1y xay l\u1ea1c<\/strong><\/h2>    <ol class=\"wp-block-list\" type=\"1\"> <li>Cho \u0111\u1eadu ph\u1ed9ng v\u00e0o tr\u1ed1ng ph\u00eda tr\u01b0\u1edbc th\u00f4ng qua ph\u1ec5u n\u1ea1p.<\/li>    <li>\u0110\u1eadu ph\u1ed9ng s\u1ebd \u0111\u01b0\u1ee3c b\u00f3c v\u1ecf b\u1eb1ng chuy\u1ec3n \u0111\u1ed9ng quay c\u1ee7a \u1ed1ng treo v\u00e0 l\u1ef1c ma s\u00e1t c\u1ee7a t\u1ea5m l\u00f5m.<\/li>    <li>H\u1ea1t v\u00e0 v\u1ecf l\u1ea1c t\u00e1ch r\u1eddi r\u01a1i xu\u1ed1ng. Qua k\u00eanh gi\u00f3, v\u1ecf l\u1ea1c b\u1ecb gi\u00f3 th\u1ed5i bay ra ngo\u00e0i, \u0111\u1ec3 tuy\u1ec3n ch\u1ecdn s\u01a1 c\u1ea5p.<\/li>    <li>Nh\u00e2n \u0111\u1eadu ph\u1ed9ng v\u00e0 \u0111\u1eadu ph\u1ed9ng ch\u01b0a b\u00f3c v\u1ecf c\u00f9ng nhau \u0111\u01b0\u1ee3c \u0111\u01b0a \u0111\u1ebfn m\u00e1y t\u00e1ch tr\u1ecdng l\u1ef1c \u0111\u1ec3 l\u1ef1a ch\u1ecdn.<\/li>    <li>H\u1ea1t \u0111\u1eadu ph\u1ed9ng \u0111\u01b0\u1ee3c ch\u1ecdn s\u1ebd ch\u1ea3y ra t\u1eeb \u1ed5 c\u1eafm h\u1ea1t \u0111\u1eadu ph\u1ed9ng. Trong khi \u0111\u1eadu ph\u1ed9ng ch\u01b0a b\u00f3c v\u1ecf s\u1ebd quay tr\u1edf l\u1ea1i b\u0103ng t\u1ea3i gi\u00f3, h\u00e3y chu\u1ea9n b\u1ecb b\u1eaft \u0111\u1ea7u b\u00f3c v\u1ecf hai l\u1ea7n.<\/li>    <li>Ti\u1ebfp t\u1ee5c b\u01b0\u1edbc 3, ng\u01b0\u1eddi b\u00f3c v\u1ecf l\u1ea1c cu\u1ed1i c\u00f9ng c\u0169ng \u0111\u00e3 b\u00f3c v\u1ecf ho\u00e0n ch\u1ec9nh.<\/li> <\/ol>    <h2 class=\"wp-block-heading\" id=\"h-advantages-of-peanut-sheller-for-sale\"><strong>\u01afu \u0111i\u1ec3m c\u1ee7a m\u00e1y b\u00f3c v\u1ecf \u0111\u1eadu ph\u1ed9ng \u0111\u1ec3 b\u00e1n<\/strong><strong><\/strong><\/h2>    <ul class=\"wp-block-list\" type=\"1\"> <li>T\u1ef1 \u0111\u1ed9ng t\u00e1ch v\u1ecf v\u00e0 s\u00e0ng l\u1ecdc l\u1ea1c. T\u1ef1 \u0111\u1ed9ng ho\u00e0n th\u00e0nh vi\u1ec7c b\u00f3c v\u1ecf \u0111\u1eadu ph\u1ed9ng v\u00e0 t\u00e1ch v\u1ecf hai l\u1ea7n. T\u00e1ch ri\u00eang nh\u1eefng h\u1ea1t l\u1ea1c x\u1ea5u. &nbsp;<\/li>    <li>C\u1ea5u tr\u00fac nh\u1ecf g\u1ecdn, v\u1eadn h\u00e0nh linh ho\u1ea1t, b\u1ea3o tr\u00ec d\u1ec5 d\u00e0ng.<\/li>    <li>Hi\u1ec7u qu\u1ea3 ph\u00e1o k\u00edch cao, hi\u1ec7u su\u1ea5t cao, ti\u1ebft ki\u1ec7m nh\u00e2n c\u00f4ng.<\/li>    <li>To\u00e0n b\u1ed9 khung m\u00e1y b\u00f3c v\u1ecf \u0111\u1eadu ph\u1ed9ng \u0111\u01b0\u1ee3c s\u1eed d\u1ee5ng th\u00e9p ch\u1ea5t l\u01b0\u1ee3ng cao, b\u1ec1n b\u1ec9.<\/li>    <li>T\u1ed1c \u0111\u1ed9 b\u1eafn ph\u00e1 c\u00f3 th\u1ec3 \u226595%, \u0111\u1ed3ng th\u1eddi, t\u1ed1c \u0111\u1ed9 ph\u00e1 v\u1ee1 l\u00e0 5%.<\/li> <\/ul>   <div class=\"wp-block-image\"> <figure class=\"aligncenter size-full\"><img loading=\"lazy\" decoding=\"async\" width=\"720\" height=\"150\" src=\"https:\/\/taizyagromachine.com\/wp-content\/uploads\/2022\/01\/features-of-peanut-husk-removing-machine.jpg\" alt=\"con l\u0103n, m\u00e0n h\u00ecnh v\u00e0 nh\u1eefng th\u1ee9 kh\u00e1c\" class=\"wp-image-1673\"\/><figcaption class=\"wp-element-caption\">con l\u0103n, m\u00e0n h\u00ecnh v\u00e0 nh\u1eefng th\u1ee9 kh\u00e1c<\/figcaption><\/figure> <\/div>   <h2 class=\"wp-block-heading\" id=\"h-groundnut-peeling-machine-design\"><strong>Thi\u1ebft k\u1ebf m\u00e1y b\u00f3c v\u1ecf l\u1ea1c<\/strong><\/h2>    <p class=\"translation-block\">L\u00e0 <a href=\"https:\/\/taizyagromachine.com\/vi\/\" target=\"_blank\" rel=\"noreferrer noopener\">nh\u00e0 s\u1ea3n xu\u1ea5t m\u00e1y t\u00e1ch v\u1ecf l\u1ea1c chuy\u00ean nghi\u1ec7p<\/a>, ch\u00fang t\u00f4i, C\u00f4ng ty Taizy, l\u00e0 \u0111\u00e1ng tin c\u1eady. M\u00e1y t\u00e1ch v\u1ecf l\u1ea1c bao g\u1ed3m ph\u1ec5u n\u1ea1p li\u1ec7u, l\u1ed1i ra nh\u00e2n l\u1ea1c, l\u1ed1i ra v\u1ecf l\u1ea1c.<\/p>   <div class=\"wp-block-image\"> <figure class=\"aligncenter size-full\"><img loading=\"lazy\" decoding=\"async\" width=\"720\" height=\"540\" src=\"https:\/\/taizyagromachine.com\/wp-content\/uploads\/2022\/01\/structure-of-peanut-shelling-machine.jpg\" alt=\"c\u1ea5u t\u1ea1o c\u1ee7a m\u00e1y b\u00f3c v\u1ecf \u0111\u1eadu ph\u1ed9ng\" class=\"wp-image-1674\"\/><figcaption class=\"wp-element-caption\">c\u1ea5u t\u1ea1o c\u1ee7a m\u00e1y b\u00f3c v\u1ecf \u0111\u1eadu ph\u1ed9ng<\/figcaption><\/figure> <\/div>   <h2 class=\"wp-block-heading\" id=\"h-conclusion\"><strong>K\u1ebft lu\u1eadn \u2013 \u1ee8ng d\u1ee5ng c\u1ee7a M\u00e1y xay l\u1ea1c<\/strong><\/h2>    <p class=\"translation-block\">Thi\u1ebft b\u1ecb ch\u1ebf bi\u1ebfn l\u1ea1c c\u00f3 th\u1ec3 x\u1eed l\u00fd to\u00e0n b\u1ed9 v\u1ecf v\u00e0 nh\u00e2n l\u1ea1c. Nh\u00e2n l\u1ea1c c\u00f3 th\u1ec3 d\u00f9ng l\u00e0m th\u1ef1c ph\u1ea9m ho\u1eb7c nguy\u00ean li\u1ec7u cho c\u00e1c nh\u00e0 m\u00e1y d\u1ea7u. Ngo\u00e0i ra, v\u1ecf l\u1ea1c c\u00f3 th\u1ec3 \u0111\u01b0\u1ee3c s\u1eed d\u1ee5ng \u0111\u1ec3 <a href=\"https:\/\/cornmachines.com\/pellet-mill-machine\/\" target=\"_blank\" rel=\"noreferrer noopener\">s\u1ea3n xu\u1ea5t vi\u00ean n\u00e9n g\u1ed7<\/a> ho\u1eb7c b\u00e1nh nhi\u00ean li\u1ec7u than.<\/p>    <p>Nh\u00ecn chung, m\u00e1y b\u00f3c v\u1ecf l\u1ea1c ho\u00e0n to\u00e0n ph\u00f9 h\u1ee3p cho c\u00e1c ho\u1ea1t \u0111\u1ed9ng b\u00f3c v\u1ecf l\u1ea1c c\u1ee7a:<\/p>    <p class=\"translation-block\"><em><strong>c\u00e1c h\u1ed9 gia \u0111\u00ecnh ch\u1ebf bi\u1ebfn l\u1ea1c c\u00e1 th\u1ec3<\/strong><\/em><\/p>    <p class=\"translation-block\"><em><strong>kho ng\u0169 c\u1ed1c<\/strong><\/em><\/p>    <p class=\"translation-block\"><em><strong>c\u00e1c nh\u00e0 m\u00e1y ch\u1ebf bi\u1ebfn d\u1ea7u v\u00e0 c\u00f4ng nghi\u1ec7p th\u1ef1c ph\u1ea9m<\/strong><\/em><\/p>    <p>\u0110\u00e2y l\u00e0 thi\u1ebft b\u1ecb b\u00f3c v\u1ecf \u0111\u1eadu ph\u1ed9ng t\u1ed1t \u0111\u1ec3 \u0111\u1ea7u t\u01b0 cho c\u00e1c v\u00f9ng s\u1ea3n xu\u1ea5t \u0111\u1eadu ph\u1ed9ng r\u1ed9ng l\u1edbn v\u00e0 c\u00e1c h\u1ed9 gia \u0111\u00ecnh chuy\u00ean nghi\u1ec7p c\u00e1 nh\u00e2n.<\/p>   <div class=\"wp-block-image\"> <figure class=\"aligncenter size-full\"><img loading=\"lazy\" decoding=\"async\" width=\"720\" height=\"400\" src=\"https:\/\/taizyagromachine.com\/wp-content\/uploads\/2022\/01\/strength-machine-display.jpg\" alt=\"s\u1ee9c m\u1ea1nh nh\u00e0 m\u00e1y\" class=\"wp-image-1675\"\/><figcaption class=\"wp-element-caption\">s\u1ee9c m\u1ea1nh nh\u00e0 m\u00e1y<\/figcaption><\/figure> <\/div>   <h2 class=\"wp-block-heading\"><strong>Video ho\u1ea1t \u0111\u1ed9ng c\u1ee7a m\u00e1y b\u00f3c v\u1ecf l\u1ea1c TBH-800<\/strong><\/h2>    <figure class=\"wp-block-embed is-type-video is-provider-youtube wp-block-embed-youtube wp-embed-aspect-16-9 wp-has-aspect-ratio\"><div class=\"wp-block-embed__wrapper\"> <iframe loading=\"lazy\" title=\"M\u00e1y b\u00f3c v\u1ecf l\u1ea1c hi\u1ec7u qu\u1ea3 cao - M\u00e1y b\u00f3c v\u1ecf l\u1ea1c ph\u1ed5 bi\u1ebfn trong tr\u1ed3ng l\u1ea1c #peanuts\" width=\"500\" height=\"281\" src=\"https:\/\/www.youtube.com\/embed\/3O-OeI0zGjE?feature=oembed\" frameborder=\"0\" allow=\"accelerometer; autoplay; clipboard-write; encrypted-media; gyroscope; picture-in-picture; web-share\" referrerpolicy=\"strict-origin-when-cross-origin\" allowfullscreen><\/iframe> <\/div><\/figure>","protected":false},"excerpt":{"rendered":"<p>Groundnut sheller&nbsp;is specially designed for separating peanut shells and kernels, without damage to kernels. This type belongs to TBH series, and today model introduced is TBH-800. This groundnut sheller can use the electric motor, gasoline engine, or diesel engine as the power system. Besides, this peanut shelling machine for sale installs two screens inside. Thus, [&hellip;]<\/p>\n","protected":false},"author":1,"featured_media":1672,"parent":0,"template":"","tags":[],"product-type":[21],"class_list":["post-1671","product","type-product","status-publish","has-post-thumbnail","hentry","product-type-peanut-machine"],"_links":{"self":[{"href":"https:\/\/taizyagromachine.com\/vi\/wp-json\/wp\/v2\/product\/1671","targetHints":{"allow":["GET"]}}],"collection":[{"href":"https:\/\/taizyagromachine.com\/vi\/wp-json\/wp\/v2\/product"}],"about":[{"href":"https:\/\/taizyagromachine.com\/vi\/wp-json\/wp\/v2\/types\/product"}],"author":[{"embeddable":true,"href":"https:\/\/taizyagromachine.com\/vi\/wp-json\/wp\/v2\/users\/1"}],"wp:featuredmedia":[{"embeddable":true,"href":"https:\/\/taizyagromachine.com\/vi\/wp-json\/wp\/v2\/media\/1672"}],"wp:attachment":[{"href":"https:\/\/taizyagromachine.com\/vi\/wp-json\/wp\/v2\/media?parent=1671"}],"wp:term":[{"taxonomy":"post_tag","embeddable":true,"href":"https:\/\/taizyagromachine.com\/vi\/wp-json\/wp\/v2\/tags?post=1671"},{"taxonomy":"product-type","embeddable":true,"href":"https:\/\/taizyagromachine.com\/vi\/wp-json\/wp\/v2\/product-type?post=1671"}],"curies":[{"name":"wp","href":"https:\/\/api.w.org\/{rel}","templated":true}]}}