{"id":1849,"date":"2022-01-25T07:19:19","date_gmt":"2022-01-25T07:19:19","guid":{"rendered":"https:\/\/taizyagromachine.com\/"},"modified":"2025-01-02T13:49:54","modified_gmt":"2025-01-02T05:49:54","slug":"combined-groundnut-sheller-and-cleaner-for-sale","status":"publish","type":"product","link":"https:\/\/taizyagromachine.com\/vi\/product\/combined-groundnut-sheller-and-cleaner-for-sale\/","title":{"rendered":"C\u1ea7n b\u00e1n m\u00e1y xay v\u00e0 l\u00e0m s\u1ea1ch l\u1ea1c k\u1ebft h\u1ee3p"},"content":{"rendered":"<p class=\"translation-block\"><strong>M\u00e1y t\u00e1ch v\u00e0 l\u00e0m s\u1ea1ch l\u1ea1c<\/strong> \u0111\u01b0\u1ee3c k\u1ebft h\u1ee3p v\u1edbi thi\u1ebft b\u1ecb l\u00e0m s\u1ea1ch v\u00e0 t\u00e1ch v\u1ecf, \u0111\u1eb7c bi\u1ec7t cho l\u1ea1c. 6BHX-3500 \u0111\u01b0\u1ee3c gi\u1edbi thi\u1ec7u h\u00f4m nay. <a href=\"https:\/\/taizyagromachine.com\/vi\/product\/combined-groundnut-shelling-and-cleaning-machine\/\" target=\"_blank\" rel=\"noreferrer noopener\">\u0110\u01a1n v\u1ecb m\u00e1y t\u00e1ch v\u1ecf l\u1ea1c<\/a> n\u00e0y c\u00f3 thi\u1ebft k\u1ebf m\u1edbi nh\u1ea5t. B\u00ean c\u1ea1nh \u0111\u00f3, m\u00e1y t\u00e1ch v\u1ecf l\u1ea1c k\u1ebft h\u1ee3p \u0111ang b\u00e1n c\u00f3 nh\u1eefng \u01b0u \u0111i\u1ec3m nh\u01b0 b\u00e1n tr\u1ef1c ti\u1ebfp t\u1eeb nh\u00e0 m\u00e1y, t\u1ef7 l\u1ec7 t\u00e1ch v\u1ecf cao v\u00e0 c\u00f4ng su\u1ea5t l\u1edbn. Ngo\u00e0i ra, m\u00e1y t\u00e1ch v\u1ecf l\u1ea1c n\u00e0y thu\u1ed9c v\u1ec1 c\u00e1c m\u00f4 h\u00ecnh th\u00e2n thi\u1ec7n v\u1edbi m\u00f4i tr\u01b0\u1eddng. T\u1ea1i C\u00f4ng ty Taizy Agro Machine, lo\u1ea1i m\u00e1y t\u00e1ch v\u1ecf l\u1ea1c n\u00e0y c\u00f3 ba r\u00e2y \u0111\u1ec3 t\u00e1ch v\u1ecf l\u1ea1c s\u1ea1ch h\u01a1n. Ch\u00e0o m\u1eebng b\u1ea1n li\u00ean h\u1ec7 v\u1edbi ch\u00fang t\u00f4i \u0111\u1ec3 bi\u1ebft th\u00eam c\u00e1c ph\u00e2n lo\u1ea1i kh\u00e1c!<\/p>    <h2 class=\"wp-block-heading\" id=\"h-why-using-combined-groundnut-shelling-and-cleaning-machine\"><strong>T\u1ea1i sao n\u00ean s\u1eed d\u1ee5ng m\u00e1y t\u00e1ch v\u1ecf v\u00e0 l\u00e0m s\u1ea1ch l\u1ea1c k\u1ebft h\u1ee3p?<\/strong><strong><\/strong><\/h2>    <p class=\"translation-block\">Khi <a href=\"https:\/\/taizyagromachine.com\/vi\/peanut-machine\/small-groundnut-harvester\/\" target=\"_blank\" rel=\"noreferrer noopener\">thu ho\u1ea1ch l\u1ea1c<\/a>, qu\u1ea3 l\u1ea1c ch\u1ee9a nhi\u1ec1u \u0111\u1ea5t, \u0111\u00e1, l\u00e1 l\u1ea1c, b\u1ee5i, v.v. N\u1ebfu kh\u00f4ng \u0111\u01b0\u1ee3c l\u00e0m s\u1ea1ch k\u1ecbp th\u1eddi, \u0111i\u1ec1u n\u00e0y kh\u00f4ng ch\u1ec9 g\u00e2y ra nhi\u1ec1u l\u1ea1c b\u1ecb v\u1ee1 m\u00e0 c\u00f2n \u1ea3nh h\u01b0\u1edfng \u0111\u1ebfn m\u00e0u s\u1eafc c\u1ee7a l\u1ea1c. Khi m\u00e1y t\u00e1ch v\u00e0 l\u00e0m s\u1ea1ch l\u1ea1c ho\u1ea1t \u0111\u1ed9ng, c\u00e1c b\u1ed9 ph\u1eadn c\u1ee7a m\u00e1y s\u1ebd b\u1ecb h\u01b0 h\u1ecfng \u1edf m\u1ee9c \u0111\u1ed9 kh\u00e1c nhau.<\/p>   <div class=\"wp-block-image\"> <figure class=\"aligncenter size-full\"><img loading=\"lazy\" decoding=\"async\" width=\"720\" height=\"250\" src=\"https:\/\/taizyagromachine.com\/wp-content\/uploads\/2022\/01\/functions-3500.jpg\" alt=\"ch\u1ee9c n\u0103ng\" class=\"wp-image-1857\"\/><figcaption class=\"wp-element-caption\">ch\u1ee9c n\u0103ng<\/figcaption><\/figure> <\/div>   <h2 class=\"wp-block-heading\" id=\"h-features-of-groundnut-thresher-with-cleaner\"><strong>T\u00ednh n\u0103ng c\u1ee7a M\u00e1y tu\u1ed1t l\u1ea1c k\u00e8m ch\u1ea5t l\u00e0m s\u1ea1ch<\/strong><strong><\/strong><\/h2>    <ul class=\"wp-block-list\" type=\"1\"> <li>T\u1ef7 l\u1ec7 ph\u00e1o k\u00edch cao v\u00e0 t\u1ef7 l\u1ec7 l\u00e0m s\u1ea1ch cao.<\/li>    <li>Ho\u1ea1t \u0111\u1ed9ng \u0111\u01a1n gi\u1ea3n v\u00e0 \u0111\u1ea7u ra hi\u1ec7u qu\u1ea3.<\/li>    <li>M\u00e1y b\u00f3c v\u1ecf \u0111\u1eadu ph\u1ed9ng c\u00f4ng su\u1ea5t l\u1edbn, 1500-2200kg m\u1ed7i gi\u1edd.<\/li>    <li>T\u1ef7 l\u1ec7 v\u1ee1 th\u1ea5p v\u00e0 t\u1ef7 l\u1ec7 m\u1ea5t m\u00e1t th\u1ea5p.<\/li>    <li>Ba s\u00e0ng \u0111\u1ec3 c\u00e0i \u0111\u1eb7t, ch\u1ecdn k\u00edch th\u01b0\u1edbc m\u00e0n h\u00ecnh d\u1ef1a tr\u00ean k\u00edch th\u01b0\u1edbc \u0111\u1eadu ph\u1ed9ng.<\/li> <\/ul>    <h2 class=\"wp-block-heading\" id=\"h-structure-of-groundnut-sheller-and-cleaner\"><strong>C\u1ea5u t\u1ea1o c\u1ee7a M\u00e1y b\u00f3c v\u1ecf v\u00e0 l\u00e0m s\u1ea1ch l\u1ea1c<\/strong><strong><\/strong><\/h2>    <p class=\"translation-block\">Thi\u1ebft k\u1ebf m\u00e1y t\u00e1ch v\u1ecf l\u1ea1c v\u00e0 <a href=\"https:\/\/en.wikipedia.org\/wiki\/Manufacturing\" target=\"_blank\" rel=\"noreferrer noopener\">ch\u1ebf t\u1ea1o<\/a> c\u00f3 nh\u1eefng \u00fd t\u01b0\u1edfng \u0111\u1ed9c \u0111\u00e1o. M\u00e1y n\u00e0y c\u00f3 m\u1ed9t h\u1ec7 th\u1ed1ng l\u00e0m s\u1ea1ch v\u00e0 m\u1ed9t h\u1ec7 th\u1ed1ng t\u00e1ch v\u1ecf. \u0110\u1ed1i v\u1edbi ph\u1ea7n l\u00e0m s\u1ea1ch, m\u00e1y l\u00e0m s\u1ea1ch c\u00f3 ch\u1ee9c n\u0103ng lo\u1ea1i b\u1ecf c\u00e1c t\u1ea1p ch\u1ea5t c\u00f3 trong l\u1ea1c. \u0110\u1ed1i v\u1edbi ph\u1ea7n t\u00e1ch v\u1ecf, m\u00e1y t\u00e1ch v\u1ecf l\u1ea1c l\u00e0 ph\u1ea7n c\u1ed1t l\u00f5i. N\u00f3 bao g\u1ed3m \u0111\u1ea7u v\u00e0o l\u1ea1c, \u0111\u1ea7u ra h\u1ea1t l\u1ea1c, \u0111\u1ea7u ra t\u1ea1p ch\u1ea5t. H\u01a1n n\u1eefa, gi\u1eefa m\u00e1y l\u00e0m s\u1ea1ch v\u00e0 m\u00e1y b\u00f3c v\u1ecf l\u1ea1c c\u00f3 m\u1ed9t b\u0103ng t\u1ea3i n\u00e2ng.<\/p>   <div class=\"wp-block-image\"> <figure class=\"aligncenter size-full\"><img loading=\"lazy\" decoding=\"async\" width=\"720\" height=\"540\" src=\"https:\/\/taizyagromachine.com\/wp-content\/uploads\/2022\/01\/structure-of-peanut-sheller-and-cleaner.jpg\" alt=\"c\u1ea5u tr\u00fac c\u1ee7a m\u00e1y b\u00f3c v\u1ecf v\u00e0 l\u00e0m s\u1ea1ch \u0111\u1eadu ph\u1ed9ng\" class=\"wp-image-1852\"\/><figcaption class=\"wp-element-caption\">c\u1ea5u tr\u00fac c\u1ee7a m\u00e1y b\u00f3c v\u1ecf v\u00e0 l\u00e0m s\u1ea1ch \u0111\u1eadu ph\u1ed9ng<\/figcaption><\/figure> <\/div>   <h2 class=\"wp-block-heading\" id=\"h-working-principle-of-groundnut-shelling-machine\"><strong>Nguy\u00ean l\u00fd l\u00e0m vi\u1ec7c c\u1ee7a m\u00e1y b\u00f3c v\u1ecf l\u1ea1c<\/strong><strong><\/strong><\/h2>    <p>M\u00e1y b\u00f3c v\u1ecf \u0111\u1eadu ph\u1ed9ng \u0111\u1ec3 b\u00e1n ho\u1ea1t \u0111\u1ed9ng theo \u0111\u00fang quy tr\u00ecnh, cu\u1ed1i c\u00f9ng l\u1ea5y \u0111\u01b0\u1ee3c nh\u00e2n \u0111\u1eadu ph\u1ed9ng. D\u01b0\u1edbi \u0111\u00e2y l\u00e0 quy tr\u00ecnh b\u00f3c v\u1ecf v\u00e0 l\u00e0m s\u1ea1ch l\u1ea1c:<\/p>    <ol class=\"wp-block-list\" type=\"1\"> <li>\u0110\u1ed5 \u0111\u1eadu ph\u1ed9ng v\u00e0o \u0111\u1ea7u v\u00e0o s\u1ea1ch h\u01a1n. M\u00e1y l\u00e0m s\u1ea1ch c\u00f3 ch\u1ee9c n\u0103ng lo\u1ea1i b\u1ecf b\u1ee5i b\u1ea9n, \u0111\u00e1, l\u00e1 l\u1ea1c, b\u1ee5i b\u1ea9n v\u00e0 c\u00e1c t\u1ea1p ch\u1ea5t kh\u00e1c.<\/li>    <li>\u0110\u1eadu ph\u1ed9ng \u0111\u00e3 l\u00e0m s\u1ea1ch \u0111\u01b0\u1ee3c chuy\u1ec3n \u0111\u1ebfn m\u00e1y l\u00e0m b\u00e1nh l\u1ea1c b\u1eb1ng thang m\u00e1y.<\/li>    <li>M\u00e1y tu\u1ed1t l\u1ea1c s\u1eed d\u1ee5ng s\u1ef1 k\u1ebft h\u1ee3p gi\u1eefa h\u1ed9p m\u00e0n h\u00ecnh k\u00edn v\u00e0 qu\u1ea1t \u0111\u1eb7c bi\u1ec7t \u0111\u1ec3 th\u1ef1c hi\u1ec7n vi\u1ec7c ph\u00e2n lo\u1ea1i h\u1ec7 th\u1ed1ng treo v\u00e0 t\u00e1ch v\u1ecf.<\/li>    <li>Sau khi l\u1ef1a ch\u1ecdn v\u00e0 t\u00e1ch v\u1ecf c\u1ea9n th\u1eadn, h\u1ea1t \u0111\u1eadu ph\u1ed9ng s\u1ebd \u0111\u01b0\u1ee3c l\u1ecdc ra kh\u1ecfi l\u1ed7 x\u1ea3 b\u1eb1ng r\u00e2y.<\/li> <\/ol>   <div class=\"wp-block-image\"> <figure class=\"aligncenter size-full\"><img loading=\"lazy\" decoding=\"async\" width=\"720\" height=\"540\" src=\"https:\/\/taizyagromachine.com\/wp-content\/uploads\/2022\/01\/working-process-model-3500.jpg\" alt=\"quy tr\u00ecnh l\u00e0m vi\u1ec7c c\u1ee7a m\u00e1y b\u00f3c v\u1ecf l\u1ea1c v\u00e0 m\u00e1y l\u00e0m s\u1ea1ch\" class=\"wp-image-1856\"\/><figcaption class=\"wp-element-caption\">qu\u00e1 tr\u00ecnh l\u00e0m vi\u1ec7c<\/figcaption><\/figure> <\/div>   <h2 class=\"wp-block-heading\"><strong>Video M\u00e1y b\u00f3c v\u1ecf v\u00e0 l\u00e0m s\u1ea1ch l\u1ea1c k\u1ebft h\u1ee3p<\/strong><\/h2>    <figure class=\"wp-block-embed is-type-video is-provider-youtube wp-block-embed-youtube wp-embed-aspect-16-9 wp-has-aspect-ratio\"><div class=\"wp-block-embed__wrapper\"> <iframe loading=\"lazy\" title=\"M\u00e1y B\u00f3c V\u1ecf L\u1ea1c K\u1ebft H\u1ee3p - M\u00e1y B\u00f3c V\u1ecf L\u1ea1c Hi\u1ec7u Qu\u1ea3 Cao K\u00e8m M\u00e1y L\u00e0m S\u1ea1ch #peanuts\" width=\"500\" height=\"281\" src=\"https:\/\/www.youtube.com\/embed\/6I6Itc8PI9o?feature=oembed\" frameborder=\"0\" allow=\"accelerometer; autoplay; clipboard-write; encrypted-media; gyroscope; picture-in-picture; web-share\" referrerpolicy=\"strict-origin-when-cross-origin\" allowfullscreen><\/iframe> <\/div><\/figure>","protected":false},"excerpt":{"rendered":"<p>Groundnut sheller and cleaner&nbsp;is combined with cleaning and&nbsp;threshing equipment, especially for peanuts. 6BHX- 3500&nbsp;is introduced today. This peanut shelling machine unit&nbsp;has the latest design. Besides, the combined groundnut sheller for sale&nbsp;has the advantages of factory direct sales, high shelling rate, and large capacity.&nbsp;Also, this peanut sheller machine belongs to environmentally-friendly models. In Taizy Agro Machine [&hellip;]<\/p>\n","protected":false},"author":1,"featured_media":2153,"parent":0,"template":"","tags":[],"product-type":[21],"class_list":["post-1849","product","type-product","status-publish","has-post-thumbnail","hentry","product-type-peanut-machine"],"_links":{"self":[{"href":"https:\/\/taizyagromachine.com\/vi\/wp-json\/wp\/v2\/product\/1849","targetHints":{"allow":["GET"]}}],"collection":[{"href":"https:\/\/taizyagromachine.com\/vi\/wp-json\/wp\/v2\/product"}],"about":[{"href":"https:\/\/taizyagromachine.com\/vi\/wp-json\/wp\/v2\/types\/product"}],"author":[{"embeddable":true,"href":"https:\/\/taizyagromachine.com\/vi\/wp-json\/wp\/v2\/users\/1"}],"wp:featuredmedia":[{"embeddable":true,"href":"https:\/\/taizyagromachine.com\/vi\/wp-json\/wp\/v2\/media\/2153"}],"wp:attachment":[{"href":"https:\/\/taizyagromachine.com\/vi\/wp-json\/wp\/v2\/media?parent=1849"}],"wp:term":[{"taxonomy":"post_tag","embeddable":true,"href":"https:\/\/taizyagromachine.com\/vi\/wp-json\/wp\/v2\/tags?post=1849"},{"taxonomy":"product-type","embeddable":true,"href":"https:\/\/taizyagromachine.com\/vi\/wp-json\/wp\/v2\/product-type?post=1849"}],"curies":[{"name":"wp","href":"https:\/\/api.w.org\/{rel}","templated":true}]}}