{"id":1858,"date":"2022-01-26T07:17:33","date_gmt":"2022-01-26T07:17:33","guid":{"rendered":"https:\/\/taizyagromachine.com\/"},"modified":"2023-12-12T17:46:13","modified_gmt":"2023-12-12T09:46:13","slug":"4-row-groundnut-sowing-machine","status":"publish","type":"product","link":"https:\/\/taizyagromachine.com\/vi\/product\/4-row-groundnut-sowing-machine\/","title":{"rendered":"M\u00e1y gieo h\u1ea1t l\u1ea1c \u0111\u1ec3 tr\u1ed3ng \u0111\u1eadu ph\u1ed9ng"},"content":{"rendered":"<p class=\"translation-block\"><strong>M\u00e1y gieo l\u1ea1c<\/strong> \u0111\u01b0\u1ee3c thi\u1ebft k\u1ebf \u0111\u1ec3 tr\u1ed3ng l\u1ea1c tr\u00ean \u0111\u1ea5t c\u00e1t, \u0111\u1ea5t r\u1ea1 l\u00faa m\u00ec v\u00e0 \u0111\u1ea5t m\u1ec1m (kh\u00f4ng c\u00f3 \u0111\u00e1). M\u00e1y tr\u1ed3ng l\u1ea1c n\u00ean ho\u1ea1t \u0111\u1ed9ng v\u1edbi m\u00e1y k\u00e9o 40-70HP, s\u1eed d\u1ee5ng h\u1ec7 th\u1ed1ng treo 3 \u0111i\u1ec3m. V\u00ec b\u1ea3n th\u00e2n m\u00e1y tr\u1ed3ng l\u1ea1c kh\u00f4ng c\u00f3 \u0111\u1ed9ng c\u01a1 d\u1eabn \u0111\u1ed9ng. M\u00e1y gieo l\u1ea1c c\u00f3 \u01b0u \u0111i\u1ec3m gieo ch\u00ednh x\u00e1c, hi\u1ec7u su\u1ea5t cao v\u00e0 ho\u1ea1t \u0111\u1ed9ng \u1ed5n \u0111\u1ecbnh. So v\u1edbi <a href=\"https:\/\/taizyagromachine.com\/vi\/rice-and-wheat-machine\/wheat-planter\/\" target=\"_blank\" rel=\"noreferrer noopener\">m\u00e1y tr\u1ed3ng l\u00faa m\u00ec<\/a>, m\u00e1y gieo l\u1ea1c n\u00e0y c\u00f3 c\u00e1c lo\u1ea1i 2 h\u00e0ng, 6 h\u00e0ng, 8 h\u00e0ng. S\u1ed1 h\u00e0ng tr\u1ed3ng t\u00f9y thu\u1ed9c v\u00e0o y\u00eau c\u1ea7u c\u1ee7a kh\u00e1ch h\u00e0ng. Mong nh\u1eadn \u0111\u01b0\u1ee3c y\u00eau c\u1ea7u c\u1ee7a qu\u00fd v\u1ecb!<\/p>    <h2 class=\"wp-block-heading\"><strong>C\u00e1c lo\u1ea1i m\u00e1y tr\u1ed3ng \u0111\u1eadu ph\u1ed9ng c\u00f3 s\u1eb5n<\/strong><\/h2>    <p>M\u00e1y gieo h\u1ea1t l\u1ea1c c\u1ee7a ch\u00fang t\u00f4i c\u00f3 s\u1eb5n nhi\u1ec1u m\u1eabu kh\u00e1c nhau, bao g\u1ed3m 2 h\u00e0ng, 4 h\u00e0ng, 6 h\u00e0ng v\u00e0 8 h\u00e0ng, v.v. Nh\u1eefng m\u1eabu m\u00e1y gieo h\u1ea1t l\u1ea1c kh\u00e1c nhau n\u00e0y ph\u1ee5c v\u1ee5 cho c\u00e1c trang tr\u1ea1i c\u00f3 quy m\u00f4 kh\u00e1c nhau, gi\u00fap ng\u01b0\u1eddi tr\u1ed3ng \u0111\u1eadu ph\u1ed9ng c\u00f3 th\u1ec3 l\u1ef1a ch\u1ecdn gi\u1ed1ng t\u1ed1t nh\u1ea5t m\u00f4 h\u00ecnh ph\u00f9 h\u1ee3p v\u1edbi quy m\u00f4 v\u00e0 nhu c\u1ea7u ho\u1ea1t \u0111\u1ed9ng n\u00f4ng nghi\u1ec7p c\u1ee7a h\u1ecd.<\/p>    <div class=\"wp-block-columns is-layout-flex wp-container-core-columns-is-layout-9d6595d7 wp-block-columns-is-layout-flex\"> <div class=\"wp-block-column is-layout-flow wp-block-column-is-layout-flow\"> <figure class=\"wp-block-image size-full\"><img loading=\"lazy\" decoding=\"async\" width=\"720\" height=\"540\" src=\"https:\/\/taizyagromachine.com\/wp-content\/uploads\/2023\/12\/twin-row-peanut-planter.webp\" alt=\"M\u00e1y tr\u1ed3ng \u0111\u1eadu ph\u1ed9ng \u0111\u00f4i h\u00e0ng\" class=\"wp-image-6147\"\/><figcaption class=\"wp-element-caption\">M\u00e1y tr\u1ed3ng \u0111\u1eadu ph\u1ed9ng \u0111\u00f4i h\u00e0ng<\/figcaption><\/figure> <\/div>    <div class=\"wp-block-column is-vertically-aligned-center is-layout-flow wp-block-column-is-layout-flow\"> <p class=\"has-text-align-center translation-block\"><strong>M\u00e1y tr\u1ed3ng l\u1ea1c hai h\u00e0ng<\/strong><\/p>    <p>M\u00e1y tr\u1ed3ng l\u1ea1c 2 h\u00e0ng ph\u00f9 h\u1ee3p cho c\u00e1c trang tr\u1ea1i nh\u1ecf h\u01a1n v\u00e0 c\u00f3 kh\u1ea3 n\u0103ng tr\u1ed3ng hai h\u00e0ng h\u1ea1t gi\u1ed1ng l\u1ea1c c\u00f9ng l\u00fac m\u1ed9t c\u00e1ch hi\u1ec7u qu\u1ea3, mang l\u1ea1i gi\u1ea3i ph\u00e1p thi\u1ebft th\u1ef1c v\u00e0 ti\u1ebft ki\u1ec7m chi ph\u00ed cho s\u1ea3n xu\u1ea5t n\u00f4ng nghi\u1ec7p quy m\u00f4 nh\u1ecf.<\/p> <\/div> <\/div>    <div class=\"wp-block-columns is-layout-flex wp-container-core-columns-is-layout-9d6595d7 wp-block-columns-is-layout-flex\"> <div class=\"wp-block-column is-vertically-aligned-center is-layout-flow wp-block-column-is-layout-flow\"> <p class=\"has-text-align-center translation-block\"><strong>M\u00e1y tr\u1ed3ng l\u1ea1c ch\u00ednh x\u00e1c 4 h\u00e0ng<\/strong><\/p>    <p>M\u00e1y tr\u1ed3ng l\u1ea1c 4 h\u00e0ng c\u1ee7a ch\u00fang t\u00f4i ph\u00f9 h\u1ee3p v\u1edbi c\u00e1c trang tr\u1ea1i quy m\u00f4 trung b\u00ecnh v\u00e0 c\u00f3 kh\u1ea3 n\u0103ng tr\u1ed3ng b\u1ed1n h\u00e0ng h\u1ea1t l\u1ea1c c\u00f9ng m\u1ed9t l\u00fac, n\u00e2ng cao hi\u1ec7u qu\u1ea3 trong khi v\u1eabn d\u1ec5 qu\u1ea3n l\u00fd.<\/p> <\/div>    <div class=\"wp-block-column is-layout-flow wp-block-column-is-layout-flow\"> <figure class=\"wp-block-image size-full\"><img loading=\"lazy\" decoding=\"async\" width=\"720\" height=\"540\" src=\"https:\/\/taizyagromachine.com\/wp-content\/uploads\/2023\/12\/4-row-peanut-precision-planter.webp\" alt=\"M\u00e1y tr\u1ed3ng \u0111\u1eadu ph\u1ed9ng ch\u00ednh x\u00e1c 4 h\u00e0ng\" class=\"wp-image-6149\"\/><figcaption class=\"wp-element-caption\">M\u00e1y tr\u1ed3ng \u0111\u1eadu ph\u1ed9ng ch\u00ednh x\u00e1c 4 h\u00e0ng<\/figcaption><\/figure> <\/div> <\/div>    <div class=\"wp-block-columns is-layout-flex wp-container-core-columns-is-layout-9d6595d7 wp-block-columns-is-layout-flex\"> <div class=\"wp-block-column is-layout-flow wp-block-column-is-layout-flow\"> <figure class=\"wp-block-image size-full\"><img loading=\"lazy\" decoding=\"async\" width=\"720\" height=\"540\" src=\"https:\/\/taizyagromachine.com\/wp-content\/uploads\/2023\/12\/6-row-groundnut-planter.webp\" alt=\"Ch\u1eadu tr\u1ed3ng l\u1ea1c 6 h\u00e0ng\" class=\"wp-image-6153\"\/><figcaption class=\"wp-element-caption\">Ch\u1eadu tr\u1ed3ng l\u1ea1c 6 h\u00e0ng<\/figcaption><\/figure> <\/div>    <div class=\"wp-block-column is-vertically-aligned-center is-layout-flow wp-block-column-is-layout-flow\"> <p class=\"has-text-align-center translation-block\"><strong>M\u00e1y tr\u1ed3ng l\u1ea1c 6 h\u00e0ng<\/strong><\/p>    <p>\u0110\u01b0\u1ee3c thi\u1ebft k\u1ebf cho c\u00e1c ho\u1ea1t \u0111\u1ed9ng canh t\u00e1c quy m\u00f4 l\u1edbn h\u01a1n, m\u00e1y gieo h\u1ea1t l\u1ea1c 6 h\u00e0ng cho ph\u00e9p gieo \u0111\u1ed3ng th\u1eddi s\u00e1u h\u00e0ng h\u1ea1t gi\u1ed1ng \u0111\u1eadu ph\u1ed9ng cho nh\u1eefng c\u00e1nh \u0111\u1ed3ng \u0111\u1eadu ph\u1ed9ng r\u1ed9ng l\u1edbn, t\u0103ng hi\u1ec7u qu\u1ea3 tr\u1ed3ng tr\u1ecdt v\u00e0 gi\u1ea3m th\u1eddi gian c\u1ea7n thi\u1ebft cho vi\u1ec7c tr\u1ed3ng \u0111\u1eadu ph\u1ed9ng.<\/p> <\/div> <\/div>    <div class=\"wp-block-columns is-layout-flex wp-container-core-columns-is-layout-9d6595d7 wp-block-columns-is-layout-flex\"> <div class=\"wp-block-column is-vertically-aligned-center is-layout-flow wp-block-column-is-layout-flow\"> <p class=\"has-text-align-center translation-block\"><strong>M\u00e1y gieo l\u1ea1c 8 h\u00e0ng<\/strong><\/p>    <p>M\u1ed9t gi\u1ea3i ph\u00e1p m\u1ea1nh m\u1ebd \u0111\u01b0\u1ee3c thi\u1ebft k\u1ebf cho canh t\u00e1c \u0111\u1eadu ph\u1ed9ng quy m\u00f4 l\u1edbn, m\u00e1y gieo h\u1ea1t l\u1ea1c 8 h\u00e0ng c\u00f3 kh\u1ea3 n\u0103ng tr\u1ed3ng t\u00e1m h\u00e0ng h\u1ea1t gi\u1ed1ng \u0111\u1eadu ph\u1ed9ng c\u00f9ng l\u00fac, t\u1ed1i \u0111a h\u00f3a hi\u1ec7u qu\u1ea3 v\u00e0 n\u0103ng su\u1ea5t, khi\u1ebfn m\u00e1y tr\u1edf th\u00e0nh l\u1ef1a ch\u1ecdn tuy\u1ec7t v\u1eddi cho c\u00e1c c\u00e1nh \u0111\u1ed3ng \u0111\u1eadu ph\u1ed9ng m\u1edf r\u1ed9ng v\u00e0 c\u00e1c doanh nghi\u1ec7p n\u00f4ng nghi\u1ec7p th\u01b0\u01a1ng m\u1ea1i.<\/p> <\/div>    <div class=\"wp-block-column is-layout-flow wp-block-column-is-layout-flow\"> <figure class=\"wp-block-image size-full\"><img loading=\"lazy\" decoding=\"async\" width=\"720\" height=\"540\" src=\"https:\/\/taizyagromachine.com\/wp-content\/uploads\/2023\/12\/8-row-groundnut-seed-sowing-machine.webp\" alt=\"M\u00e1y gieo h\u1ea1t l\u1ea1c 8 h\u00e0ng\" class=\"wp-image-6155\"\/><figcaption class=\"wp-element-caption\">M\u00e1y gieo h\u1ea1t l\u1ea1c 8 h\u00e0ng<\/figcaption><\/figure> <\/div> <\/div>    <h2 class=\"wp-block-heading\"><strong>Ch\u1ee9c n\u0103ng c\u1ee7a m\u00e1y tr\u1ed3ng l\u1ea1c l\u00e0 g\u00ec?<\/strong><\/h2>    <p>M\u00e1y gieo h\u1ea1t \u0111\u1eadu ph\u1ed9ng l\u00e0 m\u1ed9t lo\u1ea1i m\u00e1y n\u00f4ng nghi\u1ec7p \u0111a ch\u1ee9c n\u0103ng v\u1edbi m\u1ed9t s\u1ed1 ch\u1ee9c n\u0103ng quan tr\u1ecdng.<\/p>    <ul class=\"wp-block-list\"> <li><strong>L\u1eb1n ranh<\/strong>: N\u00f3 c\u00f3 th\u1ec3 th\u1ef1c hi\u1ec7n ho\u1ea1t \u0111\u1ed9ng x\u1edbi \u0111\u1ea5t, l\u00e0m s\u1ea1ch v\u00e0 san b\u1eb1ng \u0111\u1ea5t m\u1ed9t c\u00e1ch hi\u1ec7u qu\u1ea3, \u0111\u1ed3ng th\u1eddi t\u1ea1o \u0111i\u1ec1u ki\u1ec7n thu\u1eadn l\u1ee3i cho s\u1ef1 ph\u00e1t tri\u1ec3n c\u1ee7a \u0111\u1eadu ph\u1ed9ng.<\/li>    <li><strong>L\u1edbp ph\u1ee7<\/strong>: M\u00e1y tr\u1ed3ng l\u1ea1c c\u00f2n \u0111\u01b0\u1ee3c trang b\u1ecb ch\u1ee9c n\u0103ng ph\u1ee7 \u0111\u1ea5t, c\u00f3 kh\u1ea3 n\u0103ng ph\u1ee7 m\u00e0ng trong qu\u00e1 tr\u00ecnh gieo h\u1ea1t gi\u00fap t\u0103ng nhi\u1ec7t \u0111\u1ed9 \u0111\u1ea5t, gi\u1eef \u1ea9m cho \u0111\u1ea5t v\u00e0 \u1ee9c ch\u1ebf s\u1ef1 ph\u00e1t tri\u1ec3n c\u1ee7a c\u1ecf d\u1ea1i, gi\u00fap n\u00e2ng cao n\u0103ng su\u1ea5t v\u00e0 ch\u1ea5t l\u01b0\u1ee3ng c\u00e2y l\u1ea1c .<\/li>    <li><strong>T\u01b0\u1edbi n\u01b0\u1edbc<\/strong>: M\u00e1y c\u1ee7a ch\u00fang t\u00f4i c\u00f2n c\u00f3 kh\u1ea3 n\u0103ng th\u1ef1c hi\u1ec7n c\u00e1c thao t\u00e1c t\u01b0\u1edbi n\u01b0\u1edbc \u0111\u1ec3 \u0111\u1ea3m b\u1ea3o h\u1ea1t ra r\u1ec5 v\u00e0 n\u1ea3y m\u1ea7m su\u00f4n s\u1ebb tr\u00ean \u0111\u1ea5t \u1ea9m, cung c\u1ea5p \u0111\u1ee7 n\u01b0\u1edbc cho \u0111\u1eadu ph\u1ed9ng ph\u00e1t tri\u1ec3n.<\/li> <\/ul>    <figure class=\"wp-block-gallery aligncenter has-nested-images columns-default is-cropped wp-block-gallery-2 is-layout-flex wp-block-gallery-is-layout-flex\"> <figure class=\"wp-block-image size-large\"><img loading=\"lazy\" decoding=\"async\" width=\"720\" height=\"540\" data-id=\"6165\" src=\"https:\/\/taizyagromachine.com\/wp-content\/uploads\/2022\/01\/normal-type-mounted-peanut-planter-for-tractor.webp\" alt=\"M\u00e1y tr\u1ed3ng \u0111\u1eadu ph\u1ed9ng g\u1eafn lo\u1ea1i th\u00f4ng th\u01b0\u1eddng cho m\u00e1y k\u00e9o\" class=\"wp-image-6165\"\/><figcaption class=\"wp-element-caption\">M\u00e1y tr\u1ed3ng \u0111\u1eadu ph\u1ed9ng g\u1eafn lo\u1ea1i th\u00f4ng th\u01b0\u1eddng cho m\u00e1y k\u00e9o<\/figcaption><\/figure>    <figure class=\"wp-block-image size-large\"><img loading=\"lazy\" decoding=\"async\" width=\"720\" height=\"540\" data-id=\"6166\" src=\"https:\/\/taizyagromachine.com\/wp-content\/uploads\/2022\/01\/peanut-seed-drill-planter-with-rigiding-function.webp\" alt=\"M\u00e1y gieo h\u1ea1t \u0111\u1eadu ph\u1ed9ng c\u00f3 ch\u1ee9c n\u0103ng l\u00e0m c\u1ee9ng\" class=\"wp-image-6166\"\/><figcaption class=\"wp-element-caption\">M\u00e1y gieo h\u1ea1t \u0111\u1eadu ph\u1ed9ng c\u00f3 ch\u1ee9c n\u0103ng l\u00e0m c\u1ee9ng<\/figcaption><\/figure> <\/figure>    <figure class=\"wp-block-gallery aligncenter has-nested-images columns-default is-cropped wp-block-gallery-3 is-layout-flex wp-block-gallery-is-layout-flex\"> <figure class=\"wp-block-image size-large\"><img loading=\"lazy\" decoding=\"async\" width=\"720\" height=\"540\" data-id=\"6167\" src=\"https:\/\/taizyagromachine.com\/wp-content\/uploads\/2022\/01\/groundnut-planter-with-watering-and-mulching.webp\" alt=\"tr\u1ed3ng l\u1ea1c c\u00f3 t\u01b0\u1edbi n\u01b0\u1edbc v\u00e0 ph\u1ee7 l\u1edbp ph\u1ee7\" class=\"wp-image-6167\"\/><figcaption class=\"wp-element-caption\">tr\u1ed3ng l\u1ea1c c\u00f3 t\u01b0\u1edbi n\u01b0\u1edbc v\u00e0 ph\u1ee7 l\u1edbp ph\u1ee7<\/figcaption><\/figure>    <figure class=\"wp-block-image size-large\"><img loading=\"lazy\" decoding=\"async\" width=\"720\" height=\"540\" data-id=\"6168\" src=\"https:\/\/taizyagromachine.com\/wp-content\/uploads\/2022\/01\/groundnut-sowing-machine-with-rigiding-and-baffle.webp\" alt=\"m\u00e1y gieo h\u1ea1t l\u1ea1c c\u00f3 khung c\u1ee9ng v\u00e0 v\u00e1ch ng\u0103n\" class=\"wp-image-6168\"\/><figcaption class=\"wp-element-caption\">m\u00e1y gieo h\u1ea1t l\u1ea1c c\u00f3 khung c\u1ee9ng v\u00e0 v\u00e1ch ng\u0103n<\/figcaption><\/figure> <\/figure>    <h2 class=\"wp-block-heading\" id=\"characteristics-pf-peanut-sowing-machine-for-sale\"><strong>\u0110\u1eb7c \u0111i\u1ec3m c\u1ee7a m\u00e1y gieo h\u1ea1t l\u1ea1c \u0111\u1ec3 b\u00e1n <\/strong><\/h2>    <ul class=\"wp-block-list\"> <li>Kh\u00f4ng gian thi\u1ebft k\u1ebf r\u1ed9ng r\u00e3i. M\u00e1y gieo h\u1ea1t l\u1ea1c c\u00f3 s\u1eb5n v\u1edbi c\u00e1c t\u00f9y ch\u1ecdn gieo theo \u0111\u01b0\u1eddng d\u1ed1c v\u00e0 b\u1eb1ng ph\u1eb3ng.\u00a0M\u00e1y tr\u1ed3ng l\u1ea1c c\u0169ng c\u00f3 th\u1ec3 s\u1eed d\u1ee5ng tr\u00ean ru\u1ed9ng c\u00f3 g\u1ed1c r\u1ea1.<\/li>    <li>\u0110\u00e3 th\u00eam c\u00e1c ch\u1ee9c n\u0103ng. M\u00e1y n\u00e0y c\u0169ng c\u00f3 th\u1ec3 th\u00eam l\u1edbp ph\u1ee7 b\u1eb1ng phim v\u00e0 t\u01b0\u1edbi n\u01b0\u1edbc.<\/li>    <li>\u0110i\u1ec1u ch\u1ec9nh kh\u00f4ng gian tr\u1ed3ng c\u00e2y. Kh\u00f4ng gian tr\u1ed3ng c\u00e2y\u00a0c\u00f3 th\u1ec3 \u0111\u01b0\u1ee3c \u0111i\u1ec1u ch\u1ec9nh b\u1eb1ng c\u00e1ch \u0111i\u1ec1u ch\u1ec9nh t\u1ed1c \u0111\u1ed9 c\u1ee7a b\u1ed9 \u0111i\u1ec1u t\u1ed1c.<\/li>    <li>M\u00e1y tr\u1ed3ng l\u1ea1c c\u1ea7n \u0111\u01b0\u1ee3c k\u1ebft n\u1ed1i v\u1edbi m\u00e1y k\u00e9o \u0111\u1ec3 th\u1ef1c hi\u1ec7n c\u00f4ng vi\u1ec7c gieo h\u1ea1t l\u1ea1c.<\/li>    <li>Ho\u1ea1t \u0111\u1ed9ng \u0111\u00e1ng tin c\u1eady, th\u1eddi gian b\u1ea3o tr\u00ec \u00edt h\u01a1n, hi\u1ec7u qu\u1ea3 cao v\u00e0 tu\u1ed5i th\u1ecd d\u00e0i.<\/li> <\/ul>    <figure class=\"wp-block-gallery has-nested-images columns-default is-cropped wp-block-gallery-4 is-layout-flex wp-block-gallery-is-layout-flex\"> <figure class=\"wp-block-image size-full\"><img loading=\"lazy\" decoding=\"async\" width=\"720\" height=\"540\" data-id=\"1864\" src=\"https:\/\/taizyagromachine.com\/wp-content\/uploads\/2022\/01\/ridge.jpg\" alt=\"s\u01b0\u1eddn c\u1ee7a m\u00e1y gieo h\u1ea1t l\u1ea1c\" class=\"wp-image-1864\"\/><figcaption class=\"wp-element-caption\">s\u01b0\u1eddn n\u00fai<\/figcaption><\/figure>    <figure class=\"wp-block-image size-full\"><img loading=\"lazy\" decoding=\"async\" width=\"720\" height=\"540\" data-id=\"1865\" src=\"https:\/\/taizyagromachine.com\/wp-content\/uploads\/2022\/01\/governor.jpg\" alt=\"th\u1ed1ng \u0111\u1ed1c\" class=\"wp-image-1865\"\/><figcaption class=\"wp-element-caption\">th\u1ed1ng \u0111\u1ed1c<\/figcaption><\/figure> <\/figure>    <h2 class=\"wp-block-heading\" id=\"advantages-of-groundnut-seeder-machine\"><strong>\u01afu \u0111i\u1ec3m c\u1ee7a m\u00e1y gieo h\u1ea1t l\u1ea1c<\/strong><\/h2>    <ol class=\"wp-block-list\" style=\"list-style-type:1\"> <li>Vi\u1ec7c t\u1ea1o lu\u1ed1ng tr\u01b0\u1edbc c\u00f3 th\u1ec3 \u0111\u1ea3m b\u1ea3o \u0111\u1ed9 s\u00e2u h\u1ea1t \u1ed5n \u0111\u1ecbnh v\u00e0 h\u1ea1t n\u1ea3y m\u1ea7m nhanh.<\/li>    <li>So v\u1edbi c\u00e1c m\u00f4 h\u00ecnh truy\u1ec1n th\u1ed1ng, m\u00e1y gieo h\u1ea1t l\u1ea1c\u00a0c\u00f3 th\u1ec3 \u0111\u1ea3m b\u1ea3o t\u1ef7 l\u1ec7 n\u1ea3y m\u1ea7m v\u00e0 t\u0103ng n\u0103ng su\u1ea5t trung b\u00ecnh.<\/li>    <li>\u00c1p d\u1ee5ng 65# <a href=\"https:\/\/en.wikipedia.org\/wiki\/Mangalloy\" target=\"_blank\" rel=\"noreferrer noopener\">th\u00e9p mangan<\/a>, c\u00f3 \u0111\u1ed9 c\u1ee9ng cao v\u00e0 ch\u1ed1ng m\u00e0i m\u00f2n t\u1ed1t.<\/li>    <li>Thi\u1ebft b\u1ecb gieo h\u1ea1t\u00a0c\u00f3 kh\u1ea3 n\u0103ng gieo h\u1ea1t ch\u00ednh x\u00e1c h\u01a1n, h\u1ea1t gi\u1ed1ng \u0111\u1ed3ng \u0111\u1ec1u, \u00edt h\u1ea1t th\u1ed1i h\u01a1n v\u00e0 kh\u00f4ng gian tr\u1ed3ng \u0111\u01b0\u1ee3c \u0111\u1ea3m b\u1ea3o.&nbsp;<\/li> <\/ol>    <h2 class=\"wp-block-heading\" id=\"peanut-planter-design\"><strong>P<\/strong><strong>\u0111\u1eadu ph\u1ed9ng <\/strong><strong>P<\/strong><strong>\u0111\u00e8n l\u1ed3ng <\/strong><strong>D<\/strong><strong>thi\u1ebft k\u1ebf<\/strong><strong><\/strong><\/h2>    <p class=\"translation-block\">L\u00e0 <a href=\"https:\/\/taizyagromachine.com\/vi\/about-us\/\" target=\"_blank\" rel=\"noreferrer noopener\">m\u1ed9t trong nh\u1eefng c\u00f4ng ty m\u00e1y n\u00f4ng nghi\u1ec7p h\u00e0ng \u0111\u1ea7u<\/a>, m\u00e1y tr\u1ed3ng l\u1ea1c c\u1ee7a ch\u00fang t\u00f4i c\u00f3 c\u1ea5u tr\u00fac h\u1ee3p l\u00fd. M\u00e1y gieo l\u1ea1c c\u00f3 h\u1ed9p ph\u00e2n b\u00f3n v\u00e0 h\u1ed9p h\u1ea1t gi\u1ed1ng, do \u0111\u00f3, b\u00f3n ph\u00e2n v\u00e0 gieo h\u1ea1t c\u00f9ng m\u1ed9t l\u00fac. Thi\u1ebft b\u1ecb l\u00e0m lu\u1ed1ng c\u00f3 ch\u1ee9c n\u0103ng t\u1ea1o lu\u1ed1ng \u0111\u1ec3 thu\u1eadn ti\u1ec7n cho vi\u1ec7c gieo h\u1ea1t l\u1ea1c.<\/p>   <div class=\"wp-block-image\"> <figure class=\"aligncenter size-full\"><img loading=\"lazy\" decoding=\"async\" width=\"720\" height=\"540\" src=\"https:\/\/taizyagromachine.com\/wp-content\/uploads\/2022\/01\/structure-of-4-row-peanut-planter.jpg\" alt=\"C\u1ea5u t\u1ea1o c\u1ee7a m\u00e1y tr\u1ed3ng \u0111\u1eadu ph\u1ed9ng 4 h\u00e0ng\" class=\"wp-image-1863\"\/><figcaption class=\"wp-element-caption\">C\u1ea5u t\u1ea1o c\u1ee7a m\u00e1y tr\u1ed3ng \u0111\u1eadu ph\u1ed9ng 4 h\u00e0ng<\/figcaption><\/figure> <\/div>   <h2 class=\"wp-block-heading\" id=\"working-process-of-peanut-sowing-machine\"><strong>Quy tr\u00ecnh l\u00e0m vi\u1ec7c c\u1ee7a m\u00e1y gieo h\u1ea1t l\u1ea1c<\/strong><\/h2>    <p>Sau khi l\u1eafp v\u00e0o m\u00e1y k\u00e9o, m\u00e1y tr\u1ed3ng l\u1ea1c b\u1eaft \u0111\u1ea7u ho\u1ea1t \u0111\u1ed9ng. Qu\u00e1 tr\u00ecnh n\u00e0y r\u1ea5t \u0111\u01a1n gi\u1ea3n, \u0111\u1ea7u ti\u00ean l\u00e0 b\u00f3n ph\u00e2n, sau \u0111\u00f3 l\u00e0 gieo h\u1ea1t v\u00e0 cu\u1ed1i c\u00f9ng l\u00e0 l\u00e0m gi\u00e0n.<\/p>    <p>T\u1eeb kh\u00e2u gieo h\u1ea1t l\u1ea1c, tr\u1ed3ng cho \u0111\u1ebfn thu ho\u1ea1ch, m\u00e1y gieo h\u1ea1t l\u1ea1c b\u01b0\u1edbc \u0111\u1ea7u ho\u1ea1t \u0111\u1ed9ng. V\u00ec v\u1eady, vi\u1ec7c t\u00ecm hi\u1ec3u c\u00e1ch tr\u1ed3ng c\u00e2y l\u1ea1c l\u00e0 r\u1ea5t quan tr\u1ecdng.<\/p>   <div class=\"wp-block-image\"> <figure class=\"aligncenter size-full\"><img loading=\"lazy\" decoding=\"async\" width=\"720\" height=\"540\" src=\"https:\/\/taizyagromachine.com\/wp-content\/uploads\/2022\/01\/peanut-seedinggrowing-and-harvesting.jpg\" alt=\"gieo h\u1ea1t, tr\u1ed3ng v\u00e0 thu ho\u1ea1ch \u0111\u1eadu ph\u1ed9ng\" class=\"wp-image-1861\"\/><figcaption class=\"wp-element-caption\">gieo h\u1ea1t, tr\u1ed3ng v\u00e0 thu ho\u1ea1ch \u0111\u1eadu ph\u1ed9ng<\/figcaption><\/figure> <\/div>   <h2 class=\"wp-block-heading\"><strong>C\u00e1c tr\u01b0\u1eddng h\u1ee3p to\u00e0n c\u1ea7u v\u1ec1 m\u00e1y tr\u1ed3ng h\u1ea1t gi\u1ed1ng l\u1ea1c Taizy <\/strong><\/h2>    <h3 class=\"wp-block-heading\" id=\"successful-case-4-row-peanut-planter-exported-to-myanmar\"><strong>Tr\u01b0\u1eddng h\u1ee3p th\u00e0nh c\u00f4ng: M\u00e1y tr\u1ed3ng l\u1ea1c 4 h\u00e0ng xu\u1ea5t kh\u1ea9u sang Myanmar<\/strong><\/h3>    <p class=\"translation-block\">N\u0103m nay, qu\u1ea3n l\u00fd b\u00e1n h\u00e0ng c\u1ee7a ch\u00fang t\u00f4i Coco \u0111\u00e3 nh\u1eadn \u0111\u01b0\u1ee3c m\u1ed9t y\u00eau c\u1ea7u t\u1eeb <a href=\"https:\/\/en.wikipedia.org\/wiki\/Myanmar\" target=\"_blank\" rel=\"noreferrer noopener\">Myanmar<\/a> v\u1ec1 m\u00e1y gieo l\u1ea1c. M\u1ed9t kh\u00e1ch h\u00e0ng \u1edf Myanmar c\u00f3 m\u1ed9t m\u1ea3nh \u0111\u1ea5t n\u00ean mu\u1ed1n mua m\u00e1y gieo l\u1ea1c \u0111\u1ec3 canh t\u00e1c. Sau khi t\u00ecm hi\u1ec3u v\u1ec1 ng\u00e2n s\u00e1ch v\u00e0 nhu c\u1ea7u canh t\u00e1c c\u1ee7a anh \u1ea5y, Coco \u0111\u00e3 gi\u1edbi thi\u1ec7u m\u00e1y tr\u1ed3ng l\u1ea1c c\u00f3 b\u1ed1n h\u00e0ng lu\u1ed1ng. Kh\u00e1ch h\u00e0ng Myanmar \u0111\u00e3 quy\u1ebft \u0111\u1ecbnh mua h\u00e0ng t\u1eeb c\u00f4ng ty ch\u00fang t\u00f4i. C\u1ea3 hai b\u00ean \u0111\u00e3 x\u00e1c nh\u1eadn t\u1eebng m\u00e1y v\u00e0 ho\u00e0n t\u1ea5t th\u1ecfa thu\u1eadn. Sau khi nh\u1eadn m\u00e1y, anh \u1ea5y \u0111\u00e3 g\u1eedi ph\u1ea3n h\u1ed3i t\u1ed1t v\u00e0 khen ng\u1ee3i m\u00e1y c\u1ee7a ch\u00fang t\u00f4i.<\/p>   <div class=\"wp-block-image\"> <figure class=\"aligncenter size-full\"><img loading=\"lazy\" decoding=\"async\" width=\"720\" height=\"540\" src=\"https:\/\/taizyagromachine.com\/wp-content\/uploads\/2022\/01\/Myanmar-customized-4-row-geoundnut-seeder.jpg\" alt=\"m\u00e1y gieo h\u1ea1t l\u1ea1c 4 h\u00e0ng t\u00f9y ch\u1ec9nh cho kh\u00e1ch h\u00e0ng Myanmar\" class=\"wp-image-1862\"\/><figcaption class=\"wp-element-caption\"> m\u00e1y gieo h\u1ea1t l\u1ea1c 4 h\u00e0ng t\u00f9y ch\u1ec9nh cho kh\u00e1ch h\u00e0ng Myanmar<\/figcaption><\/figure> <\/div>   <h3 class=\"wp-block-heading\"><strong>Stroy th\u00e0nh c\u00f4ng: M\u00e1y tr\u1ed3ng \u0111\u1eadu ph\u1ed9ng 6 h\u00e0ng \u0111\u01b0\u1ee3c b\u00e1n cho \u0110an M\u1ea1ch<\/strong><\/h3>    <p>M\u00e1y gieo h\u1ea1t l\u1ea1c 6 h\u00e0ng hi\u1ec7n \u0111\u1ea1i m\u1edbi \u0111\u00e2y \u0111\u00e3 \u0111\u01b0\u1ee3c xu\u1ea5t kh\u1ea9u th\u00e0nh c\u00f4ng sang \u0110an M\u1ea1ch, mang l\u1ea1i gi\u1ea3i ph\u00e1p hi\u1ec7n \u0111\u1ea1i cho s\u1ea3n xu\u1ea5t n\u00f4ng nghi\u1ec7p \u0111\u1ecba ph\u01b0\u01a1ng. V\u1edbi ch\u1ee9c n\u0103ng tr\u1ed3ng \u0111\u1ed3ng th\u1eddi 6 h\u00e0ng hi\u1ec7u qu\u1ea3, m\u00e1y tr\u1ed3ng n\u00e0y cung c\u1ea5p l\u1ef1a ch\u1ecdn tr\u1ed3ng \u0111\u1eadu ph\u1ed9ng nhanh h\u01a1n v\u00e0 thu\u1eadn ti\u1ec7n h\u01a1n \u1edf \u0110an M\u1ea1ch. C\u00f4ng ngh\u1ec7 ti\u00ean ti\u1ebfn c\u1ee7a n\u00f3 kh\u00f4ng ch\u1ec9 c\u1ea3i thi\u1ec7n hi\u1ec7u qu\u1ea3 tr\u1ed3ng tr\u1ecdt m\u00e0 c\u00f2n gi\u00fap n\u00f4ng d\u00e2n \u0110an M\u1ea1ch th\u00edch nghi t\u1ed1t h\u01a1n v\u1edbi m\u00f4i tr\u01b0\u1eddng tr\u1ed3ng tr\u1ecdt \u0111\u1ecba ph\u01b0\u01a1ng. <\/p>    <figure class=\"wp-block-gallery aligncenter has-nested-images columns-default is-cropped wp-block-gallery-5 is-layout-flex wp-block-gallery-is-layout-flex\"> <figure class=\"wp-block-image size-large\"><img loading=\"lazy\" decoding=\"async\" width=\"720\" height=\"540\" data-id=\"6160\" src=\"https:\/\/taizyagromachine.com\/wp-content\/uploads\/2022\/01\/6-row-groundnut-planter-for-sale.webp\" alt=\"C\u1ea7n b\u00e1n ch\u1eadu tr\u1ed3ng l\u1ea1c 6 h\u00e0ng\" class=\"wp-image-6160\"\/><figcaption class=\"wp-element-caption\">C\u1ea7n b\u00e1n ch\u1eadu tr\u1ed3ng l\u1ea1c 6 h\u00e0ng<\/figcaption><\/figure>    <figure class=\"wp-block-image size-large\"><img loading=\"lazy\" decoding=\"async\" width=\"720\" height=\"540\" data-id=\"6161\" src=\"https:\/\/taizyagromachine.com\/wp-content\/uploads\/2022\/01\/customized-peanut-planter-equipment.webp\" alt=\"thi\u1ebft b\u1ecb tr\u1ed3ng \u0111\u1eadu ph\u1ed9ng t\u00f9y ch\u1ec9nh\" class=\"wp-image-6161\"\/><figcaption class=\"wp-element-caption\">thi\u1ebft b\u1ecb tr\u1ed3ng \u0111\u1eadu ph\u1ed9ng t\u00f9y ch\u1ec9nh<\/figcaption><\/figure> <\/figure>    <figure class=\"wp-block-gallery aligncenter has-nested-images columns-default is-cropped wp-block-gallery-6 is-layout-flex wp-block-gallery-is-layout-flex\"> <figure class=\"wp-block-image size-large\"><img loading=\"lazy\" decoding=\"async\" width=\"720\" height=\"540\" data-id=\"6163\" src=\"https:\/\/taizyagromachine.com\/wp-content\/uploads\/2022\/01\/package-groundnut-sowing-machine-in-wooden-cases.webp\" alt=\"M\u00e1y gieo h\u1ea1t l\u1ea1c \u0111\u00f3ng g\u00f3i th\u00f9ng g\u1ed7\" class=\"wp-image-6163\"\/><figcaption class=\"wp-element-caption\">M\u00e1y gieo h\u1ea1t l\u1ea1c \u0111\u00f3ng g\u00f3i th\u00f9ng g\u1ed7<\/figcaption><\/figure>    <figure class=\"wp-block-image size-large\"><img loading=\"lazy\" decoding=\"async\" width=\"720\" height=\"540\" data-id=\"6162\" src=\"https:\/\/taizyagromachine.com\/wp-content\/uploads\/2022\/01\/export-6-row-peanut-planter-to-Denmark.webp\" alt=\"xu\u1ea5t kh\u1ea9u m\u00e1y tr\u1ed3ng \u0111\u1eadu ph\u1ed9ng 6 h\u00e0ng sang \u0110an M\u1ea1ch\" class=\"wp-image-6162\"\/><figcaption class=\"wp-element-caption\">xu\u1ea5t kh\u1ea9u m\u00e1y tr\u1ed3ng \u0111\u1eadu ph\u1ed9ng 6 h\u00e0ng sang \u0110an M\u1ea1ch<\/figcaption><\/figure> <\/figure>    <p>S\u1ef1 ki\u1ec7n xu\u1ea5t kh\u1ea9u n\u00e0y kh\u00f4ng ch\u1ec9 l\u00e0 s\u1ef1 trao \u0111\u1ed5i xuy\u00ean bi\u00ean gi\u1edbi v\u1ec1 c\u00f4ng ngh\u1ec7 m\u00e1y m\u00f3c n\u00f4ng nghi\u1ec7p m\u00e0 c\u00f2n \u0111\u00f3ng g\u00f3p t\u00edch c\u1ef1c v\u00e0o qu\u00e1 tr\u00ecnh hi\u1ec7n \u0111\u1ea1i h\u00f3a n\u1ec1n n\u00f4ng nghi\u1ec7p \u0110an M\u1ea1ch, m\u1edf ra c\u00e1c c\u00f4ng c\u1ee5 gieo h\u1ea1t ti\u00ean ti\u1ebfn h\u01a1n cho n\u00f4ng nghi\u1ec7p \u0111\u1ecba ph\u01b0\u01a1ng.<\/p>    <h2 class=\"wp-block-heading\"><strong>Video M\u00e1y gieo h\u1ea1t l\u1ea1c c\u1ee7a Taizy<\/strong><\/h2>    <figure class=\"wp-block-embed is-type-video is-provider-youtube wp-block-embed-youtube wp-embed-aspect-16-9 wp-has-aspect-ratio\"><div class=\"wp-block-embed__wrapper\"> <iframe loading=\"lazy\" title=\"M\u00e1y tr\u1ed3ng \u0111\u1eadu ph\u1ed9ng-l\u1ea1c nhi\u1ec1u h\u00e0ng c\u1ee7a Taizy 2023 #planter #peanut #agricultural\" width=\"500\" height=\"281\" src=\"https:\/\/www.youtube.com\/embed\/rTrY3IFrM9Y?feature=oembed\" frameborder=\"0\" allow=\"accelerometer; autoplay; clipboard-write; encrypted-media; gyroscope; picture-in-picture; web-share\" referrerpolicy=\"strict-origin-when-cross-origin\" allowfullscreen><\/iframe> <\/div><\/figure>","protected":false},"excerpt":{"rendered":"<p>Groundnut sowing machine&nbsp;is designed for groundnuts planting in the sandy land, wheat stubble land, and soft lands(no stones). The groundnut planter should work with the tractor of 40-70HP, adopting a 3-linkage suspension. Because the peanut planter itself has no power to drive. The peanut seeder has advantages of precision planting, high efficiency, and stable performance. [&hellip;]<\/p>\n","protected":false},"author":1,"featured_media":2164,"parent":0,"template":"","tags":[154,45,46,149,40,39,42,152,151,43,153,44,150],"product-type":[21],"class_list":["post-1858","product","type-product","status-publish","has-post-thumbnail","hentry","tag-2-row-peanut-planter","tag-4-row-groundnut-sowing-machine","tag-4-row-peanut-sowing-machine","tag-double-row-planter","tag-groundnut-planter","tag-groundnut-sowing-machine","tag-peanut-planter","tag-peanut-planter-equipment","tag-peanut-planter-machine","tag-peanut-planting-machine","tag-peanut-seed-planter","tag-peanut-sowing-machine","tag-twin-row-peanut-planter-for-sale","product-type-peanut-machine"],"_links":{"self":[{"href":"https:\/\/taizyagromachine.com\/vi\/wp-json\/wp\/v2\/product\/1858","targetHints":{"allow":["GET"]}}],"collection":[{"href":"https:\/\/taizyagromachine.com\/vi\/wp-json\/wp\/v2\/product"}],"about":[{"href":"https:\/\/taizyagromachine.com\/vi\/wp-json\/wp\/v2\/types\/product"}],"author":[{"embeddable":true,"href":"https:\/\/taizyagromachine.com\/vi\/wp-json\/wp\/v2\/users\/1"}],"wp:featuredmedia":[{"embeddable":true,"href":"https:\/\/taizyagromachine.com\/vi\/wp-json\/wp\/v2\/media\/2164"}],"wp:attachment":[{"href":"https:\/\/taizyagromachine.com\/vi\/wp-json\/wp\/v2\/media?parent=1858"}],"wp:term":[{"taxonomy":"post_tag","embeddable":true,"href":"https:\/\/taizyagromachine.com\/vi\/wp-json\/wp\/v2\/tags?post=1858"},{"taxonomy":"product-type","embeddable":true,"href":"https:\/\/taizyagromachine.com\/vi\/wp-json\/wp\/v2\/product-type?post=1858"}],"curies":[{"name":"wp","href":"https:\/\/api.w.org\/{rel}","templated":true}]}}