{"id":1974,"date":"2022-02-08T06:54:20","date_gmt":"2022-02-08T06:54:20","guid":{"rendered":"https:\/\/taizyagromachine.com\/"},"modified":"2025-02-26T10:27:05","modified_gmt":"2025-02-26T02:27:05","slug":"automatic-sesame-seed-peeling-and-hulling-machine","status":"publish","type":"product","link":"https:\/\/taizyagromachine.com\/vi\/product\/automatic-sesame-seed-peeling-and-hulling-machine\/","title":{"rendered":"M\u00e1y B\u00f3c V\u1ecf M\u00e8 | M\u00e1y t\u00e1ch v\u1ecf h\u1ea1t m\u00e8 t\u1ef1 \u0111\u1ed9ng"},"content":{"rendered":"<p class=\"translation-block\"><strong>M\u00e1y b\u00f3c v\u1ecf m\u00e8<\/strong> \u0111\u01b0\u1ee3c thi\u1ebft k\u1ebf \u0111\u1eb7c bi\u1ec7t \u0111\u1ec3 t\u00e1ch v\u1ecf m\u00e8, h\u1ea1t b\u00ed ng\u00f4 cho nhi\u1ec1u m\u1ee5c \u0111\u00edch s\u1eed d\u1ee5ng, ch\u1ee7 y\u1ebfu trong ng\u00e0nh th\u1ef1c ph\u1ea9m. M\u00e1y l\u00e0m s\u1ea1ch v\u1ecf m\u00e8 n\u00e0y k\u1ebft h\u1ee3p l\u00e0m s\u1ea1ch v\u00e0 lo\u1ea1i b\u1ecf v\u1ecf m\u00e8, gi\u00fap thu \u0111\u01b0\u1ee3c m\u00e8 ch\u1ea5t l\u01b0\u1ee3ng cao. Ngo\u00e0i ra, m\u00e1y t\u00e1ch v\u1ecf m\u00e8 c\u00f3 t\u1ef7 l\u1ec7 t\u00e1ch v\u1ecf \u0111\u1ea1t 80%-85%. B\u00ean c\u1ea1nh \u0111\u00f3, m\u00e1y r\u1eeda v\u00e0 b\u00f3c v\u1ecf m\u00e8 t\u1ef1 \u0111\u1ed9ng c\u00f3 \u01b0u \u0111i\u1ec3m b\u00f3c v\u1ecf k\u1ef9 l\u01b0\u1ee1ng, h\u1ea1t nguy\u00ean v\u1eb9n, tr\u1eafng v\u00e0 s\u00e1ng. <\/p>    <p>H\u01a1n n\u1eefa, chi\u1ebfc m\u00e1y r\u1eeda v\u00e0 b\u00f3c v\u1ecf m\u00e8 n\u00e0y \u0111\u01b0\u1ee3c b\u00e1n c\u00f3 ch\u1ee9ng ch\u1ec9 CE. V\u00ec v\u1eady, kh\u00e1ch h\u00e0ng n\u01b0\u1edbc ngo\u00e0i c\u00f3 th\u1ec3 ch\u1ea5p nh\u1eadn t\u1ed1t h\u01a1n v\u00e0 d\u1ec5 d\u00e0ng h\u01a1n. V\u00ec v\u1eady, m\u00e1y r\u1eeda v\u00e0 g\u1ecdt v\u1ecf m\u00e8 c\u1ee7a ch\u00fang t\u00f4i r\u1ea5t ph\u1ed5 bi\u1ebfn \u1edf nhi\u1ec1u n\u01b0\u1edbc v\u00e0 khu v\u1ef1c, nh\u01b0 Nigeria, Burkina Faso, Ghana, Tanzania, Yemen, v.v. <\/p>    <p>N\u1ebfu quan t\u00e2m \u0111\u1ebfn vi\u1ec7c b\u00f3c h\u1ea1t b\u1eb1ng ph\u01b0\u01a1ng ph\u00e1p \u01b0\u1edbt, h\u00e3y li\u00ean h\u1ec7 ngay v\u1edbi ch\u00fang t\u00f4i v\u00e0 ch\u00fang t\u00f4i s\u1ebd li\u00ean h\u1ec7 l\u1ea1i v\u1edbi b\u1ea1n trong th\u1eddi gian s\u1edbm nh\u1ea5t!<\/p>    <figure class=\"wp-block-embed is-type-video is-provider-youtube wp-block-embed-youtube wp-embed-aspect-16-9 wp-has-aspect-ratio\"><div class=\"wp-block-embed__wrapper\"> <iframe loading=\"lazy\" title=\"M\u00e1y b\u00f3c v\u1ecf v\u00e0 r\u1eeda h\u1ea1t b\u00ed ng\u00f4 - Nh\u00e0 s\u1ea3n xu\u1ea5t &amp; cung c\u1ea5p m\u00e1y b\u00f3c v\u1ecf m\u00e8\" width=\"500\" height=\"281\" src=\"https:\/\/www.youtube.com\/embed\/z8xSX3G2aGU?feature=oembed\" frameborder=\"0\" allow=\"accelerometer; autoplay; clipboard-write; encrypted-media; gyroscope; picture-in-picture; web-share\" referrerpolicy=\"strict-origin-when-cross-origin\" allowfullscreen><\/iframe> <\/div><figcaption class=\"wp-element-caption\">Video m\u00e1y b\u00f3c v\u1ecf h\u1ea1t v\u1eebng theo ph\u01b0\u01a1ng ph\u00e1p \u01b0\u1edbt<\/figcaption><\/figure>    <h2 class=\"wp-block-heading\"><strong>Th\u00f4ng s\u1ed1 k\u1ef9 thu\u1eadt c\u1ee7a m\u00e1y b\u00f3c v\u1ecf m\u00e8<\/strong><\/h2>    <figure class=\"wp-block-table\"><table><tbody><tr><td>T\u00ean m\u00e1y<\/td><td>M\u00e1y t\u00e1ch v\u1ecf m\u00e8<\/td><\/tr><tr><td>Quy\u1ec1n l\u1ef1c<\/td><td>\u0110\u1ed9ng c\u01a1 t\u00e1ch v\u1ecf 2.2kw,<br>\u0110\u1ed9ng c\u01a1 t\u00e1ch 1,5 kw<\/td><\/tr><tr><td>Dung t\u00edch<\/td><td>400-500kg\/gi\u1edd<br>30-50kg\/th\u00f9ng<\/td><\/tr><tr><td>T\u1ef7 l\u1ec7 t\u00e1ch v\u1ecf<\/td><td>80%-85%<\/td><\/tr><tr><td>C\u00e2n n\u1eb7ng<\/td><td>500kg<\/td><\/tr><tr><td>K\u00edch c\u1ee1<\/td><td>1400*700*2000mm<\/td><\/tr><tr><td>V\u1eadt li\u1ec7u m\u00e1y<\/td><td>\u0110\u01b0\u1ee3c l\u00e0m b\u1eb1ng th\u00e9p kh\u00f4ng g\u1ec9<\/td><\/tr><\/tbody><\/table><figcaption class=\"wp-element-caption\">d\u1eef li\u1ec7u chi ti\u1ebft c\u1ee7a m\u00e1y b\u00f3c v\u1ecf h\u1ea1t v\u1eebng<\/figcaption><\/figure>    <h2 class=\"wp-block-heading\" id=\"features-of-sesame-peeling-machine-for-sale\"><strong>\u0110\u1eb7c \u0111i\u1ec3m c\u1ee7a m\u00e1y b\u00f3c v\u1ecf m\u00e8 \u0111\u1ec3 b\u00e1n<\/strong><\/h2>    <ul class=\"wp-block-list\"> <li>K\u00edch th\u01b0\u1edbc nh\u1ecf, c\u1ea5u tr\u00fac \u0111\u01a1n gi\u1ea3n, h\u00ecnh th\u1ee9c \u0111\u1eb9p, v\u1eadn h\u00e0nh d\u1ec5 d\u00e0ng v\u00e0 t\u1ef7 l\u1ec7 b\u1ea3o tr\u00ec th\u1ea5p.<\/li>    <li>Ch\u1ea5t li\u1ec7u th\u00e9p kh\u00f4ng g\u1ec9, b\u1ec1n v\u00e0 kh\u00f4ng g\u00e2y h\u1ea1i cho m\u00f4i tr\u01b0\u1eddng.<\/li>    <li>T\u00ednh ch\u1ea5t c\u01a1 h\u1ecdc t\u1ed1t, tu\u1ed5i th\u1ecd d\u00e0i.<\/li>    <li>Ch\u1ed1ng \u0103n m\u00f2n t\u1ed1t, ch\u1ed1ng m\u00e0i m\u00f2n.<\/li>    <li>M\u00e1y b\u00f3c v\u1ecf m\u00e8 n\u00e0y s\u00e1ng b\u00f3ng, s\u1ea1ch s\u1ebd, cao c\u1ea5p.<\/li> <\/ul>    <h2 class=\"wp-block-heading\" id=\"sesame-hulling-process\"><strong>Quy tr\u00ecnh t\u00e1ch v\u1ecf m\u00e8 l\u00e0 g\u00ec?<\/strong><\/h2>   <div id=\"rank-math-howto\" class=\"rank-math-block\" > <div class=\"rank-math-howto-description\">  <p>L\u00e0 nh\u00e0 s\u1ea3n xu\u1ea5t v\u00e0 cung c\u1ea5p m\u00e1y n\u00f4ng nghi\u1ec7p chuy\u00ean nghi\u1ec7p, m\u00e1y r\u1eeda v\u00e0 g\u1ecdt v\u1ecf m\u00e8 tu\u00e2n theo m\u1ed9t quy tr\u00ecnh nh\u1ea5t \u0111\u1ecbnh \u0111\u1ec3 t\u00e1ch v\u1ecf v\u1eebng. Qu\u00e1 tr\u00ecnh n\u00e0y nh\u01b0 sau:<\/p>  <\/div>  <div class=\"rank-math-steps\"> <div id=\"howto-step-1704185703290\" class=\"rank-math-step\"> <h3 class=\"rank-math-step-title\"><strong>Qu\u00e1 tr\u00ecnh chu\u1ea9n b\u1ecb v\u00e0 l\u1ed9t ban \u0111\u1ea7u<\/strong><\/h3> <div class=\"rank-math-step-content\"><p>\u1ede giai \u0111o\u1ea1n \u0111\u1ea7u, v\u1edbi t\u01b0 c\u00e1ch l\u00e0 nh\u00e0 s\u1ea3n xu\u1ea5t m\u00e1y n\u00f4ng nghi\u1ec7p chuy\u00ean nghi\u1ec7p, h\u00e3y b\u1eaft \u0111\u1ea7u b\u1eb1ng c\u00e1ch tr\u1ed9n h\u1ea1t m\u00e8 th\u00f4 v\u1edbi n\u01b0\u1edbc kho\u1ea3ng 20% \u0111\u1ec3 t\u1ea1o \u0111i\u1ec1u ki\u1ec7n thu\u1eadn l\u1ee3i cho qu\u00e1 tr\u00ecnh b\u00f3c v\u1ecf. Sau khi h\u1ed7n h\u1ee3p \u0111\u00e3 \u0111\u01b0\u1ee3c chu\u1ea9n b\u1ecb \u0111\u1ea7y \u0111\u1ee7, h\u00e3y b\u1eadt m\u00e1y b\u00f3c v\u1ecf v\u1eebng.<\/p> <\/div> <\/div> <div id=\"howto-step-1704185761442\" class=\"rank-math-step\"> <h3 class=\"rank-math-step-title\"><strong>L\u1ed9t v\u1ecf<\/strong><\/h3> <div class=\"rank-math-step-content\"><p>Sau th\u1eddi gian b\u00f3c v\u1ecf \u0111\u01b0\u1ee3c ch\u1ec9 \u0111\u1ecbnh, b\u01b0\u1edbc ti\u1ebfp theo l\u00e0 chuy\u1ec3n h\u1ea1t v\u1eebng \u0111\u00e3 b\u00f3c v\u1ecf. M\u1edf c\u1ed5ng x\u1ea3 c\u1ee7a m\u00e1y b\u00f3c v\u1ecf v\u00e0 c\u1ea9n th\u1eadn \u0111\u1ed5 h\u1ea1t v\u00e0o b\u1ed9 ph\u1eadn t\u00e1ch c\u1ee7a m\u00e1y. B\u1ed9 ph\u1eadn n\u00e0y c\u1ee7a m\u00e1y m\u00f3c t\u00e1ch v\u1eebng \u0111\u00e3 b\u00f3c v\u1ecf ra kh\u1ecfi v\u1ecf.<\/p> <\/div> <\/div> <div id=\"howto-step-1704185934488\" class=\"rank-math-step\"> <h3 class=\"rank-math-step-title\"><strong>T\u00e1ch<\/strong><\/h3> <div class=\"rank-math-step-content\"><p>Trong qu\u00e1 tr\u00ecnh t\u00e1ch, \u0111i\u1ec1u quan tr\u1ecdng l\u00e0 ph\u1ea3i duy tr\u00ec t\u1ef7 l\u1ec7 n\u01b0\u1edbc v\u00e0 v\u1eebng t\u1ed1i \u01b0u l\u00e0 3:1. \u0110i\u1ec1u n\u00e0y \u0111\u1ea3m b\u1ea3o r\u1eb1ng m\u00e1y ph\u00e2n t\u00e1ch c\u00f3 th\u1ec3 ho\u1ea1t \u0111\u1ed9ng v\u1edbi hi\u1ec7u qu\u1ea3 t\u1ed1t nh\u1ea5t trong khi t\u00e1ch h\u1ea1t v\u1eebng s\u1ea1ch ra kh\u1ecfi v\u1ecf. \u0110\u1ed3ng th\u1eddi m\u1edf van \u0111\u00e1y c\u1ee7a b\u00ecnh t\u00e1ch.<\/p> <\/div> <\/div> <\/div> <\/div>       <figure class=\"wp-block-embed is-type-video is-provider-youtube wp-block-embed-youtube wp-embed-aspect-16-9 wp-has-aspect-ratio\"><div class=\"wp-block-embed__wrapper\"> <iframe loading=\"lazy\" title=\"H\u01b0\u1edbng d\u1eabn ho\u1ea1t \u0111\u1ed9ng ch\u00ednh x\u00e1c c\u1ee7a m\u00e1y bong tr\u00f3c h\u1ea1t m\u00e8 | R\u1eeda m\u00e8 \u0111en v\u00e0 tr\u1eafng\" width=\"500\" height=\"281\" src=\"https:\/\/www.youtube.com\/embed\/23n8PzepCoA?feature=oembed\" frameborder=\"0\" allow=\"accelerometer; autoplay; clipboard-write; encrypted-media; gyroscope; picture-in-picture; web-share\" referrerpolicy=\"strict-origin-when-cross-origin\" allowfullscreen><\/iframe> <\/div><figcaption class=\"wp-element-caption\">qu\u00e1 tr\u00ecnh r\u1eeda h\u1ea1t m\u00e8 v\u00e0 bong tr\u00f3c<\/figcaption><\/figure>    <h2 class=\"wp-block-heading\" id=\"wide-applications-of-sesames\"><strong>\u1ee8ng d\u1ee5ng r\u1ed9ng r\u00e3i c\u1ee7a b\u00f3c v\u1ecf<\/strong> <strong>M\u00e8<\/strong> <\/h2>    <p>Sau khi t\u00e1ch v\u1ecf v\u1eebng, ch\u00fang ta c\u00f3 th\u1ec3 thu \u0111\u01b0\u1ee3c h\u1ea1t v\u1eebng ch\u1ea5t l\u01b0\u1ee3ng cao. Nh\u01b0ng ch\u1ee7 y\u1ebfu \u0111\u01b0\u1ee3c s\u1eed d\u1ee5ng \u1edf \u0111\u00e2u? C\u00e2u tr\u1ea3 l\u1eddi ch\u1eafc ch\u1eafn l\u00e0 trong ng\u00e0nh th\u1ef1c ph\u1ea9m.<\/p>   <div class=\"wp-block-image\"> <figure class=\"aligncenter size-full\"><img loading=\"lazy\" decoding=\"async\" width=\"720\" height=\"540\" src=\"https:\/\/taizyagromachine.com\/wp-content\/uploads\/2022\/02\/wide-applications-sesame-dehulling-machine.jpg\" alt=\"\u1ee9ng d\u1ee5ng r\u1ed9ng r\u00e3i-m\u00e1y t\u00e1ch v\u1ecf v\u1eebng\" class=\"wp-image-1976\" srcset=\"https:\/\/taizyagromachine.com\/wp-content\/uploads\/2022\/02\/wide-applications-sesame-dehulling-machine.jpg 720w, https:\/\/taizyagromachine.com\/wp-content\/uploads\/2022\/02\/wide-applications-sesame-dehulling-machine-300x225.jpg 300w\" sizes=\"auto, (max-width: 720px) 100vw, 720px\" \/><figcaption class=\"wp-element-caption\">\u1ee9ng d\u1ee5ng r\u1ed9ng r\u00e3i c\u1ee7a m\u00e1y b\u00f3c v\u1ecf v\u00e0 b\u00f3c v\u1ecf h\u1ea1t v\u1eebng<\/figcaption><\/figure> <\/div>   <ul class=\"wp-block-list\"> <li>Th\u00eam h\u1ea1t v\u1eebng v\u00e0o b\u00e1nh m\u00ec, b\u00e1nh quy v\u00e0 m\u00f3n tr\u00e1ng mi\u1ec7ng \u0111\u1ec3 ch\u00fang h\u1ea5p d\u1eabn v\u00e0 ngon mi\u1ec7ng h\u01a1n.<\/li>    <li>L\u00e0 nguy\u00ean li\u1ec7u th\u00f4, n\u00f3 \u0111\u01b0\u1ee3c s\u1eed d\u1ee5ng \u0111\u1ec3 s\u1ea3n xu\u1ea5t <a href=\"https:\/\/en.wikipedia.org\/wiki\/Tahini\" target=\"_blank\" rel=\"noreferrer noopener\">tahini<\/a>.<\/li>    <li>Th\u00f4ng th\u01b0\u1eddng ch\u00fang ta lu\u00f4n c\u00f3 d\u1ea7u m\u00e8 \u0103n \u0111\u01b0\u1ee3c \u0111\u1ec3 l\u00e0m cho m\u00f3n \u0103n th\u01a1m v\u00e0 ngon h\u01a1n. Ngo\u00e0i ra, d\u1ea7u m\u00e8 c\u00f2n t\u1ed1t cho con ng\u01b0\u1eddi.<\/li>    <li>D\u1ea7u m\u00e8 d\u00f9ng \u0111\u1ec3 massage c\u01a1 th\u1ec3 v\u00e0 ch\u1eefa b\u1ec7nh.<\/li> <\/ul>    <p>T\u1ea5t c\u1ea3 nh\u1eefng \u0111i\u1ec1u tr\u00ean \u0111\u1ec1u c\u1ea7n \u0111\u1ebfn m\u00e1y b\u00f3c v\u1ecf m\u00e8. V\u00ec v\u1eady, \u0111\u1eebng ng\u1ea7n ng\u1ea1i li\u00ean h\u1ec7 v\u1edbi ch\u00fang t\u00f4i \u0111\u1ec3 bi\u1ebft th\u00eam th\u00f4ng tin!<\/p>    <h2 class=\"wp-block-heading\" id=\"how-does-sesame-peeling-machine-work\"><strong>M\u00e1y b\u00f3c v\u1ecf h\u1ea1t m\u00e8 t\u1ef1 \u0111\u1ed9ng ho\u1ea1t \u0111\u1ed9ng nh\u01b0 th\u1ebf n\u00e0o?<\/strong><\/h2>    <p>Video n\u00e0y tr\u00ecnh b\u00e0y chi ti\u1ebft c\u00e1c tr\u1ea1ng th\u00e1i ho\u1ea1t \u0111\u1ed9ng c\u1ee7a m\u00e1y b\u00f3c v\u1ecf m\u00e8. Qua video c\u00e1c b\u1ea1n c\u00f3 th\u1ec3 bi\u1ebft r\u00f5 m\u00e1y b\u00f3c v\u1ecf m\u00e8 ho\u1ea1t \u0111\u1ed9ng \u0111\u1ec3 thu \u0111\u01b0\u1ee3c m\u00e8 \u0103n \u0111\u01b0\u1ee3c.<\/p>    <figure class=\"wp-block-embed is-type-video is-provider-youtube wp-block-embed-youtube\"><div class=\"wp-block-embed__wrapper\"> <iframe loading=\"lazy\" title=\"M\u00e1y b\u00f3c v\u1ecf m\u00e8 | m\u00e1y t\u00e1ch v\u1ecf m\u00e8 | m\u00e1y b\u00f3c v\u1ecf h\u1ea1t v\u1eebng |m\u00e1y t\u00e1ch v\u1ecf v\u1eebng\" width=\"500\" height=\"281\" src=\"https:\/\/www.youtube.com\/embed\/3vg5t99RnuE?feature=oembed\" frameborder=\"0\" allow=\"accelerometer; autoplay; clipboard-write; encrypted-media; gyroscope; picture-in-picture; web-share\" referrerpolicy=\"strict-origin-when-cross-origin\" allowfullscreen><\/iframe> <\/div><figcaption class=\"wp-element-caption\">video ho\u1ea1t \u0111\u1ed9ng c\u1ee7a m\u00e1y b\u00f3c v\u1ecf h\u1ea1t v\u1eebng<\/figcaption><\/figure>    <h2 class=\"wp-block-heading\" id=\"attentions-during-operation\"><strong>L\u01b0u \u00fd khi v\u1eadn h\u00e0nh m\u00e1y b\u00f3c v\u1ecf h\u1ea1t v\u1eebng<\/strong><\/h2>    <p>Khi s\u1eed d\u1ee5ng m\u00e1y b\u00f3c v\u1ecf m\u00e8, b\u1ea1n n\u00ean ch\u00fa \u00fd m\u1ed9t s\u1ed1 \u0111i\u1ec1u sau:<\/p>    <ul class=\"wp-block-list\"> <li>N\u1ebfu m\u00e8 trong m\u00e1y b\u00f3c v\u1ecf m\u00e8 ch\u01b0a x\u1ea3 h\u1ebft th\u00ec r\u1eeda s\u1ea1ch b\u1eb1ng n\u01b0\u1edbc \u1edf nhi\u1ec7t \u0111\u1ed9 b\u00ecnh th\u01b0\u1eddng.<\/li>    <li>Tr\u01b0\u1edbc khi cho h\u1ea1t v\u1eebng \u0111\u00e3 b\u00f3c v\u1ecf v\u00e0o m\u00e1y t\u00e1ch, cho th\u00eam 1\/3 n\u01b0\u1edbc \u0111\u1ec3 tr\u00e1nh v\u1ecf v\u1eebng l\u1ecdt v\u00e0o l\u01b0\u1edbi.<\/li>    <li>L\u01b0\u1ee3ng d\u00f2ng v\u00e0o b\u1eb1ng l\u01b0\u1ee3ng x\u1ea3.\u00a0M\u1ea5t kho\u1ea3ng 5-10 ph\u00fat \u0111\u1ec3 ho\u00e0n th\u00e0nh vi\u1ec7c t\u00e1ch.<\/li> <\/ul>    <h2 class=\"wp-block-heading\" id=\"h-installation-maintenance\"><strong>L\u1eafp \u0111\u1eb7t &amp; B\u1ea3o tr\u00ec M\u00e1y b\u00f3c v\u1ecf m\u00e8<\/strong><\/h2>    <ul class=\"wp-block-list\"> <li>Khi l\u1eafp \u0111\u1eb7t m\u00e1y b\u00f3c v\u1ecf m\u00e8 l\u1ea7n \u0111\u1ea7u ti\u00ean. s\u1eeda ch\u1eefa thi\u1ebft b\u1ecb. Xung quanh ph\u1ea3i c\u00f3 \u0111i\u1ec7n, n\u01b0\u1edbc, tho\u00e1t n\u01b0\u1edbc t\u1ed1t.<\/li>    <li>B\u1eadt ngu\u1ed3n v\u00e0 ki\u1ec3m tra xem thi\u1ebft b\u1ecb c\u00f3 quay ch\u00ednh x\u00e1c kh\u00f4ng.<\/li>    <li>\u0110\u01b0\u1eddng \u1ed1ng v\u00e0o ph\u1ea3i n\u1ed1i v\u1edbi ngu\u1ed3n n\u01b0\u1edbc. N\u1ebfu \u00e1p l\u1ef1c ngu\u1ed3n n\u01b0\u1edbc kh\u00f4ng \u0111\u1ee7, b\u1ea1n c\u1ea7n t\u0103ng \u00e1p l\u1ef1c c\u1ee7a m\u00e1y b\u01a1m n\u01b0\u1edbc.<\/li>    <li>Sau khi s\u1eed d\u1ee5ng, h\u00e3y d\u1ecdn s\u1ea1ch c\u1eb7n thi\u1ebft b\u1ecb h\u00e0ng ng\u00e0y. R\u1eeda s\u1ea1ch b\u1ec1 m\u1eb7t m\u00e0n ph\u00e2n t\u00e1ch b\u1eb1ng n\u01b0\u1edbc. N\u1ebfu c\u00f3 t\u1eafc ngh\u1ebdn, b\u1ea1n c\u00f3 th\u1ec3 s\u1eed d\u1ee5ng s\u00fang n\u01b0\u1edbc \u00e1p l\u1ef1c cao.<\/li>    <li>B\u1ed9 gi\u1ea3m t\u1ed1c n\u00ean \u0111\u01b0\u1ee3c thay th\u1ebf th\u01b0\u1eddng xuy\u00ean b\u1eb1ng d\u1ea7u.<\/li> <\/ul>    <h2 class=\"wp-block-heading\" id=\"h-successful-case-4-sets-of-sesame-hulling-machine-exported-to-nigeria\"><strong>Tr\u01b0\u1eddng h\u1ee3p th\u00e0nh c\u00f4ng: 4 b\u1ed9 m\u00e1y b\u00f3c v\u1ecf m\u00e8 xu\u1ea5t kh\u1ea9u sang Nigeria  <\/strong><\/h2>    <p>V\u00e0o th\u00e1ng 3 n\u0103m nay, ch\u00fang t\u00f4i nh\u1eadn \u0111\u01b0\u1ee3c y\u00eau c\u1ea7u t\u1eeb m\u1ed9t kh\u00e1ch h\u00e0ng \u1edf Nigeria v\u1ec1 m\u00e1y b\u00f3c v\u1ecf h\u1ea1t m\u00e8. \u00d4ng ch\u1ee7 y\u1ebfu cung c\u1ea5p h\u1ea1t m\u00e8 ch\u1ea5t l\u01b0\u1ee3ng t\u1ed1t cho m\u1ed9t s\u1ed1 nh\u00e0 m\u00e1y ch\u1ebf bi\u1ebfn th\u1ef1c ph\u1ea9m. V\u00ec v\u1eady, anh mu\u1ed1n mua m\u1ed9t chi\u1ebfc m\u00e1y b\u00f3c v\u1ecf h\u1ea1t m\u00e8 \u0111\u1ec3 n\u00e2ng cao hi\u1ec7u qu\u1ea3 s\u1eed d\u1ee5ng, \u0111\u1ed3ng th\u1eddi \u0111\u1ea3m b\u1ea3o ch\u1ea5t l\u01b0\u1ee3ng c\u1ee7a h\u1ea1t v\u1eebng. <\/p>    <p>V\u00ec y\u00eau c\u1ea7u \u0111\u00e3 r\u00f5 r\u00e0ng n\u00ean gi\u00e1m \u0111\u1ed1c b\u00e1n h\u00e0ng c\u1ee7a ch\u00fang t\u00f4i, Coco, \u0111\u00e3 gi\u1edbi thi\u1ec7u cho anh \u1ea5y v\u1ec1 hi\u1ec7u su\u1ea5t, th\u00f4ng s\u1ed1, c\u1ea5u h\u00ecnh v\u00e0 ch\u1ee9c n\u0103ng c\u1ee7a m\u00e1y b\u00f3c v\u1ecf m\u00e8 c\u1ee7a ch\u00fang t\u00f4i, \u0111\u1ed3ng th\u1eddi g\u1eedi \u1ea3nh v\u00e0 video ho\u1ea1t \u0111\u1ed9ng. Kh\u00e1ch h\u00e0ng Nigeria h\u00e0i l\u00f2ng v\u00e0 \u0111\u1eb7t mua ngay 4 chi\u1ebfc. Sau \u0111\u00f3 ch\u00fang t\u00f4i \u0111\u00f3ng g\u00f3i m\u00e1y v\u00e0o h\u1ed9p g\u1ed7 v\u00e0 chuy\u1ec3n ch\u00fang \u0111\u1ebfn \u0111\u1ea5t n\u01b0\u1edbc c\u1ee7a anh \u1ea5y.<\/p>    <figure class=\"wp-block-gallery aligncenter has-nested-images columns-default is-cropped wp-block-gallery-2 is-layout-flex wp-block-gallery-is-layout-flex\"> <figure class=\"wp-block-image size-full\"><img loading=\"lazy\" decoding=\"async\" width=\"720\" height=\"540\" data-id=\"2684\" src=\"https:\/\/taizyagromachine.com\/wp-content\/uploads\/2022\/05\/packing-sesame-seed-hulling-machine.jpg\" alt=\"m\u00e1y \u0111\u00f3ng g\u00f3i-v\u1eebng-h\u1ea1t-v\u1ecf\" class=\"wp-image-2684\"\/><figcaption class=\"wp-element-caption\">m\u00e1y \u0111\u00f3ng g\u00f3i h\u1ea1t v\u1eebng<\/figcaption><\/figure>    <figure class=\"wp-block-image size-full\"><img loading=\"lazy\" decoding=\"async\" width=\"720\" height=\"540\" data-id=\"2683\" src=\"https:\/\/taizyagromachine.com\/wp-content\/uploads\/2022\/05\/package.jpg\" alt=\"b\u01b0u ki\u1ec7n\" class=\"wp-image-2683\"\/><figcaption class=\"wp-element-caption\">b\u01b0u ki\u1ec7n<\/figcaption><\/figure> <\/figure>    <h2 class=\"wp-block-heading\" id=\"h-\"><strong>H\u1ecfi v\u1ec1 gi\u00e1 m\u00e1y b\u00f3c v\u1ecf m\u00e8!<\/strong><\/h2>    <p class=\"translation-block\">B\u1ea1n mu\u1ed1n b\u00f3c v\u1ecf h\u1ea1t nhanh ch\u00f3ng v\u00e0 an to\u00e0n? N\u00f3 kh\u00e1c v\u1edbi <a href=\"https:\/\/taizyagromachine.com\/vi\/product\/multifunctional-thresher\/\">multifunctional thresher machine<\/a>, n\u1ebfu mu\u1ed1n bi\u1ebft th\u00eam chi ti\u1ebft, vui l\u00f2ng li\u00ean h\u1ec7 v\u1edbi ch\u00fang t\u00f4i v\u00e0 ch\u00fang t\u00f4i s\u1ebd gi\u1edbi thi\u1ec7u m\u00e1y b\u00f3c v\u1ecf m\u00e8 ph\u00f9 h\u1ee3p nh\u1ea5t v\u00e0 \u0111\u01b0a ra \u01b0u \u0111\u00e3i t\u1ed1t nh\u1ea5t cho nhu c\u1ea7u c\u1ee7a b\u1ea1n.<\/p>","protected":false},"excerpt":{"rendered":"<p>M\u00e1y b\u00f3c v\u1ecf m\u00e8 \u0111\u01b0\u1ee3c thi\u1ebft k\u1ebf \u0111\u1eb7c bi\u1ec7t \u0111\u1ec3 t\u00e1ch v\u1ecf v\u1eebng, h\u1ea1t b\u00ed v\u1edbi t\u1ef7 l\u1ec7 t\u00e1ch v\u1ecf 80%-85%.   B\u00e0i vi\u1ebft n\u00e0y m\u00f4 t\u1ea3 chi ti\u1ebft c\u00e1c th\u00f4ng s\u1ed1 c\u1ee7a m\u00e1y, \u1ee9ng d\u1ee5ng v\u00e0 c\u00e1ch s\u1eed d\u1ee5ng m\u00e1y b\u00f3c v\u1ecf m\u00e8.<\/p>","protected":false},"author":1,"featured_media":2161,"parent":0,"template":"","tags":[215],"product-type":[22],"class_list":["post-1974","product","type-product","status-publish","has-post-thumbnail","hentry","tag-sesame-peeling-machine","product-type-others"],"_links":{"self":[{"href":"https:\/\/taizyagromachine.com\/vi\/wp-json\/wp\/v2\/product\/1974","targetHints":{"allow":["GET"]}}],"collection":[{"href":"https:\/\/taizyagromachine.com\/vi\/wp-json\/wp\/v2\/product"}],"about":[{"href":"https:\/\/taizyagromachine.com\/vi\/wp-json\/wp\/v2\/types\/product"}],"author":[{"embeddable":true,"href":"https:\/\/taizyagromachine.com\/vi\/wp-json\/wp\/v2\/users\/1"}],"wp:featuredmedia":[{"embeddable":true,"href":"https:\/\/taizyagromachine.com\/vi\/wp-json\/wp\/v2\/media\/2161"}],"wp:attachment":[{"href":"https:\/\/taizyagromachine.com\/vi\/wp-json\/wp\/v2\/media?parent=1974"}],"wp:term":[{"taxonomy":"post_tag","embeddable":true,"href":"https:\/\/taizyagromachine.com\/vi\/wp-json\/wp\/v2\/tags?post=1974"},{"taxonomy":"product-type","embeddable":true,"href":"https:\/\/taizyagromachine.com\/vi\/wp-json\/wp\/v2\/product-type?post=1974"}],"curies":[{"name":"wp","href":"https:\/\/api.w.org\/{rel}","templated":true}]}}