{"id":1989,"date":"2022-02-09T06:55:47","date_gmt":"2022-02-09T06:55:47","guid":{"rendered":"https:\/\/taizyagromachine.com\/"},"modified":"2025-01-02T13:55:56","modified_gmt":"2025-01-02T05:55:56","slug":"watermelon-and-pumpkin-seed-harvester","status":"publish","type":"product","link":"https:\/\/taizyagromachine.com\/vi\/product\/watermelon-and-pumpkin-seed-harvester\/","title":{"rendered":"M\u00e1y thu ho\u1ea1ch h\u1ea1t d\u01b0a h\u1ea5u v\u00e0 b\u00ed ng\u00f4"},"content":{"rendered":"<p class=\"translation-block\"><strong>M\u00e1y thu ho\u1ea1ch h\u1ea1t b\u00ed ng\u00f4<\/strong> ch\u1ee7 y\u1ebfu d\u00f9ng \u0111\u1ec3 thu ho\u1ea1ch v\u00e0 t\u00e1ch h\u1ea1t b\u00ed ng\u00f4. M\u00e1y t\u00e1ch h\u1ea1t b\u00ed ng\u00f4 n\u00e0y c\u00f3 ba t\u00f9y ch\u1ecdn ngu\u1ed3n \u0111i\u1ec7n, l\u1ea7n l\u01b0\u1ee3t l\u00e0 POT, \u0111\u1ed9ng c\u01a1 v\u00e0 \u0111\u1ed9ng c\u01a1 diesel. Kh\u00e1ch h\u00e0ng c\u00f3 th\u1ec3 ch\u1ecdn lo\u1ea1i ph\u00f9 h\u1ee3p d\u1ef1a tr\u00ean t\u00ecnh h\u00ecnh th\u1ef1c t\u1ebf. Ngo\u00e0i ra, m\u00e1y thu ho\u1ea1ch b\u00ed ng\u00f4 c\u00f3 th\u1ec3 thu ho\u1ea1ch h\u1ea1t d\u01b0a l\u01b0\u1edbi, h\u1ea1t b\u1ea7u, h\u1ea1t d\u01b0a, v.v. M\u00e1y t\u00e1ch h\u1ea1t b\u00ed ng\u00f4 c\u1ee7a ch\u00fang t\u00f4i c\u0169ng \u0111\u01b0\u1ee3c nhi\u1ec1u qu\u1ed1c gia v\u00e0 khu v\u1ef1c \u0111\u00f3n nh\u1eadn. V\u00ed d\u1ee5: Mexico, Hoa K\u1ef3, Ph\u00e1p, \u00dac, Philippines, Morocco, Israel, Nam Phi, Canada, v.v. V\u00e0 ch\u00fang t\u00f4i c\u00f3 c\u00e1c tr\u01b0\u1eddng h\u1ee3p th\u00e0nh c\u00f4ng v\u1ec1 m\u00e1y thu gom h\u1ea1t b\u00ed ng\u00f4 t\u1ea1i c\u00e1c qu\u1ed1c gia n\u00e0y. \u0110\u1eebng ng\u1ea7n ng\u1ea1i \u0111\u1ebfn li\u00ean h\u1ec7 v\u1edbi ch\u00fang t\u00f4i!<\/p>    <h2 class=\"wp-block-heading\" id=\"h-type-1-small-size-melon-and-pumpkin-seed-extractor\"><strong>Lo\u1ea1i 1: M\u00e1y chi\u1ebft h\u1ea1t d\u01b0a v\u00e0 b\u00ed ng\u00f4 c\u1ee1 nh\u1ecf<\/strong><\/h2>    <p>M\u00e1y chi\u1ebft xu\u1ea5t h\u1ea1t b\u00ed ng\u00f4 nh\u1ecf n\u00e0y \u0111\u01b0\u1ee3c \u0111i\u1ec1u khi\u1ec3n b\u1edfi m\u1ed9t m\u00e1y k\u00e9o 30-50 m\u00e3 l\u1ef1c v\u00e0 m\u00e0n h\u00ecnh \u0111\u01b0\u1ee3c ch\u1ecdn c\u0169ng nh\u01b0 s\u1ed1 l\u01b0\u1ee3ng d\u01b0a c\u00f3 th\u1ec3 ch\u1ebf bi\u1ebfn c\u0169ng kh\u00e1c nhau. M\u00e1y c\u00f3 ch\u1ee9ng ch\u1ec9 CE. Ngo\u00e0i ra, m\u00e1y c\u00f2n x\u1eed l\u00fd nhi\u1ec1u lo\u1ea1i d\u01b0a kh\u00e1c nhau v\u1edbi \u0111\u1ed9 s\u1ea1ch 85% v\u00e0 \u0111\u1ed9 nghi\u1ec1n d\u01b0\u1edbi 5%. N\u1ebfu b\u1ea1n quan t\u00e2m, vui l\u00f2ng li\u00ean h\u1ec7 v\u1edbi ch\u00fang t\u00f4i.<\/p>   <div class=\"wp-block-image\"> <figure class=\"aligncenter size-full\"><img loading=\"lazy\" decoding=\"async\" width=\"720\" height=\"540\" src=\"https:\/\/taizyagromachine.com\/wp-content\/uploads\/2022\/02\/pumpkin-seed-picker-machine.jpg\" alt=\"m\u00e1y h\u00e1i h\u1ea1t b\u00ed ng\u00f4\" class=\"wp-image-2160\" srcset=\"https:\/\/taizyagromachine.com\/wp-content\/uploads\/2022\/02\/pumpkin-seed-picker-machine.jpg 720w, https:\/\/taizyagromachine.com\/wp-content\/uploads\/2022\/02\/pumpkin-seed-picker-machine-300x225.jpg 300w\" sizes=\"auto, (max-width: 720px) 100vw, 720px\" \/><figcaption>m\u00e1y h\u00e1i h\u1ea1t b\u00ed ng\u00f4<\/figcaption><\/figure> <\/div>   <h3 class=\"wp-block-heading\"><strong>C\u1ea5u t\u1ea1o c\u1ee7a m\u00e1y h\u00e1i h\u1ea1t b\u00ed ng\u00f4<\/strong><\/h3>    <p class=\"translation-block\">T\u1ea1i <a href=\"https:\/\/taizyagromachine.com\/vi\/\" target=\"_blank\" rel=\"noreferrer noopener\">Taizy Agro Machine Co.<\/a>, m\u00e1y thu ho\u1ea1ch b\u00ed ng\u00f4 c\u1ee7a ch\u00fang t\u00f4i c\u00f3 c\u1ea5u t\u1ea1o r\u1ea5t \u0111\u01a1n gi\u1ea3n, bao g\u1ed3m c\u1eeda n\u1ea1p, c\u1eeda ra h\u1ea1t b\u00ed ng\u00f4, v\u1ecf b\u00ed ng\u00f4. V\u00ec v\u1eady, d\u1ec5 hi\u1ec3u v\u00e0 v\u1eadn h\u00e0nh.<\/p>   <div class=\"wp-block-image\"> <figure class=\"aligncenter size-full\"><img loading=\"lazy\" decoding=\"async\" width=\"720\" height=\"540\" src=\"https:\/\/taizyagromachine.com\/wp-content\/uploads\/2022\/02\/structure-of-pumpkin-seed-harvester.jpg\" alt=\"c\u1ea5u t\u1ea1o c\u1ee7a m\u00e1y thu ho\u1ea1ch h\u1ea1t b\u00ed ng\u00f4\" class=\"wp-image-1996\" srcset=\"https:\/\/taizyagromachine.com\/wp-content\/uploads\/2022\/02\/structure-of-pumpkin-seed-harvester.jpg 720w, https:\/\/taizyagromachine.com\/wp-content\/uploads\/2022\/02\/structure-of-pumpkin-seed-harvester-300x225.jpg 300w\" sizes=\"auto, (max-width: 720px) 100vw, 720px\" \/><figcaption>c\u1ea5u t\u1ea1o c\u1ee7a m\u00e1y thu ho\u1ea1ch h\u1ea1t b\u00ed ng\u00f4<\/figcaption><\/figure> <\/div>   <h3 class=\"wp-block-heading\"><strong>Th\u00f4ng s\u1ed1 c\u1ee7a m\u00e1y thu ho\u1ea1ch h\u1ea1t d\u01b0a <\/strong><\/h3>    <figure class=\"wp-block-table\"><table><tbody><tr><td>Ng\u01b0\u1eddi m\u1eabu<strong><\/strong><\/td><td>5TZ-500<\/td><\/tr><tr><td>K\u00edch th\u01b0\u1edbc<\/td><td>2500*2000*1800mm<\/td><\/tr><tr><td>C\u00e2n n\u1eb7ng<\/td><td>400kg<\/td><\/tr><tr><td>T\u1ed1c \u0111\u1ed9 l\u00e0m vi\u1ec7c<\/td><td>4-6 km\/h<\/td><\/tr><tr><td>Dung t\u00edch<\/td><td>300-500kg\/gi\u1edd<\/td><\/tr><tr><td>T\u1ed1c \u0111\u1ed9 l\u00e0m s\u1ea1ch<\/td><td>\u226585%<\/td><\/tr><tr><td>T\u1ef7 l\u1ec7 ph\u00e1 v\u1ee1<\/td><td>5%<\/td><\/tr><tr><td>C\u00f4ng su\u1ea5t t\u1ed1i thi\u1ec3u<\/td><td>30 m\u00e3 l\u1ef1c<\/td><\/tr><tr><td>C\u00f4ng su\u1ea5t t\u1ed1i \u0111a<\/td><td>50 m\u00e3 l\u1ef1c<\/td><\/tr><tr><td>R.P.M<\/td><td>40<\/td><\/tr><tr><td>C\u00e1ch k\u1ebft n\u1ed1i<\/td><td>li\u00ean k\u1ebft ba \u0111i\u1ec3m<\/td><\/tr><\/tbody><\/table><\/figure>    <h2 class=\"wp-block-heading\"><strong>Lo\u1ea1i 2: M\u00e1y chi\u1ebft h\u1ea1t b\u00ed ng\u00f4 c\u1ee1 l\u1edbn<\/strong><\/h2>    <p>M\u00e1y thu ho\u1ea1ch h\u1ea1t b\u00ed c\u00f3 c\u00e1c ch\u1ee9c n\u0103ng nh\u1eb7t, nghi\u1ec1n, \u00e9p, t\u00e1ch, l\u00e0m s\u1ea1ch, b\u1ea3o qu\u1ea3n, d\u1ee1 h\u00e0ng. V\u00e0 c\u00e1c l\u01b0\u1edbi ng\u0103n c\u00e1ch kh\u00e1c nhau c\u00f3 th\u1ec3 \u0111\u01b0\u1ee3c l\u1ef1a ch\u1ecdn \u0111\u1ec3 thu ho\u1ea1ch h\u1ea1t d\u01b0a h\u1ea5u v\u00e0 b\u00ed ng\u00f4. Ngo\u00e0i ra, m\u00e1y \u0111\u01b0\u1ee3c d\u1eabn \u0111\u1ed9ng b\u1eb1ng m\u00e1y k\u00e9o th\u00f4ng qua PTO, \u0111\u1eb7c bi\u1ec7t th\u00edch h\u1ee3p cho ho\u1ea1t \u0111\u1ed9ng n\u00f4ng tr\u1ea1i \u0111\u01a1n gi\u1ea3n. C\u1ea7n l\u01b0u \u00fd r\u1eb1ng m\u00e1y chi\u1ebft h\u1ea1t ch\u1ec9 \u0111\u01b0\u1ee3c s\u1eed d\u1ee5ng \u0111\u1ec3 thu ho\u1ea1ch d\u01b0a h\u1ea5u v\u00e0 b\u00ed ng\u00f4 ch\u00edn, hi\u1ec7u su\u1ea5t c\u1ee7a n\u00f3 s\u1ebd kh\u00f4ng l\u00fd t\u01b0\u1edfng n\u1ebfu ch\u00fang ch\u01b0a ch\u00edn ho\u1eb7c th\u1ed1i.<\/p>    <p>\u0110\u00f3 l\u00e0 m\u1ed9t chi\u1ebfc m\u00e1y h\u00e1i h\u1ea1t ho\u00e0n to\u00e0n t\u1ef1 \u0111\u1ed9ng, t\u1ef1 \u0111\u1ed9ng n\u1ea1p d\u01b0a, t\u01b0\u01a1ng \u0111\u01b0\u01a1ng v\u1edbi hai chi\u1ebfc m\u00e1y g\u1eb7t h\u1ea1t b\u00ed nh\u1ecf.<\/p>    <div class=\"wp-block-columns is-layout-flex wp-container-core-columns-is-layout-9d6595d7 wp-block-columns-is-layout-flex\"> <div class=\"wp-block-column is-layout-flow wp-block-column-is-layout-flow\"><div class=\"wp-block-image\"> <figure class=\"aligncenter size-full\"><img loading=\"lazy\" decoding=\"async\" width=\"720\" height=\"540\" src=\"https:\/\/taizyagromachine.com\/wp-content\/uploads\/2022\/05\/pumkin-seeds-extractor.jpg\" alt=\"m\u00e1y chi\u1ebft xu\u1ea5t h\u1ea1t b\u00ed ng\u00f4\" class=\"wp-image-2811\"\/><figcaption>m\u00e1y chi\u1ebft xu\u1ea5t h\u1ea1t b\u00ed ng\u00f4<\/figcaption><\/figure> <\/div><\/div>    <div class=\"wp-block-column is-layout-flow wp-block-column-is-layout-flow\"><div class=\"wp-block-image\"> <figure class=\"aligncenter size-full\"><img loading=\"lazy\" decoding=\"async\" width=\"720\" height=\"540\" src=\"https:\/\/taizyagromachine.com\/wp-content\/uploads\/2022\/05\/pumpkin-harvester.jpg\" alt=\"m\u00e1y g\u1eb7t b\u00ed ng\u00f4\" class=\"wp-image-2812\"\/><figcaption>m\u00e1y g\u1eb7t b\u00ed ng\u00f4<\/figcaption><\/figure> <\/div><\/div> <\/div>    <h3 class=\"wp-block-heading\"><strong>C\u1ea5u t\u1ea1o c\u1ee7a m\u00e1y thu ho\u1ea1ch b\u00ed ng\u00f4 \u0111\u1ec3 b\u00e1n<\/strong><\/h3>    <p>M\u00e1y thu ho\u1ea1ch v\u00e0 chi\u1ebft h\u1ea1t d\u01b0a h\u1ea5u bao g\u1ed3m khung, th\u00f9ng h\u00e1i d\u01b0a h\u1ea5u, m\u00e1y chi\u1ebft h\u1ea1t, th\u00f9ng nghi\u1ec1n, th\u00f9ng l\u00e0m s\u1ea1ch, thang m\u00e1y, th\u00f9ng ch\u1ee9a h\u1ea1t gi\u1ed1ng, h\u1ed9p s\u1ed1, l\u1ed1p xe v\u00e0 \u1ed1ng th\u1ee7y l\u1ef1c.<\/p>    <figure class=\"wp-block-gallery aligncenter has-nested-images columns-default is-cropped wp-block-gallery-2 is-layout-flex wp-block-gallery-is-layout-flex\"> <figure class=\"wp-block-image size-large\"><img loading=\"lazy\" decoding=\"async\" width=\"720\" height=\"540\" data-id=\"2814\" src=\"https:\/\/taizyagromachine.com\/wp-content\/uploads\/2022\/05\/watermelon-seed-picker-structure.jpg\" alt=\"d\u01b0a-h\u1ea1t-h\u00e1i-c\u1ea5u tr\u00fac\" class=\"wp-image-2814\"\/><figcaption>C\u1ea5u t\u1ea1o m\u00e1y nh\u1eb7t h\u1ea1t d\u01b0a h\u1ea5u<\/figcaption><\/figure>    <figure class=\"wp-block-image size-large\"><img loading=\"lazy\" decoding=\"async\" width=\"720\" height=\"540\" data-id=\"2815\" src=\"https:\/\/taizyagromachine.com\/wp-content\/uploads\/2022\/05\/pumpkin-seed-pikcer-structure.jpg\" alt=\"c\u1ea5u tr\u00fac h\u1ea1t b\u00ed ng\u00f4-pikcer\" class=\"wp-image-2815\"\/><figcaption>c\u1ea5u tr\u00fac c\u1ee7a h\u1ea1t b\u00ed ng\u00f4<\/figcaption><\/figure>    <figure class=\"wp-block-image size-large\"><img loading=\"lazy\" decoding=\"async\" width=\"720\" height=\"540\" data-id=\"2816\" src=\"https:\/\/taizyagromachine.com\/wp-content\/uploads\/2022\/05\/seed-extraxtor-structure.jpg\" alt=\"c\u1ea5u tr\u00fac h\u1ea1t gi\u1ed1ng\" class=\"wp-image-2816\"\/><figcaption>c\u1ea5u tr\u00fac m\u00e1y \u00e9p h\u1ea1t<\/figcaption><\/figure> <\/figure>    <h3 class=\"wp-block-heading\"><strong>C\u00e1c th\u00f4ng s\u1ed1 c\u1ee7a m\u00e1y ch\u1ecdn h\u1ea1t b\u00ed ng\u00f4 l\u00e0 g\u00ec?<\/strong><\/h3>    <figure class=\"wp-block-table\"><table><tbody><tr><td>Ng\u01b0\u1eddi m\u1eabu<strong><\/strong><\/td><td>5TZ-1500<\/td><\/tr><tr><td>C\u00e2n n\u1eb7ng<\/td><td>3388kg<\/td><\/tr><tr><td>T\u1ed1c \u0111\u1ed9 l\u00e0m vi\u1ec7c<\/td><td>2-5km\/h\u00a0\u00a0(6600m<sup>2<\/sup>\/h)<\/td><\/tr><tr><td>th\u00f9ng ch\u1ee9a v\u1eadt li\u1ec7u<\/td><td>1,288m\u00b3<\/td><\/tr><tr><td>T\u1ed1c \u0111\u1ed9 l\u00e0m s\u1ea1ch<\/td><td>\u226585%<\/td><\/tr><tr><td>T\u1ef7 l\u1ec7 ph\u00e1 v\u1ee1<\/td><td>.30.3%<\/td><\/tr><tr><td>Quy\u1ec1n l\u1ef1c<\/td><td>60-90kW<\/td><\/tr><tr><td>T\u1ed1c \u0111\u1ed9 \u0111\u1ea7u v\u00e0o<\/td><td>540-720 v\u00f2ng\/ph\u00fat<\/td><\/tr><tr><td>C\u00e1ch k\u1ebft n\u1ed1i<\/td><td>li\u00ean k\u1ebft ba \u0111i\u1ec3m<\/td><\/tr><\/tbody><\/table><\/figure>    <h2 class=\"wp-block-heading\" id=\"characteristics-of-pumpkin-seed-collecting-machine\"><strong>\u0110\u1eb7c \u0111i\u1ec3m c\u1ee7a m\u00e1y thu th\u1eadp h\u1ea1t b\u00ed ng\u00f4<\/strong><\/h2>    <ul class=\"wp-block-list\" type=\"1\"><li>S\u1eed d\u1ee5ng \u0111\u01a1n gi\u1ea3n, d\u1ec5 v\u1eadn h\u00e0nh, v\u1eadn h\u00e0nh an to\u00e0n v\u00e0 \u0111\u00e1ng tin c\u1eady.<\/li><li>C\u1ea5u tr\u00fac h\u1ee3p l\u00fd, hi\u1ec7u su\u1ea5t \u1ed5n \u0111\u1ecbnh, si\u00eau ch\u1ea5t l\u01b0\u1ee3ng.<\/li><li>Ba h\u1ec7 th\u1ed1ng \u0111i\u1ec7n. M\u00e1y g\u1eb7t h\u1ea1t b\u00ed ng\u00f4 n\u00e0y c\u00f3 th\u1ec3 s\u1eed d\u1ee5ng PTO, \u0111\u1ed9ng c\u01a1, \u0111\u1ed9ng c\u01a1 diesel.<\/li><li>T\u00ednh linh ho\u1ea1t m\u1ea1nh m\u1ebd. V\u00ec m\u00e1y chi\u1ebft h\u1ea1t d\u01b0a h\u1ea5u c\u00f3 th\u1ec3 s\u1eed d\u1ee5ng ba ngu\u1ed3n \u0111i\u1ec7n n\u00ean ph\u00f9 h\u1ee3p cho c\u00e1c ho\u1ea1t \u0111\u1ed9ng ngo\u00e0i \u0111\u1ed3ng ho\u1eb7c nh\u1eefng d\u1ecbp c\u1ed1 \u0111\u1ecbnh \u1edf v\u00f9ng \u0111\u1ed3ng b\u1eb1ng.<\/li><li>Gi\u1ea5y ch\u1ee9ng nh\u1eadn CE. M\u00e1y thu ho\u1ea1ch b\u00ed ng\u00f4 \u0111\u1ec3 b\u00e1n c\u00f3 ch\u1ee9ng ch\u1ec9 CE, tu\u00e2n th\u1ee7 y\u00eau c\u1ea7u c\u1ee7a th\u1ecb tr\u01b0\u1eddng.&nbsp;<\/li><\/ul>    <figure class=\"wp-block-gallery has-nested-images columns-default is-cropped wp-block-gallery-3 is-layout-flex wp-block-gallery-is-layout-flex\"> <figure class=\"wp-block-image size-full\"><img loading=\"lazy\" decoding=\"async\" width=\"720\" height=\"540\" data-id=\"1993\" src=\"https:\/\/taizyagromachine.com\/wp-content\/uploads\/2022\/02\/PTO-pumpkin-harvester.jpg\" alt=\"\" class=\"wp-image-1993\" srcset=\"https:\/\/taizyagromachine.com\/wp-content\/uploads\/2022\/02\/PTO-pumpkin-harvester.jpg 720w, https:\/\/taizyagromachine.com\/wp-content\/uploads\/2022\/02\/PTO-pumpkin-harvester-300x225.jpg 300w\" sizes=\"auto, (max-width: 720px) 100vw, 720px\" \/><figcaption>PTO<\/figcaption><\/figure>    <figure class=\"wp-block-image size-large\"><img loading=\"lazy\" decoding=\"async\" width=\"720\" height=\"540\" data-id=\"1995\" src=\"https:\/\/taizyagromachine.com\/wp-content\/uploads\/2022\/02\/motor-pumpkin-harvester.jpg\" alt=\"\u0111\u1ed9ng c\u01a1\" class=\"wp-image-1995\" srcset=\"https:\/\/taizyagromachine.com\/wp-content\/uploads\/2022\/02\/motor-pumpkin-harvester.jpg 720w, https:\/\/taizyagromachine.com\/wp-content\/uploads\/2022\/02\/motor-pumpkin-harvester-300x225.jpg 300w\" sizes=\"auto, (max-width: 720px) 100vw, 720px\" \/><figcaption>\u0111\u1ed9ng c\u01a1<\/figcaption><\/figure>    <figure class=\"wp-block-image size-full\"><img loading=\"lazy\" decoding=\"async\" width=\"720\" height=\"540\" data-id=\"1994\" src=\"https:\/\/taizyagromachine.com\/wp-content\/uploads\/2022\/02\/diesel-pumpkin-aeed-harvester.jpg\" alt=\"\u0111\u1ed9ng c\u01a1 diesel\" class=\"wp-image-1994\" srcset=\"https:\/\/taizyagromachine.com\/wp-content\/uploads\/2022\/02\/diesel-pumpkin-aeed-harvester.jpg 720w, https:\/\/taizyagromachine.com\/wp-content\/uploads\/2022\/02\/diesel-pumpkin-aeed-harvester-300x225.jpg 300w\" sizes=\"auto, (max-width: 720px) 100vw, 720px\" \/><figcaption>\u0111\u1ed9ng c\u01a1 diesel<\/figcaption><\/figure> <\/figure>    <h2 class=\"wp-block-heading\" id=\"wide-applications-of-watermelon-and-pumpkin-seeds-harvester\"><strong>\u1ee8ng d\u1ee5ng r\u1ed9ng r\u00e3i c\u1ee7a m\u00e1y thu ho\u1ea1ch d\u01b0a h\u1ea5u v\u00e0 h\u1ea1t b\u00ed ng\u00f4<\/strong><\/h2>    <p>N\u00f3i chung, chi\u1ebfc m\u00e1y lo\u1ea1i b\u1ecf h\u1ea1t b\u00ed ng\u00f4 n\u00e0y c\u00f3 r\u1ea5t nhi\u1ec1u \u1ee9ng d\u1ee5ng. N\u00f3 c\u00f3 th\u1ec3 thu \u0111\u01b0\u1ee3c nhi\u1ec1u lo\u1ea1i h\u1ea1t tr\u00e1i c\u00e2y kh\u00e1c nhau, ch\u1eb3ng h\u1ea1n nh\u01b0 h\u1ea1t d\u01b0a h\u1ea5u, h\u1ea1t d\u01b0a \u0111\u1ecf, h\u1ea1t b\u1ea7u, v.v. Nh\u01b0 v\u1eady, m\u00e1y thu ho\u1ea1ch h\u1ea1t b\u00ed ng\u00f4 n\u00e0y c\u00f3 th\u1ecb tr\u01b0\u1eddng ti\u1ec1m n\u0103ng r\u1ea5t l\u1edbn. N\u1ebfu c\u00f3 b\u1ea5t k\u1ef3 nghi ng\u1edd n\u00e0o, vui l\u00f2ng li\u00ean h\u1ec7 v\u1edbi ch\u00fang t\u00f4i b\u1ea5t c\u1ee9 l\u00fac n\u00e0o \u0111\u1ec3 \u0111\u01b0\u1ee3c gi\u1ea3i th\u00edch!<\/p>   <div class=\"wp-block-image\"> <figure class=\"aligncenter size-full\"><img loading=\"lazy\" decoding=\"async\" width=\"720\" height=\"540\" src=\"https:\/\/taizyagromachine.com\/wp-content\/uploads\/2022\/02\/applications-pumpkin-harvester.jpg\" alt=\"\u1ee9ng d\u1ee5ng r\u1ed9ng r\u00e3i-m\u00e1y g\u1eb7t h\u1ea1t b\u00ed ng\u00f4\" class=\"wp-image-1997\" srcset=\"https:\/\/taizyagromachine.com\/wp-content\/uploads\/2022\/02\/applications-pumpkin-harvester.jpg 720w, https:\/\/taizyagromachine.com\/wp-content\/uploads\/2022\/02\/applications-pumpkin-harvester-300x225.jpg 300w\" sizes=\"auto, (max-width: 720px) 100vw, 720px\" \/><figcaption>\u1ee9ng d\u1ee5ng r\u1ed9ng r\u00e3i<\/figcaption><\/figure> <\/div>   <h2 class=\"wp-block-heading\" id=\"usage-of-pumpkin-seeds\"><strong>C\u00f4ng d\u1ee5ng c\u1ee7a h\u1ea1t b\u00ed ng\u00f4<\/strong><strong><\/strong><\/h2>    <p>Nh\u01b0 m\u1ecdi ng\u01b0\u1eddi \u0111\u00e3 bi\u1ebft, ch\u00fang ta c\u00f3 th\u1ec3 l\u1ea5y h\u1ea1t b\u00ed ng\u00f4 t\u1eeb m\u00e1y chi\u1ebft h\u1ea1t b\u00ed ng\u00f4. Nh\u01b0ng ch\u1ee9c n\u0103ng c\u1ee7a h\u1ea1t b\u00ed ng\u00f4, th\u1eadm ch\u00ed c\u1ea3 d\u01b0a h\u1ea5u v\u00e0 c\u00e1c lo\u1ea1i h\u1ea1t kh\u00e1c l\u00e0 g\u00ec? Tr\u00ean th\u1ef1c t\u1ebf, nh\u1eefng h\u1ea1t n\u00e0y \u0111\u01b0\u1ee3c s\u1eed d\u1ee5ng r\u1ed9ng r\u00e3i trong c\u00e1c s\u1ea3n ph\u1ea9m ch\u0103m s\u00f3c s\u1ee9c kh\u1ecfe v\u00e0 da. H\u01a1n n\u1eefa, ch\u00fang ta thu ho\u1ea1ch h\u1ea1t b\u00ed \u0111\u1ec3 \u0103n, tr\u1ed3ng tr\u1ecdt,\u2026 T\u1ea5t nhi\u00ean c\u00e1c h\u1ea1t kh\u00e1c c\u0169ng v\u1eady.<\/p>    <h2 class=\"wp-block-heading\" id=\"h-how-are-pumpkin-seeds-shelled\"><strong>H\u1ea1t b\u00ed ng\u00f4 \u0111\u01b0\u1ee3c b\u00f3c v\u1ecf nh\u01b0 th\u1ebf n\u00e0o?<\/strong><\/h2>    <p>M\u00e1y\u00a0d\u01b0a h\u1ea5u, b\u00ed ng\u00f4\u00a0c\u00f3 th\u1ec3 k\u1ebft n\u1ed1i v\u1edbi m\u00e1y k\u00e9o nh\u1ecf khi l\u00e0m vi\u1ec7c. M\u00e1y k\u00e9o d\u1eabn \u0111\u1ed9ng m\u00e1y l\u00e0m vi\u1ec7c b\u1eb1ng PTO.<\/p>    <p>1.\u00a0M\u00e1y g\u1eb7t d\u01b0a h\u1ea5u v\u00e0 b\u00ed ng\u00f4 c\u00f3 th\u1ec3 nh\u1eb7t\u00a0d\u01b0a h\u1ea5u ho\u1eb7c\u00a0b\u00ed ng\u00f4 v\u00e0o ph\u1ec5u\u00a0(m\u00e1y g\u1eb7t h\u1ea1t b\u00ed c\u1ee1 l\u1edbn t\u1ef1 \u0111\u1ed9ng h\u00e1i c\u00f2n m\u00e1y c\u1ee1 nh\u1ecf h\u00e1i th\u1ee7 c\u00f4ng). &nbsp;<\/p>    <p>2. M\u00e1y nghi\u1ec1n d\u01b0a h\u1ea5u ho\u1eb7c b\u00ed ng\u00f4 b\u1eb1ng tr\u1ee5c m\u00e1y nghi\u1ec1n.<\/p>    <p>3.\u00a0D\u01b0a h\u1ea5u ho\u1eb7c\u00a0b\u00ed ng\u00f4 nghi\u1ec1n n\u00e1t cho v\u00e0o th\u00f9ng t\u00e1ch.<\/p>    <p>4.\u00a0Khi tr\u1ee5c \u0111ang ch\u1ea1y,\u00a0v\u1ecf v\u00e0 th\u1ecbt d\u01b0a h\u1ea5u ho\u1eb7c\u00a0b\u00ed ng\u00f4 \u0111\u01b0\u1ee3c th\u1ea3i ra kh\u1ecfi th\u00f9ng t\u00e1ch v\u00e0 d\u01b0a h\u1ea5u ho\u1eb7c\u00a0h\u1ea1t b\u00ed ng\u00f4 \u0111\u01b0\u1ee3c h\u00fat v\u00e0o th\u00f9ng l\u00e0m s\u1ea1ch.<\/p>    <p>5. Khi tr\u1ee5c l\u00e0m s\u1ea1ch ho\u1ea1t \u0111\u1ed9ng,\u00a0h\u1ea1t d\u01b0a h\u1ea5u ho\u1eb7c\u00a0h\u1ea1t b\u00ed ng\u00f4 s\u1ebd \u0111\u01b0\u1ee3c l\u00e0m s\u1ea1ch v\u00e0 t\u00e1ch ra m\u1ed9t l\u1ea7n n\u1eefa.<\/p>    <p>6. H\u1ea1t gi\u1ed1ng \u0111\u01b0\u1ee3c th\u1ea3i ra ngo\u00e0i nh\u1edd tr\u1ee5c quay l\u00e0m s\u1ea1ch.<\/p>    <h2 class=\"wp-block-heading\" id=\"equipment-used-with-pumpkin-seed-harvesting-machine\"><strong>Thi\u1ebft b\u1ecb s\u1eed d\u1ee5ng v\u1edbi m\u00e1y thu ho\u1ea1ch h\u1ea1t b\u00ed ng\u00f4<\/strong><strong><\/strong><\/h2>    <p>\u0110\u00e2y c\u0169ng l\u00e0 lo\u1ea1i m\u00e1y thu ho\u1ea1ch b\u00ed ng\u00f4, d\u01b0a h\u1ea5u. N\u00f3 c\u00f3 th\u1ec3 b\u1ebb c\u00e0nh b\u00ed ng\u00f4 ho\u1eb7c d\u01b0a h\u1ea5u, thu th\u1eadp b\u00ed ng\u00f4 ho\u1eb7c d\u01b0a h\u1ea5u v\u00e0 \u0111\u1eb7t ch\u00fang sang m\u1ed9t b\u00ean. V\u00ec v\u1eady, thi\u1ebft b\u1ecb n\u00e0y gi\u00fap trang tr\u1ea1i ti\u1ebft ki\u1ec7m th\u1eddi gian. Ngo\u00e0i ra, n\u00f3 th\u01b0\u1eddng ho\u1ea1t \u0111\u1ed9ng v\u1edbi m\u00e1y thu ho\u1ea1ch h\u1ea1t b\u00ed ng\u00f4. Mong nh\u1eadn \u0111\u01b0\u1ee3c y\u00eau c\u1ea7u c\u1ee7a b\u1ea1n!<\/p>   <div class=\"wp-block-image\"> <figure class=\"aligncenter size-full\"><img loading=\"lazy\" decoding=\"async\" width=\"720\" height=\"500\" src=\"https:\/\/taizyagromachine.com\/wp-content\/uploads\/2022\/02\/harvesting-machine-for-pumpkin.jpg\" alt=\"m\u00e1y thu ho\u1ea1ch b\u00ed ng\u00f4, d\u01b0a h\u1ea5u, v.v.\" class=\"wp-image-1998\" srcset=\"https:\/\/taizyagromachine.com\/wp-content\/uploads\/2022\/02\/harvesting-machine-for-pumpkin.jpg 720w, https:\/\/taizyagromachine.com\/wp-content\/uploads\/2022\/02\/harvesting-machine-for-pumpkin-300x208.jpg 300w\" sizes=\"auto, (max-width: 720px) 100vw, 720px\" \/><figcaption>m\u00e1y thu ho\u1ea1ch b\u00ed ng\u00f4, d\u01b0a h\u1ea5u, v.v.<\/figcaption><\/figure> <\/div>   <h2 class=\"wp-block-heading\" id=\"successful-case-pumpkin-seed-collector-sold-to-france\"><strong>Tr\u01b0\u1eddng h\u1ee3p th\u00e0nh c\u00f4ng: M\u00e1y thu ho\u1ea1ch h\u1ea1t b\u00ed ng\u00f4 \u0111\u01b0\u1ee3c b\u00e1n cho Ph\u00e1p<\/strong><\/h2>    <p>Gi\u00e1m \u0111\u1ed1c b\u00e1n h\u00e0ng c\u1ee7a ch\u00fang t\u00f4i, Winnie \u0111\u00e3 nh\u1eadn \u0111\u01b0\u1ee3c c\u00e2u h\u1ecfi v\u1ec1 m\u00e1y g\u1eb7t h\u1ea1t gi\u1ed1ng t\u1eeb m\u1ed9t kh\u00e1ch h\u00e0ng Ph\u00e1p. \u00d4ng \u0111\u00e3 tham gia tr\u1ed3ng tr\u1ecdt trong nhi\u1ec1u n\u0103m. V\u00e0 anh \u0111\u00e3 tr\u1ed3ng m\u1ed9t di\u1ec7n t\u00edch ru\u1ed9ng b\u00ed ng\u00f4 r\u1ed9ng l\u1edbn, ch\u1ee7 y\u1ebfu b\u00e1n h\u1ea1t b\u00ed ng\u00f4 \u0111\u1ec3 l\u00e0m s\u1ea3n ph\u1ea9m ch\u0103m s\u00f3c s\u1ee9c kh\u1ecfe. Anh \u1ea5y nh\u00ecn th\u1ea5y m\u00e1y chi\u1ebft h\u1ea1t b\u00ed c\u1ee7a ch\u00fang t\u00f4i tr\u00ean trang web v\u00e0 ngh\u0129 r\u1eb1ng n\u00f3 r\u1ea5t h\u1eefu \u00edch v\u1edbi m\u00ecnh n\u00ean \u0111\u00e3 ch\u1ee7 \u0111\u1ed9ng li\u00ean h\u1ec7 v\u1edbi ch\u00fang t\u00f4i \u0111\u1ec3 h\u1ecfi v\u1ec1 gi\u00e1 m\u00e1y thu ho\u1ea1ch h\u1ea1t b\u00ed. Gi\u00e1m \u0111\u1ed1c b\u00e1n h\u00e0ng Winnie c\u1ee7a ch\u00fang t\u00f4i \u0111\u00e3 g\u1eedi h\u00ecnh \u1ea3nh v\u00e0 video l\u00e0m vi\u1ec7c, anh \u1ea5y r\u1ea5t h\u00e0i l\u00f2ng. Hai b\u00ean \u0111\u00e3 k\u00fd k\u1ebft h\u1ee3p \u0111\u1ed3ng. <\/p>    <p class=\"translation-block\">Sau \u0111\u00f3, khi ch\u1ecdn th\u00f9ng l\u00e0m s\u1ea1ch, h\u1ea1t b\u00ed ng\u00f4 m\u00e0 kh\u00e1ch h\u00e0ng Ph\u00e1p c\u1ea7n thu gom \u0111\u00e3 \u0111\u01b0\u1ee3c \u0111o v\u00e0 kh\u1edbp v\u1edbi l\u01b0\u1edbi s\u00e0ng ph\u00f9 h\u1ee3p. Cu\u1ed1i c\u00f9ng, n\u00f3 \u0111\u00e3 \u0111\u01b0\u1ee3c g\u1eedi th\u00e0nh c\u00f4ng \u0111\u1ebfn Ph\u00e1p b\u1eb1ng \u0111\u01b0\u1eddng bi\u1ec3n. Ch\u00fang t\u00f4i c\u0169ng cung c\u1ea5p <a href=\"https:\/\/taizyagromachine.com\/vi\/product\/automatic-sesame-seed-peeling-and-hulling-machine\/\" target=\"_blank\" rel=\"noreferrer noopener\">m\u00e1y t\u00e1ch v\u1ecf v\u1eebng<\/a>, m\u00e1y \u00e9p d\u1ea7u v\u00e0 c\u00e1c lo\u1ea1i m\u00e1y n\u00f4ng nghi\u1ec7p kh\u00e1c. <\/p>    <figure class=\"wp-block-gallery has-nested-images columns-default is-cropped wp-block-gallery-4 is-layout-flex wp-block-gallery-is-layout-flex\"> <figure class=\"wp-block-image size-large\"><img loading=\"lazy\" decoding=\"async\" width=\"720\" height=\"540\" data-id=\"1999\" src=\"https:\/\/taizyagromachine.com\/wp-content\/uploads\/2022\/02\/machien-parts-to-pack.jpg\" alt=\"b\u1ed9 ph\u1eadn m\u00e1y \u0111\u1ec3 \u0111\u00f3ng g\u00f3i\" class=\"wp-image-1999\" srcset=\"https:\/\/taizyagromachine.com\/wp-content\/uploads\/2022\/02\/machien-parts-to-pack.jpg 720w, https:\/\/taizyagromachine.com\/wp-content\/uploads\/2022\/02\/machien-parts-to-pack-300x225.jpg 300w\" sizes=\"auto, (max-width: 720px) 100vw, 720px\" \/><figcaption>b\u1ed9 ph\u1eadn m\u00e1y \u0111\u1ec3 \u0111\u00f3ng g\u00f3i<\/figcaption><\/figure>    <figure class=\"wp-block-image size-large\"><img loading=\"lazy\" decoding=\"async\" width=\"1024\" height=\"768\" data-id=\"2000\" src=\"https:\/\/taizyagromachine.com\/wp-content\/uploads\/2022\/02\/measure-seed-size-1024x768.jpg\" alt=\"\u0111o k\u00edch th\u01b0\u1edbc h\u1ea1t\" class=\"wp-image-2000\" srcset=\"https:\/\/taizyagromachine.com\/wp-content\/uploads\/2022\/02\/measure-seed-size-1024x768.jpg 1024w, https:\/\/taizyagromachine.com\/wp-content\/uploads\/2022\/02\/measure-seed-size-300x225.jpg 300w, https:\/\/taizyagromachine.com\/wp-content\/uploads\/2022\/02\/measure-seed-size-768x576.jpg 768w, https:\/\/taizyagromachine.com\/wp-content\/uploads\/2022\/02\/measure-seed-size.jpg 1080w\" sizes=\"auto, (max-width: 1024px) 100vw, 1024px\" \/><figcaption>\u0111o k\u00edch th\u01b0\u1edbc h\u1ea1t<\/figcaption><\/figure> <\/figure>    <h2 class=\"wp-block-heading\" id=\"h-faq\"><strong>C\u00e2u h\u1ecfi th\u01b0\u1eddng g\u1eb7p v\u1ec1 m\u00e1y thu ho\u1ea1ch d\u01b0a h\u1ea5u v\u00e0 h\u1ea1t b\u00ed ng\u00f4<\/strong><\/h2>   <div id=\"rank-math-faq\" class=\"rank-math-block\"> <div class=\"rank-math-list\"> <div id=\"faq-question-1665562690660\" class=\"rank-math-list-item\"> <h3 class=\"rank-math-question\"><strong>Q: L\u00e0m th\u1ebf n\u00e0o \u0111\u1ec3 x\u00e1c nh\u1eadn k\u00edch th\u01b0\u1edbc c\u1ee7a h\u1ea1t d\u01b0a?<\/strong><\/h3> <div class=\"rank-math-answer\">  <p>A: \u0110o chi\u1ec1u d\u00e0i v\u00e0 chi\u1ec1u r\u1ed9ng c\u1ee7a h\u1ea1t d\u01b0a.<\/p>  <\/div> <\/div> <div id=\"faq-question-1665562695862\" class=\"rank-math-list-item\"> <h3 class=\"rank-math-question\"><strong>Q: L\u00e0m th\u1ebf n\u00e0o v\u1ec1 tr\u1ee5c xen k\u1ebd m\u00e1y k\u00e9o?<\/strong><\/h3> <div class=\"rank-math-answer\">  <p>\u0110\u00e1p: 6 ho\u1eb7c 8.<\/p>  <\/div> <\/div> <div id=\"faq-question-1665562704903\" class=\"rank-math-list-item\"> <h3 class=\"rank-math-question\"><strong>H\u1ecfi: Lo\u1ea1i h\u1ea1t n\u00e0o ph\u00f9 h\u1ee3p?<\/strong><\/h3> <div class=\"rank-math-answer\">  <p class=\"translation-block\">\u0110: <a href=\"https:\/\/en.wikipedia.org\/wiki\/Zucchini\" target=\"_blank\" rel=\"noreferrer noopener\">B\u00ed ng\u00f2i<\/a>, d\u01b0a h\u1ea5u, b\u00ed ng\u00f4, d\u01b0a chu\u1ed9t, d\u01b0a l\u01b0\u1edbi (\u00dac).<\/p>  <\/div> <\/div> <\/div> <\/div>","protected":false},"excerpt":{"rendered":"<p>Pumpkin seed harvester&nbsp;is mainly used for harvesting and deseeding pumpkins. This pumpkin seed extractor has three options for power, respectively POT, motor, and diesel engine. Customers can choose the suitable one based on the actual situation. Besides, the pumpkin harvester machine can harvest the cantaloupe seed, gourd seed, melon seed, etc. Also, our pumpkin seed [&hellip;]<\/p>\n","protected":false},"author":1,"featured_media":2813,"parent":0,"template":"","tags":[112,114,109,113,111,110,115],"product-type":[22],"class_list":["post-1989","product","type-product","status-publish","has-post-thumbnail","hentry","tag-melon-seed-harvester","tag-pumpkin-seed-collector","tag-pumpkin-seed-harvester","tag-pumpkin-seed-picker","tag-seed-extractor","tag-watermelon-seed-harvester","tag-watermelon-seed-picker-machine","product-type-others"],"_links":{"self":[{"href":"https:\/\/taizyagromachine.com\/vi\/wp-json\/wp\/v2\/product\/1989","targetHints":{"allow":["GET"]}}],"collection":[{"href":"https:\/\/taizyagromachine.com\/vi\/wp-json\/wp\/v2\/product"}],"about":[{"href":"https:\/\/taizyagromachine.com\/vi\/wp-json\/wp\/v2\/types\/product"}],"author":[{"embeddable":true,"href":"https:\/\/taizyagromachine.com\/vi\/wp-json\/wp\/v2\/users\/1"}],"wp:featuredmedia":[{"embeddable":true,"href":"https:\/\/taizyagromachine.com\/vi\/wp-json\/wp\/v2\/media\/2813"}],"wp:attachment":[{"href":"https:\/\/taizyagromachine.com\/vi\/wp-json\/wp\/v2\/media?parent=1989"}],"wp:term":[{"taxonomy":"post_tag","embeddable":true,"href":"https:\/\/taizyagromachine.com\/vi\/wp-json\/wp\/v2\/tags?post=1989"},{"taxonomy":"product-type","embeddable":true,"href":"https:\/\/taizyagromachine.com\/vi\/wp-json\/wp\/v2\/product-type?post=1989"}],"curies":[{"name":"wp","href":"https:\/\/api.w.org\/{rel}","templated":true}]}}