{"id":2002,"date":"2022-02-10T08:13:22","date_gmt":"2022-02-10T08:13:22","guid":{"rendered":"https:\/\/taizyagromachine.com\/"},"modified":"2025-04-27T14:16:30","modified_gmt":"2025-04-27T06:16:30","slug":"two-wheel-drive-walking-type-tractor","status":"publish","type":"product","link":"https:\/\/taizyagromachine.com\/vi\/product\/two-wheel-drive-walking-type-tractor\/","title":{"rendered":"M\u00e1y k\u00e9o lo\u1ea1i \u0111i b\u1ed9 hai b\u00e1nh"},"content":{"rendered":"<p class=\"translation-block\"><strong>M\u00e1y k\u00e9o lo\u1ea1i \u0111i b\u1ed9<\/strong> l\u00e0 m\u1ed9t lo\u1ea1i m\u00e1y k\u00e9o n\u00f4ng nghi\u1ec7p thi\u1ebft y\u1ebfu 2 b\u00e1nh, c\u00f3 kh\u1ea3 n\u0103ng v\u1eadn h\u00e0nh nhi\u1ec1u c\u00f4ng c\u1ee5 kh\u00e1c nhau. M\u00e1y k\u00e9o \u0111i b\u1ed9 cung c\u1ea5p ngu\u1ed3n n\u0103ng l\u01b0\u1ee3ng, \u0111\u01b0\u1ee3c s\u1eed d\u1ee5ng r\u1ed9ng r\u00e3i tr\u00ean to\u00e0n th\u1ebf gi\u1edbi. M\u00e1y k\u00e9o tay c\u00f3 \u01b0u \u0111i\u1ec3m \u0111a ch\u1ee9c n\u0103ng, v\u1eadn h\u00e0nh d\u1ec5 d\u00e0ng, c\u1ea5u tr\u00fac nh\u1ecf g\u1ecdn. Ngo\u00e0i ra, lo\u1ea1i m\u00e1y k\u00e9o n\u00e0y c\u00f3 th\u1ec3 k\u1ebft h\u1ee3p v\u1edbi c\u00e1c thi\u1ebft b\u1ecb kh\u00e1c nhau, nh\u01b0 m\u00e1y c\u00e0y, m\u00e1y l\u00ean lu\u1ed1ng, <a href=\"https:\/\/cornmachines.com\/corn-planter-machine\/\" target=\"_blank\" rel=\"noreferrer noopener\">m\u00e1y gieo h\u1ea1t<\/a>, m\u00e1y b\u01a1m n\u01b0\u1edbc, v.v. C\u00e1c ph\u1ee5 ki\u1ec7n c\u1ee7a m\u00e1y k\u00e9o \u0111i b\u1ed9 c\u00f3 th\u1ec3 r\u1ea5t \u0111a d\u1ea1ng. Do gi\u00e1 c\u1ea3 kinh t\u1ebf, m\u00e1y k\u00e9o hai b\u00e1nh n\u00e0y \u0111\u01b0\u1ee3c \u0111\u00f3n nh\u1eadn n\u1ed3ng nhi\u1ec7t t\u1ea1i Nam Phi, Mauritius, M\u1ef9, Zimbabwe, Uganda, v.v. N\u1ebfu b\u1ea1n quan t\u00e2m, vui l\u00f2ng li\u00ean h\u1ec7 v\u1edbi ch\u00fang t\u00f4i b\u1ea5t c\u1ee9 l\u00fac n\u00e0o.<\/p>    <h2 class=\"wp-block-heading\" id=\"features-of-walking-type-tractor\"><strong>C\u00e1c t\u00ednh n\u0103ng c\u1ee7a m\u00e1y k\u00e9o lo\u1ea1i \u0111i b\u1ed9<\/strong><strong><\/strong><\/h2>    <ul class=\"wp-block-list\"> <li>C\u1ea5u tr\u00fac \u0111\u01a1n gi\u1ea3n, ch\u1ea5t l\u01b0\u1ee3ng t\u1ed1t, hi\u1ec7u su\u1ea5t \u1ed5n \u0111\u1ecbnh.<\/li>    <li>Gi\u00e1 c\u1ea3 c\u1ea1nh tranh tr\u00ean th\u1ecb tr\u01b0\u1eddng. Gi\u00e1 m\u00e1y k\u00e9o \u0111i b\u1ed9 ph\u00f9 h\u1ee3p v\u1edbi t\u00fai ti\u1ec1n c\u1ee7a ng\u01b0\u1eddi d\u00e2n \u1edf h\u1ea7u h\u1ebft c\u00e1c qu\u1ed1c gia, ch\u1eb3ng h\u1ea1n nh\u01b0 Kenya.<\/li>    <li>Nhi\u1ec1u ch\u1ee9c n\u0103ng. M\u00e1y k\u00e9o hai b\u00e1nh n\u00e0y c\u00f3 th\u1ec3 l\u00e0m vi\u1ec7c v\u1edbi c\u00e1c lo\u1ea1i m\u00e1y kh\u00e1c nhau \u0111\u1ec3 th\u1ef1c hi\u1ec7n vi\u1ec7c \u0111\u00e0o m\u01b0\u01a1ng, gieo h\u1ea1t, l\u00e0m lu\u1ed1ng, thu ho\u1ea1ch, v.v.<\/li>    <li>Xu\u1ea5t kh\u1ea9u sang nhi\u1ec1u n\u01b0\u1edbc v\u00e0 khu v\u1ef1c. Nh\u1edd s\u1ee9c m\u1ea1nh v\u1ec1 gi\u00e1 n\u00ean m\u00e1y k\u00e9o tay bi\u1ebft \u0111i n\u00e0y th\u01b0\u1eddng xuy\u00ean \u0111\u01b0\u1ee3c xu\u1ea5t kh\u1ea9u sang Ch\u00e2u Phi. Ch\u1eb3ng h\u1ea1n nh\u01b0 Lesotho, Ghana, Nam Phi, Kenya, Zimbabwe, Nigeria, Yemen, Somalia, Botswana, v.v.<\/li>    <li>Kh\u1ea3 n\u0103ng th\u1ef1c h\u00e0nh m\u1ea1nh m\u1ebd. M\u00e1y k\u00e9o \u0111i b\u1ed9 b\u1eb1ng tay trong trang tr\u1ea1i n\u00e0y t\u1ea1o \u0111i\u1ec1u ki\u1ec7n thu\u1eadn l\u1ee3i h\u01a1n nhi\u1ec1u cho nh\u1eefng ng\u01b0\u1eddi c\u00f3 ho\u00e0n c\u1ea3nh kh\u00f3 kh\u0103n.<\/li> <\/ul>    <h2 class=\"wp-block-heading\" id=\"working-video-of-walking-type-tractor-implements\"><strong>Video ho\u1ea1t \u0111\u1ed9ng c\u1ee7a d\u1ee5ng c\u1ee5 m\u00e1y k\u00e9o lo\u1ea1i \u0111i b\u1ed9<\/strong><\/h2>    <p>M\u00e1y k\u00e9o \u0111i b\u1ed9 nh\u1ecf g\u1ecdn v\u00e0 \u0111\u01a1n gi\u1ea3n n\u00e0y c\u00f3 nhi\u1ec1u kh\u1ea3 n\u0103ng t\u00f9y theo nhu c\u1ea7u c\u1ee7a kh\u00e1ch h\u00e0ng. Video d\u01b0\u1edbi \u0111\u00e2y th\u1ec3 hi\u1ec7n \u0111\u1ea7y \u0111\u1ee7 m\u1ed9t s\u1ed1 kh\u1ea3 n\u0103ng v\u00e0 ch\u1ee9c n\u0103ng.<\/p>    <figure class=\"wp-block-embed is-type-video is-provider-youtube wp-block-embed-youtube\"><div class=\"wp-block-embed__wrapper\"> <iframe loading=\"lazy\" title=\"M\u00e1y k\u00e9o \u0111i b\u1ed9 | m\u00e1y k\u00e9o tay | m\u00e1y k\u00e9o \u0111i b\u1ed9 hai b\u00e1nh | m\u00e1y k\u00e9o \u0111i b\u1ed9 ph\u00eda sau v\u1edbi thi\u1ebft b\u1ecb diesel\" width=\"500\" height=\"281\" src=\"https:\/\/www.youtube.com\/embed\/TQMlzGjxFTs?feature=oembed\" frameborder=\"0\" allow=\"accelerometer; autoplay; clipboard-write; encrypted-media; gyroscope; picture-in-picture; web-share\" referrerpolicy=\"strict-origin-when-cross-origin\" allowfullscreen><\/iframe> <\/div><\/figure>    <h2 class=\"wp-block-heading\" id=\"functional-diversification-of-walking-tractor\"><strong>\u0110a d\u1ea1ng h\u00f3a ch\u1ee9c n\u0103ng c\u1ee7a m\u00e1y k\u00e9o \u0111i b\u1ed9<\/strong><strong><\/strong><\/h2>    <p class=\"translation-block\">V\u00ec m\u00e1y k\u00e9o hai b\u00e1nh n\u00e0y ch\u1ec9 cung c\u1ea5p ngu\u1ed3n n\u0103ng l\u01b0\u1ee3ng, n\u00f3 c\u00f3 th\u1ec3 k\u1ebft h\u1ee3p v\u1edbi nhi\u1ec1u m\u00e1y m\u00f3c n\u00f4ng nghi\u1ec7p \u0111\u1ec3 \u0111\u1ea1t \u0111\u01b0\u1ee3c c\u00e1c ch\u1ee9c n\u0103ng kh\u00e1c nhau. V\u00ed d\u1ee5, m\u00e1y k\u00e9o \u0111i b\u1ed9 v\u1edbi m\u00e1y c\u00e0y c\u00f3 th\u1ec3 l\u00e0m \u0111\u1ea5t cho v\u1ee5 ti\u1ebfp theo. M\u00e1y k\u00e9o tay v\u1edbi m\u00e1y gieo h\u1ea1t, nh\u01b0 m\u00e1y gieo ng\u00f4, <a href=\"https:\/\/taizyagromachine.com\/vi\/product\/wheat-planter\/\" target=\"_blank\" rel=\"noreferrer noopener\">m\u00e1y gieo l\u00faa m\u00ec<\/a> c\u00f3 th\u1ec3 gieo h\u1ea1t v\u00e0 b\u00f3n ph\u00e2n c\u00f9ng m\u1ed9t l\u00fac. Ngo\u00e0i ra, m\u00e1y k\u00e9o lo\u1ea1i \u0111i b\u1ed9 v\u1edbi r\u01a1 mo\u00f3c c\u00f3 th\u1ec3 ch\u1edf h\u00e0ng h\u00f3a. B\u00ean c\u1ea1nh \u0111\u00f3, n\u00f3 c\u00f3 th\u1ec3 thay b\u00e1nh xe th\u00f4ng th\u01b0\u1eddng th\u00e0nh b\u00e1nh xe l\u00faa \u0111\u1ec3 \u0111i tr\u00ean ru\u1ed9ng l\u00faa. T\u00f3m l\u1ea1i, m\u00e1y k\u00e9o d\u1eabn \u0111\u1ed9ng hai b\u00e1nh n\u00e0y c\u00f3 th\u1ec3 th\u1ef1c hi\u1ec7n nhi\u1ec1u ch\u1ee9c n\u0103ng c\u00f9ng v\u1edbi nhi\u1ec1u m\u00e1y m\u00f3c kh\u00e1c. Mong nh\u1eadn \u0111\u01b0\u1ee3c y\u00eau c\u1ea7u c\u1ee7a b\u1ea1n!<\/p>    <figure class=\"wp-block-gallery has-nested-images columns-default is-cropped wp-block-gallery-2 is-layout-flex wp-block-gallery-is-layout-flex\"> <figure class=\"wp-block-image size-large\"><img loading=\"lazy\" decoding=\"async\" width=\"720\" height=\"540\" data-id=\"2008\" src=\"https:\/\/taizyagromachine.com\/wp-content\/uploads\/2022\/02\/2-wheel-tractor-with-corn-planter.jpg\" alt=\"M\u00e1y k\u00e9o 2 b\u00e1nh k\u00e8m m\u00e1y tr\u1ed3ng ng\u00f4\" class=\"wp-image-2008\" srcset=\"https:\/\/taizyagromachine.com\/wp-content\/uploads\/2022\/02\/2-wheel-tractor-with-corn-planter.jpg 720w, https:\/\/taizyagromachine.com\/wp-content\/uploads\/2022\/02\/2-wheel-tractor-with-corn-planter-300x225.jpg 300w\" sizes=\"auto, (max-width: 720px) 100vw, 720px\" \/><figcaption class=\"wp-element-caption\">M\u00e1y k\u00e9o 2 b\u00e1nh k\u00e8m m\u00e1y tr\u1ed3ng ng\u00f4<\/figcaption><\/figure>    <figure class=\"wp-block-image size-large\"><img loading=\"lazy\" decoding=\"async\" width=\"720\" height=\"540\" data-id=\"2011\" src=\"https:\/\/taizyagromachine.com\/wp-content\/uploads\/2022\/02\/walk-behind-tractor-with-wheat-planter.jpg\" alt=\"m\u00e1y k\u00e9o \u0111i b\u1ed9 ph\u00eda sau v\u1edbi m\u00e1y tr\u1ed3ng l\u00faa m\u00ec\" class=\"wp-image-2011\" srcset=\"https:\/\/taizyagromachine.com\/wp-content\/uploads\/2022\/02\/walk-behind-tractor-with-wheat-planter.jpg 720w, https:\/\/taizyagromachine.com\/wp-content\/uploads\/2022\/02\/walk-behind-tractor-with-wheat-planter-300x225.jpg 300w\" sizes=\"auto, (max-width: 720px) 100vw, 720px\" \/><figcaption class=\"wp-element-caption\">m\u00e1y k\u00e9o \u0111i b\u1ed9 ph\u00eda sau v\u1edbi m\u00e1y tr\u1ed3ng l\u00faa m\u00ec<\/figcaption><\/figure>    <figure class=\"wp-block-image size-large\"><img loading=\"lazy\" decoding=\"async\" width=\"720\" height=\"540\" data-id=\"2013\" src=\"https:\/\/taizyagromachine.com\/wp-content\/uploads\/2022\/02\/walking-trator-trailer.jpg\" alt=\"\u0111i b\u1ed9-lo\u1ea1i-m\u00e1y k\u00e9o-r\u01a1mo\u00f3c\" class=\"wp-image-2013\" srcset=\"https:\/\/taizyagromachine.com\/wp-content\/uploads\/2022\/02\/walking-trator-trailer.jpg 720w, https:\/\/taizyagromachine.com\/wp-content\/uploads\/2022\/02\/walking-trator-trailer-300x225.jpg 300w\" sizes=\"auto, (max-width: 720px) 100vw, 720px\" \/><figcaption class=\"wp-element-caption\">\u0111o\u1ea1n phim gi\u1edbi thi\u1ec7u<\/figcaption><\/figure> <\/figure>    <figure class=\"wp-block-gallery has-nested-images columns-default is-cropped wp-block-gallery-3 is-layout-flex wp-block-gallery-is-layout-flex\"> <figure class=\"wp-block-image size-large\"><img loading=\"lazy\" decoding=\"async\" width=\"720\" height=\"540\" data-id=\"2014\" src=\"https:\/\/taizyagromachine.com\/wp-content\/uploads\/2022\/02\/electric-start-device-walking-tractor.jpg\" alt=\"m\u00e1y k\u00e9o \u0111i b\u1ed9 c\u00f3 thi\u1ebft b\u1ecb kh\u1edfi \u0111\u1ed9ng b\u1eb1ng \u0111i\u1ec7n\" class=\"wp-image-2014\" srcset=\"https:\/\/taizyagromachine.com\/wp-content\/uploads\/2022\/02\/electric-start-device-walking-tractor.jpg 720w, https:\/\/taizyagromachine.com\/wp-content\/uploads\/2022\/02\/electric-start-device-walking-tractor-300x225.jpg 300w\" sizes=\"auto, (max-width: 720px) 100vw, 720px\" \/><figcaption class=\"wp-element-caption\">m\u00e1y k\u00e9o \u0111i b\u1ed9 c\u00f3 thi\u1ebft b\u1ecb kh\u1edfi \u0111\u1ed9ng b\u1eb1ng \u0111i\u1ec7n<\/figcaption><\/figure>    <figure class=\"wp-block-image size-large\"><img loading=\"lazy\" decoding=\"async\" width=\"720\" height=\"540\" data-id=\"2012\" src=\"https:\/\/taizyagromachine.com\/wp-content\/uploads\/2022\/02\/water-pump-hand-tractor.jpg\" alt=\"m\u00e1y b\u01a1m n\u01b0\u1edbc\" class=\"wp-image-2012\" srcset=\"https:\/\/taizyagromachine.com\/wp-content\/uploads\/2022\/02\/water-pump-hand-tractor.jpg 720w, https:\/\/taizyagromachine.com\/wp-content\/uploads\/2022\/02\/water-pump-hand-tractor-300x225.jpg 300w\" sizes=\"auto, (max-width: 720px) 100vw, 720px\" \/><figcaption class=\"wp-element-caption\">m\u00e1y b\u01a1m n\u01b0\u1edbc<\/figcaption><\/figure> <\/figure>    <h2 class=\"wp-block-heading\" id=\"walking-tractor-attachments\">Ph\u1ee5 t\u00f9ng m\u00e1y k\u00e9o \u0111i b\u1ed9<\/h2>    <p>L\u00e0 nh\u00e0 s\u1ea3n xu\u1ea5t v\u00e0 cung c\u1ea5p m\u00e1y n\u00f4ng nghi\u1ec7p chuy\u00ean nghi\u1ec7p, ch\u00fang t\u00f4i c\u00f3 nhi\u1ec1u c\u00e1ch s\u1eafp x\u1ebfp kh\u00e1c nhau \u0111\u1ec3 gi\u1edbi thi\u1ec7u cho b\u1ea1n.<\/p>    <h3 class=\"wp-block-heading\" id=\"walking-type-tractor-with-rovatator\">M\u00e1y k\u00e9o ki\u1ec3u \u0111i b\u1ed9 c\u00f3 m\u00e1y quay<\/h3>    <p>Khi c\u1ea3 hai c\u00f9ng ho\u1ea1t \u0111\u1ed9ng, n\u00f3 ph\u00f9 h\u1ee3p v\u1edbi nh\u1eefng c\u00e1nh \u0111\u1ed3ng nhi\u1ec1u n\u01b0\u1edbc v\u00e0 nh\u1eefng v\u00f9ng \u0111\u1ea5t kh\u00f4 c\u1eb1n. Ngo\u00e0i ra, t\u1eeb h\u00ecnh \u1ea3nh ch\u00fang ta c\u00f3 th\u1ec3 th\u1ea5y r\u00f5 c\u00f3 thi\u1ebft k\u1ebf gh\u1ebf ng\u1ed3i nh\u1eb1m t\u1ea1o \u0111i\u1ec1u ki\u1ec7n thu\u1eadn l\u1ee3i cho ng\u01b0\u1eddi s\u1eed d\u1ee5ng.<\/p>   <div class=\"wp-block-image\"> <figure class=\"aligncenter size-full\"><img loading=\"lazy\" decoding=\"async\" width=\"720\" height=\"540\" src=\"https:\/\/taizyagromachine.com\/wp-content\/uploads\/2022\/02\/walking-type-tractor-with-rotavator.jpg\" alt=\"m\u00e1y k\u00e9o ki\u1ec3u \u0111i b\u1ed9 c\u00f3 m\u00e1y quay\" class=\"wp-image-2006\" srcset=\"https:\/\/taizyagromachine.com\/wp-content\/uploads\/2022\/02\/walking-type-tractor-with-rotavator.jpg 720w, https:\/\/taizyagromachine.com\/wp-content\/uploads\/2022\/02\/walking-type-tractor-with-rotavator-300x225.jpg 300w\" sizes=\"auto, (max-width: 720px) 100vw, 720px\" \/><figcaption class=\"wp-element-caption\">m\u00e1y k\u00e9o ki\u1ec3u \u0111i b\u1ed9 c\u00f3 m\u00e1y quay<\/figcaption><\/figure> <\/div>   <h3 class=\"wp-block-heading\" id=\"2-wheel-drive-tractor-with-double-disc-plough\">M\u00e1y k\u00e9o 2 b\u00e1nh c\u00f3 m\u00e1y c\u00e0y \u0111\u0129a \u0111\u00f4i<\/h3>    <p>C\u00e0y \u0111\u0129a \u0111\u00f4i ch\u1ee7 y\u1ebfu l\u00e0 \u0111\u1ec3 x\u1edbi \u0111\u1ea5t kh\u00f4. S\u1ef1 k\u1ebft h\u1ee3p n\u00e0y c\u00f3 \u01b0u \u0111i\u1ec3m l\u00e0 v\u1eadn h\u00e0nh d\u1ec5 d\u00e0ng, t\u1ed1c \u0111\u1ed9 nhanh v\u00e0 hi\u1ec7u qu\u1ea3 cao.<\/p>   <div class=\"wp-block-image\"> <figure class=\"aligncenter size-full\"><img loading=\"lazy\" decoding=\"async\" width=\"720\" height=\"540\" src=\"https:\/\/taizyagromachine.com\/wp-content\/uploads\/2022\/02\/2-wheel-rive-tractor-with-double-disc-plough.jpg\" alt=\"M\u00e1y k\u00e9o 2 b\u00e1nh c\u00f3 m\u00e1y c\u00e0y \u0111\u0129a \u0111\u00f4i\" class=\"wp-image-2007\" srcset=\"https:\/\/taizyagromachine.com\/wp-content\/uploads\/2022\/02\/2-wheel-rive-tractor-with-double-disc-plough.jpg 720w, https:\/\/taizyagromachine.com\/wp-content\/uploads\/2022\/02\/2-wheel-rive-tractor-with-double-disc-plough-300x225.jpg 300w\" sizes=\"auto, (max-width: 720px) 100vw, 720px\" \/><figcaption class=\"wp-element-caption\">M\u00e1y k\u00e9o 2 b\u00e1nh c\u00f3 m\u00e1y c\u00e0y \u0111\u0129a \u0111\u00f4i<\/figcaption><\/figure> <\/div>   <h3 class=\"wp-block-heading\" id=\"hand-tractor-with-double-plough\">M\u00e1y k\u00e9o tay c\u00f3 c\u00e0y \u0111\u00f4i<\/h3>    <p>M\u00e1y k\u00e9o tay c\u00f3 m\u00e1y c\u00e0y \u0111\u00f4i th\u01b0\u1eddng \u0111\u01b0\u1ee3c s\u1eed d\u1ee5ng \u1edf nh\u1eefng v\u00f9ng \u0111\u1ea5t kh\u00f4 c\u1eb1n \u0111\u1ec3 x\u1edbi \u0111\u1ea5t, x\u1edbi \u0111\u1ea5t.<\/p>   <div class=\"wp-block-image\"> <figure class=\"aligncenter size-full\"><img loading=\"lazy\" decoding=\"async\" width=\"720\" height=\"540\" src=\"https:\/\/taizyagromachine.com\/wp-content\/uploads\/2022\/02\/hand-tractor-with-double-plough.jpg\" alt=\"m\u00e1y k\u00e9o tay c\u00f3 m\u00e1y c\u00e0y \u0111\u00f4i\" class=\"wp-image-2009\" srcset=\"https:\/\/taizyagromachine.com\/wp-content\/uploads\/2022\/02\/hand-tractor-with-double-plough.jpg 720w, https:\/\/taizyagromachine.com\/wp-content\/uploads\/2022\/02\/hand-tractor-with-double-plough-300x225.jpg 300w\" sizes=\"auto, (max-width: 720px) 100vw, 720px\" \/><figcaption class=\"wp-element-caption\">m\u00e1y k\u00e9o tay c\u00f3 m\u00e1y c\u00e0y \u0111\u00f4i<\/figcaption><\/figure> <\/div>   <h3 class=\"wp-block-heading\" id=\"two-wheel-drive-tractor-with-paddy-wheel\">M\u00e1y k\u00e9o hai b\u00e1nh c\u00f3 b\u00e1nh th\u00f3c<\/h3>    <p>Lo\u1ea1i m\u00e1y k\u00e9o \u0111i b\u1ed9 c\u00f3 b\u00e1nh l\u00faa n\u00e0y ch\u1ee7 y\u1ebfu d\u00f9ng cho ru\u1ed9ng l\u00faa n\u01b0\u1edbc. B\u00e1nh l\u00faa n\u00e0y c\u00f3 l\u1ee3i khi \u0111i tr\u00ean ru\u1ed9ng n\u01b0\u1edbc, kh\u00f4ng b\u1ecb m\u1eafc k\u1eb9t trong \u0111\u1ea5t li\u1ec1n.<\/p>   <div class=\"wp-block-image\"> <figure class=\"aligncenter size-full\"><img loading=\"lazy\" decoding=\"async\" width=\"720\" height=\"540\" src=\"https:\/\/taizyagromachine.com\/wp-content\/uploads\/2022\/02\/two-whell-drive-tractor-with-paddy-wheel.jpg\" alt=\"m\u00e1y k\u00e9o hai b\u00e1nh c\u00f3 b\u00e1nh th\u00f3c\" class=\"wp-image-2010\" srcset=\"https:\/\/taizyagromachine.com\/wp-content\/uploads\/2022\/02\/two-whell-drive-tractor-with-paddy-wheel.jpg 720w, https:\/\/taizyagromachine.com\/wp-content\/uploads\/2022\/02\/two-whell-drive-tractor-with-paddy-wheel-300x225.jpg 300w\" sizes=\"auto, (max-width: 720px) 100vw, 720px\" \/><figcaption class=\"wp-element-caption\">m\u00e1y k\u00e9o hai b\u00e1nh c\u00f3 b\u00e1nh th\u00f3c<\/figcaption><\/figure> <\/div>   <h2 class=\"wp-block-heading\" id=\"successful-case-hand-tractor-exported-to-mauritius-and-south-africa\"><strong>Tr\u01b0\u1eddng h\u1ee3p th\u00e0nh c\u00f4ng: M\u00e1y k\u00e9o tay xu\u1ea5t kh\u1ea9u sang Mauritius v\u00e0 Nam Phi<\/strong><strong><\/strong><\/h2>    <p>Tr\u00ean th\u1ef1c t\u1ebf, lo\u1ea1i m\u00e1y k\u00e9o \u0111i b\u1ed9 ph\u00eda sau n\u00e0y r\u1ea5t \u0111\u01b0\u1ee3c \u01b0a chu\u1ed9ng tr\u00ean th\u1ebf gi\u1edbi. V\u00ec s\u1ef1 \u0111\u01a1n gi\u1ea3n n\u00ean m\u00e1y k\u00e9o hai b\u00e1nh c\u00f3 s\u1ee9c m\u1ea1nh v\u1ec1 gi\u00e1. H\u01a1n n\u1eefa, n\u00f3 c\u00f3 nhi\u1ec1u ch\u1ee9c n\u0103ng v\u1edbi c\u00e1c m\u00e1y kh\u00e1c nhau. V\u00ec v\u1eady, n\u00f3 c\u00f3 th\u1ecb tr\u01b0\u1eddng r\u1ed9ng l\u1edbn. Gi\u00e1m \u0111\u1ed1c b\u00e1n h\u00e0ng Coco c\u1ee7a ch\u00fang t\u00f4i l\u1ea7n l\u01b0\u1ee3t nh\u1eadn \u0111\u01b0\u1ee3c l\u1eddi m\u1eddi b\u00e1o gi\u00e1 t\u1eeb Mauritius v\u00e0 Nam Phi. V\u00ec m\u00e1y k\u00e9o ki\u1ec3u \u0111i b\u1ed9 c\u00f3 th\u1ec3 \u0111\u01b0\u1ee3c s\u1eed d\u1ee5ng l\u00e0m ngu\u1ed3n \u0111i\u1ec7n v\u00e0 l\u00e0m vi\u1ec7c v\u1edbi nhi\u1ec1u lo\u1ea1i m\u00e1y kh\u00e1c nhau n\u00ean kh\u00e1ch h\u00e0ng \u1edf Mauritius v\u00e0 Nam Phi kh\u00f4ng ch\u1ec9 \u0111\u1eb7t h\u00e0ng m\u00e1y k\u00e9o tay m\u00e0 c\u00f2n c\u1ea3 m\u00e1y b\u01a1m n\u01b0\u1edbc, m\u00e1y c\u00e0y, m\u00e1y x\u1edbi, b\u00e1nh xe l\u00faa, b\u1ed9 kh\u1edfi \u0111\u1ed9ng l\u1eeda \u0111i\u1ec7n, v.v. Ch\u00fang t\u00f4i \u0111\u00e3 \u0111\u00f3ng g\u00f3i m\u00e1y v\u00e0o th\u00f9ng g\u1ed7, x\u1ebfp v\u00e0o container r\u1ed3i xu\u1ea5t kh\u1ea9u sang Mauritius v\u00e0 Nam Phi b\u1eb1ng \u0111\u01b0\u1eddng bi\u1ec3n. Ch\u00e0o m\u1eebng b\u1ea1n \u0111\u1ebfn li\u00ean h\u1ec7 v\u1edbi ch\u00fang t\u00f4i \u0111\u1ec3 bi\u1ebft th\u00eam th\u00f4ng tin!<\/p>   <div class=\"wp-block-image\"> <figure class=\"aligncenter size-full\"><img loading=\"lazy\" decoding=\"async\" width=\"720\" height=\"540\" src=\"https:\/\/taizyagromachine.com\/wp-content\/uploads\/2022\/02\/pack-walking-tractor-into-wooden-cases.jpg\" alt=\"\u0111\u00f3ng g\u00f3i m\u00e1y k\u00e9o tay v\u00e0o th\u00f9ng g\u1ed7\" class=\"wp-image-2004\" srcset=\"https:\/\/taizyagromachine.com\/wp-content\/uploads\/2022\/02\/pack-walking-tractor-into-wooden-cases.jpg 720w, https:\/\/taizyagromachine.com\/wp-content\/uploads\/2022\/02\/pack-walking-tractor-into-wooden-cases-300x225.jpg 300w\" sizes=\"auto, (max-width: 720px) 100vw, 720px\" \/><figcaption class=\"wp-element-caption\">ch\u1ea5t m\u00e1y k\u00e9o tay v\u00e0o th\u00f9ng g\u1ed7 l\u00ean container<\/figcaption><\/figure> <\/div>   <figure class=\"wp-block-embed is-type-video is-provider-youtube wp-block-embed-youtube wp-embed-aspect-16-9 wp-has-aspect-ratio\"><div class=\"wp-block-embed__wrapper\"> <iframe loading=\"lazy\" title=\"M\u00e1y k\u00e9o \u0111i b\u1ed9 v\u1edbi b\u1ed9 thu ho\u1ea1ch cho vi\u1ec7c thu ho\u1ea1ch \u0111\u1eadu ph\u1ed9ng v\u00e0 khoai t\u00e2y | Thi\u1ebft b\u1ecb thu ho\u1ea1ch \u0111\u1eadu ph\u1ed9ng\" width=\"500\" height=\"281\" src=\"https:\/\/www.youtube.com\/embed\/DzLEq9Kn4m4?feature=oembed\" frameborder=\"0\" allow=\"accelerometer; autoplay; clipboard-write; encrypted-media; gyroscope; picture-in-picture; web-share\" referrerpolicy=\"strict-origin-when-cross-origin\" allowfullscreen><\/iframe> <\/div><figcaption class=\"wp-element-caption\">video v\u1ec1 m\u00e1y k\u00e9o tay v\u1edbi m\u00e1y thu ho\u1ea1ch<\/figcaption><\/figure>","protected":false},"excerpt":{"rendered":"<p>Walking type tractor&nbsp;is an essential 2 wheel farm walking tractor, capable of operating many different implements. Walk-behind tractor supplies the power sources, widely used worldwide. The hand tractor has advantages of multi functions, easy operation, compact structure. Besides, this walking tractor can match with the different equipment, like plough, ridger, planter, water pump, etc. The [&hellip;]<\/p>\n","protected":false},"author":1,"featured_media":2159,"parent":0,"template":"","tags":[],"product-type":[22],"class_list":["post-2002","product","type-product","status-publish","has-post-thumbnail","hentry","product-type-others"],"_links":{"self":[{"href":"https:\/\/taizyagromachine.com\/vi\/wp-json\/wp\/v2\/product\/2002","targetHints":{"allow":["GET"]}}],"collection":[{"href":"https:\/\/taizyagromachine.com\/vi\/wp-json\/wp\/v2\/product"}],"about":[{"href":"https:\/\/taizyagromachine.com\/vi\/wp-json\/wp\/v2\/types\/product"}],"author":[{"embeddable":true,"href":"https:\/\/taizyagromachine.com\/vi\/wp-json\/wp\/v2\/users\/1"}],"wp:featuredmedia":[{"embeddable":true,"href":"https:\/\/taizyagromachine.com\/vi\/wp-json\/wp\/v2\/media\/2159"}],"wp:attachment":[{"href":"https:\/\/taizyagromachine.com\/vi\/wp-json\/wp\/v2\/media?parent=2002"}],"wp:term":[{"taxonomy":"post_tag","embeddable":true,"href":"https:\/\/taizyagromachine.com\/vi\/wp-json\/wp\/v2\/tags?post=2002"},{"taxonomy":"product-type","embeddable":true,"href":"https:\/\/taizyagromachine.com\/vi\/wp-json\/wp\/v2\/product-type?post=2002"}],"curies":[{"name":"wp","href":"https:\/\/api.w.org\/{rel}","templated":true}]}}