{"id":2019,"date":"2022-02-11T06:41:24","date_gmt":"2022-02-11T06:41:24","guid":{"rendered":"https:\/\/taizyagromachine.com\/"},"modified":"2025-01-02T13:52:41","modified_gmt":"2025-01-02T05:52:41","slug":"small-groundnut-harvester","status":"publish","type":"product","link":"https:\/\/taizyagromachine.com\/vi\/product\/small-groundnut-harvester\/","title":{"rendered":"M\u00e1y thu ho\u1ea1ch l\u1ea1c | Thi\u1ebft b\u1ecb thu ho\u1ea1ch \u0111\u1eadu ph\u1ed9ng"},"content":{"rendered":"<p class=\"translation-block\"><strong>M\u00e1y thu ho\u1ea1ch l\u1ea1c<\/strong> l\u00e0 thi\u1ebft b\u1ecb l\u00fd t\u01b0\u1edfng \u0111\u1ec3 t\u00e1ch qu\u1ea3 l\u1ea1c kh\u1ecfi \u0111\u1ea5t. Th\u00f4ng th\u01b0\u1eddng, m\u00e1y thu ho\u1ea1ch l\u1ea1c \u0111\u01b0\u1ee3c l\u1eafp v\u1edbi m\u00e1y k\u00e9o, l\u00e0m vi\u1ec7c tr\u00ean \u0111\u1ed3ng ru\u1ed9ng. B\u00ean c\u1ea1nh \u0111\u00f3, m\u00e1y thu ho\u1ea1ch l\u1ea1c n\u00e0y c\u00f3 c\u00f4ng su\u1ea5t t\u1ed1t 0,3-0,5 m\u1eabu Anh m\u1ed7i gi\u1edd. Ngo\u00e0i ra, t\u1ef7 l\u1ec7 nh\u1eb7t c\u1ee7a m\u00e1y thu ho\u1ea1ch l\u1ea1c l\u00e0 \u226598%, trong khi t\u1ef7 l\u1ec7 v\u1ee1 l\u00e0 \u22641%. Ch\u00fang ta \u0111\u1ec1u bi\u1ebft, l\u1ea1c d\u01b0\u1edbi l\u00f2ng \u0111\u1ea5t c\u00f3 m\u1ed9t \u00edt \u0111\u1ea5t. V\u00e0 thi\u1ebft b\u1ecb thu ho\u1ea1ch l\u1ea1c c\u00f3 t\u1ef7 l\u1ec7 l\u00e0m s\u1ea1ch h\u01a1n 95%. Do \u0111\u00f3, m\u00e1y \u0111\u00e0o l\u1ea1c n\u00e0y r\u1ea5t ph\u1ed5 bi\u1ebfn tr\u00ean th\u1ecb tr\u01b0\u1eddng m\u00e1y l\u1ea1c. Mong nh\u1eadn \u0111\u01b0\u1ee3c y\u00eau c\u1ea7u c\u1ee7a b\u1ea1n!<\/p>    <h2 class=\"wp-block-heading\" id=\"characteristics-of-peanut-harvester-for-sale\"><strong>\u0110\u1eb7c \u0111i\u1ec3m c\u1ee7a thi\u1ebft b\u1ecb thu ho\u1ea1ch \u0111\u1eadu ph\u1ed9ng \u0111\u1ec3 b\u00e1n<\/strong><\/h2>    <ul class=\"wp-block-list\" type=\"1\"> <li>C\u1ea5u tr\u00fac \u0111\u01a1n gi\u1ea3n, v\u1eadn h\u00e0nh d\u1ec5 d\u00e0ng, hi\u1ec7u qu\u1ea3 cao.<\/li>    <li>Con l\u0103n b\u1ea3o v\u1ec7 c\u00e2y l\u1ea1c kh\u1ecfi b\u1ecb ch\u00ecm xu\u1ed1ng \u0111\u1ea5t v\u00e0 gi\u00fap b\u1ea1n d\u1ec5 d\u00e0ng \u0111\u00e0o x\u1edbi.<\/li>    <li>G\u00f3c v\u00e1t c\u00f3 th\u1ec3 h\u1ee9a h\u1eb9n h\u1ea1t \u0111\u1eadu n\u1eb1m \u1edf m\u1ed9t b\u00ean.<\/li>    <li>Tr\u1ee5c d\u1eabn \u0111\u1ed9ng v\u1ea1n n\u0103ng c\u1ee7a m\u00e1y g\u1eb7t l\u1ea1c \u0111\u01b0\u1ee3c g\u1eafn v\u00e0o m\u00e1y k\u00e9o b\u1eb1ng li\u00ean k\u1ebft treo, th\u00f4ng qua \u0111i\u1ec1u ch\u1ec9nh h\u01b0\u1edbng d\u1eabn \u0111\u1ed9ng r\u0103ng c\u01b0a.<\/li>    <li>Tr\u1ee5c truy\u1ec1n \u0111\u1ed9ng d\u00f9ng \u0111\u1ec3 chuy\u1ec3n qu\u1ea3 l\u1ea1c.<\/li> <\/ul>    <figure class=\"wp-block-gallery has-nested-images columns-default is-cropped wp-block-gallery-2 is-layout-flex wp-block-gallery-is-layout-flex\"> <figure class=\"wp-block-image size-full\"><img loading=\"lazy\" decoding=\"async\" width=\"720\" height=\"540\" data-id=\"2025\" src=\"https:\/\/taizyagromachine.com\/wp-content\/uploads\/2022\/02\/transmission-shaft-ground-nut-harvesting-machine.jpg\" alt=\"tr\u1ee5c truy\u1ec1n \u0111\u1ed9ng\" class=\"wp-image-2025\" srcset=\"https:\/\/taizyagromachine.com\/wp-content\/uploads\/2022\/02\/transmission-shaft-ground-nut-harvesting-machine.jpg 720w, https:\/\/taizyagromachine.com\/wp-content\/uploads\/2022\/02\/transmission-shaft-ground-nut-harvesting-machine-300x225.jpg 300w\" sizes=\"auto, (max-width: 720px) 100vw, 720px\" \/><figcaption class=\"wp-element-caption\">tr\u1ee5c truy\u1ec1n \u0111\u1ed9ng<\/figcaption><\/figure>    <figure class=\"wp-block-image size-large\"><img loading=\"lazy\" decoding=\"async\" width=\"720\" height=\"540\" data-id=\"2023\" src=\"https:\/\/taizyagromachine.com\/wp-content\/uploads\/2022\/02\/vebel-angle-and-roller-peanut-harvest.jpg\" alt=\"g\u00f3c xi\u00ean v\u00e0 con l\u0103n\" class=\"wp-image-2023\" srcset=\"https:\/\/taizyagromachine.com\/wp-content\/uploads\/2022\/02\/vebel-angle-and-roller-peanut-harvest.jpg 720w, https:\/\/taizyagromachine.com\/wp-content\/uploads\/2022\/02\/vebel-angle-and-roller-peanut-harvest-300x225.jpg 300w\" sizes=\"auto, (max-width: 720px) 100vw, 720px\" \/><figcaption class=\"wp-element-caption\">g\u00f3c xi\u00ean v\u00e0 con l\u0103n<\/figcaption><\/figure> <\/figure>    <h2 class=\"wp-block-heading\" id=\"principle-of-groundnut-harvesting-machine\"><strong>Nguy\u00ean l\u00fd m\u00e1y thu ho\u1ea1ch l\u1ea1c<\/strong><\/h2>    <p>M\u00e1y thu ho\u1ea1ch l\u1ea1c lo\u1ea1i m\u1edbi n\u00e0y \u00e1p d\u1ee5ng nguy\u00ean l\u00fd s\u00e0ng rung, l\u1eafc \u0111\u1ea5t s\u1ea1ch v\u00e0 \u0111\u1eb7t l\u1ea1c g\u1ecdn g\u00e0ng sang m\u1ed9t b\u00ean. Nh\u01b0 v\u1eady, chi\u1ebfc m\u00e1y g\u1eb7t \u0111\u1eadu ph\u1ed9ng n\u00e0y \u0111\u1ea1t \u0111\u01b0\u1ee3c m\u1ee5c \u0111\u00edch l\u00e0 t\u00e1ch \u0111\u1eadu ph\u1ed9ng ra kh\u1ecfi \u0111\u1ea5t, d\u1ed3n c\u00e2y gi\u1ed1ng \u0111\u1eadu ph\u1ed9ng ra m\u1ed9t c\u00e1ch g\u1ecdn g\u00e0ng \u1edf m\u1ed9t b\u00ean. &nbsp;<\/p>   <div class=\"wp-block-image\"> <figure class=\"aligncenter size-full\"><img loading=\"lazy\" decoding=\"async\" width=\"720\" height=\"540\" src=\"https:\/\/taizyagromachine.com\/wp-content\/uploads\/2022\/02\/vibratimg-screen-peanut-harvester.jpg\" alt=\"m\u00e0n h\u00ecnh rung\" class=\"wp-image-2021\" srcset=\"https:\/\/taizyagromachine.com\/wp-content\/uploads\/2022\/02\/vibratimg-screen-peanut-harvester.jpg 720w, https:\/\/taizyagromachine.com\/wp-content\/uploads\/2022\/02\/vibratimg-screen-peanut-harvester-300x225.jpg 300w\" sizes=\"auto, (max-width: 720px) 100vw, 720px\" \/><figcaption class=\"wp-element-caption\">m\u00e0n h\u00ecnh rung<\/figcaption><\/figure> <\/div>   <h2 class=\"wp-block-heading\" id=\"advantages-of-groundnut-harvester\"><strong>\u01afu \u0111i\u1ec3m c\u1ee7a m\u00e1y thu ho\u1ea1ch l\u1ea1c<\/strong><\/h2>    <ol class=\"wp-block-list\" type=\"1\"> <li>M\u00e1y thu ho\u1ea1ch \u0111\u1eadu ph\u1ed9ng t\u1ef1 \u0111\u1ed9ng n\u00e0y c\u00f3 t\u1ef7 l\u1ec7 h\u00e1i cao \u226598% n\u00ean mang l\u1ea1i hi\u1ec7u qu\u1ea3 cao.<\/li>    <li>M\u00e1y \u0111\u00e0o l\u1ea1c nh\u1ecf c\u1ee7a ch\u00fang t\u00f4i c\u00f3 hai b\u1eb1ng s\u00e1ng ch\u1ebf, m\u1ed9t m\u1eabu\u00a0ti\u1ec7n \u00edch\u00a0v\u00e0\u00a0thi\u1ebft k\u1ebf\u00a0b\u00ean ngo\u00e0i\u00a0\u0111\u00e3 \u0111\u01b0\u1ee3c C\u01a1 quan Qu\u1ed1c gia ph\u00ea duy\u1ec7t&nbsp;<a href=\"https:\/\/en.wikipedia.org\/wiki\/Patent_office\" target=\"_blank\" rel=\"noreferrer noopener\">V\u0103n ph\u00f2ng s\u00e1ng ch\u1ebf<\/a>.<\/li>    <li>M\u00e1y g\u1eb7t \u0111i\u1ec1u khi\u1ec3n b\u1eb1ng m\u00e1y k\u00e9o \u0111\u1eadu ph\u1ed9ng\u00a0c\u00f3 m\u00e1y k\u00e9o, ch\u1ea1y nhanh h\u01a1n m\u00e1y t\u1ef1 ch\u1ea1y m\u00e0 kh\u00f4ng b\u1ecb rung, x\u1ebfp d\u1ee1 nhanh ch\u00f3ng v\u00e0 kh\u00f4ng b\u1ecb c\u1ecf ch\u1eb7n.<\/li> <\/ol>    <h2 class=\"wp-block-heading\" id=\"successful-case-hanging-peanut-harvest-equipment-to-botswana\"><strong>Tr\u01b0\u1eddng h\u1ee3p th\u00e0nh c\u00f4ng: Thi\u1ebft b\u1ecb thu ho\u1ea1ch \u0111\u1eadu ph\u1ed9ng treo \u0111\u01b0\u1ee3c chuy\u1ec3n \u0111\u1ebfn Botswana<\/strong> <\/h2>    <p class=\"translation-block\">M\u1ed9t kh\u00e1ch h\u00e0ng t\u1eeb Botswana \u0111\u00e3 li\u00ean h\u1ec7 v\u1edbi ch\u00fang t\u00f4i khi \u0111\u1ecdc m\u1ed9t b\u00e0i b\u00e1o tr\u00ean trang web Taizy Agro Machine c\u1ee7a ch\u00fang t\u00f4i. Qu\u1ea3n l\u00fd b\u00e1n h\u00e0ng chuy\u00ean nghi\u1ec7p c\u1ee7a ch\u00fang t\u00f4i, Emily, \u0111\u00e3 tr\u1ea3 l\u1eddi anh \u1ea5y. Th\u00f4ng qua giao ti\u1ebfp, ch\u00fang t\u00f4i bi\u1ebft r\u1eb1ng anh \u1ea5y \u0111\u00e3 tr\u1ed3ng m\u1ed9t c\u00e1nh \u0111\u1ed3ng l\u1ea1c l\u1edbn v\u00e0 hi\u1ec3u r\u1eb1ng nhu c\u1ea7u c\u1ee7a anh \u1ea5y l\u00e0 m\u1ed9t m\u00e1y thu ho\u1ea1ch l\u1ea1c g\u1eafn m\u00e1y k\u00e9o n\u00f4ng nghi\u1ec7p. V\u00ec v\u1eady, Emily \u0111\u00e3 gi\u1edbi thi\u1ec7u cho anh \u1ea5y chi\u1ebfc m\u00e1y thu ho\u1ea1ch l\u1ea1c nh\u1ecf n\u00e0y c\u00f3 th\u1ec3 thu ho\u1ea1ch 0,3-0,5 m\u1eabu Anh m\u1ed7i gi\u1edd. Anh \u1ea5y \u0111\u00e3 \u0111\u1eb7t h\u00e0ng ngay l\u1eadp t\u1ee9c sau khi xem video v\u00e0 h\u00ecnh \u1ea3nh m\u00e1y thu ho\u1ea1ch l\u1ea1c ho\u1ea1t \u0111\u1ed9ng. Ngo\u00e0i ra, ch\u00fang t\u00f4i c\u00f2n c\u00f3 m\u00e1y gieo h\u1ea1t l\u1ea1c, m\u00e1y nh\u1eb7t l\u1ea1c, <a href=\"https:\/\/taizyagromachine.com\/vi\/peanut-machine\/peanut-sheller\/\" target=\"_blank\" rel=\"noreferrer noopener\">m\u00e1y t\u00e1ch v\u1ecf l\u1ea1c<\/a> \u0111\u1ec3 b\u00e1n. Anh \u1ea5y c\u00f3 th\u1ec3 l\u1ef1a ch\u1ecdn d\u1ef1a tr\u00ean nhu c\u1ea7u c\u1ee7a m\u00ecnh. Cu\u1ed1i c\u00f9ng, ch\u00fang t\u00f4i \u0111\u00e3 \u0111\u00f3ng g\u00f3i m\u00e1y v\u00e0 m\u00e1y \u0111\u00e3 \u0111\u1ebfn \u0111\u00edch b\u1eb1ng \u0111\u01b0\u1eddng bi\u1ec3n.<\/p>   <div class=\"wp-block-image\"> <figure class=\"aligncenter size-full\"><img loading=\"lazy\" decoding=\"async\" width=\"720\" height=\"220\" src=\"https:\/\/taizyagromachine.com\/wp-content\/uploads\/2022\/02\/packing-loading-shipping-groundnut-harvester.jpg\" alt=\"\u0111\u00f3ng g\u00f3i, b\u1ed1c x\u1ebfp, v\u1eadn chuy\u1ec3n-m\u00e1y g\u1eb7t l\u1ea1c\" class=\"wp-image-2022\" srcset=\"https:\/\/taizyagromachine.com\/wp-content\/uploads\/2022\/02\/packing-loading-shipping-groundnut-harvester.jpg 720w, https:\/\/taizyagromachine.com\/wp-content\/uploads\/2022\/02\/packing-loading-shipping-groundnut-harvester-300x92.jpg 300w\" sizes=\"auto, (max-width: 720px) 100vw, 720px\" \/><figcaption class=\"wp-element-caption\">\u0111\u00f3ng g\u00f3i, t\u1ea3i, v\u1eadn chuy\u1ec3n <\/figcaption><\/figure> <\/div>   <h2 class=\"wp-block-heading\"><strong>Video M\u00e1y thu ho\u1ea1ch l\u1ea1c l\u1ea1c<\/strong><\/h2>    <figure class=\"wp-block-embed is-type-video is-provider-youtube wp-block-embed-youtube wp-embed-aspect-16-9 wp-has-aspect-ratio\"><div class=\"wp-block-embed__wrapper\"> <iframe loading=\"lazy\" title=\"M\u00e1y thu ho\u1ea1ch l\u1ea1c - B\u00e1n thi\u1ebft b\u1ecb thu ho\u1ea1ch l\u1ea1c, 2023 #peanut\" width=\"500\" height=\"281\" src=\"https:\/\/www.youtube.com\/embed\/SPkTTtFYb6k?feature=oembed\" frameborder=\"0\" allow=\"accelerometer; autoplay; clipboard-write; encrypted-media; gyroscope; picture-in-picture; web-share\" referrerpolicy=\"strict-origin-when-cross-origin\" allowfullscreen><\/iframe> <\/div><\/figure>","protected":false},"excerpt":{"rendered":"<p>Groundnut harvester&nbsp;is the ideal equipment for the purpose of separating peanut fruit from the soil. Commonly, the peanut harvester is mounted with the tractor, working the fields. Besides, this peanut harvesting machine has a good capacity of 0.3-0.5 acres per hour. Also, the picking rate of the groundnut harvesting machine is \u226598%, while the breaking [&hellip;]<\/p>\n","protected":false},"author":1,"featured_media":2151,"parent":0,"template":"","tags":[],"product-type":[21],"class_list":["post-2019","product","type-product","status-publish","has-post-thumbnail","hentry","product-type-peanut-machine"],"_links":{"self":[{"href":"https:\/\/taizyagromachine.com\/vi\/wp-json\/wp\/v2\/product\/2019","targetHints":{"allow":["GET"]}}],"collection":[{"href":"https:\/\/taizyagromachine.com\/vi\/wp-json\/wp\/v2\/product"}],"about":[{"href":"https:\/\/taizyagromachine.com\/vi\/wp-json\/wp\/v2\/types\/product"}],"author":[{"embeddable":true,"href":"https:\/\/taizyagromachine.com\/vi\/wp-json\/wp\/v2\/users\/1"}],"wp:featuredmedia":[{"embeddable":true,"href":"https:\/\/taizyagromachine.com\/vi\/wp-json\/wp\/v2\/media\/2151"}],"wp:attachment":[{"href":"https:\/\/taizyagromachine.com\/vi\/wp-json\/wp\/v2\/media?parent=2019"}],"wp:term":[{"taxonomy":"post_tag","embeddable":true,"href":"https:\/\/taizyagromachine.com\/vi\/wp-json\/wp\/v2\/tags?post=2019"},{"taxonomy":"product-type","embeddable":true,"href":"https:\/\/taizyagromachine.com\/vi\/wp-json\/wp\/v2\/product-type?post=2019"}],"curies":[{"name":"wp","href":"https:\/\/api.w.org\/{rel}","templated":true}]}}