{"id":2029,"date":"2022-02-14T05:56:23","date_gmt":"2022-02-14T05:56:23","guid":{"rendered":"https:\/\/taizyagromachine.com\/"},"modified":"2025-01-02T13:53:53","modified_gmt":"2025-01-02T05:53:53","slug":"paddy-dryer","status":"publish","type":"product","link":"https:\/\/taizyagromachine.com\/vi\/product\/paddy-dryer\/","title":{"rendered":"M\u00e1y s\u1ea5y l\u00faa cho ng\u0169 c\u1ed1c, ng\u00f4, g\u1ea1o, l\u00faa m\u00ec"},"content":{"rendered":"<p class=\"translation-block\"><strong>M\u00e1y s\u1ea5y l\u00faa<\/strong> l\u00e0 thi\u1ebft b\u1ecb l\u00fd t\u01b0\u1edfng ch\u1ee7 y\u1ebfu d\u00f9ng \u0111\u1ec3 s\u1ea5y c\u00e1c lo\u1ea1i ng\u0169 c\u1ed1c nh\u01b0 ng\u00f4, l\u00faa, l\u00faa m\u00ec, \u0111\u1eadu t\u01b0\u01a1ng, v.v. M\u00e1y s\u1ea5y ng\u0169 c\u1ed1c thu\u1ed9c lo\u1ea1i m\u00e1y s\u1ea5y tu\u1ea7n ho\u00e0n theo m\u1ebb, nhi\u1ec7t \u0111\u1ed9 th\u1ea5p v\u00e0 ti\u1ebft ki\u1ec7m n\u0103ng l\u01b0\u1ee3ng. M\u00e1y c\u00f3 c\u1ea5u tr\u00fac h\u1ee3p l\u00fd, v\u1eadn h\u00e0nh d\u1ec5 d\u00e0ng v\u00e0 ti\u1ebfng \u1ed3n th\u1ea5p. <\/p>    <p>N\u00f3i chung, m\u00e1y s\u1ea5y ng\u0169 c\u1ed1c \u0111\u01b0\u1ee3c b\u00e1n t\u1eeb C\u00f4ng ty Taizy c\u00f3 s\u1eb5n 5H-15 v\u00e0 5H-32. Ngo\u00e0i ra, ph\u01b0\u01a1ng ph\u00e1p s\u01b0\u1edfi \u1ea5m l\u00e0 t\u00f9y ch\u1ecdn. M\u00e1y s\u1ea5y th\u00e1p \u0111\u01b0\u1ee3c s\u1eed d\u1ee5ng ph\u1ed5 bi\u1ebfn cho m\u1ee5c \u0111\u00edch th\u01b0\u01a1ng m\u1ea1i. <\/p>    <p>V\u00ed d\u1ee5, trong nh\u00e0 m\u00e1y xay x\u00e1t g\u1ea1o, m\u00e1y n\u00e0y \u0111\u01b0\u1ee3c s\u1eed d\u1ee5ng l\u00e0m m\u00e1y s\u1ea5y l\u00faa \u0111\u1ec3 thu \u0111\u01b0\u1ee3c th\u00f3c \u01b0ng \u00fd. Theo l\u00fd thuy\u1ebft t\u01b0\u01a1ng t\u1ef1, n\u00f3 c\u0169ng c\u00f3 th\u1ec3 \u0111\u01b0\u1ee3c \u1ee9ng d\u1ee5ng l\u00e0m m\u00e1y s\u1ea5y ng\u00f4. Ch\u00e0o m\u1eebng b\u1ea1n \u0111\u1ebfn li\u00ean h\u1ec7 v\u1edbi ch\u00fang t\u00f4i \u0111\u1ec3 bi\u1ebft th\u00eam chi ti\u1ebft!<\/p>    <figure class=\"wp-block-embed is-type-video is-provider-youtube wp-block-embed-youtube wp-embed-aspect-16-9 wp-has-aspect-ratio\"><div class=\"wp-block-embed__wrapper\"> <iframe loading=\"lazy\" title=\"M\u00e1y s\u1ea5y h\u1ea1t d\u1ea1ng \u0111\u1ee9ng c\u00f4ng nghi\u1ec7p d\u00f9ng cho l\u00faa, l\u00faa m\u00ec, ng\u00f4, \u0111\u1eadu n\u00e0nh, l\u00faa mi\u1ebfn, h\u1ea1t c\u1ea3i d\u1ea7u, v.v.\" width=\"500\" height=\"281\" src=\"https:\/\/www.youtube.com\/embed\/7hceHg7rS_k?feature=oembed\" frameborder=\"0\" allow=\"accelerometer; autoplay; clipboard-write; encrypted-media; gyroscope; picture-in-picture; web-share\" referrerpolicy=\"strict-origin-when-cross-origin\" allowfullscreen><\/iframe> <\/div><figcaption class=\"wp-element-caption\">video ho\u1ea1t \u0111\u1ed9ng c\u1ee7a m\u00e1y s\u1ea5y l\u00faa<\/figcaption><\/figure>    <h2 class=\"wp-block-heading\"><strong>Th\u00f4ng s\u1ed1 k\u1ef9 thu\u1eadt c\u1ee7a m\u00e1y s\u1ea5y l\u00faa \u0111\u1ec3 b\u00e1n<\/strong><\/h2>    <figure class=\"wp-block-table\"><table><tbody><tr><td>Ng\u01b0\u1eddi m\u1eabu<\/td><td>5H-15<\/td><td>5H-32<\/td><\/tr><tr><td>C\u00f4ng su\u1ea5t s\u1ea5y<\/td><td>15-20t\u00b7%\/h<\/td><td>25-35t\u00b7%\/h<\/td><\/tr><tr><td>Th\u1eddi gian cho \u0103n<\/td><td>Kho\u1ea3ng 63 ph\u00fat<\/td><td>Kho\u1ea3ng 58 ph\u00fat<\/td><\/tr><tr><td>Th\u1eddi gian x\u1ea3<\/td><td>Kho\u1ea3ng 69 ph\u00fat<\/td><td>Kho\u1ea3ng 64 ph\u00fat<\/td><\/tr><tr><td>Quy\u1ec1n l\u1ef1c<\/td><td>6,5kW (82\/3HP)<\/td><td>12,65kW<\/td><\/tr><tr><td>T\u1ed5ng tr\u1ecdng l\u01b0\u1ee3ng<\/td><td>3200kg<\/td><td>7500kg<\/td><\/tr><\/tbody><\/table><figcaption class=\"wp-element-caption\">d\u1eef li\u1ec7u k\u1ef9 thu\u1eadt c\u1ee7a m\u00e1y s\u1ea5y ng\u0169 c\u1ed1c<\/figcaption><\/figure>    <figure class=\"wp-block-gallery aligncenter has-nested-images columns-default is-cropped wp-block-gallery-2 is-layout-flex wp-block-gallery-is-layout-flex\"> <figure class=\"wp-block-image size-large\"><img loading=\"lazy\" decoding=\"async\" width=\"640\" height=\"640\" data-id=\"6420\" src=\"https:\/\/taizyagromachine.com\/wp-content\/uploads\/2022\/02\/corn-dryer-for-sale.webp\" alt=\"m\u00e1y s\u1ea5y ng\u00f4 \u0111\u1ec3 b\u00e1n\" class=\"wp-image-6420\"\/><figcaption class=\"wp-element-caption\">m\u00e1y s\u1ea5y ng\u00f4 \u0111\u1ec3 b\u00e1n<\/figcaption><\/figure>    <figure class=\"wp-block-image size-large\"><img loading=\"lazy\" decoding=\"async\" width=\"640\" height=\"640\" data-id=\"6421\" src=\"https:\/\/taizyagromachine.com\/wp-content\/uploads\/2022\/02\/grain-dryer-for-sale.webp\" alt=\"m\u00e1y s\u1ea5y ng\u0169 c\u1ed1c \u0111\u1ec3 b\u00e1n\" class=\"wp-image-6421\"\/><figcaption class=\"wp-element-caption\">m\u00e1y s\u1ea5y ng\u0169 c\u1ed1c \u0111\u1ec3 b\u00e1n<\/figcaption><\/figure>    <figure class=\"wp-block-image size-large\"><img loading=\"lazy\" decoding=\"async\" width=\"640\" height=\"640\" data-id=\"6422\" src=\"https:\/\/taizyagromachine.com\/wp-content\/uploads\/2022\/02\/paddy-dryer-in-batches.webp\" alt=\"m\u00e1y s\u1ea5y l\u00faa theo m\u1ebb\" class=\"wp-image-6422\"\/><figcaption class=\"wp-element-caption\">m\u00e1y s\u1ea5y l\u00faa theo m\u1ebb<\/figcaption><\/figure> <\/figure>    <h2 class=\"wp-block-heading\" id=\"machine-details\"><strong>Thi\u1ebft k\u1ebf m\u00e1y s\u1ea5y l\u00faa tr\u00f2n nhi\u1ec7t \u0111\u1ed9 th\u1ea5p<\/strong><\/h2>    <div class=\"wp-block-columns is-layout-flex wp-container-core-columns-is-layout-9d6595d7 wp-block-columns-is-layout-flex\"> <div class=\"wp-block-column is-layout-flow wp-block-column-is-layout-flow\"> <figure class=\"wp-block-image size-full\"><img loading=\"lazy\" decoding=\"async\" width=\"720\" height=\"540\" src=\"https:\/\/taizyagromachine.com\/wp-content\/uploads\/2022\/02\/PLC-tower-grain-dryer.jpg\" alt=\"T\u1ee7 \u0111i\u1ec1u khi\u1ec3n PLC\" class=\"wp-image-2042\" srcset=\"https:\/\/taizyagromachine.com\/wp-content\/uploads\/2022\/02\/PLC-tower-grain-dryer.jpg 720w, https:\/\/taizyagromachine.com\/wp-content\/uploads\/2022\/02\/PLC-tower-grain-dryer-300x225.jpg 300w\" sizes=\"auto, (max-width: 720px) 100vw, 720px\" \/><figcaption class=\"wp-element-caption\">T\u1ee7 \u0111i\u1ec1u khi\u1ec3n PLC<\/figcaption><\/figure> <\/div>    <div class=\"wp-block-column is-vertically-aligned-center is-layout-flow wp-block-column-is-layout-flow\"> <p class=\"has-text-align-center translation-block\"><strong>T\u1ee7 \u0111i\u1ec1u khi\u1ec3n PLC<\/strong><\/p>    <p>Siemens \u0111i\u1ec7n, v\u1eadn h\u00e0nh m\u00e0n h\u00ecnh c\u1ea3m \u1ee9ng, hi\u1ec3n th\u1ecb l\u1ed7i ch\u00ednh x\u00e1c<\/p> <\/div> <\/div>    <div class=\"wp-block-columns is-layout-flex wp-container-core-columns-is-layout-9d6595d7 wp-block-columns-is-layout-flex\"> <div class=\"wp-block-column is-vertically-aligned-center is-layout-flow wp-block-column-is-layout-flow\"> <p class=\"has-text-align-center translation-block\"><strong>Ph\u01b0\u01a1ng ph\u00e1p gia nhi\u1ec7t<\/strong><\/p>    <p>Nhi\u1ec1u ngu\u1ed3n nhi\u1ec7t kh\u00e1c nhau cho b\u1ea1n l\u1ef1a ch\u1ecdn: b\u1ebfp l\u00f2 n\u00f3ng sinh kh\u1ed1i, b\u1ebfp diesel, kh\u00ed \u0111\u1ed1t t\u1ef1 nhi\u00ean, \u0111\u1ea7u \u0111\u1ed1t \u0111i\u1ec7n. Ch\u1ecdn m\u1ed9t s\u1ebd t\u1ed1i \u0111a h\u00f3a l\u1ee3i \u00edch c\u1ee7a b\u1ea1n.&nbsp;&nbsp;<\/p> <\/div>    <div class=\"wp-block-column is-layout-flow wp-block-column-is-layout-flow\"> <figure class=\"wp-block-image size-full\"><img loading=\"lazy\" decoding=\"async\" width=\"720\" height=\"540\" src=\"https:\/\/taizyagromachine.com\/wp-content\/uploads\/2022\/02\/heating-method-grain-dryer.jpg\" alt=\"ph\u01b0\u01a1ng ph\u00e1p s\u01b0\u1edfi \u1ea5m c\u1ee7a m\u00e1y s\u1ea5y ng\u0169 c\u1ed1c\" class=\"wp-image-2043\" srcset=\"https:\/\/taizyagromachine.com\/wp-content\/uploads\/2022\/02\/heating-method-grain-dryer.jpg 720w, https:\/\/taizyagromachine.com\/wp-content\/uploads\/2022\/02\/heating-method-grain-dryer-300x225.jpg 300w\" sizes=\"auto, (max-width: 720px) 100vw, 720px\" \/><figcaption class=\"wp-element-caption\">ph\u01b0\u01a1ng ph\u00e1p s\u01b0\u1edfi \u1ea5m c\u1ee7a m\u00e1y s\u1ea5y ng\u0169 c\u1ed1c<\/figcaption><\/figure> <\/div> <\/div>    <div class=\"wp-block-columns is-layout-flex wp-container-core-columns-is-layout-9d6595d7 wp-block-columns-is-layout-flex\"> <div class=\"wp-block-column is-layout-flow wp-block-column-is-layout-flow\"> <figure class=\"wp-block-image size-full\"><img loading=\"lazy\" decoding=\"async\" width=\"720\" height=\"540\" src=\"https:\/\/taizyagromachine.com\/wp-content\/uploads\/2022\/02\/elevator-corn-dryer.jpg\" alt=\"thang m\u00e1y s\u1ea5y ng\u00f4\" class=\"wp-image-2044\" srcset=\"https:\/\/taizyagromachine.com\/wp-content\/uploads\/2022\/02\/elevator-corn-dryer.jpg 720w, https:\/\/taizyagromachine.com\/wp-content\/uploads\/2022\/02\/elevator-corn-dryer-300x225.jpg 300w\" sizes=\"auto, (max-width: 720px) 100vw, 720px\" \/><figcaption class=\"wp-element-caption\">thang m\u00e1y s\u1ea5y ng\u00f4<\/figcaption><\/figure> <\/div>    <div class=\"wp-block-column is-vertically-aligned-center is-layout-flow wp-block-column-is-layout-flow\"> <p class=\"has-text-align-center translation-block\"><strong>Thang m\u00e1y<\/strong><\/p>    <p>\u0110ai \u0111\u01b0\u1ee3c l\u00e0m b\u1eb1ng \u0111ai v\u1ea3i nylon nguy\u00ean ch\u1ea5t, x\u00f4 s\u1eed d\u1ee5ng nh\u1ef1a nylon nguy\u00ean sinh c\u00f3 \u0111\u1ed9 d\u1ebbo dai t\u1ed1t v\u00e0 kh\u00f4ng b\u1ecb gi\u00f2n.<\/p> <\/div> <\/div>    <div class=\"wp-block-columns is-layout-flex wp-container-core-columns-is-layout-9d6595d7 wp-block-columns-is-layout-flex\"> <div class=\"wp-block-column is-vertically-aligned-center is-layout-flow wp-block-column-is-layout-flow\"> <p class=\"has-text-align-center translation-block\"><strong>T\u00ednh to\u00e1n thi\u1ebft k\u1ebf m\u00e1y s\u1ea5y l\u00faa<\/strong><\/p>    <p>G\u00f3c n\u1ea1p, t\u1ea1o \u0111i\u1ec1u ki\u1ec7n cho h\u1ea1t kh\u00f4. &nbsp;&nbsp;<\/p> <\/div>    <div class=\"wp-block-column is-layout-flow wp-block-column-is-layout-flow\"> <figure class=\"wp-block-image size-full\"><img loading=\"lazy\" decoding=\"async\" width=\"750\" height=\"416\" src=\"https:\/\/taizyagromachine.com\/wp-content\/uploads\/2022\/02\/circulation-drying-dryer.jpg\" alt=\"s\u1ea5y tu\u1ea7n ho\u00e0n c\u1ee7a m\u00e1y s\u1ea5y ng\u0169 c\u1ed1c\" class=\"wp-image-2045\" srcset=\"https:\/\/taizyagromachine.com\/wp-content\/uploads\/2022\/02\/circulation-drying-dryer.jpg 750w, https:\/\/taizyagromachine.com\/wp-content\/uploads\/2022\/02\/circulation-drying-dryer-300x166.jpg 300w\" sizes=\"auto, (max-width: 750px) 100vw, 750px\" \/><figcaption class=\"wp-element-caption\">s\u1ea5y tu\u1ea7n ho\u00e0n c\u1ee7a m\u00e1y s\u1ea5y ng\u0169 c\u1ed1c<\/figcaption><\/figure> <\/div> <\/div>    <p><\/p>    <h2 class=\"wp-block-heading\" id=\"advantages-of-rice-dryer-for-sale\"><strong>\u01afu \u0111i\u1ec3m c\u1ee7a m\u00e1y s\u1ea5y l\u00faa \u0111\u1ec3 b\u00e1n<\/strong><\/h2>    <ul class=\"wp-block-list\"> <li><strong>S\u1eed d\u1ee5ng thu\u1eadn ti\u1ec7n<\/strong>. B\u1edfi v\u00ec m\u00e1y s\u1ea5y l\u00faa n\u00e0y kh\u00f4ng c\u1ea7n thay th\u1ebf b\u1ea5t k\u1ef3 b\u1ed9 ph\u1eadn n\u00e0o, th\u00edch \u1ee9ng tr\u1ef1c ti\u1ebfp v\u1edbi ng\u00f4 kh\u00f4, g\u1ea1o, l\u00faa m\u00ec, h\u1ea1t c\u1ea3i d\u1ea7u, \u0111\u1eadu n\u00e0nh, v.v.<\/li>    <li><strong>C\u00f4ng ngh\u1ec7 s\u1ea5y h\u1ea1t ti\u00ean ti\u1ebfn<\/strong>. C\u00f4ng ngh\u1ec7 n\u00e0y l\u00e0m n\u00f3ng h\u1ea1t \u0111\u1ec1u, t\u1ed1c \u0111\u1ed9 t\u00e1ch n\u01b0\u1edbc nhanh v\u00e0 chi ph\u00ed s\u1ea5y th\u1ea5p.<\/li>    <li><strong>Ch\u1ea5t li\u1ec7u th\u00e9p kh\u00f4ng g\u1ec9<\/strong>. C\u00e1c b\u1ed9 ph\u1eadn ch\u00ednh c\u1ee7a m\u00e1y s\u1ea5y ng\u0169 c\u1ed1c b\u00ean trong s\u1eed d\u1ee5ng v\u1eadt li\u1ec7u th\u00e9p kh\u00f4ng g\u1ec9, gi\u00fap k\u00e9o d\u00e0i tu\u1ed5i th\u1ecd c\u1ee7a thi\u1ebft b\u1ecb m\u1ed9t c\u00e1ch hi\u1ec7u qu\u1ea3.<\/li>    <li>M\u00e1y s\u1ea5y ng\u00f4 c\u00f3 <strong>h\u1ec7 th\u1ed1ng ph\u00e2n ph\u1ed1i kh\u00f4ng kh\u00ed l\u00e0m m\u00e1t ri\u00eang<\/strong>, c\u00f3 th\u1ec3 \u0111\u1ea3m b\u1ea3o ch\u1ea5t l\u01b0\u1ee3ng h\u1ea1t kh\u00f4 m\u1ed9t c\u00e1ch hi\u1ec7u qu\u1ea3 v\u00e0 t\u1ea1o \u0111i\u1ec1u ki\u1ec7n thu\u1eadn l\u1ee3i cho vi\u1ec7c b\u1ea3o qu\u1ea3n h\u1ea1t.<\/li>    <li>V\u1eadn h\u00e0nh d\u1ec5 d\u00e0ng, hi\u1ec7u qu\u1ea3 s\u1ea5y cao, kh\u00f4ng g\u00e2y \u00f4 nhi\u1ec5m.<\/li>    <li><strong>Ph\u01b0\u01a1ng ph\u00e1p s\u01b0\u1edfi \u1ea5m t\u00f9y ch\u1ecdn<\/strong>. B\u1ebfp l\u00f2 n\u00f3ng sinh kh\u1ed1i, b\u1ebfp diesel, kh\u00ed \u0111\u1ed1t t\u1ef1 nhi\u00ean, \u0111\u1ea7u \u0111\u1ed1t \u0111i\u1ec7n \u0111\u1ec1u c\u00f3 s\u1eb5n.<\/li> <\/ul>    <h2 class=\"wp-block-heading\" id=\"wide-applications-of-vertical-grain-dryer\"><strong>\u1ee8ng d\u1ee5ng r\u1ed9ng r\u00e3i c\u1ee7a m\u00e1y s\u1ea5y h\u1ea1t d\u1ecdc<\/strong><\/h2>    <p class=\"translation-block\">M\u00e1y s\u1ea5y ng\u0169 c\u1ed1c \u0111\u1ee9ng n\u00e0y c\u00f3 nhi\u1ec1u \u1ee9ng d\u1ee5ng. M\u00e1y c\u00f3 th\u1ec3 s\u1ea5y c\u00e1c lo\u1ea1i ng\u0169 c\u1ed1c nh\u01b0 <strong>l\u00faa, l\u00faa m\u00ec, ng\u00f4, \u0111\u1eadu t\u01b0\u01a1ng, l\u00faa mi\u1ebfn, k\u00ea, h\u1ea1t c\u1ea3i d\u1ea7u, h\u1ea1t h\u01b0\u1edbng d\u01b0\u01a1ng<\/strong>, v.v. theo m\u1ebb. <\/p>   <div class=\"wp-block-image\"> <figure class=\"aligncenter size-full\"><img loading=\"lazy\" decoding=\"async\" width=\"720\" height=\"540\" src=\"https:\/\/taizyagromachine.com\/wp-content\/uploads\/2022\/02\/applications-tower-grain-dryer.jpg\" alt=\"\u1ee9ng d\u1ee5ng c\u1ee7a m\u00e1y s\u1ea5y l\u00faa\" class=\"wp-image-2046\" srcset=\"https:\/\/taizyagromachine.com\/wp-content\/uploads\/2022\/02\/applications-tower-grain-dryer.jpg 720w, https:\/\/taizyagromachine.com\/wp-content\/uploads\/2022\/02\/applications-tower-grain-dryer-300x225.jpg 300w\" sizes=\"auto, (max-width: 720px) 100vw, 720px\" \/><figcaption class=\"wp-element-caption\">\u1ee9ng d\u1ee5ng c\u1ee7a m\u00e1y s\u1ea5y l\u00faa<\/figcaption><\/figure> <\/div>   <h2 class=\"wp-block-heading\" id=\"how-does-a-paddy-dryer-work\"><strong>M\u00e1y s\u1ea5y l\u00faa th\u00f4 ho\u1ea1t \u0111\u1ed9ng nh\u01b0 th\u1ebf n\u00e0o?<\/strong><\/h2>   <div id=\"rank-math-howto\" class=\"rank-math-block\" > <div class=\"rank-math-howto-description\">  <\/div>  <div class=\"rank-math-steps\"> <div id=\"howto-step-1704706129384\" class=\"rank-math-step\"> <h3 class=\"rank-math-step-title\"><strong>Giai \u0111o\u1ea1n cho \u0103n<\/strong><\/h3> <div class=\"rank-math-step-content\"><p>Tr\u01b0\u1edbc khi b\u1eaft \u0111\u1ea7u qu\u00e1 tr\u00ecnh s\u1ea5y th\u00f3c, th\u00f3c \u01b0\u1edbt \u0111\u00e3 thu ho\u1ea1ch tr\u01b0\u1edbc ti\u00ean \u0111\u01b0\u1ee3c \u0111\u01b0a t\u1eeb khu v\u1ef1c d\u00e0n \u0111\u1ebfn \u0111\u1ea7u v\u00e0o c\u1ee7a m\u00e1y s\u1ea5y th\u00f3c th\u00f4ng qua thi\u1ebft b\u1ecb n\u00e2ng (v\u00ed d\u1ee5: g\u1ea7u n\u00e2ng ho\u1eb7c b\u0103ng t\u1ea3i) \u0111\u1ec3 ho\u00e0n t\u1ea5t vi\u1ec7c n\u1ea1p h\u1ea1t ban \u0111\u1ea7u.<\/p> <\/div> <\/div> <div id=\"howto-step-1704706148500\" class=\"rank-math-step\"> <h3 class=\"rank-math-step-title\"><strong>Chu\u1ea9n b\u1ecb gia nhi\u1ec7t tr\u01b0\u1edbc<\/strong><\/h3> <div class=\"rank-math-step-content\"><p>Tr\u01b0\u1edbc khi m\u00e1y s\u1ea5y ch\u1ee9a \u0111\u1ea7y th\u00f3c, ng\u01b0\u1eddi v\u1eadn h\u00e0nh c\u1ea7n b\u1eadt \u0111\u1ea7u \u0111\u1ed1t b\u00ean trong m\u00e1y s\u1ea5y. T\u00f9y thu\u1ed9c v\u00e0o lo\u1ea1i thi\u1ebft b\u1ecb, d\u1ea7u, kh\u00ed \u0111\u1ed1t, sinh kh\u1ed1i ho\u1eb7c c\u00e1c d\u1ea1ng n\u0103ng l\u01b0\u1ee3ng kh\u00e1c c\u00f3 th\u1ec3 \u0111\u01b0\u1ee3c s\u1eed d\u1ee5ng \u0111\u1ec3 \u0111\u1ea3m b\u1ea3o \u0111\u1ea7u \u0111\u1ed1t ch\u00e1y \u1ed5n \u0111\u1ecbnh v\u00e0 t\u1ea1o ra \u0111\u1ee7 nhi\u1ec7t \u0111\u1ec3 cung c\u1ea5p ngu\u1ed3n nhi\u1ec7t cho ho\u1ea1t \u0111\u1ed9ng s\u1ea5y.<\/p> <\/div> <\/div> <div id=\"howto-step-1704706186044\" class=\"rank-math-step\"> <h3 class=\"rank-math-step-title\"><strong>Qu\u00e1 tr\u00ecnh s\u1ea5y tu\u1ea7n ho\u00e0n<\/strong><\/h3> <div class=\"rank-math-step-content\"><p>Khi l\u00f2 \u0111\u1ed1t \u0111\u1ea1t \u0111\u1ebfn nhi\u1ec7t \u0111\u1ed9 x\u00e1c \u0111\u1ecbnh tr\u01b0\u1edbc v\u00e0 b\u1eaft \u0111\u1ea7u cung c\u1ea5p nhi\u1ec7t \u1ed5n \u0111\u1ecbnh, h\u1ec7 th\u1ed1ng tu\u1ea7n ho\u00e0n c\u1ee7a m\u00e1y s\u1ea5y \u0111\u01b0\u1ee3c kh\u1edfi \u0111\u1ed9ng. <br \/>N\u00f3 ch\u1ee7 y\u1ebfu d\u1ef1a v\u00e0o nhi\u1ec7t sinh ra trong bu\u1ed3ng l\u00f2 \u0111\u1ec3 trao \u0111\u1ed5i nhi\u1ec7t v\u1edbi th\u00f3c. Kh\u00f4ng kh\u00ed n\u00f3ng l\u01b0u th\u00f4ng b\u00ean trong m\u00e1y s\u1ea5y v\u00e0 l\u00e0m n\u00f3ng th\u00f3c \u0111\u1ed3ng \u0111\u1ec1u th\u00f4ng qua c\u00e1c t\u1ea5m s\u1ea5y nhi\u1ec1u l\u1edbp ho\u1eb7c c\u00e1c k\u00eanh s\u1ea5y \u0111\u01b0\u1ee3c thi\u1ebft k\u1ebf \u0111\u1eb7c bi\u1ec7t \u0111\u1ec3 lo\u1ea1i b\u1ecf \u0111\u1ed9 \u1ea9m kh\u1ecfi th\u00f3c.<\/p> <\/div> <\/div> <div id=\"howto-step-1704706222538\" class=\"rank-math-step\"> <h3 class=\"rank-math-step-title\"><strong>K\u1ebft th\u00fac qu\u00e1 tr\u00ecnh s\u1ea5y v\u00e0 x\u1ea3<\/strong><\/h3> <div class=\"rank-math-step-content\"><p>Qu\u00e1 tr\u00ecnh s\u1ea5y k\u1ebft th\u00fac khi \u0111\u1ed9 \u1ea9m trong th\u00f3c gi\u1ea3m xu\u1ed1ng m\u1ee9c ti\u00eau chu\u1ea9n th\u00edch h\u1ee3p \u0111\u1ec3 b\u1ea3o qu\u1ea3n. T\u1eaft l\u00f2 \u0111\u1ed1t, \u0111i\u1ec1u ch\u1ec9nh thi\u1ebft b\u1ecb x\u1ea3 c\u1ee7a m\u00e1y s\u1ea5y, \u0111i\u1ec1u khi\u1ec3n th\u00f3c \u0111\u01b0\u1ee3c x\u1ea3 ra c\u00f3 tr\u1eadt t\u1ef1 t\u1eeb \u0111\u00e1y m\u00e1y s\u1ea5y ho\u1eb7c \u1ed5 c\u1eafm c\u1ee5 th\u1ec3 theo t\u1ed1c \u0111\u1ed9 \u0111\u00e3 c\u00e0i \u0111\u1eb7t. <br \/>Sau khi s\u1ea5y kh\u00f4, th\u00f3c \u0111\u01b0\u1ee3c l\u00e0m ngu\u1ed9i v\u00e0 s\u1eb5n s\u00e0ng cho b\u01b0\u1edbc b\u1ea3o qu\u1ea3n ho\u1eb7c ch\u1ebf bi\u1ebfn ti\u1ebfp theo.<\/p> <\/div> <\/div> <\/div> <\/div>       <figure class=\"wp-block-gallery aligncenter has-nested-images columns-default is-cropped wp-block-gallery-3 is-layout-flex wp-block-gallery-is-layout-flex\"> <figure class=\"wp-block-image size-large\"><img loading=\"lazy\" decoding=\"async\" width=\"640\" height=\"640\" data-id=\"6424\" src=\"https:\/\/taizyagromachine.com\/wp-content\/uploads\/2022\/02\/paddy-dryer-machine-for-corn.webp\" alt=\"m\u00e1y s\u1ea5y l\u00faa cho ng\u00f4\" class=\"wp-image-6424\"\/><figcaption class=\"wp-element-caption\">m\u00e1y s\u1ea5y l\u00faa cho ng\u00f4<\/figcaption><\/figure>    <figure class=\"wp-block-image size-large\"><img loading=\"lazy\" decoding=\"async\" width=\"640\" height=\"640\" data-id=\"6425\" src=\"https:\/\/taizyagromachine.com\/wp-content\/uploads\/2022\/02\/rice-dryer-on-site.webp\" alt=\"m\u00e1y s\u1ea5y l\u00faa t\u1ea1i ch\u1ed7\" class=\"wp-image-6425\"\/><figcaption class=\"wp-element-caption\">m\u00e1y s\u1ea5y l\u00faa t\u1ea1i ch\u1ed7<\/figcaption><\/figure> <\/figure>    <h2 class=\"wp-block-heading\" id=\"four-questions-we-should-confirm\"><strong>C\u00e2u H\u1ecfi Th\u01b0\u1eddng G\u1eb7p Khi Mua M\u00e1y S\u1ea5y L\u00faa Ng\u0169 C\u1ed1c<\/strong><\/h2>   <div id=\"rank-math-faq\" class=\"rank-math-block\"> <div class=\"rank-math-list\"> <div id=\"faq-question-1704705433446\" class=\"rank-math-list-item\"> <h3 class=\"rank-math-question\"><strong>B\u1ea1n mu\u1ed1n s\u1ea5y kh\u00f4 lo\u1ea1i ng\u0169 c\u1ed1c n\u00e0o? G\u1ea1o, ng\u00f4, l\u00faa mi\u1ebfn, l\u00faa m\u00ec hay c\u00e1c lo\u1ea1i ng\u0169 c\u1ed1c kh\u00e1c?<\/strong><\/h3> <div class=\"rank-math-answer\">  <p>M\u00e1y s\u1ea5y ng\u0169 c\u1ed1c c\u1ee7a ch\u00fang t\u00f4i c\u00f3 th\u1ec3 s\u1ea5y kh\u00f4 t\u1ea5t c\u1ea3 c\u00e1c lo\u1ea1i tr\u00ean.<\/p>  <\/div> <\/div> <div id=\"faq-question-1704705476297\" class=\"rank-math-list-item\"> <h3 class=\"rank-math-question\"><strong>B\u1ea1n mu\u1ed1n s\u1ea5y bao nhi\u00eau\u00a0t\u1ea5n\u00a0m\u1ed7i m\u1ebb ho\u1eb7c m\u1ed9t ng\u00e0y?<\/strong><\/h3> <div class=\"rank-math-answer\">  <p>M\u00e1y s\u1ea5y ng\u0169 c\u1ed1c c\u1ee7a ch\u00fang t\u00f4i ho\u1ea1t \u0111\u1ed9ng theo m\u1ebb, th\u01b0\u1eddng l\u00e0 15 t\u1ea5n\/m\u1ebb ho\u1eb7c 32 t\u1ea5n\/m\u1ebb. N\u1ebfu b\u1ea1n c\u1ea7n c\u00f4ng su\u1ea5t l\u1edbn h\u01a1n, ch\u00fang t\u00f4i c\u0169ng c\u00f3 th\u1ec3 trang b\u1ecb cho b\u1ea1n.<\/p>  <\/div> <\/div> <div id=\"faq-question-1704705577780\" class=\"rank-math-list-item\"> <h3 class=\"rank-math-question\"><strong>\u0110\u1ed9 \u1ea9m tr\u01b0\u1edbc khi s\u1ea5y l\u00e0 bao nhi\u00eau? B\u1ea1n mu\u1ed1n \u0111\u1ea1t \u0111\u01b0\u1ee3c \u0111\u1ed9 \u1ea9m bao nhi\u00eau sau khi s\u1ea5y kh\u00f4?<\/strong><\/h3> <div class=\"rank-math-answer\">  <p>Th\u00f4ng th\u01b0\u1eddng, tr\u01b0\u1edbc khi s\u1ea5y, \u0111\u1ed9 \u1ea9m l\u00e0\u00a040%;\u00a0sau khi s\u1ea5y kh\u00f4,\u00a0b\u1ea1n mu\u1ed1n n\u00f3 l\u00e0 20%.<\/p>  <\/div> <\/div> <div id=\"faq-question-1704705597446\" class=\"rank-math-list-item\"> <h3 class=\"rank-math-question\"><strong>\u0110\u1ed1i v\u1edbi l\u00f2 \u0111\u1ed1t, b\u1ea1n c\u00f3 th\u1ec3 ch\u1ecdn than, d\u1ea7u diesel v\u00e0 sinh kh\u1ed1i l\u00e0m nhi\u00ean li\u1ec7u. B\u1ea1n th\u00edch c\u00e1i n\u00e0o h\u01a1n?\u00a0<\/strong><\/h3> <div class=\"rank-math-answer\">  <p>M\u00e1y s\u1ea5y ng\u00f4 c\u1ee7a ch\u00fang t\u00f4i c\u00f3 th\u1ec3 s\u1eed d\u1ee5ng t\u1ea5t c\u1ea3 nh\u1eefng th\u1ee9 n\u00e0y.<\/p>  <\/div> <\/div> <\/div> <\/div>   <p>B\u1ed1n c\u00e2u h\u1ecfi tr\u00ean l\u00e0 nh\u1eefng th\u00f4ng tin c\u01a1 b\u1ea3n gi\u00fap ch\u00fang t\u00f4i hi\u1ec3u r\u00f5 h\u01a1n v\u1ec1 y\u00eau c\u1ea7u c\u1ee7a b\u1ea1n. Ch\u00fang t\u00f4i c\u00f3 th\u1ec3 gi\u1edbi thi\u1ec7u m\u1ed9t m\u00e1y s\u1ea5y l\u00faa th\u01b0\u01a1ng m\u1ea1i ph\u00f9 h\u1ee3p cho doanh nghi\u1ec7p c\u1ee7a b\u1ea1n. H\u00e3y li\u00ean h\u1ec7 v\u1edbi ch\u00fang t\u00f4i v\u00e0 ch\u00fang t\u00f4i s\u1ebd li\u00ean h\u1ec7 l\u1ea1i v\u1edbi b\u1ea1n s\u1edbm nh\u1ea5t c\u00f3 th\u1ec3!<\/p>    <figure class=\"wp-block-gallery aligncenter has-nested-images columns-default is-cropped wp-block-gallery-4 is-layout-flex wp-block-gallery-is-layout-flex\"> <figure class=\"wp-block-image size-large\"><img loading=\"lazy\" decoding=\"async\" width=\"3000\" height=\"4000\" data-id=\"6427\" src=\"https:\/\/taizyagromachine.com\/wp-content\/uploads\/2022\/02\/grain-drying-machine-in-stock.webp\" alt=\"m\u00e1y s\u1ea5y ng\u0169 c\u1ed1c trong kho\" class=\"wp-image-6427\"\/><figcaption class=\"wp-element-caption\">m\u00e1y s\u1ea5y ng\u0169 c\u1ed1c trong kho<\/figcaption><\/figure>    <figure class=\"wp-block-image size-large\"><img loading=\"lazy\" decoding=\"async\" width=\"3000\" height=\"4000\" data-id=\"6428\" src=\"https:\/\/taizyagromachine.com\/wp-content\/uploads\/2022\/02\/paddy-grain-dryer.webp\" alt=\"m\u00e1y s\u1ea5y l\u00faa\" class=\"wp-image-6428\"\/><figcaption class=\"wp-element-caption\">m\u00e1y s\u1ea5y l\u00faa<\/figcaption><\/figure>    <figure class=\"wp-block-image size-large\"><img loading=\"lazy\" decoding=\"async\" width=\"3000\" height=\"4000\" data-id=\"6429\" src=\"https:\/\/taizyagromachine.com\/wp-content\/uploads\/2022\/02\/paddy-rice-dryer-factory.webp\" alt=\"nh\u00e0 m\u00e1y s\u1ea5y l\u00faa\" class=\"wp-image-6429\"\/><figcaption class=\"wp-element-caption\">nh\u00e0 m\u00e1y s\u1ea5y l\u00faa<\/figcaption><\/figure> <\/figure>    <h2 class=\"wp-block-heading\"><strong>Li\u00ean h\u1ec7 v\u1edbi ch\u00fang t\u00f4i \u0111\u1ec3 bi\u1ebft gi\u00e1 m\u00e1y s\u1ea5y ng\u0169 c\u1ed1c!<\/strong><\/h2>    <p class=\"translation-block\">H\u00e3y \u0111\u1ebfn v\u00e0 li\u00ean h\u1ec7 v\u1edbi ch\u00fang t\u00f4i \u0111\u1ec3 c\u00f3 m\u00e1y s\u1ea5y cho <a href=\"https:\/\/en.wikipedia.org\/wiki\/Maize\" target=\"_blank\" rel=\"noopener\">ng\u00f4<\/a>, l\u00faa, l\u00faa m\u00ec v\u00e0 \u0111\u1eadu t\u01b0\u01a1ng! M\u00e1y s\u1ea5y ng\u00f4 c\u1ee7a ch\u00fang t\u00f4i c\u00f3 th\u1ec3 gi\u00fap b\u1ea1n s\u1ea5y kh\u00f4 ng\u0169 c\u1ed1c m\u1ed9t c\u00e1ch nhanh ch\u00f3ng v\u00e0 theo m\u1ebb. V\u00e0 m\u00e1y c\u1ee7a ch\u00fang t\u00f4i c\u00f3 gi\u00e1 c\u1ea3 c\u1ea1nh tranh, thu h\u00fat b\u1ea1n! <\/p>","protected":false},"excerpt":{"rendered":"<p>Paddy dryer&nbsp;is ideal equipment that mainly functions to dry various grains, such as corn, rice, wheat, soybean, etc. The grain dryer belongs to batch circulation dryer, low temperature, and energy saving. It has a reasonable structure, easy operation, and low noise. Generally speaking, grain dryers for sale from Taizy Company have 5H-15 and 5H-32 available. [&hellip;]<\/p>\n","protected":false},"author":1,"featured_media":2158,"parent":0,"template":"","tags":[223],"product-type":[30],"class_list":["post-2029","product","type-product","status-publish","has-post-thumbnail","hentry","tag-grain-drying","product-type-grain-dryer"],"_links":{"self":[{"href":"https:\/\/taizyagromachine.com\/vi\/wp-json\/wp\/v2\/product\/2029","targetHints":{"allow":["GET"]}}],"collection":[{"href":"https:\/\/taizyagromachine.com\/vi\/wp-json\/wp\/v2\/product"}],"about":[{"href":"https:\/\/taizyagromachine.com\/vi\/wp-json\/wp\/v2\/types\/product"}],"author":[{"embeddable":true,"href":"https:\/\/taizyagromachine.com\/vi\/wp-json\/wp\/v2\/users\/1"}],"wp:featuredmedia":[{"embeddable":true,"href":"https:\/\/taizyagromachine.com\/vi\/wp-json\/wp\/v2\/media\/2158"}],"wp:attachment":[{"href":"https:\/\/taizyagromachine.com\/vi\/wp-json\/wp\/v2\/media?parent=2029"}],"wp:term":[{"taxonomy":"post_tag","embeddable":true,"href":"https:\/\/taizyagromachine.com\/vi\/wp-json\/wp\/v2\/tags?post=2029"},{"taxonomy":"product-type","embeddable":true,"href":"https:\/\/taizyagromachine.com\/vi\/wp-json\/wp\/v2\/product-type?post=2029"}],"curies":[{"name":"wp","href":"https:\/\/api.w.org\/{rel}","templated":true}]}}