{"id":2030,"date":"2022-02-14T03:22:31","date_gmt":"2022-02-14T03:22:31","guid":{"rendered":"https:\/\/taizyagromachine.com\/"},"modified":"2025-12-18T15:04:00","modified_gmt":"2025-12-18T07:04:00","slug":"single-row-corn-harvester","status":"publish","type":"product","link":"https:\/\/taizyagromachine.com\/vi\/product\/single-row-corn-harvester\/","title":{"rendered":"M\u00e1y thu ho\u1ea1ch ng\u00f4 m\u1ed9t h\u00e0ng"},"content":{"rendered":"<p class=\"translation-block\"><strong>M\u00e1y thu ho\u1ea1ch ng\u00f4 m\u1ed9t h\u00e0ng<\/strong> l\u00e0 thi\u1ebft b\u1ecb thu ho\u1ea1ch ng\u00f4 t\u1ef1 h\u00e0nh, ch\u1ee7 y\u1ebfu \u0111\u01b0\u1ee3c s\u1eed d\u1ee5ng trong c\u00e1c c\u00e1nh \u0111\u1ed3ng ng\u00f4 nh\u1ecf, v\u00f9ng n\u00fai, \u0111\u1ecba h\u00ecnh \u0111\u1ed3i n\u00fai. \u0110\u00e2y l\u00e0 m\u00e1y thu ho\u1ea1ch ng\u00f4 nh\u1ecf, ch\u1ea1y b\u1eb1ng \u0111\u1ed9ng c\u01a1 diesel ho\u1eb7c \u0111\u1ed9ng c\u01a1 x\u0103ng. Ngo\u00e0i ra, m\u00e1y nh\u1ed5 ng\u00f4 m\u1ed9t h\u00e0ng c\u00f3 ch\u1ee9c n\u0103ng nh\u1ed5 ng\u00f4 v\u00e0 nghi\u1ec1n th\u00e2n c\u00e2y. Th\u00e2n c\u00e2y b\u1ecb nghi\u1ec1n s\u1ebd \u0111\u01b0\u1ee3c tr\u1ea3 l\u1ea1i \u0111\u1ed3ng ru\u1ed9ng. <\/p>    <p class=\"translation-block\">Ngo\u00e0i ra, chi\u1ec1u cao g\u1ed1c ng\u00f4 c\u00f3 th\u1ec3 \u0111i\u1ec1u ch\u1ec9nh theo y\u00eau c\u1ea7u c\u1ee7a b\u1ea1n. H\u01a1n n\u1eefa, b\u1ed9 ph\u1eadn thu ho\u1ea1ch c\u1ee7a m\u00e1y n\u00e0y \u0111\u01b0\u1ee3c thi\u1ebft k\u1ebf \u0111\u1ed9c l\u1eadp, c\u00f3 th\u1ec3 th\u00e1o r\u1eddi. V\u00e0 ph\u1ea7n c\u00f2n l\u1ea1i c\u00f3 th\u1ec3 \u0111\u01b0\u1ee3c s\u1eed d\u1ee5ng nh\u01b0 m\u1ed9t m\u00e1y l\u00e0m \u0111\u1ea5t nh\u1ecf. Sau khi thu ho\u1ea1ch ng\u00f4, b\u1ea1n c\u00f3 th\u1ec3 s\u1eed d\u1ee5ng <a href=\"https:\/\/taizyagromachine.com\/vi\/corn-machine\/maize-thresher\/\" target=\"_blank\" rel=\"noreferrer noopener\">m\u00e1y \u0111\u1eadp ng\u00f4<\/a> \u0111\u1ec3 l\u1ea5y h\u1ea1t ng\u00f4. B\u1ea1n c\u00f3 quan t\u00e2m \u0111\u1ebfn m\u00e1y thu ho\u1ea1ch ng\u00f4 n\u00e0y kh\u00f4ng? Vui l\u00f2ng li\u00ean h\u1ec7 v\u1edbi ch\u00fang t\u00f4i s\u1edbm nh\u1ea5t c\u00f3 th\u1ec3!<\/p>    <h2 class=\"wp-block-heading\" id=\"structure-of-one-row-maize-harvester-for-sale\"><strong>C\u1ea5u tr\u00fac c\u1ee7a m\u00e1y thu ho\u1ea1ch ng\u00f4 m\u1ed9t h\u00e0ng \u0111\u1ec3 b\u00e1n<\/strong><\/h2>    <p>Th\u00e0nh th\u1eadt m\u00e0 n\u00f3i, m\u00e1y thu ho\u1ea1ch ng\u00f4 m\u1ed9t h\u00e0ng n\u00e0y c\u00f3 c\u1ea5u tr\u00fac \u0111\u01a1n gi\u1ea3n v\u00e0 g\u1ecdn nh\u1eb9. N\u00f3 c\u00f3 tay v\u1ecbn \u0111\u1ec3 \u0111i\u1ec1u khi\u1ec3n m\u00e1y. Ngo\u00e0i ra, t\u1eeb c\u1ea5u tr\u00fac c\u1ee7a n\u00f3, ch\u00fang ta c\u00f3 th\u1ec3 th\u1ea5y n\u00f3 d\u1ec5 v\u1eadn h\u00e0nh v\u00e0 r\u1ea5t th\u00e2n thi\u1ec7n v\u1edbi ng\u01b0\u1eddi s\u1eed d\u1ee5ng.<\/p>   <div class=\"wp-block-image\"> <figure class=\"aligncenter size-full\"><img loading=\"lazy\" decoding=\"async\" width=\"720\" height=\"540\" src=\"https:\/\/taizyagromachine.com\/wp-content\/uploads\/2022\/02\/structure-1-row-corn-harvester.jpg\" alt=\"m\u00e1y g\u1eb7t ng\u00f4 c\u00f3 c\u1ea5u tr\u00fac m\u1ed9t h\u00e0ng\" class=\"wp-image-2037\" srcset=\"https:\/\/taizyagromachine.com\/wp-content\/uploads\/2022\/02\/structure-1-row-corn-harvester.jpg 720w, https:\/\/taizyagromachine.com\/wp-content\/uploads\/2022\/02\/structure-1-row-corn-harvester-300x225.jpg 300w\" sizes=\"auto, (max-width: 720px) 100vw, 720px\" \/><figcaption class=\"wp-element-caption\">k\u1ebft c\u1ea5u<\/figcaption><\/figure> <\/div>   <h2 class=\"wp-block-heading\" id=\"features-of-corn-reaper\"><strong>\u0110\u1eb7c \u0111i\u1ec3m c\u1ee7a m\u00e1y thu ho\u1ea1ch ng\u00f4 m\u1ed9t h\u00e0ng \u0111\u1ec3 b\u00e1n<\/strong><\/h2>    <ul class=\"wp-block-list\"> <li>Nhi\u1ec1u ch\u1ee9c n\u0103ng. M\u00e1y h\u00e1i ng\u00f4 1 h\u00e0ng n\u00e0y c\u00f3 th\u1ec3 ho\u00e0n th\u00e0nh vi\u1ec7c h\u00e1i ng\u00f4 v\u00e0 nghi\u1ec1n th\u00e2n c\u00e2y ng\u00f4 tr\u1edf l\u1ea1i ru\u1ed9ng c\u00f9ng m\u1ed9t l\u00fac.<\/li>    <li>Kh\u1ea3 n\u0103ng th\u00edch \u1ee9ng m\u1ea1nh m\u1ebd. M\u00e1y g\u1eb7t ng\u00f4 m\u1ed9t d\u00e3y c\u00f3 th\u1ec3 th\u1ef1c hi\u1ec7n c\u00f4ng vi\u1ec7c \u1edf c\u00e1c huy\u1ec7n mi\u1ec1n n\u00fai, \u0111\u1ed3i n\u00fai, ru\u1ed9ng nh\u1ecf.<\/li>    <li>Hi\u1ec7u qu\u1ea3 cao. Ng\u01b0\u1eddi v\u1eadn h\u00e0nh c\u00f3 tay ngh\u1ec1 cao c\u00f3 th\u1ec3 \u0111\u1ea1t \u0111\u01b0\u1ee3c 0,03-0,06\u00a0ha m\u1ed7i gi\u1edd.<\/li>    <li>Ho\u1ea1t \u0111\u1ed9ng d\u1ec5 d\u00e0ng. Ng\u01b0\u1eddi d\u00e2n kh\u00f4ng c\u00f3 nhu c\u1ea7u chuy\u00ean m\u00f4n v\u00e0 \u0111\u00e0o t\u1ea1o qu\u00e1 nhi\u1ec1u.<\/li>    <li>V\u1eadn h\u00e0nh linh ho\u1ea1t, m\u00e1y g\u1eb7t ng\u00f4 nh\u1ecf, c\u1ea5u t\u1ea1o \u0111\u01a1n gi\u1ea3n.<\/li>    <li>Ti\u00eau th\u1ee5 d\u1ea7u th\u1ea5p, ti\u1ebft ki\u1ec7m chi ph\u00ed, do \u0111\u00f3 chi ph\u00ed th\u1ea5p.<\/li> <\/ul>    <h2 class=\"wp-block-heading\" id=\"working-principles-of-single-row-corn-picker\"><strong>Nguy\u00ean l\u00fd l\u00e0m vi\u1ec7c c\u1ee7a m\u00e1y h\u00e1i ng\u00f4 m\u1ed9t h\u00e0ng<\/strong><\/h2>    <p>M\u00e1y g\u1eb7t ng\u00f4 t\u1ef1 h\u00e0nh n\u00e0y \u0111\u01b0\u1ee3c trang b\u1ecb \u0111\u1ed9ng c\u01a1 t\u01b0\u01a1ng \u1ee9ng, cung c\u1ea5p n\u0103ng l\u01b0\u1ee3ng th\u00f4ng qua h\u1ed9p s\u1ed1. L\u1ed1p \u0111i b\u1ed9 ho\u1ea1t \u0111\u1ed9ng b\u1eb1ng ngu\u1ed3n \u0111i\u1ec7n \u0111\u01b0\u1ee3c cung c\u1ea5p qua m\u1ed9t h\u1ed9p s\u1ed1. \u0110\u1ed1i v\u1edbi m\u1ed9t h\u1ed9p s\u1ed1 kh\u00e1c, n\u00f3 d\u1eabn \u0111\u1ed9ng hai b\u00e1nh thu ho\u1ea1ch v\u00e0 m\u1ed9t b\u1ed9 l\u01b0\u1ee1i nghi\u1ec1n. Khi m\u00e1y g\u1eb7t 1 h\u00e0ng ti\u1ebfn l\u00ean th\u00ec k\u00e9o cu\u1ed1ng ng\u00f4 v\u00e0o c\u1eeda thu ho\u1ea1ch. V\u00e0 r\u1ed3i b\u00e1nh xe thu ho\u1ea1ch k\u00e9o th\u00e2n c\u00e2y ng\u00f4 xu\u1ed1ng. Nh\u01b0ng trong qu\u00e1 tr\u00ecnh h\u1ea1 xu\u1ed1ng, do b\u1eafp c\u00f3 k\u00edch th\u01b0\u1edbc l\u1edbn n\u00ean c\u00f3 th\u1ec3 k\u00e9o ng\u00f4 v\u00e0o chu\u1ed3ng g\u1eb7t. Th\u00e2n c\u00e2y ng\u00f4 s\u1ebd \u0111\u01b0\u1ee3c nghi\u1ec1n n\u00e1t nh\u1edd b\u1ed9 l\u01b0\u1ee1i nghi\u1ec1n.<\/p>    <h2 class=\"wp-block-heading\" id=\"successful-cases-of-single-row-corn-harvesting-machine\"><strong>C\u00e1c tr\u01b0\u1eddng h\u1ee3p th\u00e0nh c\u00f4ng c\u1ee7a m\u00e1y thu ho\u1ea1ch ng\u00f4 m\u1ed9t d\u00e3y<\/strong><\/h2>    <p>N\u0103m nay, qu\u1ea3n l\u00fd b\u00e1n h\u00e0ng c\u1ee7a ch\u00fang t\u00f4i Winne \u0111\u00e3 nh\u1eadn \u0111\u01b0\u1ee3c m\u1ed9t y\u00eau c\u1ea7u v\u1ec1 m\u00e1y g\u1eb7t ng\u00f4 1 h\u00e0ng t\u1eeb Nigeria. Anh \u1ea5y \u0111\u00e3 mua cho c\u00e1c trang tr\u1ea1i ng\u00f4 c\u1ee7a m\u00ecnh. Nh\u01b0ng c\u00e1c trang tr\u1ea1i c\u1ee7a anh \u1ea5y n\u1eb1m \u1edf c\u00e1c v\u00f9ng \u0111\u1ed3i n\u00fai. Do \u0111\u00f3, Winne \u0111\u00e3 \u0111\u1ec1 xu\u1ea5t lo\u1ea1i m\u00e1y g\u1eb7t ng\u00f4 t\u1ef1 h\u00e0nh n\u00e0y cho anh \u1ea5y. T\u1ea5t nhi\u00ean, anh \u1ea5y \u0111\u00e3 h\u1ecfi c\u00e1c nh\u00e0 s\u1ea3n xu\u1ea5t v\u00e0 nh\u00e0 cung c\u1ea5p kh\u00e1c. So v\u1edbi c\u00e1c c\u00f4ng ty n\u00e0y, anh \u1ea5y nh\u1eadn th\u1ea5y ch\u00fang t\u00f4i l\u00e0 m\u1ed9t c\u00f4ng ty chuy\u00ean nghi\u1ec7p v\u00e0 \u0111\u00e1ng tin c\u1eady. V\u00ec v\u1eady, anh \u1ea5y \u0111\u00e3 \u0111\u1eb7t h\u00e0ng 30 b\u1ed9 m\u00e1y g\u1eb7t ng\u00f4 1 h\u00e0ng t\u1eeb C\u00f4ng ty Taizy c\u1ee7a ch\u00fang t\u00f4i. Sau khi nh\u1eadn \u0111\u01b0\u1ee3c c\u00e1c m\u00e1y m\u00f3c, anh \u1ea5y \u0111\u00e3 g\u1eedi ph\u1ea3n h\u1ed3i t\u00edch c\u1ef1c cho ch\u00fang t\u00f4i v\u00e0 hy v\u1ecdng ch\u00fang t\u00f4i c\u00f3 th\u1ec3 h\u1ee3p t\u00e1c l\u1ea7n n\u1eefa.<\/p>    <figure class=\"wp-block-gallery has-nested-images columns-default is-cropped wp-block-gallery-2 is-layout-flex wp-block-gallery-is-layout-flex\"> <figure class=\"wp-block-image size-full\"><img loading=\"lazy\" decoding=\"async\" width=\"720\" height=\"540\" data-id=\"2040\" src=\"https:\/\/taizyagromachine.com\/wp-content\/uploads\/2022\/02\/pack-in-the-woooden-case-1-row-corn-harvester.jpg\" alt=\"\u0111\u00f3ng g\u00f3i trong h\u1ed9p g\u1ed7\" class=\"wp-image-2040\" srcset=\"https:\/\/taizyagromachine.com\/wp-content\/uploads\/2022\/02\/pack-in-the-woooden-case-1-row-corn-harvester.jpg 720w, https:\/\/taizyagromachine.com\/wp-content\/uploads\/2022\/02\/pack-in-the-woooden-case-1-row-corn-harvester-300x225.jpg 300w\" sizes=\"auto, (max-width: 720px) 100vw, 720px\" \/><figcaption class=\"wp-element-caption\">\u0111\u00f3ng g\u00f3i trong h\u1ed9p g\u1ed7<\/figcaption><\/figure>    <figure class=\"wp-block-image size-full\"><img loading=\"lazy\" decoding=\"async\" width=\"720\" height=\"540\" data-id=\"2039\" src=\"https:\/\/taizyagromachine.com\/wp-content\/uploads\/2022\/02\/load-into-the-container-1-rowcorn-harvester.jpg\" alt=\"t\u1ea3i v\u00e0o container\" class=\"wp-image-2039\" srcset=\"https:\/\/taizyagromachine.com\/wp-content\/uploads\/2022\/02\/load-into-the-container-1-rowcorn-harvester.jpg 720w, https:\/\/taizyagromachine.com\/wp-content\/uploads\/2022\/02\/load-into-the-container-1-rowcorn-harvester-300x225.jpg 300w\" sizes=\"auto, (max-width: 720px) 100vw, 720px\" \/><figcaption class=\"wp-element-caption\">t\u1ea3i v\u00e0o container<\/figcaption><\/figure> <\/figure>    <h2 class=\"wp-block-heading\" id=\"faq\"><strong>C\u00e2u h\u1ecfi th\u01b0\u1eddng g\u1eb7p v\u1ec1 m\u00e1y thu ho\u1ea1ch ng\u00f4 m\u1ed9t h\u00e0ng<\/strong><\/h2>   <div id=\"rank-math-faq\" class=\"rank-math-block\"> <div class=\"rank-math-list\"> <div id=\"faq-question-1663830814557\" class=\"rank-math-list-item\"> <h3 class=\"rank-math-question\"><strong>H\u1ecfi: M\u00e1y g\u1eb7t n\u00e0y c\u00f3 b\u00f3c v\u1ecf ng\u00f4 \u0111\u01b0\u1ee3c kh\u00f4ng?<\/strong><\/h3> <div class=\"rank-math-answer\">  <p>A: Kh\u00f4ng, kh\u00f4ng th\u1ec3 \u0111\u01b0\u1ee3c.<\/p>  <\/div> <\/div> <div id=\"faq-question-1663830821594\" class=\"rank-math-list-item\"> <h3 class=\"rank-math-question\"><strong>H\u1ecfi: Th\u00e2n c\u00e2y ng\u00f4 sau khi thu ho\u1ea1ch \u1edf \u0111\u00e2u?<\/strong><\/h3> <div class=\"rank-math-answer\">  <p>Tr\u1ea3 l\u1eddi: Th\u00e2n c\u00e2y ng\u00f4 \u0111\u01b0\u1ee3c \u0111\u01b0a tr\u1edf l\u1ea1i ru\u1ed9ng sau khi nghi\u1ec1n n\u00e1t qua 10 l\u01b0\u1ee1i dao \u1edf \u0111\u00e1y m\u00e1y.<\/p>  <\/div> <\/div> <div id=\"faq-question-1663830840907\" class=\"rank-math-list-item\"> <h3 class=\"rank-math-question\"><strong>Q: C\u00f2n chi\u1ec1u cao c\u1ee7a r\u00e2u th\u00ec sao?<\/strong><\/h3> <div class=\"rank-math-answer\">  <p>A: N\u00f3 c\u00f3 th\u1ec3 \u0111i\u1ec1u ch\u1ec9nh, nh\u01b0ng chi\u1ec1u cao t\u1ed1i thi\u1ec3u l\u00e0 10cm.<\/p>  <\/div> <\/div> <div id=\"faq-question-1663830861138\" class=\"rank-math-list-item\"> <h3 class=\"rank-math-question\"><strong>H\u1ecfi: L\u01b0\u1ee1i dao c\u00f3 d\u1ec5 b\u1ecb h\u01b0 h\u1ecfng kh\u00f4ng? T\u00f4i c\u00f3 th\u1ec3 s\u1eed d\u1ee5ng n\u00f3 trong bao l\u00e2u?<\/strong><\/h3> <div class=\"rank-math-answer\">  <p>Tr\u1ea3 l\u1eddi: C\u00f3, l\u01b0\u1ee1i dao r\u1ea5t d\u1ec5 b\u1ecb g\u00e3y, \u0111\u1eb7c bi\u1ec7t khi g\u1eb7p ph\u1ea3i nh\u1eefng vi\u00ean \u0111\u00e1 l\u1edbn ho\u1eb7c c\u00e1c ch\u01b0\u1edbng ng\u1ea1i v\u1eadt r\u1ea5t c\u1ee9ng kh\u00e1c. Th\u00f4ng th\u01b0\u1eddng, n\u00f3 c\u00f3 tu\u1ed5i th\u1ecd m\u1ed9t n\u0103m. Ch\u00fang t\u00f4i g\u1eedi cho b\u1ea1n th\u00eam 1 chi\u1ebfc (10 chi\u1ebfc) mi\u1ec5n ph\u00ed k\u00e8m theo m\u00e1y g\u1eb7t ng\u00f4 khi giao h\u00e0ng.<\/p>  <\/div> <\/div> <div id=\"faq-question-1663830876948\" class=\"rank-math-list-item\"> <h3 class=\"rank-math-question\"><strong>H\u1ecfi:\u00a0M\u00e1y g\u1eb7t ng\u00f4 n\u00e0y s\u1eed d\u1ee5ng n\u0103ng l\u01b0\u1ee3ng g\u00ec?<\/strong><\/h3> <div class=\"rank-math-answer\">  <p>A: \u0110\u1ed9ng c\u01a1 x\u0103ng 188F ho\u1eb7c \u0111\u1ed9ng c\u01a1 diesel l\u00e0m m\u00e1t b\u1eb1ng kh\u00f4ng kh\u00ed 188F.<\/p>  <\/div> <\/div> <div id=\"faq-question-1663830896543\" class=\"rank-math-list-item\"> <h3 class=\"rank-math-question\"><strong>H\u1ecfi: S\u1ebd c\u00f3 m\u1ed9t s\u1ed1 lo\u1ea1i ng\u00f4 kh\u00f4ng th\u1ec3 thu ho\u1ea1ch \u0111\u01b0\u1ee3c ph\u1ea3i kh\u00f4ng?<\/strong><\/h3> <div class=\"rank-math-answer\">  <p>Tr\u1ea3 l\u1eddi: V\u1edbi kinh nghi\u1ec7m th\u1ef1c t\u1ebf, t\u1ef7 l\u1ec7 thu ho\u1ea1ch ng\u00f4 l\u00e0 h\u01a1n 98%.<\/p>  <\/div> <\/div> <div id=\"faq-question-1663830913428\" class=\"rank-math-list-item\"> <h3 class=\"rank-math-question\">H\u1ecfi: C\u00f3 th\u1ec3 thu \u0111\u01b0\u1ee3c bao nhi\u00eau ng\u00f4 trong chu\u1ed3ng \u1edf b\u00ean c\u1ea1nh m\u00e1y?<\/h3> <div class=\"rank-math-answer\">  <p>A: Ph\u1ee5 thu\u1ed9c v\u00e0o k\u00edch th\u01b0\u1edbc ng\u00f4, th\u00f4ng th\u01b0\u1eddng n\u00f3 c\u00f3 th\u1ec3 thu th\u1eadp 30-50 chi\u1ebfc.<\/p>  <\/div> <\/div> <\/div> <\/div>   <h2 class=\"wp-block-heading\"><strong>Video M\u00e1y thu ho\u1ea1ch ng\u00f4 m\u1ed9t h\u00e0ng<\/strong><\/h2>    <figure class=\"wp-block-embed is-type-video is-provider-youtube wp-block-embed-youtube wp-embed-aspect-16-9 wp-has-aspect-ratio\"><div class=\"wp-block-embed__wrapper\"> <iframe loading=\"lazy\" title=\"M\u00e1y Thu ho\u1ea1ch Ng\u00f4 M\u1ed9t H\u00e0ng \u0110\u1ea9y B\u1eb1ng Tay | B\u00e1n s\u1ec9 M\u00e1y h\u00e1i ng\u00f4 1 h\u00e0ng #corn\" width=\"500\" height=\"281\" src=\"https:\/\/www.youtube.com\/embed\/oWVc9HTAemk?feature=oembed\" frameborder=\"0\" allow=\"accelerometer; autoplay; clipboard-write; encrypted-media; gyroscope; picture-in-picture; web-share\" referrerpolicy=\"strict-origin-when-cross-origin\" allowfullscreen><\/iframe> <\/div><\/figure>","protected":false},"excerpt":{"rendered":"<p>Single row corn harvester&nbsp;is self-propelled maize reaping equipment, mostly used in the small cornfields in small land blocks, mountainous regions, hilly grounds. It\u2019s small maize harvester, powered by diesel engine or gasoline engine. Besides, the one-row corn picker has functions of corn picking and stalks crushing. The crushed stalks get back to the field. Also, [&hellip;]<\/p>\n","protected":false},"author":1,"featured_media":2143,"parent":0,"template":"","tags":[],"product-type":[17],"class_list":["post-2030","product","type-product","status-publish","has-post-thumbnail","hentry","product-type-corn-machine"],"_links":{"self":[{"href":"https:\/\/taizyagromachine.com\/vi\/wp-json\/wp\/v2\/product\/2030","targetHints":{"allow":["GET"]}}],"collection":[{"href":"https:\/\/taizyagromachine.com\/vi\/wp-json\/wp\/v2\/product"}],"about":[{"href":"https:\/\/taizyagromachine.com\/vi\/wp-json\/wp\/v2\/types\/product"}],"author":[{"embeddable":true,"href":"https:\/\/taizyagromachine.com\/vi\/wp-json\/wp\/v2\/users\/1"}],"wp:featuredmedia":[{"embeddable":true,"href":"https:\/\/taizyagromachine.com\/vi\/wp-json\/wp\/v2\/media\/2143"}],"wp:attachment":[{"href":"https:\/\/taizyagromachine.com\/vi\/wp-json\/wp\/v2\/media?parent=2030"}],"wp:term":[{"taxonomy":"post_tag","embeddable":true,"href":"https:\/\/taizyagromachine.com\/vi\/wp-json\/wp\/v2\/tags?post=2030"},{"taxonomy":"product-type","embeddable":true,"href":"https:\/\/taizyagromachine.com\/vi\/wp-json\/wp\/v2\/product-type?post=2030"}],"curies":[{"name":"wp","href":"https:\/\/api.w.org\/{rel}","templated":true}]}}