{"id":2057,"date":"2022-02-14T08:10:31","date_gmt":"2022-02-14T08:10:31","guid":{"rendered":"https:\/\/taizyagromachine.com\/"},"modified":"2025-01-02T13:53:35","modified_gmt":"2025-01-02T05:53:35","slug":"multifunctional-thresher","status":"publish","type":"product","link":"https:\/\/taizyagromachine.com\/vi\/product\/multifunctional-thresher\/","title":{"rendered":"M\u00e1y tu\u1ed1t l\u00faa \u0111a ch\u1ee9c n\u0103ng"},"content":{"rendered":"<p>M\u00e1y tu\u1ed1t l\u00faa \u0111a ch\u1ee9c n\u0103ng l\u00e0 thi\u1ebft b\u1ecb n\u00e2ng c\u1ea5p d\u1ef1a tr\u00ean m\u00e1y tu\u1ed1t ng\u00f4, th\u00edch h\u1ee3p cho ng\u00f4, l\u00faa mi\u1ebfn, \u0111\u1eadu n\u00e0nh, k\u00ea.\u00a0N\u00f3 c\u00f3 th\u1ec3 k\u1ebft h\u1ee3p v\u1edbi \u0111\u1ed9ng c\u01a1 diesel, \u0111\u1ed9ng c\u01a1 x\u0103ng ho\u1eb7c \u0111\u1ed9ng c\u01a1 \u0111i\u1ec7n l\u00e0m thi\u1ebft b\u1ecb \u0111i\u1ec7n. B\u00ean c\u1ea1nh \u0111\u00f3, b\u1ea1n n\u00ean l\u1ef1a ch\u1ecdn c\u00e1c m\u00e0n h\u00ecnh kh\u00e1c nhau cho c\u00e1c lo\u1ea1i c\u00e2y tr\u1ed3ng t\u01b0\u01a1ng \u1ee9ng. M\u00e1y tu\u1ed1t l\u00faa \u0111a ch\u1ee9c n\u0103ng c\u1ee7a ch\u00fang t\u00f4i r\u1ea5t n\u1ed5i ti\u1ebfng \u1edf n\u01b0\u1edbc ngo\u00e0i v\u00e0 \u0111\u01b0\u1ee3c ng\u01b0\u1eddi d\u00e2n \u1edf Indonesia, Zimbabwe, Benin, Nigeria, Botswana v\u00e0 nhi\u1ec1u qu\u1ed1c gia kh\u00e1c y\u00eau th\u00edch.<\/p>    <h2 class=\"wp-block-heading\" id=\"why-call-it-multipurpose-thresher\"><strong>T\u1ea1i sao g\u1ecdi n\u00f3 <a href=\"https:\/\/cornmachines.com\/multifunctional-thresher-machine\/\" target=\"_blank\" rel=\"noreferrer noopener\">M\u00e1y tu\u1ed1t l\u00faa \u0111a n\u0103ng<\/a>?<\/strong>&nbsp;<\/h2>    <p>Nh\u1eefng l\u00fd do nh\u01b0 sau:<\/p>    <ol class=\"wp-block-list\" type=\"1\"> <li><strong>\u1ee8ng d\u1ee5ng r\u1ed9ng h\u01a1n<\/strong>. So v\u1edbi m\u00e1y tu\u1ed1t ng\u00f4, m\u00e1y tu\u1ed1t ng\u00f4 \u0111a ch\u1ee9c n\u0103ng c\u00f2n c\u00f3 th\u1ec3 b\u00f3c v\u1ecf l\u00faa mi\u1ebfn, \u0111\u1eadu n\u00e0nh v\u00e0 k\u00ea.<\/li>    <li><strong>Nhi\u1ec1u ch\u1ee9c n\u0103ng h\u01a1n<\/strong>. M\u00e1y tu\u1ed1t l\u00faa mi\u1ebfn \u0111a ch\u1ee9c n\u0103ng n\u00e0y c\u00f3 th\u1ec3 b\u00f3c v\u00e0 tu\u1ed1t l\u00faa c\u00f9ng m\u1ed9t l\u00fac.<\/li> <\/ol>    <h2 class=\"wp-block-heading\" id=\"h-hot-sell-multi-corn-threshing-machine-for-sale\"><strong>C\u1ea7n b\u00e1n m\u00e1y tu\u1ed1t ng\u00f4 \u0111a n\u0103ng<\/strong><\/h2>    <p class=\"translation-block\">L\u00e0 <a href=\"https:\/\/taizyagromachine.com\/vi\/\" target=\"_blank\" rel=\"noreferrer noopener\">m\u1ed9t c\u00f4ng ty chuy\u00ean v\u1ec1 m\u00e1y n\u00f4ng nghi\u1ec7p<\/a>, ch\u00fang t\u00f4i c\u00f3 nhi\u1ec1u th\u01b0\u01a1ng hi\u1ec7u m\u00e1y m\u00f3c. \u0110\u1ed1i v\u1edbi m\u00e1y t\u00e1ch \u0111a n\u0103ng, ch\u00fang t\u00f4i c\u00f3 hai m\u1eabu, MT-860 v\u00e0 MT-1200, c\u00f3 gi\u00e1 c\u1ea3 ph\u1ea3i ch\u0103ng, d\u1ec5 v\u1eadn h\u00e0nh v\u00e0 c\u00f3 nhi\u1ec1u ch\u1ee9c n\u0103ng. M\u00e1y t\u00e1ch \u0111a c\u00e2y m\u1ea1nh h\u01a1n m\u00e1y t\u00e1ch ng\u00f4. Do \u0111\u00f3, m\u00e1y n\u00e0y c\u0169ng ph\u1ed5 bi\u1ebfn h\u01a1n tr\u00ean th\u1ecb tr\u01b0\u1eddng m\u00e1y n\u00f4ng nghi\u1ec7p.<\/p>    <figure class=\"wp-block-gallery aligncenter has-nested-images columns-default is-cropped wp-block-gallery-2 is-layout-flex wp-block-gallery-is-layout-flex\"> <figure class=\"wp-block-image size-large\"><img loading=\"lazy\" decoding=\"async\" width=\"720\" height=\"540\" data-id=\"2489\" src=\"https:\/\/taizyagromachine.com\/wp-content\/uploads\/2022\/04\/multi-crop-thresher-machine.jpg\" alt=\"m\u00e1y tu\u1ed1t l\u00faa \u0111a n\u0103ng\" class=\"wp-image-2489\" srcset=\"https:\/\/taizyagromachine.com\/wp-content\/uploads\/2022\/04\/multi-crop-thresher-machine.jpg 720w, https:\/\/taizyagromachine.com\/wp-content\/uploads\/2022\/04\/multi-crop-thresher-machine-300x225.jpg 300w\" sizes=\"auto, (max-width: 720px) 100vw, 720px\" \/><figcaption class=\"wp-element-caption\">m\u00e1y tu\u1ed1t l\u00faa \u0111a n\u0103ng<\/figcaption><\/figure>    <figure class=\"wp-block-image size-full\"><img loading=\"lazy\" decoding=\"async\" width=\"720\" height=\"540\" data-id=\"2615\" src=\"https:\/\/taizyagromachine.com\/wp-content\/uploads\/2022\/05\/multifunctional-corn-thresher-machine.jpg\" alt=\"m\u00e1y tu\u1ed1t ng\u00f4 \u0111a ch\u1ee9c n\u0103ng\" class=\"wp-image-2615\"\/><figcaption class=\"wp-element-caption\">m\u00e1y tu\u1ed1t ng\u00f4 \u0111a n\u0103ng<\/figcaption><\/figure> <\/figure>    <h2 class=\"wp-block-heading\" id=\"structure-of-multi-purpose-maize-sheller\"><strong>C\u1ea5u t\u1ea1o c\u1ee7a m\u00e1y xay ng\u00f4 \u0111a n\u0103ng<\/strong><strong><\/strong><\/h2>    <p>B\u1eaft k\u1ecbp xu h\u01b0\u1edbng th\u1ecb tr\u01b0\u1eddng, m\u00e1y tu\u1ed1t l\u00faa \u0111a n\u0103ng c\u00f3 thi\u1ebft k\u1ebf \u0111\u01a1n gi\u1ea3n. M\u00e1y tu\u1ed1t l\u00faa n\u00e0y \u0111\u01b0\u1ee3c t\u1ea1o th\u00e0nh t\u1eeb \u0111\u1ea7u v\u00e0o, \u0111\u1ea7u ra h\u1ea1t ng\u00f4, \u0111\u1ea7u ra t\u1ea1p ch\u1ea5t, qu\u1ea1t gi\u00f3. M\u1ed9t \u0111i\u1ec1u c\u1ea7n l\u01b0u \u00fd l\u00e0 qu\u1ea1t gi\u00f3 \u0111\u01a1n v\u00e0 qu\u1ea1t gi\u00f3 \u0111\u00f4i d\u00e0nh cho m\u00e1y tu\u1ed1t l\u00faa lo\u1ea1i nh\u1ecf n\u00e0y. \u0110\u1ed1i v\u1edbi m\u00e1y c\u00f3 qu\u1ea1t gi\u00f3 k\u00e9p, h\u1ea1t gi\u1ed1ng c\u00e2y tr\u1ed3ng s\u1ebd s\u1ea1ch h\u01a1n r\u1ea5t nhi\u1ec1u. &nbsp;<\/p>   <div class=\"wp-block-image\"> <figure class=\"aligncenter size-full\"><img loading=\"lazy\" decoding=\"async\" width=\"720\" height=\"350\" src=\"https:\/\/taizyagromachine.com\/wp-content\/uploads\/2022\/02\/structure-multi-thresher-MT860.jpg\" alt=\"c\u1ea5u tr\u00fac-\u0111a-m\u00e1y tu\u1ed1t-MT860\" class=\"wp-image-2059\" srcset=\"https:\/\/taizyagromachine.com\/wp-content\/uploads\/2022\/02\/structure-multi-thresher-MT860.jpg 720w, https:\/\/taizyagromachine.com\/wp-content\/uploads\/2022\/02\/structure-multi-thresher-MT860-300x146.jpg 300w\" sizes=\"auto, (max-width: 720px) 100vw, 720px\" \/><figcaption class=\"wp-element-caption\">k\u1ebft c\u1ea5u<\/figcaption><\/figure> <\/div>   <h2 class=\"wp-block-heading\" id=\"h-technical-parameters\"><strong>Th\u00f4ng s\u1ed1 k\u1ef9 thu\u1eadt c\u1ee7a m\u00e1y tu\u1ed1t l\u00faa \u0111a ch\u1ee9c n\u0103ng<\/strong><\/h2>    <p>Nh\u01b0 b\u1ea1n c\u00f3 th\u1ec3 th\u1ea5y t\u1eeb b\u1ea3ng tham s\u1ed1, Thresher \u0111a ch\u1ee9c n\u0103ng MT-860 c\u00f3 c\u00f4ng su\u1ea5t 1,5-2 t\u1ea5n m\u1ed7i gi\u1edd, trong khi c\u00f4ng su\u1ea5t MT-1200 kh\u00e1c nhau t\u00f9y thu\u1ed9c v\u00e0o v\u1ee5 m\u00f9a. H\u01a1n n\u1eefa, c\u00e1i tr\u01b0\u1edbc c\u00f3 th\u1ec3 \u0111\u01b0\u1ee3c cung c\u1ea5p b\u1edfi \u0111\u1ed9ng c\u01a1 diesel, \u0111i\u1ec7n ho\u1eb7c x\u0103ng, trong khi c\u00e1i sau th\u01b0\u1eddng \u0111\u01b0\u1ee3c trang b\u1ecb \u0111\u1ed9ng c\u01a1 diesel. Tuy nhi\u00ean, ph\u1ea1m vi c\u1ee7a c\u00e1c \u1ee9ng d\u1ee5ng l\u00e0 gi\u1ed1ng nhau cho c\u1ea3 hai, v\u1edbi l\u00faa mi\u1ebfn, \u0111\u1eadu n\u00e0nh, ng\u00f4 v\u00e0 k\u00ea \u0111\u01b0\u1ee3c \u0111\u1eadp.<\/p>    <figure class=\"wp-block-table\"><table><tbody><tr><td>Ng\u01b0\u1eddi m\u1eabu<\/td><td>Quy\u1ec1n l\u1ef1c<\/td><td>Dung t\u00edch<\/td><td>C\u00e2n n\u1eb7ng<\/td><td>K\u00edch c\u1ee1<\/td><td>\u1ee8ng d\u1ee5ng<\/td><\/tr><tr><td>MT-860<\/td><td>\u0110\u1ed9ng c\u01a1 diesel, \u0111\u1ed9ng c\u01a1 x\u0103ng, \u0111\u1ed9ng c\u01a1 \u0111i\u1ec7n<\/td><td>1,5-2t\/gi\u1edd<\/td><td>112kg<\/td><td>1150*860<em>*<\/em>1160mm<\/td><td>Cao l\u01b0\u01a1ng, k\u00ea, ng\u00f4, \u0111\u1eadu n\u00e0nh<\/td><\/tr><tr><td>MT-1200<\/td><td>\u0110\u1ed9ng c\u01a1 diesel 10-12HP<\/td><td>ng\u00f4 3t\/gi\u1edd,<br>\u0110\u1eadu n\u00e0nh 2t\/h<br>Cao l\u01b0\u01a1ng, k\u00ea, l\u00faa m\u00ec, g\u1ea1o 1,5t\/h<\/td><td>200kg<\/td><td>2100*1700*1400mm<\/td><td>Cao l\u01b0\u01a1ng, k\u00ea, ng\u00f4, \u0111\u1eadu n\u00e0nh<\/td><\/tr><\/tbody><\/table><\/figure>    <h2 class=\"wp-block-heading\" id=\"characteristics-of-combined-peeler-and-thresher-machine\"><strong>\u0110\u1eb7c \u0111i\u1ec3m c\u1ee7a m\u00e1y b\u00f3c v\u1ecf v\u00e0 \u0111\u1eadp l\u00faa k\u1ebft h\u1ee3p<\/strong><strong><\/strong><\/h2>    <ul class=\"wp-block-list\" type=\"1\"> <li>N\u00f3 c\u00f3 \u01b0u \u0111i\u1ec3m l\u00e0 hi\u1ec7u qu\u1ea3 cao, \u0111\u1ed9 v\u1ee1 th\u1ea5p v\u00e0 t\u1ea1p ch\u1ea5t th\u1ea5p.<\/li>    <li>Ba thi\u1ebft b\u1ecb \u0111i\u1ec7n c\u00f3 s\u1eb5n. \u0110\u1ed9ng c\u01a1 diesel, \u0111\u1ed9ng c\u01a1 x\u0103ng, \u0111\u1ed9ng c\u01a1 \u0111i\u1ec7n \u0111\u1ec1u ph\u00f9 h\u1ee3p \u0111\u1ec3 mang m\u00e1y tu\u1ed1t l\u00faa c\u1ee1 nh\u1ecf \u0111a n\u0103ng \u0111i l\u00e0m.<\/li>    <li>M\u00e0n h\u00ecnh. M\u00e1y n\u00e0y c\u00f3 th\u1ec3 b\u00f3c v\u1ecf ng\u00f4, l\u00faa mi\u1ebfn, k\u00ea, \u0111\u1eadu, k\u00edch th\u01b0\u1edbc c\u1ee7a c\u00e1c lo\u1ea1i c\u00e2y tr\u1ed3ng n\u00e0y l\u00e0 kh\u00e1c nhau, do \u0111\u00f3, m\u00e0n h\u00ecnh ph\u1ea3i ph\u00f9 h\u1ee3p v\u1edbi c\u00e2y tr\u1ed3ng.<\/li>    <li>Thi\u1ebft k\u1ebf nh\u00e2n v\u0103n. \u0110\u01b0\u1ee3c trang b\u1ecb b\u00e1nh xe nh\u1ecf, d\u1ec5 d\u00e0ng di chuy\u1ec3n. V\u00e0 chi\u1ec1u cao c\u1ee7a m\u00e1y ph\u00f9 h\u1ee3p v\u1edbi chi\u1ec1u cao c\u1ee7a con ng\u01b0\u1eddi, thu\u1eadn ti\u1ec7n cho vi\u1ec7c \u0111\u1eb7t h\u1ea1t.<\/li>    <li>Ti\u1ebft ki\u1ec7m chi ph\u00ed. Nh\u1eefng ng\u01b0\u1eddi n\u00f4ng d\u00e2n ngh\u00e8o c\u00f3 th\u1ec3 mua \u0111\u01b0\u1ee3c m\u00e1y v\u00e0 ti\u1ebft ki\u1ec7m ti\u1ec1n. Ngo\u00e0i ra, m\u00e1y c\u00f2n c\u00f3 nhi\u1ec1u ch\u1ee9c n\u0103ng.<\/li> <\/ul>   <div class=\"wp-block-image\"> <figure class=\"aligncenter size-full\"><img loading=\"lazy\" decoding=\"async\" width=\"720\" height=\"250\" src=\"https:\/\/taizyagromachine.com\/wp-content\/uploads\/2022\/02\/three-engines-MT860.jpg\" alt=\"ba \u0111\u1ed9ng c\u01a1\" class=\"wp-image-2061\" srcset=\"https:\/\/taizyagromachine.com\/wp-content\/uploads\/2022\/02\/three-engines-MT860.jpg 720w, https:\/\/taizyagromachine.com\/wp-content\/uploads\/2022\/02\/three-engines-MT860-300x104.jpg 300w\" sizes=\"auto, (max-width: 720px) 100vw, 720px\" \/><figcaption class=\"wp-element-caption\">ba \u0111\u1ed9ng c\u01a1<\/figcaption><\/figure> <\/div>   <h2 class=\"wp-block-heading\" id=\"what-screens-are-suitable\"><strong>M\u00e0n h\u00ecnh n\u00e0o ph\u00f9 h\u1ee3p?<\/strong><\/h2>    <p>\u0110\u1ed1i v\u1edbi m\u00e1y \u0111\u1eadp l\u00faa \u0111a ch\u1ee9c n\u0103ng, b\u1ea1n n\u00ean s\u1eed d\u1ee5ng c\u00e1c m\u00e0n h\u00ecnh ph\u00f9 h\u1ee3p \u0111\u1ec3 \u0111\u1eadp l\u00faa.<\/p>    <p>\u0110\u1eadp ng\u00f4, l\u1eafp s\u00e0ng \u00d820 v\u00e0 b\u00faa, s\u00e0ng \u0111\u00e1y s\u1eed d\u1ee5ng \u00d8 6.&nbsp;<\/p>    <p>B\u00f3c v\u1ecf l\u00faa mi\u1ebfn, l\u1eafp s\u00e0ng \u00d88 v\u00e0 v\u1ea5u tu\u1ed1t, s\u00e0ng \u0111\u00e1y s\u1eed d\u1ee5ng \u00d8 6.<\/p>    <p>\u0110\u1eadp l\u00faa, l\u1eafp s\u00e0ng \u00d85, s\u00e0ng \u0111\u00e1y s\u1eed d\u1ee5ng 1,5*1,5.<\/p>   <div class=\"wp-block-image\"> <figure class=\"aligncenter size-full\"><img loading=\"lazy\" decoding=\"async\" width=\"720\" height=\"540\" src=\"https:\/\/taizyagromachine.com\/wp-content\/uploads\/2022\/02\/matched-screen-multi-thresher.jpg\" alt=\"ph\u00f9 h\u1ee3p v\u1edbi m\u00e0n h\u00ecnh-\u0111a \u0111\u1eadp\" class=\"wp-image-2060\" srcset=\"https:\/\/taizyagromachine.com\/wp-content\/uploads\/2022\/02\/matched-screen-multi-thresher.jpg 720w, https:\/\/taizyagromachine.com\/wp-content\/uploads\/2022\/02\/matched-screen-multi-thresher-300x225.jpg 300w\" sizes=\"auto, (max-width: 720px) 100vw, 720px\" \/><figcaption class=\"wp-element-caption\">m\u00e0n h\u00ecnh ph\u00f9 h\u1ee3p<\/figcaption><\/figure> <\/div>   <h2 class=\"wp-block-heading\" id=\"comparison-of-maize-thresher-and-multifunctional-thresher\"><strong>So s\u00e1nh m\u00e1y tu\u1ed1t ng\u00f4 v\u00e0 m\u00e1y tu\u1ed1t ng\u00f4 \u0111a ch\u1ee9c n\u0103ng<\/strong><strong><\/strong><\/h2>    <ol class=\"wp-block-list\" type=\"1\"> <li>Ph\u1ea1m vi \u1ee9ng d\u1ee5ng. c\u00e1c <a href=\"https:\/\/taizyagromachine.com\/vi\/corn-machine\/maize-thresher\/\" target=\"_blank\" rel=\"noreferrer noopener\">m\u00e1y tu\u1ed1t ng\u00f4<\/a> ch\u1ec9 d\u00e0nh cho ng\u00f4. Trong khi m\u00e1y tu\u1ed1t ng\u0169 c\u1ed1c quy m\u00f4 nh\u1ecf n\u00e0y l\u1ea1i ph\u00f9 h\u1ee3p v\u1edbi ng\u00f4, l\u00faa mi\u1ebfn, k\u00ea, \u0111\u1eadu n\u00e0nh.<\/li>    <li>Ch\u1ee9c n\u0103ng kh\u00e1c nhau. M\u00e1y b\u00f3c v\u1ecf ng\u00f4 c\u00f3 th\u1ec3 \u0111\u1eadp ng\u00f4 m\u00e0 kh\u00f4ng c\u1ea7n g\u1ecdt v\u1ecf. Nh\u01b0ng m\u00e1y tu\u1ed1t l\u00faa \u0111a ch\u1ee9c n\u0103ng c\u00f3 th\u1ec3 b\u00f3c v\u1ecf c\u00e2y tr\u1ed3ng.<\/li>    <li>Dung t\u00edch. M\u00e1y b\u00f3c v\u1ecf ng\u00f4 l\u00e0 6t m\u1ed7i gi\u1edd, c\u00f4ng su\u1ea5t l\u1edbn. M\u00e1y tu\u1ed1t l\u00faa ng\u00f4, \u0111\u1eadu t\u01b0\u01a1ng, k\u00ea, l\u00faa mi\u1ebfn ch\u1ec9 c\u00f3 1,5-2t\/gi\u1edd.<\/li> <\/ol>    <figure class=\"wp-block-gallery has-nested-images columns-default is-cropped wp-block-gallery-3 is-layout-flex wp-block-gallery-is-layout-flex\"> <figure class=\"wp-block-image size-large\"><img loading=\"lazy\" decoding=\"async\" width=\"720\" height=\"500\" data-id=\"2062\" src=\"https:\/\/taizyagromachine.com\/wp-content\/uploads\/2022\/02\/applications-multi-function-thresher.jpg\" alt=\"ng\u00f4 v\u00e0 l\u00faa mi\u1ebfn\" class=\"wp-image-2062\" srcset=\"https:\/\/taizyagromachine.com\/wp-content\/uploads\/2022\/02\/applications-multi-function-thresher.jpg 720w, https:\/\/taizyagromachine.com\/wp-content\/uploads\/2022\/02\/applications-multi-function-thresher-300x208.jpg 300w\" sizes=\"auto, (max-width: 720px) 100vw, 720px\" \/><figcaption class=\"wp-element-caption\">ng\u00f4 v\u00e0 l\u00faa mi\u1ebfn<\/figcaption><\/figure>    <figure class=\"wp-block-image size-large\"><img loading=\"lazy\" decoding=\"async\" width=\"720\" height=\"500\" data-id=\"2063\" src=\"https:\/\/taizyagromachine.com\/wp-content\/uploads\/2022\/02\/applications-multifunctional-thresher.jpg\" alt=\"\u0111\u1eadu v\u00e0 k\u00ea\" class=\"wp-image-2063\" srcset=\"https:\/\/taizyagromachine.com\/wp-content\/uploads\/2022\/02\/applications-multifunctional-thresher.jpg 720w, https:\/\/taizyagromachine.com\/wp-content\/uploads\/2022\/02\/applications-multifunctional-thresher-300x208.jpg 300w\" sizes=\"auto, (max-width: 720px) 100vw, 720px\" \/><figcaption class=\"wp-element-caption\">\u0111\u1eadu v\u00e0 k\u00ea<\/figcaption><\/figure> <\/figure>    <h2 class=\"wp-block-heading\" id=\"h-successful-case-multi-corn-thresher-machine-exported-to-zimbabwe\"><strong>Tr\u01b0\u1eddng h\u1ee3p th\u00e0nh c\u00f4ng: M\u00e1y tu\u1ed1t ng\u00f4 \u0111a n\u0103ng \u0111\u01b0\u1ee3c xu\u1ea5t kh\u1ea9u sang Zimbabwe<\/strong><\/h2>    <p id=\"h-zimbabwe-is-a-large-agricultural-country-with-vast-plains-where-maize-can-be-grown-and-where-the-local-people-eat-three-meals-a-day-based-on-maize-flour-our-sales-manager-grace-received-an-enquiry-from-a-customer-in-zimbabwe-he-wanted-to-buy-a-maize-threshing-machine-for-threshing-maize-after-understanding-his-needs-grace-recommended-this-multifunctional-thresher-as-it-was-more-versatile-and-cost-effective-than-the-others-the-zimbabwean-customer-was-so-pleased-with-the-parameters-and-the-video-that-he-placed-an-order-immediately\" class=\"translation-block\">Zimbabwe l\u00e0 m\u1ed9t qu\u1ed1c gia n\u00f4ng nghi\u1ec7p l\u1edbn v\u1edbi nh\u1eefng \u0111\u1ed3ng b\u1eb1ng r\u1ed9ng l\u1edbn n\u01a1i tr\u1ed3ng ng\u00f4 v\u00e0 ng\u01b0\u1eddi d\u00e2n \u0111\u1ecba ph\u01b0\u01a1ng \u0103n ba b\u1eefa m\u1ed9t ng\u00e0y d\u1ef1a v\u00e0o b\u1ed9t ng\u00f4. Gi\u00e1m \u0111\u1ed1c b\u00e1n h\u00e0ng c\u1ee7a ch\u00fang t\u00f4i, Grace, \u0111\u00e3 nh\u1eadn \u0111\u01b0\u1ee3c m\u1ed9t y\u00eau c\u1ea7u t\u1eeb m\u1ed9t kh\u00e1ch h\u00e0ng \u1edf Zimbabwe. Anh \u1ea5y mu\u1ed1n mua m\u1ed9t m\u00e1y t\u00e1ch ng\u00f4 \u0111\u1ec3 t\u00e1ch ng\u00f4. Sau khi hi\u1ec3u nhu c\u1ea7u c\u1ee7a anh \u1ea5y, Grace \u0111\u00e3 gi\u1edbi thi\u1ec7u m\u00e1y t\u00e1ch \u0111a n\u0103ng n\u00e0y v\u00ec n\u00f3 linh ho\u1ea1t v\u00e0 ti\u1ebft ki\u1ec7m chi ph\u00ed h\u01a1n nh\u1eefng m\u00e1y kh\u00e1c. Kh\u00e1ch h\u00e0ng Zimbabwe r\u1ea5t h\u00e0i l\u00f2ng v\u1edbi c\u00e1c th\u00f4ng s\u1ed1 v\u00e0 video n\u00ean \u0111\u00e3 \u0111\u1eb7t h\u00e0ng ngay l\u1eadp t\u1ee9c.<\/p>    <h2 class=\"wp-block-heading\" id=\"faq\"><strong>C\u00e2u h\u1ecfi th\u01b0\u1eddng g\u1eb7p v\u1ec1 M\u00e1y \u0111\u1eadp \u0111a ch\u1ee9c n\u0103ng<\/strong><\/h2>   <div id=\"rank-math-faq\" class=\"rank-math-block\"> <div class=\"rank-math-list\"> <div id=\"faq-question-1663830468690\" class=\"rank-math-list-item\"> <h3 class=\"rank-math-question\"><strong>Q: L\u00e0m th\u1ebf n\u00e0o \u0111\u1ec3 v\u1ecf c\u00e1c lo\u1ea1i c\u00e2y tr\u1ed3ng kh\u00e1c nhau?<\/strong><\/h3> <div class=\"rank-math-answer\">  <p>A: M\u1edf n\u1eafp, sau \u0111\u00f3 thay m\u00e0n h\u00ecnh. Khi tu\u1ed1t ng\u00f4, h\u00e3y th\u00e1o b\u1ed1n con l\u0103n b\u00ean trong ra.<\/p>  <\/div> <\/div> <div id=\"faq-question-1663830506354\" class=\"rank-math-list-item\"> <h3 class=\"rank-math-question\"><strong>H\u1ecfi: N\u1ebfu kh\u00f4ng bi\u1ebft c\u00e1ch s\u1eed d\u1ee5ng m\u00e1y th\u00ec t\u00f4i n\u00ean l\u00e0m g\u00ec?<\/strong><\/h3> <div class=\"rank-math-answer\">  <p>\u0110: \u0110\u1eebng lo l\u1eafng. C\u00f9ng v\u1edbi m\u00e1y, ch\u00fang t\u00f4i cung c\u1ea5p h\u01b0\u1edbng d\u1eabn s\u1eed d\u1ee5ng v\u00e0 video v\u1ec1 c\u00e1ch l\u1eafp \u0111\u1eb7t, v\u1eadn h\u00e0nh, thay m\u00e0n h\u00ecnh,..<\/p>  <\/div> <\/div> <div id=\"faq-question-1663830517291\" class=\"rank-math-list-item\"> <h3 class=\"rank-math-question\"><strong>H\u1ecfi: Di \u200b\u200bchuy\u1ec3n c\u00f3 thu\u1eadn ti\u1ec7n kh\u00f4ng?<\/strong><\/h3> <div class=\"rank-math-answer\">  <p>Tr\u1ea3 l\u1eddi: T\u1ea5t nhi\u00ean, m\u00e1y tu\u1ed1t ng\u00f4 \u0111a n\u0103ng c\u00f3 b\u00e1nh xe v\u00e0 thanh k\u00e9o, d\u1ec5 di chuy\u1ec3n.<\/p>  <\/div> <\/div> <div id=\"faq-question-1663830529940\" class=\"rank-math-list-item\"> <h3 class=\"rank-math-question\"><strong>H\u1ecfi: Nh\u1eefng lo\u1ea1i c\u00e2y tr\u1ed3ng n\u00e0o c\u00f3 th\u1ec3 s\u1eed d\u1ee5ng m\u00e1y tu\u1ed1t l\u00faa \u0111a ch\u1ee9c n\u0103ng n\u00e0y?<\/strong><\/h3> <div class=\"rank-math-answer\">  <p>A: Ng\u00f4, l\u00faa mi\u1ebfn, k\u00ea, \u0111\u1eadu n\u00e0nh.<\/p>  <\/div> <\/div> <div id=\"faq-question-1663830545523\" class=\"rank-math-list-item\"> <h3 class=\"rank-math-question\"><strong>Q: C\u00f2n s\u1ee9c m\u1ea1nh c\u1ee7a MT-860 th\u00ec sao?<\/strong><\/h3> <div class=\"rank-math-answer\">  <p>A: \u0110\u1ed9ng c\u01a1 \u0111i\u1ec7n 2,2-3kW, \u0111\u1ed9ng c\u01a1 diesel 6-8Hp, \u0111\u1ed9ng c\u01a1 x\u0103ng 170F.<\/p>  <\/div> <\/div> <div id=\"faq-question-1663830561860\" class=\"rank-math-list-item\"> <h3 class=\"rank-math-question\"><strong>H\u1ecfi: C\u00f4ng su\u1ea5t c\u1ee7a m\u00e1y tu\u1ed1t ng\u0169 c\u1ed1c MT-860 n\u00e0y l\u00e0 bao nhi\u00eau? T\u1ef7 l\u1ec7 \u0111\u1eadp?<\/strong><\/h3> <div class=\"rank-math-answer\">  <p>A: T\u01b0\u01a1ng \u1ee9ng l\u00e0 1,5-2t m\u1ed7i gi\u1edd, \u226595%.\u00a0<\/p>  <\/div> <\/div> <\/div> <\/div>   <h2 class=\"wp-block-heading\"><strong>Video M\u00e1y tu\u1ed1t l\u00faa \u0111a n\u0103ng d\u00f9ng \u0111\u1ec3 tu\u1ed1t ng\u00f4, \u0111\u1eadu, l\u00faa mi\u1ebfn, k\u00ea<\/strong><\/h2>    <figure class=\"wp-block-embed is-type-video is-provider-youtube wp-block-embed-youtube wp-embed-aspect-16-9 wp-has-aspect-ratio\"><div class=\"wp-block-embed__wrapper\"> <iframe loading=\"lazy\" title=\"M\u00e1y tu\u1ed1t l\u00faa \u0111a n\u0103ng | \u0110\u1eadp ng\u00f4, k\u00ea, Benas, Cao l\u01b0\u01a1ng #corn #millet\" width=\"500\" height=\"281\" src=\"https:\/\/www.youtube.com\/embed\/Nz2M6Ba3iqo?feature=oembed\" frameborder=\"0\" allow=\"accelerometer; autoplay; clipboard-write; encrypted-media; gyroscope; picture-in-picture; web-share\" referrerpolicy=\"strict-origin-when-cross-origin\" allowfullscreen><\/iframe> <\/div><\/figure>    <p><\/p>    <p><\/p>","protected":false},"excerpt":{"rendered":"<p>The multifunctional&nbsp;thresher is upgraded equipment based on the maize thresher, suitable for corns, sorghum, soybeans, millet.&nbsp;It can collocate with the diesel engine, gasoline engine, or electric motor as the power device. Besides, you should choose the different screens for the corresponding crops. Our multifunctional threshing machines are very well known abroad and loved by people [&hellip;]<\/p>\n","protected":false},"author":1,"featured_media":2142,"parent":0,"template":"","tags":[],"product-type":[17],"class_list":["post-2057","product","type-product","status-publish","has-post-thumbnail","hentry","product-type-corn-machine"],"_links":{"self":[{"href":"https:\/\/taizyagromachine.com\/vi\/wp-json\/wp\/v2\/product\/2057","targetHints":{"allow":["GET"]}}],"collection":[{"href":"https:\/\/taizyagromachine.com\/vi\/wp-json\/wp\/v2\/product"}],"about":[{"href":"https:\/\/taizyagromachine.com\/vi\/wp-json\/wp\/v2\/types\/product"}],"author":[{"embeddable":true,"href":"https:\/\/taizyagromachine.com\/vi\/wp-json\/wp\/v2\/users\/1"}],"wp:featuredmedia":[{"embeddable":true,"href":"https:\/\/taizyagromachine.com\/vi\/wp-json\/wp\/v2\/media\/2142"}],"wp:attachment":[{"href":"https:\/\/taizyagromachine.com\/vi\/wp-json\/wp\/v2\/media?parent=2057"}],"wp:term":[{"taxonomy":"post_tag","embeddable":true,"href":"https:\/\/taizyagromachine.com\/vi\/wp-json\/wp\/v2\/tags?post=2057"},{"taxonomy":"product-type","embeddable":true,"href":"https:\/\/taizyagromachine.com\/vi\/wp-json\/wp\/v2\/product-type?post=2057"}],"curies":[{"name":"wp","href":"https:\/\/api.w.org\/{rel}","templated":true}]}}