{"id":2092,"date":"2022-02-17T09:56:31","date_gmt":"2022-02-17T09:56:31","guid":{"rendered":"https:\/\/taizyagromachine.com\/"},"modified":"2025-05-07T11:30:30","modified_gmt":"2025-05-07T03:30:30","slug":"automatic-groundnut-oil-sunflower-oil-making-machine","status":"publish","type":"product","link":"https:\/\/taizyagromachine.com\/vi\/product\/automatic-groundnut-oil-sunflower-oil-making-machine\/","title":{"rendered":"M\u00e1y L\u00e0m D\u1ea7u L\u1ea1c | M\u00e1y \u00e9p d\u1ea7u \u0111\u1eadu ph\u1ed9ng"},"content":{"rendered":"<p class=\"translation-block\">M\u00e1y l\u00e0m d\u1ea7u l\u1ea1c Taizy chuy\u00ean chi\u1ebft xu\u1ea5t d\u1ea7u v\u00e0 ch\u1ea5t b\u00e9o t\u1eeb h\u1ea1t l\u1ea1c ho\u1eb7c c\u00f3 v\u1ecf b\u1eb1ng c\u00e1ch \u00e9p tr\u1ee5c v\u00edt v\u1edbi ph\u01b0\u01a1ng ph\u00e1p \u00e9p n\u00f3ng. \u0110\u00e2y l\u00e0 m\u00e1y \u00e9p d\u1ea7u tr\u1ee5c v\u00edt, c\u0169ng th\u00edch h\u1ee3p cho h\u1ea1t h\u01b0\u1edbng d\u01b0\u01a1ng, \u0111\u1eadu n\u00e0nh, v.v. S\u1ea3n l\u01b0\u1ee3ng c\u1ee7a n\u00f3 l\u00e0 40-600kg\/h.<\/p>    <p>M\u00e1y \u00e9p d\u1ea7u l\u1ea1c n\u00e0y c\u00f3 t\u1ed1c \u0111\u1ed9 chi\u1ebft d\u1ea7u 43-54%. Nhi\u1ec7t \u0111\u1ed9 \u00e9p l\u1ea1c \u0111\u1ea1t 100-200oC, nhi\u1ec7t \u0111\u1ed9 c\u1ee7a m\u00e1y kho\u1ea3ng 180oC.<\/p>    <p>N\u00f3 c\u00f3 \u0111\u1eb7c \u0111i\u1ec3m l\u00e0 c\u1ea5u tr\u00fac \u0111\u01a1n gi\u1ea3n, v\u1eadn h\u00e0nh d\u1ec5 d\u00e0ng v\u00e0 hi\u1ec7u su\u1ea5t d\u1ea7u cao, \u0111\u01b0\u1ee3c s\u1eed d\u1ee5ng r\u1ed9ng r\u00e3i trong c\u00e1c nh\u00e0 m\u00e1y d\u1ea7u nh\u1ecf v\u00e0 x\u01b0\u1edfng gia \u0111\u00ecnh. N\u1ebfu b\u1ea1n mu\u1ed1n bi\u1ebft th\u00eam th\u00f4ng tin, xin vui l\u00f2ng li\u00ean h\u1ec7 v\u1edbi t\u00f4i \u0111\u1ec3 bi\u1ebft th\u00eam chi ti\u1ebft m\u00e1y!<\/p>    <figure class=\"wp-block-embed is-type-video is-provider-youtube wp-block-embed-youtube wp-embed-aspect-16-9 wp-has-aspect-ratio\"><div class=\"wp-block-embed__wrapper\"> <iframe loading=\"lazy\" title=\"L\u00e0m th\u1ebf n\u00e0o \u0111\u1ec3 chi\u1ebft xu\u1ea5t d\u1ea7u \u0111\u1eadu ph\u1ed9ng b\u1eb1ng m\u00e1y \u00e9p d\u1ea7u n\u00f3ng v\u00e0 l\u1ea1nh? M\u00e1y chi\u1ebft xu\u1ea5t d\u1ea7u cho v\u1ecf h\u1ea1t l\u1ea1c\" width=\"500\" height=\"281\" src=\"https:\/\/www.youtube.com\/embed\/drwu4FR4itc?feature=oembed\" frameborder=\"0\" allow=\"accelerometer; autoplay; clipboard-write; encrypted-media; gyroscope; picture-in-picture; web-share\" referrerpolicy=\"strict-origin-when-cross-origin\" allowfullscreen><\/iframe> <\/div><figcaption class=\"wp-element-caption\">Video m\u00e1y \u00e9p d\u1ea7u tr\u1ee5c v\u00edt<\/figcaption><\/figure>    <h2 class=\"wp-block-heading\" id=\"features-of-groundnut-oil-processing-machine\"><strong>\u0110\u1eb7c \u0111i\u1ec3m c\u1ee7a m\u00e1y chi\u1ebft xu\u1ea5t d\u1ea7u l\u1ea1c Taizy<\/strong>&nbsp;<\/h2>    <ul class=\"wp-block-list\"> <li>M\u00e1y n\u00e0y c\u00f3 nhi\u1ec1u lo\u1ea1i <strong>c\u00f4ng su\u1ea5t 40-600kg\/h<\/strong>, c\u00f3 hi\u1ec7u qu\u1ea3 cao.<\/li>    <li>N\u00f3 c\u00f3 m\u1ed9t <strong>hi\u1ec7u su\u1ea5t d\u1ea7u cao 43-54%<\/strong>, mang l\u1ea1i l\u1ee3i \u00edch cho doanh nghi\u1ec7p c\u1ee7a b\u1ea1n.<\/li>    <li>Thi\u1ebft b\u1ecb kh\u00f4ng ch\u1ec9 \u0111\u01b0\u1ee3c \u00e1p d\u1ee5ng cho <strong>\u0111\u1eadu ph\u1ed9ng<\/strong>, nh\u01b0ng c\u0169ng c\u00f3 th\u1ec3 \u0111\u01b0\u1ee3c s\u1eed d\u1ee5ng cho <strong>h\u1ea1t h\u01b0\u1edbng d\u01b0\u01a1ng, \u0111\u1eadu n\u00e0nh<\/strong> v\u00e0 c\u00e1c lo\u1ea1i c\u00e2y l\u1ea5y d\u1ea7u kh\u00e1c.<\/li>    <li>M\u00e1y ch\u1ebf bi\u1ebfn d\u1ea7u l\u1ea1c c\u00f3 th\u1ec3 <strong>\u0111\u01b0\u1ee3c trang b\u1ecb b\u1ed9 l\u1ecdc ch\u00e2n kh\u00f4ng<\/strong>, thu \u0111\u01b0\u1ee3c nhi\u1ec1u d\u1ea7u \u0103n ch\u1ea5t l\u01b0\u1ee3ng cao h\u01a1n.<\/li>    <li>V\u00edt l\u00e0 m\u1ed9t <strong>m\u00e1y \u00e9p ba l\u1edbp<\/strong>, cho nguy\u00ean li\u1ec7u v\u00e0o m\u1ed9t l\u1ea7n v\u00e0 l\u1ea5y d\u1ea7u \u0103n cu\u1ed1i c\u00f9ng.<\/li>    <li>N\u00f3 c\u00f3 c\u1ea5u tr\u00fac \u0111\u01a1n gi\u1ea3n, <strong>d\u1ec5 d\u00e0ng ho\u1ea1t \u0111\u1ed9ng<\/strong>.<\/li>    <li>M\u00e1y \u00e9p d\u1ea7u \u0111\u1eadu ph\u1ed9ng n\u00e0y l\u00e0 <strong>l\u00e0m b\u1eb1ng v\u1eadt li\u1ec7u ch\u1ea5t l\u01b0\u1ee3ng cao<\/strong>, v\u00e0 c\u00f3 hi\u1ec7u su\u1ea5t \u1ed5n \u0111\u1ecbnh v\u00e0 tu\u1ed5i th\u1ecd d\u00e0i.<\/li> <\/ul>    <figure class=\"wp-block-gallery aligncenter has-nested-images columns-default is-cropped wp-block-gallery-2 is-layout-flex wp-block-gallery-is-layout-flex\"> <figure class=\"wp-block-image size-large\"><img loading=\"lazy\" decoding=\"async\" width=\"950\" height=\"540\" data-id=\"7116\" src=\"https:\/\/taizyagromachine.com\/wp-content\/uploads\/2022\/02\/peanut-oil-expeller-machine-for-groundnut-oil.webp\" alt=\"m\u00e1y \u00e9p d\u1ea7u \u0111\u1eadu ph\u1ed9ng cho d\u1ea7u l\u1ea1c\" class=\"wp-image-7116\" srcset=\"https:\/\/taizyagromachine.com\/wp-content\/uploads\/2022\/02\/peanut-oil-expeller-machine-for-groundnut-oil.webp 950w, https:\/\/taizyagromachine.com\/wp-content\/uploads\/2022\/02\/peanut-oil-expeller-machine-for-groundnut-oil-18x10.webp 18w\" sizes=\"auto, (max-width: 950px) 100vw, 950px\" \/><figcaption class=\"wp-element-caption\">m\u00e1y \u00e9p d\u1ea7u \u0111\u1eadu ph\u1ed9ng cho d\u1ea7u l\u1ea1c<\/figcaption><\/figure> <\/figure>    <h2 class=\"wp-block-heading\"><strong>Th\u00f4ng s\u1ed1 k\u1ef9 thu\u1eadt c\u1ee7a m\u00e1y l\u00e0m d\u1ea7u \u0111\u1eadu ph\u1ed9ng<\/strong><\/h2>    <figure class=\"wp-block-table\"><table class=\"has-fixed-layout\"><tbody><tr><td>Ng\u01b0\u1eddi m\u1eabu<\/td><td>6YL-60<\/td><td>6YL-70<\/td><td>6YL-100<\/td><td>6YL-125<\/td><td>6YL-150<\/td><\/tr><tr><td>C\u00f4ng su\u1ea5t (kg \/ gi\u1edd)<\/td><td>40-60<\/td><td>45-70<\/td><td>150-230<\/td><td>300-400<\/td><td>500-600<\/td><\/tr><tr><td>\u0110\u01b0\u1eddng k\u00ednh v\u00edt (mm)<\/td><td>\u03a660<\/td><td>\u03c670<\/td><td>\u03a6100<\/td><td>\u03a6125<\/td><td>\u03a6150<\/td><\/tr><tr><td>T\u1ed1c \u0111\u1ed9 tr\u1ee5c v\u00edt (r\/min)<\/td><td>64<\/td><td>37<\/td><td>37<\/td><td>35<\/td><td>35<\/td><\/tr><tr><td>C\u00f4ng su\u1ea5t \u0111\u1ed9ng c\u01a1(kw)<\/td><td>2.5<\/td><td>3<\/td><td>7.5<\/td><td>15<\/td><td>30<\/td><\/tr><tr><td>Tr\u1ecdng l\u01b0\u1ee3ng (kg)<\/td><td>240<\/td><td>320<\/td><td>1100<\/td><td>1320<\/td><td>1420<\/td><\/tr><tr><td>K\u00edch th\u01b0\u1edbc (mm)<\/td><td>1020*780*1100<\/td><td>1450*870*1180<\/td><td>1800*1200*1550<\/td><td>2100*1400*1700<\/td><td>2300*1400*1700<\/td><\/tr><\/tbody><\/table><figcaption class=\"wp-element-caption\">th\u00f4ng s\u1ed1 k\u1ef9 thu\u1eadt c\u1ee7a m\u00e1y chi\u1ebft xu\u1ea5t d\u1ea7u l\u1ea1c<\/figcaption><\/figure>    <h2 class=\"wp-block-heading\" id=\"structure-of-groundnut-oil-extraction\"><strong>C\u1ea5u t\u1ea1o c\u1ee7a m\u00e1y l\u00e0m d\u1ea7u l\u1ea1c<\/strong><\/h2>    <p>Nh\u00ecn chung, c\u1ea5u tr\u00fac r\u1ea5t \u0111\u01a1n gi\u1ea3n. N\u00f3 ch\u1ee7 y\u1ebfu bao g\u1ed3m n\u0103m ph\u1ea7n: b\u1ed9 ph\u1eadn \u0111i\u1ec1u khi\u1ec3n \u0111i\u1ec7n, b\u1ed9 ph\u1eadn gia nhi\u1ec7t v\u00e0 \u00e9p, b\u1ed9 ph\u1eadn \u0111i\u1ec1u ch\u1ec9nh, b\u1ed9 ph\u1eadn truy\u1ec1n \u0111\u1ed9ng v\u00e0 b\u1ed9 l\u1ecdc d\u1ea7u ch\u00e2n kh\u00f4ng. <\/p>    <ul class=\"wp-block-list\"> <li>\u0110\u1ed1i v\u1edbi m\u1ed9t chi\u1ebfc m\u00e1y l\u00e0m d\u1ea7u l\u1ea1c, b\u1ed9 ph\u1eadn \u0111i\u1ec1u khi\u1ec3n \u0111i\u1ec7n \u0111i\u1ec1u khi\u1ec3n m\u1ea1ch \u0111i\u1ec7n c\u1ee7a to\u00e0n b\u1ed9 m\u00e1y. <\/li>    <li>B\u1ed9 ph\u1eadn gia nhi\u1ec7t v\u00e0 \u00e9p l\u00e0 ph\u1ea7n c\u1ed1t l\u00f5i, ch\u1ee7 y\u1ebfu bi\u1ebfn nguy\u00ean li\u1ec7u th\u00e0nh d\u1ea7u \u0103n. <\/li>    <li>Ph\u1ea7n \u0111i\u1ec1u ch\u1ec9nh v\u00e0 truy\u1ec1n \u0111\u1ed9ng c\u0169ng l\u00e0 ph\u1ea7n kh\u00f4ng th\u1ec3 thi\u1ebfu. <\/li>    <li>Ph\u1ea7n l\u1ecdc d\u1ea7u ch\u00e2n kh\u00f4ng ch\u1ee7 y\u1ebfu l\u1ecdc d\u1ea7u \u0103n qua ch\u00e2n kh\u00f4ng.<\/li> <\/ul>   <div class=\"wp-block-image\"> <figure class=\"aligncenter size-full\"><img loading=\"lazy\" decoding=\"async\" width=\"720\" height=\"540\" src=\"https:\/\/taizyagromachine.com\/wp-content\/uploads\/2022\/02\/structure-of-groundnut-oil-processing-machine.jpg\" alt=\"c\u1ea5u t\u1ea1o c\u1ee7a m\u00e1y ch\u1ebf bi\u1ebfn d\u1ea7u l\u1ea1c\" class=\"wp-image-2094\" srcset=\"https:\/\/taizyagromachine.com\/wp-content\/uploads\/2022\/02\/structure-of-groundnut-oil-processing-machine.jpg 720w, https:\/\/taizyagromachine.com\/wp-content\/uploads\/2022\/02\/structure-of-groundnut-oil-processing-machine-300x225.jpg 300w\" sizes=\"auto, (max-width: 720px) 100vw, 720px\" \/><figcaption class=\"wp-element-caption\">c\u1ea5u t\u1ea1o c\u1ee7a m\u00e1y ch\u1ebf bi\u1ebfn d\u1ea7u l\u1ea1c<\/figcaption><\/figure> <\/div>   <figure class=\"wp-block-table is-style-stripes\"><table><tbody><tr><td>1. b\u1ed9 \u0111i\u1ec1u ch\u1ec9nh nhi\u1ec7t \u0111\u1ed9<\/td><td>7. \u0111\u1ea7u v\u00e0o th\u1ee9c \u0103n<\/td><\/tr><tr><td>2. l\u1ed7 tho\u00e1t kh\u00f3i<\/td><td>8. ph\u1ea7n \u0111i\u1ec1u ch\u1ec9nh<\/td><\/tr><tr><td>3. T\u1ee7 ph\u00e2n ph\u1ed1i \u0111i\u1ec7n<\/td><td>9. y\u1ebfu t\u1ed1 l\u00e0m n\u00f3ng<\/td><\/tr><tr><td>4. v\u1ecb tr\u00ed tra d\u1ea7u<\/td><td>10. ph\u1ea7n d\u1ea7u ra<\/td><\/tr><tr><td>5. gi\u1ea3m t\u1ed1c<\/td><td>11. ph\u1ea7n nh\u1ea5n<\/td><\/tr><tr><td>6. \u0111\u1ed9ng c\u01a1<\/td><td>12. l\u1ecdc d\u1ea7u ch\u00e2n kh\u00f4ng<\/td><\/tr><\/tbody><\/table><figcaption class=\"wp-element-caption\">danh s\u00e1ch t\u00ean m\u00e1y \u00e9p d\u1ea7u l\u1ea1c<\/figcaption><\/figure>    <h2 class=\"wp-block-heading\" id=\"how-to-do-extraction-of-oil-from-groundnut-seed\"><strong>L\u00e0m th\u1ebf n\u00e0o \u0111\u1ec3 chi\u1ebft xu\u1ea5t d\u1ea7u l\u1ea1c t\u1eeb \u0111\u1eadu ph\u1ed9ng?<\/strong><\/h2>   <div class=\"wp-block-image\"> <figure class=\"aligncenter size-full\"><img loading=\"lazy\" decoding=\"async\" width=\"720\" height=\"540\" src=\"https:\/\/taizyagromachine.com\/wp-content\/uploads\/2022\/02\/screw-sunflower-oil-press.jpg\" alt=\"v\u00edt\" class=\"wp-image-2100\" srcset=\"https:\/\/taizyagromachine.com\/wp-content\/uploads\/2022\/02\/screw-sunflower-oil-press.jpg 720w, https:\/\/taizyagromachine.com\/wp-content\/uploads\/2022\/02\/screw-sunflower-oil-press-300x225.jpg 300w\" sizes=\"auto, (max-width: 720px) 100vw, 720px\" \/><figcaption class=\"wp-element-caption\">v\u00edt<\/figcaption><\/figure> <\/div>   <p class=\"translation-block\">M\u00e1y l\u00e0m d\u1ea7u l\u1ea1c n\u00e0y l\u00e0 m\u1ed9t <strong>m\u00e1y \u00e9p d\u1ea7u tr\u1ee5c v\u00edt<\/strong>, c\u00f3 tr\u1ee5c v\u00edt \u0111\u1ec3 \u00e9p d\u1ea7u. V\u1eady, l\u00e0m th\u1ebf n\u00e0o \u0111\u1ec3 l\u00e0m d\u1ea7u l\u1ea1c? H\u00e3y xem c\u00e1c b\u01b0\u1edbc d\u01b0\u1edbi \u0111\u00e2y.<\/p>    <ol class=\"wp-block-list\"> <li><strong>Chu\u1ea9n b\u1ecb nguy\u00ean li\u1ec7u<\/strong> <ul class=\"wp-block-list\"> <li>L\u00e0m s\u1ea1ch v\u00e0 lo\u1ea1i b\u1ecf t\u1ea1p ch\u1ea5t: l\u00e0m s\u1ea1ch \u0111\u1eadu ph\u1ed9ng, lo\u1ea1i b\u1ecf \u0111\u1ea5t, \u0111\u00e1, t\u1ea1p ch\u1ea5t,..<\/li>    <li>Rang: \u0111\u1ec3 t\u0103ng hi\u1ec7u su\u1ea5t d\u1ea7u, h\u00e3y rang \u0111\u1eadu ph\u1ed9ng \u0111\u00e3 l\u00e0m s\u1ea1ch. Nhi\u1ec7t \u0111\u1ed9 \u0111\u1ea1t 100-120oC, t\u1ed1t h\u01a1n cho qu\u00e1 tr\u00ecnh \u00e9p d\u1ea7u n\u00f3ng ti\u1ebfp theo. <\/li> <\/ul> <\/li>    <li><strong>L\u00e0m n\u00f3ng m\u00e1y \u00e9p d\u1ea7u tr\u01b0\u1edbc<\/strong> <ul class=\"wp-block-list\"> <li>Kh\u1edfi \u0111\u1ed9ng m\u00e1y: tr\u01b0\u1edbc khi chi\u1ebft d\u1ea7u ch\u00ednh th\u1ee9c, kh\u1edfi \u0111\u1ed9ng m\u00e1y \u00e9p d\u1ea7u tr\u1ee5c v\u00edt v\u00e0 th\u1ef1c hi\u1ec7n thao t\u00e1c l\u00e0m n\u00f3ng tr\u01b0\u1edbc th\u00edch h\u1ee3p. \u0110\u1ea3m b\u1ea3o m\u00e1y d\u1ea7u l\u1ea1c \u0111\u1ea1t nhi\u1ec7t \u0111\u1ed9 l\u00e0m vi\u1ec7c \u0111\u1ec3 d\u1ea7u l\u1ea1c ch\u1ea3y ra ngo\u00e0i d\u1ec5 d\u00e0ng h\u01a1n.<\/li>    <li>Ki\u1ec3m tra c\u1ed5ng c\u1ea5p li\u1ec7u: \u0111\u1ea3m b\u1ea3o c\u1ed5ng c\u1ea5p li\u1ec7u th\u00f4ng tho\u00e1ng v\u00e0 kh\u00f4ng b\u1ecb t\u1eafc ngh\u1ebdn, s\u1eb5n s\u00e0ng b\u1eaft \u0111\u1ea7u c\u1ea5p li\u1ec7u.<\/li> <\/ul> <\/li>    <li><strong>Cho \u0103n v\u00e0 khai th\u00e1c d\u1ea7u<\/strong> <ul class=\"wp-block-list\"> <li>Cho \u0111\u1eadu ph\u1ed9ng \u0111\u1ec1u: cho \u0111\u1eadu ph\u1ed9ng v\u00e0o c\u1ed5ng n\u1ea1p c\u1ee7a m\u00e1y \u00e9p tr\u1ee5c v\u00edt t\u1eeb t\u1eeb v\u00e0 \u0111\u1ec1u.<\/li>    <li>M\u00e1y \u00e9p tr\u1ee5c v\u00edt: M\u00e1y chi\u1ebft d\u1ea7u tr\u1ee5c v\u00edt t\u1ea1o \u00e1p l\u1ef1c l\u00ean c\u00e1c h\u1ea1t l\u1ea1c th\u00f4ng qua chuy\u1ec3n \u0111\u1ed9ng quay c\u1ee7a tr\u1ee5c v\u00edt. \u0110\u1eadu ph\u1ed9ng \u0111\u01b0\u1ee3c nghi\u1ec1n d\u1ea7n, \u00e9p v\u00e0 nh\u1ea3 d\u1ea7u.<\/li>    <li>T\u00e1ch c\u1eb7n d\u1ea7u: d\u1ea7u v\u00e0 c\u1eb7n \u0111\u01b0\u1ee3c t\u00e1ch ra trong qu\u00e1 tr\u00ecnh \u00e9p. D\u1ea7u l\u1ea1c ch\u1ea3y ra t\u1eeb \u0111\u1ea7u ra, c\u00f2n c\u1eb7n (b\u00e1nh \u0111\u1eadu ph\u1ed9ng) \u0111\u01b0\u1ee3c th\u1ea3i ra t\u1eeb \u0111\u1ea7u kia.<\/li> <\/ul> <\/li>    <li><strong>L\u1ecdc d\u1ea7u v\u00e0 m\u1ee1<\/strong> <ul class=\"wp-block-list\"> <li>L\u1ecdc: d\u1ea7u \u0111\u1eadu ph\u1ed9ng \u00e9p n\u00f3ng s\u1ebd ch\u1ee9a m\u1ed9t s\u1ed1 c\u1eb7n, c\u00f3 th\u1ec3 t\u00e1ch ph\u1ea7n l\u1edbn c\u1eb7n d\u1ea7u b\u1eb1ng c\u00e1ch l\u1ecdc.<\/li> <\/ul> <\/li>    <li><strong>Thu gom v\u00e0 l\u01b0u tr\u1eef d\u1ea7u<\/strong> <ul class=\"wp-block-list\"> <li>Thu gom d\u1ea7u l\u1ea1c: thu gom d\u1ea7u l\u1ea1c \u0111\u00e3 l\u1ecdc v\u00e0o th\u00f9ng s\u1ea1ch, tr\u00e1nh ti\u1ebfp x\u00fac v\u1edbi t\u1ea1p ch\u1ea5t ho\u1eb7c h\u01a1i \u1ea9m \u0111\u1ec3 duy tr\u00ec \u0111\u1ed9 tinh khi\u1ebft c\u1ee7a d\u1ea7u.<\/li>    <li>B\u1ea3o qu\u1ea3n: d\u1ea7u l\u1ea1c n\u00ean \u0111\u01b0\u1ee3c b\u1ea3o qu\u1ea3n trong h\u1ed9p k\u00edn, \u0111\u1ec3 n\u01a1i kh\u00f4 r\u00e1o, tho\u00e1ng m\u00e1t \u0111\u1ec3 k\u00e9o d\u00e0i th\u1eddi gian s\u1eed d\u1ee5ng.<\/li> <\/ul> <\/li>    <li><strong>X\u1eed l\u00fd c\u1eb7n<\/strong> <ul class=\"wp-block-list\"> <li>X\u1eed l\u00fd b\u00e1nh l\u1ea1c: B\u00e1nh l\u1ea1c sau khi \u00e9p c\u00f3 th\u1ec3 \u0111\u01b0\u1ee3c s\u1eed d\u1ee5ng l\u00e0m th\u1ee9c \u0103n ch\u0103n nu\u00f4i ho\u1eb7c cho c\u00e1c m\u1ee5c \u0111\u00edch c\u00f4ng nghi\u1ec7p kh\u00e1c m\u00e0 kh\u00f4ng l\u00e3ng ph\u00ed b\u1ea5t k\u1ef3 nguy\u00ean li\u1ec7u th\u00f4 n\u00e0o.<\/li> <\/ul> <\/li> <\/ol>    <figure class=\"wp-block-embed is-type-video is-provider-youtube wp-block-embed-youtube wp-embed-aspect-16-9 wp-has-aspect-ratio\"><div class=\"wp-block-embed__wrapper\"> <iframe loading=\"lazy\" title=\"M\u00e1y \u00e9p d\u1ea7u tr\u1ee5c v\u00edt \u0111\u1eadu ph\u1ed9ng, h\u1ea1t h\u01b0\u1edbng d\u01b0\u01a1ng &amp; v\u1eebng | M\u00e1y chi\u1ebft d\u1ea7u ho\u1ea1t \u0111\u1ed9ng nh\u01b0 th\u1ebf n\u00e0o?\" width=\"500\" height=\"281\" src=\"https:\/\/www.youtube.com\/embed\/Z-tnbuRlQzc?feature=oembed\" frameborder=\"0\" allow=\"accelerometer; autoplay; clipboard-write; encrypted-media; gyroscope; picture-in-picture; web-share\" referrerpolicy=\"strict-origin-when-cross-origin\" allowfullscreen><\/iframe> <\/div><figcaption class=\"wp-element-caption\">video v\u1ec1 c\u00e1ch chi\u1ebft xu\u1ea5t d\u1ea7u<\/figcaption><\/figure>    <h2 class=\"wp-block-heading\"><strong>L\u00e0m th\u1ebf n\u00e0o \u0111\u1ec3 c\u00f3 \u0111\u01b0\u1ee3c d\u1ea7u \u0111\u1eadu ph\u1ed9ng \u0103n \u0111\u01b0\u1ee3c ch\u1ea5t l\u01b0\u1ee3ng cao trong qu\u00e1 tr\u00ecnh chi\u1ebft xu\u1ea5t?<\/strong><\/h2>    <p>\u0110\u1ed1i v\u1edbi vi\u1ec7c chi\u1ebft xu\u1ea5t d\u1ea7u \u0103n, kh\u00e1ch h\u00e0ng quan t\u00e2m nh\u1ea5t \u0111\u1ebfn ch\u1ea5t l\u01b0\u1ee3ng c\u1ee7a d\u1ea7u. V\u1eady l\u00e0m th\u1ebf n\u00e0o \u0111\u1ec3 c\u00f3 \u0111\u01b0\u1ee3c d\u1ea7u \u0103n ch\u1ea5t l\u01b0\u1ee3ng cao?<\/p>    <p>Vi\u1ec7c s\u1eed d\u1ee5ng c\u00f4ng ngh\u1ec7 l\u1ecdc d\u1ea7u c\u00f3 th\u1ec3 c\u1ea3i thi\u1ec7n hi\u1ec7u qu\u1ea3 ch\u1ea5t l\u01b0\u1ee3ng d\u1ea7u \u0103n b\u1eb1ng c\u00e1ch lo\u1ea1i b\u1ecf t\u1ea1p ch\u1ea5t v\u00e0 m\u00f9i v\u1ecb l\u1ea1, mang l\u1ea1i d\u1ea7u trong h\u01a1n, tinh khi\u1ebft h\u01a1n. V\u00ec v\u1eady, m\u00e1y l\u00e0m d\u1ea7u l\u1ea1c c\u1ee7a ch\u00fang t\u00f4i th\u01b0\u1eddng \u0111\u01b0\u1ee3c trang b\u1ecb tr\u1ed1ng l\u1ecdc d\u1ea7u, \u0111i\u1ec1u n\u00e0y c\u00f3 th\u1ec3 gi\u00fap kh\u00e1ch h\u00e0ng hi\u1ec7n th\u1ef1c h\u00f3a m\u1ee5c ti\u00eau n\u00e0y.<\/p>    <figure class=\"wp-block-gallery has-nested-images columns-default is-cropped wp-block-gallery-3 is-layout-flex wp-block-gallery-is-layout-flex\"> <figure class=\"wp-block-image size-large\"><img loading=\"lazy\" decoding=\"async\" width=\"720\" height=\"540\" data-id=\"7109\" src=\"https:\/\/taizyagromachine.com\/wp-content\/uploads\/2022\/02\/new-groundnut-oil-making-machine-with-oil-filter.webp\" alt=\"m\u00e1y l\u00e0m d\u1ea7u l\u1ea1c m\u1edbi v\u1edbi b\u1ed9 l\u1ecdc d\u1ea7u\" class=\"wp-image-7109\" srcset=\"https:\/\/taizyagromachine.com\/wp-content\/uploads\/2022\/02\/new-groundnut-oil-making-machine-with-oil-filter.webp 720w, https:\/\/taizyagromachine.com\/wp-content\/uploads\/2022\/02\/new-groundnut-oil-making-machine-with-oil-filter-16x12.webp 16w\" sizes=\"auto, (max-width: 720px) 100vw, 720px\" \/><figcaption class=\"wp-element-caption\">m\u00e1y l\u00e0m d\u1ea7u l\u1ea1c m\u1edbi v\u1edbi b\u1ed9 l\u1ecdc d\u1ea7u<\/figcaption><\/figure>    <figure class=\"wp-block-image size-large\"><img loading=\"lazy\" decoding=\"async\" width=\"720\" height=\"540\" data-id=\"7110\" src=\"https:\/\/taizyagromachine.com\/wp-content\/uploads\/2022\/02\/oil-filtering-drum.webp\" alt=\"th\u00f9ng l\u1ecdc d\u1ea7u\" class=\"wp-image-7110\" srcset=\"https:\/\/taizyagromachine.com\/wp-content\/uploads\/2022\/02\/oil-filtering-drum.webp 720w, https:\/\/taizyagromachine.com\/wp-content\/uploads\/2022\/02\/oil-filtering-drum-16x12.webp 16w\" sizes=\"auto, (max-width: 720px) 100vw, 720px\" \/><figcaption class=\"wp-element-caption\">th\u00f9ng l\u1ecdc d\u1ea7u<\/figcaption><\/figure> <\/figure>    <h2 class=\"wp-block-heading\" id=\"what-materials-is-suitable-for-peanut-oil-press-machine\"><strong>Nguy\u00ean li\u1ec7u th\u00edch h\u1ee3p cho m\u00e1y l\u00e0m d\u1ea7u \u0111\u1eadu ph\u1ed9ng<\/strong><\/h2>    <p>M\u00e1y l\u00e0m d\u1ea7u l\u1ea1c c\u00f4ng nghi\u1ec7p n\u00e0y th\u00edch h\u1ee3p cho:<\/p>    <p class=\"translation-block\"><strong>\u0110\u1eadu n\u00e0nh, l\u1ea1c, h\u1ea1t b\u00f4ng, <a href=\"https:\/\/en.wikipedia.org\/wiki\/Rapeseed\" target=\"_blank\" rel=\"noopener\">c\u1ea3i d\u1ea7u<\/a>, h\u1ea1t h\u01b0\u1edbng d\u01b0\u01a1ng, h\u1ea1t ti\u00eau<\/strong>, v.v.<\/p>    <p>V\u00ec th\u1ebf ng\u01b0\u1eddi ta c\u00f2n g\u1ecdi l\u00e0 m\u00e1y l\u00e0m d\u1ea7u h\u01b0\u1edbng d\u01b0\u01a1ng, m\u00e1y \u00e9p d\u1ea7u h\u1ea1t b\u00f4ng n\u1eefa. Chi ti\u1ebft vui l\u00f2ng li\u00ean h\u1ec7 v\u1edbi ch\u00fang t\u00f4i \u0111\u1ec3 \u0111\u01b0\u1ee3c t\u01b0 v\u1ea5n.<\/p>   <div class=\"wp-block-image\"> <figure class=\"aligncenter size-full\"><img loading=\"lazy\" decoding=\"async\" width=\"720\" height=\"540\" src=\"https:\/\/taizyagromachine.com\/wp-content\/uploads\/2022\/02\/application-of-screw-groudnut-oil-extraction.jpg\" alt=\"\u1ee9ng d\u1ee5ng c\u1ee7a v\u00edt-grootnut-d\u1ea7u-chi\u1ebft xu\u1ea5t\" class=\"wp-image-2135\" srcset=\"https:\/\/taizyagromachine.com\/wp-content\/uploads\/2022\/02\/application-of-screw-groudnut-oil-extraction.jpg 720w, https:\/\/taizyagromachine.com\/wp-content\/uploads\/2022\/02\/application-of-screw-groudnut-oil-extraction-300x225.jpg 300w\" sizes=\"auto, (max-width: 720px) 100vw, 720px\" \/><figcaption class=\"wp-element-caption\">\u1ee9ng d\u1ee5ng chi\u1ebft xu\u1ea5t d\u1ea7u l\u1ea1c tr\u1ee5c v\u00edt<\/figcaption><\/figure> <\/div>   <p>Do h\u00e0m l\u01b0\u1ee3ng d\u1ea7u c\u1ee7a c\u00e1c lo\u1ea1i d\u1ea7u kh\u00e1c nhau, c\u1ed9ng v\u1edbi s\u1ef1 kh\u00e1c bi\u1ec7t v\u1ec1 c\u00f4ng ngh\u1ec7 v\u1eadn h\u00e0nh v\u00e0 ti\u1ec1n x\u1eed l\u00fd d\u1ea7u, d\u1eef li\u1ec7u trong b\u1ea3ng d\u01b0\u1edbi \u0111\u00e2y ch\u1ec9 \u0111\u1ec3 b\u1ea1n tham kh\u1ea3o.<\/p>    <figure class=\"wp-block-table is-style-stripes\"><table><tbody><tr><td>Nguy\u00ean li\u1ec7u th\u00f4<\/td><td>T\u1ef7 l\u1ec7 khai th\u00e1c d\u1ea7u<\/td><td>T\u1ef7 l\u1ec7 d\u1ea7u d\u01b0 trong b\u00e1nh d\u1ea7u<\/td><\/tr><tr><td>m\u00e8<\/td><td>45-55%<\/td><td>6%<\/td><\/tr><tr><td>\u0110\u1eadu ph\u1ed9ng<\/td><td>43-54%<\/td><td>\u22647%<\/td><\/tr><tr><td>h\u1ea1t c\u1ea3i d\u1ea7u<\/td><td>32-44%<\/td><td>\u22647%<\/td><\/tr><tr><td>h\u01b0\u1edbng d\u01b0\u01a1ng<\/td><td>32-43%<\/td><td>\u22647%<\/td><\/tr><tr><td>\u0110\u1eadu n\u00e0nh<\/td><td>12-18%<\/td><td>6%<\/td><\/tr><\/tbody><\/table><figcaption class=\"wp-element-caption\">b\u1ea3ng t\u1ef7 l\u1ec7 s\u1ea3n l\u01b0\u1ee3ng d\u1ea7u<\/figcaption><\/figure>   <div class=\"wp-block-image\"> <figure class=\"aligncenter size-large\"><img loading=\"lazy\" decoding=\"async\" width=\"803\" height=\"450\" src=\"https:\/\/taizyagromachine.com\/wp-content\/uploads\/2022\/02\/high-quality-edible-oil.webp\" alt=\"d\u1ea7u \u0103n ch\u1ea5t l\u01b0\u1ee3ng cao\" class=\"wp-image-7115\" srcset=\"https:\/\/taizyagromachine.com\/wp-content\/uploads\/2022\/02\/high-quality-edible-oil.webp 803w, https:\/\/taizyagromachine.com\/wp-content\/uploads\/2022\/02\/high-quality-edible-oil-18x10.webp 18w\" sizes=\"auto, (max-width: 803px) 100vw, 803px\" \/><figcaption class=\"wp-element-caption\">d\u1ea7u \u0103n ch\u1ea5t l\u01b0\u1ee3ng cao<\/figcaption><\/figure> <\/div>   <h2 class=\"wp-block-heading\"><strong>Thi\u1ebft b\u1ecb ph\u00f9 h\u1ee3p cho m\u00e1y l\u00e0m d\u1ea7u l\u1ea1c<\/strong><\/h2>    <p class=\"translation-block\"><strong>M\u00e1y \u00e9p d\u1ea7u l\u1ea1c k\u00e8m m\u00e1y rang<\/strong><\/p>    <p>M\u00e1y l\u00e0m d\u1ea7u l\u1ea1c n\u00e0y \u00e1p d\u1ee5ng ph\u01b0\u01a1ng ph\u00e1p \u00e9p n\u00f3ng cho \u0111\u1eadu ph\u1ed9ng n\u00ean m\u00e1y rang s\u1ebd \u0111\u01b0\u1ee3c \u00e1p d\u1ee5ng tr\u01b0\u1edbc khi \u0111\u1ebfn m\u00e1y \u00e9p.<\/p>    <figure class=\"wp-block-gallery aligncenter has-nested-images columns-default is-cropped wp-block-gallery-4 is-layout-flex wp-block-gallery-is-layout-flex\"> <figure class=\"wp-block-image size-full\"><img loading=\"lazy\" decoding=\"async\" width=\"720\" height=\"540\" data-id=\"2097\" src=\"https:\/\/taizyagromachine.com\/wp-content\/uploads\/2022\/02\/peanut-oil-extraction-with-the-roaster-machine.jpg\" alt=\"chi\u1ebft xu\u1ea5t d\u1ea7u b\u1eb1ng m\u00e1y rang\" class=\"wp-image-2097\" srcset=\"https:\/\/taizyagromachine.com\/wp-content\/uploads\/2022\/02\/peanut-oil-extraction-with-the-roaster-machine.jpg 720w, https:\/\/taizyagromachine.com\/wp-content\/uploads\/2022\/02\/peanut-oil-extraction-with-the-roaster-machine-300x225.jpg 300w\" sizes=\"auto, (max-width: 720px) 100vw, 720px\" \/><figcaption class=\"wp-element-caption\"> chi\u1ebft xu\u1ea5t d\u1ea7u b\u1eb1ng m\u00e1y rang<\/figcaption><\/figure>    <figure class=\"wp-block-image size-full\"><img loading=\"lazy\" decoding=\"async\" width=\"720\" height=\"540\" data-id=\"7118\" src=\"https:\/\/taizyagromachine.com\/wp-content\/uploads\/2022\/02\/roaster-machine.webp\" alt=\"m\u00e1y rang xay\" class=\"wp-image-7118\" srcset=\"https:\/\/taizyagromachine.com\/wp-content\/uploads\/2022\/02\/roaster-machine.webp 720w, https:\/\/taizyagromachine.com\/wp-content\/uploads\/2022\/02\/roaster-machine-16x12.webp 16w\" sizes=\"auto, (max-width: 720px) 100vw, 720px\" \/><figcaption class=\"wp-element-caption\">m\u00e1y rang xay<\/figcaption><\/figure> <\/figure>    <p>N\u1ebfu b\u1ea1n mu\u1ed1n t\u00ecm hi\u1ec3u th\u00eam v\u1ec1 lo\u1ea1i m\u00e1y \u00e9p d\u1ea7u n\u00e0y, h\u00e3y li\u00ean h\u1ec7 v\u1edbi ch\u00fang t\u00f4i b\u1ea5t c\u1ee9 l\u00fac n\u00e0o! Ch\u00fang t\u00f4i s\u1ebd cung c\u1ea5p gi\u1ea3i ph\u00e1p ph\u00f9 h\u1ee3p nh\u1ea5t \u0111\u1ec3 mang l\u1ea1i l\u1ee3i \u00edch cho ho\u1ea1t \u0111\u1ed9ng kinh doanh d\u1ea7u m\u1ecf c\u1ee7a b\u1ea1n!<\/p>","protected":false},"excerpt":{"rendered":"<p>M\u00e1y l\u00e0m d\u1ea7u l\u1ea1c taizy\u00a0chuy\u00ean chi\u1ebft xu\u1ea5t d\u1ea7u, m\u1ee1 t\u1eeb \u0111\u1eadu ph\u1ed9ng b\u1eb1ng ph\u01b0\u01a1ng ph\u00e1p \u00e9p tr\u1ee5c v\u00edt v\u00e0 \u00e9p n\u00f3ng. S\u1ea3n l\u01b0\u1ee3ng c\u1ee7a n\u00f3 l\u00e0 40-600kg \/ h.<\/p>","protected":false},"author":1,"featured_media":2156,"parent":0,"template":"","tags":[163,166,158,159,161,157,165,167,162,164],"product-type":[21],"class_list":["post-2092","product","type-product","status-publish","has-post-thumbnail","hentry","tag-groundnut-oil-making-machine","tag-groundnut-oil-rxtraction","tag-oil-expeller","tag-oil-extraction-machine","tag-oil-press","tag-oil-press-machine","tag-oil-pressing-machine","tag-peanut-oil-extraction","tag-peanut-oil-making-machine","tag-sunflower-oil-making-machine","product-type-peanut-machine"],"_links":{"self":[{"href":"https:\/\/taizyagromachine.com\/vi\/wp-json\/wp\/v2\/product\/2092","targetHints":{"allow":["GET"]}}],"collection":[{"href":"https:\/\/taizyagromachine.com\/vi\/wp-json\/wp\/v2\/product"}],"about":[{"href":"https:\/\/taizyagromachine.com\/vi\/wp-json\/wp\/v2\/types\/product"}],"author":[{"embeddable":true,"href":"https:\/\/taizyagromachine.com\/vi\/wp-json\/wp\/v2\/users\/1"}],"wp:featuredmedia":[{"embeddable":true,"href":"https:\/\/taizyagromachine.com\/vi\/wp-json\/wp\/v2\/media\/2156"}],"wp:attachment":[{"href":"https:\/\/taizyagromachine.com\/vi\/wp-json\/wp\/v2\/media?parent=2092"}],"wp:term":[{"taxonomy":"post_tag","embeddable":true,"href":"https:\/\/taizyagromachine.com\/vi\/wp-json\/wp\/v2\/tags?post=2092"},{"taxonomy":"product-type","embeddable":true,"href":"https:\/\/taizyagromachine.com\/vi\/wp-json\/wp\/v2\/product-type?post=2092"}],"curies":[{"name":"wp","href":"https:\/\/api.w.org\/{rel}","templated":true}]}}