{"id":2333,"date":"2022-03-31T01:53:37","date_gmt":"2022-03-31T01:53:37","guid":{"rendered":"https:\/\/taizyagromachine.com\/?post_type=product&#038;p=2333"},"modified":"2022-11-16T10:28:06","modified_gmt":"2022-11-16T02:28:06","slug":"hand-corn-planter-walk-behind-corn-planter-1-row-corn-planter","status":"publish","type":"product","link":"https:\/\/taizyagromachine.com\/vi\/product\/hand-corn-planter-walk-behind-corn-planter-1-row-corn-planter\/","title":{"rendered":"M\u00e1y tr\u1ed3ng ng\u00f4 c\u1ea7m tay | \u0110i Ph\u00eda Sau Ng\u01b0\u1eddi Tr\u1ed3ng Ng\u00f4 | M\u00e1y tr\u1ed3ng ng\u00f4 1 h\u00e0ng"},"content":{"rendered":"<p class=\"translation-block\">Ng\u00f4 l\u00e0 m\u1ed9t trong nh\u1eefng c\u00e2y tr\u1ed3ng quan tr\u1ecdng nh\u1ea5t tr\u00ean th\u1ebf gi\u1edbi. Do \u0111\u00f3, t\u1eeb \u0111\u1ea7u v\u1ee5 tr\u1ed3ng \u0111\u1ebfn thu ho\u1ea1ch, n\u00f3 kh\u00f4ng th\u1ec3 t\u00e1ch r\u1eddi v\u1edbi c\u00e1c lo\u1ea1i m\u00e1y m\u00f3c tr\u1ed3ng ng\u00f4 li\u00ean quan. M\u00e1y gieo h\u1ea1t ng\u00f4 b\u1eb1ng tay s\u1ebd \u0111\u01b0\u1ee3c gi\u1edbi thi\u1ec7u h\u00f4m nay \u0111\u01b0\u1ee3c thi\u1ebft k\u1ebf \u0111\u1eb7c bi\u1ec7t \u0111\u1ec3 gieo ng\u00f4. T\u1ea5t nhi\u00ean, n\u00f3 c\u0169ng c\u00f3 th\u1ec3 gieo l\u00faa m\u00ec, \u0111\u1eadu ph\u1ed9ng, \u0111\u1eadu, l\u00faa mi\u1ebfn, c\u1ea3i d\u1ea7u, b\u00f4ng, v.v. M\u00e1y gieo h\u1ea1t ng\u00f4 b\u1eb1ng tay n\u00e0y ph\u00f9 h\u1ee3p \u0111\u1ec3 gieo h\u1ea1t tr\u00ean \u0111\u1ed3i, n\u00fai, v.v. M\u00e1y gieo h\u1ea1t h\u00e0ng c\u1ee7a ch\u00fang t\u00f4i r\u1ea5t ph\u1ed5 bi\u1ebfn \u1edf Nigeria, Kenya v\u00e0 c\u00e1c khu v\u1ef1c kh\u00e1c. Ch\u00e0o m\u1eebng b\u1ea1n \u0111\u1ebfn tham kh\u1ea3o b\u1ea5t c\u1ee9 l\u00fac n\u00e0o.<\/p>    <h2 class=\"wp-block-heading\" id=\"h-type-one-walk-behind-corn-planter\"><strong>Lo\u1ea1i m\u1ed9t: \u0110i ph\u00eda sau ng\u01b0\u1eddi tr\u1ed3ng ng\u00f4<\/strong><\/h2>    <p class=\"translation-block\">Lo\u1ea1i m\u00e1y gieo ng\u00f4 b\u1eb1ng tay n\u00e0y c\u00f3 c\u1ea5u tr\u00fac r\u1ea5t \u0111\u01a1n gi\u1ea3n v\u00e0 v\u1eadn h\u00e0nh d\u1ec5 d\u00e0ng. Tr\u00ean th\u1ef1c t\u1ebf, <a href=\"https:\/\/cornmachines.com\/manual-seed-planter\/\" target=\"_blank\" rel=\"noreferrer noopener\">m\u00e1y gieo h\u1ea1t m\u1ed9t h\u00e0ng n\u00e0y<\/a> c\u1ea7n hai ng\u01b0\u1eddi l\u00e0m vi\u1ec7c c\u00f9ng nhau. M\u1ed9t ng\u01b0\u1eddi k\u00e9o d\u00e2y v\u00e0 di chuy\u1ec3n v\u1ec1 ph\u00eda tr\u01b0\u1edbc, ng\u01b0\u1eddi c\u00f2n l\u1ea1i c\u1ea7m m\u00e1y gieo ng\u00f4 \u0111\u1ec3 di chuy\u1ec3n. T\u1eeb c\u1ea5u tr\u00fac c\u1ee7a n\u00f3, ch\u00fang ta c\u00f3 th\u1ec3 bi\u1ebft r\u00f5 r\u1eb1ng m\u00e1y gieo ng\u00f4 b\u1eb1ng tay c\u00f3 th\u1ec3 b\u00f3n ph\u00e2n v\u00e0 gieo h\u1ea1t, nh\u01b0ng kh\u00f4ng th\u1ec3 l\u00e0m c\u00f9ng m\u1ed9t l\u00fac. M\u00e1y gieo ng\u00f4 nh\u1ecf n\u00e0y kh\u00f4ng s\u1eed d\u1ee5ng b\u1ea5t k\u1ef3 n\u0103ng l\u01b0\u1ee3ng n\u00e0o, ch\u1ec9 c\u1ea7n s\u1ee9c lao \u0111\u1ed9ng. Do \u0111\u00f3, n\u00f3 \u0111\u1eb7c bi\u1ec7t th\u00edch h\u1ee3p cho c\u00e1c d\u1ef1 \u00e1n vi\u1ec7n tr\u1ee3 \u1edf m\u1ed9t s\u1ed1 qu\u1ed1c gia, mang l\u1ea1i s\u1ef1 ti\u1ec7n l\u1ee3i cho ng\u01b0\u1eddi d\u00e2n \u1edf c\u00e1c khu v\u1ef1c ngh\u00e8o.<\/p>   <div class=\"wp-block-image\"> <figure class=\"aligncenter size-full\"><img loading=\"lazy\" decoding=\"async\" width=\"720\" height=\"540\" src=\"https:\/\/taizyagromachine.com\/wp-content\/uploads\/2022\/03\/walk-behind-corn-planter.jpg\" alt=\"\u0111i b\u1ed9 ph\u00eda sau ng\u01b0\u1eddi tr\u1ed3ng ng\u00f4\" class=\"wp-image-2369\" srcset=\"https:\/\/taizyagromachine.com\/wp-content\/uploads\/2022\/03\/walk-behind-corn-planter.jpg 720w, https:\/\/taizyagromachine.com\/wp-content\/uploads\/2022\/03\/walk-behind-corn-planter-300x225.jpg 300w\" sizes=\"auto, (max-width: 720px) 100vw, 720px\" \/><figcaption class=\"wp-element-caption\">\u0111i b\u1ed9 ph\u00eda sau ng\u01b0\u1eddi tr\u1ed3ng ng\u00f4<\/figcaption><\/figure> <\/div>   <h3 class=\"wp-block-heading\"><strong>Video ho\u1ea1t \u0111\u1ed9ng c\u1ee7a m\u00e1y tr\u1ed3ng ng\u00f4 c\u1ea7m tay \u0111\u1ec3 b\u00e1n<\/strong><\/h3>    <figure class=\"wp-block-embed aligncenter is-type-video is-provider-youtube wp-block-embed-youtube wp-embed-aspect-16-9 wp-has-aspect-ratio\"><div class=\"wp-block-embed__wrapper\"> <iframe loading=\"lazy\" title=\"M\u00e1y gieo h\u1ea1t ng\u00f4 b\u1eb1ng tay m\u00e1y gieo h\u1ea1t ng\u00f4 v\u1eadn h\u00e0nh b\u1eb1ng tay \u0111\u1eadu ph\u1ed9ng l\u00faa m\u00ec \u0111\u1eadu l\u00faa mi\u1ebfn tr\u1ed3ng c\u00e2y hi\u1ebfp d\u00e2m\" width=\"500\" height=\"281\" src=\"https:\/\/www.youtube.com\/embed\/1PT06n0p09I?feature=oembed\" frameborder=\"0\" allow=\"accelerometer; autoplay; clipboard-write; encrypted-media; gyroscope; picture-in-picture; web-share\" referrerpolicy=\"strict-origin-when-cross-origin\" allowfullscreen><\/iframe> <\/div><\/figure>    <h3 class=\"wp-block-heading\"><strong>Th\u00f4ng s\u1ed1 k\u1ef9 thu\u1eadt<\/strong><\/h3>    <figure class=\"wp-block-table\"><table><tbody><tr><td>Ng\u01b0\u1eddi m\u1eabu<\/td><td>TZY-100<\/td><\/tr><tr><td>Dung t\u00edch<\/td><td>0,5 m\u1eabu Anh \/ gi\u1edd<\/td><\/tr><tr><td>K\u00edch c\u1ee1<\/td><td>1370*420*900mm<\/td><\/tr><tr><td>C\u00e2n n\u1eb7ng<\/td><td>12kg<\/td><\/tr><\/tbody><\/table><\/figure>    <h2 class=\"wp-block-heading\"><strong>Lo\u1ea1i 2: M\u00e1y tr\u1ed3ng ng\u00f4 1 h\u00e0ng d\u00f9ng \u0111\u1ed9ng c\u01a1 x\u0103ng<\/strong><\/h2>    <p>M\u00e1y tr\u1ed3ng ng\u00f4 th\u1ee7 c\u00f4ng n\u00e0y l\u00e0 b\u1ea3n n\u00e2ng c\u1ea5p d\u1ef1a tr\u00ean m\u00e1y gieo h\u1ea1t ki\u1ec3u c\u0169, \u0111\u01b0\u1ee3c trang b\u1ecb \u0111\u1ed9ng c\u01a1 x\u0103ng. M\u00e1y tr\u1ed3ng ng\u00f4 th\u1ee7 c\u00f4ng n\u00e0y c\u00f3 th\u1ec3 \u0111\u01b0\u1ee3c m\u1ed9t ng\u01b0\u1eddi gieo h\u1ea1t v\u00e0 s\u1eed d\u1ee5ng \u0111\u1ed9ng c\u01a1 x\u0103ng, gi\u00fap ti\u1ebft ki\u1ec7m \u0111\u00e1ng k\u1ec3 nh\u00e2n l\u1ef1c v\u00e0 n\u00e2ng cao hi\u1ec7u qu\u1ea3. <\/p>   <div class=\"wp-block-image\"> <figure class=\"aligncenter size-full\"><img loading=\"lazy\" decoding=\"async\" width=\"720\" height=\"540\" src=\"https:\/\/taizyagromachine.com\/wp-content\/uploads\/2022\/03\/gasoline-engine-equipped-walk-behind-planter.jpg\" alt=\"m\u00e1y tr\u1ed3ng ng\u00f4 c\u1ea7m tay ch\u1ea1y x\u0103ng\" class=\"wp-image-2371\" srcset=\"https:\/\/taizyagromachine.com\/wp-content\/uploads\/2022\/03\/gasoline-engine-equipped-walk-behind-planter.jpg 720w, https:\/\/taizyagromachine.com\/wp-content\/uploads\/2022\/03\/gasoline-engine-equipped-walk-behind-planter-300x225.jpg 300w\" sizes=\"auto, (max-width: 720px) 100vw, 720px\" \/><figcaption class=\"wp-element-caption\">m\u00e1y tr\u1ed3ng ng\u00f4 c\u1ea7m tay ch\u1ea1y x\u0103ng<\/figcaption><\/figure> <\/div>   <p>So v\u1edbi m\u00e1y lo\u1ea1i m\u1ed9t, ngo\u1ea1i tr\u1eeb m\u00e1y x\u0103ng, c\u00f2n l\u1ea1i v\u1ec1 c\u01a1 b\u1ea3n l\u00e0 gi\u1ed1ng nhau. N\u1ebfu b\u1ea1n c\u00f3 b\u1ea5t k\u1ef3 c\u00e2u h\u1ecfi n\u00e0o, b\u1ea1n c\u00f3 th\u1ec3 li\u00ean h\u1ec7 v\u1edbi ch\u00fang t\u00f4i b\u1ea5t c\u1ee9 l\u00fac n\u00e0o.<\/p>    <h3 class=\"wp-block-heading\"><strong>\u0110\u01b0\u1ee3c trang b\u1ecb \u0111\u1ed9ng c\u01a1 x\u0103ng<\/strong><\/h3>    <p>Trong nh\u00e0 m\u00e1y c\u1ee7a ch\u00fang t\u00f4i c\u00f3 hai lo\u1ea1i \u0111\u1ed9ng c\u01a1 x\u0103ng. M\u1ed9t chi\u1ebfc l\u00e0 \u0111\u1ed9ng c\u01a1 x\u0103ng 170F, chi\u1ebfc c\u00f2n l\u1ea1i l\u00e0 \u0111\u1ed9ng c\u01a1 x\u0103ng 152F. H\u00ecnh d\u1ea1ng c\u1ee5 th\u1ec3 c\u1ee7a m\u00e1y \u0111\u01b0\u1ee3c th\u1ec3 hi\u1ec7n \u1edf h\u00ecnh b\u00ean d\u01b0\u1edbi.<\/p>   <div class=\"wp-block-image\"> <figure class=\"aligncenter size-full\"><img loading=\"lazy\" decoding=\"async\" width=\"720\" height=\"540\" src=\"https:\/\/taizyagromachine.com\/wp-content\/uploads\/2022\/03\/1-row-corn-planter-with-the-gasoline-engine.jpg\" alt=\"\u0111i b\u1ed9 ph\u00eda sau ch\u1eadu tr\u1ed3ng c\u00e2y b\u1eb1ng \u0111\u1ed9ng c\u01a1 x\u0103ng\" class=\"wp-image-2373\" srcset=\"https:\/\/taizyagromachine.com\/wp-content\/uploads\/2022\/03\/1-row-corn-planter-with-the-gasoline-engine.jpg 720w, https:\/\/taizyagromachine.com\/wp-content\/uploads\/2022\/03\/1-row-corn-planter-with-the-gasoline-engine-300x225.jpg 300w\" sizes=\"auto, (max-width: 720px) 100vw, 720px\" \/><figcaption class=\"wp-element-caption\">hai \u0111\u1ed9ng c\u01a1 x\u0103ng kh\u00e1c nhau<\/figcaption><\/figure> <\/div>   <h2 class=\"wp-block-heading\"><strong>Lo\u1ea1i ba: M\u00e1y tr\u1ed3ng ng\u00f4 c\u1ea7m tay m\u1ed9t h\u00e0ng<\/strong><\/h2>    <p>M\u00e1y tr\u1ed3ng ng\u00f4 c\u1ea7m tay c\u00f3 m\u1ecf v\u1ecbt, c\u00f3 th\u1ec3 s\u1eed d\u1ee5ng cho c\u00e1c lo\u1ea1i c\u00e2y tr\u1ed3ng t\u01b0\u01a1ng \u1ee9ng b\u1eb1ng c\u00e1ch thay \u0111\u1ed5i b\u00e1nh xe gieo h\u1ea1t. C\u00f3 t\u1ed5ng c\u1ed9ng 8 lo\u1ea1i b\u00e1nh xe h\u1ea1t gi\u1ed1ng. Ngo\u00e0i ra, s\u1ed1 l\u01b0\u1ee3ng m\u1ecf v\u1ecbt quy\u1ebft \u0111\u1ecbnh kho\u1ea3ng c\u00e1ch gi\u1eefa c\u00e1c c\u00e2y. C\u00e0ng nhi\u1ec1u m\u1ecf v\u1ecbt th\u00ec kho\u1ea3ng c\u00e1ch gi\u1eefa c\u00e1c c\u00e2y c\u00e0ng nh\u1ecf. V\u00e0 c\u00f3 nhi\u1ec1u nh\u1ea5t l\u00e0 12 t\u1edd ti\u1ec1n v\u1ecbt. \u0110\u1ed9 s\u00e2u gieo c\u1ee7a n\u00f3 l\u00e0 3,5-7,8 cm. Ch\u00fang t\u00f4i \u0111\u00e3 xu\u1ea5t kh\u1ea9u m\u1ed9t t\u1ee7 nh\u1ecf c\u1ee7a m\u00e1y n\u00e0y sang Zambia.<\/p>   <div class=\"wp-block-image\"> <figure class=\"aligncenter size-large\"><img loading=\"lazy\" decoding=\"async\" width=\"1024\" height=\"384\" src=\"https:\/\/taizyagromachine.com\/wp-content\/uploads\/2022\/03\/different-colors-of-1-row-hand-corn-planter-1024x384.jpg\" alt=\"nhi\u1ec1u m\u00e0u s\u1eafc kh\u00e1c nhau c\u1ee7a m\u00e1y tr\u1ed3ng ng\u00f4 1 h\u00e0ng b\u1eb1ng tay\" class=\"wp-image-2376\" srcset=\"https:\/\/taizyagromachine.com\/wp-content\/uploads\/2022\/03\/different-colors-of-1-row-hand-corn-planter-1024x384.jpg 1024w, https:\/\/taizyagromachine.com\/wp-content\/uploads\/2022\/03\/different-colors-of-1-row-hand-corn-planter-300x113.jpg 300w, https:\/\/taizyagromachine.com\/wp-content\/uploads\/2022\/03\/different-colors-of-1-row-hand-corn-planter-768x288.jpg 768w, https:\/\/taizyagromachine.com\/wp-content\/uploads\/2022\/03\/different-colors-of-1-row-hand-corn-planter.jpg 1440w\" sizes=\"auto, (max-width: 1024px) 100vw, 1024px\" \/><figcaption class=\"wp-element-caption\">nhi\u1ec1u m\u00e0u s\u1eafc kh\u00e1c nhau c\u1ee7a m\u00e1y tr\u1ed3ng ng\u00f4 1 h\u00e0ng b\u1eb1ng tay<\/figcaption><\/figure> <\/div>   <h3 class=\"wp-block-heading\"><strong>C\u1ea5u tr\u00fac c\u1ee7a m\u00e1y tr\u1ed3ng h\u00e0ng ng\u00f4<\/strong><\/h3>    <p>Th\u1ef1c ra c\u00f3 t\u1ef1a tay \u0111\u1ec3 \u0111\u1ea9y v\u1ec1 ph\u00eda tr\u01b0\u1edbc. H\u1ed9p gieo h\u1ea1t d\u00f9ng \u0111\u1ec3 \u0111\u1ef1ng h\u1ea1t gi\u1ed1ng r\u1ed3i gieo qua m\u1ecf v\u1ecbt. B\u00e1nh xe d\u00f9ng \u0111\u1ec3 che \u0111\u1ea5t. Ngo\u00e0i ra, ch\u00fang t\u00f4i c\u00f2n c\u00f3 nhi\u1ec1u m\u00e0u s\u1eafc kh\u00e1c nhau cho chi\u1ebfc m\u00e1y tr\u1ed3ng ng\u00f4 c\u1ea7m tay n\u00e0y. B\u1ea1n c\u00f3 th\u1ec3 ch\u1ecdn nh\u1eefng g\u00ec b\u1ea1n th\u00edch.<\/p>   <div class=\"wp-block-image\"> <figure class=\"aligncenter size-full\"><img loading=\"lazy\" decoding=\"async\" width=\"720\" height=\"540\" src=\"https:\/\/taizyagromachine.com\/wp-content\/uploads\/2022\/03\/structure-of-hand-pushed-corn-seeder.jpg\" alt=\"C\u1ea5u t\u1ea1o c\u1ee7a m\u00e1y gieo h\u1ea1t ng\u00f4 \u0111\u1ea9y tay\" class=\"wp-image-2379\" srcset=\"https:\/\/taizyagromachine.com\/wp-content\/uploads\/2022\/03\/structure-of-hand-pushed-corn-seeder.jpg 720w, https:\/\/taizyagromachine.com\/wp-content\/uploads\/2022\/03\/structure-of-hand-pushed-corn-seeder-300x225.jpg 300w\" sizes=\"auto, (max-width: 720px) 100vw, 720px\" \/><figcaption class=\"wp-element-caption\">C\u1ea5u t\u1ea1o c\u1ee7a m\u00e1y gieo h\u1ea1t ng\u00f4 \u0111\u1ea9y tay<\/figcaption><\/figure> <\/div>   <h3 class=\"wp-block-heading\"><strong>Th\u00f4ng s\u1ed1 k\u1ef9 thu\u1eadt<\/strong><\/h3>    <figure class=\"wp-block-table\"><table><tbody><tr><td>\u0110\u1ed9 s\u00e2u gieo h\u1ea1t<\/td><td>3,5-7,8cm<\/td><\/tr><tr><td>S\u1ed1 l\u01b0\u1ee3ng gieo h\u1ea1t<\/td><td>1-3 chi\u1ebfc, c\u00f3 th\u1ec3 \u0111i\u1ec1u ch\u1ec9nh<\/td><\/tr><tr><td>m\u1ecf v\u1ecbt<\/td><td>T\u1ed1i \u0111a. 12 chi\u1ebfc<\/td><\/tr><tr><td>C\u00e2n n\u1eb7ng<\/td><td>11 kg<\/td><\/tr><tr><td>K\u00edch th\u01b0\u1edbc \u0111\u00f3ng g\u00f3i<\/td><td>58*58*25\u00a0mm<\/td><\/tr><\/tbody><\/table><\/figure>    <h2 class=\"wp-block-heading\" id=\"h-highlights-of-single-row-walk-behind-corn-planter\"><strong>\u0110i\u1ec3m n\u1ed5i b\u1eadt c\u1ee7a M\u00e1y tr\u1ed3ng ng\u00f4 \u0111i b\u1ed9 h\u00e0ng \u0111\u01a1n<\/strong> <\/h2>    <ol class=\"wp-block-list\"> <li>Ho\u1ea1t \u0111\u1ed9ng d\u1ec5 d\u00e0ng, c\u1ea5u tr\u00fac \u0111\u01a1n gi\u1ea3n, ch\u1ea5t l\u01b0\u1ee3ng t\u1ed1t.<\/li>    <li>Nh\u1eb9, d\u1ec5 di chuy\u1ec3n.<\/li>    <li>Ph\u00f9 h\u1ee3p v\u1edbi v\u00f9ng \u0111\u1ed3i, n\u00fai.<\/li>    <li>Thu\u1eadn ti\u1ec7n \u0111\u1ec3 gieo tr\u1ed3ng nhi\u1ec1u lo\u1ea1i c\u00e2y tr\u1ed3ng kh\u00e1c nhau nh\u01b0 l\u00faa m\u00ec, b\u00f4ng, l\u00faa mi\u1ebfn, l\u00faa m\u00ec, \u0111\u1eadu, ng\u00f4, h\u1ea1t c\u1ea3i d\u1ea7u, v.v.<\/li>    <li>B\u1ea3o v\u1ec7 m\u00f4i tr\u01b0\u1eddng. V\u1eadn h\u00e0nh b\u1eb1ng tay, th\u00e2n thi\u1ec7n v\u1edbi m\u00f4i tr\u01b0\u1eddng.<\/li> <\/ol>    <h2 class=\"wp-block-heading\" id=\"h-why-choose-taizy-as-top-choice\"><strong>T\u1ea1i sao ch\u1ecdn Taizy l\u00e0 l\u1ef1a ch\u1ecdn h\u00e0ng \u0111\u1ea7u?<\/strong><\/h2>    <p class=\"translation-block\"><strong>Ch\u1ee9ng nh\u1eadn ISO<\/strong>. M\u00e1y gieo ng\u00f4 b\u1eb1ng tay c\u1ee7a ch\u00fang t\u00f4i c\u00f3 ch\u1ee9ng nh\u1eadn ISO, tu\u00e2n th\u1ee7 c\u00e1c quy \u0111\u1ecbnh v\u00e0 lu\u1eadt l\u1ec7 li\u00ean quan. Do \u0111\u00f3, m\u00e1y m\u00f3c c\u00f3 ch\u1ea5t l\u01b0\u1ee3ng t\u1ed1t v\u00e0 \u0111\u1ea1t ti\u00eau chu\u1ea9n qu\u1ed1c gia. <\/p>    <p class=\"translation-block\"><strong>Kinh nghi\u1ec7m phong ph\u00fa v\u1ec1 xu\u1ea5t kh\u1ea9u<\/strong>. Ch\u00fang t\u00f4i \u0111\u00e3 xu\u1ea5t kh\u1ea9u c\u00e1c lo\u1ea1i m\u00e1y n\u00f4ng nghi\u1ec7p kh\u00e1c nhau c\u1ee7a m\u00ecnh, nh\u01b0 m\u00e1y thu ho\u1ea1ch ng\u00f4, <a href=\"https:\/\/taizyagromachine.com\/vi\/product\/maize-thresher\/\" target=\"_blank\" rel=\"noreferrer noopener\">m\u00e1y \u0111\u1eadp ng\u00f4<\/a> \u0111\u1ebfn nhi\u1ec1u qu\u1ed1c gia v\u00e0 khu v\u1ef1c. Nh\u01b0 Zambia, Ch\u00e2u Phi, Nam M\u1ef9, Nigeria, Peru, v.v. Do \u0111\u00f3, v\u1ec1 xu\u1ea5t kh\u1ea9u, ch\u00fang t\u00f4i c\u00f3 nhi\u1ec1u kinh nghi\u1ec7m. <\/p>    <p class=\"translation-block\"><strong>D\u1ecbch v\u1ee5 h\u1eadu m\u00e3i chu \u0111\u00e1o.<\/strong> Sau khi nh\u1eadn m\u00e1y, ch\u00fang t\u00f4i v\u1eabn theo d\u00f5i t\u00ecnh h\u00ecnh c\u1ee7a kh\u00e1ch h\u00e0ng. H\u01a1n n\u1eefa, ch\u00fang t\u00f4i cung c\u1ea5p d\u1ecbch v\u1ee5 tr\u1ef1c tuy\u1ebfn 24\/7 \u0111\u1ec3 tr\u1ea3 l\u1eddi m\u1ecdi th\u1eafc m\u1eafc c\u1ee7a kh\u00e1ch h\u00e0ng. \u0111\u00e3 nh\u1eadn m\u00e1y, ch\u00fang t\u00f4i v\u1eabn theo d\u00f5i t\u00ecnh h\u00ecnh c\u1ee7a kh\u00e1ch h\u00e0ng. H\u01a1n n\u1eefa, ch\u00fang t\u00f4i cung c\u1ea5p d\u1ecbch v\u1ee5 tr\u1ef1c tuy\u1ebfn 24\/7 \u0111\u1ec3 tr\u1ea3 l\u1eddi m\u1ecdi th\u1eafc m\u1eafc c\u1ee7a kh\u00e1ch h\u00e0ng. <\/p>   <div class=\"wp-block-image\"> <figure class=\"aligncenter size-full\"><img loading=\"lazy\" decoding=\"async\" width=\"720\" height=\"540\" src=\"https:\/\/taizyagromachine.com\/wp-content\/uploads\/2022\/03\/professional-team.jpg\" alt=\"\u0111\u1ed9i ng\u0169 chuy\u00ean nghi\u1ec7p\" class=\"wp-image-2304\" srcset=\"https:\/\/taizyagromachine.com\/wp-content\/uploads\/2022\/03\/professional-team.jpg 720w, https:\/\/taizyagromachine.com\/wp-content\/uploads\/2022\/03\/professional-team-300x225.jpg 300w\" sizes=\"auto, (max-width: 720px) 100vw, 720px\" \/><figcaption class=\"wp-element-caption\">\u0111\u1ed9i ng\u0169 chuy\u00ean nghi\u1ec7p<\/figcaption><\/figure> <\/div>   <h2 class=\"wp-block-heading\"><strong>Tr\u01b0\u1eddng h\u1ee3p th\u00e0nh c\u00f4ng: M\u00e1y tr\u1ed3ng ng\u00f4 v\u1eadn h\u00e0nh b\u1eb1ng tay \u0111\u01b0\u1ee3c xu\u1ea5t kh\u1ea9u sang Peru<\/strong><\/h2>    <p>Ch\u00fang t\u00f4i \u0111\u00e3 nh\u1eadn \u0111\u01b0\u1ee3c nh\u1eadn x\u00e9t t\u1eeb trang web google c\u1ee7a ch\u00fang t\u00f4i. Kh\u00e1ch h\u00e0ng Peru c\u1ee7a ch\u00fang t\u00f4i cho bi\u1ebft \u00f4ng mu\u1ed1n c\u00f3 20 chi\u1ebfc m\u00e1y gieo h\u1ea1t ng\u00f4 1 h\u00e0ng ch\u1ea1y \u0111\u1ed9ng c\u01a1 x\u0103ng. V\u00ec l\u00e0 ch\u1ee7 trang tr\u1ea1i l\u1edbn n\u00ean anh \u1ea5y mu\u1ed1n mua \u0111\u1ec3 ph\u1ee5c v\u1ee5 s\u1ee9c lao \u0111\u1ed9ng c\u1ee7a m\u00ecnh. Gi\u00e1m \u0111\u1ed1c b\u00e1n h\u00e0ng Coco c\u1ee7a ch\u00fang t\u00f4i \u0111\u00e3 cung c\u1ea5p d\u1ecbch v\u1ee5 cho anh \u1ea5y. Kh\u00e1ch h\u00e0ng Peru \u0111\u00e3 \u0111\u1eb7t mua 20 chi\u1ebfc m\u1ed9t l\u1ea7n v\u00e0 lo l\u1eafng v\u1ec1 th\u1eddi gian giao h\u00e0ng. Coco gi\u1ea3i th\u00edch v\u1edbi anh \u1ea5y r\u1eb1ng nh\u00e0 m\u00e1y c\u1ee7a ch\u00fang t\u00f4i s\u1ebd s\u1ea3n xu\u1ea5t m\u00e1y \u0111\u00fang th\u1eddi h\u1ea1n v\u00e0 l\u1eadp k\u1ebf ho\u1ea1ch ti\u1ebfn \u0111\u1ed9 cho anh \u1ea5y. H\u01a1n n\u1eefa, Coco s\u1ebd g\u1eedi ti\u1ebfn \u0111\u1ed9 cho anh \u1ea5y. Sau khi \u0111\u1ecdc xong, kh\u00e1ch h\u00e0ng Peru c\u1ea3m th\u1ea5y y\u00ean t\u00e2m v\u00e0 k\u00fd h\u1ee3p \u0111\u1ed3ng v\u00e0 thanh to\u00e1n \u0111\u1ea7y \u0111\u1ee7 m\u1ed9t c\u00e1ch nhanh ch\u00f3ng.<\/p>    <h2 class=\"wp-block-heading\"><strong>C\u00e2u h\u1ecfi th\u01b0\u1eddng g\u1eb7p v\u1ec1 m\u00e1y tr\u1ed3ng ng\u00f4 c\u1ea7m tay<\/strong><\/h2>   <div id=\"rank-math-faq\" class=\"rank-math-block\"> <div class=\"rank-math-list\"> <div id=\"faq-question-1668565608199\" class=\"rank-math-list-item\"> <h3 class=\"rank-math-question\"><strong>H\u1ecfi: N\u00ean \u0111\u1eb7t bao nhi\u00eau s\u1ea3n ph\u1ea9m m\u1ed9t l\u1ea7n?<\/strong><\/h3> <div class=\"rank-math-answer\">  <p>A: \u0110\u01a1n h\u00e0ng t\u1ed1i thi\u1ec3u l\u00e0 20 chi\u1ebfc.<\/p>  <\/div> <\/div> <div id=\"faq-question-1668565613558\" class=\"rank-math-list-item\"> <h3 class=\"rank-math-question\"><strong>H\u1ecfi: M\u00e1y tr\u1ed3ng c\u00e2y n\u00e0y c\u00f3 th\u1ec3 tr\u1ed3ng \u0111\u01b0\u1ee3c nh\u1eefng lo\u1ea1i c\u00e2y tr\u1ed3ng n\u00e0o?<\/strong><\/h3> <div class=\"rank-math-answer\">  <p>A: C\u00f3 nhi\u1ec1u lo\u1ea1i c\u00e2y tr\u1ed3ng. V\u00ed d\u1ee5: l\u00faa m\u00ec, b\u00f4ng, l\u00faa mi\u1ebfn, \u0111\u1eadu ph\u1ed9ng, \u0111\u1eadu, h\u1ea1t c\u1ea3i d\u1ea7u, v.v.<\/p>  <\/div> <\/div> <div id=\"faq-question-1668565623984\" class=\"rank-math-list-item\"> <h3 class=\"rank-math-question\"><strong>Q: L\u00e0m th\u1ebf n\u00e0o \u0111\u1ec3 b\u1ea1n \u0111\u1ea3m b\u1ea3o s\u1ea3n xu\u1ea5t n\u1ebfu \u0111\u1eb7t h\u00e0ng 100 chi\u1ebfc m\u1ed9t l\u1ea7n?<\/strong><\/h3> <div class=\"rank-math-answer\">  <p>A: Ch\u00fang t\u00f4i l\u00e0 m\u1ed9t c\u00f4ng ty s\u1ea3n xu\u1ea5t v\u00e0 th\u01b0\u01a1ng m\u1ea1i t\u00edch h\u1ee3p. Do \u0111\u00f3, ch\u00fang t\u00f4i c\u00f3 s\u1ee9c m\u1ea1nh l\u1edbn \u0111\u1ec3 s\u1ea3n xu\u1ea5t h\u00e0ng h\u00f3a b\u1ea1n y\u00eau c\u1ea7u \u0111\u00fang h\u1ea1n. Ngo\u00e0i ra, ch\u00fang t\u00f4i s\u1ebd l\u1eadp k\u1ebf ho\u1ea1ch ti\u1ebfn \u0111\u1ed9 \u0111\u1ec3 \u0111\u1ea3m b\u1ea3o quy\u1ec1n l\u1ee3i c\u1ee7a b\u1ea1n.<\/p>  <\/div> <\/div> <div id=\"faq-question-1668565639991\" class=\"rank-math-list-item\"> <h3 class=\"rank-math-question\"><strong>H\u1ecfi: B\u1ea1n c\u00f3 th\u1ec3 giao m\u00e1y trong bao l\u00e2u?<\/strong><\/h3> <div class=\"rank-math-answer\">  <p>Tr\u1ea3 l\u1eddi: N\u00f3i chung, sau khi nh\u1eadn \u0111\u01b0\u1ee3c ti\u1ec1n \u0111\u1eb7t c\u1ecdc, ch\u00fang t\u00f4i c\u1ea7n m\u1ed9t tu\u1ea7n \u0111\u1ec3 s\u1eafp x\u1ebfp h\u00e0ng h\u00f3a. V\u00ec v\u1eady, n\u1ebfu m\u1ecdi vi\u1ec7c su\u00f4n s\u1ebb, ch\u00fang t\u00f4i s\u1ebd b\u1eaft \u0111\u1ea7u giao m\u00e1y sau m\u1ed9t tu\u1ea7n.<\/p>  <\/div> <\/div> <div id=\"faq-question-1668565653725\" class=\"rank-math-list-item\"> <h3 class=\"rank-math-question\"><strong>Q: B\u1ea1n s\u1eed d\u1ee5ng ph\u01b0\u01a1ng th\u1ee9c v\u1eadn chuy\u1ec3n n\u00e0o?<\/strong><\/h3> <div class=\"rank-math-answer\">  <p>A: Th\u00f4ng th\u01b0\u1eddng, b\u1eb1ng \u0111\u01b0\u1eddng bi\u1ec3n. N\u1ebfu b\u1ea1n c\u00f3 y\u00eau c\u1ea7u kh\u00e1c, xin vui l\u00f2ng th\u00f4ng b\u00e1o cho ch\u00fang t\u00f4i. V\u00e0 ch\u00fang t\u00f4i s\u1ebd s\u1eafp x\u1ebfp ph\u01b0\u01a1ng th\u1ee9c v\u1eadn chuy\u1ec3n ph\u00f9 h\u1ee3p nh\u1ea5t.<\/p>  <\/div> <\/div> <\/div> <\/div>   <p><\/p>","protected":false},"excerpt":{"rendered":"<p>Corn is one of the most important crops in the world. Therefore, from the beginning of planting to harvesting, it is inseparable from the relevant corn machinery. The hand corn planter to be introduced today is specially designed for corn sowing. Of course, it can also sow wheat, peanuts, beans, sorghum, rape, cotton, etc. This [&hellip;]<\/p>\n","protected":false},"author":1,"featured_media":2368,"parent":0,"template":"","tags":[],"product-type":[17],"class_list":["post-2333","product","type-product","status-publish","has-post-thumbnail","hentry","product-type-corn-machine"],"_links":{"self":[{"href":"https:\/\/taizyagromachine.com\/vi\/wp-json\/wp\/v2\/product\/2333","targetHints":{"allow":["GET"]}}],"collection":[{"href":"https:\/\/taizyagromachine.com\/vi\/wp-json\/wp\/v2\/product"}],"about":[{"href":"https:\/\/taizyagromachine.com\/vi\/wp-json\/wp\/v2\/types\/product"}],"author":[{"embeddable":true,"href":"https:\/\/taizyagromachine.com\/vi\/wp-json\/wp\/v2\/users\/1"}],"wp:featuredmedia":[{"embeddable":true,"href":"https:\/\/taizyagromachine.com\/vi\/wp-json\/wp\/v2\/media\/2368"}],"wp:attachment":[{"href":"https:\/\/taizyagromachine.com\/vi\/wp-json\/wp\/v2\/media?parent=2333"}],"wp:term":[{"taxonomy":"post_tag","embeddable":true,"href":"https:\/\/taizyagromachine.com\/vi\/wp-json\/wp\/v2\/tags?post=2333"},{"taxonomy":"product-type","embeddable":true,"href":"https:\/\/taizyagromachine.com\/vi\/wp-json\/wp\/v2\/product-type?post=2333"}],"curies":[{"name":"wp","href":"https:\/\/api.w.org\/{rel}","templated":true}]}}