{"id":2431,"date":"2022-04-08T09:50:52","date_gmt":"2022-04-08T09:50:52","guid":{"rendered":"https:\/\/taizyagromachine.com\/?post_type=product&#038;p=2431"},"modified":"2025-04-28T16:51:17","modified_gmt":"2025-04-28T08:51:17","slug":"groundnut-shelling-machine-groundnut-shell-removing-machine","status":"publish","type":"product","link":"https:\/\/taizyagromachine.com\/vi\/product\/groundnut-shelling-machine-groundnut-shell-removing-machine\/","title":{"rendered":"M\u00e1y b\u00f3c v\u1ecf l\u1ea1c \u0111\u1ec3 lo\u1ea1i b\u1ecf v\u1ecf \u0111\u1eadu ph\u1ed9ng"},"content":{"rendered":"<p class=\"translation-block\"><strong>M\u00e1y b\u00f3 v\u1ecf \u0111\u1eadu ph\u1ed9ng<\/strong> ho\u1ea1t \u0111\u1ed9ng \u0111\u1ec3 lo\u1ea1i b\u1ecf v\u1ecf \u0111\u1eadu ph\u1ed9ng m\u1ed9t c\u00e1ch d\u1ec5 d\u00e0ng, thu \u0111\u01b0\u1ee3c nh\u00e2n \u0111\u1eadu ph\u1ed9ng s\u1ea1ch v\u00e0 nguy\u00ean v\u1eb9n. Lo\u1ea1i m\u00e1y b\u00f3 v\u1ecf \u0111\u1eadu ph\u1ed9ng n\u00e0y c\u00f3 c\u00f4ng su\u1ea5t t\u1eeb 200-800kg\/h, v\u1edbi \u01b0u \u0111i\u1ec3m v\u1ec1 h\u1ec7 th\u1ed1ng ngu\u1ed3n linh ho\u1ea1t, t\u1ef7 l\u1ec7 b\u00f3 v\u1ecf cao v\u00e0 t\u1ef7 l\u1ec7 h\u1ecfng th\u1ea5p.<\/p>    <p>H\u1ea1t d\u1ebb r\u1ea5t gi\u00e0u ch\u1ea5t dinh d\u01b0\u1ee1ng. Kh\u00f4ng ch\u1ec9 cho khai th\u00e1c d\u1ea7u m\u00e0 c\u00f2n cho ng\u00e0nh c\u00f4ng nghi\u1ec7p th\u1ef1c ph\u1ea9m. Ngo\u00e0i ra c\u00f2n c\u00f3 th\u1ec3 \u0103n tr\u1ef1c ti\u1ebfp. \u0110\u00f3 l\u00e0 l\u00fd do t\u1ea1i sao ch\u00fang t\u00f4i s\u1eed d\u1ee5ng m\u00e1y b\u00f3c v\u1ecf l\u1ea1c. H\u01a1n n\u1eefa, m\u00e1y b\u00f3c v\u1ecf \u0111\u1eadu ph\u1ed9ng c\u1ee7a ch\u00fang t\u00f4i c\u00f3 ch\u1ee9ng ch\u1ec9 CE. <\/p>    <p>Ngo\u00e0i ra, m\u00e1y b\u00f3c v\u1ecf \u0111\u1eadu ph\u1ed9ng c\u1ee7a ch\u00fang t\u00f4i r\u1ea5t \u0111\u01b0\u1ee3c \u01b0a chu\u1ed9ng \u1edf nhi\u1ec1u qu\u1ed1c gia v\u00e0 khu v\u1ef1c. Ch\u1eb3ng h\u1ea1n nh\u01b0 Senegal, Nigeria, Kenya, Congo, Zimbabwe, Gambia, Hy L\u1ea1p, v.v.<\/p>    <figure class=\"wp-block-embed is-type-video is-provider-youtube wp-block-embed-youtube wp-embed-aspect-16-9 wp-has-aspect-ratio\"><div class=\"wp-block-embed__wrapper\"> <iframe loading=\"lazy\" title=\"M\u00e1y t\u00e1ch v\u1ecf \u0111\u1eadu ph\u1ed9ng ti\u1ebft ki\u1ec7m chi ph\u00ed \u0111\u1ec3 lo\u1ea1i b\u1ecf v\u1ecf h\u1ea1t | M\u00e1y t\u00e1ch v\u1ecf \u0111\u1eadu ph\u1ed9ng c\u00f4ng nghi\u1ec7p ho\u1ea1t \u0111\u1ed9ng nh\u01b0 th\u1ebf n\u00e0o?\" width=\"500\" height=\"281\" src=\"https:\/\/www.youtube.com\/embed\/laJ9QAIVMf0?feature=oembed\" frameborder=\"0\" allow=\"accelerometer; autoplay; clipboard-write; encrypted-media; gyroscope; picture-in-picture; web-share\" referrerpolicy=\"strict-origin-when-cross-origin\" allowfullscreen><\/iframe> <\/div><figcaption class=\"wp-element-caption\">video c\u1ee7a m\u00e1y b\u00f3c v\u1ecf \u0111\u1eadu ph\u1ed9ng<\/figcaption><\/figure>    <h2 class=\"wp-block-heading\" id=\"h-industrial-automatic-peanut-shelling-machine-for-sale\"><strong>C\u1ea7n b\u00e1n m\u00e1y b\u00f3c v\u1ecf \u0111\u1eadu ph\u1ed9ng t\u1ef1 \u0111\u1ed9ng c\u00f4ng nghi\u1ec7p<\/strong><\/h2>    <p>L\u00e0 nh\u00e0 s\u1ea3n xu\u1ea5t v\u00e0 cung c\u1ea5p m\u00e1y n\u00f4ng nghi\u1ec7p chuy\u00ean nghi\u1ec7p v\u00e0 h\u00e0ng \u0111\u1ea7u, ch\u00fang t\u00f4i c\u00f3 nhi\u1ec1u m\u1eabu m\u00e3 \u0111a d\u1ea1ng \u0111\u1ec3 \u0111\u00e1p \u1ee9ng y\u00eau c\u1ea7u c\u1ee7a b\u1ea1n. T\u1ea5t nhi\u00ean, m\u1ed7i m\u1eabu m\u00e1y b\u00f3c v\u1ecf l\u1ea1c \u0111\u1ec1u c\u00f3 th\u1ebf m\u1ea1nh v\u00e0 \u0111\u1eb7c \u0111i\u1ec3m ri\u00eang. T\u00f4i gi\u1edbi thi\u1ec7u h\u1ecd v\u1edbi b\u1ea1n t\u1eebng ng\u01b0\u1eddi m\u1ed9t.<\/p>    <h3 class=\"wp-block-heading\"><strong>M\u00e1y b\u00f3c v\u1ecf l\u1ea1c nh\u1ecf TBH-200<\/strong><\/h3>    <p>Lo\u1ea1i m\u00e1y b\u00f3c v\u1ecf l\u1ea1c n\u00e0y c\u00f3 th\u1ec3 s\u1eed d\u1ee5ng \u0111\u1ed9ng c\u01a1 diesel, \u0111\u1ed9ng c\u01a1 v\u00e0 \u0111\u1ed9ng c\u01a1 x\u0103ng. M\u1ed9t s\u00e0ng \u0111\u01b0\u1ee3c s\u1eed d\u1ee5ng trong m\u00e1y b\u00f3c v\u1ecf n\u00e0y. Nh\u01b0ng ch\u00fang t\u00f4i s\u1ebd b\u1ed1 tr\u00ed hai s\u00e0ng c\u00f9ng v\u1edbi m\u00e1y. <\/p>    <p>B\u1ea1n c\u0169ng c\u00f3 th\u1ec3 t\u00f9y ch\u1ec9nh s\u00e0ng theo h\u00ecnh d\u1ea1ng \u0111\u1eadu ph\u1ed9ng. Lo\u1ea1i m\u00e1y b\u00f3c v\u1ecf \u0111\u1eadu ph\u1ed9ng n\u00e0y c\u00f3 \u01b0u \u0111i\u1ec3m l\u00e0 hi\u1ec7u qu\u1ea3 cao, \u0111\u1ed9 h\u01b0 h\u1ecfng th\u1ea5p v\u00e0 t\u1ef7 l\u1ec7 b\u00f3c v\u1ecf cao. V\u00ec v\u1eady, \u0111\u00e2y l\u00e0 m\u00e1y b\u00f3c v\u1ecf \u0111\u1eadu ph\u1ed9ng d\u00e0nh cho gia \u0111\u00ecnh v\u00e0 doanh nghi\u1ec7p nh\u1ecf.<\/p>   <div class=\"wp-block-image\"> <figure class=\"aligncenter size-full\"><img loading=\"lazy\" decoding=\"async\" width=\"720\" height=\"540\" src=\"https:\/\/taizyagromachine.com\/wp-content\/uploads\/2022\/04\/peanut-shelling-machine-TBH-200.jpg\" alt=\"m\u00e1y b\u00f3c v\u1ecf \u0111\u1eadu ph\u1ed9ng-TBH-200\" class=\"wp-image-2433\" srcset=\"https:\/\/taizyagromachine.com\/wp-content\/uploads\/2022\/04\/peanut-shelling-machine-TBH-200.jpg 720w, https:\/\/taizyagromachine.com\/wp-content\/uploads\/2022\/04\/peanut-shelling-machine-TBH-200-300x225.jpg 300w\" sizes=\"auto, (max-width: 720px) 100vw, 720px\" \/><figcaption class=\"wp-element-caption\">m\u00e1y b\u00f3c v\u1ecf \u0111\u1eadu ph\u1ed9ng-TBH-200<\/figcaption><\/figure> <\/div>   <figure class=\"wp-block-embed is-type-video is-provider-youtube wp-block-embed-youtube wp-embed-aspect-16-9 wp-has-aspect-ratio\"><div class=\"wp-block-embed__wrapper\"> <iframe loading=\"lazy\" title=\"M\u00e1y b\u00f3c v\u1ecf \u0111\u1eadu ph\u1ed9ng ho\u1ea1t \u0111\u1ed9ng nh\u01b0 th\u1ebf n\u00e0o? L\u00e0m th\u1ebf n\u00e0o \u0111\u1ec3 h\u1ecd lo\u1ea1i b\u1ecf v\u1ecf \u0111\u1eadu ph\u1ed9ng?\" width=\"500\" height=\"281\" src=\"https:\/\/www.youtube.com\/embed\/ItqAlwJXEL8?feature=oembed\" frameborder=\"0\" allow=\"accelerometer; autoplay; clipboard-write; encrypted-media; gyroscope; picture-in-picture; web-share\" referrerpolicy=\"strict-origin-when-cross-origin\" allowfullscreen><\/iframe> <\/div><figcaption class=\"wp-element-caption\">video ho\u1ea1t \u0111\u1ed9ng c\u1ee7a m\u00e1y b\u00f3c v\u1ecf \u0111\u1eadu ph\u1ed9ng<\/figcaption><\/figure>    <h3 class=\"wp-block-heading\"><strong>M\u00e1y T\u1ea9y Da L\u1ea1c T\u1ef1 \u0110\u1ed9ng TBH-400 <\/strong><\/h3>    <p>M\u00e1y b\u00f3c v\u1ecf \u0111\u1eadu ph\u1ed9ng c\u00f3 h\u1ec7 th\u1ed1ng \u0111i\u1ec7n t\u01b0\u01a1ng t\u1ef1 nh\u01b0 TBH-200, c\u00f3 s\u1eb5n ba thi\u1ebft b\u1ecb \u0111i\u1ec7n.  Ngo\u00e0i ra, c\u00f3 s\u1eb5n hai s\u00e0ng v\u00e0 ch\u1ec9 l\u1eafp \u0111\u1eb7t m\u1ed9t s\u00e0ng. M\u00e1y th\u1ed5i \u0111ang l\u1ea5y \u0111i t\u1ea1p ch\u1ea5t. N\u00f3 s\u1eed d\u1ee5ng m\u1ed9t con l\u0103n cao su. <\/p>    <p>So v\u1edbi chi\u1ebfc m\u00e1y tr\u00ean th\u00ec chi\u1ebfc m\u00e1y b\u00f3c v\u1ecf l\u1ea1c c\u00f4ng nghi\u1ec7p n\u00e0y c\u00f3 c\u00f4ng su\u1ea5t l\u1edbn h\u01a1n.<\/p>    <figure class=\"wp-block-gallery aligncenter has-nested-images columns-default is-cropped wp-block-gallery-2 is-layout-flex wp-block-gallery-is-layout-flex\"> <figure class=\"wp-block-image size-large\"><img loading=\"lazy\" decoding=\"async\" width=\"540\" height=\"720\" data-id=\"2435\" src=\"https:\/\/taizyagromachine.com\/wp-content\/uploads\/2022\/04\/groundnut-sheller-TBH-400.jpg\" alt=\"m\u00e1y b\u00f3c v\u1ecf l\u1ea1c-TBH-400\" class=\"wp-image-2435\" srcset=\"https:\/\/taizyagromachine.com\/wp-content\/uploads\/2022\/04\/groundnut-sheller-TBH-400.jpg 540w, https:\/\/taizyagromachine.com\/wp-content\/uploads\/2022\/04\/groundnut-sheller-TBH-400-225x300.jpg 225w\" sizes=\"auto, (max-width: 540px) 100vw, 540px\" \/><figcaption class=\"wp-element-caption\">m\u00e1y b\u00f3c v\u1ecf l\u1ea1c-TBH-400<\/figcaption><\/figure>    <figure class=\"wp-block-image size-full\"><img loading=\"lazy\" decoding=\"async\" width=\"540\" height=\"720\" data-id=\"2436\" src=\"https:\/\/taizyagromachine.com\/wp-content\/uploads\/2022\/04\/peanut-shell-removing-machine-TBH-400.jpg\" alt=\"M\u00e1y b\u00f3c v\u1ecf \u0111\u1eadu ph\u1ed9ng-TBH-400\" class=\"wp-image-2436\" srcset=\"https:\/\/taizyagromachine.com\/wp-content\/uploads\/2022\/04\/peanut-shell-removing-machine-TBH-400.jpg 540w, https:\/\/taizyagromachine.com\/wp-content\/uploads\/2022\/04\/peanut-shell-removing-machine-TBH-400-225x300.jpg 225w\" sizes=\"auto, (max-width: 540px) 100vw, 540px\" \/><figcaption class=\"wp-element-caption\">M\u00e1y b\u00f3c v\u1ecf \u0111\u1eadu ph\u1ed9ng-TBH-400<\/figcaption><\/figure> <\/figure>    <figure class=\"wp-block-gallery aligncenter has-nested-images columns-default is-cropped wp-block-gallery-3 is-layout-flex wp-block-gallery-is-layout-flex\"> <figure class=\"wp-block-image size-full\"><img loading=\"lazy\" decoding=\"async\" width=\"720\" height=\"540\" data-id=\"2434\" src=\"https:\/\/taizyagromachine.com\/wp-content\/uploads\/2022\/04\/rubber-roller.jpg\" alt=\"con l\u0103n cao su\" class=\"wp-image-2434\" srcset=\"https:\/\/taizyagromachine.com\/wp-content\/uploads\/2022\/04\/rubber-roller.jpg 720w, https:\/\/taizyagromachine.com\/wp-content\/uploads\/2022\/04\/rubber-roller-300x225.jpg 300w\" sizes=\"auto, (max-width: 720px) 100vw, 720px\" \/><figcaption class=\"wp-element-caption\">con l\u0103n cao su<\/figcaption><\/figure> <\/figure>    <h3 class=\"wp-block-heading\"><strong>M\u00e1y b\u00f3c v\u1ecf l\u1ea1c th\u01b0\u01a1ng m\u1ea1i TBH-800<\/strong>  <\/h3>    <p>M\u00e1y t\u00e1ch v\u1ecf l\u1ea1c c\u00f3 th\u1ec3 s\u1eed d\u1ee5ng ba thi\u1ebft b\u1ecb \u0111i\u1ec7n. V\u00e0 n\u00f3 c\u00f3 \u01b0u \u0111i\u1ec3m l\u00e0 l\u1eafp \u0111\u1eb7t hai m\u00e1y th\u1ed5i v\u00e0 hai s\u00e0ng. Con l\u0103n s\u1eaft \u0111\u01b0\u1ee3c d\u00f9ng \u0111\u1ec3 \u0111\u1eadp l\u1ea1c. <\/p>    <p>Ngo\u00e0i ra, m\u00e1y b\u00f3c v\u1ecf l\u1ea1c t\u1ef1 \u0111\u1ed9ng n\u00e0y c\u00f2n c\u00f3 th\u1ec3 b\u00f3c v\u1ecf l\u1ea1c 2 l\u1ea7n, mang l\u1ea1i h\u1ea1t l\u1ea1c s\u1ea1ch h\u01a1n r\u1ea5t nhi\u1ec1u.<\/p>   <div class=\"wp-block-image\"> <figure class=\"aligncenter size-full\"><img loading=\"lazy\" decoding=\"async\" width=\"720\" height=\"540\" src=\"https:\/\/taizyagromachine.com\/wp-content\/uploads\/2022\/04\/peanut-skin-remover-TBH-800.jpg\" alt=\"t\u1ea9y v\u1ecf \u0111\u1eadu ph\u1ed9ng-TBH-800\" class=\"wp-image-2438\" srcset=\"https:\/\/taizyagromachine.com\/wp-content\/uploads\/2022\/04\/peanut-skin-remover-TBH-800.jpg 720w, https:\/\/taizyagromachine.com\/wp-content\/uploads\/2022\/04\/peanut-skin-remover-TBH-800-300x225.jpg 300w\" sizes=\"auto, (max-width: 720px) 100vw, 720px\" \/><figcaption class=\"wp-element-caption\">t\u1ea9y v\u1ecf \u0111\u1eadu ph\u1ed9ng-TBH-800<\/figcaption><\/figure> <\/div>   <h3 class=\"wp-block-heading\"><strong>M\u00e1y t\u00e1ch v\u1ecf l\u1ea1c 6BHD-800D cho d\u1ef1 \u00e1n<\/strong><\/h3>    <p>Thi\u1ebft b\u1ecb b\u00f3c v\u1ecf \u0111\u1eadu ph\u1ed9ng n\u00e0y r\u1ea5t gi\u1ed1ng v\u1edbi TBH-800. Nh\u01b0ng chi\u1ebfc m\u00e1y n\u00e0y c\u00f3 th\u1ec3 \u0111\u01b0\u1ee3c trang b\u1ecb b\u00e1nh xe l\u1edbn. Kh\u00e1ch h\u00e0ng Ch\u00e2u Phi r\u1ea5t th\u00edch lo\u1ea1i m\u00e1y b\u00f3c v\u1ecf l\u1ea1c di \u0111\u1ed9ng n\u00e0y. V\u00ec v\u1eady, n\u1ebfu c\u00f3 d\u1ef1 \u00e1n n\u00e0o \u1edf Ch\u00e2u Phi, b\u1ea1n c\u00f3 th\u1ec3 li\u00ean h\u1ec7 v\u1edbi ch\u00fang t\u00f4i \u0111\u1ec3 l\u1ef1a ch\u1ecdn m\u00f4 h\u00ecnh n\u00e0y nh\u1eb1m thu\u1eadn ti\u1ec7n cho vi\u1ec7c kinh doanh c\u1ee7a b\u1ea1n.<\/p>   <div class=\"wp-block-image\"> <figure class=\"aligncenter size-full\"><img loading=\"lazy\" decoding=\"async\" width=\"720\" height=\"540\" src=\"https:\/\/taizyagromachine.com\/wp-content\/uploads\/2022\/04\/groundnut-shell-removing-machine-6BHD-800B.jpg\" alt=\"M\u00e1y t\u00e1ch v\u1ecf l\u1ea1c-6BHD-800B\" class=\"wp-image-2439\" srcset=\"https:\/\/taizyagromachine.com\/wp-content\/uploads\/2022\/04\/groundnut-shell-removing-machine-6BHD-800B.jpg 720w, https:\/\/taizyagromachine.com\/wp-content\/uploads\/2022\/04\/groundnut-shell-removing-machine-6BHD-800B-300x225.jpg 300w\" sizes=\"auto, (max-width: 720px) 100vw, 720px\" \/><figcaption class=\"wp-element-caption\">M\u00e1y t\u00e1ch v\u1ecf l\u1ea1c-6BHD-800B<\/figcaption><\/figure> <\/div>   <h2 class=\"wp-block-heading\"><strong>Th\u00f4ng s\u1ed1 k\u1ef9 thu\u1eadt c\u1ee7a m\u00e1y b\u00f3c v\u1ecf l\u1ea1c<\/strong><\/h2>    <figure class=\"wp-block-table\"><table><tbody><tr><td>Ng\u01b0\u1eddi m\u1eabu<\/td><td>Dung t\u00edch<\/td><td>Quy\u1ec1n l\u1ef1c<\/td><td>C\u00e2n n\u1eb7ng<\/td><td>K\u00edch c\u1ee1<\/td><\/tr><tr><td>TBH-200<\/td><td>200kg\/gi\u1edd<\/td><td>\u0110\u1ed9ng c\u01a1 2.2kW, \u0111\u1ed9ng c\u01a1 x\u0103ng 170F, \u0111\u1ed9ng c\u01a1 diesel 6hp<\/td><td>40kg<\/td><td>650*<em>560<\/em>*1000mm<\/td><\/tr><tr><td>TBH-400<\/td><td>300-400kg\/gi\u1edd<\/td><td>\u0110\u1ed9ng c\u01a1 3kW, \u0111\u1ed9ng c\u01a1 x\u0103ng 170F, \u0111\u1ed9ng c\u01a1 diesel 8hp<\/td><td>\/<\/td><td>\/<\/td><\/tr><tr><td>TBH-800<\/td><td>600-800kg\/gi\u1edd<\/td><td>\u0110\u1ed9ng c\u01a1 3kW HO\u1eb6C \u0111\u1ed9ng c\u01a1 x\u0103ng 170F, \u0111\u1ed9ng c\u01a1 diesel 8hp<\/td><td>160kg<\/td><td>1330*750*1570mm<\/td><\/tr><tr><td>6BHD-800B<\/td><td>600-800kg\/gi\u1edd<\/td><td>\u0110\u1ed9ng c\u01a1 2,2-3,0kW<\/td><td>160kg<\/td><td>1330*750*1570mm<\/td><\/tr><\/tbody><\/table><figcaption class=\"wp-element-caption\">th\u00f4ng s\u1ed1 k\u1ef9 thu\u1eadt c\u1ee7a m\u00e1y b\u00f3c v\u1ecf \u0111\u1eadu ph\u1ed9ng<\/figcaption><\/figure>    <h2 class=\"wp-block-heading\" id=\"h-highlights-of-groundnut-shell-removing-machine\"><strong>\u0110i\u1ec3m n\u1ed5i b\u1eadt c\u1ee7a M\u00e1y t\u00e1ch v\u1ecf l\u1ea1c<\/strong><\/h2>    <ul class=\"wp-block-list\"> <li><strong>Ba h\u1ec7 th\u1ed1ng \u0111i\u1ec7n c\u00f3 s\u1eb5n<\/strong>. \u0110\u1ed9ng c\u01a1 diesel, \u0111\u1ed9ng c\u01a1 \u0111i\u1ec7n v\u00e0 \u0111\u1ed9ng c\u01a1 x\u0103ng \u0111\u1ec1u c\u00f3 th\u1ec3 \u0111\u01b0\u1ee3c \u00e1p d\u1ee5ng cho b\u1ed1n m\u1eabu xe n\u00e0y. Do \u0111\u00f3, b\u1ea1n c\u00f3 nhi\u1ec1u kh\u00f4ng gian l\u1ef1a ch\u1ecdn.<\/li>    <li><strong>S\u00e0ng c\u00f3 th\u1ec3 \u0111\u01b0\u1ee3c t\u00f9y ch\u1ec9nh<\/strong>. Tr\u00ean th\u1ef1c t\u1ebf, ch\u00fang t\u00f4i \u0111\u00e3 \u0111\u1ed1i chi\u1ebfu \u0111\u1ee7 s\u00e0ng c\u00f9ng v\u1edbi m\u00e1y t\u00e1ch v\u1ecf l\u1ea1c. Tuy nhi\u00ean, ch\u00fang ta v\u1eabn c\u00f3 th\u1ec3 t\u00f9y ch\u1ec9nh s\u00e0ng d\u1ef1a tr\u00ean h\u00ecnh d\u1ea1ng h\u1ea1t \u0111\u1eadu.<\/li>    <li><strong>N\u0103ng l\u1ef1c kh\u00e1c nhau c\u00f3 th\u1ec3 \u0111\u00e1p \u1ee9ng nhu c\u1ea7u c\u1ee7a b\u1ea1n<\/strong>. C\u00f4ng c\u1ee5 lo\u1ea1i b\u1ecf v\u1ecf \u0111\u1eadu ph\u1ed9ng c\u1ee7a ch\u00fang t\u00f4i l\u00e0 b\u00f3c v\u1ecf \u0111\u1eadu ph\u1ed9ng v\u1edbi c\u00f4ng su\u1ea5t t\u1eeb \u200b\u200b200kg m\u1ed7i gi\u1edd \u0111\u1ebfn 800kg m\u1ed7i gi\u1edd. Do \u0111\u00f3, \u0111i\u1ec1u n\u00e0y c\u00f3 th\u1ec3 \u0111\u00e1p \u1ee9ng c\u00e1c quy m\u00f4 kinh doanh kh\u00e1c nhau c\u1ee7a b\u1ea1n.<\/li>    <li>C\u1ea5u tr\u00fac \u0111\u01a1n gi\u1ea3n, v\u1eadn h\u00e0nh d\u1ec5 d\u00e0ng v\u00e0 hi\u1ec7u su\u1ea5t \u1ed5n \u0111\u1ecbnh.<\/li>    <li>T\u1ef7 l\u1ec7 b\u1eafn ph\u00e1 cao, t\u1ef7 l\u1ec7 s\u00e1t th\u01b0\u01a1ng th\u1ea5p.<\/li> <\/ul>   <div class=\"wp-block-image\"> <figure class=\"aligncenter size-full\"><img loading=\"lazy\" decoding=\"async\" width=\"720\" height=\"400\" src=\"https:\/\/taizyagromachine.com\/wp-content\/uploads\/2022\/04\/sieve.jpg\" alt=\"s\u00e0ng\" class=\"wp-image-2440\" srcset=\"https:\/\/taizyagromachine.com\/wp-content\/uploads\/2022\/04\/sieve.jpg 720w, https:\/\/taizyagromachine.com\/wp-content\/uploads\/2022\/04\/sieve-300x167.jpg 300w\" sizes=\"auto, (max-width: 720px) 100vw, 720px\" \/><figcaption class=\"wp-element-caption\">s\u00e0ng<\/figcaption><\/figure> <\/div>   <h2 class=\"wp-block-heading\"><strong>Thi\u1ebft k\u1ebf v\u00e0 ch\u1ebf t\u1ea1o m\u00e1y b\u00f3c v\u1ecf l\u1ea1c<\/strong><\/h2>    <p>\u1ede c\u00f4ng ty ch\u00fang t\u00f4i, thi\u1ebft k\u1ebf v\u00e0 ch\u1ebf t\u1ea1o m\u00e1y b\u00f3c v\u1ecf \u0111\u1eadu ph\u1ed9ng v\u1ec1 c\u01a1 b\u1ea3n l\u00e0 th\u00e2n thi\u1ec7n v\u1edbi ng\u01b0\u1eddi d\u00f9ng. T\u1eeb ph\u1ec5u \u0111\u1ebfn \u0111\u1ea7u v\u00e0o, to\u00e0n b\u1ed9 c\u1ea5u tr\u00fac r\u1ea5t d\u1ec5 hi\u1ec3u. <\/p>    <p>N\u00f3 bao g\u1ed3m \u0111\u1ea7u v\u00e0o v\u00e0 \u0111\u1ea7u ra. C\u00e1c chi ti\u1ebft m\u00e1y c\u00f3 con l\u0103n cao su, m\u00e0n l\u1ecdc, tr\u1ee5c v\u00e1ch ng\u0103n \u0111i\u1ec1u khi\u1ec3n, qu\u1ea1t. L\u1ea5y TBH-400 l\u00e0m v\u00ed d\u1ee5 nh\u01b0 h\u00ecnh d\u01b0\u1edbi \u0111\u00e2y:<\/p>    <figure class=\"wp-block-gallery aligncenter has-nested-images columns-default is-cropped wp-block-gallery-4 is-layout-flex wp-block-gallery-is-layout-flex\"> <figure class=\"wp-block-image size-full\"><img loading=\"lazy\" decoding=\"async\" width=\"720\" height=\"540\" data-id=\"2441\" src=\"https:\/\/taizyagromachine.com\/wp-content\/uploads\/2022\/04\/structure-of-groundnut-skin-remover.jpg\" alt=\"c\u1ea5u tr\u00fac c\u1ee7a l\u1ea1c-da\" class=\"wp-image-2441\" srcset=\"https:\/\/taizyagromachine.com\/wp-content\/uploads\/2022\/04\/structure-of-groundnut-skin-remover.jpg 720w, https:\/\/taizyagromachine.com\/wp-content\/uploads\/2022\/04\/structure-of-groundnut-skin-remover-300x225.jpg 300w\" sizes=\"auto, (max-width: 720px) 100vw, 720px\" \/><figcaption class=\"wp-element-caption\">C\u1ea5u t\u1ea1o c\u1ee7a t\u1ea9y v\u1ecf l\u1ea1c<\/figcaption><\/figure>    <figure class=\"wp-block-image size-full\"><img loading=\"lazy\" decoding=\"async\" width=\"720\" height=\"540\" data-id=\"2442\" src=\"https:\/\/taizyagromachine.com\/wp-content\/uploads\/2022\/04\/machine-details-groundnut-shelling-machine.jpg\" alt=\"m\u00e1y-chi ti\u1ebft-l\u1ea1c-b\u00f3c-m\u00e1y\" class=\"wp-image-2442\" srcset=\"https:\/\/taizyagromachine.com\/wp-content\/uploads\/2022\/04\/machine-details-groundnut-shelling-machine.jpg 720w, https:\/\/taizyagromachine.com\/wp-content\/uploads\/2022\/04\/machine-details-groundnut-shelling-machine-300x225.jpg 300w\" sizes=\"auto, (max-width: 720px) 100vw, 720px\" \/><figcaption class=\"wp-element-caption\">chi ti\u1ebft m\u00e1y <\/figcaption><\/figure> <\/figure>    <h2 class=\"wp-block-heading\"><strong>Nguy\u00ean l\u00fd l\u00e0m vi\u1ec7c c\u1ee7a m\u00e1y b\u00f3c v\u1ecf l\u1ea1c c\u00f4ng nghi\u1ec7p<\/strong><\/h2>    <ol class=\"wp-block-list\"> <li>Cho l\u1ea1c v\u00e0o ph\u1ec5u. Sau \u0111\u00f3 t\u00f9y theo chuy\u1ec3n \u0111\u1ed9ng quay c\u1ee7a \u1ed1ng treo v\u00e0 l\u1ef1c ma s\u00e1t c\u1ee7a t\u1ea5m l\u00f5m m\u00e0 t\u00e1ch ho\u00e0n to\u00e0n v\u1ecf v\u00e0 nh\u00e2n l\u1ea1c.<\/li>    <li>Sau \u0111\u00f3 b\u1eaft \u0111\u1ea7u ch\u1ecdn l\u1ea7n th\u1ee9 hai theo s\u00e0ng t\u00e1ch tr\u1ecdng l\u1ef1c.<\/li>    <li>C\u00e1c h\u1ea1t nh\u00e2n \u0111i ra ngo\u00e0i qua \u1ed5 c\u1eafm. <\/li> <\/ol>    <h2 class=\"wp-block-heading\"><strong>T\u1ea1i sao ch\u1ecdn Taizy l\u00e0 nh\u00e0 s\u1ea3n xu\u1ea5t m\u00e1y b\u00f3c v\u1ecf \u0111\u1eadu ph\u1ed9ng h\u00e0ng \u0111\u1ea7u?<\/strong><\/h2>    <ol class=\"wp-block-list\"> <li><strong>gi\u1ea5y ch\u1ee9ng nh\u1eadn CE<\/strong>. M\u00e1y b\u00f3c v\u1ecf l\u1ea1c c\u1ee7a ch\u00fang t\u00f4i c\u00f3 ch\u1ee9ng ch\u1ec9 CE. <\/li>    <li><strong>Kinh nghi\u1ec7m phong ph\u00fa<\/strong>. C\u00e1c nh\u00e0 qu\u1ea3n l\u00fd b\u00e1n h\u00e0ng c\u1ee7a ch\u00fang t\u00f4i c\u00f3 ki\u1ebfn \u200b\u200bth\u1ee9c phong ph\u00fa v\u1ec1 s\u1ea3n ph\u1ea9m v\u00e0 kinh nghi\u1ec7m xu\u1ea5t kh\u1ea9u.  <\/li>    <li><strong>Th\u01b0\u01a1ng hi\u1ec7u n\u1ed5i ti\u1ebfng<\/strong>. K\u1ec3 t\u1eeb khi th\u00e0nh l\u1eadp v\u00e0o n\u0103m 2011, ch\u00fang t\u00f4i \u0111\u00e3 cung c\u1ea5p m\u00e1y m\u00f3c cho h\u01a1n 80 qu\u1ed1c gia. Ch\u1eb3ng h\u1ea1n nh\u01b0 <strong>Nigeria, Kenya, Uganda, Angola, Zimbabwe, Colombia, Ghana, Singapore<\/strong>, v\u00e2n v\u00e2n.<\/li> <\/ol>    <h2 class=\"wp-block-heading\"><strong>Tr\u01b0\u1eddng h\u1ee3p th\u00e0nh c\u00f4ng: 4 b\u1ed9 m\u00e1y b\u00f3c v\u1ecf \u0111\u1eadu ph\u1ed9ng \u0111\u01b0\u1ee3c xu\u1ea5t kh\u1ea9u sang Nigeria<\/strong><\/h2>    <p>Kh\u00e1ch h\u00e0ng ng\u01b0\u1eddi Nigeria n\u00e0y c\u00f3 m\u1ed9t trang tr\u1ea1i tr\u1ed3ng l\u1ea1c l\u1edbn n\u00ean mu\u1ed1n mua m\u1ed9t chi\u1ebfc m\u00e1y t\u00e1ch v\u1ecf l\u1ea1c. V\u00e0 b\u1edfi v\u00ec anh \u1ea5y s\u1ebd thu\u00ea c\u00f4ng nh\u00e2n n\u00ean anh \u1ea5y c\u1ea7n m\u1ed9t s\u1ed1 m\u00e1y m\u00f3c. Gi\u00e1m \u0111\u1ed1c b\u00e1n h\u00e0ng c\u1ee7a ch\u00fang t\u00f4i \u0111\u00e3 bi\u1ebft khi n\u00f3i chuy\u1ec7n v\u1edbi anh \u1ea5y r\u1eb1ng anh \u1ea5y mu\u1ed1n 4 chi\u1ebfc m\u00e1y v\u00e0 s\u1ea3n l\u01b0\u1ee3ng kho\u1ea3ng 700kg. <\/p>    <p class=\"translation-block\">Theo y\u00eau c\u1ea7u c\u1ee7a m\u1ed9t kh\u00e1ch h\u00e0ng Nigeria, Winne \u0111\u1ec1 xu\u1ea5t m\u00e1y b\u00f3 v\u1ecf \u0111\u1eadu ph\u1ed9ng c\u00f4ng nghi\u1ec7p TBH-800 <a href=\"https:\/\/taizyagromachine.com\/vi\/product\/groundnut-sheller\/\">to\u031ca<\/a> cho anh \u1ea5y. C\u00f4 \u1ea5y g\u1eedi m\u1ed9t gi\u1edbi thi\u1ec7u chi ti\u1ebft v\u1ec1 th\u00f4ng s\u1ed1 m\u00e1y, hi\u1ec7u su\u1ea5t, c\u1ea5u h\u00ecnh, v.v., v\u00e0 video l\u00e0m vi\u1ec7c. Anh \u1ea5y r\u1ea5t h\u00e0i l\u00f2ng sau khi xem v\u00e0 \u0111\u00e3 k\u00fd h\u1ee3p \u0111\u1ed3ng v\u1edbi ch\u00fang t\u00f4i.<\/p>    <h2 class=\"wp-block-heading\"><strong>Li\u00ean h\u1ec7 v\u1edbi ch\u00fang t\u00f4i \u0111\u1ec3 bi\u1ebft gi\u00e1 m\u00e1y b\u00f3c v\u1ecf \u0111\u1eadu ph\u1ed9ng Taizy!<\/strong><\/h2>    <p class=\"translation-block\">Mu\u1ed1n b\u00f3 v\u1ecf <a href=\"https:\/\/en.wikipedia.org\/wiki\/Peanut\" target=\"_blank\" rel=\"noopener\">\u0111\u1eadu ph\u1ed9ng<\/a> nhanh ch\u00f3ng? Li\u00ean h\u1ec7 v\u1edbi ch\u00fang t\u00f4i v\u00e0 ch\u00fang t\u00f4i c\u00f3 th\u1ec3 cung c\u1ea5p cho b\u1ea1n gi\u1ea3i ph\u00e1p t\u1ed1i \u01b0u v\u00e0 b\u00e1o gi\u00e1.<\/p>    <p><\/p>","protected":false},"excerpt":{"rendered":"<p>M\u00e1y b\u00f3c v\u1ecf l\u1ea1c c\u00f3 ch\u1ee9c n\u0103ng lo\u1ea1i b\u1ecf v\u1ecf l\u1ea1c, l\u1ea5y nh\u00e2n l\u1ea1c s\u1ea1ch v\u00e0 nguy\u00ean h\u1ea1t, c\u00f4ng su\u1ea5t 400-800kg\/h. Trong b\u00e0i vi\u1ebft n\u00e0y ch\u00fang t\u00f4i gi\u1edbi thi\u1ec7u b\u1ed1n lo\u1ea1i m\u00e1y b\u00f3c v\u1ecf \u0111\u1eadu ph\u1ed9ng \u0111\u1ec3 b\u1ea1n tham kh\u1ea3o, lu\u00f4n c\u00f3 m\u1ed9t lo\u1ea1i ph\u00f9 h\u1ee3p v\u1edbi nhu c\u1ea7u c\u1ee7a b\u1ea1n.<\/p>","protected":false},"author":1,"featured_media":2432,"parent":0,"template":"","tags":[],"product-type":[21],"class_list":["post-2431","product","type-product","status-publish","has-post-thumbnail","hentry","product-type-peanut-machine"],"_links":{"self":[{"href":"https:\/\/taizyagromachine.com\/vi\/wp-json\/wp\/v2\/product\/2431","targetHints":{"allow":["GET"]}}],"collection":[{"href":"https:\/\/taizyagromachine.com\/vi\/wp-json\/wp\/v2\/product"}],"about":[{"href":"https:\/\/taizyagromachine.com\/vi\/wp-json\/wp\/v2\/types\/product"}],"author":[{"embeddable":true,"href":"https:\/\/taizyagromachine.com\/vi\/wp-json\/wp\/v2\/users\/1"}],"wp:featuredmedia":[{"embeddable":true,"href":"https:\/\/taizyagromachine.com\/vi\/wp-json\/wp\/v2\/media\/2432"}],"wp:attachment":[{"href":"https:\/\/taizyagromachine.com\/vi\/wp-json\/wp\/v2\/media?parent=2431"}],"wp:term":[{"taxonomy":"post_tag","embeddable":true,"href":"https:\/\/taizyagromachine.com\/vi\/wp-json\/wp\/v2\/tags?post=2431"},{"taxonomy":"product-type","embeddable":true,"href":"https:\/\/taizyagromachine.com\/vi\/wp-json\/wp\/v2\/product-type?post=2431"}],"curies":[{"name":"wp","href":"https:\/\/api.w.org\/{rel}","templated":true}]}}