{"id":2457,"date":"2022-04-15T10:28:05","date_gmt":"2022-04-15T10:28:05","guid":{"rendered":"https:\/\/taizyagromachine.com\/?post_type=product&#038;p=2457"},"modified":"2025-02-11T16:31:15","modified_gmt":"2025-02-11T08:31:15","slug":"vegetable-transplanter","status":"publish","type":"product","link":"https:\/\/taizyagromachine.com\/vi\/product\/vegetable-transplanter\/","title":{"rendered":"M\u00e1y c\u1ea5y rau | M\u00e1y C\u1ea5y C\u00e2y Gi\u1ed1ng Rau | M\u00e1y c\u1ea5y c\u00e2y gi\u1ed1ng"},"content":{"rendered":"<p class=\"translation-block\">Nh\u01b0 \u0111\u00fang nh\u01b0 t\u00ean g\u1ecdi, <strong>m\u00e1y gieo c\u00e2y rau<\/strong> \u0111\u01b0\u1ee3c thi\u1ebft k\u1ebf \u0111\u1eb7c bi\u1ec7t \u0111\u1ec3 nh\u00e2n gi\u1ed1ng v\u00e0 gieo c\u1ea5y nhi\u1ec1u lo\u1ea1i rau c\u1ee7, tr\u00e1i c\u00e2y v\u00e0 c\u00e2y hoa. <a href=\"https:\/\/nurseryseedingmachine.com\/vegetable-transplanter\/\" target=\"_blank\" rel=\"noreferrer noopener\">M\u00e1y gieo c\u00e2y gi\u1ed1ng<\/a> c\u00f3 s\u1eb5n v\u1edbi nhi\u1ec1u h\u00e0ng, t\u1eeb 2-12 h\u00e0ng. \u0110\u00e2y l\u00e0 m\u1ed9t m\u00e1y t\u00f9y ch\u1ec9nh c\u00f3 th\u1ec3 ph\u00f9 h\u1ee3p ch\u00ednh x\u00e1c v\u1edbi nhu c\u1ea7u c\u1ee7a b\u1ea1n. C\u00f4ng su\u1ea5t th\u01b0\u1eddng l\u00e0 \u0111\u1ed9ng c\u01a1 x\u0103ng, nh\u01b0ng c\u0169ng c\u00f3 th\u1ec3 \u0111\u01b0\u1ee3c thay \u0111\u1ed5i theo y\u00eau c\u1ea7u c\u1ee7a b\u1ea1n. B\u00ean c\u1ea1nh \u0111\u00f3, m\u00e1y gieo c\u00e2y rau c\u1ee7a ch\u00fang t\u00f4i c\u00f2n c\u00f3 th\u1ec3 b\u1ed5 sung nhi\u1ec1u ch\u1ee9c n\u0103ng nh\u01b0 t\u01b0\u1edbi nh\u1ecf gi\u1ecdt, bao b\u1ecdc b\u1eb1ng m\u00e0ng, l\u1eadt \u0111\u1ea5t quay, v.v. Ph\u00f9 h\u1ee3p v\u1edbi y\u00eau c\u1ea7u c\u1ee5 th\u1ec3 c\u1ee7a b\u1ea1n. M\u1eddi li\u00ean h\u1ec7 \u0111\u1ec3 \u0111\u01b0\u1ee3c t\u01b0 v\u1ea5n b\u1ea5t c\u1ee9 l\u00fac n\u00e0o.<\/p>    <p class=\"translation-block\"><br>Nh\u01b0 <a href=\"https:\/\/taizyagromachine.com\/vi\/\" target=\"_blank\" rel=\"noreferrer noopener\">m\u1ed9t nh\u00e0 s\u1ea3n xu\u1ea5t v\u00e0 cung c\u1ea5p m\u00e1y c\u00f3 uy t\u00edn<\/a>, m\u00e1y m\u00f3c c\u1ee7a ch\u00fang t\u00f4i \u0111\u01b0\u1ee3c c\u1ea5p ch\u1ee9ng nh\u1eadn CE v\u00e0 th\u01b0\u1eddng \u0111\u01b0\u1ee3c xu\u1ea5t kh\u1ea9u sang <strong>Colombia, Hoa K\u1ef3, Ph\u1ea7n Lan, Ma-r\u1ed1c, Australia<\/strong> v\u00e0 c\u00e1c n\u01b0\u1edbc v\u00e0 khu v\u1ef1c kh\u00e1c.<\/p>    <h2 class=\"wp-block-heading\" id=\"h-working-video-of-tractor-driven-vegetable-transplanter-machine\"><strong>Video ho\u1ea1t \u0111\u1ed9ng c\u1ee7a m\u00e1y c\u1ea5y rau ch\u1ea1y b\u1eb1ng m\u00e1y k\u00e9o<\/strong><\/h2>    <figure class=\"wp-block-embed is-type-video is-provider-youtube wp-block-embed-youtube wp-embed-aspect-16-9 wp-has-aspect-ratio\"><div class=\"wp-block-embed__wrapper\"> <iframe loading=\"lazy\" title=\"M\u00e1y c\u1ea5y rau ki\u1ec3u m\u00e1y k\u00e9o l\u00e0m vi\u1ec7c tr\u00ean ru\u1ed9ng b\u1eb1ng ph\u1eb3ng, c\u00f2n c\u00f3 th\u00eam ch\u1ee9c n\u0103ng che ph\u1ee7.\" width=\"500\" height=\"281\" src=\"https:\/\/www.youtube.com\/embed\/u7n76TRlcD8?feature=oembed\" frameborder=\"0\" allow=\"accelerometer; autoplay; clipboard-write; encrypted-media; gyroscope; picture-in-picture; web-share\" referrerpolicy=\"strict-origin-when-cross-origin\" allowfullscreen><\/iframe> <\/div><\/figure>    <h2 class=\"wp-block-heading\" id=\"h-fully-automatic-vegetable-transplanter-for-sale\"><strong>C\u1ea7n b\u00e1n m\u00e1y c\u1ea5y rau ho\u00e0n to\u00e0n t\u1ef1 \u0111\u1ed9ng<\/strong><\/h2>    <p><br>M\u1ed7i m\u00e1y c\u1ea5y rau \u0111\u1ec1u c\u00f3 nh\u1eefng \u01b0u \u0111i\u1ec3m v\u00e0 t\u00ednh n\u0103ng ri\u00eang v\u00e0 t\u1ea5t c\u1ea3 \u0111\u1ec1u l\u00e0 nh\u1eefng lo\u1ea1i m\u00e1y c\u00f3 th\u1ec3 \u0111\u01b0\u1ee3c t\u00f9y ch\u1ec9nh theo nhu c\u1ea7u c\u1ee7a b\u1ea1n.<\/p>    <h3 class=\"wp-block-heading\"><br><strong>Lo\u1ea1i 1: M\u00e1y c\u1ea5y t\u1ef1 h\u00e0nh<\/strong><\/h3>    <p><br>M\u00e1y c\u1ea5y n\u00e0y ch\u1ec9 c\u00f3 2 v\u00e0 4 h\u00e0ng, kho\u1ea3ng c\u00e1ch c\u00e2y v\u00e0 h\u00e0ng nh\u1ecf. Ngu\u1ed3n \u0111i\u1ec7n \u0111\u01b0\u1ee3c s\u1eed d\u1ee5ng l\u00e0 \u0111\u1ed9ng c\u01a1 x\u0103ng. Th\u00edch h\u1ee3p cho t\u1ea5t c\u1ea3 c\u00e1c lo\u1ea1i rau nh\u01b0 h\u00e0nh t\u00e2y, c\u00e0 chua, rau di\u1ebfp, c\u00e0 t\u00edm, v.v. Chi\u1ebfc m\u00e1y n\u00e0y r\u1ea5t ti\u1ebft ki\u1ec7m v\u00e0 thi\u1ebft th\u1ef1c. N\u00f3 c\u00f3 th\u1ec3 \u0111\u01b0\u1ee3c s\u1eed d\u1ee5ng tr\u00ean c\u00e1c c\u00e1nh \u0111\u1ed3ng b\u1eb1ng ph\u1eb3ng ho\u1eb7c c\u00f3 g\u1edd. \u0110\u00e2y l\u00e0 m\u00e1y c\u1ea5y rau kh\u00f4ng c\u1ea7n x\u1edbi \u0111\u1ea5t.<\/p>   <div class=\"wp-block-image\"> <figure class=\"aligncenter size-full\"><img loading=\"lazy\" decoding=\"async\" width=\"720\" height=\"540\" src=\"https:\/\/taizyagromachine.com\/wp-content\/uploads\/2022\/04\/self-propelled-transplanter-machine.jpg\" alt=\"m\u00e1y c\u1ea5y t\u1ef1 h\u00e0nh\" class=\"wp-image-2462\" srcset=\"https:\/\/taizyagromachine.com\/wp-content\/uploads\/2022\/04\/self-propelled-transplanter-machine.jpg 720w, https:\/\/taizyagromachine.com\/wp-content\/uploads\/2022\/04\/self-propelled-transplanter-machine-300x225.jpg 300w\" sizes=\"auto, (max-width: 720px) 100vw, 720px\" \/><figcaption class=\"wp-element-caption\">m\u00e1y c\u1ea5y t\u1ef1 h\u00e0nh<\/figcaption><\/figure> <\/div>   <h4 class=\"wp-block-heading\"><strong>Thi\u1ebft k\u1ebf m\u00e1y c\u1ea5y rau c\u1ea7m tay<\/strong><\/h4>    <p>\u0110\u1eb7c \u0111i\u1ec3m l\u1edbn nh\u1ea5t c\u1ee7a lo\u1ea1i m\u00e1y c\u1ea5y n\u00e0y l\u00e0 c\u1ea7n ph\u1ea3i c\u1ea7m b\u1eb1ng tay \u0111\u1ec3 \u0111i\u1ec1u khi\u1ec3n h\u01b0\u1edbng ti\u1ebfn. C\u00e1c c\u1ea5u tr\u00fac kh\u00e1c c\u0169ng t\u01b0\u01a1ng t\u1ef1, bao g\u1ed3m khay, c\u1ed1c \u0111\u1ef1ng c\u00e2y con, ch\u1ed7 ng\u1ed3i v\u00e0 b\u1ea7u \u0111\u1ef1ng c\u00e2y con.<\/p>   <div class=\"wp-block-image\"> <figure class=\"aligncenter size-full\"><img loading=\"lazy\" decoding=\"async\" width=\"720\" height=\"540\" src=\"https:\/\/taizyagromachine.com\/wp-content\/uploads\/2022\/04\/strcture-of-self-propelled-vegetable-transplanter-machine.jpg\" alt=\"C\u1ea5u t\u1ea1o m\u00e1y c\u1ea5y rau t\u1ef1 h\u00e0nh\" class=\"wp-image-2459\" srcset=\"https:\/\/taizyagromachine.com\/wp-content\/uploads\/2022\/04\/strcture-of-self-propelled-vegetable-transplanter-machine.jpg 720w, https:\/\/taizyagromachine.com\/wp-content\/uploads\/2022\/04\/strcture-of-self-propelled-vegetable-transplanter-machine-300x225.jpg 300w\" sizes=\"auto, (max-width: 720px) 100vw, 720px\" \/><figcaption class=\"wp-element-caption\">C\u1ea5u t\u1ea1o m\u00e1y c\u1ea5y rau t\u1ef1 h\u00e0nh<\/figcaption><\/figure> <\/div>   <h4 class=\"wp-block-heading\" id=\"h-technical-parameters\"><strong>Th\u00f4ng s\u1ed1 k\u1ef9 thu\u1eadt c\u1ee7a m\u00e1y c\u1ea5y t\u1ef1 h\u00e0nh<\/strong><\/h4>    <figure class=\"wp-block-table\"><table><tbody><tr><td>Ng\u01b0\u1eddi m\u1eabu<\/td><td>2ZBZ-2<\/td><td>2ZBZ-4<\/td><\/tr><tr><td>Kho\u1ea3ng c\u00e1ch c\u00e2y<\/td><td>200-500mm<\/td><td>200-500mm<\/td><\/tr><tr><td>Kho\u1ea3ng c\u00e1ch h\u00e0ng<\/td><td>300-500mm<\/td><td>150-300mm<\/td><\/tr><tr><td>Dung t\u00edch<\/td><td>1000-1400\u33a1\/gi\u1edd<\/td><td>1400-2000\u33a1\/gi\u1edd<\/td><\/tr><tr><td>H\u00e0ng ngang<\/td><td>2<\/td><td>4<\/td><\/tr><tr><td>Quy\u1ec1n l\u1ef1c<\/td><td>4,05kw<\/td><td>4,05kw<\/td><\/tr><\/tbody><\/table><\/figure>    <h4 class=\"wp-block-heading\"><strong>Video h\u01b0\u1edbng d\u1eabn v\u1eadn h\u00e0nh m\u00e1y c\u1ea5y t\u1ef1 h\u00e0nh<\/strong><\/h4>    <figure class=\"wp-block-embed is-type-video is-provider-youtube wp-block-embed-youtube wp-embed-aspect-16-9 wp-has-aspect-ratio\"><div class=\"wp-block-embed__wrapper\"> <iframe loading=\"lazy\" title=\"H\u01b0\u1edbng d\u1eabn v\u1eadn h\u00e0nh m\u00e1y c\u1ea5y t\u1ef1 h\u00e0nh: m\u1eb9o \u0111\u01a1n gi\u1ea3n \u0111\u1ec3 tr\u1ed3ng c\u00e2y hi\u1ec7u qu\u1ea3! M\u00e1y c\u1ea5y c\u00e2y gi\u1ed1ng\" width=\"500\" height=\"281\" src=\"https:\/\/www.youtube.com\/embed\/_AfuL5t-4YM?feature=oembed\" frameborder=\"0\" allow=\"accelerometer; autoplay; clipboard-write; encrypted-media; gyroscope; picture-in-picture; web-share\" referrerpolicy=\"strict-origin-when-cross-origin\" allowfullscreen><\/iframe> <\/div><figcaption class=\"wp-element-caption\">m\u00e1y c\u1ea5y c\u01a1 h\u1ecdc<\/figcaption><\/figure>    <h3 class=\"wp-block-heading\"><strong>Lo\u1ea1i 2: M\u00e1y c\u1ea5y c\u00e2y gi\u1ed1ng rau lo\u1ea1i b\u00e1nh x\u00edch<\/strong><\/h3>    <p>M\u00e1y c\u1ea5y c\u00e2y s\u1eed d\u1ee5ng \u0111\u01b0\u1eddng ray c\u1ee7a s\u00e2u b\u01b0\u1edbm, gi\u1ed1ng nh\u01b0 m\u1ed9t chi\u1ebfc xe t\u0103ng \u0111\u1ec3 ti\u1ebfn v\u1ec1 ph\u00eda tr\u01b0\u1edbc.  S\u1ed1 h\u00e0ng l\u00e0 4-12 (h\u00e0ng ch\u1eb5n). \u0110\u1ed9ng c\u01a1 x\u0103ng \u0111\u01b0\u1ee3c s\u1eed d\u1ee5ng c\u00f3 k\u00edch th\u01b0\u1edbc l\u1edbn h\u01a1n m\u00e1y c\u1ea5y t\u1ef1 h\u00e0nh. Ngo\u00e0i ra, n\u00f3 c\u00f3 th\u1ec3 \u0111\u01b0\u1ee3c thay th\u1ebf b\u1eb1ng \u0111\u1ed9ng c\u01a1 diesel. M\u00e1y n\u00e0y c\u00f3 ph\u1ea1m vi \u0111i\u1ec1u ch\u1ec9nh nh\u1ecf v\u1ec1 kho\u1ea3ng c\u00e1ch c\u00e2y v\u00e0 kho\u1ea3ng c\u00e1ch h\u00e0ng. Tuy nhi\u00ean, c\u00f3 th\u1ec3 b\u1ed5 sung th\u00eam ch\u1ee9c n\u0103ng ph\u1ee7 m\u00e0ng v\u00e0 t\u01b0\u1edbi nh\u1ecf gi\u1ecdt. Chi\u1ec1u cao c\u1ee7a s\u01b0\u1eddn n\u00fai c\u00f3 th\u1ec3 trong v\u00f2ng 20 cm.<\/p>   <div class=\"wp-block-image\"> <figure class=\"aligncenter size-full\"><img loading=\"lazy\" decoding=\"async\" width=\"720\" height=\"540\" src=\"https:\/\/taizyagromachine.com\/wp-content\/uploads\/2022\/04\/crawler-type-transplanter.jpg\" alt=\"m\u00e1y c\u1ea5y ki\u1ec3u b\u00e1nh x\u00edch\" class=\"wp-image-2463\" srcset=\"https:\/\/taizyagromachine.com\/wp-content\/uploads\/2022\/04\/crawler-type-transplanter.jpg 720w, https:\/\/taizyagromachine.com\/wp-content\/uploads\/2022\/04\/crawler-type-transplanter-300x225.jpg 300w\" sizes=\"auto, (max-width: 720px) 100vw, 720px\" \/><figcaption class=\"wp-element-caption\">m\u00e1y c\u1ea5y ki\u1ec3u b\u00e1nh x\u00edch<\/figcaption><\/figure> <\/div>   <h4 class=\"wp-block-heading\"><strong>C\u1ea5u tr\u00fac c\u1ee7a m\u00e1y c\u1ea5y rau kh\u00f4ng c\u1ea7n \u0111\u1ebfn \u0111\u1ea5t<\/strong><\/h4>    <p>\u0110i\u1ec3m kh\u00e1c bi\u1ec7t l\u1edbn nh\u1ea5t l\u00e0 c\u00f3 \u0111\u01b0\u1eddng ray v\u00e0 c\u00f3 m\u1ed9t gh\u1ebf \u0111\u01b0\u1ee3c thi\u1ebft k\u1ebf ri\u00eang cho ng\u01b0\u1eddi \u0111i\u1ec1u khi\u1ec3n to\u00e0n b\u1ed9 m\u00e1y. Ph\u1ea7n c\u00f2n l\u1ea1i l\u00e0 nh\u01b0 nhau.<\/p>   <div class=\"wp-block-image\"> <figure class=\"aligncenter size-full\"><img loading=\"lazy\" decoding=\"async\" width=\"720\" height=\"540\" src=\"https:\/\/taizyagromachine.com\/wp-content\/uploads\/2022\/04\/strucutre-of-cralwer-vegetable-transplanter-machine.jpg\" alt=\"C\u1ea5u tr\u00fac c\u1ee7a m\u00e1y c\u1ea5y rau Cralwer\" class=\"wp-image-2460\" srcset=\"https:\/\/taizyagromachine.com\/wp-content\/uploads\/2022\/04\/strucutre-of-cralwer-vegetable-transplanter-machine.jpg 720w, https:\/\/taizyagromachine.com\/wp-content\/uploads\/2022\/04\/strucutre-of-cralwer-vegetable-transplanter-machine-300x225.jpg 300w\" sizes=\"auto, (max-width: 720px) 100vw, 720px\" \/><figcaption class=\"wp-element-caption\">c\u1ea5u t\u1ea1o c\u1ee7a m\u00e1y c\u1ea5y rau b\u00e1nh x\u00edch<\/figcaption><\/figure> <\/div>   <h4 class=\"wp-block-heading\" id=\"h-technical-parameters-1\"><strong>Th\u00f4ng s\u1ed1 k\u1ef9 thu\u1eadt c\u1ee7a m\u00e1y c\u1ea5y c\u00e2y gi\u1ed1ng<\/strong><\/h4>    <figure class=\"wp-block-table\"><table><tbody><tr><td>Ng\u01b0\u1eddi m\u1eabu<\/td><td>2ZBLZ-4<\/td><td>2ZBLZ-6<\/td><td>2ZBLZ-8<\/td><td>2ZBLZ-10<\/td><td>2ZBLZ-12<\/td><\/tr><tr><td>Kho\u1ea3ng c\u00e1ch c\u00e2y<\/td><td>200-450mm<\/td><td>80-200mm<\/td><td>80-200mm<\/td><td>80-200mm<\/td><td>80-200mm<\/td><\/tr><tr><td>Kho\u1ea3ng c\u00e1ch h\u00e0ng<\/td><td>100mm<\/td><td>150-200mm<\/td><td>100-200mm<\/td><td>150mm<\/td><td>100-150mm<\/td><\/tr><tr><td>H\u00e0ng ngang<\/td><td>4<\/td><td>6<\/td><td>8<\/td><td>10<\/td><td>12<\/td><\/tr><tr><td>Quy\u1ec1n l\u1ef1c<\/td><td>4,05kW<\/td><td>7,5kW<\/td><td>7,5kW<\/td><td>7,5kW<\/td><td>7,5kW<\/td><\/tr><\/tbody><\/table><\/figure>    <h3 class=\"wp-block-heading\"><strong>Lo\u1ea1i 3: M\u00e1y c\u1ea5y c\u00e2y con ch\u1ea1y b\u1eb1ng m\u00e1y k\u00e9o<\/strong><\/h3>    <p>M\u00e1y c\u1ea5y n\u00e0y \u0111\u01b0\u1ee3c d\u1eabn \u0111\u1ed9ng b\u1eb1ng m\u00e1y k\u00e9o.  S\u1ed1 h\u00e0ng c\u1ea5y t\u1eeb 2-12 (h\u00e0ng ch\u1eb5n). Nh\u01b0ng h\u1ea7u h\u1ebft c\u00e1c ch\u1ee9c n\u0103ng \u0111\u1ec1u c\u00f3 s\u1eb5n, ch\u1eb3ng h\u1ea1n nh\u01b0 b\u00f3n ph\u00e2n, l\u00e0m \u0111\u1ea5t lu\u00e2n phi\u00ean, l\u00e0m lu\u1ed1ng, gieo h\u1ea1t, t\u01b0\u1edbi nh\u1ecf gi\u1ecdt, ph\u1ee7 m\u00e0ng v\u00e0 t\u01b0\u1edbi n\u01b0\u1edbc. N\u1ebfu b\u1ea1n c\u00f3 nhu c\u1ea7u, vui l\u00f2ng li\u00ean h\u1ec7 v\u1edbi ch\u00fang t\u00f4i b\u1ea5t c\u1ee9 l\u00fac n\u00e0o.<\/p>   <div class=\"wp-block-image\"> <figure class=\"aligncenter size-full\"><img loading=\"lazy\" decoding=\"async\" width=\"720\" height=\"540\" src=\"https:\/\/taizyagromachine.com\/wp-content\/uploads\/2022\/04\/tractor-driven-type-tranaplanter-machine-.jpg\" alt=\"m\u00e1y c\u1ea5y chuy\u1ec3n \u0111\u1ed9ng b\u1eb1ng m\u00e1y k\u00e9o \" class=\"wp-image-2464\" srcset=\"https:\/\/taizyagromachine.com\/wp-content\/uploads\/2022\/04\/tractor-driven-type-tranaplanter-machine-.jpg 720w, https:\/\/taizyagromachine.com\/wp-content\/uploads\/2022\/04\/tractor-driven-type-tranaplanter-machine--300x225.jpg 300w\" sizes=\"auto, (max-width: 720px) 100vw, 720px\" \/><figcaption class=\"wp-element-caption\">m\u00e1y c\u1ea5y chuy\u1ec3n \u0111\u1ed9ng b\u1eb1ng m\u00e1y k\u00e9o <\/figcaption><\/figure> <\/div>   <h4 class=\"wp-block-heading\"><strong>C\u1ea5u t\u1ea1o m\u00e1y c\u1ea5y d\u1eabn \u0111\u1ed9ng b\u1eb1ng m\u00e1y k\u00e9o<\/strong><\/h4>    <p>M\u00e1y c\u1ea5y rau n\u00e0y c\u00f3 m\u00e1y k\u00e9o, c\u1ea7n c\u00f3 m\u1ed9t ng\u01b0\u1eddi \u0111i\u1ec1u khi\u1ec3n. C\u00e1c lo\u1ea1i c\u00f2n l\u1ea1i c\u00f3 c\u1ea5u tr\u00fac t\u01b0\u01a1ng t\u1ef1 hai lo\u1ea1i tr\u00ean.<\/p>   <div class=\"wp-block-image\"> <figure class=\"aligncenter size-full\"><img loading=\"lazy\" decoding=\"async\" width=\"720\" height=\"540\" src=\"https:\/\/taizyagromachine.com\/wp-content\/uploads\/2022\/04\/structure-of-tractor-type-vegetable-transplanter-machine.jpg\" alt=\"c\u1ea5u t\u1ea1o m\u00e1y k\u00e9o-lo\u1ea1i m\u00e1y c\u1ea5y rau c\u1ee7\" class=\"wp-image-2458\" srcset=\"https:\/\/taizyagromachine.com\/wp-content\/uploads\/2022\/04\/structure-of-tractor-type-vegetable-transplanter-machine.jpg 720w, https:\/\/taizyagromachine.com\/wp-content\/uploads\/2022\/04\/structure-of-tractor-type-vegetable-transplanter-machine-300x225.jpg 300w\" sizes=\"auto, (max-width: 720px) 100vw, 720px\" \/><figcaption class=\"wp-element-caption\">c\u1ea5u t\u1ea1o m\u00e1y c\u1ea5y ki\u1ec3u m\u00e1y k\u00e9o<\/figcaption><\/figure> <\/div>   <h4 class=\"wp-block-heading\" id=\"h-technical-parameters-2\"><strong>Th\u00f4ng s\u1ed1 k\u1ef9 thu\u1eadt c\u1ee7a m\u00e1y c\u1ea5y c\u00e2y gi\u1ed1ng ch\u1ea1y b\u1eb1ng m\u00e1y k\u00e9o<\/strong><\/h4>    <figure class=\"wp-block-table\"><table><tbody><tr><td>Ng\u01b0\u1eddi m\u1eabu<\/td><td>2ZBX-2<\/td><td>2ZBX-4<\/td><td>2ZBX-6<\/td><td>2ZBX-8<\/td><td>2ZBX-10<\/td><td>2ZBX-12<\/td><\/tr><tr><td>Kho\u1ea3ng c\u00e1ch c\u00e2y<\/td><td>200-500mm<\/td><td>200-500mm<\/td><td>100-400mm<\/td><td>100-400mm<\/td><td>100-400mm<\/td><td>100-400mm<\/td><\/tr><tr><td>Kho\u1ea3ng c\u00e1ch h\u00e0ng<\/td><td>250-500mm<\/td><td>250-300mm<\/td><td>150-300mm<\/td><td>150-300mm<\/td><td>150-300mm<\/td><td>150-300mm<\/td><\/tr><tr><td>Dung t\u00edch<\/td><td>1000-1700\u33a1\/gi\u1edd<\/td><td>1000-2700\u33a1\/gi\u1edd<\/td><td>1400-3400\u33a1\/gi\u1edd<\/td><td>2000-4000\u33a1\/gi\u1edd<\/td><td>2700-5400\u33a1\/gi\u1edd<\/td><td>3700-6700\u33a1\/gi\u1edd<\/td><\/tr><tr><td>H\u00e0ng ngang<\/td><td>2<\/td><td>4<\/td><td>6<\/td><td>8<\/td><td>10<\/td><td>12<\/td><\/tr><tr><td>Quy\u1ec1n l\u1ef1c<\/td><td>\u226530<\/td><td>\u226550<\/td><td>\u226560<\/td><td>\u226560<\/td><td>\u226560<\/td><td>\u226560<\/td><\/tr><\/tbody><\/table><\/figure>    <h2 class=\"wp-block-heading\"><strong>\u1ee8ng d\u1ee5ng r\u1ed9ng r\u00e3i c\u1ee7a m\u00e1y c\u1ea5y c\u00e2y gi\u1ed1ng rau<\/strong><\/h2>    <p>M\u00e1y n\u00e0y c\u00f3 nhi\u1ec1u \u1ee9ng d\u1ee5ng kh\u00e1c nhau, bao g\u1ed3m rau, d\u01b0a, hoa v\u00e0 c\u00e1c \u1ee9ng d\u1ee5ng kh\u00e1c.<\/p>    <p>C\u00e1c lo\u1ea1i rau nh\u01b0 h\u00e0nh t\u00e2y, c\u00e0 chua, rau di\u1ebfp, b\u1eafp c\u1ea3i, c\u00e0 t\u00edm, \u1edbt, d\u01b0a chu\u1ed9t, v.v.<br>C\u00e1c lo\u1ea1i d\u01b0a nh\u01b0 d\u01b0a h\u1ea5u, d\u01b0a \u0111\u1ecf, b\u00ed ng\u00f4, b\u00ed xanh, v.v.<br>C\u00e1c lo\u1ea1i hoa nh\u01b0 hoa m\u1eabu \u0111\u01a1n, hoa nh\u00e0i, v.v.<br>Nh\u1eefng th\u1ee9 kh\u00e1c nh\u01b0 c\u00e2y gai d\u1ea7u, thu\u1ed1c l\u00e1, v.v.<\/p>    <p>R\u1ea5t mong nh\u1eadn \u0111\u01b0\u1ee3c c\u00e2u h\u1ecfi c\u1ee7a b\u1ea1n v\u00e0 ch\u00fang t\u00f4i s\u1ebd s\u1edbm li\u00ean h\u1ec7 l\u1ea1i v\u1edbi b\u1ea1n.<\/p>   <div class=\"wp-block-image\"> <figure class=\"aligncenter size-full\"><img loading=\"lazy\" decoding=\"async\" width=\"720\" height=\"540\" src=\"https:\/\/taizyagromachine.com\/wp-content\/uploads\/2022\/04\/wide-applications.jpg\" alt=\"\u1ee9ng d\u1ee5ng r\u1ed9ng r\u00e3i\" class=\"wp-image-2461\" srcset=\"https:\/\/taizyagromachine.com\/wp-content\/uploads\/2022\/04\/wide-applications.jpg 720w, https:\/\/taizyagromachine.com\/wp-content\/uploads\/2022\/04\/wide-applications-300x225.jpg 300w\" sizes=\"auto, (max-width: 720px) 100vw, 720px\" \/><figcaption class=\"wp-element-caption\">\u1ee9ng d\u1ee5ng r\u1ed9ng r\u00e3i<\/figcaption><\/figure> <\/div>   <h2 class=\"wp-block-heading\"><strong>So s\u00e1nh m\u00e1y c\u1ea5y t\u1ef1 h\u00e0nh v\u00e0 m\u00e1y c\u1ea5y lo\u1ea1i b\u00e1nh x\u00edch<\/strong><\/h2>    <p class=\"translation-block\">1. <strong>C\u00e1c h\u00e0ng \u00e1p d\u1ee5ng kh\u00e1c nhau<\/strong><\/p>    <p>M\u00e1y c\u1ea5y th\u1ee7 c\u00f4ng ph\u00f9 h\u1ee3p v\u1edbi h\u00e0ng c\u1ea5y \u00edt, ch\u1eb3ng h\u1ea1n nh\u01b0 2 h\u00e0ng v\u00e0 4 h\u00e0ng. N\u1ebfu tr\u1ed3ng tr\u00ean 4 h\u00e0ng h\u00e3y \u0111\u1ed5i lo\u1ea1i kh\u00e1c., \u00a0Trong khi lo\u1ea1i b\u00e1nh x\u00edch c\u00f3 4-12 h\u00e0ng th\u00ec khi ho\u1ea1t \u0111\u1ed9ng nh\u01b0 m\u1ed9t chi\u1ebfc xe t\u0103ng l\u1ea1i \u1ed5n \u0111\u1ecbnh h\u01a1n nh\u1edd c\u00f3 khung \u0111\u1eb7c bi\u1ec7t.<\/p>    <p class=\"translation-block\">2. <strong>Kho\u1ea3ng c\u00e1ch gi\u1eefa c\u00e2y v\u00e0 h\u00e0ng tr\u1ed3ng<\/strong><\/p>    <p>N\u1ebfu kh\u00f4ng gian tr\u1ed3ng c\u00e2y d\u01b0\u1edbi 15cm th\u00ec mua lo\u1ea1i t\u1ef1 h\u00e0nh kh\u00f4ng ph\u1ea3i l\u00e0 l\u1ef1a ch\u1ecdn t\u1ed1t. <\/p>    <p>Lo\u1ea1i m\u00e1y thu th\u1eadp th\u00f4ng tin c\u00f3 kh\u00f4ng gian tr\u1ed3ng h\u1eb9p v\u00e0 kho\u1ea3ng c\u00e1ch h\u00e0ng h\u1eb9p, ch\u1eb3ng h\u1ea1n nh\u01b0 10 * 10cm v\u1edbi m\u1eadt \u0111\u1ed9 tr\u1ed3ng cao. \u00a0H\u00e0ng c\u00e2y c\u00f3 th\u1ec3 t\u1eeb 2 \u0111\u1ebfn 12 h\u00e0ng. \u00a0Ch\u00fang t\u00f4i \u0111\u1ec1 ngh\u1ecb s\u1eed d\u1ee5ng m\u00e1y c\u1ea5y ki\u1ec3u b\u00e1nh x\u00edch.<\/p>    <p class=\"translation-block\">3. <strong>Khu v\u1ef1c l\u00e0m vi\u1ec7c<\/strong><\/p>    <p>Lo\u1ea1i m\u00e1y t\u1ef1 h\u00e0nh ch\u1ee7 y\u1ebfu l\u00e0m vi\u1ec7c \u1edf c\u00e1c c\u00e1nh \u0111\u1ed3ng nh\u1ecf nh\u01b0 nh\u00e0 k\u00ednh, kh\u1ed1i n\u00fai v\u00e0 v\u00f9ng \u0111\u1ed3i n\u00fai. L\u00e0m vi\u1ec7c tr\u00ean c\u00e1c c\u00e1nh \u0111\u1ed3ng c\u00f3 r\u1eb7ng n\u00fai c\u0169ng t\u1ed1t. N\u00f3 c\u00f3 k\u00edch th\u01b0\u1edbc nh\u1ecf v\u00e0 d\u1ec5 v\u1eadn h\u00e0nh.<\/p>    <p>Lo\u1ea1i b\u00e1nh x\u00edch ch\u1ee7 y\u1ebfu l\u00e0m vi\u1ec7c tr\u00ean \u0111\u1ea5t n\u00f4ng nghi\u1ec7p r\u1ed9ng, \u0111\u1ea5t b\u1eb1ng ph\u1eb3ng, l\u00e0m vi\u1ec7c kh\u00f4ng c\u00f3 s\u01b0\u1eddn n\u00fai s\u1ebd t\u1ed1t h\u01a1n. N\u00f3 c\u00f3 hi\u1ec7u qu\u1ea3 l\u00e0m vi\u1ec7c cao.<\/p>    <h2 class=\"wp-block-heading\"><strong>Tr\u01b0\u1eddng h\u1ee3p th\u00e0nh c\u00f4ng: M\u00e1y c\u1ea5y rau t\u1ef1 \u0111\u1ed9ng xu\u1ea5t kh\u1ea9u sang Colombia<\/strong><\/h2>    <p>Kh\u00e1ch h\u00e0ng Colombia n\u00e0y \u0111\u00e3 s\u1eb5n s\u00e0ng c\u1ea5y rau di\u1ebfp v\u00e0 \u0111\u00e3 c\u00f3 m\u00e1y tr\u1ed3ng c\u00e2y gi\u1ed1ng rau di\u1ebfp. V\u00ec v\u1eady, sau khi anh \u1ea5y \u0111\u1ebfn v\u1edbi ch\u00fang t\u00f4i t\u1eeb trang web Google, m\u1ee5c \u0111\u00edch r\u1ea5t r\u00f5 r\u00e0ng, \u0111\u00f3 l\u00e0 c\u1ea5y rau di\u1ebfp. Nh\u01b0 v\u1eady, khi n\u00f3i chi ti\u1ebft, tr\u01b0\u1edfng ph\u00f2ng kinh doanh c\u1ee7a ch\u00fang t\u00f4i bi\u1ebft r\u1eb1ng m\u00ecnh \u0111ang c\u1ea5y tr\u00ean m\u1eb7t \u0111\u1ea5t b\u1eb1ng ph\u1eb3ng v\u00e0 l\u00e0 4 h\u00e0ng. \u0110\u00e2y l\u00e0 l\u00fd do t\u1ea1i sao gi\u00e1m \u0111\u1ed1c b\u00e1n h\u00e0ng c\u1ee7a ch\u00fang t\u00f4i \u0111\u00e3 gi\u1edbi thi\u1ec7u m\u00e1y c\u1ea5y t\u1ef1 h\u00e0nh cho anh \u1ea5y. Sau khi hi\u1ec3u \u0111\u01b0\u1ee3c hi\u1ec7u su\u1ea5t, th\u00f4ng s\u1ed1, video ho\u1ea1t \u0111\u1ed9ng, v.v. c\u00f3 li\u00ean quan c\u1ee7a m\u00e1y, ch\u00fang t\u00f4i \u0111\u00e3 \u0111\u1ea1t \u0111\u01b0\u1ee3c s\u1ef1 h\u1ee3p t\u00e1c trong n\u0103m nay. V\u00e0 v\u00e0o th\u00e1ng 4, ch\u00fang t\u00f4i \u0111\u00e3 chu\u1ea9n b\u1ecb m\u00e1y v\u00e0 v\u1eadn chuy\u1ec3n n\u00f3 \u0111\u1ebfn \u0111\u00edch.<\/p>    <h2 class=\"wp-block-heading\"><strong>C\u00e2u h\u1ecfi th\u01b0\u1eddng g\u1eb7p v\u1ec1 m\u00e1y c\u1ea5y rau<\/strong><\/h2>   <div id=\"rank-math-faq\" class=\"rank-math-block\"> <div class=\"rank-math-list\"> <div id=\"faq-question-1665561421755\" class=\"rank-math-list-item\"> <h3 class=\"rank-math-question\"><strong>H\u1ecfi: Nh\u00e0 m\u00e1y c\u1ee7a b\u1ea1n \u1edf \u0111\u00e2u?<\/strong><\/h3> <div class=\"rank-math-answer\">  <p>A: Th\u00e0nh ph\u1ed1 Thanh Ch\u00e2u, t\u1ec9nh Th\u01b0\u1ee3ng \u0110\u00f4ng. \u0110\u00f3 l\u00e0 th\u00e0nh ph\u1ed1 c\u1ee7a nh\u00e0 m\u00e1y.<\/p>  <\/div> <\/div> <div id=\"faq-question-1665561428575\" class=\"rank-math-list-item\"> <h3 class=\"rank-math-question\"><strong>H\u1ecfi: M\u00e1y n\u00e0y th\u00edch h\u1ee3p \u0111\u1ec3 c\u1ea5y nh\u1eefng lo\u1ea1i rau n\u00e0o?<\/strong><a href=\"\/vi\/What vegetables are suitable for this machine to transplant\/\"><\/a><\/h3> <div class=\"rank-math-answer\">  <p>A: C\u00e0 chua, rau di\u1ebfp, b\u1eafp c\u1ea3i Trung Qu\u1ed1c, b\u1eafp c\u1ea3i, ng\u00f4 ng\u1ecdt, b\u00ed ng\u00f4, h\u1ea1t c\u00e2y gai d\u1ea7u, \u0111\u1eadu b\u1eafp, d\u01b0a chu\u1ed9t, c\u00e0 t\u00edm, d\u01b0a, d\u01b0a h\u1ea5u, \u1edbt chu\u00f4ng, \u1edbt, \u0111\u1eadu, v.v.\u00a0<\/p>  <\/div> <\/div> <div id=\"faq-question-1665561446928\" class=\"rank-math-list-item\"> <h3 class=\"rank-math-question\"><strong>H\u1ecfi: C\u00f4ng su\u1ea5t c\u1ee7a m\u00e1y c\u1ea5y rau \u0111i\u1ec1u khi\u1ec3n b\u1eb1ng m\u00e1y k\u00e9o l\u00e0 bao nhi\u00eau?<\/strong><\/h3> <div class=\"rank-math-answer\">  <p>A: 3600 c\u00e2y\/gi\u1edd.<\/p>  <\/div> <\/div> <div id=\"faq-question-1665561466160\" class=\"rank-math-list-item\"> <h3 class=\"rank-math-question\"><strong>H\u1ecfi: M\u00e1y n\u00e0y c\u00f3 ch\u1ee9c n\u0103ng quay phim kh\u00f4ng?<\/strong><\/h3> <div class=\"rank-math-answer\">  <p>A: T\u1ea5t nhi\u00ean, c\u1ea3 lo\u1ea1i b\u00e1nh x\u00edch v\u00e0 lo\u1ea1i m\u00e1y k\u00e9o \u0111\u1ec1u c\u00f3 th\u1ec3.<\/p>  <\/div> <\/div> <div id=\"faq-question-1665561479407\" class=\"rank-math-list-item\"> <h3 class=\"rank-math-question\"><strong>Q: C\u00f2n ch\u1ee9c n\u0103ng vi\u1ec1n th\u00ec sao?<\/strong><\/h3> <div class=\"rank-math-answer\">  <p>Tr\u1ea3 l\u1eddi: Hi\u1ec7n ch\u1ec9 c\u00f3 m\u00e1y c\u1ea5y lo\u1ea1i d\u1eabn \u0111\u1ed9ng b\u1eb1ng m\u00e1y k\u00e9o.<\/p>  <\/div> <\/div> <div id=\"faq-question-1665561496575\" class=\"rank-math-list-item\"> <h3 class=\"rank-math-question\"><strong>Q: L\u00e0m th\u1ebf n\u00e0o v\u1ec1 b\u1ea3o h\u00e0nh v\u00e0 d\u1ecbch v\u1ee5 sau?<\/strong><\/h3> <div class=\"rank-math-answer\">  <p>A: 2 n\u0103m b\u1ea3o h\u00e0nh. Ch\u00fang t\u00f4i cung c\u1ea5p c\u00e1c b\u1ed9 ph\u1eadn c\u1ee7a m\u00e1y, video v\u1ec1 c\u00e1ch c\u00e0i \u0111\u1eb7t m\u00e1y v\u00e0 d\u1ecbch v\u1ee5 tr\u1ef1c tuy\u1ebfn d\u00e0nh cho k\u1ef9 s\u01b0.<\/p>  <\/div> <\/div> <div id=\"faq-question-1665561509407\" class=\"rank-math-list-item\"> <h3 class=\"rank-math-question\"><strong>H\u1ecfi: S\u00e2n bay n\u00e0o g\u1ea7n nh\u1ea5t?<\/strong><\/h3> <div class=\"rank-math-answer\">  <p>A: S\u00e2n bay Thanh \u0110\u1ea3o. T\u1eeb s\u00e2n bay \u0111\u1ebfn nh\u00e0 m\u00e1y m\u1ea5t 3 gi\u1edd \u0111i \u00f4 t\u00f4.<\/p>  <\/div> <\/div> <\/div> <\/div>   <h2 class=\"wp-block-heading\"><strong>Video M\u00e1y c\u1ea5y rau 4 h\u00e0ng<\/strong><\/h2>    <figure class=\"wp-block-embed is-type-video is-provider-youtube wp-block-embed-youtube wp-embed-aspect-16-9 wp-has-aspect-ratio\"><div class=\"wp-block-embed__wrapper\"> <iframe loading=\"lazy\" title=\"M\u00e1y c\u1ea5y c\u00e2y gi\u1ed1ng rau 4 h\u00e0ng ch\u1ea1y b\u1eb1ng m\u00e1y k\u00e9o ho\u1ea1t \u0111\u1ed9ng nh\u01b0 th\u1ebf n\u00e0o? | M\u00e1y c\u1ea5y #replant\" width=\"500\" height=\"281\" src=\"https:\/\/www.youtube.com\/embed\/-hwDno985Kk?feature=oembed\" frameborder=\"0\" allow=\"accelerometer; autoplay; clipboard-write; encrypted-media; gyroscope; picture-in-picture; web-share\" referrerpolicy=\"strict-origin-when-cross-origin\" allowfullscreen><\/iframe> <\/div><\/figure>","protected":false},"excerpt":{"rendered":"<p>As the name suggests, the vegetable transplanter is specially transplanting various vegetables, fruits, and flower seedlings. Seed transplanter machines are available in a wide range of rows, from 2-12 rows. This is a custom machine that can exactly fit your needs. The power is usually a gasoline engine, but it can also be changed according [&hellip;]<\/p>\n","protected":false},"author":1,"featured_media":2465,"parent":0,"template":"","tags":[],"product-type":[31],"class_list":["post-2457","product","type-product","status-publish","has-post-thumbnail","hentry","product-type-nursery-transplanter"],"_links":{"self":[{"href":"https:\/\/taizyagromachine.com\/vi\/wp-json\/wp\/v2\/product\/2457","targetHints":{"allow":["GET"]}}],"collection":[{"href":"https:\/\/taizyagromachine.com\/vi\/wp-json\/wp\/v2\/product"}],"about":[{"href":"https:\/\/taizyagromachine.com\/vi\/wp-json\/wp\/v2\/types\/product"}],"author":[{"embeddable":true,"href":"https:\/\/taizyagromachine.com\/vi\/wp-json\/wp\/v2\/users\/1"}],"wp:featuredmedia":[{"embeddable":true,"href":"https:\/\/taizyagromachine.com\/vi\/wp-json\/wp\/v2\/media\/2465"}],"wp:attachment":[{"href":"https:\/\/taizyagromachine.com\/vi\/wp-json\/wp\/v2\/media?parent=2457"}],"wp:term":[{"taxonomy":"post_tag","embeddable":true,"href":"https:\/\/taizyagromachine.com\/vi\/wp-json\/wp\/v2\/tags?post=2457"},{"taxonomy":"product-type","embeddable":true,"href":"https:\/\/taizyagromachine.com\/vi\/wp-json\/wp\/v2\/product-type?post=2457"}],"curies":[{"name":"wp","href":"https:\/\/api.w.org\/{rel}","templated":true}]}}