{"id":2551,"date":"2022-05-07T02:48:46","date_gmt":"2022-05-07T02:48:46","guid":{"rendered":"https:\/\/taizyagromachine.com\/?post_type=product&#038;p=2551"},"modified":"2025-01-06T14:21:19","modified_gmt":"2025-01-06T06:21:19","slug":"chaff-cutter-and-grain-grinder","status":"publish","type":"product","link":"https:\/\/taizyagromachine.com\/vi\/product\/chaff-cutter-and-grain-grinder\/","title":{"rendered":"M\u00e1y c\u1eaft tr\u1ea5u v\u00e0 m\u00e1y xay ng\u0169 c\u1ed1c"},"content":{"rendered":"<p>M\u00e1y c\u1eaft c\u1ecf v\u00e0 m\u00e1y nghi\u1ec1n ng\u0169 c\u1ed1c n\u00e0y l\u00e0 s\u1ea3n ph\u1ea9m n\u00e2ng c\u1ea5p c\u1ee7a ch\u00fang t\u00f4i \u0111\u1ec3 c\u1eaft c\u1ecf v\u00e0 nghi\u1ec1n ng\u0169 c\u1ed1c. M\u00e1y d\u00f2ng 9ZRF c\u00f3 c\u1ea5u tr\u00fac \u0111\u01a1n gi\u1ea3n, thi\u1ebft k\u1ebf h\u1ee3p l\u00fd v\u00e0 d\u1ec5 v\u1eadn h\u00e0nh. M\u00e1y c\u1eaft r\u01a1m v\u00e0 m\u00e1y nghi\u1ec1n ng\u0169 c\u1ed1c n\u00e0y c\u00f3 th\u1ec3 th\u1ef1c hi\u1ec7n x\u1eed l\u00fd nhi\u1ec1u lo\u1ea1i \u1ed1ng h\u00fat c\u00e2y tr\u1ed3ng v\u00e0 ph\u00f9 h\u1ee3p cho vi\u1ec7c s\u1eed d\u1ee5ng c\u00e1c \u0111\u1ed9ng v\u1eadt c\u00f3 h\u00e0ng l\u1edbn h\u01a1n nh\u01b0 gia s\u00fac, l\u1ee3n, ng\u1ed7ng v\u00e0 ng\u1ef1a. M\u00e1y c\u00f3 th\u1ec3 c\u1eaft r\u01a1m, c\u1ecf th\u00e0nh nh\u1eefng d\u1ea3i m\u1ec1m c\u00f3 chi\u1ec1u d\u00e0i \u0111\u1ed3ng \u0111\u1ec1u. N\u00f3 c\u0169ng c\u00f3 th\u1ec3 xay ng\u0169 c\u1ed1c l\u00e0m th\u1ee9c \u0103n ch\u0103n nu\u00f4i ph\u00f9 h\u1ee3p cho gia c\u1ea7m. N\u1ebfu quan t\u00e2m, xin vui l\u00f2ng li\u00ean h\u1ec7 v\u1edbi ch\u00fang t\u00f4i.<\/p>    <h2 class=\"wp-block-heading\" id=\"h-working-video-of-combined-grass-grain-grinder-machine\"><strong>Video ho\u1ea1t \u0111\u1ed9ng c\u1ee7a m\u00e1y nghi\u1ec1n h\u1ea1t c\u1ecf k\u1ebft h\u1ee3p<\/strong><\/h2>    <figure class=\"wp-block-embed is-type-video is-provider-youtube wp-block-embed-youtube wp-embed-aspect-16-9 wp-has-aspect-ratio\"><div class=\"wp-block-embed__wrapper\"> <iframe loading=\"lazy\" title=\"M\u00e1y c\u1eaft c\u1ecf v\u00e0 nghi\u1ec1n ng\u0169 c\u1ed1c - L\u00e0m th\u1ebf n\u00e0o \u0111\u1ec3 c\u1eaft c\u1ecf, th\u00e2n c\u00e2y v\u00e0 nghi\u1ec1n ng\u00f4? #caffcutter #silage\" width=\"500\" height=\"281\" src=\"https:\/\/www.youtube.com\/embed\/G5bzZxbTA6I?feature=oembed\" frameborder=\"0\" allow=\"accelerometer; autoplay; clipboard-write; encrypted-media; gyroscope; picture-in-picture; web-share\" referrerpolicy=\"strict-origin-when-cross-origin\" allowfullscreen><\/iframe> <\/div><\/figure>    <figure class=\"wp-block-embed is-type-video is-provider-youtube wp-block-embed-youtube wp-embed-aspect-16-9 wp-has-aspect-ratio\"><div class=\"wp-block-embed__wrapper\"> <iframe loading=\"lazy\" title=\"M\u00e1y c\u1eaft v\u1ecf tr\u1ea5u v\u00e0 m\u00e1y xay ng\u0169 c\u1ed1c | m\u00e1y nghi\u1ec1n h\u1ea1t c\u1ecf k\u1ebft h\u1ee3p | m\u00e1y c\u1eaft r\u01a1m v\u00e0 m\u00e1y xay ng\u0169 c\u1ed1c\" width=\"500\" height=\"281\" src=\"https:\/\/www.youtube.com\/embed\/cF8y2xCfVfk?feature=oembed\" frameborder=\"0\" allow=\"accelerometer; autoplay; clipboard-write; encrypted-media; gyroscope; picture-in-picture; web-share\" referrerpolicy=\"strict-origin-when-cross-origin\" allowfullscreen><\/iframe> <\/div><\/figure>    <h2 class=\"wp-block-heading\"><strong>C\u1ea5u t\u1ea1o c\u1ee7a m\u00e1y c\u1eaft tr\u1ea5u v\u00e0 m\u00e1y nghi\u1ec1n ng\u0169 c\u1ed1c <\/strong><\/h2>    <p>M\u00e1y m\u00e0i c\u1ecf \u0111\u01b0\u1ee3c rao b\u00e1n n\u00e0y c\u00f3 thi\u1ebft k\u1ebf r\u1ea5t th\u00e2n thi\u1ec7n v\u1edbi ng\u01b0\u1eddi d\u00f9ng. B\u1edfi v\u00ec n\u00f3 \u0111\u01b0\u1ee3c s\u1ea3n xu\u1ea5t theo s\u1ef1 ph\u00e1t tri\u1ec3n c\u1ee7a n\u00f4ng nghi\u1ec7p. Tr\u01b0\u1edbc h\u1ebft, c\u1ecf v\u00e0 ng\u0169 c\u1ed1c \u0111i v\u00e0o t\u1eeb c\u00e1c c\u1eeda v\u00e0o kh\u00e1c nhau. Ngo\u00e0i ra, chi\u1ec1u d\u00e0i c\u1ee7a c\u1ecf c\u1eaft c\u00f3 th\u1ec3 \u0111\u01b0\u1ee3c \u0111i\u1ec1u ch\u1ec9nh. Ngo\u00e0i ra c\u00f2n c\u00f3 l\u1ed1c xo\u00e1y, c\u00f3 th\u1ec3 g\u1eafn th\u00eam t\u00fai v\u1ea3i b\u00ean d\u01b0\u1edbi \u0111\u1ec3 gi\u1ea3m b\u1ee5i. Th\u00f4ng th\u01b0\u1eddng, m\u00e1y xay h\u1ea1t c\u1ecf li\u00ean h\u1ee3p s\u1eed d\u1ee5ng \u0111\u1ed9ng c\u01a1 \u0111i\u1ec7n nh\u01b0ng c\u0169ng c\u00f3 th\u1ec3 trang b\u1ecb th\u00eam \u0111\u1ed9ng c\u01a1 diesel \u0111\u1ec3 cung c\u1ea5p \u0111\u1ee7 n\u0103ng l\u01b0\u1ee3ng cho m\u00e1y ho\u1ea1t \u0111\u1ed9ng.<\/p>   <div class=\"wp-block-image\"> <figure class=\"aligncenter size-full\"><img loading=\"lazy\" decoding=\"async\" width=\"720\" height=\"540\" src=\"https:\/\/taizyagromachine.com\/wp-content\/uploads\/2022\/05\/structure-of-chaff-cutter-and-grinder.jpg\" alt=\"c\u1ea5u tr\u00fac c\u1ee7a m\u00e1y c\u1eaft v\u00e0 m\u00e1y nghi\u1ec1n\" class=\"wp-image-2555\"\/><figcaption class=\"wp-element-caption\">c\u1ea5u tr\u00fac c\u1ee7a m\u00e1y c\u1eaft v\u00e0 m\u00e1y nghi\u1ec1n<\/figcaption><\/figure> <\/div>   <h2 class=\"wp-block-heading\"><strong>Th\u00f4ng s\u1ed1 k\u1ef9 thu\u1eadt c\u1ee7a m\u00e1y c\u1eaft tr\u1ea5u v\u00e0 m\u00e1y nghi\u1ec1n ng\u0169 c\u1ed1c<\/strong><\/h2>    <p>M\u00e1y c\u1eaft v\u1ecf tr\u1ea5u v\u00e0 m\u00e1y nghi\u1ec1n ng\u0169 c\u1ed1c c\u00f3 nhi\u1ec1u c\u00f4ng su\u1ea5t kh\u00e1c nhau n\u00ean b\u1ea1n c\u00f3 th\u1ec3 ch\u1ecdn lo\u1ea1i ph\u00f9 h\u1ee3p v\u1edbi m\u00ecnh. M\u1eb7c d\u00f9 s\u1ed1 l\u01b0\u1ee3ng l\u01b0\u1ee1i dao l\u00e0 nh\u01b0 nhau nh\u01b0ng c\u00e1c l\u01b0\u1ee1i dao c\u00f3 chi\u1ec1u d\u00e0i kh\u00f4ng gi\u1ed1ng nhau n\u00ean c\u00f4ng su\u1ea5t \u0111\u1ea7u ra c\u00f3 th\u1ec3 kh\u00e1c nhau.<\/p>    <figure class=\"wp-block-table\"><table><tbody><tr><td>Ng\u01b0\u1eddi m\u1eabu<\/td><td>Quy\u1ec1n l\u1ef1c<\/td><td>Dung t\u00edch<\/td><td>Chi\u1ec1u d\u00e0i l\u01b0\u1ee1i<\/td><td>S\u1ed1 l\u01b0\u1ee3ng l\u01b0\u1ee1i<\/td><td>K\u00edch th\u01b0\u1edbc t\u1ed5ng th\u1ec3<\/td><\/tr><tr><td>9ZRF-3.8<\/td><td>hai pha 4,5kW, ba pha 3kW<\/td><td>3800kg\/gi\u1edd<\/td><td>220*70*6mm<\/td><td>5<\/td><td>1700*1200*1500mm<\/td><\/tr><tr><td>9ZRF-4.8<\/td><td>hai pha 4,5kW, ba pha 3kW<\/td><td>4000kg\/gi\u1edd<\/td><td>280*70*6mm<\/td><td>5<\/td><td>1950*1200*1800mm<\/td><\/tr><\/tbody><\/table><\/figure>    <h2 class=\"wp-block-heading\" id=\"h-spotlights-of-straw-cutter-and-grain-grinder\"><strong>\u0110\u00e8n pha c\u1ee7a m\u00e1y c\u1eaft r\u01a1m v\u00e0 m\u00e1y xay ng\u0169 c\u1ed1c<\/strong><\/h2>    <ul class=\"wp-block-list\"> <li>Cho \u0103n t\u1ef1 \u0111\u1ed9ng. \u0110\u1eb7t c\u1ecf \u01b0\u1edbt ho\u1eb7c kh\u00f4 \u1edf l\u1ed1i v\u00e0o v\u00e0 c\u1ecf s\u1ebd t\u1ef1 \u0111\u1ed9ng \u0111i v\u00e0o khoang l\u00e0m vi\u1ec7c, r\u1ea5t ti\u1ec7n l\u1ee3i v\u00e0 nhanh ch\u00f3ng, ti\u1ebft ki\u1ec7m th\u1eddi gian.<\/li>    <li>L\u01b0\u1ee1i dao c\u00f3 kh\u1ea3 n\u0103ng ch\u1ed1ng m\u00e0i m\u00f2n v\u00e0 t\u1ed3n t\u1ea1i l\u00e2u d\u00e0i. M\u00e1y c\u1eaft v\u1ecf tr\u1ea5u v\u00e0 m\u00e1y nghi\u1ec1n ng\u0169 c\u1ed1c n\u00e0y \u0111\u01b0\u1ee3c ch\u1ebf t\u1ea1o b\u1eb1ng l\u01b0\u1ee1i dao ch\u1ea5t l\u01b0\u1ee3ng cao cho tu\u1ed5i th\u1ecd s\u1eed d\u1ee5ng l\u00e2u d\u00e0i.<\/li>    <li>M\u00e1y th\u1ed5i kh\u00ed gi\u00fap c\u1ecf v\u00e0 ng\u0169 c\u1ed1c \u0111\u01b0\u1ee3c th\u1ea3i ra nhanh ch\u00f3ng v\u00e0 hi\u1ec7u qu\u1ea3.<\/li>    <li>Linh ho\u1ea1t. M\u00e1y c\u1eaft c\u1ecf v\u00e0 nghi\u1ec1n ng\u00f4 n\u00e0y kh\u00f4ng ch\u1ec9 c\u00f3 th\u1ec3 c\u1eaft c\u1ecf m\u00e0 c\u00f2n c\u00f3 th\u1ec3 xay ng\u0169 c\u1ed1c.<\/li>    <li>\u0110\u01b0\u1ee3c trang b\u1ecb ba lo\u1ea1i l\u01b0\u1ee1i dao. Khi nguy\u00ean li\u1ec7u v\u00e0o x\u01b0\u1edfng, l\u01b0\u1ee1i c\u1eaft gi\u00fap c\u1ecf c\u1eaft m\u1ec1m v\u00e0 m\u1ecbn h\u01a1n.<\/li> <\/ul>    <figure class=\"wp-block-gallery aligncenter has-nested-images columns-default is-cropped wp-block-gallery-2 is-layout-flex wp-block-gallery-is-layout-flex\"> <figure class=\"wp-block-image size-large\"><img loading=\"lazy\" decoding=\"async\" width=\"720\" height=\"540\" data-id=\"2562\" src=\"https:\/\/taizyagromachine.com\/wp-content\/uploads\/2022\/05\/automatic-feeding.jpg\" alt=\"cho \u0103n t\u1ef1 \u0111\u1ed9ng\" class=\"wp-image-2562\"\/><figcaption class=\"wp-element-caption\">cho \u0103n t\u1ef1 \u0111\u1ed9ng<\/figcaption><\/figure>    <figure class=\"wp-block-image size-full\"><img loading=\"lazy\" decoding=\"async\" width=\"720\" height=\"540\" data-id=\"2561\" src=\"https:\/\/taizyagromachine.com\/wp-content\/uploads\/2022\/05\/internal-blades.jpg\" alt=\"l\u01b0\u1ee1i dao b\u00ean trong\" class=\"wp-image-2561\"\/><figcaption class=\"wp-element-caption\">l\u01b0\u1ee1i b\u00ean trong<\/figcaption><\/figure>    <figure class=\"wp-block-image size-full\"><img loading=\"lazy\" decoding=\"async\" width=\"720\" height=\"540\" data-id=\"2560\" src=\"https:\/\/taizyagromachine.com\/wp-content\/uploads\/2022\/05\/blower.jpg\" alt=\"m\u00e1y th\u1ed5i\" class=\"wp-image-2560\"\/><figcaption class=\"wp-element-caption\">m\u00e1y th\u1ed5i<\/figcaption><\/figure> <\/figure>    <h2 class=\"wp-block-heading\"><strong>Nh\u1eefng \u1ee9ng d\u1ee5ng n\u00e0o c\u1ee7a m\u00e1y c\u1eaft th\u1ee9c \u0103n ch\u0103n nu\u00f4i?<\/strong><\/h2>    <p class=\"translation-block\">L\u00e0 <a href=\"https:\/\/taizyagromachine.com\/vi\/\" target=\"_blank\" rel=\"noreferrer noopener\">nh\u00e0 s\u1ea3n xu\u1ea5t v\u00e0 cung c\u1ea5p m\u00e1y m\u00f3c n\u00f4ng nghi\u1ec7p chuy\u00ean nghi\u1ec7p<\/a>, ch\u00fang t\u00f4i c\u00f3 nhi\u1ec1u lo\u1ea1i s\u1ea3n ph\u1ea9m. Lo\u1ea1i m\u00e1y c\u1eaft c\u1ecf kh\u00f4 n\u00e0y cho n\u00f4ng nghi\u1ec7p c\u00f3 nhi\u1ec1u ch\u1ee9c n\u0103ng. M\u00e1y n\u00e0y c\u00f3 kh\u1ea3 n\u0103ng nghi\u1ec1n c\u1ecf v\u00e0 xay ng\u0169 c\u1ed1c. C\u00e1c lo\u1ea1i c\u1ecf kh\u00f4 v\u00e0 t\u01b0\u01a1i nh\u01b0 c\u1ecf linh l\u0103ng, c\u1ecf roi ng\u1ef1a, th\u00e2n ng\u00f4, c\u1ecf roi ng\u1ef1a t\u00edm, r\u01a1m l\u00faa m\u00ec, c\u1ecf \u0111\u1ed3ng c\u1ecf, v.v. C\u00e1c lo\u1ea1i ng\u0169 c\u1ed1c nh\u01b0 ng\u00f4, \u0111\u1eadu n\u00e0nh, y\u1ebfn m\u1ea1ch, k\u00ea, v\u1ecf \u0111\u1eadu ph\u1ed9ng, l\u00f5i ng\u00f4, v.v. Tr\u00ean th\u1ef1c t\u1ebf, ph\u1ea1m vi \u1ee9ng d\u1ee5ng r\u1ea5t r\u1ed9ng. \u0110\u00e2y l\u00e0 m\u1ed9t chi\u1ebfc m\u00e1y r\u1ea5t t\u1ed1t \u0111\u1ec3 mua.<\/p>    <div class=\"wp-block-columns is-layout-flex wp-container-core-columns-is-layout-9d6595d7 wp-block-columns-is-layout-flex\"> <div class=\"wp-block-column is-layout-flow wp-block-column-is-layout-flow\"><div class=\"wp-block-image\"> <figure class=\"aligncenter size-full\"><img loading=\"lazy\" decoding=\"async\" width=\"720\" height=\"540\" src=\"https:\/\/taizyagromachine.com\/wp-content\/uploads\/2022\/05\/applicable-grass.jpg\" alt=\"c\u1ecf \u00e1p d\u1ee5ng\" class=\"wp-image-2558\"\/><figcaption class=\"wp-element-caption\">c\u1ecf \u00e1p d\u1ee5ng<\/figcaption><\/figure> <\/div><\/div>    <div class=\"wp-block-column is-layout-flow wp-block-column-is-layout-flow\"><div class=\"wp-block-image\"> <figure class=\"aligncenter size-full\"><img loading=\"lazy\" decoding=\"async\" width=\"720\" height=\"540\" src=\"https:\/\/taizyagromachine.com\/wp-content\/uploads\/2022\/05\/various-grains.jpg\" alt=\"c\u00e1c lo\u1ea1i ng\u0169 c\u1ed1c\" class=\"wp-image-2559\"\/><figcaption class=\"wp-element-caption\">c\u00e1c lo\u1ea1i ng\u0169 c\u1ed1c<\/figcaption><\/figure> <\/div><\/div> <\/div>    <h2 class=\"wp-block-heading\" id=\"h-working-principle-of-grass-cutting-and-grain-crushing-machine\"><strong>Nguy\u00ean l\u00fd l\u00e0m vi\u1ec7c c\u1ee7a m\u00e1y c\u1eaft c\u1ecf v\u00e0 nghi\u1ec1n ng\u0169 c\u1ed1c<\/strong><\/h2>    <p>Nguy\u00ean li\u1ec7u c\u1ecf \u0111\u01b0\u1ee3c \u0111\u01b0a v\u00e0o \u0111\u1ea7u v\u00e0o b\u1eb1ng tay v\u00e0 \u0111\u01b0\u1ee3c v\u1eadn chuy\u1ec3n t\u1ef1 \u0111\u1ed9ng. D\u01b0\u1edbi t\u00e1c \u0111\u1ed9ng chung c\u1ee7a c\u00e1c l\u01b0\u1ee1i quay t\u1ed1c \u0111\u1ed9 cao v\u00e0 lu\u1ed3ng kh\u00f4ng kh\u00ed do m\u00e1i ch\u00e8o (l\u01b0\u1ee1i gi\u00f3) g\u00e2y ra, c\u00e1c v\u1eadt li\u1ec7u \u0111i v\u00e0o x\u01b0\u1edfng v\u00e0 b\u1ecb c\u1eaft, c\u1eaft, x\u00e9 v\u00e0 nh\u00e0o b\u1edfi c\u00e1c l\u01b0\u1ee1i dao di \u0111\u1ed9ng v\u00e0 l\u01b0\u1ee1i c\u1ed1 \u0111\u1ecbnh th\u00e0nh l\u1ee5a r\u1eddi v\u00e0 \u0111\u1ee9t c\u00e1c d\u1ea3i \u0111\u01b0\u1ee3c l\u01b0\u1ee1i gi\u00f3 n\u00e9m ra kh\u1ecfi m\u00e1y.<br>Nguy\u00ean li\u1ec7u ng\u0169 c\u1ed1c c\u0169ng v\u1eady, ngo\u1ea1i tr\u1eeb vi\u1ec7c ch\u00fang \u0111i qua m\u00e0n h\u00ecnh v\u00e0 th\u1ea3i ra ngo\u00e0i qua \u1ed5 c\u1eafm.<\/p>   <div class=\"wp-block-image\"> <figure class=\"aligncenter size-full\"><img loading=\"lazy\" decoding=\"async\" width=\"720\" height=\"540\" src=\"https:\/\/taizyagromachine.com\/wp-content\/uploads\/2022\/05\/combined-straw-cutter-and-grinder-machine.jpg\" alt=\"m\u00e1y c\u1eaft v\u00e0 nghi\u1ec1n r\u01a1m k\u1ebft h\u1ee3p\" class=\"wp-image-2571\"\/><figcaption class=\"wp-element-caption\">m\u00e1y c\u1eaft v\u00e0 nghi\u1ec1n r\u01a1m k\u1ebft h\u1ee3p<\/figcaption><\/figure> <\/div>   <h2 class=\"wp-block-heading\"><strong>T\u1ea1i sao n\u00ean ch\u1ecdn Nh\u00e0 s\u1ea3n xu\u1ea5t &amp; Nh\u00e0 cung c\u1ea5p M\u00e1y xay ng\u0169 c\u1ed1c v\u00e0 Chaff Cytter \u0111\u01b0\u1ee3c Taizy Machinery c\u00f4ng nh\u1eadn?<\/strong><\/h2>    <ol class=\"wp-block-list\"> <li><strong>Ti\u1ebft ki\u1ec7m chi ph\u00ed<\/strong>. V\u00ec ch\u00fang t\u00f4i l\u00e0 nh\u00e0 m\u00e1y v\u00e0 th\u01b0\u01a1ng m\u1ea1i t\u00edch h\u1ee3p n\u00ean gi\u00e1 m\u00e1y l\u00e0 gi\u00e1 xu\u1ea5t x\u01b0\u1edfng n\u00ean ch\u00fang t\u00f4i c\u00f3 l\u1ee3i th\u1ebf v\u1ec1 gi\u00e1 so s\u00e1nh. \u0110\u1ed3ng th\u1eddi, ch\u1ea5t l\u01b0\u1ee3ng m\u00e1y m\u00f3c c\u1ee7a ch\u00fang t\u00f4i r\u1ea5t t\u1ed1t.<\/li>    <li><strong>C\u00f3 kinh nghi\u1ec7m xu\u1ea5t kh\u1ea9u<\/strong>. Ch\u00fang t\u00f4i \u0111\u00e3 tham gia v\u00e0o ng\u00e0nh ngo\u1ea1i th\u01b0\u01a1ng h\u01a1n m\u01b0\u1eddi n\u0103m n\u00ean nh\u00e2n vi\u00ean c\u1ee7a ch\u00fang t\u00f4i \u0111\u00e3 quen v\u1edbi quy tr\u00ecnh ngo\u1ea1i th\u01b0\u01a1ng, thu\u1eadn ti\u1ec7n v\u00e0 nhanh ch\u00f3ng h\u01a1n.<\/li>    <li><strong>Ki\u1ebfn th\u1ee9c chuy\u00ean m\u00f4n v\u1eefng ch\u1eafc<\/strong>. Nh\u00e2n vi\u00ean c\u1ee7a ch\u00fang t\u00f4i r\u1ea5t quen thu\u1ed9c v\u00e0 hi\u1ec3u r\u00f5 c\u00e1c s\u1ea3n ph\u1ea9m m\u00e1y m\u00f3c n\u00f4ng nghi\u1ec7p c\u1ee7a ch\u00fang t\u00f4i. V\u00ed d\u1ee5: n\u1ebfu b\u1ea1n c\u1ea7n m\u1ed9t chi\u1ebfc m\u00e1y c\u1eaft chaff, nh\u00e2n vi\u00ean b\u00e1n h\u00e0ng c\u1ee7a ch\u00fang t\u00f4i s\u1ebd cung c\u1ea5p cho b\u1ea1n lo\u1ea1i m\u00e1y ph\u00f9 h\u1ee3p theo nhu c\u1ea7u c\u1ee7a b\u1ea1n.<\/li> <\/ol>    <h2 class=\"wp-block-heading\"><strong>Nh\u1eefng ch\u00fa \u00fd v\u00e0 bi\u1ec7n ph\u00e1p ph\u00f2ng ng\u1eeba c\u1ee7a m\u00e1y c\u1eaft tr\u1ea5u v\u00e0 m\u00e1y nghi\u1ec1n ng\u0169 c\u1ed1c<\/strong><\/h2>    <ol class=\"wp-block-list\"> <li>Khi v\u1eadn h\u00e0nh m\u00e1y c\u1eaft tr\u1ea5u, m\u00e1y xay ng\u0169 c\u1ed1c ph\u1ea3i trang b\u1ecb \u0111\u1ea7y \u0111\u1ee7 c\u00e1c thi\u1ebft b\u1ecb b\u1ea3o h\u1ed9 an to\u00e0n.<\/li>    <li>Ng\u01b0\u1eddi v\u1eadn h\u00e0nh ph\u1ea3i hi\u1ec3u \u0111\u1ea7y \u0111\u1ee7 v\u1ec1 hi\u1ec7u su\u1ea5t c\u1ee7a m\u00e1y v\u00e0 nghi\u00eam c\u1ea5m kh\u1edfi \u0111\u1ed9ng m\u00e1y sau khi u\u1ed1ng r\u01b0\u1ee3u, khi b\u1ecb \u1ed1m ho\u1eb7c qu\u00e1 m\u1ec7t m\u1ecfi. <\/li>    <li>N\u01a1i l\u00e0m vi\u1ec7c ph\u1ea3i r\u1ed9ng r\u00e3i v\u00e0 \u0111\u01b0\u1ee3c trang b\u1ecb thi\u1ebft b\u1ecb ph\u00f2ng ch\u00e1y.<\/li>    <li>M\u00e1y ch\u00e9m ph\u1ea3i l\u00e0m vi\u1ec7c \u0111\u00fang t\u1ed1c \u0111\u1ed9 quy \u0111\u1ecbnh v\u00e0 nghi\u00eam c\u1ea5m l\u00e0m vi\u1ec7c qu\u00e1 t\u1ed1c \u0111\u1ed9 ho\u1eb7c qu\u00e1 t\u1ea3i.<\/li>    <li>L\u01b0\u1ee3ng nguy\u00ean li\u1ec7u n\u1ea1p ph\u1ea3i ph\u00f9 h\u1ee3p, qu\u00e1 nhi\u1ec1u d\u1ec5 g\u00e2y ra hi\u1ec7n t\u01b0\u1ee3ng d\u1eebng qu\u00e1 t\u1ea3i. T\u1ea5t nhi\u00ean, kh\u00f4ng qu\u00e1 \u00edt, qu\u00e1 \u00edt s\u1ebd \u1ea3nh h\u01b0\u1edfng \u0111\u1ebfn hi\u1ec7u qu\u1ea3 c\u1eaft.<\/li>    <li>Tr\u01b0\u1edbc khi d\u1eebng c\u00f4ng vi\u1ec7c, c\u1ea7n k\u00e9o tay c\u1ea7m bi\u1ebfn thi\u00ean v\u1ec1 v\u1ecb tr\u00ed 0, \u0111\u1ec3 m\u00e1y ch\u1ea1y kh\u00f4ng t\u1ea3i kho\u1ea3ng 2 ph\u00fat, sau \u0111\u00f3 d\u1eebng l\u1ea1i sau khi th\u1ed5i b\u1ee5i v\u00e0 c\u1ecf d\u1ea1i b\u00ean trong m\u00e1y.<\/li> <\/ol>    <h2 class=\"wp-block-heading\"><strong>Tr\u01b0\u1eddng h\u1ee3p th\u00e0nh c\u00f4ng: M\u00e1y c\u1eaft v\u1ecf tr\u1ea5u v\u00e0 m\u00e1y nghi\u1ec1n ng\u0169 c\u1ed1c th\u01b0\u01a1ng m\u1ea1i \u0111\u01b0\u1ee3c xu\u1ea5t kh\u1ea9u sang Keyna<\/strong><\/h2>    <p class=\"translation-block\">V\u00e0o th\u00e1ng 2 n\u0103m nay, m\u1ed9t kh\u00e1ch h\u00e0ng t\u1eeb Kenya \u0111\u00e3 y\u00eau c\u1ea7u th\u00f4ng tin v\u1ec1 m\u00e1y c\u1eaft v\u00e0 nghi\u1ec1n c\u1ecf. \u00d4ng c\u00f3 m\u1ed9t trang tr\u1ea1i n\u00f4ng nghi\u1ec7p l\u1edbn v\u1edbi gia s\u00fac, c\u1eebu v\u00e0 g\u00e0. V\u00ec v\u1eady, c\u1ea7n m\u1ed9t l\u01b0\u1ee3ng l\u1edbn th\u1ee9c \u0103n m\u1ed7i ng\u00e0y. Sau khi t\u00ecm hi\u1ec3u t\u00ecnh h\u00ecnh, gi\u00e1m \u0111\u1ed1c b\u00e1n h\u00e0ng c\u1ee7a ch\u00fang t\u00f4i, Coco, \u0111\u00e3 gi\u1edbi thi\u1ec7u cho \u00f4ng m\u1ed9t m\u00e1y c\u1eaft v\u00e0 nghi\u1ec1n r\u01a1m k\u1ebft h\u1ee3p. L\u00fd do l\u00e0 m\u00e1y c\u00f3 th\u1ec3 d\u00f9ng \u0111\u1ec3 c\u1eaft c\u1ecf v\u00e0 nghi\u1ec1n ng\u0169 c\u1ed1c. N\u00f3 r\u1ea5t thi\u1ebft th\u1ef1c. Coco c\u0169ng \u0111\u00e3 g\u1eedi video v\u00e0 h\u00ecnh \u1ea3nh c\u1ee7a m\u00e1y. Sau khi xem, kh\u00e1ch h\u00e0ng Kenya \u0111\u00e3 \u0111\u1eb7t h\u00e0ng ngay l\u1eadp t\u1ee9c. Ch\u00fang t\u00f4i \u0111\u00e3 giao m\u00e1y b\u1eb1ng container \u0111\u1ebfn \u0111i\u1ec3m \u0111\u1ebfn c\u1ee7a \u00f4ng b\u1eb1ng \u0111\u01b0\u1eddng bi\u1ec3n. Hai tu\u1ea7n sau, \u00f4ng \u0111\u00e3 mua th\u00eam m\u1ed9t <a href=\"https:\/\/taizyagromachine.com\/vi\/product\/silage-baler\/\">m\u00e1y \u0111\u00f3ng ki\u1ec7n v\u00e0 qu\u1ea5n c\u1ecf<\/a>.<\/p>   <div class=\"wp-block-image\"> <figure class=\"aligncenter size-full\"><img loading=\"lazy\" decoding=\"async\" width=\"720\" height=\"540\" src=\"https:\/\/taizyagromachine.com\/wp-content\/uploads\/2022\/04\/load-into-the-container-maize-grits-milling-machine.jpg\" alt=\"m\u00e1y nghi\u1ec1n ng\u00f4 n\u1ea1p v\u00e0o container\" class=\"wp-image-2385\" srcset=\"https:\/\/taizyagromachine.com\/wp-content\/uploads\/2022\/04\/load-into-the-container-maize-grits-milling-machine.jpg 720w, https:\/\/taizyagromachine.com\/wp-content\/uploads\/2022\/04\/load-into-the-container-maize-grits-milling-machine-300x225.jpg 300w\" sizes=\"auto, (max-width: 720px) 100vw, 720px\" \/><figcaption class=\"wp-element-caption\">t\u1ea3i v\u00e0o container <\/figcaption><\/figure> <\/div>   <h2 class=\"wp-block-heading\"><strong>C\u00e2u h\u1ecfi th\u01b0\u1eddng g\u1eb7p<\/strong><\/h2>   <div id=\"rank-math-faq\" class=\"rank-math-block\"> <div class=\"rank-math-list\"> <div id=\"faq-question-1666246457624\" class=\"rank-math-list-item\"> <h3 class=\"rank-math-question\"><strong>H\u1ecfi: Ph\u1ee5 ki\u1ec7n c\u00f3 s\u1eb5n kh\u00f4ng?<\/strong><\/h3> <div class=\"rank-math-answer\">  <p>A: B\u1ea1n c\u00f3 th\u1ec3 mua th\u00eam l\u01b0\u1ee1i dao.<\/p>  <\/div> <\/div> <div id=\"faq-question-1666246461628\" class=\"rank-math-list-item\"> <h3 class=\"rank-math-question\"><strong>H\u1ecfi: M\u00e1y c\u1eaft v\u1ecf tr\u1ea5u v\u00e0 m\u00e1y xay ng\u0169 c\u1ed1c c\u00f3 th\u1ec3 nghi\u1ec1n n\u00e1t m\u00eda \u0111\u01b0\u1ee3c kh\u00f4ng?<\/strong><\/h3> <div class=\"rank-math-answer\">  <p>A: C\u00f3, nh\u01b0ng l\u01b0\u1ee1i dao s\u1ebd b\u1ecb m\u00f2n.<\/p>  <\/div> <\/div> <div id=\"faq-question-1666246478374\" class=\"rank-math-list-item\"> <h3 class=\"rank-math-question\"><strong>Q: N\u00f3 c\u00f3 th\u1ec3 \u0111\u01b0\u1ee3c trang b\u1ecb \u0111\u1ed9ng c\u01a1 diesel kh\u00f4ng?<\/strong><\/h3> <div class=\"rank-math-answer\">  <p>Tr\u1ea3 l\u1eddi: C\u00f3, ch\u1ec9 c\u1ea7n k\u1ebft h\u1ee3p \u0111\u1ed9ng c\u01a1 diesel t\u01b0\u01a1ng \u1ee9ng v\u1edbi y\u00eau c\u1ea7u v\u1ec1 c\u00f4ng su\u1ea5t c\u1ee7a n\u00f3.<\/p>  <\/div> <\/div> <div id=\"faq-question-1666246494123\" class=\"rank-math-list-item\"> <h3 class=\"rank-math-question\"><strong>H\u1ecfi: S\u1ef1 kh\u00e1c bi\u1ec7t gi\u1eefa ba lo\u1ea1i n\u00e0y so v\u1edbi m\u00e1y c\u1eaft v\u00e0 m\u00e1y nghi\u1ec1n l\u00e0 g\u00ec?<\/strong><\/h3> <div class=\"rank-math-answer\">  <p class=\"translation-block\">\u0110: M\u00e1y <a href=\"https:\/\/silagebaler.com\/chaff-chopper-corn-stalk-cutter\/\" target=\"_blank\" rel=\"noreferrer noopener\">c\u1eaft c\u1ecf kh\u00f4<\/a> d\u00f9ng \u0111\u1ec3 c\u1eaft c\u1ecf th\u00e0nh c\u00e1c m\u1ea3nh nh\u1ecf; m\u00e1y c\u1eaft c\u1ecf kh\u00f4 v\u00e0 m\u00e1y nghi\u1ec1n ng\u0169 c\u1ed1c d\u00f9ng \u0111\u1ec3 c\u1eaft c\u1ecf th\u00e0nh c\u00e1c m\u1ea3nh m\u1ec1m v\u00e0 m\u1ecbn h\u01a1n; m\u00e1y c\u1eaft c\u1ecf kh\u00f4 v\u00e0 m\u00e1y nghi\u1ec1n ng\u0169 c\u1ed1c kh\u00f4ng ch\u1ec9 c\u1eaft c\u1ecf m\u00e0 c\u00f2n nghi\u1ec1n ng\u0169 c\u1ed1c.<\/p>  <\/div> <\/div> <div id=\"faq-question-1666246509069\" class=\"rank-math-list-item\"> <h3 class=\"rank-math-question\"><strong>H\u1ecfi: Th\u1eddi h\u1ea1n b\u1ea3o h\u00e0nh c\u1ee7a m\u00e1y c\u1eaft v\u1ecf tr\u1ea5u v\u00e0 m\u00e1y nghi\u1ec1n ng\u0169 c\u1ed1c nh\u01b0 th\u1ebf n\u00e0o?<\/strong><\/h3> <div class=\"rank-math-answer\">  <p>\u0110\u00e1p: 1 n\u0103m.<\/p>  <\/div> <\/div> <div id=\"faq-question-1666246532341\" class=\"rank-math-list-item\"> <h3 class=\"rank-math-question\"><strong>H\u1ecfi: C\u00e1ch s\u1eed d\u1ee5ng m\u00e1y c\u1eaft v\u00e0 nghi\u1ec1n r\u01a1m?<\/strong><\/h3> <div class=\"rank-math-answer\">  <p>Tr\u1ea3 l\u1eddi: Thao t\u00e1c r\u1ea5t \u0111\u01a1n gi\u1ea3n v\u00e0 ch\u00fang t\u00f4i s\u1ebd cung c\u1ea5p tr\u1ee3 gi\u00fap b\u1eb1ng video v\u00e0 h\u01b0\u1edbng d\u1eabn tr\u1ef1c tuy\u1ebfn n\u1ebfu c\u1ea7n.<\/p>  <\/div> <\/div> <\/div> <\/div>","protected":false},"excerpt":{"rendered":"<p>This chaff cutter and grain grinder machine is our upgraded product for grass cutting and grain grinding. 9ZRF series machines are simple in structure, reasonable in design and easy to operate. This straw cutter and grain crusher machine can carry out the processing of a wide range of crop straws and is suitable for the [&hellip;]<\/p>\n","protected":false},"author":1,"featured_media":2574,"parent":0,"template":"","tags":[],"product-type":[19],"class_list":["post-2551","product","type-product","status-publish","has-post-thumbnail","hentry","product-type-silage-machine"],"_links":{"self":[{"href":"https:\/\/taizyagromachine.com\/vi\/wp-json\/wp\/v2\/product\/2551","targetHints":{"allow":["GET"]}}],"collection":[{"href":"https:\/\/taizyagromachine.com\/vi\/wp-json\/wp\/v2\/product"}],"about":[{"href":"https:\/\/taizyagromachine.com\/vi\/wp-json\/wp\/v2\/types\/product"}],"author":[{"embeddable":true,"href":"https:\/\/taizyagromachine.com\/vi\/wp-json\/wp\/v2\/users\/1"}],"wp:featuredmedia":[{"embeddable":true,"href":"https:\/\/taizyagromachine.com\/vi\/wp-json\/wp\/v2\/media\/2574"}],"wp:attachment":[{"href":"https:\/\/taizyagromachine.com\/vi\/wp-json\/wp\/v2\/media?parent=2551"}],"wp:term":[{"taxonomy":"post_tag","embeddable":true,"href":"https:\/\/taizyagromachine.com\/vi\/wp-json\/wp\/v2\/tags?post=2551"},{"taxonomy":"product-type","embeddable":true,"href":"https:\/\/taizyagromachine.com\/vi\/wp-json\/wp\/v2\/product-type?post=2551"}],"curies":[{"name":"wp","href":"https:\/\/api.w.org\/{rel}","templated":true}]}}