{"id":2620,"date":"2022-05-10T03:11:54","date_gmt":"2022-05-10T03:11:54","guid":{"rendered":"https:\/\/taizyagromachine.com\/?post_type=product&#038;p=2620"},"modified":"2025-01-02T13:55:15","modified_gmt":"2025-01-02T05:55:15","slug":"straw-cutter-and-grain-grinder","status":"publish","type":"product","link":"https:\/\/taizyagromachine.com\/vi\/product\/straw-cutter-and-grain-grinder\/","title":{"rendered":"M\u00e1y c\u1eaft r\u01a1m v\u00e0 m\u00e1y xay ng\u0169 c\u1ed1c"},"content":{"rendered":"<p class=\"translation-block\">D\u00f2ng m\u00e1y c\u1eaft r\u01a1m v\u00e0 m\u00e1y nghi\u1ec1n ng\u0169 c\u1ed1c n\u00e0y \u0111\u1ea1t \u0111\u01b0\u1ee3c m\u1ee5c \u0111\u00edch s\u1eed d\u1ee5ng \u0111a n\u0103ng, cho ph\u00e9p c\u1eaft b\u1eb1ng k\u00e9o v\u00e0 nghi\u1ec1n ng\u0169 c\u1ed1c. M\u00e1y c\u1eaft n\u00e0y c\u00f3 hi\u1ec7u su\u1ea5t cao, ti\u1ebfng \u1ed3n th\u1ea5p, s\u1ea3n l\u01b0\u1ee3ng cao, an to\u00e0n v\u00e0 \u1ed5n \u0111\u1ecbnh, hi\u1ec7u qu\u1ea3 cao, ti\u00eau th\u1ee5 n\u0103ng l\u01b0\u1ee3ng th\u1ea5p, ch\u1eafc ch\u1eafn v\u00e0 b\u1ec1n b\u1ec9. M\u00e1y c\u1eaft r\u01a1m v\u00e0 m\u00e1y nghi\u1ec1n ng\u0169 c\u1ed1c k\u1ebft h\u1ee3p kh\u00f4ng ch\u1ec9 c\u00f3 th\u1ec3 nghi\u1ec1n r\u01a1m kh\u00f4 v\u00e0 \u01b0\u1edbt, r\u01a1m l\u00faa, r\u01a1m l\u00faa m\u00ec, r\u01a1m b\u00f4ng, c\u00e1c lo\u1ea1i c\u1ecf kh\u00e1c nhau, m\u00e0 c\u00f2n c\u1ea3 ng\u0169 c\u1ed1c nh\u01b0 h\u1ea1t, v\u1ecf \u0111\u1eadu ph\u1ed9ng, l\u00f5i ng\u00f4, \u0111\u1ea7u r\u01a1m ng\u1ecdt, v.v. S\u1ea3n ph\u1ea9m th\u00e0nh ph\u1ea9m sau khi nghi\u1ec1n c\u00f3 th\u1ec3 d\u00f9ng l\u00e0m th\u1ee9c \u0103n ch\u0103n nu\u00f4i. Do \u0111\u00f3, m\u00e1y ph\u00f9 h\u1ee3p cho c\u00e1c nh\u00e0 m\u00e1y nh\u1ecf v\u00e0 v\u1eeba, c\u0169ng nh\u01b0 cho h\u1ed9 gia \u0111\u00ecnh.<br>M\u00e1y c\u1ee7a ch\u00fang t\u00f4i c\u0169ng r\u1ea5t ph\u1ed5 bi\u1ebfn \u1edf n\u01b0\u1edbc ngo\u00e0i, v\u00ed d\u1ee5 nh\u01b0 \u1edf Kenya, Zimbabwe, Peru, Dubai, Nam Phi, Lesotho, v.v.<\/p>    <h2 class=\"wp-block-heading\" id=\"h-type-one-9zf-500b-new-type-chaff-cutter-and-grinder-machine\"><strong>Lo\u1ea1i 1: M\u00e1y c\u1eaft v\u00e0 m\u00e0i tr\u1ea5u 9ZF-500B (Lo\u1ea1i m\u1edbi)<\/strong><\/h2>    <p>M\u00e1y xay ch\u00e9m n\u00e0y c\u00f3 n\u0103m c\u1ed5ng, ba trong s\u1ed1 \u0111\u00f3 l\u00e0 c\u1eeda ra v\u00e0 hai trong s\u1ed1 \u0111\u00f3 l\u00e0 c\u1eeda v\u00e0o. M\u00e1y n\u00e0y d\u1ec5 v\u1eadn h\u00e0nh, c\u00f3 ph\u1ea1m vi ch\u1ebf bi\u1ebfn r\u1ed9ng v\u00e0 c\u00f3 kh\u1ea3 n\u0103ng nghi\u1ec1n n\u00e1t nhi\u1ec1u lo\u1ea1i c\u00e2y tr\u1ed3ng. N\u00f3 c\u00f3 t\u00e1c d\u1ee5ng nghi\u1ec1n t\u1ed1t tr\u00ean v\u1eadt li\u1ec7u v\u00e0 c\u00f3 th\u1eddi gian b\u1ea3o qu\u1ea3n l\u00e2u. V\u00ec v\u1eady, n\u00f3 l\u00e0 l\u00fd t\u01b0\u1edfng \u0111\u1ec3 s\u1eed d\u1ee5ng trong c\u00e1c trang tr\u1ea1i.<\/p>   <div class=\"wp-block-image\"> <figure class=\"aligncenter size-full\"><img loading=\"lazy\" decoding=\"async\" width=\"720\" height=\"540\" src=\"https:\/\/taizyagromachine.com\/wp-content\/uploads\/2022\/05\/combined-hay-cutter-and-grain-grinder.jpg\" alt=\"m\u00e1y c\u1eaft c\u1ecf k\u1ebft h\u1ee3p v\u00e0 m\u00e1y xay ng\u0169 c\u1ed1c\" class=\"wp-image-2635\"\/><figcaption class=\"wp-element-caption\">m\u00e1y c\u1eaft c\u1ecf k\u1ebft h\u1ee3p v\u00e0 m\u00e1y xay ng\u0169 c\u1ed1c<\/figcaption><\/figure> <\/div>   <h3 class=\"wp-block-heading\"><strong>C\u1ea5u t\u1ea1o c\u1ee7a m\u00e1y nghi\u1ec1n r\u01a1m v\u00e0 m\u00e1y nghi\u1ec1n ng\u0169 c\u1ed1c <\/strong><\/h3>    <p class=\"translation-block\">M\u00e1y c\u1eaft c\u1ecf v\u00e0 nghi\u1ec1n ng\u0169 c\u1ed1c n\u00e0y bao g\u1ed3m ba c\u1eeda x\u1ea3, m\u1ed9t \u1edf tr\u00ean c\u00f9ng, m\u1ed9t \u1edf gi\u1eefa v\u00e0 m\u1ed9t \u1edf d\u01b0\u1edbi c\u00f9ng, c\u00f9ng v\u1edbi c\u00e1c c\u1eeda n\u1ea1p cho c\u1ecf v\u00e0 ng\u0169 c\u1ed1c t\u01b0\u01a1ng \u1ee9ng. M\u00e1y \u0111\u01b0\u1ee3c trang b\u1ecb \u0111\u1ed9ng c\u01a1 \u0111\u1ed3ng nguy\u00ean ch\u1ea5t v\u00e0 b\u00e1nh xe di chuy\u1ec3n \u0111\u1ec3 thu\u1eadn ti\u1ec7n cho vi\u1ec7c di chuy\u1ec3n m\u00e1y. Trong ba c\u1eeda x\u1ea3, c\u1eeda tr\u00ean c\u00f9ng d\u00e0nh cho c\u1ecf kh\u00f4, c\u1eeda gi\u1eefa d\u00e0nh cho c\u1ecf \u01b0\u1edbt v\u00e0 c\u1eeda d\u01b0\u1edbi c\u00f9ng d\u00e0nh cho ng\u0169 c\u1ed1c. T\u1ea5m s\u00e0ng c\u00f3 th\u1ec3 \u0111\u01b0\u1ee3c r\u00fat ra khi c\u1eaft c\u1ecf ri\u00eang bi\u1ec7t.<\/p>   <div class=\"wp-block-image\"> <figure class=\"aligncenter size-full\"><img loading=\"lazy\" decoding=\"async\" width=\"720\" height=\"540\" src=\"https:\/\/taizyagromachine.com\/wp-content\/uploads\/2022\/05\/structure-of-straw-cutting-and-grain-grinding-machine.jpg\" alt=\"c\u1ea5u t\u1ea1o c\u1ee7a m\u00e1y c\u1eaft r\u01a1m v\u00e0 nghi\u1ec1n ng\u0169 c\u1ed1c\" class=\"wp-image-2632\"\/><figcaption class=\"wp-element-caption\">c\u1ea5u t\u1ea1o c\u1ee7a m\u00e1y c\u1eaft r\u01a1m v\u00e0 nghi\u1ec1n ng\u0169 c\u1ed1c<\/figcaption><\/figure> <\/div>   <h3 class=\"wp-block-heading\"><strong>Th\u00f4ng s\u1ed1 k\u1ef9 thu\u1eadt c\u1ee7a M\u00e1y c\u1eaft r\u01a1m v\u00e0 m\u00e1y xay ng\u0169 c\u1ed1c<\/strong><\/h3>    <figure class=\"wp-block-table\"><table><tbody><tr><td>Ng\u01b0\u1eddi m\u1eabu<\/td><td>9ZF-500B (Lo\u1ea1i m\u1edbi)<\/td><\/tr><tr><td>M\u00e0n h\u00ecnh ph\u00f9 h\u1ee3p<\/td><td>4 chi\u1ebfc (2\/3\/10\/30)<\/td><\/tr><tr><td>S\u1ee9c m\u1ea1nh ph\u00f9 h\u1ee3p<\/td><td>\u0111\u1ed9ng c\u01a1 3kW<\/td><\/tr><tr><td>T\u1ed1c \u0111\u1ed9 \u0111\u1ed9ng c\u01a1<\/td><td>2800 v\u00f2ng\/ph\u00fat<\/td><\/tr><tr><td>Tr\u1ecdng l\u01b0\u1ee3ng m\u00e1y<\/td><td>68kg (kh\u00f4ng bao g\u1ed3m \u0111\u1ed9ng c\u01a1)<\/td><\/tr><tr><td>\u0110i\u1ec7n \u00e1p \u0111\u1ecbnh m\u1ee9c<\/td><td>220V<\/td><\/tr><tr><td>\u0110\u1ea7u ra m\u00e1y<\/td><td>1200kg\/gi\u1edd<\/td><\/tr><tr><td>k\u00edch th\u01b0\u1edbc t\u1ed5ng th\u1ec3<\/td><td>1220*1070*1190mm<\/td><\/tr><\/tbody><\/table><\/figure>    <h2 class=\"wp-block-heading\"><strong>Lo\u1ea1i 2: M\u00e1y c\u1eaft v\u00e0 nghi\u1ec1n tr\u1ea5u 9ZF-500B <\/strong><\/h2>    <p>So v\u1edbi m\u00e1y tr\u00ean th\u00ec m\u00e1y n\u00e0y \u0111\u01a1n gi\u1ea3n h\u01a1n v\u00e0 hi\u1ec7u n\u0103ng c\u0169ng nh\u01b0 nhau. \u0110\u1ed9 th\u00f4 c\u1ee7a v\u1eadt li\u1ec7u nghi\u1ec1n \u0111\u01b0\u1ee3c ki\u1ec3m so\u00e1t b\u1edfi k\u00edch th\u01b0\u1edbc c\u1ee7a c\u00e1c l\u1ed7 s\u00e0ng khi m\u00e1y c\u1eaft r\u01a1m v\u00e0 m\u00e1y xay ng\u0169 c\u1ed1c n\u00e0y \u0111\u01b0\u1ee3c nghi\u1ec1n. V\u00e0 s\u00e0ng c\u00f3 th\u1ec3 \u0111\u01b0\u1ee3c thay th\u1ebf. C\u0169ng c\u00f3 th\u1ec3 t\u00f9y ch\u1ec9nh m\u00e0n h\u00ecnh theo y\u00eau c\u1ea7u c\u1ee7a kh\u00e1ch h\u00e0ng.<\/p>   <div class=\"wp-block-image\"> <figure class=\"aligncenter size-full\"><img loading=\"lazy\" decoding=\"async\" width=\"720\" height=\"540\" src=\"https:\/\/taizyagromachine.com\/wp-content\/uploads\/2022\/05\/chaff-cutter-and-grain-crusher-machine.jpg\" alt=\"m\u00e1y c\u1eaft v\u1ecf tr\u1ea5u v\u00e0 m\u00e1y nghi\u1ec1n ng\u0169 c\u1ed1c\" class=\"wp-image-2637\"\/><figcaption class=\"wp-element-caption\">m\u00e1y c\u1eaft v\u1ecf tr\u1ea5u v\u00e0 m\u00e1y nghi\u1ec1n ng\u0169 c\u1ed1c<\/figcaption><\/figure> <\/div>   <h3 class=\"wp-block-heading\"><strong>C\u1ea5u t\u1ea1o c\u1ee7a m\u00e1y c\u1eaft tr\u1ea5u v\u00e0 nghi\u1ec1n h\u1ea1t <\/strong><\/h3>    <p>M\u00e1y c\u1eaft r\u01a1m v\u00e0 m\u00e1y nghi\u1ec1n ng\u0169 c\u1ed1c bao g\u1ed3m m\u1ed9t \u0111\u1ea7u v\u00e0o ch\u00e9m, m\u1ed9t \u0111\u1ea7u v\u00e0o h\u1ea1t, m\u1ed9t \u0111\u1ea7u ra phun cao, m\u1ed9t \u0111\u1ea7u ra nghi\u1ec1n v\u00e0 m\u1ed9t b\u1ed9 b\u1ea3o v\u1ec7 d\u00e2y \u0111ai, m\u1ed9t \u0111\u1ed9ng c\u01a1 l\u00f5i \u0111\u1ed3ng nguy\u00ean ch\u1ea5t v\u00e0 c\u00e1c b\u00e1nh xe di \u0111\u1ed9ng. M\u1ed9t s\u1ed1 c\u1ea5u h\u00ecnh c\u00f3 th\u1ec3 \u0111\u01b0\u1ee3c t\u00f9y ch\u1ec9nh theo y\u00eau c\u1ea7u c\u1ee7a kh\u00e1ch h\u00e0ng. Vui l\u00f2ng g\u1ecdi \u0111\u1ec3 bi\u1ebft chi ti\u1ebft.<\/p>   <div class=\"wp-block-image\"> <figure class=\"aligncenter size-full\"><img loading=\"lazy\" decoding=\"async\" width=\"720\" height=\"540\" src=\"https:\/\/taizyagromachine.com\/wp-content\/uploads\/2022\/05\/construction-of-combined-chaff-cutter.jpg\" alt=\"x\u00e2y d\u1ef1ng m\u00e1y c\u1eaft chaff k\u1ebft h\u1ee3p\" class=\"wp-image-2633\"\/><figcaption class=\"wp-element-caption\">x\u00e2y d\u1ef1ng m\u00e1y c\u1eaft chaff k\u1ebft h\u1ee3p<\/figcaption><\/figure> <\/div>   <h3 class=\"wp-block-heading\"><strong>Th\u00f4ng s\u1ed1 k\u1ef9 thu\u1eadt c\u1ee7a m\u00e1y c\u1eaft r\u01a1m v\u00e0 m\u00e1y xay ng\u0169 c\u1ed1c<\/strong><\/h3>    <figure class=\"wp-block-table\"><table><tbody><tr><td>Ng\u01b0\u1eddi m\u1eabu<\/td><td>9ZF-500B<\/td><\/tr><tr><td>M\u00e0n h\u00ecnh ph\u00f9 h\u1ee3p<\/td><td>4 c\u00e1i<\/td><\/tr><tr><td>S\u1ee9c m\u1ea1nh ph\u00f9 h\u1ee3p<\/td><td>\u0111\u1ed9ng c\u01a1 3kW<\/td><\/tr><tr><td>T\u1ed1c \u0111\u1ed9 \u0111\u1ed9ng c\u01a1<\/td><td>2800 v\u00f2ng\/ph\u00fat<\/td><\/tr><tr><td>Tr\u1ecdng l\u01b0\u1ee3ng m\u00e1y<\/td><td>55kg (kh\u00f4ng bao g\u1ed3m \u0111\u1ed9ng c\u01a1)<\/td><\/tr><tr><td>k\u00edch th\u01b0\u1edbc t\u1ed5ng th\u1ec3<\/td><td>920*930*1250mm<\/td><\/tr><tr><td>\u0110\u1ea7u ra m\u00e1y<\/td><td>1200kg\/gi\u1edd<\/td><\/tr><tr><td>Hi\u1ec7u su\u1ea5t nghi\u1ec1n<\/td><td>300-500kg\/gi\u1edd<\/td><\/tr><tr><td>S\u1ed1 l\u01b0\u1ee3ng l\u01b0\u1ee1i dao<\/td><td>3 c\u00e1i<\/td><\/tr><tr><td>N\u00e9m dao<\/td><td>24 chi\u1ebfc<\/td><\/tr><tr><td>Dao ch\u00e0 h\u00ecnh tam gi\u00e1c<\/td><td>18 chi\u1ebfc<\/td><\/tr><tr><td>Ph\u01b0\u01a1ng ph\u00e1p cho \u0103n<\/td><td>cho \u0103n b\u1eb1ng tay<\/td><\/tr><tr><td>Hi\u1ec7u \u1ee9ng ph\u00f3ng \u0111i\u1ec7n<\/td><td>M\u1ec1m m\u01b0\u1ee3t\/b\u1ed9t<\/td><\/tr><\/tbody><\/table><\/figure>    <h2 class=\"wp-block-heading\"><strong>Lo\u1ea1i 3: M\u00e1y c\u1eaft v\u00e0 nghi\u1ec1n r\u01a1m li\u00ean h\u1ee3p 9ZF-1800<\/strong><\/h2>    <p>Nh\u00ecn h\u00ecnh d\u00e1ng c\u00f3 th\u1ec3 th\u1ea5y r\u00f5 chi\u1ebfc m\u00e1y c\u1eaft \u1ed1ng n\u00e0y c\u00f3 \u0111\u1ed9 m\u1edf x\u1ea3 cao h\u01a1n 2 m\u1eabu c\u00f2n l\u1ea1i. M\u00e1y n\u00e0y m\u1ecfng h\u01a1n v\u00e0 d\u00e0i h\u01a1n nhi\u1ec1u v\u00e0 c\u00f3 khung cao h\u01a1n so v\u1edbi. N\u00f3 c\u0169ng r\u1ea5t d\u1ec5 d\u00e0ng \u0111\u1ec3 ho\u1ea1t \u0111\u1ed9ng.<\/p>   <div class=\"wp-block-image\"> <figure class=\"aligncenter size-full\"><img loading=\"lazy\" decoding=\"async\" width=\"720\" height=\"540\" src=\"https:\/\/taizyagromachine.com\/wp-content\/uploads\/2022\/05\/multifunctional-chaff-cutter.jpg\" alt=\"m\u00e1y c\u1eaft v\u1ecf \u0111a n\u0103ng\" class=\"wp-image-2638\"\/><figcaption class=\"wp-element-caption\">m\u00e1y c\u1eaft v\u1ecf \u0111a n\u0103ng<\/figcaption><\/figure> <\/div>   <h3 class=\"wp-block-heading\"><strong>C\u1ea5u t\u1ea1o c\u1ee7a m\u00e1y c\u1eaft v\u00e0 nghi\u1ec1n r\u01a1m li\u00ean h\u1ee3p<\/strong><\/h3>    <p>M\u00e1y c\u1eaft r\u01a1m v\u00e0 m\u00e1y nghi\u1ec1n ng\u0169 c\u1ed1c n\u00e0y bao g\u1ed3m m\u1ed9t c\u1ed5ng x\u1ea3 cao, m\u1ed9t c\u1ed5ng x\u1ea3 th\u1ea5p, m\u1ed9t \u0111\u1ea7u v\u00e0o h\u1ea1t, m\u1ed9t \u0111\u1ea7u v\u00e0o tr\u1ea5u, \u0111\u1ed9ng c\u01a1 v\u00e0 b\u00e1nh xe di chuy\u1ec3n. <\/p>   <div class=\"wp-block-image\"> <figure class=\"aligncenter size-full\"><img loading=\"lazy\" decoding=\"async\" width=\"720\" height=\"540\" src=\"https:\/\/taizyagromachine.com\/wp-content\/uploads\/2022\/05\/structure-details-of-grass-cutting-machine.jpg\" alt=\"chi ti\u1ebft c\u1ea5u t\u1ea1o c\u1ee7a m\u00e1y c\u1eaft c\u1ecf\" class=\"wp-image-2634\"\/><figcaption class=\"wp-element-caption\">chi ti\u1ebft c\u1ea5u t\u1ea1o c\u1ee7a m\u00e1y c\u1eaft c\u1ecf<\/figcaption><\/figure> <\/div>   <h3 class=\"wp-block-heading\"><strong>Th\u00f4ng s\u1ed1 k\u1ef9 thu\u1eadt c\u1ee7a M\u00e1y c\u1eaft r\u01a1m v\u00e0 m\u00e1y xay ng\u0169 c\u1ed1c<\/strong><\/h3>    <figure class=\"wp-block-table\"><table><tbody><tr><td>Ng\u01b0\u1eddi m\u1eabu<\/td><td>9ZF-1800<\/td><\/tr><tr><td>S\u1ee9c m\u1ea1nh ph\u00f9 h\u1ee3p<\/td><td>\u0110\u1ed9ng c\u01a1 m\u1ed9t pha 3kW<\/td><\/tr><tr><td>T\u1ed1c \u0111\u1ed9 \u0111\u1ed9ng c\u01a1<\/td><td>2800 v\u00f2ng\/ph\u00fat<\/td><\/tr><tr><td>Tr\u1ecdng l\u01b0\u1ee3ng m\u00e1y<\/td><td>75kg (kh\u00f4ng bao g\u1ed3m \u0111\u1ed9ng c\u01a1)<\/td><\/tr><tr><td>\u0110i\u1ec7n \u00e1p \u0111\u1ecbnh m\u1ee9c<\/td><td>220V<\/td><\/tr><tr><td>\u0110\u1ea7u ra m\u00e1y<\/td><td>1800kg\/gi\u1edd<\/td><\/tr><tr><td>Ph\u1ea1m vi \u00e1p d\u1ee5ng<\/td><td>b\u00f2, c\u1eebu, l\u1ee3n, g\u00e0, v\u1ecbt, th\u1ecf v\u00e0 c\u00e1c v\u1eadt nu\u00f4i kh\u00e1c<\/td><\/tr><\/tbody><\/table><\/figure>    <h2 class=\"wp-block-heading\" id=\"h-how-does-straw-cutting-and-corn-grinding-machine-mill-grains\"><strong>M\u00e1y c\u1eaft r\u01a1m v\u00e0 nghi\u1ec1n ng\u00f4 xay ng\u0169 c\u1ed1c nh\u01b0 th\u1ebf n\u00e0o?<\/strong><\/h2>    <figure class=\"wp-block-embed is-type-video is-provider-youtube wp-block-embed-youtube wp-embed-aspect-16-9 wp-has-aspect-ratio\"><div class=\"wp-block-embed__wrapper\"> <iframe loading=\"lazy\" title=\"M\u00e1y c\u1eaft tr\u1ea5u v\u00e0 m\u00e1y xay ng\u0169 c\u1ed1c | M\u00e1y c\u1eaft v\u00e0 xay r\u01a1m k\u1ebft h\u1ee3p ho\u1ea1t \u0111\u1ed9ng nh\u01b0 th\u1ebf n\u00e0o? #\u1ea9y #i\u1ec7n\" width=\"500\" height=\"281\" src=\"https:\/\/www.youtube.com\/embed\/Wafde3zwTtA?feature=oembed\" frameborder=\"0\" allow=\"accelerometer; autoplay; clipboard-write; encrypted-media; gyroscope; picture-in-picture; web-share\" referrerpolicy=\"strict-origin-when-cross-origin\" allowfullscreen><\/iframe> <\/div><\/figure>    <h2 class=\"wp-block-heading\"><strong>L\u1ee3i \u00edch c\u1ee7a vi\u1ec7c c\u1eaft c\u1ecf v\u00e0 xay ng\u0169 c\u1ed1c<\/strong><\/h2>    <ul class=\"wp-block-list\"> <li>L\u01b0\u1ee1i th\u00e9p mangan d\u00e0y, c\u1ee9ng c\u00e1p v\u00e0 b\u1ec1n b\u1ec9.<\/li>    <li>\u0110\u1ed9ng c\u01a1 l\u00f5i \u0111\u1ed3ng nguy\u00ean ch\u1ea5t, cung c\u1ea5p to\u00e0n b\u1ed9 c\u00f4ng su\u1ea5t v\u00e0 tu\u1ed5i th\u1ecd d\u00e0i.<\/li>    <li>Nh\u1edd ch\u00e2n \u0111\u1ebf ch\u1eafc ch\u1eafn n\u00ean \u0111\u1ed9ng c\u01a1 \u0111\u01b0\u1ee3c \u0111\u1eb7t ch\u1eafc ch\u1eafn h\u01a1n, ho\u1ea1t \u0111\u1ed9ng \u1ed5n \u0111\u1ecbnh h\u01a1n.<\/li>    <li>Khay n\u1ea1p r\u01a1m d\u00e0y, d\u00e0i h\u01a1n v\u00e0 r\u1ed9ng h\u01a1n gi\u00fap cho vi\u1ec7c cho \u0103n thu\u1eadn ti\u1ec7n v\u00e0 nhanh ch\u00f3ng h\u01a1n.<\/li>    <li>\u0110\u1ea7u v\u00e0o h\u1ea1t, d\u00e0y h\u01a1n v\u00e0 ch\u1eafc h\u01a1n, b\u1ec1n h\u01a1n.<\/li>    <li>Nhi\u1ec1u lo\u1ea1i v\u1eadt li\u1ec7u \u0111\u01b0\u1ee3c s\u1ea3n xu\u1ea5t \u0111\u1ec3 ch\u0103n nu\u00f4i, ng\u1ef1a, gia s\u00fac, c\u1eebu, l\u1ee3n, th\u1ecf, g\u00e0, v\u1ecbt v\u00e0 ng\u1ed7ng, v.v.<\/li> <\/ul>    <h2 class=\"wp-block-heading\"><strong>L\u1eafp \u0111\u1eb7t v\u00e0 v\u1eadn h\u00e0nh m\u00e1y c\u1eaft r\u01a1m v\u00e0 m\u00e1y nghi\u1ec1n ng\u0169 c\u1ed1c<\/strong><\/h2>    <ol class=\"wp-block-list\"> <li>M\u00e1y c\u1eaft r\u01a1m v\u00e0 m\u00e1y xay ng\u0169 c\u1ed1c ph\u1ea3i \u0111\u01b0\u1ee3c l\u1eafp \u0111\u1eb7t \u1edf n\u01a1i b\u1eb1ng ph\u1eb3ng v\u00e0 ch\u1eafc ch\u1eafn.<\/li>    <li>Trang b\u1ecb v\u00e0 l\u1eafp \u0111\u1eb7t \u0111\u1ed9ng c\u01a1 theo y\u00eau c\u1ea7u quy \u0111\u1ecbnh.<\/li>    <li>Tr\u01b0\u1edbc khi l\u1eafp \u0111ai, h\u00e3y ki\u1ec3m tra xem h\u01b0\u1edbng quay c\u1ee7a c\u00f4ng su\u1ea5t \u0111\u1ecbnh m\u1ee9c c\u00f3 ph\u00f9 h\u1ee3p v\u1edbi h\u01b0\u1edbng c\u1eaft c\u1ee7a m\u00e1y c\u1eaft chaff hay kh\u00f4ng. X\u00e1c nh\u1eadn r\u1eb1ng n\u00f3 \u0111\u00fang r\u1ed3i \u0111i\u1ec1u ch\u1ec9nh d\u00e2y \u0111ai l\u1eafp \u0111\u1eb7t v\u00e0 si\u1ebft ch\u1eb7t n\u00f3 \u0111\u00fang c\u00e1ch.<\/li>    <li>Tr\u01b0\u1edbc khi kh\u1edfi \u0111\u1ed9ng m\u00e1y nghi\u1ec1n r\u01a1m, m\u00e1y xay h\u1ea1t, h\u00e3y ki\u1ec3m tra v\u00e0 \u0111i\u1ec1u ch\u1ec9nh khe h\u1edf gi\u1eefa dao chuy\u1ec3n \u0111\u1ed9ng v\u00e0 dao c\u1ed1 \u0111\u1ecbnh sao cho khe h\u1edf \u0111\u01b0\u1ee3c \u0111i\u1ec1u ch\u1ec9nh v\u00e0 ki\u1ec3m so\u00e1t \u1edf m\u1ee9c 0,8 mm tr\u1edf xu\u1ed1ng m\u00e0 kh\u00f4ng b\u1ecb va \u0111\u1eadp, sau \u0111\u00f3 kh\u00f3a ch\u1eb7t c\u00e1c bu l\u00f4ng.<\/li>    <li>Sau khi t\u1ea5t c\u1ea3 c\u00e1c b\u1ed9 ph\u1eadn \u0111\u01b0\u1ee3c \u0111i\u1ec1u ch\u1ec9nh b\u00ecnh th\u01b0\u1eddng v\u00e0 \u0111\u01b0\u1ee3c x\u00e1c nh\u1eadn l\u00e0 ch\u00ednh x\u00e1c, h\u00e3y b\u1eadt ngu\u1ed3n \u0111\u1ec3 v\u1eadn h\u00e0nh th\u1eed. V\u00e0 ki\u1ec3m tra xem c\u00f3 b\u1ea5t k\u1ef3 s\u1ef1 l\u1ecfng l\u1ebbo n\u00e0o trong k\u1ebft n\u1ed1i d\u00e2y bu\u1ed9c c\u1ee7a t\u1eebng b\u1ed9 ph\u1eadn hay kh\u00f4ng v\u00e0 li\u1ec7u c\u00f3 b\u1ea5t k\u1ef3 \u00e2m thanh b\u1ea5t th\u01b0\u1eddng n\u00e0o \u1edf m\u1ed7i b\u1ed9 ph\u1eadn quay hay kh\u00f4ng.<\/li> <\/ol>    <h2 class=\"wp-block-heading\"><strong>Tr\u01b0\u1eddng h\u1ee3p th\u00e0nh c\u00f4ng: 20 b\u1ed9 m\u00e1y c\u1eaft r\u01a1m v\u00e0 m\u00e1y nghi\u1ec1n ng\u0169 c\u1ed1c \u0111\u01b0\u1ee3c xu\u1ea5t kh\u1ea9u sang Peru<\/strong><\/h2>    <p>Kh\u00e1ch h\u00e0ng Peru c\u00f3 m\u1ed9t trang tr\u1ea1i l\u1edbn nu\u00f4i gia s\u00fac v\u00e0 g\u00e0. Anh mu\u1ed1n mua m\u00e1y c\u1eaft r\u01a1m v\u00e0 m\u00e1y xay ng\u0169 c\u1ed1c \u0111\u1ec3 ch\u0103n nu\u00f4i. Gi\u00e1m \u0111\u1ed1c b\u00e1n h\u00e0ng c\u1ee7a ch\u00fang t\u00f4i, Emily, \u0111\u00e3 g\u1eedi cho anh \u1ea5y c\u00e1c th\u00f4ng s\u1ed1 li\u00ean quan c\u1ee7a m\u00e1y, video v\u00e0 \u1ea3nh, v.v. Sau khi xem th\u00f4ng tin n\u00e0y, kh\u00e1ch h\u00e0ng Peru \u0111\u00e3 \u0111\u1ec1 xu\u1ea5t m\u1ed9t s\u1ed1 s\u1eeda \u0111\u1ed5i cho m\u00e1y (4 b\u00e1nh xe l\u1edbn, ph\u1ec5u c\u00f3 v\u00e1ch ng\u0103n). Ch\u00fang t\u00f4i \u0111\u00e3 l\u00e0m m\u1eabu v\u00e0 g\u1eedi cho anh \u1ea5y \u1ea3nh v\u00e0 video \u0111\u1ec3 x\u00e1c nh\u1eadn. Cu\u1ed1i c\u00f9ng, kh\u00e1ch h\u00e0ng Peru \u0111\u00e3 \u0111\u1eb7t h\u00e0ng cho ch\u00fang t\u00f4i 20 chi\u1ebfc v\u00e0 ch\u00fang t\u00f4i giao h\u00e0ng \u0111\u1ebfn n\u01a1i theo y\u00eau c\u1ea7u c\u1ee7a anh \u1ea5y.<\/p>    <div class=\"wp-block-columns is-layout-flex wp-container-core-columns-is-layout-9d6595d7 wp-block-columns-is-layout-flex\"> <div class=\"wp-block-column is-layout-flow wp-block-column-is-layout-flow\"><div class=\"wp-block-image\"> <figure class=\"aligncenter size-full\"><img loading=\"lazy\" decoding=\"async\" width=\"720\" height=\"540\" src=\"https:\/\/taizyagromachine.com\/wp-content\/uploads\/2022\/05\/customized-straw-cutter-and-grinder.jpg\" alt=\"m\u00e1y c\u1eaft v\u00e0 m\u00e1y xay r\u01a1m t\u00f9y ch\u1ec9nh\" class=\"wp-image-2654\"\/><figcaption class=\"wp-element-caption\">m\u00e1y c\u1eaft v\u00e0 m\u00e1y xay r\u01a1m t\u00f9y ch\u1ec9nh<\/figcaption><\/figure> <\/div><\/div>    <div class=\"wp-block-column is-layout-flow wp-block-column-is-layout-flow\"><div class=\"wp-block-image\"> <figure class=\"aligncenter size-full\"><img loading=\"lazy\" decoding=\"async\" width=\"720\" height=\"540\" src=\"https:\/\/taizyagromachine.com\/wp-content\/uploads\/2022\/05\/package-straw-cutter-and-grain-grinder-machine.jpg\" alt=\"m\u00e1y c\u1eaft r\u01a1m v\u00e0 m\u00e1y xay ng\u0169 c\u1ed1c\" class=\"wp-image-2657\"\/><figcaption class=\"wp-element-caption\">b\u01b0u ki\u1ec7n<\/figcaption><\/figure> <\/div><\/div> <\/div>    <h2 class=\"wp-block-heading\"><strong>C\u00e2u h\u1ecfi th\u01b0\u1eddng g\u1eb7p<\/strong><\/h2>   <div id=\"rank-math-faq\" class=\"rank-math-block\"> <div class=\"rank-math-list\"> <div id=\"faq-question-1666246094471\" class=\"rank-math-list-item\"> <h3 class=\"rank-math-question\"><strong>H\u1ecfi: M\u00e1y c\u1eaft r\u01a1m v\u00e0 m\u00e1y xay ng\u0169 c\u1ed1c c\u1ea7n c\u00f3 \u0111\u1ed9ng l\u1ef1c g\u00ec?<\/strong><\/h3> <div class=\"rank-math-answer\">  <p>A: \u0110\u1ed9ng c\u01a1 diesel, \u0111\u1ed9ng c\u01a1 \u0111i\u1ec7n, \u0111\u1ed9ng c\u01a1 x\u0103ng. N\u00f3 \u0111\u01b0\u1ee3c trang b\u1ecb d\u1ef1a tr\u00ean m\u00e1y.<\/p>  <\/div> <\/div> <div id=\"faq-question-1666246100452\" class=\"rank-math-list-item\"> <h3 class=\"rank-math-question\"><strong>Q: N\u1ed9i b\u1ed9 c\u00f3 4 m\u00e0n h\u00ecnh, m\u00e0n h\u00ecnh c\u00f3 th\u1ec3 thay \u0111\u1ed5i \u0111\u01b0\u1ee3c kh\u00f4ng?<\/strong><\/h3> <div class=\"rank-math-answer\">  <p>Tr\u1ea3 l\u1eddi: M\u00e0n h\u00ecnh c\u00f3 th\u1ec3 \u0111\u01b0\u1ee3c t\u00f9y ch\u1ec9nh theo y\u00eau c\u1ea7u c\u1ee7a kh\u00e1ch h\u00e0ng.<\/p>  <\/div> <\/div> <div id=\"faq-question-1666246109190\" class=\"rank-math-list-item\"> <h3 class=\"rank-math-question\"><strong>H\u1ecfi: M\u00e1y xay h\u1ea1t c\u1ecf k\u1ebft h\u1ee3p 9ZF-500 (lo\u1ea1i m\u1edbi) c\u00f3 ba c\u1eeda ra, th\u1ee9c \u0103n th\u00f4 xanh ra ngo\u00e0i nh\u01b0 th\u1ebf n\u00e0o?<\/strong><\/h3> <div class=\"rank-math-answer\">  <p>\u0110\u00e1p: C\u1ecf \u0111i ra t\u1eeb c\u1eeda tr\u00ean v\u00e0 c\u1eeda gi\u1eefa, c\u00f2n h\u1ea1t \u0111i ra t\u1eeb c\u1eeda d\u01b0\u1edbi.<\/p>  <\/div> <\/div> <div id=\"faq-question-1666246122276\" class=\"rank-math-list-item\"> <h3 class=\"rank-math-question\"><strong>H\u1ecfi: Nh\u1eefng ph\u1ea7n n\u00e0o c\u00f3 s\u1eb5n d\u01b0\u1edbi d\u1ea1ng t\u00f9y ch\u1ecdn?<\/strong><\/h3> <div class=\"rank-math-answer\">  <p>A: B\u00e1nh xe v\u00e0 v\u1ecf b\u1ea3o v\u1ec7.<\/p>  <\/div> <\/div> <div id=\"faq-question-1666246133492\" class=\"rank-math-list-item\"> <h3 class=\"rank-math-question\"><strong>Q: T\u1ea1i sao khung m\u00e1y c\u00f3 th\u1ec3 di chuy\u1ec3n \u0111\u01b0\u1ee3c?<\/strong><\/h3> <div class=\"rank-math-answer\">  <p>Tr\u1ea3 l\u1eddi: B\u1edfi v\u00ec d\u00e2y \u0111ai b\u1ecb l\u1ecfng khi s\u1eed d\u1ee5ng trong th\u1eddi gian d\u00e0i v\u00e0 vi\u1ec7c di chuy\u1ec3n khung c\u00f3 th\u1ec3 khi\u1ebfn d\u00e2y \u0111ai b\u1ecb si\u1ebft ch\u1eb7t.<\/p>  <\/div> <\/div> <\/div> <\/div>   <h2 class=\"wp-block-heading\"><strong>Video ho\u1ea1t \u0111\u1ed9ng c\u1ee7a m\u00e1y c\u1eaft r\u01a1m v\u00e0 m\u00e1y xay ng\u0169 c\u1ed1c Taizy<\/strong><\/h2>    <figure class=\"wp-block-embed is-type-video is-provider-youtube wp-block-embed-youtube wp-embed-aspect-16-9 wp-has-aspect-ratio\"><div class=\"wp-block-embed__wrapper\"> <iframe loading=\"lazy\" title=\"2022 M\u00e1y c\u1eaft tr\u1ea5u k\u1ebft h\u1ee3p Taizy M\u00e1y nghi\u1ec1n th\u00e2n c\u00e2y, \u1ed1ng h\u00fat, c\u1ecf, ng\u0169 c\u1ed1c #chaffcutter #grinder\" width=\"500\" height=\"281\" src=\"https:\/\/www.youtube.com\/embed\/qBfLwxNCu6k?feature=oembed\" frameborder=\"0\" allow=\"accelerometer; autoplay; clipboard-write; encrypted-media; gyroscope; picture-in-picture; web-share\" referrerpolicy=\"strict-origin-when-cross-origin\" allowfullscreen><\/iframe> <\/div><\/figure>","protected":false},"excerpt":{"rendered":"<p>This series of straw cutter and grain grinder achieves multi-purpose use, allowing for guillotine and grain crushing. This guillotine features high performance, low noise, high output, safety and stability, high efficiency, low energy consumption, sturdiness and durability. The chaff cutter and grinder combined machine can not only crush dry and wet straw, rice straw, wheat [&hellip;]<\/p>\n","protected":false},"author":1,"featured_media":2629,"parent":0,"template":"","tags":[],"product-type":[19],"class_list":["post-2620","product","type-product","status-publish","has-post-thumbnail","hentry","product-type-silage-machine"],"_links":{"self":[{"href":"https:\/\/taizyagromachine.com\/vi\/wp-json\/wp\/v2\/product\/2620","targetHints":{"allow":["GET"]}}],"collection":[{"href":"https:\/\/taizyagromachine.com\/vi\/wp-json\/wp\/v2\/product"}],"about":[{"href":"https:\/\/taizyagromachine.com\/vi\/wp-json\/wp\/v2\/types\/product"}],"author":[{"embeddable":true,"href":"https:\/\/taizyagromachine.com\/vi\/wp-json\/wp\/v2\/users\/1"}],"wp:featuredmedia":[{"embeddable":true,"href":"https:\/\/taizyagromachine.com\/vi\/wp-json\/wp\/v2\/media\/2629"}],"wp:attachment":[{"href":"https:\/\/taizyagromachine.com\/vi\/wp-json\/wp\/v2\/media?parent=2620"}],"wp:term":[{"taxonomy":"post_tag","embeddable":true,"href":"https:\/\/taizyagromachine.com\/vi\/wp-json\/wp\/v2\/tags?post=2620"},{"taxonomy":"product-type","embeddable":true,"href":"https:\/\/taizyagromachine.com\/vi\/wp-json\/wp\/v2\/product-type?post=2620"}],"curies":[{"name":"wp","href":"https:\/\/api.w.org\/{rel}","templated":true}]}}