{"id":2822,"date":"2022-05-27T06:59:22","date_gmt":"2022-05-27T06:59:22","guid":{"rendered":"https:\/\/taizyagromachine.com\/?post_type=product&#038;p=2822"},"modified":"2025-01-02T13:55:22","modified_gmt":"2025-01-02T05:55:22","slug":"straw-cutting-machine","status":"publish","type":"product","link":"https:\/\/taizyagromachine.com\/vi\/product\/straw-cutting-machine\/","title":{"rendered":"M\u00e1y C\u1eaft R\u01a1m | M\u00e1y c\u1eaft Chaff \u0111a n\u0103ng"},"content":{"rendered":"<p>Lo\u1ea1i m\u00e1y c\u1eaft r\u01a1m n\u00e0y thu\u1ed9c d\u00f2ng 9ZR. \u0110\u00e2y l\u00e0 th\u1ebf h\u1ec7 m\u1edbi c\u1ee7a m\u00e1y c\u1eaft v\u00e0 b\u0103m v\u1ee5n \u0111a ch\u1ee9c n\u0103ng do c\u00f4ng ty ch\u00fang t\u00f4i thi\u1ebft k\u1ebf v\u00e0 s\u1ea3n xu\u1ea5t d\u1ef1a tr\u00ean c\u00f4ng ngh\u1ec7 ti\u00ean ti\u1ebfn c\u1ee7a c\u00e1c s\u1ea3n ph\u1ea9m t\u01b0\u01a1ng t\u1ef1 trong x\u00e3 h\u1ed9i v\u00e0 \u00fd ki\u1ebfn \u200b\u200bc\u1ee7a ng\u01b0\u1eddi d\u00f9ng. D\u00f2ng m\u00e1y c\u1eaft r\u01a1m n\u00e0y c\u00f3 \u0111\u1eb7c \u0111i\u1ec3m c\u1ea5u t\u1ea1o h\u1ee3p l\u00fd, d\u1ec5 s\u1eed d\u1ee5ng, v\u1eadn h\u00e0nh an to\u00e0n, h\u00ecnh d\u00e1ng \u0111\u1eb9p, kh\u1ea3 n\u0103ng th\u00edch \u1ee9ng m\u1ea1nh. N\u00f3 th\u00edch h\u1ee3p \u0111\u1ec3 ch\u00e9m th\u00e2n c\u00e2y ng\u00f4, r\u01a1m r\u1ea1, r\u01a1m ng\u0169 c\u1ed1c, r\u01a1m l\u00faa m\u00ec, c\u1ecf d\u1ea1i xanh v\u00e0 kh\u00f4, v\u00e0 c\u00e1c v\u1eadt li\u1ec7u kh\u00e1c. Ng\u01b0\u1eddi d\u00f9ng c\u00f3 th\u1ec3 ch\u1ecdn b\u1ea5t k\u1ef3 m\u00f4 h\u00ecnh n\u00e0o theo \u0111i\u1ec1u ki\u1ec7n \u0111\u1ecba ph\u01b0\u01a1ng v\u00e0 c\u1ee7a ri\u00eang h\u1ecd. Ch\u00e0o m\u1eebng b\u1ea1n \u0111\u1ebfn li\u00ean h\u1ec7 v\u1edbi ch\u00fang t\u00f4i \u0111\u1ec3 bi\u1ebft th\u00eam chi ti\u1ebft!<\/p>    <h2 class=\"wp-block-heading\"><strong>C\u1ea7n b\u00e1n m\u00e1y c\u1eaft c\u1ecf<\/strong><\/h2>    <p class=\"translation-block\">L\u00e0 <a href=\"https:\/\/taizyagromachine.com\/vi\/\" target=\"_blank\" rel=\"noreferrer noopener\">nh\u00e0 s\u1ea3n xu\u1ea5t v\u00e0 cung c\u1ea5p m\u00e1y n\u00f4ng nghi\u1ec7p chuy\u00ean nghi\u1ec7p<\/a>, ch\u00fang t\u00f4i kh\u00f4ng ch\u1ec9 c\u00f3 m\u00e1y c\u1eaft c\u1ecf v\u00e0 m\u00e1y nghi\u1ec1n ng\u0169 c\u1ed1c m\u00e0 c\u00f2n c\u00f3 <a href=\"https:\/\/taizyagromachine.com\/vi\/product\/straw-baling-machine\/\" target=\"_blank\" rel=\"noreferrer noopener\">m\u00e1y b\u00f3 r\u01a1m v\u00e0 m\u00e1y \u0111\u00f3ng ki\u1ec7n<\/a>, v.v. Taizy c\u00f3 nhi\u1ec1u m\u1eabu m\u00e1y c\u1eaft v\u00e0 m\u00e1y x\u00e9 c\u1ecf kh\u00e1c nhau \u0111\u1ec3 \u0111\u00e1p \u1ee9ng nhu c\u1ea7u s\u1ea3n l\u01b0\u1ee3ng \u0111a d\u1ea1ng c\u1ee7a b\u1ea1n. Ngo\u00e0i ra, sau khi c\u1eaft v\u00e0 nghi\u1ec1n v\u1eadt li\u1ec7u th\u00e0nh c\u00e1c m\u1ea3nh nh\u1ecf, b\u1ea1n c\u00f3 th\u1ec3 s\u1eed d\u1ee5ng <a href=\"https:\/\/silagebaler.com\/silage-baler-machine-round-baler\/\" target=\"_blank\" rel=\"noreferrer noopener\">m\u00e1y qu\u1ea5n \u1ee7 chua<\/a> \u0111\u1ec3 b\u00f3 th\u1ee9c \u0103n \u1ee7 chua nh\u1eb1m k\u00e9o d\u00e0i th\u1eddi gian b\u1ea3o qu\u1ea3n.<\/p>    <figure class=\"wp-block-gallery aligncenter has-nested-images columns-default is-cropped wp-block-gallery-2 is-layout-flex wp-block-gallery-is-layout-flex\"> <figure class=\"wp-block-image size-large\"><img loading=\"lazy\" decoding=\"async\" width=\"720\" height=\"540\" data-id=\"2830\" src=\"https:\/\/taizyagromachine.com\/wp-content\/uploads\/2022\/05\/chaff-cutter-and-crusher-9ZR-2.5.jpg\" alt=\"m\u00e1y c\u1eaft v\u00e0 m\u00e1y nghi\u1ec1n\" class=\"wp-image-2830\"\/><figcaption class=\"wp-element-caption\">m\u00e1y c\u1eaft v\u00e0 m\u00e1y nghi\u1ec1n<\/figcaption><\/figure>    <figure class=\"wp-block-image size-large\"><img loading=\"lazy\" decoding=\"async\" width=\"720\" height=\"540\" data-id=\"2833\" src=\"https:\/\/taizyagromachine.com\/wp-content\/uploads\/2022\/05\/grass-cutter-machine-9ZR-3.8A.jpg\" alt=\"m\u00e1y c\u1eaft c\u1ecf\" class=\"wp-image-2833\"\/><figcaption class=\"wp-element-caption\">m\u00e1y c\u1eaft c\u1ecf<\/figcaption><\/figure>    <figure class=\"wp-block-image size-large\"><img loading=\"lazy\" decoding=\"async\" width=\"720\" height=\"540\" data-id=\"2834\" src=\"https:\/\/taizyagromachine.com\/wp-content\/uploads\/2022\/05\/chaff-cutter-and-crusher-for-sale-9ZR-3.8B.jpg\" alt=\"m\u00e1y c\u1eaft v\u00e0 m\u00e1y nghi\u1ec1n \u0111\u1ec3 b\u00e1n\" class=\"wp-image-2834\"\/><figcaption class=\"wp-element-caption\">m\u00e1y c\u1eaft v\u00e0 m\u00e1y nghi\u1ec1n \u0111\u1ec3 b\u00e1n<\/figcaption><\/figure> <\/figure>    <figure class=\"wp-block-gallery aligncenter has-nested-images columns-default is-cropped wp-block-gallery-3 is-layout-flex wp-block-gallery-is-layout-flex\"> <figure class=\"wp-block-image size-large\"><img loading=\"lazy\" decoding=\"async\" width=\"720\" height=\"540\" data-id=\"2836\" src=\"https:\/\/taizyagromachine.com\/wp-content\/uploads\/2022\/05\/straw-cutter-and-shredder-9ZR-4.8.jpg\" alt=\"m\u00e1y c\u1eaft v\u00e0 b\u0103m r\u01a1m\" class=\"wp-image-2836\"\/><figcaption class=\"wp-element-caption\">m\u00e1y c\u1eaft v\u00e0 b\u0103m r\u01a1m<\/figcaption><\/figure>    <figure class=\"wp-block-image size-large\"><img loading=\"lazy\" decoding=\"async\" width=\"720\" height=\"540\" data-id=\"2837\" src=\"https:\/\/taizyagromachine.com\/wp-content\/uploads\/2022\/05\/paddy-straw-cutter-machine-9ZR-6.8.jpg\" alt=\"m\u00e1y c\u1eaft r\u01a1m r\u1ea1\" class=\"wp-image-2837\"\/><figcaption class=\"wp-element-caption\">m\u00e1y c\u1eaft r\u01a1m r\u1ea1<\/figcaption><\/figure>    <figure class=\"wp-block-image size-large\"><img loading=\"lazy\" decoding=\"async\" width=\"720\" height=\"540\" data-id=\"2838\" src=\"https:\/\/taizyagromachine.com\/wp-content\/uploads\/2022\/05\/multipurpose-chaff-cutter-9ZR-8.jpg\" alt=\"m\u00e1y c\u1eaft v\u1ecf \u0111a n\u0103ng\" class=\"wp-image-2838\"\/><figcaption class=\"wp-element-caption\">m\u00e1y c\u1eaft v\u1ecf \u0111a n\u0103ng<\/figcaption><\/figure> <\/figure>    <h2 class=\"wp-block-heading\"><strong>\u1ee8ng d\u1ee5ng c\u1ee7a m\u00e1y c\u1eaft r\u01a1m r\u1ea1<\/strong><\/h2>    <p>M\u00e1y c\u1eaft v\u00e0 h\u1ee7y r\u01a1m ngang d\u00f2ng 9ZR l\u00e0 m\u1ed9t lo\u1ea1i m\u00e1y b\u0103m nh\u1ecf quy m\u00f4 l\u1edbn \u0111\u01b0\u1ee3c c\u00f4ng ty ch\u00fang t\u00f4i ph\u00e1t tri\u1ec3n g\u1ea7n \u0111\u00e2y. Th\u00edch h\u1ee3p cho ng\u00f4, l\u00faa m\u00ec, ng\u0169 c\u1ed1c, nho \u0111\u1eadu ph\u1ed9ng, r\u01a1m r\u1ea1, r\u01a1m \u0111\u1eadu, th\u00e2n c\u00e2y ng\u00f4, c\u1ecf xanh, c\u1ecf linh l\u0103ng v\u00e0 r\u01a1m r\u1ea1 kh\u00e1c. <\/p>   <div class=\"wp-block-image\"> <figure class=\"aligncenter size-full\"><img loading=\"lazy\" decoding=\"async\" width=\"720\" height=\"540\" src=\"https:\/\/taizyagromachine.com\/wp-content\/uploads\/2022\/05\/wide-applications-of-straw-cutting-machine.jpg\" alt=\"\u1ee9ng d\u1ee5ng r\u1ed9ng r\u00e3i c\u1ee7a m\u00e1y c\u1eaft r\u01a1m\" class=\"wp-image-2842\"\/><figcaption class=\"wp-element-caption\">\u1ee9ng d\u1ee5ng r\u1ed9ng r\u00e3i c\u1ee7a m\u00e1y c\u1eaft r\u01a1m<\/figcaption><\/figure> <\/div>   <p>\u0110\u1ed1i v\u1edbi ch\u1ebf bi\u1ebfn nh\u00e0o tr\u1ed9n th\u1ee9c \u0103n gia s\u00fac v\u00e0 c\u1eebu, c\u1ecf c\u00f3 chi\u1ec1u d\u00e0i 10 mm -180 mm, chi\u1ec1u r\u1ed9ng kh\u00f4ng qu\u00e1 5 mm c\u1ee7a v\u1eadt li\u1ec7u v\u1ee5n. N\u00f3 c\u1ea3i thi\u1ec7n s\u1ef1 ngon mi\u1ec7ng c\u1ee7a th\u1ee9c \u0103n th\u00f4 xanh cho gia s\u00fac v\u00e0 c\u1eebu v\u00e0 t\u0103ng t\u1ef7 l\u1ec7 s\u1eed d\u1ee5ng th\u1ee9c \u0103n th\u00f4 xanh. V\u00ec v\u1eady, m\u00e1y c\u1eaft r\u01a1m n\u00e0y l\u00e0 thi\u1ebft b\u1ecb l\u00fd t\u01b0\u1edfng \u0111\u01b0\u1ee3c c\u00e1c chuy\u00ean gia ch\u0103n nu\u00f4i v\u1eeba v\u00e0 l\u1edbn \u01b0a chu\u1ed9ng \u0111\u1ec3 ch\u1ebf bi\u1ebfn th\u1ee9c \u0103n th\u00f4 xanh.<\/p>   <div class=\"wp-block-image\"> <figure class=\"aligncenter size-full\"><img loading=\"lazy\" decoding=\"async\" width=\"720\" height=\"400\" src=\"https:\/\/taizyagromachine.com\/wp-content\/uploads\/2022\/05\/animal-to-be-fed.jpg\" alt=\"\u0111\u1ed9ng v\u1eadt \u0111\u01b0\u1ee3c cho \u0103n\" class=\"wp-image-2843\"\/><figcaption class=\"wp-element-caption\">\u0111\u1ed9ng v\u1eadt \u0111\u01b0\u1ee3c cho \u0103n<\/figcaption><\/figure> <\/div>   <h2 class=\"wp-block-heading\"><strong>Nguy\u00ean l\u00fd l\u00e0m vi\u1ec7c c\u1ee7a m\u00e1y c\u1eaft th\u1ee9c \u0103n<\/strong><\/h2>    <p>Th\u00f4ng qua b\u0103ng t\u1ea3i v\u1eadn chuy\u1ec3n nguy\u00ean li\u1ec7u (c\u1ea7n gia c\u00f4ng) \u0111\u1ebfn ph\u00f2ng nh\u00e0o. B\u1eb1ng s\u1ef1 t\u01b0\u01a1ng t\u00e1c c\u1ee7a l\u01b0\u1ee1i b\u00faa quay cao v\u00e0 t\u1ea5m nh\u00e0o, v\u1eadt li\u1ec7u s\u1ebd \u0111\u01b0\u1ee3c nh\u00e0o tr\u1ed9n. M\u00e1y c\u1eaft r\u01a1m s\u1ebd nh\u00e0o c\u00e1c nguy\u00ean li\u1ec7u th\u00f4 thu \u0111\u01b0\u1ee3c. S\u1eed d\u1ee5ng s\u1ed1 l\u01b0\u1ee3ng l\u01b0\u1ee1i b\u00faa c\u00f3 th\u1ec3 \u0111i\u1ec1u ch\u1ec9nh \u0111\u1ec3 \u0111i\u1ec1u ch\u1ec9nh hi\u1ec7u qu\u1ea3 nh\u00e0o tr\u1ed9n c\u1ee7a r\u01a1m r\u1ea1 v\u00e0 l\u01b0\u1ee3ng v\u1eadt li\u1ec7u nghi\u1ec1n. Gi\u1ea3m s\u1ed1 l\u01b0\u1ee3ng l\u01b0\u1ee1i b\u00faa, r\u01a1m r\u1ea1 \u0111\u1ea7u ra s\u1ebd d\u00e0i h\u01a1n v\u00e0 v\u1eadt li\u1ec7u nghi\u1ec1n s\u1ebd gi\u1ea3m; t\u0103ng s\u1ed1 l\u01b0\u1ee3ng l\u01b0\u1ee1i b\u00faa th\u00ec r\u01a1m r\u1ea1 \u0111\u1ea7u ra s\u1ebd ng\u1eafn h\u01a1n v\u00e0 l\u01b0\u1ee3ng v\u1eadt li\u1ec7u nghi\u1ec1n s\u1ebd t\u0103ng l\u00ean.<\/p>    <p>N\u00f3 t\u1ef1 \u0111\u1ed9ng \u0111\u01b0a r\u01a1m qua b\u0103ng chuy\u1ec1n \u0111\u1ec3 l\u00e0m ph\u1eb3ng, c\u1eaft, \u00e9p v\u00e0 nh\u00e0o r\u01a1m, ph\u00e1 h\u1ee7y c\u00e1c \u0111\u1ed1t cu\u1ed1ng c\u1ee9ng tr\u00ean b\u1ec1 m\u1eb7t r\u01a1m. X\u1eed l\u00fd r\u01a1m r\u1ea1 m\u00e0 v\u1eadt nu\u00f4i kh\u00f4ng th\u1ec3 cho \u0103n tr\u1ef1c ti\u1ebfp th\u00e0nh th\u1ee9c \u0103n th\u00f4 xanh c\u1eaft nh\u1ecf, ngon mi\u1ec7ng m\u00e0 kh\u00f4ng l\u00e0m m\u1ea5t \u0111i ch\u1ea5t dinh d\u01b0\u1ee1ng, v\u1eadt nu\u00f4i d\u1ec5 ti\u00eau h\u00f3a, h\u1ea5p th\u1ee5.<\/p>    <figure class=\"wp-block-gallery aligncenter has-nested-images columns-default is-cropped wp-block-gallery-4 is-layout-flex wp-block-gallery-is-layout-flex\"> <figure class=\"wp-block-image size-large\"><img loading=\"lazy\" decoding=\"async\" width=\"720\" height=\"450\" data-id=\"2865\" src=\"https:\/\/taizyagromachine.com\/wp-content\/uploads\/2022\/05\/multipurpose-chaff-cutter-blade.jpg\" alt=\"l\u01b0\u1ee1i c\u1eaft \u0111a n\u0103ng\" class=\"wp-image-2865\"\/><figcaption class=\"wp-element-caption\">l\u01b0\u1ee1i c\u1eaft v\u1ecf tr\u1ea5u \u0111a n\u0103ng<\/figcaption><\/figure>    <figure class=\"wp-block-image size-large\"><img loading=\"lazy\" decoding=\"async\" width=\"720\" height=\"450\" data-id=\"2866\" src=\"https:\/\/taizyagromachine.com\/wp-content\/uploads\/2022\/05\/straw-cutter-blade.jpg\" alt=\"l\u01b0\u1ee1i c\u1eaft r\u01a1m\" class=\"wp-image-2866\"\/><figcaption class=\"wp-element-caption\">l\u01b0\u1ee1i c\u1eaft r\u01a1m<\/figcaption><\/figure> <\/figure>    <h2 class=\"wp-block-heading\"><strong>L\u1ee3i \u00edch c\u1ee7a m\u00e1y c\u1eaft r\u01a1m r\u1ea1<\/strong><\/h2>    <ol class=\"wp-block-list\"> <li>M\u00e1y c\u00f3 c\u1ea5u tr\u00fac h\u1ee3p l\u00fd, h\u00ecnh th\u1ee9c \u0111\u1eb9p, an to\u00e0n v\u00e0 \u0111\u00e1ng tin c\u1eady, v\u1eadn h\u00e0nh v\u00e0 b\u1ea3o tr\u00ec thu\u1eadn ti\u1ec7n v\u00e0 hi\u1ec7u qu\u1ea3 s\u1ea3n xu\u1ea5t cao.<\/li>    <li>M\u00e1y kh\u00f4ng ch\u1ec9 c\u00f3 th\u1ec3 \u00e1p d\u1ee5ng cho c\u00e1c h\u1ed9 n\u00f4ng d\u00e2n v\u1eeba v\u00e0 l\u1edbn m\u00e0 c\u00f2n c\u00f3 th\u1ec3 d\u00f9ng l\u00e0m m\u00e1y c\u1eaft r\u01a1m c\u1ee1 nh\u1ecf cho gia \u0111\u00ecnh.<\/li>    <li>\u0110\u01b0\u1ee3c trang b\u1ecb hai lo\u1ea1i l\u01b0\u1ee1i dao, m\u1ed9t lo\u1ea1i l\u00e0 l\u01b0\u1ee1i c\u1eaft v\u00e0 lo\u1ea1i c\u00f2n l\u1ea1i l\u00e0 l\u01b0\u1ee1i h\u00ecnh tam gi\u00e1c.<\/li>    <li>\u0110\u1ed9ng c\u01a1 \u0111i\u1ec7n v\u00e0 \u0111\u1ed9ng c\u01a1 diesel \u0111\u1ec1u c\u00f3 s\u1eb5n, gi\u1ea3i quy\u1ebft v\u1ea5n \u0111\u1ec1 thi\u1ebfu \u0111i\u1ec7n \u1edf nh\u1eefng n\u01a1i kh\u00f3 s\u1eed d\u1ee5ng m\u00e1y m\u00f3c.<\/li>    <li>M\u00e1y c\u1eaft c\u1ecf kh\u00f4 v\u00e0 \u01b0\u1edbt, \u0111a n\u0103ng.<\/li> <\/ol>    <h2 class=\"wp-block-heading\"><strong>C\u1ea5u t\u1ea1o c\u1ee7a m\u00e1y h\u1ee7y r\u01a1m l\u00e0 g\u00ec?<\/strong><\/h2>    <p class=\"translation-block\">Lo\u1ea1i m\u00e1y c\u1eaft v\u00e0 nh\u00e0o tr\u1ed9n n\u00e0y c\u00f3 c\u1ea5u t\u1ea1o r\u1ea5t \u0111\u01a1n gi\u1ea3n. N\u00f3 bao g\u1ed3m b\u0103ng t\u1ea3i, c\u1eeda n\u1ea1p, h\u1ec7 th\u1ed1ng v\u1eadn h\u00e0nh, c\u1eeda x\u1ea3, khung, c\u1ea7n s\u1ed1, b\u00e1nh xe, khung \u0111\u1ed9ng c\u01a1, \u0111\u1ed9ng c\u01a1 v\u00e0 v\u1ecf b\u1ea3o v\u1ec7. B\u0103ng t\u1ea3i gi\u00fap c\u1ecf kh\u00f4\/t\u01b0\u01a1i \u0111i v\u00e0o bu\u1ed3ng l\u00e0m vi\u1ec7c qua c\u1eeda n\u1ea1p. Khung \u0111\u1ee1 to\u00e0n b\u1ed9 m\u00e1y trong khi v\u1ecf b\u1ea3o v\u1ec7 gi\u00fap b\u1ea3o v\u1ec7 nh\u00e2n vi\u00ean khi l\u00e0m vi\u1ec7c, gi\u1ed1ng nh\u01b0 m\u1ed9t s\u1ed1 <a href=\"https:\/\/taizyagromachine.com\/vi\/product\/forage-chopper-machine\/\" target=\"_blank\" rel=\"noreferrer noopener\">m\u00e1y c\u1eaft c\u1ecf<\/a>. H\u01a1n n\u1eefa, \u0111\u1ed9ng c\u01a1 cung c\u1ea5p \u0111\u1ee7 n\u0103ng l\u01b0\u1ee3ng c\u1ea7n thi\u1ebft cho m\u00e1y.<\/p>   <div class=\"wp-block-image\"> <figure class=\"aligncenter size-full\"><img loading=\"lazy\" decoding=\"async\" width=\"720\" height=\"470\" src=\"https:\/\/taizyagromachine.com\/wp-content\/uploads\/2022\/05\/straw-cutting-machine-structure.jpg\" alt=\"c\u1ea5u t\u1ea1o m\u00e1y c\u1eaft r\u01a1m\" class=\"wp-image-2847\"\/><figcaption class=\"wp-element-caption\">c\u1ea5u t\u1ea1o m\u00e1y c\u1eaft r\u01a1m<\/figcaption><\/figure> <\/div>   <h2 class=\"wp-block-heading\" id=\"h-technical-parameters-of-rice-straw-cutting-and-shredding-machine\"><strong>Th\u00f4ng s\u1ed1 k\u1ef9 thu\u1eadt c\u1ee7a m\u00e1y c\u1eaft v\u00e0 b\u0103m r\u01a1m r\u1ea1<\/strong><\/h2>    <figure class=\"wp-block-table\"><table><tbody><tr><td>Ng\u01b0\u1eddi m\u1eabu<\/td><td>9ZR-2.5<\/td><td>9ZR-3.8A<\/td><td>9ZR-3.8B<\/td><td>9ZR-4.8T<\/td><td>9ZR-6.8<\/td><td>9ZR-8<\/td><\/tr><tr><td>Quy\u1ec1n l\u1ef1c<\/td><td>3-4,5kW<\/td><td>3-4,5kW<\/td><td>3-4,5kW<\/td><td>5,5kW<\/td><td>7,5kW<\/td><td>11kW<\/td><\/tr><tr><td>Dung t\u00edch<\/td><td>2500kg\/gi\u1edd<\/td><td>3800kg\/gi\u1edd<\/td><td>3800kg\/gi\u1edd<\/td><td>4800kg\/gi\u1edd<\/td><td>6800kg\/gi\u1edd<\/td><td>8000kg\/gi\u1edd<\/td><\/tr><tr><td>K\u00edch c\u1ee1<\/td><td>1350*490*750mm<\/td><td>1650*550*900mm<\/td><td>1750*550*900mm<\/td><td>1750*600*930mm<\/td><td>2283*740*1040mm<\/td><td>3400*830*1200mm<\/td><\/tr><tr><td>C\u00e2n n\u1eb7ng<\/td><td>67kg<\/td><td>88kg<\/td><td>93kg<\/td><td>116kg<\/td><td>189kg<\/td><td>320kg<\/td><\/tr><\/tbody><\/table><\/figure>    <h2 class=\"wp-block-heading\"><strong>Tr\u01b0\u1eddng h\u1ee3p th\u00e0nh c\u00f4ng: M\u00e1y c\u1eaft v\u1ecf tr\u1ea5u \u0111a n\u0103ng \u0111\u01b0\u1ee3c xu\u1ea5t kh\u1ea9u sang Kenya<\/strong><\/h2>    <p>V\u00e0o th\u00e1ng 2 n\u0103m nay, m\u1ed9t kh\u00e1ch h\u00e0ng \u0111\u1ebfn t\u1eeb Kenya \u0111\u00e3 h\u1ecfi th\u00f4ng tin v\u1ec1 m\u00e1y c\u1eaft r\u01a1m. Qua trao \u0111\u1ed5i v\u1edbi anh \u1ea5y, gi\u00e1m \u0111\u1ed1c b\u00e1n h\u00e0ng Grace c\u1ee7a ch\u00fang t\u00f4i bi\u1ebft r\u1eb1ng anh \u1ea5y mua n\u00f3 \u0111\u1ec3 s\u1ea3n xu\u1ea5t th\u1ee9c \u0103n gia s\u00fac. V\u00ec v\u1eady, Grace \u0111\u00e3 g\u1eedi cho anh th\u00f4ng s\u1ed1 m\u00e1y, \u1ea3nh v\u00e0 video ho\u1ea1t \u0111\u1ed9ng. Sau khi ki\u1ec3m tra m\u00e1y, kh\u00e1ch h\u00e0ng Kenya \u0111\u00e3 ch\u1ecdn m\u00e1y c\u1eaft r\u01a1m 4800kg\/gi\u1edd. Sau khi x\u00e1c nh\u1eadn c\u00e1c chi ti\u1ebft c\u1ee7a m\u00e1y, h\u1ee3p \u0111\u1ed3ng \u0111\u00e3 \u0111\u01b0\u1ee3c k\u00fd k\u1ebft. Ch\u00fang t\u00f4i v\u1eadn chuy\u1ec3n m\u00e1y \u0111\u1ebfn thi\u1ebft b\u1ecb \u0111\u1ea7u cu\u1ed1i \u0111\u01b0\u1ee3c ch\u1ec9 \u0111\u1ecbnh c\u1ee7a anh \u1ea5y. Sau khi nh\u1eadn \u0111\u01b0\u1ee3c m\u00e1y, kh\u00e1ch h\u00e0ng Kenya \u0111\u00e3 g\u1eedi cho ch\u00fang t\u00f4i nh\u1eefng ph\u1ea3n h\u1ed3i t\u00edch c\u1ef1c.<\/p>    <h2 class=\"wp-block-heading\"><strong>Video ho\u1ea1t \u0111\u1ed9ng c\u1ee7a m\u00e1y c\u1eaft r\u01a1m<\/strong><\/h2>    <figure class=\"wp-block-embed is-type-video is-provider-youtube wp-block-embed-youtube wp-embed-aspect-16-9 wp-has-aspect-ratio\"><div class=\"wp-block-embed__wrapper\"> <iframe loading=\"lazy\" title=\"M\u00e1y C\u1eaft Chaff \u0110a N\u0103ng | M\u00e1y c\u1eaft c\u1ecf \u0111\u1ec3 s\u1ea3n xu\u1ea5t th\u1ee9c \u0103n \u1ee7 chua l\u00e0m th\u1ee9c \u0103n ch\u0103n nu\u00f4i\" width=\"500\" height=\"281\" src=\"https:\/\/www.youtube.com\/embed\/wYag_P8TQhY?feature=oembed\" frameborder=\"0\" allow=\"accelerometer; autoplay; clipboard-write; encrypted-media; gyroscope; picture-in-picture; web-share\" referrerpolicy=\"strict-origin-when-cross-origin\" allowfullscreen><\/iframe> <\/div><\/figure>","protected":false},"excerpt":{"rendered":"<p>This kind of straw cutting machine belongs to the 9ZR series. It is a new generation of multifunctional chaff cutter and shredder designed and manufactured by our company based on the advanced technology of similar products in the society and users&#8217; opinions. This series of straw cutter machines has the characteristics of reasonable structure, easy [&hellip;]<\/p>\n","protected":false},"author":1,"featured_media":2829,"parent":0,"template":"","tags":[96,93,206],"product-type":[19],"class_list":["post-2822","product","type-product","status-publish","has-post-thumbnail","hentry","tag-chaff-cutter-machine","tag-forage-chopper-machine","tag-straw-cutting-machine","product-type-silage-machine"],"_links":{"self":[{"href":"https:\/\/taizyagromachine.com\/vi\/wp-json\/wp\/v2\/product\/2822","targetHints":{"allow":["GET"]}}],"collection":[{"href":"https:\/\/taizyagromachine.com\/vi\/wp-json\/wp\/v2\/product"}],"about":[{"href":"https:\/\/taizyagromachine.com\/vi\/wp-json\/wp\/v2\/types\/product"}],"author":[{"embeddable":true,"href":"https:\/\/taizyagromachine.com\/vi\/wp-json\/wp\/v2\/users\/1"}],"wp:featuredmedia":[{"embeddable":true,"href":"https:\/\/taizyagromachine.com\/vi\/wp-json\/wp\/v2\/media\/2829"}],"wp:attachment":[{"href":"https:\/\/taizyagromachine.com\/vi\/wp-json\/wp\/v2\/media?parent=2822"}],"wp:term":[{"taxonomy":"post_tag","embeddable":true,"href":"https:\/\/taizyagromachine.com\/vi\/wp-json\/wp\/v2\/tags?post=2822"},{"taxonomy":"product-type","embeddable":true,"href":"https:\/\/taizyagromachine.com\/vi\/wp-json\/wp\/v2\/product-type?post=2822"}],"curies":[{"name":"wp","href":"https:\/\/api.w.org\/{rel}","templated":true}]}}