{"id":2905,"date":"2022-06-02T03:35:30","date_gmt":"2022-06-02T03:35:30","guid":{"rendered":"https:\/\/taizyagromachine.com\/?post_type=product&#038;p=2905"},"modified":"2025-03-27T15:18:33","modified_gmt":"2025-03-27T07:18:33","slug":"self-propelled-baler","status":"publish","type":"product","link":"https:\/\/taizyagromachine.com\/vi\/product\/self-propelled-baler\/","title":{"rendered":"Baler t\u1ef1 h\u00e0nh | M\u00e1y c\u1eaft c\u1ecf kh\u00f4 v\u00e0 m\u00e1y \u0111\u00f3ng ki\u1ec7n"},"content":{"rendered":"<p class=\"translation-block\">M\u00e1y \u0111\u00f3ng ki\u1ec7n t\u1ef1 h\u00e0nh l\u00e0 m\u1ed9t lo\u1ea1i m\u00e1y n\u00f4ng nghi\u1ec7p t\u00edch h\u1ee3p ch\u1ee9c n\u0103ng \u201cnh\u1eb7t, c\u1eaft v\u00e0 \u0111\u00f3ng ki\u1ec7n\u201d. M\u00e1y c\u1eaft v\u00e0 \u0111\u00f3ng ki\u1ec7n c\u1ecf kh\u00f4 n\u00e0y kh\u00f4ng ch\u1ec9 c\u00f3 th\u1ec3 ho\u1ea1t \u0111\u1ed9ng \u1edf v\u00f9ng tr\u0169ng th\u1ea5p m\u00e0 c\u00f2n cho \u0103n v\u1eadt li\u1ec7u tr\u01a1n tru h\u01a1n v\u00e0 kh\u00f4ng d\u1ec5 b\u1ecb t\u1eafc. B\u00ean c\u1ea1nh \u0111\u00f3, m\u00e1y n\u00e0y c\u00f3 ch\u1ee9ng nh\u1eadn CE, r\u1ea5t ph\u1ed5 bi\u1ebfn tr\u00ean th\u1ecb tr\u01b0\u1eddng trong n\u01b0\u1edbc v\u00e0 qu\u1ed1c t\u1ebf. M\u00e1y \u0111\u01b0\u1ee3c k\u1ebft h\u1ee3p v\u1edbi m\u00e1y k\u00e9o b\u00e1nh l\u1ed1p v\u00e0 v\u1eadn h\u00e0nh b\u1edfi m\u1ed9t t\u00e0i x\u1ebf m\u00e1y k\u00e9o, ph\u00f9 h\u1ee3p \u0111\u1ec3 l\u00e0m vi\u1ec7c tr\u00ean m\u1ecdi lo\u1ea1i \u0111\u1ed3ng c\u1ecf t\u1ef1 nhi\u00ean, \u0111\u1ed3ng c\u1ecf tr\u1ed3ng tr\u1ecdt c\u0169ng nh\u01b0 \u0111\u1ea5t n\u00f4ng nghi\u1ec7p.<\/p>    <p>M\u00e1y \u0111\u00f3ng ki\u1ec7n c\u1ecf kh\u00f4 n\u00e0y k\u1ebft h\u1ee3p \u01b0u \u0111i\u1ec3m c\u1ee7a c\u00e1c s\u1ea3n ph\u1ea9m t\u01b0\u01a1ng t\u1ef1 trong v\u00e0 ngo\u00e0i n\u01b0\u1edbc, \u0111\u1ed3ng th\u1eddi k\u1ebft h\u1ee3p th\u1ef1c tr\u1ea1ng s\u1ea3n xu\u1ea5t n\u00f4ng nghi\u1ec7p v\u00e0 ch\u0103n nu\u00f4i hi\u1ec7n nay. Do \u0111\u00f3, m\u00e1y \u0111\u00f3ng ki\u1ec7n t\u1ef1 h\u00e0nh c\u00f3 c\u1ea5u tr\u00fac ti\u00ean ti\u1ebfn, v\u1eadn h\u00e0nh thu\u1eadn ti\u1ec7n, hi\u1ec7u su\u1ea5t \u1ed5n \u0111\u1ecbnh v\u00e0 \u0111\u00e1ng tin c\u1eady, chi ph\u00ed s\u1ea3n xu\u1ea5t th\u1ea5p v\u00e0 ti\u1ebft ki\u1ec7m nh\u00e2n c\u00f4ng, v.v. \u0110\u00e2y l\u00e0 s\u1ea3n ph\u1ea9m l\u00fd t\u01b0\u1edfng nh\u1ea5t \u0111\u1ec3 thu ho\u1ea1ch v\u00e0 \u0111\u00f3ng ki\u1ec7n c\u00e1c lo\u1ea1i \u1ed1ng h\u00fat v\u00e0 th\u1ee9c \u0103n gia s\u00fac n\u00f4ng nghi\u1ec7p kh\u00e1c nhau.<\/p>    <h2 class=\"wp-block-heading\" id=\"h-what-are-the-functions-of-the-self-propelled-baler-for-sale\"><strong>C\u00e1c ch\u1ee9c n\u0103ng c\u1ee7a M\u00e1y \u0111\u00f3ng ki\u1ec7n t\u1ef1 h\u00e0nh \u0111\u1ec3 b\u00e1n l\u00e0 g\u00ec?<\/strong><\/h2>    <p>Ch\u1ee9c n\u0103ng c\u1ee5 th\u1ec3 nh\u01b0 sau:<\/p>    <ol class=\"wp-block-list\"> <li><strong>Ch\u1ecdn<\/strong>: N\u00f3 c\u00f3 th\u1ec3 thu gom c\u1ecf, c\u1ecf linh l\u0103ng, r\u01a1m r\u1ea1 v\u00e0 r\u01a1m l\u00faa m\u00ec nh\u1ed5 ra b\u1eb1ng m\u00e1y g\u1eb7t \u0111\u1eadp li\u00ean h\u1ee3p.<\/li>    <li><strong>C\u1eaft<\/strong>: N\u00f3 c\u00f3 th\u1ec3 thu ho\u1ea1ch c\u1ecf, c\u1ecf linh l\u0103ng, r\u01a1m ng\u00f4 c\u0169ng nh\u01b0 c\u1eaft g\u1ed1c l\u00faa m\u00ec cao l\u1ea7n th\u1ee9 hai. Ph\u1ea7n r\u00e2u c\u00f3 th\u1ec3 gi\u1ea3m xu\u1ed1ng d\u01b0\u1edbi 10cm. S\u1ed1 l\u01b0\u1ee3ng r\u01a1m r\u1ea1 thu \u0111\u01b0\u1ee3c tr\u00ean m\u1ed9t \u0111\u01a1n v\u1ecb di\u1ec7n t\u00edch nhi\u1ec1u g\u1ea5p \u0111\u00f4i s\u1ed1 l\u01b0\u1ee3ng r\u01a1m m\u00e0 ng\u01b0\u1eddi h\u00e1i thu \u0111\u01b0\u1ee3c. N\u00f3 c\u1ea3i thi\u1ec7n \u0111\u00e1ng k\u1ec3 t\u1ef7 l\u1ec7 thu gom r\u01a1m v\u00e0 gi\u00fap n\u00f4ng d\u00e2n canh t\u00e1c thu\u1eadn ti\u1ec7n h\u01a1n v\u00e0 t\u0103ng l\u01b0\u1ee3ng r\u01a1m thu \u0111\u01b0\u1ee3c tr\u00ean m\u1ed7i m\u1eabu Anh.<\/li>    <li><strong>\u0111\u00f3ng ki\u1ec7n<\/strong>: t\u1ee9c l\u00e0 r\u01a1m r\u1eddi \u0111\u01b0\u1ee3c n\u00e9n ch\u1eb7t v\u00e0 \u0111\u1eadp th\u00e0nh ki\u1ec7n vu\u00f4ng ho\u1eb7c tr\u00f2n (ki\u1ec7n vu\u00f4ng ho\u1eb7c tr\u00f2n thu\u1eadn ti\u1ec7n cho vi\u1ec7c v\u1eadn chuy\u1ec3n, x\u1ebfp ch\u1ed3ng v\u00e0 b\u1ea3o qu\u1ea3n).<\/li> <\/ol>   <div class=\"wp-block-image\"> <figure class=\"aligncenter size-full\"><img loading=\"lazy\" decoding=\"async\" width=\"720\" height=\"540\" src=\"https:\/\/taizyagromachine.com\/wp-content\/uploads\/2022\/06\/working-scenes.jpg\" alt=\"c\u1ea3nh l\u00e0m vi\u1ec7c\" class=\"wp-image-2945\"\/><figcaption class=\"wp-element-caption\">c\u1ea3nh l\u00e0m vi\u1ec7c<\/figcaption><\/figure> <\/div>   <h2 class=\"wp-block-heading\" id=\"h-type-1-self-propelled-round-baler\"><strong>Lo\u1ea1i 1: M\u00e1y \u0111\u00f3ng ki\u1ec7n tr\u00f2n t\u1ef1 h\u00e0nh<\/strong><\/h2>    <p class=\"translation-block\">M\u00e1y \u0111\u00f3ng ki\u1ec7n v\u00e0 nghi\u1ec1n tr\u00f2n l\u00e0 thi\u1ebft b\u1ecb chuy\u00ean d\u1ee5ng \u0111\u01b0\u1ee3c c\u00f4ng ty ch\u00fang t\u00f4i thi\u1ebft k\u1ebf v\u00e0 s\u1ea3n xu\u1ea5t \u0111\u1ec3 thu gom r\u01a1m l\u00faa, l\u00faa m\u00ec, ng\u00f4 v\u00e0 c\u00e1c lo\u1ea1i r\u01a1m r\u1ea1 c\u00e2y tr\u1ed3ng kh\u00e1c c\u0169ng nh\u01b0 c\u00e1c lo\u1ea1i th\u1ee9c \u0103n gia s\u00fac v\u00e0 \u0111\u00f3ng ki\u1ec7n ch\u00fang. \u0110\u00e2y l\u00e0 lo\u1ea1i m\u00e1y \u0111\u00f3ng ki\u1ec7n tr\u00f2n ki\u1ec3u b\u0103ng chuy\u1ec1n hi\u1ec7u su\u1ea5t cao m\u1edbi do c\u00f4ng ty ch\u00fang t\u00f4i t\u1ef1 ph\u00e1t tri\u1ec3n. M\u00e1y n\u00e0y c\u00f3 th\u1ec3 s\u1eed d\u1ee5ng d\u00e2y th\u1eebng v\u00e0 l\u01b0\u1edbi \u0111\u1ec3 \u0111\u00f3ng ki\u1ec7n. M\u00e1y c\u0169ng c\u00f3 th\u1ec3 \u0111i\u1ec1u ch\u1ec9nh chi\u1ec1u cao v\u00e0 m\u1eadt \u0111\u1ed9 ki\u1ec7n theo t\u00ecnh h\u00ecnh th\u1ef1c t\u1ebf. C\u1ea7n l\u01b0u \u00fd r\u1eb1ng m\u00e1y n\u00e0y kh\u00e1c v\u1edbi <a href=\"https:\/\/taizyagromachine.com\/vi\/product\/silage-baler\/\" target=\"_blank\" rel=\"noreferrer noopener\">m\u00e1y \u0111\u00f3ng ki\u1ec7n v\u00e0 b\u1ecdc c\u1ecf kh\u00f4<\/a> \u1edf ch\u1ed7 kh\u00f4ng c\u00f3 ch\u1ee9c n\u0103ng b\u1ecdc m\u00e0ng.<\/p>    <figure class=\"wp-block-gallery aligncenter has-nested-images columns-default is-cropped wp-block-gallery-2 is-layout-flex wp-block-gallery-is-layout-flex\"> <figure class=\"wp-block-image size-full\"><img loading=\"lazy\" decoding=\"async\" width=\"720\" height=\"540\" data-id=\"2948\" src=\"https:\/\/taizyagromachine.com\/wp-content\/uploads\/2022\/06\/round-self-propelled-hay-baler.jpg\" alt=\"m\u00e1y \u0111\u00f3ng ki\u1ec7n tr\u00f2n t\u1ef1 h\u00e0nh\" class=\"wp-image-2948\"\/><figcaption class=\"wp-element-caption\">m\u00e1y \u0111\u00f3ng ki\u1ec7n c\u1ecf kh\u00f4 t\u1ef1 h\u00e0nh tr\u00f2n<\/figcaption><\/figure>    <figure class=\"wp-block-image size-full\"><img loading=\"lazy\" decoding=\"async\" width=\"720\" height=\"540\" data-id=\"2949\" src=\"https:\/\/taizyagromachine.com\/wp-content\/uploads\/2022\/06\/round-hay-cutter-and-baler.jpg\" alt=\"m\u00e1y c\u1eaft c\u1ecf tr\u00f2n v\u00e0 \u0111\u00f3ng ki\u1ec7n\" class=\"wp-image-2949\"\/><figcaption class=\"wp-element-caption\">m\u00e1y c\u1eaft c\u1ecf tr\u00f2n v\u00e0 m\u00e1y \u0111\u00f3ng ki\u1ec7n<\/figcaption><\/figure> <\/figure>    <figure class=\"wp-block-embed is-type-video is-provider-youtube wp-block-embed-youtube wp-embed-aspect-16-9 wp-has-aspect-ratio\"><div class=\"wp-block-embed__wrapper\"> <iframe loading=\"lazy\" title=\"M\u00e1y nghi\u1ec1n r\u01a1m h\u00e1i baling cho c\u00e1c ki\u1ec7n tr\u00f2n c\u1ecf kh\u00f4 | Gi\u1ea3i ph\u00e1p hi\u1ec7u qu\u1ea3 cho th\u1ee9c \u0103n \u1ee7 chua n\u00f4ng tr\u1ea1i\" width=\"500\" height=\"281\" src=\"https:\/\/www.youtube.com\/embed\/pgxaeEiL908?feature=oembed\" frameborder=\"0\" allow=\"accelerometer; autoplay; clipboard-write; encrypted-media; gyroscope; picture-in-picture; web-share\" referrerpolicy=\"strict-origin-when-cross-origin\" allowfullscreen><\/iframe> <\/div><figcaption class=\"wp-element-caption\">Video m\u00e1y ch\u1ecdn c\u1eaft c\u1ecf kh\u00f4<\/figcaption><\/figure>    <h3 class=\"wp-block-heading\" id=\"h-construction-of-round-hay-cutter-and-baler\"><strong>Thi c\u00f4ng M\u00e1y c\u1eaft v\u00e0 \u0111\u00f3ng ki\u1ec7n tr\u00f2n<\/strong><\/h3>    <p>M\u00e1y \u0111\u00f3ng ki\u1ec7n tr\u00f2n t\u1ef1 h\u00e0nh c\u00f3 PTO, b\u1ed9 c\u1ea5p li\u1ec7u, c\u00f4ng t\u1eafc silo v\u00e0 xi lanh th\u1ee7y l\u1ef1c. B\u1ea1n n\u00ean bi\u1ebft r\u1eb1ng s\u1ee3i c\u00f3 th\u1ec3 \u0111\u01b0\u1ee3c thay th\u1ebf b\u1eb1ng l\u01b0\u1edbi. <\/p>   <div class=\"wp-block-image\"> <figure class=\"aligncenter size-full\"><img loading=\"lazy\" decoding=\"async\" width=\"720\" height=\"540\" src=\"https:\/\/taizyagromachine.com\/wp-content\/uploads\/2022\/06\/structure-of-round-cutter-and-baler.jpg\" alt=\"c\u1ea5u tr\u00fac c\u1ee7a m\u00e1y c\u1eaft tr\u00f2n v\u00e0 m\u00e1y \u0111\u00f3ng ki\u1ec7n\" class=\"wp-image-2927\"\/><figcaption class=\"wp-element-caption\">c\u1ea5u tr\u00fac c\u1ee7a m\u00e1y c\u1eaft tr\u00f2n v\u00e0 m\u00e1y \u0111\u00f3ng ki\u1ec7n<\/figcaption><\/figure> <\/div>   <h3 class=\"wp-block-heading\" id=\"h-what-are-parameters-of-round-baling-machine\"><strong>C\u00e1c th\u00f4ng s\u1ed1 c\u1ee7a m\u00e1y \u0111\u00f3ng ki\u1ec7n tr\u00f2n l\u00e0 g\u00ec?<\/strong><\/h3>    <figure class=\"wp-block-table\"><table><tbody><tr><td>Ng\u01b0\u1eddi m\u1eabu<\/td><td>9YY80<\/td><td>9YY100<\/td><\/tr><tr><td>K\u00edch th\u01b0\u1edbc g\u00f3i<\/td><td>80cm * 100cm<\/td><td>100cm * 125cm<\/td><\/tr><tr><td>Chi\u1ec1u r\u1ed9ng thu ho\u1ea1ch<\/td><td>1,3m<\/td><td>1,8m<\/td><\/tr><tr><td>K\u00edch th\u01b0\u1edbc r\u00f2ng<\/td><td>2000m * 105cm<\/td><td>3000m * 125cm<\/td><\/tr><tr><td>M\u00e1y k\u00e9o \u0111\u01b0\u1ee3c trang b\u1ecb<\/td><td>H\u01a1n 70 m\u00e3 l\u1ef1c<\/td><td>H\u01a1n 90 m\u00e3 l\u1ef1c<\/td><\/tr><\/tbody><\/table><\/figure>    <h2 class=\"wp-block-heading\" id=\"h-type-2-self-propelled-square-baler\"><strong>Lo\u1ea1i 2: M\u00e1y \u0111\u00f3ng ki\u1ec7n vu\u00f4ng t\u1ef1 h\u00e0nh<\/strong><\/h2>    <p class=\"translation-block\">M\u00e1y c\u1eaft, nh\u1eb7t v\u00e0 \u0111\u00f3ng ki\u1ec7n vu\u00f4ng l\u00e0 m\u00e1y thu ho\u1ea1ch nghi\u1ec1n v\u00e0 nh\u1eb7t th\u1ee9c \u0103n gia s\u00fac th\u00e0nh ki\u1ec7n. M\u00e1y ch\u1ee7 y\u1ebfu d\u00f9ng \u0111\u1ec3 thu ho\u1ea1ch v\u00e0 \u0111\u00f3ng ki\u1ec7n c\u00e1c lo\u1ea1i th\u1ee9c \u0103n gia s\u00fac, r\u01a1m r\u1ea1 l\u00faa, l\u00faa m\u00ec, ng\u00f4 v\u00e0 c\u00e1c lo\u1ea1i r\u01a1m r\u1ea1 c\u00e2y tr\u1ed3ng kh\u00e1c tr\u00ean \u0111\u1ed3ng ru\u1ed9ng. M\u00e1y \u0111\u00f3ng ki\u1ec7n c\u1ecf kh\u00f4 t\u1ef1 h\u00e0nh c\u00f3 th\u1ec3 t\u1ef1 \u0111\u1ed9ng nghi\u1ec1n v\u00e0 nh\u1eb7t c\u00e1c d\u1ea3i c\u1ecf \u0111\u00e3 tr\u1ea3i tr\u00ean \u0111\u1ed3ng ru\u1ed9ng, \u0111\u1ed3ng th\u1eddi bu\u1ed9c c\u00e1c ki\u1ec7n th\u1ee9c \u0103n gia s\u00fac r\u1eddi th\u00e0nh ki\u1ec7n h\u00ecnh ch\u1eef nh\u1eadt c\u00f3 b\u1ec1 ngo\u00e0i g\u1ecdn g\u00e0ng v\u00e0 \u0111\u1ec1u \u0111\u1eb7n th\u00f4ng qua c\u00e1c quy tr\u00ecnh v\u1eadn h\u00e0nh n\u1ea1p li\u1ec7u, n\u00e9n v\u00e0 t\u1ea1o h\u00ecnh, n\u00fat v\u00e0 bu\u1ed9c. C\u1ea7n l\u01b0u \u00fd r\u1eb1ng ch\u1ec9 c\u00f3 th\u1ec3 s\u1eed d\u1ee5ng d\u00e2y th\u1eebng \u0111\u1ec3 \u0111\u00f3ng ki\u1ec7n. Ch\u00e0o m\u1eebng b\u1ea1n <a href=\"https:\/\/taizyagromachine.com\/vi\/contact\/\" target=\"_blank\" rel=\"noreferrer noopener\">li\u00ean h\u1ec7 v\u1edbi ch\u00fang t\u00f4i<\/a> \u0111\u1ec3 bi\u1ebft th\u00eam chi ti\u1ebft!<\/p>    <figure class=\"wp-block-gallery aligncenter has-nested-images columns-default is-cropped wp-block-gallery-3 is-layout-flex wp-block-gallery-is-layout-flex\"> <figure class=\"wp-block-image size-full\"><img loading=\"lazy\" decoding=\"async\" width=\"720\" height=\"540\" data-id=\"2953\" src=\"https:\/\/taizyagromachine.com\/wp-content\/uploads\/2022\/06\/square-cutter-and-baler.jpg\" alt=\"m\u00e1y c\u1eaft vu\u00f4ng v\u00e0 \u0111\u00f3ng ki\u1ec7n\" class=\"wp-image-2953\"\/><figcaption class=\"wp-element-caption\">m\u00e1y c\u1eaft vu\u00f4ng v\u00e0 m\u00e1y \u0111\u00f3ng ki\u1ec7n<\/figcaption><\/figure>    <figure class=\"wp-block-image size-full\"><img loading=\"lazy\" decoding=\"async\" width=\"720\" height=\"540\" data-id=\"2952\" src=\"https:\/\/taizyagromachine.com\/wp-content\/uploads\/2022\/06\/square-self-propelled-baler.jpg\" alt=\"m\u00e1y \u0111\u00f3ng ki\u1ec7n vu\u00f4ng t\u1ef1 h\u00e0nh\" class=\"wp-image-2952\"\/><figcaption class=\"wp-element-caption\">m\u00e1y \u0111\u00f3ng ki\u1ec7n vu\u00f4ng t\u1ef1 h\u00e0nh<\/figcaption><\/figure> <\/figure>    <h3 class=\"wp-block-heading\"><strong>C\u1ea5u tr\u00fac c\u1ee7a thi\u1ebft b\u1ecb \u0111\u00f3ng ki\u1ec7n vu\u00f4ng<\/strong><\/h3>    <p>M\u00e1y \u0111\u00f3ng ki\u1ec7n t\u1ef1 h\u00e0nh bao g\u1ed3m h\u1ec7 th\u1ed1ng truy\u1ec1n \u0111\u1ed9ng, d\u1ea7m k\u00e9o, m\u00e1y g\u1eafp, bu\u1ed3ng \u0111\u00f3ng ki\u1ec7n v\u00e0 c\u1eeda x\u1ea3. \u0110\u00f3 l\u00e0 m\u1ed9t c\u00f4ng tr\u00ecnh r\u1ea5t \u0111\u01a1n gi\u1ea3n. <\/p>   <div class=\"wp-block-image\"> <figure class=\"aligncenter size-full\"><img loading=\"lazy\" decoding=\"async\" width=\"720\" height=\"450\" src=\"https:\/\/taizyagromachine.com\/wp-content\/uploads\/2022\/06\/structure-of-square-cutting-and-baling-machine.jpg\" alt=\"c\u1ea5u t\u1ea1o c\u1ee7a m\u00e1y c\u1eaft v\u00e0 \u0111\u00f3ng ki\u1ec7n vu\u00f4ng\" class=\"wp-image-2928\"\/><figcaption class=\"wp-element-caption\">c\u1ea5u t\u1ea1o c\u1ee7a m\u00e1y c\u1eaft v\u00e0 \u0111\u00f3ng ki\u1ec7n vu\u00f4ng<\/figcaption><\/figure> <\/div>   <h3 class=\"wp-block-heading\"><strong>Th\u00f4ng s\u1ed1 k\u1ef9 thu\u1eadt c\u1ee7a m\u00e1y \u0111\u00f3ng ki\u1ec7n vu\u00f4ng<\/strong><\/h3>    <figure class=\"wp-block-table\"><table><tbody><tr><td>Ng\u01b0\u1eddi m\u1eabu<\/td><td>9YFQ-2.0<\/td><\/tr><tr><td>Chi\u1ec1u r\u1ed9ng thu ho\u1ea1ch<\/td><td>2,0m<\/td><\/tr><tr><td>M\u00e1y k\u00e9o \u0111\u01b0\u1ee3c trang b\u1ecb<\/td><td>H\u01a1n 75 m\u00e3 l\u1ef1c<\/td><\/tr><tr><td>Hi\u1ec7u qu\u1ea3 s\u1ea3n xu\u1ea5t<\/td><td>3t\/gi\u1edd<\/td><\/tr><tr><td>K\u00edch th\u01b0\u1edbc t\u1ed5ng th\u1ec3<\/td><td>4150*2850*1800mm<\/td><\/tr><\/tbody><\/table><\/figure>    <h2 class=\"wp-block-heading\" id=\"h-applications-of-self-propelled-hay-baler\"><strong>C\u00e1c \u1ee9ng d\u1ee5ng c\u1ee7a m\u00e1y \u0111\u00f3ng ki\u1ec7n c\u1ecf kh\u00f4 t\u1ef1 h\u00e0nh<\/strong><\/h2>    <p>B\u1edfi v\u00ec lo\u1ea1i m\u00e1y c\u1eaft c\u1ecf kh\u00f4 v\u00e0 m\u00e1y \u0111\u00f3ng ki\u1ec7n n\u00e0y ph\u00f9 h\u1ee3p v\u1edbi c\u00f4ng vi\u1ec7c t\u1ea1i hi\u1ec7n tr\u01b0\u1eddng n\u00ean n\u00f3 c\u00f3 nhi\u1ec1u \u1ee9ng d\u1ee5ng. Ch\u1eb3ng h\u1ea1n nh\u01b0 th\u00e2n c\u00e2y ng\u00f4, l\u00e1 m\u00eda, \u1ed1ng h\u00fat l\u00faa m\u00ec, \u1ed1ng h\u00fat l\u00faa, c\u00e2y gi\u1ed1ng l\u1ea1c, c\u00e2y gi\u1ed1ng khoai lang, c\u1ecf xanh, c\u1ecf kh\u00f4, v.v. <\/p>   <div class=\"wp-block-image\"> <figure class=\"aligncenter size-full\"><img loading=\"lazy\" decoding=\"async\" width=\"720\" height=\"450\" src=\"https:\/\/taizyagromachine.com\/wp-content\/uploads\/2022\/06\/wide-applications-of-self-propelled-hay-baler.jpg\" alt=\"\u1ee9ng d\u1ee5ng r\u1ed9ng r\u00e3i c\u1ee7a m\u00e1y \u0111\u00f3ng ki\u1ec7n c\u1ecf kh\u00f4 t\u1ef1 h\u00e0nh\" class=\"wp-image-2932\"\/><figcaption class=\"wp-element-caption\">\u1ee9ng d\u1ee5ng r\u1ed9ng r\u00e3i c\u1ee7a m\u00e1y \u0111\u00f3ng ki\u1ec7n c\u1ecf kh\u00f4 t\u1ef1 h\u00e0nh<\/figcaption><\/figure> <\/div>   <h2 class=\"wp-block-heading\"><strong>\u0110\u1eb7c \u0111i\u1ec3m c\u1ee7a m\u00e1y c\u1eaft c\u1ecf kh\u00f4 v\u00e0 m\u00e1y \u0111\u00f3ng ki\u1ec7n l\u00e0 g\u00ec?<\/strong><\/h2>    <ol class=\"wp-block-list\"> <li>H\u1ec7 th\u1ed1ng truy\u1ec1n \u0111\u1ed9ng ch\u00ednh v\u00e0 n\u00fat th\u1eaft nh\u1eadp kh\u1ea9u c\u1ee7a \u0110\u1ee9c, to\u00e0n b\u1ed9 m\u00e1y \u0111\u00f3ng ki\u1ec7n t\u1ef1 h\u00e0nh c\u00f3 hi\u1ec7u su\u1ea5t \u1ed5n \u0111\u1ecbnh v\u00e0 t\u1ed1c \u0111\u1ed9 h\u00ecnh th\u00e0nh ki\u1ec7n cao.<\/li>    <li>M\u00e1y \u0111\u00f3ng ki\u1ec7n t\u1ef1 h\u00e0nh c\u00f3 tr\u1ee5c d\u1ecdc \u0111\u1ed1i x\u1ee9ng, \u0111\u1ed9 \u1ed5n \u0111\u1ecbnh l\u00e1i t\u1ed1t, d\u1ec5 b\u00e1m \u0111\u01b0\u1eddng v\u00e0 c\u00f3 th\u1ec3 th\u00edch \u1ee9ng \u0111\u1ec3 l\u00e0m vi\u1ec7c tr\u00ean nh\u1eefng m\u1ea3nh \u0111\u1ea5t nh\u1ecf v\u00e0 kh\u00f4ng b\u1eb1ng ph\u1eb3ng.<\/li>    <li>C\u00e1c d\u1ea3i c\u1ecf lu\u00f4n chuy\u1ec3n \u0111\u1ed9ng theo \u0111\u01b0\u1eddng th\u1eb3ng t\u1eeb khi nh\u1eb7t \u0111\u1ebfn khi t\u1ea1o th\u00e0nh ki\u1ec7n tr\u00ean m\u1eb7t \u0111\u1ea5t, qu\u00e1 tr\u00ecnh v\u1eadn chuy\u1ec3n v\u00e0 \u0111\u00f3ng ki\u1ec7n d\u1ea3i c\u1ecf h\u1ee3p l\u00fd, gi\u00fap c\u1ea3i thi\u1ec7n t\u1ea7n s\u1ed1 chuy\u1ec3n \u0111\u1ed9ng t\u1ecbnh ti\u1ebfn c\u1ee7a piston v\u00e0 t\u0103ng n\u0103ng su\u1ea5t s\u1ea3n xu\u1ea5t.<\/li>    <li>Bu\u1ed3ng \u0111\u00f3ng ki\u1ec7n v\u00e0 kim ren c\u00f3 kho\u1ea3ng h\u1edf \u0111\u1ee7 cao so v\u1edbi m\u1eb7t \u0111\u1ea5t \u0111\u1ec3 v\u1eadn h\u00e0nh \u1edf c\u00e1c l\u00f4 c\u00f3 n\u1ec1n th\u1ea5p m\u00e0 kim ren kh\u00f4ng ch\u1ea1m \u0111\u1ea5t, do \u0111\u00f3 lo\u1ea1i b\u1ecf khung b\u1ea3o v\u1ec7 kim ren truy\u1ec1n th\u1ed1ng. Xe nh\u1eb7t h\u00e0ng \u0111\u01b0\u1ee3c trang b\u1ecb m\u1ed9t b\u00e1nh xe \u0111\u1ecbnh h\u00ecnh, cho ph\u00e9p v\u1eadn h\u00e0nh \u1edf nh\u1eefng l\u00f4 \u0111\u1ea5t th\u1ea5p.<\/li>    <li>Nghi\u1ec1n v\u00e0 g\u1eafp, h\u1ec7 th\u1ed1ng treo 3 li\u00ean k\u1ebft v\u1edbi m\u00e1y k\u00e9o.<\/li> <\/ol>    <figure class=\"wp-block-gallery aligncenter has-nested-images columns-default is-cropped wp-block-gallery-4 is-layout-flex wp-block-gallery-is-layout-flex\"> <figure class=\"wp-block-image size-large\"><img loading=\"lazy\" decoding=\"async\" width=\"720\" height=\"540\" data-id=\"2939\" src=\"https:\/\/taizyagromachine.com\/wp-content\/uploads\/2022\/06\/German-knotter.jpg\" alt=\"M\u00e1y \u0111\u00f3ng ki\u1ec7n t\u1ef1 h\u00e0nh Kutter c\u1ee7a \u0110\u1ee9c\" class=\"wp-image-2939\"\/><figcaption class=\"wp-element-caption\">th\u1ee3 th\u1eaft n\u00fat \u0110\u1ee9c<\/figcaption><\/figure>    <figure class=\"wp-block-image size-full\"><img loading=\"lazy\" decoding=\"async\" width=\"720\" height=\"540\" data-id=\"2940\" src=\"https:\/\/taizyagromachine.com\/wp-content\/uploads\/2022\/06\/multifunction-crushing-picking.jpg\" alt=\"nghi\u1ec1n v\u00e0 nh\u1eb7t \u0111a ch\u1ee9c n\u0103ng\" class=\"wp-image-2940\"\/><figcaption class=\"wp-element-caption\">nghi\u1ec1n v\u00e0 nh\u1eb7t<\/figcaption><\/figure>    <figure class=\"wp-block-image size-full\"><img loading=\"lazy\" decoding=\"async\" width=\"720\" height=\"540\" data-id=\"2938\" src=\"https:\/\/taizyagromachine.com\/wp-content\/uploads\/2022\/06\/3-linkage-suspension.jpg\" alt=\"H\u1ec7 th\u1ed1ng treo 3 li\u00ean k\u1ebft v\u1edbi m\u00e1y \u0111\u00f3ng ki\u1ec7n t\u1ef1 h\u00e0nh\" class=\"wp-image-2938\"\/><figcaption class=\"wp-element-caption\">H\u1ec7 th\u1ed1ng treo 3 li\u00ean k\u1ebft<\/figcaption><\/figure> <\/figure>    <h2 class=\"wp-block-heading\" id=\"h-why-choose-taizy-company-as-top-choice\"><strong>T\u1ea1i sao ch\u1ecdn C\u00f4ng ty Taizy l\u00e0 l\u1ef1a ch\u1ecdn h\u00e0ng \u0111\u1ea7u?<\/strong><\/h2>    <p class=\"translation-block\">Ch\u00fang t\u00f4i, <a href=\"https:\/\/taizyagromachine.com\/vi\/\" target=\"_blank\" rel=\"noreferrer noopener\">Taizy Agro Machinery<\/a>, \u0111\u00e3 ho\u1ea1t \u0111\u1ed9ng s\u00e2u trong ng\u00e0nh n\u00f4ng nghi\u1ec7p h\u01a1n 10 n\u0103m. M\u1ed7i l\u1ea7n ch\u00fang t\u00f4i tr\u1edf th\u00e0nh l\u1ef1a ch\u1ecdn \u0111\u1ea7u ti\u00ean l\u00e0 v\u00ec ch\u00fang t\u00f4i c\u00f3 nh\u1eefng l\u1ee3i th\u1ebf \u0111\u1ed9c \u0111\u00e1o ri\u00eang.<\/p>    <p class=\"translation-block\"><strong>Ch\u1ea5t l\u01b0\u1ee3ng tuy\u1ec7t v\u1eddi<\/strong>. M\u00e1y \u0111\u00f3ng ki\u1ec7n t\u1ef1 h\u00e0nh c\u1ee7a ch\u00fang t\u00f4i tu\u00e2n th\u1ee7 c\u00e1c quy t\u1eafc s\u1ea3n xu\u1ea5t nghi\u00eam ng\u1eb7t, c\u0169ng nh\u01b0 m\u00e1y \u0111\u00f3ng ki\u1ec7n r\u01a1m, <a href=\"https:\/\/taizyagromachine.com\/vi\/product\/straw-crushing-and-recycling-machine\/\" target=\"_blank\" rel=\"noreferrer noopener\">m\u00e1y thu ho\u1ea1ch v\u00e0 t\u00e1i ch\u1ebf c\u1ecf kh\u00f4<\/a>, v.v. Ngo\u00e0i ra, c\u00e1c m\u00e1y n\u00f4ng nghi\u1ec7p c\u1ee7a ch\u00fang t\u00f4i \u0111\u1ec1u c\u00f3 ch\u1ee9ng nh\u1eadn CE, \u0111\u01b0\u1ee3c ng\u01b0\u1eddi d\u00f9ng \u1edf n\u01b0\u1edbc ngo\u00e0i v\u00e0 c\u00e1c khu v\u1ef1c \u0111\u00f3n nh\u1eadn n\u1ed3ng nhi\u1ec7t. <\/p>    <p class=\"translation-block\"><strong>C\u00f4ng ngh\u1ec7 ti\u00ean ti\u1ebfn<\/strong>. M\u00e1y \u0111\u00f3ng ki\u1ec7n \u00e1p d\u1ee5ng c\u00f4ng ngh\u1ec7 ti\u00ean ti\u1ebfn v\u00e0 k\u1ebft h\u1ee3p nhu c\u1ea7u th\u1ecb tr\u01b0\u1eddng, thi\u1ebft k\u1ebf m\u00e1y \u0111\u00f3ng ki\u1ec7n th\u1ee9c \u0103n gia s\u00fac lo\u1ea1i m\u1edbi. S\u1ea3n ph\u1ea9m r\u1ea5t ph\u1ed5 bi\u1ebfn tr\u00ean th\u1ecb tr\u01b0\u1eddng.<\/p>    <p class=\"translation-block\"><strong>D\u1ecbch v\u1ee5 ho\u00e0n h\u1ea3o<\/strong>. Sau khi b\u00e1n h\u00e0ng, ch\u00fang t\u00f4i c\u0169ng cung c\u1ea5p d\u1ecbch v\u1ee5 h\u1eadu m\u00e3i chu \u0111\u00e1o \u0111\u1ec3 gi\u1ea3i quy\u1ebft m\u1ecdi v\u1ea5n \u0111\u1ec1 c\u00f3 th\u1ec3 ph\u00e1t sinh c\u1ee7a kh\u00e1ch h\u00e0ng trong t\u01b0\u01a1ng lai g\u1ea7n.<\/p>    <h2 class=\"wp-block-heading\" id=\"h-successful-case-self-propelled-small-square-baler-sold-to-iran\"><strong>Tr\u01b0\u1eddng h\u1ee3p th\u00e0nh c\u00f4ng: M\u00e1y \u0111\u00f3ng ki\u1ec7n vu\u00f4ng nh\u1ecf t\u1ef1 h\u00e0nh \u0111\u01b0\u1ee3c b\u00e1n cho Iran  <\/strong><\/h2>    <p>Gi\u00e1m \u0111\u1ed1c b\u00e1n h\u00e0ng c\u1ee7a ch\u00fang t\u00f4i, Winnie \u0111\u00e3 nh\u1eadn \u0111\u01b0\u1ee3c c\u00e2u h\u1ecfi t\u1eeb m\u1ed9t kh\u00e1ch h\u00e0ng \u1edf Iran. Anh \u1ea5y mu\u1ed1n thu ho\u1ea1ch th\u1ee9c \u0103n th\u00f4 xanh v\u00e0 c\u00f3 m\u00e1y k\u00e9o c\u1ee7a ri\u00eang m\u00ecnh. V\u00ec Iran n\u1eb1m \u1edf Trung \u0110\u00f4ng v\u00e0 \u01b0a chu\u1ed9ng ki\u1ec7n vu\u00f4ng n\u00ean Winnie \u0111\u00e3 g\u1eedi c\u00e1c th\u00f4ng tin li\u00ean quan v\u1ec1 m\u00e1y \u0111\u00f3ng ki\u1ec7n vu\u00f4ng, bao g\u1ed3m th\u00f4ng s\u1ed1, c\u1ea5u h\u00ecnh, h\u00ecnh \u1ea3nh, video, v.v. Sau khi x\u00e1c nh\u1eadn, kh\u00e1ch h\u00e0ng Iran r\u1ea5t th\u00edch n\u00f3. Th\u1ebf l\u00e0 h\u1ee3p \u0111\u1ed3ng \u0111\u00e3 \u0111\u01b0\u1ee3c k\u00fd k\u1ebft. Ch\u00fang t\u00f4i v\u1eadn chuy\u1ec3n \u0111\u1ebfn \u0111\u00edch c\u1ee7a anh \u1ea5y. Sau khi nh\u1eadn \u0111\u01b0\u1ee3c m\u00e1y, kh\u00e1ch h\u00e0ng Iran cho bi\u1ebft m\u00e1y \u0111\u00f3ng ki\u1ec7n t\u1ef1 h\u00e0nh ho\u1ea1t \u0111\u1ed9ng r\u1ea5t t\u1ed1t v\u00e0 ch\u00fang ta s\u1ebd c\u00f3 c\u01a1 h\u1ed9i h\u1ee3p t\u00e1c l\u1ea7n n\u1eefa.<\/p>    <h2 class=\"wp-block-heading\" id=\"h-faq\"><strong>C\u00e2u h\u1ecfi th\u01b0\u1eddng g\u1eb7p<\/strong><\/h2>   <div id=\"rank-math-faq\" class=\"rank-math-block\"> <div class=\"rank-math-list\"> <div id=\"faq-question-1665309290478\" class=\"rank-math-list-item\"> <h3 class=\"rank-math-question\"><strong>H\u1ecfi: Chi\u1ec1u r\u1ed9ng ch\u1ecdn c\u1ee7a m\u00e1y \u0111\u00f3ng ki\u1ec7n t\u1ef1 h\u00e0nh l\u00e0 bao nhi\u00eau?<\/strong><\/h3> <div class=\"rank-math-answer\">  <p>\u0110\u00e1p: 1,3m, 1,8m, 2m.<\/p>  <\/div> <\/div> <div id=\"faq-question-1665309298217\" class=\"rank-math-list-item\"> <h3 class=\"rank-math-question\"><strong>Q: B\u1ea1n ch\u1ee7 y\u1ebfu s\u1ea3n xu\u1ea5t lo\u1ea1i thi\u1ebft b\u1ecb n\u00e0o?<\/strong><\/h3> <div class=\"rank-math-answer\">  <p>A: Ch\u00fang t\u00f4i ch\u1ee7 y\u1ebfu s\u1ea3n xu\u1ea5t m\u00e1y m\u00f3c n\u00f4ng nghi\u1ec7p v\u00e0 m\u00e1y m\u00f3c n\u00f4ng nghi\u1ec7p.<\/p>  <\/div> <\/div> <div id=\"faq-question-1665309313441\" class=\"rank-math-list-item\"> <h3 class=\"rank-math-question\"><strong>H\u1ecfi: \u0110\u1ecba \u0111i\u1ec3m v\u1eadn chuy\u1ec3n \u1edf \u0111\u00e2u?<\/strong><\/h3> <div class=\"rank-math-answer\">  <p>A: N\u1eb1m \u1edf v\u00f9ng \u0111\u1ed3ng b\u1eb1ng trung t\u00e2m c\u1ee7a Trung Qu\u1ed1c, H\u00e0 Nam, v\u00ec v\u1eady ch\u00fang t\u00f4i \u0111\u00e3 ph\u00e1t tri\u1ec3n v\u1eadn t\u1ea3i v\u00e0 giao h\u00e0ng nhanh ch\u00f3ng.<\/p>  <\/div> <\/div> <\/div> <\/div>   <h2 class=\"wp-block-heading\"><strong>Video ho\u1ea1t \u0111\u1ed9ng c\u1ee7a m\u00e1y c\u1eaft c\u1ecf kh\u00f4 v\u00e0 m\u00e1y \u0111\u00f3ng ki\u1ec7n <\/strong><\/h2>    <figure class=\"wp-block-embed is-type-video is-provider-youtube wp-block-embed-youtube wp-embed-aspect-16-9 wp-has-aspect-ratio\"><div class=\"wp-block-embed__wrapper\"> <iframe loading=\"lazy\" title=\"M\u00e1y c\u1eaft c\u1ecf kh\u00f4 v\u00e0 m\u00e1y \u0111\u00f3ng ki\u1ec7n | M\u00e1y nh\u1eb7t, nghi\u1ec1n v\u00e0 \u0111\u00f3ng ki\u1ec7n r\u01a1m k\u00e8m m\u00e1y k\u00e9o #hay #strawbale\" width=\"500\" height=\"281\" src=\"https:\/\/www.youtube.com\/embed\/PhkH7-TU5-I?feature=oembed\" frameborder=\"0\" allow=\"accelerometer; autoplay; clipboard-write; encrypted-media; gyroscope; picture-in-picture; web-share\" referrerpolicy=\"strict-origin-when-cross-origin\" allowfullscreen><\/iframe> <\/div><\/figure>","protected":false},"excerpt":{"rendered":"<p>The self propelled baler is an agricultural machine that integrates &#8220;picking, cutting and baling&#8221;. This hay cutter and baler machine can not only work in low-lying areas, but also feed the material more smoothly and not easily blocked. Besides, this machine has CE certificate, which is very popular in domestic and international market. The machine [&hellip;]<\/p>\n","protected":false},"author":1,"featured_media":2907,"parent":0,"template":"","tags":[120,117,103,119,118,122,121,116],"product-type":[19],"class_list":["post-2905","product","type-product","status-publish","has-post-thumbnail","hentry","tag-agriculture-machinery","tag-baling-machine","tag-hay-baler","tag-hay-baling-machine","tag-hay-cutter-and-baler","tag-self-propelled-round-baler","tag-self-propelled-square-baler","tag-silage","product-type-silage-machine"],"_links":{"self":[{"href":"https:\/\/taizyagromachine.com\/vi\/wp-json\/wp\/v2\/product\/2905","targetHints":{"allow":["GET"]}}],"collection":[{"href":"https:\/\/taizyagromachine.com\/vi\/wp-json\/wp\/v2\/product"}],"about":[{"href":"https:\/\/taizyagromachine.com\/vi\/wp-json\/wp\/v2\/types\/product"}],"author":[{"embeddable":true,"href":"https:\/\/taizyagromachine.com\/vi\/wp-json\/wp\/v2\/users\/1"}],"wp:featuredmedia":[{"embeddable":true,"href":"https:\/\/taizyagromachine.com\/vi\/wp-json\/wp\/v2\/media\/2907"}],"wp:attachment":[{"href":"https:\/\/taizyagromachine.com\/vi\/wp-json\/wp\/v2\/media?parent=2905"}],"wp:term":[{"taxonomy":"post_tag","embeddable":true,"href":"https:\/\/taizyagromachine.com\/vi\/wp-json\/wp\/v2\/tags?post=2905"},{"taxonomy":"product-type","embeddable":true,"href":"https:\/\/taizyagromachine.com\/vi\/wp-json\/wp\/v2\/product-type?post=2905"}],"curies":[{"name":"wp","href":"https:\/\/api.w.org\/{rel}","templated":true}]}}