{"id":3038,"date":"2022-06-10T03:38:55","date_gmt":"2022-06-10T03:38:55","guid":{"rendered":"https:\/\/taizyagromachine.com\/?post_type=product&#038;p=3038"},"modified":"2025-01-02T13:49:22","modified_gmt":"2025-01-02T05:49:22","slug":"bean-peeling-machine","status":"publish","type":"product","link":"https:\/\/taizyagromachine.com\/vi\/product\/bean-peeling-machine\/","title":{"rendered":"M\u00e1y B\u00f3c V\u1ecf \u0110\u1eadu N\u00e0nh, \u0110\u1eadu N\u00e0nh, \u0110\u1eadu Lachi"},"content":{"rendered":"<p class=\"translation-block\">Nh\u01b0 t\u00ean g\u1ecdi, <strong>m\u00e1y b\u00f3c v\u1ecf \u0111\u1eadu<\/strong> l\u00e0 m\u00e1y l\u1ed9t v\u1ecf chuy\u00ean ph\u00e1t tri\u1ec3n c\u00e1c lo\u1ea1i \u0111\u1eadu, do c\u00f4ng ty ch\u00fang t\u00f4i ph\u00e1t minh theo nhu c\u1ea7u th\u1ecb tr\u01b0\u1eddng. N\u00f3 ch\u1ee7 y\u1ebfu \u00e1p d\u1ee5ng \u0111\u1ec3 b\u00f3c v\u1ecf v\u00e0 t\u00e1ch c\u00e1c lo\u1ea1i \u0111\u1eadu nh\u01b0 \u0111\u1eadu t\u01b0\u01a1ng, \u0111\u1eadu H\u00e0 Lan, \u0111\u1eadu \u0111en, \u0111\u1eadu th\u1eadn, h\u1ea1nh nh\u00e2n, v.v. <\/p>    <p>T\u1ed1c \u0111\u1ed9 bong tr\u00f3c tr\u00ean 98%. M\u00e1y lo\u1ea1i b\u1ecf v\u1ecf \u0111\u1eadu n\u00e0nh ph\u00f9 h\u1ee3p cho c\u00e1c nh\u00e0 m\u00e1y ch\u1ebf bi\u1ebfn th\u1ef1c ph\u1ea9m, kh\u00e1ch s\u1ea1n, nh\u00e0 h\u00e0ng, c\u0103ng tin, h\u1ed9 gia \u0111\u00ecnh chuy\u00ean nghi\u1ec7p,.. <\/p>    <p>Thi\u1ebft b\u1ecb n\u00e0y l\u00e0 m\u00e1y b\u00f3c v\u1ecf th\u1ebf h\u1ec7 m\u1edbi, \u0111\u01b0\u1ee3c thi\u1ebft k\u1ebf v\u00e0 t\u1ed1i \u01b0u h\u00f3a c\u1ea9n th\u1eadn sau khi kh\u1ea3o s\u00e1t v\u00e0 t\u01b0 v\u1ea5n th\u1ecb tr\u01b0\u1eddng r\u1ed9ng r\u00e3i v\u1edbi ng\u01b0\u1eddi d\u00f9ng, \u0111\u1ed3ng th\u1eddi r\u00fat ra nh\u1eefng \u01b0u \u0111i\u1ec3m v\u00e0 kinh nghi\u1ec7m c\u1ee7a nhi\u1ec1u lo\u1ea1i m\u00e1y b\u00f3c v\u1ecf \u0111\u1eadu trong v\u00e0 ngo\u00e0i n\u01b0\u1edbc. <\/p>    <p>M\u00e1y b\u00f3c v\u1ecf \u0111\u1eadu c\u1ee7a ch\u00fang t\u00f4i \u0111\u01b0\u1ee3c thi\u1ebft k\u1ebf t\u1ed1t, d\u1ec5 v\u1eadn h\u00e0nh v\u00e0 cho n\u0103ng su\u1ea5t cao. Ch\u00fang t\u00f4i, Taizy Machinery, c\u00f3 ba m\u1eabu m\u00e3 cho b\u1ea1n l\u1ef1a ch\u1ecdn. N\u1ebfu b\u1ea1n c\u00f3 nhu c\u1ea7u, b\u1ea1n c\u00f3 th\u1ec3 li\u00ean h\u1ec7 v\u1edbi ch\u00fang t\u00f4i. H\u00e3y cho ch\u00fang t\u00f4i bi\u1ebft b\u1ea1n c\u1ea7n g\u00ec v\u00e0 ng\u01b0\u1eddi qu\u1ea3n l\u00fd b\u00e1n h\u00e0ng c\u1ee7a ch\u00fang t\u00f4i s\u1ebd cung c\u1ea5p cho b\u1ea1n gi\u1ea3i ph\u00e1p ph\u00f9 h\u1ee3p nh\u1ea5t v\u1edbi nhu c\u1ea7u c\u1ee7a b\u1ea1n.<\/p>    <h2 class=\"wp-block-heading\" id=\"h-who-uses-peeled-beans\"><strong>Ai s\u1eed d\u1ee5ng \u0111\u1eadu \u0111\u00e3 b\u00f3c v\u1ecf?<\/strong><\/h2>    <p>M\u00e1y b\u00f3c v\u1ecf \u0111\u1eadu n\u00e0y c\u00f3 r\u1ea5t nhi\u1ec1u \u1ee9ng d\u1ee5ng. B\u1edfi chi\u1ebfc m\u00e1y n\u00e0y c\u00f3 th\u1ec3 ch\u1ebf bi\u1ebfn c\u00e1c lo\u1ea1i \u0111\u1eadu nh\u01b0 \u0111\u1eadu n\u00e0nh, \u0111\u1eadu \u0111en, \u0111\u1eadu H\u00e0 Lan,\u2026 \u0111\u1ec3 b\u00f3c v\u1ecf v\u00e0 t\u00e1ch h\u1ea1t. Ch\u1ee7 y\u1ebfu c\u00f3 c\u00e1c l\u0129nh v\u1ef1c s\u1eed d\u1ee5ng sau:<\/p>    <p>Nh\u00e0 m\u00e1y l\u1edbn, x\u01b0\u1edfng v\u1eeba v\u00e0 nh\u1ecf, c\u1eeda h\u00e0ng b\u00e1n l\u1ebb, cung c\u1ea5p c\u0103ng tin, c\u00e1 nh\u00e2n v\u00e0 nh\u00e0 m\u00e1y ch\u1ebf bi\u1ebfn th\u1ef1c ph\u1ea9m. N\u1ebfu b\u1ea1n c\u00f3 nhu c\u1ea7u h\u00e3y li\u00ean h\u1ec7 v\u1edbi ch\u00fang t\u00f4i trong th\u1eddi gian s\u1edbm nh\u1ea5t! V\u00e0 \u0111\u1ed9i ng\u0169 nh\u00e2n vi\u00ean chuy\u00ean nghi\u1ec7p c\u1ee7a ch\u00fang t\u00f4i s\u1ebd \u0111\u01b0a ra ph\u01b0\u01a1ng \u00e1n ph\u00f9 h\u1ee3p nh\u1ea5t \u0111\u1ec3 t\u1ea1o thu\u1eadn l\u1ee3i cho doanh nghi\u1ec7p c\u1ee7a b\u1ea1n.<\/p>   <div class=\"wp-block-image\"> <figure class=\"aligncenter size-full\"><img loading=\"lazy\" decoding=\"async\" width=\"720\" height=\"540\" src=\"https:\/\/taizyagromachine.com\/wp-content\/uploads\/2022\/06\/usages-of-bean-peling-machine.jpg\" alt=\"c\u00f4ng d\u1ee5ng c\u1ee7a m\u00e1y b\u00f3c \u0111\u1eadu\" class=\"wp-image-3053\"\/><figcaption class=\"wp-element-caption\">c\u00f4ng d\u1ee5ng c\u1ee7a m\u00e1y b\u00f3c \u0111\u1eadu<\/figcaption><\/figure> <\/div>   <h2 class=\"wp-block-heading\" id=\"h-type-1-soybean-peeling-machine\"><strong>Lo\u1ea1i 1: C\u1ea7n b\u00e1n m\u00e1y b\u00f3c v\u1ecf \u0111\u1eadu n\u00e0nh<\/strong><\/h2>    <p class=\"translation-block\">M\u00e1y b\u00f3c v\u1ecf \u0111\u1eadu n\u00e0nh n\u00e0y l\u00e0 m\u00e1y t\u00e1ch v\u00e0 l\u00e0m nhuy\u1ec5n h\u1ea1t \u0111\u1eadu n\u00e0nh \u0111\u01b0\u1ee3c ph\u00e1t tri\u1ec3n b\u1edfi \u0111\u1ed9i ng\u0169 nghi\u00ean c\u1ee9u v\u00e0 ph\u00e1t tri\u1ec3n k\u1ef9 thu\u1eadt c\u1ee7a Taizy Machinery theo nhu c\u1ea7u th\u1ecb tr\u01b0\u1eddng. M\u00e1y b\u00f3c v\u1ecf \u0111\u1eadu c\u00f3 th\u1ec3 b\u00f3c v\u1ecf c\u00e1c lo\u1ea1i \u0111\u1eadu tr\u00f2n v\u00e0 \u0111\u1ec1u h\u1ea1t nh\u01b0 \u0111\u1eadu n\u00e0nh, <strong>\u0111\u1eadu m\u1eaft \u0111en<\/strong>, <strong>\u0111\u1eadu H\u00e0 Lan<\/strong>, v.v. M\u00e1y n\u00e0y d\u1ec5 v\u1eadn h\u00e0nh. <\/p>   <div class=\"wp-block-image\"> <figure class=\"aligncenter size-full\"><img loading=\"lazy\" decoding=\"async\" width=\"720\" height=\"540\" src=\"https:\/\/taizyagromachine.com\/wp-content\/uploads\/2022\/06\/soybean-peeling-machine.jpg\" alt=\"m\u00e1y b\u00f3c v\u1ecf \u0111\u1eadu n\u00e0nh\" class=\"wp-image-3044\"\/><figcaption class=\"wp-element-caption\">m\u00e1y b\u00f3c v\u1ecf \u0111\u1eadu n\u00e0nh<\/figcaption><\/figure> <\/div>   <p>Ngo\u00e0i ra, ph\u1ea7n v\u1ecf, nh\u00e2n v\u00e0 l\u00e1 flavonoid \u0111\u01b0\u1ee3c t\u00e1ch s\u1ea1ch. N\u00f3 c\u00f3 \u0111\u1eb7c t\u00ednh \u00edt v\u1ee1 h\u1ea1t, hi\u1ec7u qu\u1ea3 b\u00f3c v\u1ecf t\u1ed1t, h\u00ecnh th\u1ee9c \u0111\u1eb9p, v\u1eadn h\u00e0nh thu\u1eadn ti\u1ec7n, hi\u1ec7u su\u1ea5t \u0111\u00e1ng tin c\u1eady, b\u1ea3o v\u1ec7 m\u00f4i tr\u01b0\u1eddng xanh, m\u1ed9t m\u00e1y cho nhi\u1ec1u m\u1ee5c \u0111\u00edch s\u1eed d\u1ee5ng.<\/p>    <p>N\u00f3 ph\u00f9 h\u1ee3p cho c\u00e1c nh\u00e0 m\u00e1y ch\u1ebf bi\u1ebfn \u0111\u1eadu nh\u1ecf ho\u1eb7c nh\u00e0 m\u00e1y th\u1ef1c ph\u1ea9m. \u0110\u1ed3ng th\u1eddi, b\u1ea1n c\u00f2n c\u00f3 th\u1ec3 \u0111i\u1ec1u ch\u1ec9nh m\u00e1y \u0111\u1ec3 b\u00f3c v\u1ecf \u0111\u1eadu H\u00e0 Lan, \u0111\u1eadu \u0111\u0169a. \u0110\u1eadu n\u00e0nh b\u00f3c v\u1ecf, \u0111\u1eadu H\u00e0 Lan \u0111\u1ec3 kh\u1eed m\u00f9i, t\u0103ng h\u01b0\u01a1ng v\u1ecb cho c\u00e1c s\u1ea3n ph\u1ea9m t\u1eeb \u0111\u1eadu n\u00e0nh nh\u01b0 \u0111\u1eadu ph\u1ee5, n\u01b0\u1edbc \u0111\u1eadu, v.v.<\/p>    <h3 class=\"wp-block-heading\" id=\"h-what-is-the-structure-of-soy-bean-skin-removing-machine\"><strong>C\u1ea5u t\u1ea1o c\u1ee7a M\u00e1y b\u00f3c v\u1ecf \u0111\u1eadu n\u00e0nh nh\u01b0 th\u1ebf n\u00e0o?<\/strong><\/h3>    <p>M\u00e1y g\u1ecdt v\u1ecf \u0111\u1eadu n\u00e0nh n\u00e0y c\u00f3 ch\u1ee9c n\u0103ng b\u00f3c v\u1ecf v\u00e0 t\u00e1ch \u0111\u1eadu. N\u00f3 \u0111a ch\u1ee9c n\u0103ng v\u00e0 bong tr\u00f3c v\u00e0 chia t\u00e1ch. N\u00f3 bao g\u1ed3m \u0111\u1ed9ng c\u01a1, qu\u1ea1t, h\u1ed9p ph\u00e2n ph\u1ed1i, ph\u1ec5u c\u1ea5p li\u1ec7u, tay c\u1ea7m \u0111i\u1ec1u ch\u1ec9nh, \u0111\u01b0\u1eddng \u1ed1ng d\u1eabn kh\u00ed v\u00e0 \u1ed5 c\u1eafm. N\u1ebfu quan t\u00e2m \u0111\u1ebfn m\u00e1y b\u00f3c v\u1ecf \u0111\u1eadu, vui l\u00f2ng li\u00ean h\u1ec7 v\u1edbi ch\u00fang t\u00f4i b\u1ea5t c\u1ee9 l\u00fac n\u00e0o.<\/p>    <h3 class=\"wp-block-heading\" id=\"h-\"><strong> <\/strong><\/h3>   <div class=\"wp-block-image\"> <figure class=\"aligncenter size-full\"><img loading=\"lazy\" decoding=\"async\" width=\"720\" height=\"540\" src=\"https:\/\/taizyagromachine.com\/wp-content\/uploads\/2022\/06\/soybean-peeler-construction.jpg\" alt=\"C\u1ea5u t\u1ea1o m\u00e1y b\u00f3c v\u1ecf \u0111\u1eadu n\u00e0nh\" class=\"wp-image-3046\"\/><figcaption class=\"wp-element-caption\">C\u1ea5u t\u1ea1o m\u00e1y b\u00f3c v\u1ecf \u0111\u1eadu n\u00e0nh<\/figcaption><\/figure> <\/div>   <h3 class=\"wp-block-heading\" id=\"h-how-does-bean-peeling-machine-work\"><strong>M\u00e1y b\u00f3c v\u1ecf \u0111\u1eadu ho\u1ea1t \u0111\u1ed9ng nh\u01b0 th\u1ebf n\u00e0o?<\/strong><\/h3>    <p>Khi l\u00e0m vi\u1ec7c, v\u1eadt li\u1ec7u s\u1ebd b\u1ecb bong tr\u00f3c gi\u1eefa hai \u0111\u0129a m\u00e0i b\u1eb1ng ph\u1ec5u th\u00f4ng qua thi\u1ebft b\u1ecb v\u1eadn chuy\u1ec3n t\u1eddi. V\u00e0 m\u1ee5c \u0111\u00edch b\u00f3c t\u00e1ch ho\u1eb7c nghi\u1ec1n \u0111\u1ea1t \u0111\u01b0\u1ee3c nh\u1edd chuy\u1ec3n \u0111\u1ed9ng quay vi sai c\u1ee7a hai \u0111\u0129a m\u00e0i. Sau khi b\u00f3c v\u1ecf \u0111\u1eadu n\u00e0nh, qua bu\u1ed3ng t\u00e1ch, d\u01b0\u1edbi t\u00e1c \u0111\u1ed9ng c\u1ee7a gi\u00f3, ph\u1ea7n qu\u1ea3 \u0111\u1eadu \u0111\u01b0\u1ee3c th\u1ea3i ra ngo\u00e0i qua c\u1eeda x\u1ea3.<\/p>    <p> Da v\u00e0 b\u1ed9t vi l\u01b0\u1ee3ng \u0111\u01b0\u1ee3c th\u1ea3i qua c\u1eeda x\u1ea3 c\u00f9ng v\u1edbi kh\u00f4ng kh\u00ed, do \u0111\u00f3 ho\u00e0n th\u00e0nh qu\u00e1 tr\u00ecnh bong tr\u00f3c.<\/p>    <h3 class=\"wp-block-heading\" id=\"h-technical-specifications-of-beans-peeler\"><strong>Th\u00f4ng s\u1ed1 k\u1ef9 thu\u1eadt c\u1ee7a M\u00e1y b\u00f3c v\u1ecf \u0111\u1eadu<\/strong><\/h3>    <figure class=\"wp-block-table\"><table><tbody><tr><td>Ng\u01b0\u1eddi m\u1eabu<\/td><td>TZ-10<\/td><\/tr><tr><td>C\u00e2n n\u1eb7ng<\/td><td>&nbsp;200kg<\/td><\/tr><tr><td>K\u00edch c\u1ee1<\/td><td>190*140*75cm<\/td><\/tr><tr><td>Dung t\u00edch<\/td><td>300-400kg\/gi\u1edd<\/td><\/tr><tr><td>Quy\u1ec1n l\u1ef1c<\/td><td>5,5kW +1,5kW<\/td><\/tr><\/tbody><\/table><figcaption class=\"wp-element-caption\">th\u00f4ng s\u1ed1 c\u1ee7a m\u00e1y g\u1ecdt \u0111\u1eadu \u0111a n\u0103ng <\/figcaption><\/figure>    <h2 class=\"wp-block-heading\"><strong>Lo\u1ea1i 2: M\u00e1y b\u00f3c v\u1ecf \u0111\u1eadu l\u0103ng b\u00e1n ch\u1ea1y<\/strong><\/h2>    <p>M\u00e1y b\u00f3c v\u1ecf \u0111\u1eadu l\u0103ng l\u00e0 m\u1ed9t nghi\u00ean c\u1ee9u v\u00e0 ph\u00e1t tri\u1ec3n \u0111\u1ed9c l\u1eadp c\u1ee7a m\u00e1y b\u00f3c v\u1ecf \u0111\u1eadu. N\u00f3 c\u00f3 th\u1ec3 g\u1ecdt c\u1ea3 h\u1ea1t tr\u00f2n v\u00e0 h\u1ea1t d\u1eb9t. V\u1edbi \u01b0u \u0111i\u1ec3m l\u00e0 hi\u1ec7u qu\u1ea3 b\u00f3c v\u1ecf t\u1ed1t, n\u0103ng su\u1ea5t cao v\u00e0 hi\u1ec7u su\u1ea5t \u1ed5n \u0111\u1ecbnh, \u0111\u00e2y l\u00e0 m\u00e1y b\u00f3c v\u1ecf \u0111a ch\u1ee9c n\u0103ng.<\/p>   <div class=\"wp-block-image\"> <figure class=\"aligncenter size-full\"><img loading=\"lazy\" decoding=\"async\" width=\"720\" height=\"540\" src=\"https:\/\/taizyagromachine.com\/wp-content\/uploads\/2022\/06\/lentil-skin-peeling-machine.jpg\" alt=\"m\u00e1y l\u1ed9t v\u1ecf \u0111\u1eadu l\u0103ng\" class=\"wp-image-3069\"\/><figcaption class=\"wp-element-caption\">m\u00e1y l\u1ed9t v\u1ecf \u0111\u1eadu l\u0103ng<\/figcaption><\/figure> <\/div>   <p>M\u00e1y th\u00edch h\u1ee3p \u0111\u1ec3 g\u1ecdt v\u1ecf c\u00e1c lo\u1ea1i \u0111\u1eadu kh\u00e1c nhau nh\u01b0 \u0111\u1eadu xanh, \u0111\u1eadu th\u1eadn, \u0111\u1eadu l\u0103ng, \u0111\u1eadu m\u1eaft m\u00e8o, \u0111\u1eadu \u0111\u0169a,\u2026 M\u00e1y n\u00e0y c\u00f3 hai ch\u1ee9c n\u0103ng l\u00e0 b\u00f3c v\u1ecf v\u00e0 t\u00e1ch h\u1ea1t, c\u00f3 th\u1ec3 lo\u1ea1i b\u1ecf v\u1ecf v\u00e0 kh\u1eed m\u00f9i hi\u1ec7u qu\u1ea3. V\u00ec v\u1eady, \u0111\u00e2y l\u00e0 thi\u1ebft b\u1ecb l\u00fd t\u01b0\u1edfng \u0111\u1ec3 n\u00e2ng cao ch\u1ea5t l\u01b0\u1ee3ng s\u1ea3n ph\u1ea9m \u0111\u1eadu, v\u1edbi t\u1ef7 l\u1ec7 b\u00f3c v\u1ecf cao, ch\u1ea5t l\u01b0\u1ee3ng s\u1eb5n c\u00f3 v\u00e0 v\u1eadn h\u00e0nh d\u1ec5 d\u00e0ng.<\/p>    <h3 class=\"wp-block-heading\" id=\"h-what-constructs-the-lentil-skin-peeling-machine\"><strong>C\u1ea5u t\u1ea1o c\u1ee7a m\u00e1y l\u1ed9t da \u0111\u1eadu l\u0103ng?<\/strong><\/h3>    <p>N\u00f3i chung, chi\u1ebfc m\u00e1y n\u00e0y c\u00f3 c\u1ea5u t\u1ea1o r\u00f5 r\u00e0ng. N\u00f3 bao g\u1ed3m ph\u1ec5u, tay c\u1ea7m \u0111i\u1ec1u khi\u1ec3n, b\u1ed9 thu b\u1ee5i, ph\u00f2ng b\u00f3c v\u1ecf, \u1ed5 c\u1eafm. <\/p>   <div class=\"wp-block-image\"> <figure class=\"aligncenter size-full\"><img loading=\"lazy\" decoding=\"async\" width=\"720\" height=\"540\" src=\"https:\/\/taizyagromachine.com\/wp-content\/uploads\/2022\/06\/structure-of-lentil-peeler.jpg\" alt=\"c\u1ea5u t\u1ea1o c\u1ee7a m\u00e1y g\u1ecdt \u0111\u1eadu l\u0103ng\" class=\"wp-image-3048\"\/><figcaption class=\"wp-element-caption\">c\u1ea5u t\u1ea1o c\u1ee7a m\u00e1y g\u1ecdt \u0111\u1eadu l\u0103ng<\/figcaption><\/figure> <\/div>   <h3 class=\"wp-block-heading\" id=\"h-working-principle-of-industrial-beans-peeler\"><strong>Nguy\u00ean l\u00fd l\u00e0m vi\u1ec7c c\u1ee7a m\u00e1y b\u00f3c v\u1ecf \u0111\u1eadu c\u00f4ng nghi\u1ec7p<\/strong><\/h3>    <p>Trong qu\u00e1 tr\u00ecnh ho\u1ea1t \u0111\u1ed9ng, m\u00e1y b\u00f3c v\u1ecf \u0111\u1eadu s\u1eed d\u1ee5ng l\u01b0\u1ee1i kim c\u01b0\u01a1ng quay t\u1ed1c \u0111\u1ed9 cao \u0111\u1ec3 li\u00ean t\u1ee5c c\u1eaft v\u00e0 ch\u00e0 x\u00e1t l\u1edbp da. B\u1eb1ng c\u00e1ch n\u00e0y, \u0111\u1ed9 b\u1ec1n li\u00ean k\u1ebft gi\u1eefa da v\u00e0 l\u1edbp b\u00ean trong c\u00f3 th\u1ec3 b\u1ecb ph\u00e1 h\u1ee7y, do \u0111\u00f3 l\u1edbp da c\u00f3 th\u1ec3 b\u1ecb m\u00e0i m\u00f2n v\u00e0 c\u1ecd x\u00e1t d\u1ea7n d\u1ea7n. <\/p>    <p>V\u00e0 da c\u00f3 th\u1ec3 \u0111\u01b0\u1ee3c lo\u1ea1i b\u1ecf hi\u1ec7u qu\u1ea3 h\u01a1n. Th\u00f4ng qua h\u1ec7 th\u1ed1ng h\u00fat v\u00e0 lo\u1ea1i b\u1ecf b\u1ee5i t\u00edch h\u1ee3p c\u1ee7a m\u00e1y, n\u00f3 thu th\u1eadp da trong qu\u00e1 tr\u00ecnh bong tr\u00f3c \u0111\u1ec3 \u0111\u1ea3m b\u1ea3o s\u1ef1 s\u1ea1ch s\u1ebd v\u00e0 v\u1ec7 sinh c\u1ee7a x\u01b0\u1edfng ch\u1ebf bi\u1ebfn.<\/p>    <h3 class=\"wp-block-heading\" id=\"h-parameters-of-lentil-peeler\"><strong>C\u00e1c th\u00f4ng s\u1ed1 c\u1ee7a m\u00e1y b\u00f3c v\u1ecf \u0111\u1eadu l\u0103ng<\/strong><\/h3>    <figure class=\"wp-block-table\"><table><tbody><tr><td>Ng\u01b0\u1eddi m\u1eabu<\/td><td>S18<\/td><\/tr><tr><td>Quy\u1ec1n l\u1ef1c<\/td><td>15kW<\/td><\/tr><tr><td>Dung t\u00edch<\/td><td>500kg\/gi\u1edd<\/td><\/tr><tr><td>K\u00edch c\u1ee1<\/td><td>1800*1200*2150mm<\/td><\/tr><\/tbody><\/table><figcaption class=\"wp-element-caption\">th\u00f4ng s\u1ed1 k\u1ef9 thu\u1eadt c\u1ee7a m\u00e1y b\u00f3c v\u1ecf \u0111\u1eadu l\u0103ng<\/figcaption><\/figure>    <h2 class=\"wp-block-heading\"><strong>Lo\u1ea1i 3: M\u00e1y b\u00f3c v\u1ecf \u0111\u1eadu r\u1ed9ng th\u01b0\u01a1ng m\u1ea1i<\/strong><\/h2>    <p>M\u00e1y g\u1ecdt v\u1ecf \u0111\u1eadu r\u1ed9ng n\u00e0y c\u00f3 ch\u1ea5t li\u1ec7u th\u00e9p kh\u00f4ng g\u1ec9. M\u00e1y b\u00f3c v\u1ecf \u0111\u1eadu Fava c\u00f3 \u0111\u1eb7c \u0111i\u1ec3m c\u1ea5u t\u1ea1o nh\u1ecf g\u1ecdn, v\u1eadn h\u00e0nh \u0111\u01a1n gi\u1ea3n, b\u00f3c v\u1ecf s\u1ea1ch. \u0110\u1eadu Fava kh\u00f4ng c\u1ea7n ng\u00e2m, kh\u00f4ng c\u1ea7n ph\u01a1i kh\u00f4. B\u1eadt m\u00e1y r\u1ed3i ho\u00e0n t\u1ea5t qu\u00e1 tr\u00ecnh b\u00f3c v\u1ecf m\u1ed9t l\u1ea7n, ti\u1ebft ki\u1ec7m th\u1eddi gian v\u00e0 c\u00f4ng s\u1ee9c, ti\u1ec7n l\u1ee3i, ti\u1ebft ki\u1ec7m nh\u00e2n c\u00f4ng v\u00e0 n\u00e2ng cao hi\u1ec7u qu\u1ea3 c\u00f4ng vi\u1ec7c.<\/p>   <div class=\"wp-block-image\"> <figure class=\"aligncenter size-full is-resized\"><img loading=\"lazy\" decoding=\"async\" width=\"720\" height=\"540\" src=\"https:\/\/taizyagromachine.com\/wp-content\/uploads\/2022\/06\/broad-bean-peeling-machine.jpg\" alt=\"m\u00e1y b\u00f3c v\u1ecf \u0111\u1eadu r\u1ed9ng\" class=\"wp-image-3051\" style=\"width:720px;height:auto\"\/><figcaption class=\"wp-element-caption\">m\u00e1y b\u00f3c v\u1ecf \u0111\u1eadu r\u1ed9ng<\/figcaption><\/figure> <\/div>   <p>Taizy Machinery \u0111\u00e3 ph\u00e1t tri\u1ec3n m\u1ed9t lo\u1ea1i m\u00e1y b\u00f3c v\u1ecf d\u00e0nh cho nh\u1eefng lo\u1ea1i \u0111\u1eadu c\u00f3 h\u00ecnh d\u1ea1ng kh\u00f4ng \u0111\u1ed3ng \u0111\u1ec1u. M\u00e1y b\u00f3c v\u1ecf \u0111\u1eadu \u0111a ch\u1ee9c n\u0103ng n\u00e0y c\u00f3 th\u1ec3 ph\u00f9 h\u1ee3p h\u01a1n v\u1edbi c\u00e1c lo\u1ea1i \u0111\u1eadu t\u1eb1m, \u0111\u1eadu oila, \u0111\u1eadu lima, h\u1ea1t gai l\u1eeda, h\u1ea1t m\u1eabu \u0111\u01a1n v\u00e0 c\u00e1c lo\u1ea1i \u0111\u1eadu d\u1eb9t m\u1ed9t ph\u1ea7n kh\u00e1c \u0111\u1ec3 b\u00f3c v\u1ecf, nh\u1edd \u0111\u00f3 t\u1ef7 l\u1ec7 b\u00f3c v\u00e0 lo\u1ea1i b\u1ecf s\u1ea3n ph\u1ea9m cao h\u01a1n.<\/p>    <h3 class=\"wp-block-heading\" id=\"h-composition-of-broad-bean-skin-removing-machine\"><strong>Th\u00e0nh ph\u1ea7n c\u1ee7a M\u00e1y l\u1ed9t da Broad Bean<\/strong><\/h3>    <p>M\u00e1y b\u00f3c v\u1ecf \u0111\u1eadu fava c\u00f3 ph\u1ec5u, thi\u1ebft b\u1ecb b\u00f3c v\u1ecf, \u1ed5 c\u1eafm v\u00e0 b\u1ea3ng \u0111i\u1ec1u khi\u1ec3n. <\/p>   <div class=\"wp-block-image\"> <figure class=\"aligncenter size-full\"><img loading=\"lazy\" decoding=\"async\" width=\"720\" height=\"540\" src=\"https:\/\/taizyagromachine.com\/wp-content\/uploads\/2022\/06\/broad-bean-skin-remover-structure.jpg\" alt=\"C\u1ea5u tr\u00fac t\u1ea9y da \u0111\u1eadu r\u1ed9ng\" class=\"wp-image-3052\"\/><figcaption class=\"wp-element-caption\">C\u1ea5u tr\u00fac t\u1ea9y da \u0111\u1eadu r\u1ed9ng<\/figcaption><\/figure> <\/div>   <h3 class=\"wp-block-heading\" id=\"h-what-are-parameters-of-fava-beans-peeler\"><strong>Th\u00f4ng s\u1ed1 c\u1ee7a M\u00e1y b\u00f3c v\u1ecf \u0111\u1eadu Vicia Fava l\u00e0 g\u00ec?<\/strong><\/h3>    <figure class=\"wp-block-table\"><table><tbody><tr><td>Ng\u01b0\u1eddi m\u1eabu<\/td><td>ZX-CD<\/td><\/tr><tr><td>K\u00edch c\u1ee1<\/td><td>1000*1150*1400mm<\/td><\/tr><tr><td>Quy\u1ec1n l\u1ef1c<\/td><td>5kW<\/td><\/tr><tr><td>Dung t\u00edch<\/td><td>200kg\/gi\u1edd<\/td><\/tr><tr><td>C\u00e2n n\u1eb7ng<\/td><td>400<\/td><\/tr><\/tbody><\/table><figcaption class=\"wp-element-caption\">th\u00f4ng s\u1ed1 k\u1ef9 thu\u1eadt c\u1ee7a m\u00e1y b\u00f3c v\u1ecf \u0111\u1eadu r\u1ed9ng<\/figcaption><\/figure>    <h2 class=\"wp-block-heading\" id=\"h-hightlights-of-bean-peeling-machine\"><strong>\u0110i\u1ec3m n\u1ed5i b\u1eadt c\u1ee7a M\u00e1y b\u00f3c v\u1ecf \u0111\u1eadu c\u00f4ng nghi\u1ec7p<\/strong><\/h2>    <ul class=\"wp-block-list\"> <li>V\u1edbi hai ch\u1ee9c n\u0103ng b\u00f3c v\u00e0 t\u00e1ch, t\u1ed1c \u0111\u1ed9 b\u00f3c cao, ch\u1ea5t l\u01b0\u1ee3ng s\u1eb5n c\u00f3 v\u00e0 v\u1eadn h\u00e0nh thu\u1eadn ti\u1ec7n.<\/li>    <li>L\u00e0 lo\u1ea1i m\u00e1y b\u00f3c v\u1ecf \u0111\u1eadu k\u1ebft h\u1ee3p, c\u00f4ng su\u1ea5t nh\u1ecf, di\u1ec7n t\u00edch nh\u1ecf, t\u00ednh t\u1ef1 \u0111\u1ed9ng h\u00f3a cao v\u00e0 ch\u1ea5t l\u01b0\u1ee3ng th\u00e0nh ph\u1ea9m t\u1ed1t.<\/li>    <li><strong>Ph\u1ea1m vi \u1ee9ng d\u1ee5ng<\/strong>: \u0111\u1eadu t\u01b0\u01a1ng, \u0111\u1eadu t\u1eb1m, \u0111\u1eadu l\u00ednh, \u0111\u1eadu \u0111\u0169a, \u0111\u1eadu xanh, \u0111\u1eadu \u0111en, \u0111\u1eadu t\u00e2y v\u00e0 c\u00e1c lo\u1ea1i \u0111\u1eadu ch\u1ebf bi\u1ebfn kh\u00e1c.<\/li>    <li><strong>N\u0103ng su\u1ea5t s\u1ea3n ph\u1ea9m<\/strong>: n\u00f3 c\u00f3 th\u1ec3 \u0111\u01b0\u1ee3c \u0111i\u1ec1u ch\u1ec9nh theo y\u00eau c\u1ea7u c\u1ee7a kh\u00e1ch h\u00e0ng.<\/li>    <li><strong>Ch\u1ec9 s\u1ed1 th\u00e0nh ph\u1ea9m<\/strong>: A. H\u00e0m l\u01b0\u1ee3ng c\u00e1t: &lt;0,02%; B. H\u00e0m l\u01b0\u1ee3ng kim lo\u1ea1i t\u1eeb t\u00ednh: &lt;0,003\/kg; C. \u0110\u1ed9 \u1ea9m: lo\u1ea1i b\u1ea3o qu\u1ea3n &lt;15%; D. H\u00ecnh th\u1ee9c v\u00e0 m\u00f9i v\u1ecb: m\u00e0u s\u1eafc \u0111\u1eb9p, t\u00e1c d\u1ee5ng b\u00f3c v\u1ecf t\u1ed1t, h\u1ea1t \u0111\u1eadu s\u00e1ng v\u00e0 m\u1ecbn, h\u01b0\u01a1ng \u0111\u1eadu r\u1ea5t d\u01b0\u01a1ng.<\/li> <\/ul>   <div class=\"wp-block-image\"> <figure class=\"aligncenter size-full\"><img loading=\"lazy\" decoding=\"async\" width=\"720\" height=\"540\" src=\"https:\/\/taizyagromachine.com\/wp-content\/uploads\/2022\/06\/wide-applications-of-bean-peeling-machine.jpg\" alt=\"\u1ee9ng d\u1ee5ng r\u1ed9ng r\u00e3i c\u1ee7a m\u00e1y b\u00f3c v\u1ecf \u0111\u1eadu\" class=\"wp-image-3084\"\/><figcaption class=\"wp-element-caption\">\u1ee9ng d\u1ee5ng r\u1ed9ng r\u00e3i c\u1ee7a m\u00e1y b\u00f3c v\u1ecf \u0111\u1eadu<\/figcaption><\/figure> <\/div>   <h2 class=\"wp-block-heading\"><strong>Taizy: Nh\u00e0 s\u1ea3n xu\u1ea5t v\u00e0 cung c\u1ea5p m\u00e1y b\u00f3c v\u1ecf v\u00e0 t\u00e1ch \u0111\u1eadu chuy\u00ean nghi\u1ec7p<\/strong><\/h2>    <p class=\"translation-block\">L\u00e0 nh\u00e0 s\u1ea3n xu\u1ea5t v\u00e0 cung c\u1ea5p m\u00e1y m\u00f3c n\u00f4ng nghi\u1ec7p to\u00e0n di\u1ec7n, ch\u00fang t\u00f4i c\u00f3 nhi\u1ec1u lo\u1ea1i m\u00e1y n\u00f4ng nghi\u1ec7p, nh\u01b0 m\u00e1y \u0111\u00f3ng ki\u1ec7n c\u1ecf kh\u00f4, <a href=\"https:\/\/taizyagromachine.com\/vi\/product\/maize-grits-milling-machine\/\">m\u00e1y nghi\u1ec1n ng\u00f4<\/a>, m\u00e1y \u0111\u1eadp l\u00faa m\u00ec, v.v. Nh\u1eefng \u01b0u \u0111i\u1ec3m sau \u0111\u00e2y ch\u1eafc ch\u1eafn s\u1ebd thu h\u00fat b\u1ea1n:<\/p>    <ul class=\"wp-block-list\"> <li><strong>Gi\u00e1 m\u00e1y c\u1ea1nh tranh<\/strong>: V\u1eeba l\u00e0 nh\u00e0 s\u1ea3n xu\u1ea5t v\u1eeba l\u00e0 nh\u00e0 cung c\u1ea5p n\u00ean ch\u00fang t\u00f4i c\u00f3 th\u1ec3 \u0111\u1ea3m b\u1ea3o ch\u1ea5t l\u01b0\u1ee3ng m\u00e1y trong khi gi\u00e1 c\u1ea3 c\u1ea1nh tranh h\u01a1n so v\u1edbi gi\u00e1 c\u1ee7a c\u00e1c nh\u00e0 cung c\u1ea5p kh\u00e1c.<\/li>    <li><strong>T\u00f9y ch\u1ec9nh<\/strong>: \u0110\u1ed1i v\u1edbi c\u00e1c nhu c\u1ea7u kh\u00e1c nhau c\u1ee7a b\u1ea1n, ch\u00fang t\u00f4i cung c\u1ea5p c\u00e1c d\u1ecbch v\u1ee5 t\u00f9y ch\u1ec9nh \u0111\u01b0\u1ee3c c\u00e1 nh\u00e2n h\u00f3a \u0111\u1ec3 t\u00f9y ch\u1ec9nh m\u00e1y theo nhu c\u1ea7u c\u1ee5 th\u1ec3 c\u1ee7a b\u1ea1n. <\/li>    <li><strong>D\u1ecbch v\u1ee5 h\u1eadu m\u00e3i<\/strong>: \u0110\u1ed9i ng\u0169 d\u1ecbch v\u1ee5 h\u1eadu m\u00e3i m\u1ea1nh m\u1ebd lu\u00f4n s\u1eb5n s\u00e0ng 24\/7 \u0111\u1ec3 cung c\u1ea5p cho b\u1ea1n d\u1ecbch v\u1ee5 m\u1ed9t c\u1eeda nh\u01b0 l\u1eafp \u0111\u1eb7t v\u00e0 v\u1eadn h\u00e0nh, \u0111\u00e0o t\u1ea1o v\u1eadn h\u00e0nh, b\u1ea3o tr\u00ec, v.v.<\/li> <\/ul>    <h2 class=\"wp-block-heading\"><strong>B\u1eaft \u0111\u1ea7u c\u00f4ng vi\u1ec7c kinh doanh ch\u1ebf bi\u1ebfn \u0111\u1eadu c\u1ee7a b\u1ea1n ngay b\u00e2y gi\u1edd!<\/strong><\/h2>    <p class=\"translation-block\">N\u1ebfu b\u1ea1n mu\u1ed1n b\u1eaft \u0111\u1ea7u kinh doanh b\u00f3c v\u1ecf <a href=\"https:\/\/en.wikipedia.org\/wiki\/Bean\" target=\"_blank\" rel=\"noopener\">\u0111\u1eadu<\/a> c\u1ee7a m\u00ecnh ngay b\u00e2y gi\u1edd, h\u00e3y li\u00ean h\u1ec7 ngay v\u1edbi ch\u00fang t\u00f4i! <\/p>    <p>Cho bi\u1ebft nhu c\u1ea7u c\u1ee5 th\u1ec3 c\u1ee7a b\u1ea1n, ch\u1eb3ng h\u1ea1n nh\u01b0 lo\u1ea1i thi\u1ebft b\u1ecb c\u1ea7n thi\u1ebft, y\u00eau c\u1ea7u v\u1ec1 c\u00f4ng su\u1ea5t, c\u1ea5u h\u00ecnh d\u1ef1 ki\u1ebfn \u200b\u200bv\u00e0 c\u00e1c nhu c\u1ea7u \u0111\u1eb7c bi\u1ec7t kh\u00e1c c\u0169ng nh\u01b0 th\u00f4ng tin kh\u00e1c. \u0110\u1ed9i ng\u0169 b\u00e1n h\u00e0ng c\u1ee7a ch\u00fang t\u00f4i s\u1ebd nhanh ch\u00f3ng tr\u1ea3 l\u1eddi c\u00e2u h\u1ecfi c\u1ee7a b\u1ea1n v\u00e0 cung c\u1ea5p cho b\u1ea1n b\u00e1o gi\u00e1 ch\u00ednh x\u00e1c v\u00e0 chi ti\u1ebft, mong mu\u1ed1n \u0111\u01b0\u1ee3c h\u1ee3p t\u00e1c v\u1edbi b\u1ea1n \u0111\u1ec3 t\u1ea1o ra m\u1ed9t t\u00ecnh hu\u1ed1ng \u0111\u00f4i b\u00ean c\u00f9ng c\u00f3 l\u1ee3i.<\/p>","protected":false},"excerpt":{"rendered":"<p>M\u00e1y b\u00f3c v\u1ecf \u0111\u1eadu n\u00e0nh c\u00f3 ch\u1ee9c n\u0103ng b\u00f3c v\u1ecf v\u00e0 t\u00e1ch h\u1ea1t c\u00e1c lo\u1ea1i \u0111\u1eadu nh\u01b0 \u0111\u1eadu n\u00e0nh, \u0111\u1eadu l\u0103ng, \u0111\u1eadu \u0111en, \u0111\u1eadu H\u00e0 Lan, \u0111\u1eadu t\u1eb1m, v.v. Ch\u00fang t\u00f4i tr\u00ecnh b\u00e0y th\u00f4ng tin v\u1ec1 3 lo\u1ea1i m\u00e1y b\u00f3c v\u1ecf \u0111\u1eadu n\u00e0nh bao g\u1ed3m th\u00f4ng s\u1ed1, \u01b0u \u0111i\u1ec3m c\u1ee7a c\u00f4ng ty ch\u00fang t\u00f4i \u0111\u1ec3 gi\u00fap \u00edch cho b\u1ea1n. t\u1ed1t nh\u1ea5t b\u1ea1n n\u00ean b\u1eaft \u0111\u1ea7u c\u00f4ng vi\u1ec7c b\u00f3c v\u1ecf \u0111\u1eadu n\u00e0nh c\u1ee7a m\u00ecnh.<\/p>","protected":false},"author":1,"featured_media":3043,"parent":0,"template":"","tags":[185,181,177,178,184,182,179,180],"product-type":[22],"class_list":["post-3038","product","type-product","status-publish","has-post-thumbnail","hentry","tag-bean-peeler","tag-bean-peeling-equipment","tag-bean-peeling-machine","tag-beans","tag-broad-bean-peeling-machine","tag-lentil-peeling-machine","tag-soybean-peeling-machine","tag-soybean-skin-removing-machine","product-type-others"],"_links":{"self":[{"href":"https:\/\/taizyagromachine.com\/vi\/wp-json\/wp\/v2\/product\/3038","targetHints":{"allow":["GET"]}}],"collection":[{"href":"https:\/\/taizyagromachine.com\/vi\/wp-json\/wp\/v2\/product"}],"about":[{"href":"https:\/\/taizyagromachine.com\/vi\/wp-json\/wp\/v2\/types\/product"}],"author":[{"embeddable":true,"href":"https:\/\/taizyagromachine.com\/vi\/wp-json\/wp\/v2\/users\/1"}],"wp:featuredmedia":[{"embeddable":true,"href":"https:\/\/taizyagromachine.com\/vi\/wp-json\/wp\/v2\/media\/3043"}],"wp:attachment":[{"href":"https:\/\/taizyagromachine.com\/vi\/wp-json\/wp\/v2\/media?parent=3038"}],"wp:term":[{"taxonomy":"post_tag","embeddable":true,"href":"https:\/\/taizyagromachine.com\/vi\/wp-json\/wp\/v2\/tags?post=3038"},{"taxonomy":"product-type","embeddable":true,"href":"https:\/\/taizyagromachine.com\/vi\/wp-json\/wp\/v2\/product-type?post=3038"}],"curies":[{"name":"wp","href":"https:\/\/api.w.org\/{rel}","templated":true}]}}