{"id":3216,"date":"2022-06-24T07:39:12","date_gmt":"2022-06-24T07:39:12","guid":{"rendered":"https:\/\/taizyagromachine.com\/?post_type=product&#038;p=3216"},"modified":"2025-01-02T13:51:50","modified_gmt":"2025-01-02T05:51:50","slug":"disk-mill-machine","status":"publish","type":"product","link":"https:\/\/taizyagromachine.com\/vi\/product\/disk-mill-machine\/","title":{"rendered":"M\u00e1y nghi\u1ec1n \u0111\u0129a | M\u00e1y xay ng\u00f4 | M\u00e1y xay ng\u00f4"},"content":{"rendered":"<p class=\"translation-block\">Chu\u1ed7i m\u00e1y nghi\u1ec1n \u0111\u0129a n\u00e0y ho\u1ea1t \u0111\u1ed9ng \u0111\u1ec3 nghi\u1ec1n v\u00e0 xay nhi\u1ec1u lo\u1ea1i v\u1eadt li\u1ec7u kh\u00f4 th\u00e0nh b\u1ed9t nh\u1eb1m ph\u1ee5c v\u1ee5 nhi\u1ec1u m\u1ee5c \u0111\u00edch kh\u00e1c nhau. M\u00e1y xay ng\u00f4 n\u00e0y c\u00f3 th\u1ec3 d\u00f9ng \u0111\u1ed9ng c\u01a1 diesel, m\u00f4-t\u01a1 \u0111i\u1ec7n v\u00e0 \u0111\u1ed9ng c\u01a1 x\u0103ng. B\u00ean trong m\u00e1y nghi\u1ec1n l\u00e0 m\u1ed9t h\u1ed9p nghi\u1ec1n ki\u1ec3u b\u00e0n quay. M\u00e1y nghi\u1ec1n \u0111\u0129a \u0111\u01b0\u1ee3c trang b\u1ecb r\u0103ng ph\u1eb3ng d\u00e0i v\u00e0 ng\u1eafn. \u0110\u1ed9 m\u1ecbn c\u1ee7a v\u1eadt li\u1ec7u \u0111\u01b0\u1ee3c nghi\u1ec1n \u0111\u1ea1t m\u1ee9c tinh b\u1ed9t. <\/p>    <p>Ngo\u00e0i ra, m\u00e1y nghi\u1ec1n \u0111\u0129a c\u00f3 th\u1ec3 c\u00f3 hai c\u1eeda h\u00fat gi\u00f3. Khi s\u1eed d\u1ee5ng lo\u1ea1i m\u00e1y xay ng\u00f4 n\u00e0y, b\u1ea1n c\u00f3 th\u1ec3 l\u1ef1a ch\u1ecdn lo\u1ea1i m\u00e1y m\u00ecnh th\u00edch. H\u01a1n n\u1eefa, m\u00e1y nghi\u1ec1n ng\u00f4 c\u00f3 th\u1ec3 \u0111\u01b0\u1ee3c trang b\u1ecb l\u1ed1c xo\u00e1y l\u00e0 thi\u1ebft b\u1ecb thu gom b\u1ee5i. T\u1ed1t cho ng\u01b0\u1eddi s\u1eed d\u1ee5ng, b\u1ea3o v\u1ec7 s\u1ee9c kh\u1ecfe. M\u00e1y c\u1ee7a ch\u00fang t\u00f4i c\u00f3 ch\u1ea5t l\u01b0\u1ee3ng t\u1ed1t, hi\u1ec7u su\u1ea5t \u1ed5n \u0111\u1ecbnh v\u00e0 ti\u1ebft ki\u1ec7m chi ph\u00ed. V\u00ec v\u1eady, n\u00f3 r\u1ea5t ph\u1ed5 bi\u1ebfn trong v\u00e0 ngo\u00e0i n\u01b0\u1edbc v\u00ec t\u00ednh kh\u1ea3 thi cao c\u1ee7a n\u00f3.<\/p>    <h2 class=\"wp-block-heading\" id=\"h-why-use-the-disk-mill\"><strong>T\u1ea1i sao n\u00ean s\u1eed d\u1ee5ng Disk Mill?<\/strong><\/h2>    <p>Ng\u00f4 l\u00e0 c\u00e2y tr\u1ed3ng \u0111\u01b0\u1ee3c tr\u1ed3ng r\u1ed9ng r\u00e3i nh\u1ea5t tr\u00ean th\u1ebf gi\u1edbi. V\u00ec th\u1ebf c\u00f3 nhi\u1ec1u v\u00f9ng c\u00f3 ng\u00f4. V\u00e0 ng\u00f4 c\u0169ng r\u1ea5t linh ho\u1ea1t. V\u1edbi m\u00e1y nghi\u1ec1n d\u1ea1ng \u0111\u0129a n\u00e0y, nhi\u1ec1u lo\u1ea1i ng\u0169 c\u1ed1c ho\u1eb7c gia v\u1ecb kh\u00e1c nhau s\u1ebd \u0111\u01b0\u1ee3c xay v\u00e0 t\u1ea1o th\u00e0nh b\u1ed9t s\u1eb5n s\u00e0ng cho b\u01b0\u1edbc ti\u1ebfp theo. V\u00ed d\u1ee5, trong tr\u01b0\u1eddng h\u1ee3p ng\u00f4, b\u1ed9t ng\u00f4 xay c\u00f3 th\u1ec3 \u0111\u01b0\u1ee3c s\u1eed d\u1ee5ng l\u00e0m nguy\u00ean li\u1ec7u \u0111\u01b0\u1ee3c l\u1ef1a ch\u1ecdn tr\u01b0\u1edbc cho b\u01b0\u1edbc cho \u0103n ti\u1ebfp theo v\u00e0 l\u00e0m th\u1ef1c ph\u1ea9m ch\u00ednh cho con ng\u01b0\u1eddi. V\u00ec b\u1ea3n th\u00e2n ng\u00f4 tr\u01b0\u1edbc khi nghi\u1ec1n l\u00e0 m\u1ed9t h\u1ea1t t\u01b0\u01a1ng \u0111\u1ed1i l\u1edbn n\u00ean kh\u00f4ng th\u1ec3 s\u1eed d\u1ee5ng tr\u1ef1c ti\u1ebfp. Sau khi xay, b\u1ed9t ng\u00f4 c\u00f3 th\u1ec3 \u0111\u01b0\u1ee3c s\u1eed d\u1ee5ng cho nhi\u1ec1u ho\u1ea1t \u0111\u1ed9ng kh\u00e1c nhau.<\/p>    <figure class=\"wp-block-gallery aligncenter has-nested-images columns-default is-cropped wp-block-gallery-2 is-layout-flex wp-block-gallery-is-layout-flex\"> <figure class=\"wp-block-image size-large\"><img loading=\"lazy\" decoding=\"async\" width=\"720\" height=\"540\" data-id=\"3256\" src=\"https:\/\/taizyagromachine.com\/wp-content\/uploads\/2022\/06\/corn-grinder-machine-with-double-inlets.jpg\" alt=\"m\u00e1y xay ng\u00f4 v\u1edbi hai \u0111\u1ea7u v\u00e0o\" class=\"wp-image-3256\"\/><figcaption class=\"wp-element-caption\">m\u00e1y nghi\u1ec1n ng\u00f4 c\u00f3 c\u1eeda h\u00fat gi\u00f3 \u0111\u00f4i<\/figcaption><\/figure>    <figure class=\"wp-block-image size-large\"><img loading=\"lazy\" decoding=\"async\" width=\"720\" height=\"540\" data-id=\"3255\" src=\"https:\/\/taizyagromachine.com\/wp-content\/uploads\/2022\/06\/corn-milling-machine.jpg\" alt=\"m\u00e1y xay ng\u00f4\" class=\"wp-image-3255\"\/><figcaption class=\"wp-element-caption\">m\u00e1y nghi\u1ec1n ng\u00f4<\/figcaption><\/figure> <\/figure>    <h2 class=\"wp-block-heading\"><strong>Ai quan t\u00e2m \u0111\u1ebfn M\u00e1y nghi\u1ec1n \u0111\u0129a n\u00e0y\uff1f<\/strong><\/h2>    <p>M\u00e1y nghi\u1ec1n \u0111\u0129a n\u00e0y ch\u1ee7 y\u1ebfu th\u00edch \u1ee9ng v\u1edbi c\u00e1c nh\u00e0 m\u00e1y h\u00f3a ch\u1ea5t c\u1ee1 trung b\u00ecnh, nh\u00e0 m\u00e1y d\u01b0\u1ee3c ph\u1ea9m, nh\u00e0 m\u00e1y b\u1ed9t ng\u1ecdt, nh\u00e0 m\u00e1y th\u1ee9c \u0103n ch\u0103n nu\u00f4i, nh\u00e0 m\u00e1y b\u1ed9t th\u1ea1ch cao, nh\u00e0 m\u00e1y kim lo\u1ea1i canxi, nh\u00e0 m\u00e1y gi\u1ea5y, nh\u00e0 m\u00e1y \u0111\u1eadu n\u00e0nh, nh\u00e0 m\u00e1y b\u1ed9t x\u01b0\u01a1ng c\u00e1 v\u00e0 c\u00e1c ng\u00e0nh c\u00f4ng nghi\u1ec7p kh\u00e1c. <\/p>    <p>S\u1ea3n ph\u1ea9m n\u00e0y c\u00f3 \u01b0u \u0111i\u1ec3m l\u00e0 s\u1ea3n l\u01b0\u1ee3ng cao, \u00edt \u0111i\u1ec7n, l\u00e0m vi\u1ec7c \u00eam \u00e1i, d\u1ec5 d\u00e0ng b\u1ed1c x\u1ebfp,\u2026 S\u1ea3n ph\u1ea9m n\u00e0y c\u00f2n c\u00f3 th\u1ec3 \u0111\u01b0\u1ee3c trang b\u1ecb thi\u1ebft b\u1ecb t\u1ef1 m\u1ed3i, qu\u1ea1t v\u00e0 b\u1ed9 d\u1ee1 t\u1ea3i, gi\u00fap gi\u1ea3m \u0111\u00e1ng k\u1ec3 c\u01b0\u1eddng \u0111\u1ed9 lao \u0111\u1ed9ng c\u1ee7a ng\u01b0\u1eddi v\u1eadn h\u00e0nh. . Ngo\u00e0i ra, hai c\u1eeda v\u00e0o c\u00f3 s\u1eb5n. <\/p>    <h2 class=\"wp-block-heading\"><strong>Nh\u1eefng v\u1eadt li\u1ec7u n\u00e0o c\u00f3 th\u1ec3 \u0111\u01b0\u1ee3c phay?<\/strong><\/h2>    <p>M\u00e1y nghi\u1ec1n th\u00edch h\u1ee3p cho c\u00e1c v\u1eadt li\u1ec7u kh\u00f4 v\u00e0 \u0111\u1eb7c bi\u1ec7t. Vi\u1ec7c xay ng\u00f4, \u0111\u1eadu n\u00e0nh, l\u00faa mi\u1ebfn, l\u1ea1c kh\u00f4, b\u00e1nh \u0111\u1eadu v\u00e0 c\u00e1c lo\u1ea1i ng\u0169 c\u1ed1c linh tinh kh\u00e1c l\u00e0 th\u00edch h\u1ee3p. <\/p>    <p class=\"translation-block\">Lo\u1ea1i m\u00e1y nghi\u1ec1n \u0111\u0129a n\u00e0y c\u0169ng \u0111\u01b0\u1ee3c d\u00f9ng cho ti\u00eau, gia v\u1ecb, v.v. N\u1ebfu b\u1ea1n c\u00f3 b\u1ea5t k\u1ef3 th\u1eafc m\u1eafc n\u00e0o, h\u00e3y li\u00ean h\u1ec7 v\u1edbi <a href=\"https:\/\/taizyagromachine.com\/vi\/contact\/\" target=\"_blank\" rel=\"noreferrer noopener\">ch\u00fang t\u00f4i<\/a> \u0111\u1ec3 \u0111\u01b0\u1ee3c ph\u00e2n lo\u1ea1i chi ti\u1ebft h\u01a1n\uff01<\/p>    <h2 class=\"wp-block-heading\"><strong>Th\u00e0nh ph\u1ea7n c\u1ee7a m\u00e1y xay ng\u00f4<\/strong><\/h2>    <p>Tr\u00ean th\u1ef1c t\u1ebf, m\u00e1y nghi\u1ec1n \u0111\u0129a c\u00f3 c\u1ea5u tr\u00fac r\u1ea5t \u0111\u01a1n gi\u1ea3n. T\u1eeb c\u00e1ch x\u00e2y d\u1ef1ng b\u00ean trong, th\u1eadt d\u1ec5 hi\u1ec3u. N\u00f3 c\u00f3 \u0111\u1ea7u v\u00e0o, \u0111\u1ea7u ra, bu\u1ed3ng l\u00e0m vi\u1ec7c v\u00e0 ngu\u1ed3n \u0111i\u1ec7n h\u1ed7 tr\u1ee3. V\u00ec v\u1eady, n\u00f3 r\u1ea5t d\u1ec5 d\u00e0ng. L\u1ea5y m\u00e1y c\u00f3 l\u1ed1c xo\u00e1y l\u00e0m v\u00ed d\u1ee5, c\u1ea5u tr\u00fac nh\u01b0 h\u00ecnh d\u01b0\u1edbi \u0111\u00e2y. B\u1ea1n c\u00f3 th\u1ec3 ch\u1ecdn lo\u1ea1i b\u1ea1n th\u00edch t\u1eeb nhi\u1ec1u lo\u1ea1i kh\u00e1c nhau.<\/p>   <div class=\"wp-block-image\"> <figure class=\"aligncenter size-full\"><img loading=\"lazy\" decoding=\"async\" width=\"720\" height=\"540\" src=\"https:\/\/taizyagromachine.com\/wp-content\/uploads\/2022\/06\/disk-mill-machine-structure.jpg\" alt=\"c\u1ea5u tr\u00fac m\u00e1y nghi\u1ec1n \u0111\u0129a\" class=\"wp-image-3253\"\/><figcaption class=\"wp-element-caption\">c\u1ea5u tr\u00fac m\u00e1y nghi\u1ec1n \u0111\u0129a<\/figcaption><\/figure> <\/div>   <h2 class=\"wp-block-heading\"><strong>Nguy\u00ean l\u00fd l\u00e0m vi\u1ec7c c\u1ee7a m\u00e1y nghi\u1ec1n \u0111\u0129a<\/strong><\/h2>    <p>N\u00f3 l\u00e0 m\u1ed9t m\u00e1y nghi\u1ec1n b\u1ed9t \u0111a ch\u1ee9c n\u0103ng. C\u1ea5u tr\u00fac b\u00ean trong c\u1ee7a n\u00f3 l\u00e0 r\u0103ng, b\u00e1nh x\u00edch v\u00e0 m\u00e0n h\u00ecnh. M\u00e1y thu th\u1eadp th\u00f4ng tin r\u0103ng c\u00f3 th\u1ec3 nghi\u1ec1n nguy\u00ean li\u1ec7u th\u00f4 th\u00e0nh b\u1ed9t v\u00e0 m\u00e0n h\u00ecnh x\u00e1c \u0111\u1ecbnh \u0111\u1ed9 m\u1ecbn c\u1ee7a b\u1ed9t. <\/p>    <p>M\u00e0n h\u00ecnh c\u00f3 0,2mm-8 mm. N\u00f3i chung, n\u1ebfu b\u1ea1n mu\u1ed1n nghi\u1ec1n m\u1ed9t s\u1ed1 v\u1eadt li\u1ec7u th\u00e0nh 1mm th\u00ec n\u00ean s\u1eed d\u1ee5ng lo\u1ea1i m\u00e1y nghi\u1ec1n \u0111\u0129a n\u00e0y.<\/p>    <figure class=\"wp-block-gallery aligncenter has-nested-images columns-default is-cropped wp-block-gallery-3 is-layout-flex wp-block-gallery-is-layout-flex\"> <figure class=\"wp-block-image size-large\"><img loading=\"lazy\" decoding=\"async\" width=\"720\" height=\"540\" data-id=\"3254\" src=\"https:\/\/taizyagromachine.com\/wp-content\/uploads\/2022\/06\/internal-structure-tooth-claw.jpg\" alt=\"c\u1ea5u tr\u00fac b\u00ean trong-m\u00f3ng vu\u1ed1t r\u0103ng\" class=\"wp-image-3254\"\/><figcaption class=\"wp-element-caption\">c\u1ea5u tr\u00fac b\u00ean trong-m\u00f3ng vu\u1ed1t r\u0103ng<\/figcaption><\/figure>    <figure class=\"wp-block-image size-large\"><img loading=\"lazy\" decoding=\"async\" width=\"720\" height=\"540\" data-id=\"3252\" src=\"https:\/\/taizyagromachine.com\/wp-content\/uploads\/2022\/06\/disk-mill-machine-screens.jpg\" alt=\"m\u00e0n h\u00ecnh m\u00e1y nghi\u1ec1n \u0111\u0129a\" class=\"wp-image-3252\"\/><figcaption class=\"wp-element-caption\">m\u00e0n h\u00ecnh m\u00e1y nghi\u1ec1n \u0111\u0129a<\/figcaption><\/figure> <\/figure>    <h2 class=\"wp-block-heading\"><strong>\u0110\u00e8n pha c\u1ee7a m\u00e1y xay ng\u00f4<\/strong><\/h2>    <ol class=\"wp-block-list\"> <li>C\u1ea5u tr\u00fac nh\u1ecf g\u1ecdn, ngo\u1ea1i h\u00ecnh \u0111\u1eb9p, k\u00edch th\u01b0\u1edbc nh\u1ecf, tr\u1ecdng l\u01b0\u1ee3ng nh\u1eb9, s\u1eed d\u1ee5ng \u0111\u00e1ng tin c\u1eady, b\u1ea3o tr\u00ec d\u1ec5 d\u00e0ng.<\/li>    <li>\u1ee8ng d\u1ee5ng \u0111a d\u1ea1ng, s\u1ea3n l\u01b0\u1ee3ng nghi\u1ec1n cao, ti\u1ebft ki\u1ec7m n\u0103ng l\u01b0\u1ee3ng t\u1ed1t c\u00f3 th\u1ec3 \u0111\u00e1p \u1ee9ng t\u1ed1t nhu c\u1ea7u c\u1ee7a kh\u00e1ch h\u00e0ng.<\/li>    <li>Nghi\u1ec1n c\u00e1c lo\u1ea1i nguy\u00ean li\u1ec7u h\u00f3a h\u1ecdc, b\u1ed9t gi\u1ea5y, ch\u1ebf bi\u1ebfn d\u01b0\u1ee3c li\u1ec7u, b\u1ed9t th\u1ea1ch cao, h\u1ea1t ti\u00eau, gia v\u1ecb.<\/li>    <li>L\u1eafp \u0111\u1eb7t thi\u1ebft b\u1ecb h\u00fat b\u1ee5i, h\u00fat b\u1ee5i, kh\u00f4ng g\u00e2y \u00f4 nhi\u1ec5m b\u1ee5i, \u00edt ti\u1ebfng \u1ed3n.<\/li>    <li>Nhi\u1ec1u lo\u1ea1i, c\u00f3 nhi\u1ec1u lo\u1ea1i cho b\u1ea1n l\u1ef1a ch\u1ecdn, lu\u00f4n c\u00f3 lo\u1ea1i ph\u00f9 h\u1ee3p v\u1edbi b\u1ea1n.<\/li>    <li>C\u1ea5u tr\u00fac m\u00e1y h\u1ee3p l\u00fd, b\u1ec1n b\u1ec9, an to\u00e0n v\u00e0 \u0111\u00e1ng tin c\u1eady, d\u1ec5 l\u1eafp \u0111\u1eb7t, v\u1eadn h\u00e0nh thu\u1eadn ti\u1ec7n, hi\u1ec7u qu\u1ea3 ch\u1ed1ng rung nh\u1ecf.<\/li> <\/ol>    <h2 class=\"wp-block-heading\"><strong>C\u00e1c th\u00f4ng s\u1ed1 c\u1ee7a m\u00e1y xay ng\u00f4<\/strong><\/h2>    <p>T\u1eeb nh\u1eefng th\u00f4ng tin d\u01b0\u1edbi \u0111\u00e2y, d\u1ec5 d\u00e0ng nh\u1eadn th\u1ea5y c\u00f3 nh\u1eefng lo\u1ea1i m\u00e1y nghi\u1ec1n \u0111\u0129a bi\u1ebfn thi\u00ean. C\u00e1c lo\u1ea1i kh\u00e1c nhau c\u00f3 c\u1ea5u h\u00ecnh v\u00e0 dung l\u01b0\u1ee3ng kh\u00e1c nhau, gi\u00e1 th\u00e0nh c\u0169ng kh\u00e1c nhau. Khi c\u00f3 nhu c\u1ea7u mua lo\u1ea1i m\u00e1y m\u00e0i n\u00e0y, b\u1ea1n c\u00f3 th\u1ec3 cho bi\u1ebft y\u00eau c\u1ea7u, c\u1ea5u h\u00ecnh m\u00e1y, c\u00f4ng su\u1ea5t m\u00e1y,\u2026 Sau \u0111\u00f3, gi\u00e1m \u0111\u1ed1c b\u00e1n h\u00e0ng c\u1ee7a ch\u00fang t\u00f4i s\u1ebd \u0111\u01b0a ra gi\u1ea3i ph\u00e1p t\u1ed1t nh\u1ea5t \u0111\u1ec3 thu\u1eadn ti\u1ec7n cho vi\u1ec7c kinh doanh c\u1ee7a b\u1ea1n. <\/p>   <div class=\"wp-block-image\"> <figure class=\"aligncenter size-large\"><img loading=\"lazy\" decoding=\"async\" width=\"720\" height=\"540\" src=\"https:\/\/taizyagromachine.com\/wp-content\/uploads\/2022\/06\/disk-mill-parameters-1.jpg\" alt=\"\" class=\"wp-image-3228\"\/><\/figure> <\/div>  <div class=\"wp-block-image\"> <figure class=\"aligncenter size-full\"><img loading=\"lazy\" decoding=\"async\" width=\"720\" height=\"540\" src=\"https:\/\/taizyagromachine.com\/wp-content\/uploads\/2022\/06\/disk-mill-parameters-2.jpg\" alt=\"\" class=\"wp-image-3225\"\/><\/figure> <\/div>  <div class=\"wp-block-image\"> <figure class=\"aligncenter size-full\"><img loading=\"lazy\" decoding=\"async\" width=\"720\" height=\"540\" src=\"https:\/\/taizyagromachine.com\/wp-content\/uploads\/2022\/06\/disk-mill-parameters-3.jpg\" alt=\"\" class=\"wp-image-3226\"\/><\/figure> <\/div>  <div class=\"wp-block-image\"> <figure class=\"aligncenter size-large\"><img loading=\"lazy\" decoding=\"async\" width=\"720\" height=\"540\" src=\"https:\/\/taizyagromachine.com\/wp-content\/uploads\/2022\/06\/disk-mill-parameters-4.jpg\" alt=\"\" class=\"wp-image-3224\"\/><\/figure> <\/div>  <div class=\"wp-block-image\"> <figure class=\"aligncenter size-large\"><img loading=\"lazy\" decoding=\"async\" width=\"720\" height=\"540\" src=\"https:\/\/taizyagromachine.com\/wp-content\/uploads\/2022\/06\/disk-mill-parameters-5.jpg\" alt=\"\" class=\"wp-image-3223\"\/><\/figure> <\/div>  <div class=\"wp-block-image\"> <figure class=\"aligncenter size-full\"><img loading=\"lazy\" decoding=\"async\" width=\"720\" height=\"200\" src=\"https:\/\/taizyagromachine.com\/wp-content\/uploads\/2022\/06\/disk-mill-parameters-6.jpg\" alt=\"\u0111\u0129a-mill-tham s\u1ed1-6\" class=\"wp-image-3227\"\/><figcaption class=\"wp-element-caption\">th\u00f4ng s\u1ed1 m\u00e1y xay ng\u00f4<\/figcaption><\/figure> <\/div>   <h2 class=\"wp-block-heading\" id=\"h-how-does-the-disk-mill-machine-grind-corns\"><strong>M\u00e1y nghi\u1ec1n \u0111\u0129a nghi\u1ec1n ng\u00f4 nh\u01b0 th\u1ebf n\u00e0o?<\/strong><\/h2>    <figure class=\"wp-block-embed aligncenter is-type-video is-provider-youtube wp-block-embed-youtube wp-embed-aspect-16-9 wp-has-aspect-ratio\"><div class=\"wp-block-embed__wrapper\"> <iframe loading=\"lazy\" title=\"M\u00e1y nghi\u1ec1n ng\u00f4 th\u01b0\u01a1ng m\u1ea1i | M\u00e1y nghi\u1ec1n \u0111\u0129a | M\u00e1y nghi\u1ec1n ng\u00f4 | M\u00e1y Xay Ng\u00f4 #grinding\" width=\"500\" height=\"281\" src=\"https:\/\/www.youtube.com\/embed\/GRTjkVrY2m8?feature=oembed\" frameborder=\"0\" allow=\"accelerometer; autoplay; clipboard-write; encrypted-media; gyroscope; picture-in-picture; web-share\" referrerpolicy=\"strict-origin-when-cross-origin\" allowfullscreen><\/iframe> <\/div><\/figure>    <h2 class=\"wp-block-heading\"><strong>C\u00e2u h\u1ecfi th\u01b0\u1eddng g\u1eb7p<\/strong><\/h2>    <div class=\"schema-faq wp-block-yoast-faq-block\"><div class=\"schema-faq-section\" id=\"faq-question-1656063952280\"><strong class=\"schema-faq-question\">H\u1ecfi: C\u00f4ng su\u1ea5t c\u1ee7a m\u00e1y nghi\u1ec1n \u0111\u0129a n\u00e0y th\u1ebf n\u00e0o&gt;<\/strong> <p class=\"schema-faq-answer\">A: C\u00f4ng su\u1ea5t dao \u0111\u1ed9ng t\u1eeb 50-2000kg \/ h. N\u1ebfu b\u1ea1n quan t\u00e2m, xin vui l\u00f2ng li\u00ean h\u1ec7 v\u1edbi ch\u00fang t\u00f4i \u0111\u1ec3 bi\u1ebft th\u00eam chi ti\u1ebft.<\/p> <\/div> <div class=\"schema-faq-section\" id=\"faq-question-1656063971666\"><strong class=\"schema-faq-question\">H\u1ecfi: Nh\u1eefng lo\u1ea1i v\u1eadt li\u1ec7u n\u00e0o c\u00f3 th\u1ec3 \u0111\u01b0\u1ee3c xay?<\/strong> <p class=\"schema-faq-answer\">Tr\u1ea3 l\u1eddi: Ng\u0169 c\u1ed1c, ng\u00f4, h\u1ea1t ti\u00eau, gia v\u1ecb, v.v. T\u1ea5t c\u1ea3 c\u00e1c v\u1eadt li\u1ec7u kh\u00f4 v\u00e0 \u0111\u1eb7c bi\u1ec7t \u0111\u1ec1u c\u00f3 th\u1ec3 s\u1eed d\u1ee5ng \u0111\u01b0\u1ee3c.<\/p> <\/div> <div class=\"schema-faq-section\" id=\"faq-question-1656063982772\"><strong class=\"schema-faq-question\">H\u1ecfi: T\u00f4i c\u00f3 th\u1ec3 nh\u1eadn \u0111\u01b0\u1ee3c bao nhi\u00eau \u0111\u1ed9 m\u1ecbn?<\/strong> <p class=\"schema-faq-answer\">A: Th\u00f4ng th\u01b0\u1eddng, ch\u00fang t\u00f4i c\u00f3 m\u00e0n h\u00ecnh t\u1eeb 0,2mm-8 mm. T\u1ea5t nhi\u00ean, n\u1ebfu b\u1ea1n mu\u1ed1n nh\u1eefng th\u1ee9 kh\u00e1c, nh\u01b0 1cm, ch\u00fang t\u00f4i c\u0169ng c\u00f3 th\u1ec3 \u0111\u00e1p \u1ee9ng cho b\u1ea1n. N\u00f3 ph\u1ee5 thu\u1ed9c v\u00e0o b\u1ea1n.<\/p> <\/div> <\/div>","protected":false},"excerpt":{"rendered":"<p>This series of disk mill machines function to grind and mill various dry materials into powder for the purpose of various usages. This corn grinder can use a diesel engine, electric motor, and gasoline engine. The inside of the crusher is a rotary table-type crushing bin. The disk mill machine is equipped with long and [&hellip;]<\/p>\n","protected":false},"author":1,"featured_media":3250,"parent":0,"template":"","tags":[134,130,132,133,131,187,129,186],"product-type":[17],"class_list":["post-3216","product","type-product","status-publish","has-post-thumbnail","hentry","tag-corn-crusher","tag-corn-grinder","tag-corn-grinder-machine","tag-corn-grinding-machine","tag-corn-milling-machine","tag-disk-mill","tag-disk-mill-machine","tag-grinding-machine","product-type-corn-machine"],"_links":{"self":[{"href":"https:\/\/taizyagromachine.com\/vi\/wp-json\/wp\/v2\/product\/3216","targetHints":{"allow":["GET"]}}],"collection":[{"href":"https:\/\/taizyagromachine.com\/vi\/wp-json\/wp\/v2\/product"}],"about":[{"href":"https:\/\/taizyagromachine.com\/vi\/wp-json\/wp\/v2\/types\/product"}],"author":[{"embeddable":true,"href":"https:\/\/taizyagromachine.com\/vi\/wp-json\/wp\/v2\/users\/1"}],"wp:featuredmedia":[{"embeddable":true,"href":"https:\/\/taizyagromachine.com\/vi\/wp-json\/wp\/v2\/media\/3250"}],"wp:attachment":[{"href":"https:\/\/taizyagromachine.com\/vi\/wp-json\/wp\/v2\/media?parent=3216"}],"wp:term":[{"taxonomy":"post_tag","embeddable":true,"href":"https:\/\/taizyagromachine.com\/vi\/wp-json\/wp\/v2\/tags?post=3216"},{"taxonomy":"product-type","embeddable":true,"href":"https:\/\/taizyagromachine.com\/vi\/wp-json\/wp\/v2\/product-type?post=3216"}],"curies":[{"name":"wp","href":"https:\/\/api.w.org\/{rel}","templated":true}]}}