{"id":3340,"date":"2022-09-13T03:47:17","date_gmt":"2022-09-13T03:47:17","guid":{"rendered":"https:\/\/taizyagromachine.com\/?post_type=product&#038;p=3340"},"modified":"2025-04-10T17:46:16","modified_gmt":"2025-04-10T09:46:16","slug":"9fq-hammer-mill-grinder","status":"publish","type":"product","link":"https:\/\/taizyagromachine.com\/vi\/product\/9fq-hammer-mill-grinder\/","title":{"rendered":"M\u00e1y nghi\u1ec1n b\u00faa 9FQ \u0111\u1ec3 nghi\u1ec1n ng\u00f4, ng\u00f4, ng\u0169 c\u1ed1c, nghi\u1ec1n th\u1ee9c \u0103n"},"content":{"rendered":"<p class=\"translation-block\"><strong>M\u00e1y nghi\u1ec1n b\u00faa<\/strong> n\u00e0y l\u00e0 m\u1ed9t m\u00e1y nghi\u1ec1n \u0111a ch\u1ee9c n\u0103ng, ch\u1ec9 c\u1ea7n v\u1eadt li\u1ec7u kh\u00f4, ch\u1eb3ng h\u1ea1n nh\u01b0 ng\u00f4, \u0111\u1eadu n\u00e0nh, c\u00e2y \u0111\u1eadu ph\u1ed9ng, r\u01a1m kh\u00f4, v.v. S\u1ea3n l\u01b0\u1ee3ng c\u1ee7a m\u00e1y t\u1eeb 100 kg m\u1ed7i gi\u1edd \u0111\u1ebfn 3 t\u1ea5n m\u1ed7i gi\u1edd, v\u1edbi d\u1ea3i c\u00f4ng su\u1ea5t v\u00e0 kh\u1ea3 n\u0103ng th\u00edch \u1ee9ng r\u1ed9ng. <\/p>    <p>Ngo\u00e0i ra, m\u00e1y nghi\u1ec1n b\u00faa 9FQ n\u00e0y c\u00f3 th\u1ec3 s\u1eed d\u1ee5ng c\u1ea3 \u0111\u1ed9ng c\u01a1 \u0111i\u1ec7n v\u00e0 \u0111\u1ed9ng c\u01a1 diesel. V\u00ec v\u1eady, n\u1ebfu b\u1ea1n quan t\u00e2m \u0111\u1ebfn chi\u1ebfc m\u00e1y n\u00e0y, vui l\u00f2ng li\u00ean h\u1ec7 v\u1edbi ch\u00fang t\u00f4i!<\/p>    <figure class=\"wp-block-embed is-type-video is-provider-youtube wp-block-embed-youtube wp-embed-aspect-16-9 wp-has-aspect-ratio\"><div class=\"wp-block-embed__wrapper\"> <iframe loading=\"lazy\" title=\"M\u00e1y nghi\u1ec1n b\u00faa 9FQ | M\u00e1y nghi\u1ec1n\/xay ng\u00f4 | M\u00e1y nghi\u1ec1n h\u1ea1t ng\u00f4 #grinder\" width=\"500\" height=\"281\" src=\"https:\/\/www.youtube.com\/embed\/dN4giu5-BQk?feature=oembed\" frameborder=\"0\" allow=\"accelerometer; autoplay; clipboard-write; encrypted-media; gyroscope; picture-in-picture; web-share\" referrerpolicy=\"strict-origin-when-cross-origin\" allowfullscreen><\/iframe> <\/div><figcaption class=\"wp-element-caption\">video l\u00e0m vi\u1ec7c c\u1ee7a m\u00e1y nghi\u1ec1n b\u00faa<\/figcaption><\/figure>    <h2 class=\"wp-block-heading\" id=\"h-hot-sale-9fq-hammer-mill-grinder\"><strong>B\u00e1n ch\u1ea1y M\u00e1y nghi\u1ec1n b\u00faa 9FQ<\/strong><\/h2>    <p>C\u1ea7n b\u00e1n m\u00e1y nghi\u1ec1n b\u00faa Taizy c\u00f3 nhi\u1ec1u lo\u1ea1i v\u00e0 k\u00edch th\u01b0\u1edbc \u0111\u1ea7u ra kh\u00e1c nhau. C\u00e1c m\u00f4 h\u00ecnh chi ti\u1ebft \u0111\u01b0\u1ee3c li\u1ec7t k\u00ea d\u01b0\u1edbi \u0111\u00e2y \u0111\u1ec3 b\u1ea1n tham kh\u1ea3o: <\/p>    <div class=\"wp-block-media-text alignwide is-stacked-on-mobile\"><figure class=\"wp-block-media-text__media\"><img loading=\"lazy\" decoding=\"async\" width=\"720\" height=\"540\" src=\"https:\/\/taizyagromachine.com\/wp-content\/uploads\/2022\/09\/hammer-mill-for-sale-9FQ-320.webp\" alt=\"C\u1ea7n b\u00e1n m\u00e1y nghi\u1ec1n b\u00faa-9FQ-320\" class=\"wp-image-3347 size-full\"\/><\/figure><div class=\"wp-block-media-text__content\"> <p class=\"translation-block\"><strong>M\u00e1y nghi\u1ec1n b\u00faa \u0111\u1ec3 b\u00e1n - 9FQ-320<\/strong><\/p>    <p>Lo\u1ea1i m\u00e1y xay ng\u00f4 n\u00e0y c\u00f3 c\u00f4ng su\u1ea5t 100kg\/gi\u1edd, s\u1eed d\u1ee5ng \u0111\u01b0\u1ee3c c\u1ea3 \u0111\u1ed9ng c\u01a1 \u0111i\u1ec7n v\u00e0 \u0111\u1ed9ng c\u01a1 diesel. <\/p>    <p>N\u1ebfu b\u1ea1n mu\u1ed1n m\u1eabu n\u00e0y th\u00ec c\u1ea7n ph\u1ea3i \u0111\u1eb7t h\u00e0ng s\u1ed1 l\u01b0\u1ee3ng l\u1edbn, v\u00ec ch\u00fang t\u00f4i ch\u1ec9 s\u1ea3n xu\u1ea5t m\u1eabu n\u00e0y v\u1edbi s\u1ed1 l\u01b0\u1ee3ng l\u1edbn.<\/p> <\/div><\/div>    <div class=\"wp-block-media-text alignwide has-media-on-the-right is-stacked-on-mobile\"><div class=\"wp-block-media-text__content\"> <p class=\"translation-block\"><strong>M\u00e1y nghi\u1ec1n b\u00faa - 9FQ-360<\/strong><\/p>    <p>M\u00e1y xay b\u1ed9t ng\u00f4 9FQ-360 r\u1ea5t \u0111\u01b0\u1ee3c \u01b0a chu\u1ed9ng tr\u00ean th\u1ecb tr\u01b0\u1eddng qu\u1ed1c t\u1ebf, c\u00f3 th\u1ec3 nghi\u1ec1n ng\u00f4, \u1ed1ng h\u00fat v\u00e0 c\u00e1c lo\u1ea1i kh\u00e1c th\u00e0nh b\u1ed9t m\u1ecbn, d\u00f9ng l\u00e0m b\u1eefa \u0103n ho\u1eb7c th\u1ee9c \u0103n ch\u0103n nu\u00f4i. N\u00f3 c\u00f3 c\u00f4ng su\u1ea5t 150kg m\u1ed7i gi\u1edd.<\/p> <\/div><figure class=\"wp-block-media-text__media\"><img loading=\"lazy\" decoding=\"async\" width=\"750\" height=\"750\" src=\"https:\/\/taizyagromachine.com\/wp-content\/uploads\/2022\/09\/hammer-mill-machine.webp\" alt=\"m\u00e1y nghi\u1ec1n b\u00faa\" class=\"wp-image-3349 size-full\"\/><\/figure><\/div>    <div class=\"wp-block-media-text alignwide is-stacked-on-mobile\"><figure class=\"wp-block-media-text__media\"><img loading=\"lazy\" decoding=\"async\" width=\"720\" height=\"540\" src=\"https:\/\/taizyagromachine.com\/wp-content\/uploads\/2022\/09\/commercial-hammer-mill-crusher.webp\" alt=\"m\u00e1y nghi\u1ec1n b\u00faa th\u01b0\u01a1ng m\u1ea1i\" class=\"wp-image-3352 size-full\"\/><\/figure><div class=\"wp-block-media-text__content\"> <p class=\"translation-block\"><strong>M\u00e1y nghi\u1ec1n b\u00faa th\u01b0\u01a1ng m\u1ea1i - 9FQ-420<\/strong><\/p>    <p>M\u00e1y nghi\u1ec1n b\u00faa c\u00f3 l\u1ed1c xo\u00e1y cao 1800mm, t\u1ea5t nhi\u00ean \u0111\u1ed9ng c\u01a1 diesel c\u0169ng \u0111\u01b0\u1ee3c \u00e1p d\u1ee5ng. M\u00e1y c\u00f3 c\u00f4ng su\u1ea5t nghi\u1ec1n ng\u00f4 l\u00e0 400kg\/gi\u1edd v\u00e0 nghi\u1ec1n th\u00e0nh b\u1ed9t l\u00e0 200kg\/gi\u1edd.<\/p> <\/div><\/div>    <div class=\"wp-block-media-text alignwide has-media-on-the-right is-stacked-on-mobile\"><div class=\"wp-block-media-text__content\"> <p class=\"translation-block\"><strong>M\u00e1y nghi\u1ec1n b\u00faa - 9FQ-500<\/strong><\/p>    <p>N\u00f3i chung, lo\u1ea1i m\u00e1y nghi\u1ec1n b\u00faa ng\u0169 c\u1ed1c n\u00e0y lu\u00f4n s\u1eed d\u1ee5ng \u0111\u1ed9ng c\u01a1 diesel v\u00ec c\u00f4ng su\u1ea5t c\u1ee7a n\u00f3 l\u00e0 500kg\/h. B\u00ean c\u1ea1nh \u0111\u00f3 n\u00f3 c\u00f2n s\u1eed d\u1ee5ng khung v\u00e0 l\u1ed1p xe. V\u00ec v\u1eady, n\u00f3 r\u1ea5t ph\u1ed5 bi\u1ebfn \u1edf khu v\u1ef1c Ch\u00e2u Phi.<\/p> <\/div><figure class=\"wp-block-media-text__media\"><img loading=\"lazy\" decoding=\"async\" width=\"720\" height=\"540\" src=\"https:\/\/taizyagromachine.com\/wp-content\/uploads\/2022\/09\/Hammer-mill-crusher.webp\" alt=\"M\u00e1y nghi\u1ec1n b\u00faa\" class=\"wp-image-3354 size-full\"\/><\/figure><\/div>    <div class=\"wp-block-media-text alignwide is-stacked-on-mobile\"><figure class=\"wp-block-media-text__media\"><img loading=\"lazy\" decoding=\"async\" width=\"720\" height=\"540\" src=\"https:\/\/taizyagromachine.com\/wp-content\/uploads\/2022\/09\/hammer-mill-feed-grinder.webp\" alt=\"m\u00e1y nghi\u1ec1n th\u1ee9c \u0103n b\u00faa\" class=\"wp-image-3356 size-full\"\/><\/figure><div class=\"wp-block-media-text__content\"> <p class=\"translation-block\"><strong>M\u00e1y nghi\u1ec1n th\u1ee9c \u0103n gia s\u00fac b\u1eb1ng b\u00faa - 9FQ-600<\/strong><\/p>    <p>Khi l\u1ef1a ch\u1ecdn lo\u1ea1i m\u00e1y nghi\u1ec1n b\u00faa c\u00f4ng nghi\u1ec7p n\u00e0y, b\u1ea1n c\u00f3 th\u1ec3 ch\u1ecdn \u0111\u1ed9ng c\u01a1 diesel ho\u1eb7c \u0111\u1ed9ng c\u01a1 \u0111i\u1ec7n. H\u01a1n n\u1eefa, khung v\u00e0 l\u1ed1p c\u0169ng l\u00e0 t\u00f9y ch\u1ecdn. S\u1ea3n l\u01b0\u1ee3ng c\u1ee7a n\u00f3 l\u00e0 1000kg \/ h.<\/p> <\/div><\/div>    <div class=\"wp-block-media-text alignwide has-media-on-the-right is-stacked-on-mobile\"><div class=\"wp-block-media-text__content\"> <p class=\"translation-block\"><strong><a href=\"https:\/\/taizyagromachine.com\/vi\/product\/disk-mill-machine\/?swcfpc=1\" target=\"_blank\" rel=\"noreferrer noopener\">M\u00e1y nghi\u1ec1n ng\u00f4<\/a> - 9FQ-750<\/strong><\/p>    <p>Qua h\u00ecnh \u1ea3nh ch\u00fang ta c\u00f3 th\u1ec3 th\u1ea5y chi\u1ebfc m\u00e1y xay ng\u00f4 th\u01b0\u01a1ng m\u1ea1i n\u00e0y c\u00f3 th\u1ec3 s\u1eed d\u1ee5ng b\u1ed9 \u0111\u1ed9ng c\u01a1 diesel. N\u00f3 c\u00f3 c\u00f4ng su\u1ea5t 1500kg\/h.<\/p> <\/div><figure class=\"wp-block-media-text__media\"><img loading=\"lazy\" decoding=\"async\" width=\"720\" height=\"540\" src=\"https:\/\/taizyagromachine.com\/wp-content\/uploads\/2022\/09\/corn-grinder.webp\" alt=\"m\u00e1y xay ng\u00f4\" class=\"wp-image-3358 size-full\"\/><\/figure><\/div>    <div class=\"wp-block-media-text alignwide is-stacked-on-mobile\"><figure class=\"wp-block-media-text__media\"><img loading=\"lazy\" decoding=\"async\" width=\"720\" height=\"540\" src=\"https:\/\/taizyagromachine.com\/wp-content\/uploads\/2023\/12\/image.webp\" alt=\"m\u00e1y nghi\u1ec1n b\u00faa\" class=\"wp-image-6305 size-full\"\/><\/figure><div class=\"wp-block-media-text__content\"> <p class=\"translation-block\"><strong>M\u00e1y nghi\u1ec1n b\u1ed9t b\u1eb1ng b\u00faa - 9FQ-1000<\/strong><\/p>    <p>M\u00e1y nghi\u1ec1n b\u00faa ng\u00f4 9FQ-1000 c\u00f3 c\u00f4ng su\u1ea5t l\u1edbn 3000kg\/gi\u1edd. N\u00f3 c\u00f3 th\u1ec3 \u0111\u00e1p \u1ee9ng s\u1ea3n xu\u1ea5t h\u00e0ng lo\u1ea1t c\u1ee7a b\u1ea1n.<\/p> <\/div><\/div>    <h2 class=\"wp-block-heading\"><strong>Th\u00f4ng s\u1ed1 k\u1ef9 thu\u1eadt c\u1ee7a m\u00e1y nghi\u1ec1n b\u00faa \u0111a ch\u1ee9c n\u0103ng<\/strong><\/h2>    <figure class=\"wp-block-table\"><table><tbody><tr><td>Ng\u01b0\u1eddi m\u1eabu<\/td><td>C\u00f4ng su\u1ea5t\u00a0 (kW)<\/td><td>C\u00f4ng su\u1ea5t(HP)<\/td><td>Tr\u1ecdng l\u01b0\u1ee3ng (kg)<\/td><td>C\u00f4ng su\u1ea5t (kg \/ gi\u1edd)<\/td><td>B\u00faa<\/td><td>\u0110\u01b0\u1eddng k\u00ednh s\u00e0ng<\/td><td>K\u00edch th\u01b0\u1edbc g\u00f3i h\u00e0ng (mm)<\/td><td>&nbsp;K\u00edch th\u01b0\u1edbc l\u1eafp \u0111\u1eb7t (mm) v\u1edbi l\u1ed1c xo\u00e1y v\u00e0 \u0111\u1ed9ng c\u01a1&nbsp;<\/td><\/tr><tr><\/tr><tr><td>9FQ-320<\/td><td>2.2<\/td><td>5<\/td><td>50<\/td><td>100<\/td><td>16 chi\u1ebfc<\/td><td>0,5-5mm<\/td><td>500*300*600<\/td><td>500*300*600<\/td><\/tr><tr><td>9FQ-360<\/td><td>5.5<\/td><td>8<\/td><td>120<\/td><td>150<\/td><td>24 chi\u1ebfc<\/td><td>0,5-5mm<\/td><td>1100*600*1200<\/td><td>1500*1000*1900<\/td><\/tr><tr><td>9FQ-420<\/td><td>11<\/td><td>15<\/td><td>200<\/td><td>300<\/td><td>24 chi\u1ebfc<\/td><td>1,2-3mm<\/td><td>1200*800*1900<\/td><td>1500*1000*1900<\/td><\/tr><tr><td>9FQ-500<\/td><td>11<\/td><td>20<\/td><td>300<\/td><td>500<\/td><td>24 chi\u1ebfc<\/td><td>1,2-3mm<\/td><td>1200*800*1300<\/td><td>1500*1000*1900<\/td><\/tr><tr><td>9FQ-600<\/td><td>18.5-22<\/td><td>30<\/td><td>500<\/td><td>1000<\/td><td>32 chi\u1ebfc<\/td><td>1,2-3mm<\/td><td>1500*900*1500<\/td><td>2000*1100*2300<\/td><\/tr><tr><td>9FQ-750<\/td><td>22-30<\/td><td>35<\/td><td>850<\/td><td>1500<\/td><td>32 chi\u1ebfc<\/td><td>1,2-3mm<\/td><td>1500*1000*1600<\/td><td>2000*1200*2300<\/td><\/tr><tr><td>9FQ-800<\/td><td>37<\/td><td>45<\/td><td>1000<\/td><td>2000<\/td><td>40 chi\u1ebfc<\/td><td>1,2-5mm<\/td><td>1500*1200*1600<\/td><td>2000*1300*2300<\/td><\/tr><tr><td>9FQ-1000<\/td><td>45-55<\/td><td>75<\/td><td>1200<\/td><td>3000<\/td><td>64 chi\u1ebfc<\/td><td>1,2-5mm<\/td><td>1500*1300*1800<\/td><td>2000*1400*2300<\/td><\/tr><\/tbody><\/table><figcaption class=\"wp-element-caption\">d\u1eef li\u1ec7u k\u1ef9 thu\u1eadt c\u1ee7a m\u00e1y nghi\u1ec1n b\u00faa c\u00f4ng nghi\u1ec7p<\/figcaption><\/figure>    <h2 class=\"wp-block-heading\"><strong>\u1ee8ng d\u1ee5ng c\u1ee7a m\u00e1y nghi\u1ec1n b\u00faa<\/strong><\/h2>    <p class=\"translation-block\">Nh\u1edd m\u00e1y nghi\u1ec1n b\u00faa \u0111a ch\u1ee9c n\u0103ng, m\u00e1y n\u00e0y c\u00f3 th\u1ec3 nghi\u1ec1n <strong>l\u00faa m\u00ec, \u0111\u1eadu, ng\u00f4, c\u1ecf kh\u00f4, v\u1ecf \u0111\u1eadu ph\u1ed9ng, th\u00e2n ng\u00f4 kh\u00f4, c\u00e2y \u0111\u1eadu ph\u1ed9ng, g\u1ed7, gia v\u1ecb, c\u1ecf kh\u00f4,<\/strong> <strong>l\u00f5i ng\u00f4, th\u1ee9c \u0103n gia c\u1ea7m,<\/strong> v.v. N\u1ebfu b\u1ea1n mu\u1ed1n bi\u1ebft th\u00eam v\u1eadt li\u1ec7u c\u00f3 th\u1ec3 nghi\u1ec1n, vui l\u00f2ng li\u00ean h\u1ec7 ngay v\u1edbi ch\u00fang t\u00f4i! <\/p>   <div class=\"wp-block-image\"> <figure class=\"aligncenter size-full\"><img loading=\"lazy\" decoding=\"async\" width=\"720\" height=\"540\" src=\"https:\/\/taizyagromachine.com\/wp-content\/uploads\/2022\/09\/applications-of-the-hammer-mill-grinder.webp\" alt=\"\u1ee9ng d\u1ee5ng c\u1ee7a m\u00e1y nghi\u1ec1n b\u00faa\" class=\"wp-image-3360\"\/><figcaption class=\"wp-element-caption\">\u1ee9ng d\u1ee5ng c\u1ee7a m\u00e1y nghi\u1ec1n b\u00faa<\/figcaption><\/figure> <\/div>   <h2 class=\"wp-block-heading\"><strong>Thi\u1ebft k\u1ebf k\u1ebft c\u1ea5u m\u00e1y nghi\u1ec1n b\u00faa \u0111i\u1ec7n<\/strong><\/h2>    <p>C\u1ea5u tr\u00fac c\u1ee7a n\u00f3 r\u1ea5t \u0111\u01a1n gi\u1ea3n. M\u00e1y nghi\u1ec1n b\u00faa bao g\u1ed3m \u0111\u1ea7u v\u00e0o, \u0111\u1ea7u ra, l\u1ed1c xo\u00e1y m\u00e0n h\u00ecnh v\u00e0 \u0111\u1ed9ng c\u01a1\/\u0111\u1ed9ng c\u01a1 diesel. \u0110\u1ed1i v\u1edbi ngu\u1ed3n \u0111i\u1ec7n, b\u1ea1n c\u00f3 th\u1ec3 ch\u1ecdn nh\u1eefng g\u00ec b\u1ea1n mu\u1ed1n. <\/p>   <div class=\"wp-block-image\"> <figure class=\"aligncenter size-full\"><img loading=\"lazy\" decoding=\"async\" width=\"720\" height=\"540\" src=\"https:\/\/taizyagromachine.com\/wp-content\/uploads\/2022\/09\/electric-hammer-mill-structure.webp\" alt=\"c\u1ea5u tr\u00fac m\u00e1y nghi\u1ec1n b\u00faa \u0111i\u1ec7n\" class=\"wp-image-3367\"\/><figcaption class=\"wp-element-caption\">c\u1ea5u tr\u00fac m\u00e1y nghi\u1ec1n b\u00faa \u0111i\u1ec7n<\/figcaption><\/figure> <\/div>   <h2 class=\"wp-block-heading\" id=\"h-advanatges-of-the-hammer-mill-feed-grinder\"><strong>\u01afu \u0111i\u1ec3m c\u1ee7a m\u00e1y nghi\u1ec1n th\u1ee9c \u0103n Hammer Mill<\/strong><\/h2>    <ul class=\"wp-block-list\"> <li>C\u1ea5u tr\u00fac \u0111\u01a1n gi\u1ea3n, v\u1eadn h\u00e0nh d\u1ec5 d\u00e0ng v\u00e0 hi\u1ec7u su\u1ea5t \u1ed5n \u0111\u1ecbnh.<\/li>    <li>\u1ee8ng d\u1ee5ng r\u1ed9ng r\u00e3i, v\u00ec id c\u00f3 \u0111\u1ea7u v\u00e0o l\u1edbn.<\/li>    <li>C\u00f4ng su\u1ea5t l\u1edbn, t\u1eeb 100kg m\u1ed7i gi\u1edd \u0111\u1ebfn 3t m\u1ed7i gi\u1edd.<\/li>    <li>B\u00faa l\u00e0 b\u1ed9 ph\u1eadn ch\u00ednh c\u1ee7a k\u1ebft c\u1ea5u, c\u00f4ng su\u1ea5t kh\u00e1c nhau s\u1ebd c\u00f3 lo\u1ea1i b\u00faa kh\u00e1c nhau.<\/li>    <li>M\u00e0n h\u00ecnh: 1mm-3mm, 4cm, 5cm. N\u1ebfu b\u1ea1n mu\u1ed1n c\u00f3 nhi\u1ec1u m\u00e1y nghi\u1ec1n b\u00faa, ch\u00fang t\u00f4i c\u00f3 th\u1ec3 t\u00f9y ch\u1ec9nh m\u00e0n h\u00ecnh v\u00e0 m\u00e1y nghi\u1ec1n b\u00faa cho b\u1ea1n.<\/li> <\/ul>    <h2 class=\"wp-block-heading\" id=\"h-consumable-parts-of-the-hammer-mill-for-sale\"><strong>C\u1ea7n b\u00e1n c\u00e1c b\u1ed9 ph\u1eadn ti\u00eau hao c\u1ee7a m\u00e1y nghi\u1ec1n b\u00faa<\/strong><\/h2>    <p>\u0110\u1ed1i v\u1edbi m\u00e1y nghi\u1ec1n b\u00faa Taizy, c\u00f3 ba b\u1ed9 ph\u1eadn b\u1ecb m\u00f2n l\u00e0 d\u00e2y \u0111ai, m\u00e0n ch\u1eafn v\u00e0 l\u01b0\u1ee1i b\u00faa.<\/p>    <p>N\u1ebfu d\u00e2y \u0111ai b\u1ecb l\u1ecfng, b\u1ea1n c\u00f3 th\u1ec3 di chuy\u1ec3n \u0111\u1ed9ng c\u01a1 r\u1ed3i th\u1eaft ch\u1eb7t l\u1ea1i.<\/p>    <p>M\u00e0n h\u00ecnh v\u00e0 b\u00faa b\u1ecb hao m\u00f2n t\u1ef1 nhi\u00ean trong v\u00f2ng m\u1ed9t n\u0103m, ch\u00fang t\u00f4i c\u00f3 th\u1ec3 cung c\u1ea5p mi\u1ec5n ph\u00ed nh\u01b0ng b\u1ea1n (kh\u00e1ch h\u00e0ng) ph\u1ea3i tr\u1ea3 chi ph\u00ed chuy\u1ec3n ph\u00e1t nhanh.<\/p>    <h2 class=\"wp-block-heading\"><strong>Tr\u01b0\u1eddng h\u1ee3p th\u00e0nh c\u00f4ng c\u1ee7a m\u00e1y nghi\u1ec1n b\u00faa th\u01b0\u01a1ng m\u1ea1i ng\u0169 c\u1ed1c<\/strong><\/h2>    <p class=\"translation-block\"><strong>M\u00e1y nghi\u1ec1n ng\u00f4 ch\u1ea1y b\u1eb1ng \u0111\u1ed9ng c\u01a1 diesel 9FQ-500 xu\u1ea5t kh\u1ea9u sang Nigeria<\/strong><\/p>    <p>Kh\u00e1ch h\u00e0ng Nigeria \u0111ang th\u1ef1c hi\u1ec7n m\u1ed9t d\u1ef1 \u00e1n \u0111\u1ea5u th\u1ea7u c\u1ee7a ch\u00ednh ph\u1ee7, ch\u1ee7 y\u1ebfu ph\u1ee5c v\u1ee5 nhu c\u1ea7u \u0111\u1ecba ph\u01b0\u01a1ng. Ngay t\u1eeb khi nh\u1eadn d\u1ef1 \u00e1n, ch\u00fang t\u00f4i \u0111\u00e3 t\u00ecm hi\u1ec3u v\u00e0 nghi\u00ean c\u1ee9u k\u1ef9 c\u00e1c y\u00eau c\u1ea7u c\u1ee7a m\u00e1y. <\/p>    <p>Ch\u00fang t\u00f4i tu\u00e2n th\u1ee7 nghi\u00eam ng\u1eb7t c\u00e1c y\u00eau c\u1ea7u c\u1ee7a cu\u1ed9c \u0111\u1ea5u th\u1ea7u \u0111\u1ec3 cung c\u1ea5p th\u00f4ng tin m\u00e1y li\u00ean quan v\u00e0 m\u1ecdi h\u1ea1ng m\u1ee5c \u0111\u1ec1u \u0111\u00e1p \u1ee9ng y\u00eau c\u1ea7u. K\u1ebft qu\u1ea3 l\u00e0 kh\u00e1ch h\u00e0ng Nigeria \u0111\u00e3 mua m\u00e1y t\u1eeb Taizy c\u1ee7a ch\u00fang t\u00f4i.<\/p>   <div class=\"wp-block-image\"> <figure class=\"aligncenter size-full\"><img loading=\"lazy\" decoding=\"async\" width=\"720\" height=\"540\" src=\"https:\/\/taizyagromachine.com\/wp-content\/uploads\/2022\/09\/loading-diesel-engine-9FQ-500.webp\" alt=\"t\u1ea3i \u0111\u1ed9ng c\u01a1 diesel 9FQ-500\" class=\"wp-image-3371\"\/><figcaption class=\"wp-element-caption\">t\u1ea3i \u0111\u1ed9ng c\u01a1 diesel 9FQ-500<\/figcaption><\/figure> <\/div>   <p class=\"translation-block\"><strong>3 lo\u1ea1i m\u00e1y nghi\u1ec1n b\u00faa \u0111\u00e3 b\u00e1n cho Th\u00e1i Lan<\/strong><\/p>    <p>Taize Machinery \u0111\u00e3 b\u00e1n th\u00e0nh c\u00f4ng ba m\u1eabu m\u00e1y nghi\u1ec1n b\u00faa d\u00f2ng 9FQ cho th\u1ecb tr\u01b0\u1eddng Th\u00e1i Lan, ph\u00f9 h\u1ee3p v\u1edbi c\u00e1c k\u00edch c\u1ee1 v\u00e0 \u1ee9ng d\u1ee5ng kh\u00e1c nhau. T\u1ea5t c\u1ea3 c\u00e1c m\u00e1y nghi\u1ec1n b\u00faa c\u1ea5p li\u1ec7u c\u1ee7a ch\u00fang t\u00f4i \u0111\u00e3 \u0111\u01b0\u1ee3c kh\u00e1ch h\u00e0ng Th\u00e1i Lan c\u00f4ng nh\u1eadn r\u1ed9ng r\u00e3i nh\u1edd hi\u1ec7u qu\u1ea3, \u0111\u1ed9 b\u1ec1n v\u00e0 \u0111\u1ed9 \u1ed5n \u0111\u1ecbnh cao.<\/p>    <figure class=\"wp-block-gallery aligncenter has-nested-images columns-default is-cropped wp-block-gallery-2 is-layout-flex wp-block-gallery-is-layout-flex\"> <figure class=\"wp-block-image size-large\"><img loading=\"lazy\" decoding=\"async\" width=\"720\" height=\"540\" data-id=\"6311\" src=\"https:\/\/taizyagromachine.com\/wp-content\/uploads\/2022\/09\/hammer-mill-crusher.webp\" alt=\"m\u00e1y nghi\u1ec1n b\u00faa\" class=\"wp-image-6311\"\/><figcaption class=\"wp-element-caption\">m\u00e1y nghi\u1ec1n b\u00faa<\/figcaption><\/figure>    <figure class=\"wp-block-image size-large\"><img loading=\"lazy\" decoding=\"async\" width=\"720\" height=\"540\" data-id=\"6310\" src=\"https:\/\/taizyagromachine.com\/wp-content\/uploads\/2022\/09\/hammer-mill-crusher-for-Thailand.webp\" alt=\"m\u00e1y nghi\u1ec1n b\u00faa cho Th\u00e1i Lan\" class=\"wp-image-6310\"\/><figcaption class=\"wp-element-caption\">m\u00e1y nghi\u1ec1n b\u00faa cho Th\u00e1i Lan<\/figcaption><\/figure> <\/figure>    <h2 class=\"wp-block-heading\" id=\"h-faq\"><strong>C\u00e2u h\u1ecfi th\u01b0\u1eddng g\u1eb7p v\u1ec1 m\u00e1y nghi\u1ec1n b\u00faa c\u00f4ng nghi\u1ec7p<\/strong><\/h2>   <div id=\"rank-math-faq\" class=\"rank-math-block\"> <div class=\"rank-math-list\"> <div id=\"faq-question-1667377290190\" class=\"rank-math-list-item\"> <h3 class=\"rank-math-question\"><strong>C\u00e2u h\u1ecfi 1: M\u00e1y nghi\u1ec1n b\u00faa 9FQ c\u00f3 c\u00f4ng su\u1ea5t bao nhi\u00eau?<\/strong><\/h3> <div class=\"rank-math-answer\">  <p>A1: \u0110\u1ed9ng c\u01a1 x\u0103ng, \u0111\u1ed9ng c\u01a1 \u0111i\u1ec7n v\u00e0 \u0111\u1ed9ng c\u01a1 diesel.<\/p>  <\/div> <\/div> <div id=\"faq-question-1667377295222\" class=\"rank-math-list-item\"> <h3 class=\"rank-math-question\"><strong>C\u00e2u 2: C\u00f4ng su\u1ea5t l\u00e0 g\u00ec?<\/strong><\/h3> <div class=\"rank-math-answer\">  <p>A2: C\u00f4ng su\u1ea5t c\u1ee7a n\u00f3 r\u1ea5t l\u1edbn, t\u1eeb 100kg\/h \u0111\u1ebfn 3t\/h.<\/p>  <\/div> <\/div> <div id=\"faq-question-1667377303614\" class=\"rank-math-list-item\"> <h3 class=\"rank-math-question\"><strong>C\u00e2u 3: V\u1eadt li\u1ec7u c\u00f3 th\u1ec3 \u0111\u01b0\u1ee3c nghi\u1ec1n n\u00e1t t\u1ed1t \u0111\u1ebfn m\u1ee9c n\u00e0o?<\/strong><\/h3> <div class=\"rank-math-answer\">  <p>A3: Ph\u1ee5 thu\u1ed9c v\u00e0o m\u00e0n h\u00ecnh b\u1ea1n ch\u1ecdn v\u00e0 m\u1ee9c \u0111\u1ed9 b\u1ea1n c\u1ea7n. M\u00e0n h\u00ecnh c\u00f3 k\u00edch th\u01b0\u1edbc 1mm-3cm, 4cm v\u00e0 5cm. N\u1ebfu b\u1ea1n c\u00f3 nhu c\u1ea7u \u0111\u1eb7c bi\u1ec7t, b\u1ea1n c\u00f3 th\u1ec3 li\u00ean h\u1ec7 v\u1edbi ch\u00fang t\u00f4i \u0111\u1ec3 bi\u1ebft chi ti\u1ebft!<\/p>  <\/div> <\/div> <\/div> <\/div>   <h2 class=\"wp-block-heading\"><strong>H\u00e3y li\u00ean h\u1ec7 v\u1edbi ch\u00fang t\u00f4i \u0111\u1ec3 bi\u1ebft gi\u00e1 m\u00e1y xay ng\u0169 c\u1ed1c!<\/strong><\/h2>    <p class=\"translation-block\">\u0110\u1ec3 bi\u1ebft th\u00f4ng tin gi\u00e1 c\u1ee7a m\u00e1y nghi\u1ec1n ng\u0169 c\u1ed1c, vui l\u00f2ng li\u00ean h\u1ec7 ngay v\u1edbi ch\u00fang t\u00f4i! Ch\u00fang t\u00f4i cung c\u1ea5p t\u1ea5t c\u1ea3 c\u00e1c lo\u1ea1i thi\u1ebft b\u1ecb ch\u1ebf bi\u1ebfn ng\u0169 c\u1ed1c ch\u1ea5t l\u01b0\u1ee3ng cao, v\u00e0 \u0111\u1ed9i ng\u0169 chuy\u00ean nghi\u1ec7p c\u1ee7a ch\u00fang t\u00f4i s\u1ebd cung c\u1ea5p cho b\u1ea1n b\u00e1o gi\u00e1 chi ti\u1ebft theo nhu c\u1ea7u c\u1ee7a b\u1ea1n, \u0111\u1ed3ng th\u1eddi cung c\u1ea5p cho b\u1ea1n d\u1ecbch v\u1ee5 gi\u1edbi thi\u1ec7u s\u1ea3n ph\u1ea9m to\u00e0n di\u1ec7n v\u00e0 t\u01b0 v\u1ea5n mua h\u00e0ng.<\/p>    <figure class=\"wp-block-embed is-type-video is-provider-youtube wp-block-embed-youtube wp-embed-aspect-16-9 wp-has-aspect-ratio\"><div class=\"wp-block-embed__wrapper\"> <iframe loading=\"lazy\" title=\"M\u00e1y xay ng\u00f4 9FQ: Nghi\u1ec1n ng\u00f4 hi\u1ec7u qu\u1ea3 \u0111\u1ec3 l\u00e0m b\u1ed9t ng\u00f4 d\u1ec5 d\u00e0ng | M\u00e1y xay ng\u00f4\" width=\"500\" height=\"281\" src=\"https:\/\/www.youtube.com\/embed\/g81m6gqrChs?feature=oembed\" frameborder=\"0\" allow=\"accelerometer; autoplay; clipboard-write; encrypted-media; gyroscope; picture-in-picture; web-share\" referrerpolicy=\"strict-origin-when-cross-origin\" allowfullscreen><\/iframe> <\/div><figcaption class=\"wp-element-caption\">Video c\u1ee7a nh\u00e0 m\u00e1y xay ng\u00f4<\/figcaption><\/figure>","protected":false},"excerpt":{"rendered":"<p>M\u00e1y nghi\u1ec1n b\u00faa Mill nghi\u1ec1n c\u00e1c nguy\u00ean li\u1ec7u kh\u00f4 nh\u01b0 ng\u00f4, \u0111\u1eadu n\u00e0nh, c\u00e2y l\u1ea1c, r\u01a1m kh\u00f4, v.v., v\u1edbi c\u00f4ng su\u1ea5t 100kg-3000kg m\u1ed7i gi\u1edd. Trong b\u00e0i vi\u1ebft n\u00e0y ch\u00fang t\u00f4i ch\u1ee7 y\u1ebfu m\u00f4 t\u1ea3 c\u00e1c m\u1eabu m\u00e1y nghi\u1ec1n b\u00faa \u0111\u1ec3 b\u1ea1n tham kh\u1ea3o khi l\u1ef1a ch\u1ecdn.<\/p>","protected":false},"author":1,"featured_media":3362,"parent":0,"template":"","tags":[189,131,190],"product-type":[17],"class_list":["post-3340","product","type-product","status-publish","has-post-thumbnail","hentry","tag-corn-grits-making-machine","tag-corn-milling-machine","tag-maize-grits-milling-machine","product-type-corn-machine"],"_links":{"self":[{"href":"https:\/\/taizyagromachine.com\/vi\/wp-json\/wp\/v2\/product\/3340","targetHints":{"allow":["GET"]}}],"collection":[{"href":"https:\/\/taizyagromachine.com\/vi\/wp-json\/wp\/v2\/product"}],"about":[{"href":"https:\/\/taizyagromachine.com\/vi\/wp-json\/wp\/v2\/types\/product"}],"author":[{"embeddable":true,"href":"https:\/\/taizyagromachine.com\/vi\/wp-json\/wp\/v2\/users\/1"}],"wp:featuredmedia":[{"embeddable":true,"href":"https:\/\/taizyagromachine.com\/vi\/wp-json\/wp\/v2\/media\/3362"}],"wp:attachment":[{"href":"https:\/\/taizyagromachine.com\/vi\/wp-json\/wp\/v2\/media?parent=3340"}],"wp:term":[{"taxonomy":"post_tag","embeddable":true,"href":"https:\/\/taizyagromachine.com\/vi\/wp-json\/wp\/v2\/tags?post=3340"},{"taxonomy":"product-type","embeddable":true,"href":"https:\/\/taizyagromachine.com\/vi\/wp-json\/wp\/v2\/product-type?post=3340"}],"curies":[{"name":"wp","href":"https:\/\/api.w.org\/{rel}","templated":true}]}}