{"id":3385,"date":"2022-09-15T07:13:10","date_gmt":"2022-09-15T07:13:10","guid":{"rendered":"https:\/\/taizyagromachine.com\/?post_type=product&#038;p=3385"},"modified":"2023-12-28T17:40:18","modified_gmt":"2023-12-28T09:40:18","slug":"fresh-corn-sheller","status":"publish","type":"product","link":"https:\/\/taizyagromachine.com\/vi\/product\/fresh-corn-sheller\/","title":{"rendered":"M\u00e1y xay ng\u00f4 t\u01b0\u01a1i \u0111\u1ec3 \u0111\u1eadp ng\u00f4 ng\u1ecdt"},"content":{"rendered":"<p class=\"translation-block\">M\u00e1y t\u00e1ch h\u1ea1t ng\u00f4 t\u01b0\u01a1i Taizy l\u00e0 m\u1ed9t lo\u1ea1i thi\u1ebft b\u1ecb ch\u1ebf bi\u1ebfn ng\u00f4 d\u00f9ng \u0111\u1ec3 t\u00e1ch h\u1ea1t ng\u00f4 n\u1ebfp, ng\u00f4 t\u01b0\u01a1i, ng\u00f4 ng\u1ecdt, ng\u00f4 \u0111\u00f4ng l\u1ea1nh, v.v. M\u00e1y t\u00e1ch h\u1ea1t ng\u00f4 ng\u1ecdt n\u00e0y c\u00f3 hi\u1ec7u su\u1ea5t cao v\u00e0 d\u1ec5 s\u1eed d\u1ee5ng. Do \u0111\u00f3, m\u00e1y n\u00e0y r\u1ea5t ph\u1ed5 bi\u1ebfn \u1edf trong v\u00e0 ngo\u00e0i n\u01b0\u1edbc, v\u00e0 th\u01b0\u1eddng \u0111\u01b0\u1ee3c xu\u1ea5t kh\u1ea9u ra n\u01b0\u1edbc ngo\u00e0i. <\/p>    <p>M\u00e1y b\u00f3c v\u1ecf ng\u00f4 t\u01b0\u01a1i c\u1ee7a ch\u00fang t\u00f4i th\u01b0\u1eddng \u0111\u01b0\u1ee3c xu\u1ea5t kh\u1ea9u sang c\u00e1c n\u01b0\u1edbc nh\u01b0 Maroc, Th\u00e1i Lan, M\u1ef9. N\u1ebfu b\u1ea1n quan t\u00e2m \u0111\u1ebfn m\u00e1y n\u00e0y, vui l\u00f2ng li\u00ean h\u1ec7 v\u1edbi ch\u00fang t\u00f4i!<\/p>    <figure class=\"wp-block-embed is-type-video is-provider-youtube wp-block-embed-youtube wp-embed-aspect-16-9 wp-has-aspect-ratio\"><div class=\"wp-block-embed__wrapper\"> <iframe loading=\"lazy\" title=\"M\u00e1y tu\u1ed1t ng\u00f4 ng\u1ecdt 2022 | M\u00e1y b\u00f3c v\u1ecf ng\u00f4 t\u01b0\u01a1i d\u00f9ng cho m\u1ee5c \u0111\u00edch th\u01b0\u01a1ng m\u1ea1i v\u00e0 gia \u0111\u00ecnh #sweetcorn\" width=\"500\" height=\"281\" src=\"https:\/\/www.youtube.com\/embed\/22IhEMWITb8?start=5&#038;feature=oembed\" frameborder=\"0\" allow=\"accelerometer; autoplay; clipboard-write; encrypted-media; gyroscope; picture-in-picture; web-share\" referrerpolicy=\"strict-origin-when-cross-origin\" allowfullscreen><\/iframe> <\/div><figcaption class=\"wp-element-caption\">video l\u00e0m vi\u1ec7c c\u1ee7a m\u00e1y \u0111\u1eadp ng\u00f4 ng\u1ecdt mazie<\/figcaption><\/figure>    <h2 class=\"wp-block-heading\"><strong>C\u00e1c lo\u1ea1i m\u00e1y b\u00f3c v\u1ecf ng\u00f4 t\u01b0\u01a1i \u0111\u1ec3 b\u00e1n<\/strong><\/h2>    <p> \u0110\u1ed1i v\u1edbi m\u00e1y tu\u1ed1t ng\u00f4 ng\u1ecdt, ch\u00fang t\u00f4i c\u00f3 hai lo\u1ea1i t\u00f9y theo t\u00ecnh tr\u1ea1ng s\u1eb5n c\u00f3 c\u1ee7a b\u0103ng t\u1ea3i: SL-268 v\u00e0 SL-368.<\/p>    <figure class=\"wp-block-gallery aligncenter has-nested-images columns-default is-cropped wp-block-gallery-2 is-layout-flex wp-block-gallery-is-layout-flex\"> <figure class=\"wp-block-image size-large\"><img loading=\"lazy\" decoding=\"async\" width=\"540\" height=\"720\" data-id=\"3395\" src=\"https:\/\/taizyagromachine.com\/wp-content\/uploads\/2022\/09\/SL-268-sweet-corn-sheller.webp\" alt=\"SL-268-ng\u00f4 ng\u1ecdt-b\u00f3c v\u1ecf\" class=\"wp-image-3395\"\/><figcaption class=\"wp-element-caption\">M\u00e1y b\u00f3c v\u1ecf ng\u00f4 ng\u1ecdt SL-268<\/figcaption><\/figure>    <figure class=\"wp-block-image size-large\"><img loading=\"lazy\" decoding=\"async\" width=\"540\" height=\"720\" data-id=\"3396\" src=\"https:\/\/taizyagromachine.com\/wp-content\/uploads\/2022\/09\/SL-368-fresh-corn-thresher.webp\" alt=\"SL-368-t\u01b0\u01a1i-b\u1eafp-t \u0111\u1eadp\" class=\"wp-image-3396\"\/><figcaption class=\"wp-element-caption\">M\u00e1y tu\u1ed1t ng\u00f4 t\u01b0\u01a1i SL-368<\/figcaption><\/figure> <\/figure>    <ul class=\"wp-block-list\"> <li><strong>M\u00e1y tu\u1ed1t ng\u00f4 t\u01b0\u01a1i kh\u00f4ng c\u00f3 b\u0103ng t\u1ea3i<\/strong>: Lo\u1ea1i m\u00e1y n\u00e0y th\u01b0\u1eddng y\u00eau c\u1ea7u c\u1ea5p ng\u00f4 th\u1ee7 c\u00f4ng, \u0111\u01b0\u1ee3c \u0111\u1eadp qua tr\u1ed1ng quay b\u00ean trong v\u00e0 c\u1ea5u tr\u00fac r\u0103ng nh\u1ecdn. N\u00f3 t\u01b0\u01a1ng \u0111\u1ed1i \u0111\u01a1n gi\u1ea3n \u0111\u1ec3 v\u1eadn h\u00e0nh v\u00e0 ph\u00f9 h\u1ee3p cho s\u1eed d\u1ee5ng quy m\u00f4 nh\u1ecf ho\u1eb7c gia \u0111\u00ecnh.<\/li>    <li><strong>M\u00e1y b\u00f3c v\u1ecf ng\u00f4 t\u01b0\u01a1i ng\u1ecdt v\u1edbi b\u0103ng t\u1ea3i<\/strong>: Model n\u00e0y \u0111\u01b0\u1ee3c trang b\u1ecb h\u1ec7 th\u1ed1ng b\u0103ng t\u1ea3i t\u1ef1 \u0111\u1ed9ng, c\u00f3 th\u1ec3 \u0111\u01b0a ng\u00f4 v\u00e0o khu v\u1ef1c \u0111\u1eadp l\u00faa li\u00ean t\u1ee5c v\u00e0 hi\u1ec7u qu\u1ea3, n\u00e2ng cao hi\u1ec7u qu\u1ea3 l\u00e0m vi\u1ec7c r\u1ea5t nhi\u1ec1u. Th\u00edch h\u1ee3p cho s\u1ea3n xu\u1ea5t n\u00f4ng nghi\u1ec7p ho\u1eb7c ch\u1ebf bi\u1ebfn th\u01b0\u01a1ng m\u1ea1i quy m\u00f4 l\u1edbn, n\u00f3 c\u00f3 th\u1ec3 gi\u1ea3m c\u01b0\u1eddng \u0111\u1ed9 lao \u0111\u1ed9ng th\u1ee7 c\u00f4ng v\u00e0 n\u00e2ng cao n\u0103ng su\u1ea5t.<\/li> <\/ul>    <figure class=\"wp-block-embed is-type-video is-provider-youtube wp-block-embed-youtube wp-embed-aspect-16-9 wp-has-aspect-ratio\"><div class=\"wp-block-embed__wrapper\"> <iframe loading=\"lazy\" title=\"\u0110\u1eadp \u0111\u00e1 hi\u1ec7u qu\u1ea3! M\u00e1y tu\u1ed1t ng\u00f4 t\u01b0\u01a1i ng\u1ecdt | M\u00e1y b\u00f3c v\u1ecf ng\u00f4 t\u01b0\u01a1i\" width=\"500\" height=\"281\" src=\"https:\/\/www.youtube.com\/embed\/DJhhB9xqRE0?feature=oembed\" frameborder=\"0\" allow=\"accelerometer; autoplay; clipboard-write; encrypted-media; gyroscope; picture-in-picture; web-share\" referrerpolicy=\"strict-origin-when-cross-origin\" allowfullscreen><\/iframe> <\/div><figcaption class=\"wp-element-caption\">video ho\u1ea1t \u0111\u1ed9ng c\u1ee7a m\u00e1y b\u00f3c v\u1ecf ng\u00f4 t\u01b0\u01a1i b\u1eb1ng b\u0103ng t\u1ea3i <\/figcaption><\/figure>    <p>B\u1ea5t k\u1ec3 lo\u1ea1i n\u00e0o, m\u00e1y tu\u1ed1t ng\u00f4 t\u01b0\u01a1i \u0111\u1ec1u c\u00f3 th\u1ec3 t\u00e1ch h\u1ea1t ng\u00f4 ra kh\u1ecfi l\u00f5i ng\u00f4 m\u1ed9t c\u00e1ch hi\u1ec7u qu\u1ea3 \u0111\u1ec3 x\u1eed l\u00fd v\u00e0 b\u1ea3o qu\u1ea3n ti\u1ebfp theo.<\/p>    <h2 class=\"wp-block-heading\" id=\"h-technical-parameters-of-the-fresh-sweet-corn-sheller\"><strong>Th\u00f4ng s\u1ed1 k\u1ef9 thu\u1eadt c\u1ee7a m\u00e1y xay ng\u00f4 ng\u1ecdt t\u01b0\u01a1i<\/strong><\/h2>    <figure class=\"wp-block-table\"><table><tbody><tr><td>Ng\u01b0\u1eddi m\u1eabu<\/td><td>TZ-268<\/td><td>TZ-368<\/td><\/tr><tr><td>Quy\u1ec1n l\u1ef1c<\/td><td>1,0kW<\/td><td>0,4kW + 0,75kW + 0,25kW<\/td><\/tr><tr><td>Dung t\u00edch<\/td><td>400-500kg\/gi\u1edd<\/td><td>400-500kg\/gi\u1edd<\/td><\/tr><tr><td>C\u00e2n n\u1eb7ng<\/td><td>100kg<\/td><td>110kg<\/td><\/tr><tr><td>K\u00edch c\u1ee1<\/td><td>700(L)\u00d7620(W)\u00d71250(H)mm<\/td><td>1320(L)*620(W)*1250(H)mm<\/td><\/tr><tr><td>\u0110i\u1ec7n \u00e1p<\/td><td>220V, 1 pha, 50hz<\/td><td>240V, 1 pha, 60hz<\/td><\/tr><\/tbody><\/table><figcaption class=\"wp-element-caption\">th\u00f4ng s\u1ed1 k\u1ef9 thu\u1eadt c\u1ee7a m\u00e1y tu\u1ed1t ng\u00f4 ng\u1ecdt t\u01b0\u01a1i<\/figcaption><\/figure>    <h2 class=\"wp-block-heading\"><strong>\u1ee8ng d\u1ee5ng c\u1ee7a m\u00e1y b\u00f3c v\u1ecf ng\u00f4 t\u01b0\u01a1i<\/strong><\/h2>    <p class=\"translation-block\"><strong>C\u00e1c lo\u1ea1i ng\u00f4<\/strong>: M\u00e1y t\u00e1ch h\u1ea1t ng\u00f4 ng\u1ecdt c\u00f3 th\u1ec3 t\u00e1ch h\u1ea1t ng\u00f4 ng\u1ecdt, ng\u00f4 t\u01b0\u01a1i, ng\u00f4 qu\u1ea3, ng\u00f4 \u0111\u00f4ng l\u1ea1nh, v.v.<\/p>    <p class=\"translation-block\"><strong>Doanh nghi\u1ec7p nh\u00e0 m\u00e1y \u00e1p d\u1ee5ng<\/strong>: b\u1ebfp trung t\u00e2m, nh\u00e0 m\u00e1y h\u1ea1t gi\u1ed1ng ng\u00f4 \u0111\u00f3ng h\u1ed9p, nh\u00e0 m\u00e1y n\u01b0\u1edbc c\u1ed1t ng\u00f4 \u0111\u00f4ng l\u1ea1nh nhanh, nh\u00e0 m\u00e1y h\u1ea1t gi\u1ed1ng ng\u00f4, ch\u1ebf bi\u1ebfn th\u1ef1c ph\u1ea9m kh\u00f4, ch\u1ebf bi\u1ebfn n\u00f4ng s\u1ea3n ph\u1ee5, v.v.<\/p>    <h2 class=\"wp-block-heading\"><strong>C\u00e1c b\u01b0\u1edbc l\u00e0m vi\u1ec7c c\u1ee7a m\u00e1y tu\u1ed1t ng\u00f4 t\u01b0\u01a1i<\/strong><\/h2>    <div class=\"wp-block-media-text alignwide is-stacked-on-mobile\"><figure class=\"wp-block-media-text__media\"><img loading=\"lazy\" decoding=\"async\" width=\"720\" height=\"540\" src=\"https:\/\/taizyagromachine.com\/wp-content\/uploads\/2022\/09\/feeding-system.webp\" alt=\"h\u1ec7 th\u1ed1ng cho \u0103n\" class=\"wp-image-3407 size-full\"\/><\/figure><div class=\"wp-block-media-text__content\"> <p class=\"translation-block\"><strong>H\u1ec7 th\u1ed1ng c\u1ea5p li\u1ec7u<\/strong><\/p> <\/div><\/div>    <div class=\"wp-block-media-text alignwide has-media-on-the-right is-stacked-on-mobile\"><div class=\"wp-block-media-text__content\"> <p class=\"translation-block\"><strong>B\u1ed9 ph\u1eadn c\u1ed1t l\u00f5i c\u1ee7a m\u00e1y t\u00e1ch h\u1ea1t ng\u00f4 ng\u1ecdt<\/strong><\/p> <\/div><figure class=\"wp-block-media-text__media\"><img loading=\"lazy\" decoding=\"async\" width=\"540\" height=\"540\" src=\"https:\/\/taizyagromachine.com\/wp-content\/uploads\/2022\/09\/corn-part-of-the-sweet-corn-thresher.webp\" alt=\"ph\u1ea7n ng\u00f4 c\u1ee7a m\u00e1y tu\u1ed1t ng\u00f4 ng\u1ecdt\" class=\"wp-image-3419 size-full\"\/><\/figure><\/div>    <div class=\"wp-block-media-text alignwide is-stacked-on-mobile\"><figure class=\"wp-block-media-text__media\"><img loading=\"lazy\" decoding=\"async\" width=\"540\" height=\"540\" src=\"https:\/\/taizyagromachine.com\/wp-content\/uploads\/2022\/09\/corn-seeds-and-corn-cob-separation.webp\" alt=\"t\u00e1ch h\u1ea1t ng\u00f4 v\u00e0 l\u00f5i ng\u00f4\" class=\"wp-image-3421 size-full\"\/><\/figure><div class=\"wp-block-media-text__content\"> <p class=\"translation-block\"><strong>T\u00e1ch h\u1ea1t ng\u00f4 v\u00e0 l\u00f5i ng\u00f4<\/strong><\/p> <\/div><\/div>    <div class=\"wp-block-media-text alignwide has-media-on-the-right is-stacked-on-mobile\"><div class=\"wp-block-media-text__content\"> <p class=\"translation-block\"><strong>X\u1ea3 l\u00f5i ng\u00f4<\/strong><\/p> <\/div><figure class=\"wp-block-media-text__media\"><img loading=\"lazy\" decoding=\"async\" width=\"540\" height=\"540\" src=\"https:\/\/taizyagromachine.com\/wp-content\/uploads\/2022\/09\/corn-cob-discharge.webp\" alt=\"x\u1ea3 l\u00f5i ng\u00f4\" class=\"wp-image-3423 size-full\"\/><\/figure><\/div>    <h2 class=\"wp-block-heading\"><strong>Ph\u1ee5 ki\u1ec7n c\u1ee7a m\u00e1y xay ng\u00f4 ng\u1ecdt<\/strong><\/h2>    <div class=\"wp-block-media-text alignwide is-stacked-on-mobile\"><figure class=\"wp-block-media-text__media\"><img loading=\"lazy\" decoding=\"async\" width=\"610\" height=\"540\" src=\"https:\/\/taizyagromachine.com\/wp-content\/uploads\/2022\/09\/plate-and-blades.webp\" alt=\"t\u1ea5m v\u00e0 l\u01b0\u1ee1i\" class=\"wp-image-3425 size-full\"\/><\/figure><div class=\"wp-block-media-text__content\"> <p class=\"translation-block\"><strong>T\u1ea5m v\u00e0 l\u01b0\u1ee1i dao<\/strong><\/p>    <p>\u0110\u00e2y l\u00e0 nh\u1eefng ph\u1ee5 ki\u1ec7n c\u1ee7a m\u00e1y b\u00f3c v\u1ecf ng\u00f4 t\u01b0\u01a1i. N\u1ebfu b\u1ea1n mu\u1ed1n c\u00f3 th\u00eam t\u00f9y ch\u1ecdn, h\u00e3y cho ch\u00fang t\u00f4i bi\u1ebft tr\u1ef1c ti\u1ebfp.<\/p> <\/div><\/div>    <h2 class=\"wp-block-heading\"><strong>Taizy Machinery: Nh\u00e0 s\u1ea3n xu\u1ea5t m\u00e1y xay ng\u00f4 t\u01b0\u01a1i \u0111\u01b0\u1ee3c t\u00edn nhi\u1ec7m<\/strong><\/h2>    <p class=\"translation-block\">L\u00e0 nh\u00e0 s\u1ea3n xu\u1ea5t v\u00e0 cung c\u1ea5p m\u00e1y n\u00f4ng nghi\u1ec7p chuy\u00ean nghi\u1ec7p, Taizy c\u00f3 m\u1ed9t lo\u1ea1t c\u00e1c m\u00e1y n\u00f4ng nghi\u1ec7p. Kh\u00f4ng ch\u1ec9 c\u00f3 m\u00e1y t\u00e1ch h\u1ea1t ng\u00f4 t\u01b0\u01a1i, m\u00e1y gieo h\u1ea1t ng\u00f4 v\u00e0 m\u00e1y thu ho\u1ea1ch ng\u00f4, m\u00e0 c\u00f2n c\u00f3 c\u00e1c m\u00e1y l\u00e0m \u0111\u1eadu ph\u1ed9ng, m\u00e1y \u1ee7 chua li\u00ean quan, v.v. Ch\u00fang t\u00f4i c\u00f3 c\u00e1c \u01b0u \u0111i\u1ec3m sau:<\/p>    <ul class=\"wp-block-list\"> <li><strong>S\u1ea3n ph\u1ea9m ch\u1ea5t l\u01b0\u1ee3ng cao<\/strong>: Taizy Machinery ch\u00fa tr\u1ecdng \u0111\u1ebfn ch\u1ea5t l\u01b0\u1ee3ng s\u1ea3n ph\u1ea9m v\u00e0 ki\u1ec3m so\u00e1t ch\u1eb7t ch\u1ebd quy tr\u00ecnh s\u1ea3n xu\u1ea5t \u0111\u1ec3 \u0111\u1ea3m b\u1ea3o \u0111\u1ed9 b\u1ec1n v\u00e0 t\u00ednh \u1ed5n \u0111\u1ecbnh v\u1ec1 hi\u1ec7u su\u1ea5t c\u1ee7a thi\u1ebft b\u1ecb. S\u1ea3n ph\u1ea9m c\u1ee7a h\u00e3ng \u0111\u01b0\u1ee3c kh\u00e1ch h\u00e0ng tin t\u01b0\u1edfng v\u00ec quy tr\u00ecnh s\u1ea3n xu\u1ea5t tuy\u1ec7t v\u1eddi, hi\u1ec7u qu\u1ea3 cao v\u00e0 tu\u1ed5i th\u1ecd l\u00e2u d\u00e0i.<\/li>    <li><strong>D\u1ecbch v\u1ee5 t\u00f9y ch\u1ec9nh<\/strong>: \u0110\u1ed1i v\u1edbi c\u00e1c nhu c\u1ea7u c\u1ee5 th\u1ec3 c\u1ee7a c\u00e1c kh\u00e1ch h\u00e0ng kh\u00e1c nhau, Taize Machinery cung c\u1ea5p c\u00e1c gi\u1ea3i ph\u00e1p t\u00f9y ch\u1ec9nh, t\u1eeb l\u1ef1a ch\u1ecdn, thi\u1ebft k\u1ebf v\u00e0 s\u1ea3n xu\u1ea5t thi\u1ebft b\u1ecb \u0111\u1ebfn l\u1eafp \u0111\u1eb7t v\u00e0 v\u1eadn h\u00e0nh, cung c\u1ea5p cho kh\u00e1ch h\u00e0ng c\u00e1c d\u1ecbch v\u1ee5 chuy\u00ean nghi\u1ec7p trong su\u1ed1t qu\u00e1 tr\u00ecnh.<\/li>    <li><strong>D\u1ecbch v\u1ee5 h\u1eadu m\u00e3i to\u00e0n di\u1ec7n<\/strong>: Ch\u00fang t\u00f4i r\u1ea5t coi tr\u1ecdng d\u1ecbch v\u1ee5 h\u1eadu m\u00e3i, cung c\u1ea5p \u0111\u1ea7y \u0111\u1ee7 c\u00e1c d\u1ecbch v\u1ee5, bao g\u1ed3m b\u1ea3o tr\u00ec thi\u1ebft b\u1ecb, h\u1ed7 tr\u1ee3 k\u1ef9 thu\u1eadt, cung c\u1ea5p linh ki\u1ec7n, nh\u1eb1m \u0111\u1ea3m b\u1ea3o nh\u1eefng v\u1ea5n \u0111\u1ec1 kh\u00e1ch h\u00e0ng g\u1eb7p ph\u1ea3i trong qu\u00e1 tr\u00ecnh s\u1eed d\u1ee5ng c\u00f3 th\u1ec3 \u0111\u01b0\u1ee3c gi\u1ea3i quy\u1ebft k\u1ecbp th\u1eddi.<\/li>    <li><strong>Uy t\u00edn v\u00e0 kinh nghi\u1ec7m<\/strong>: V\u1edbi nhi\u1ec1u n\u0103m kinh nghi\u1ec7m trong ng\u00e0nh v\u00e0 danh ti\u1ebfng t\u1ed1t tr\u00ean th\u1ecb tr\u01b0\u1eddng, Taize Machinery \u0111\u00e3 thi\u1ebft l\u1eadp \u0111\u01b0\u1ee3c c\u01a1 s\u1edf kh\u00e1ch h\u00e0ng \u1ed5n \u0111\u1ecbnh v\u00e0 m\u1ea1ng l\u01b0\u1edbi kinh doanh r\u1ed9ng kh\u1eafp, \u0111i\u1ec1u n\u00e0y \u0111\u00e3 gi\u00e0nh \u0111\u01b0\u1ee3c s\u1ef1 tin t\u01b0\u1edfng v\u00e0 khen ng\u1ee3i c\u1ee7a kh\u00e1ch h\u00e0ng.<\/li> <\/ul>    <h2 class=\"wp-block-heading\"><strong>C\u00e1c tr\u01b0\u1eddng h\u1ee3p to\u00e0n c\u1ea7u v\u1ec1 m\u00e1y tu\u1ed1t ng\u00f4 ng\u1ecdt t\u01b0\u01a1i <\/strong><\/h2>    <p class=\"translation-block\"><strong>M\u00e1y t\u00e1ch h\u1ea1t ng\u00f4 ng\u1ecdt \u0111\u00e3 b\u00e1n cho Maroc<\/strong><\/p>    <p>Kh\u00e1ch h\u00e0ng Ma-r\u1ed1c n\u00e0y c\u00f3 m\u1ed9t l\u01b0\u1ee3ng l\u1edbn ng\u00f4 n\u1ebfp ng\u1ecdt c\u1ea7n \u0111\u01b0\u1ee3c \u0111\u1eadp v\u00e0 ch\u1ebf bi\u1ebfn cho b\u01b0\u1edbc ti\u1ebfp theo trong quy tr\u00ecnh ch\u1ebf bi\u1ebfn ng\u00f4. Khi anh \u1ea5y t\u00ecm th\u1ea5y m\u00e1y b\u00f3c v\u1ecf ng\u00f4 t\u01b0\u01a1i c\u1ee7a ch\u00fang t\u00f4i tr\u00ean m\u1ea1ng, anh \u1ea5y \u0111\u00e3 g\u1eedi c\u00e2u h\u1ecfi cho ch\u00fang t\u00f4i. <\/p>    <p>Sau \u0111\u00f3, ng\u01b0\u1eddi qu\u1ea3n l\u00fd b\u00e1n h\u00e0ng chuy\u00ean nghi\u1ec7p c\u1ee7a ch\u00fang t\u00f4i \u0111\u00e3 gi\u1edbi thi\u1ec7u hai chi\u1ebfc m\u00e1y c\u1ee7a ch\u00fang t\u00f4i v\u1edbi anh \u1ea5y. Sau khi \u0111\u1ecdc th\u00f4ng tin, kh\u00e1ch h\u00e0ng Ma-r\u1ed1c quan t\u00e2m \u0111\u1ebfn lo\u1ea1i m\u00e1y ti\u1ebft ki\u1ec7m s\u1ee9c lao \u0111\u1ed9ng h\u01a1n, SL-368 v\u00e0 xem video ho\u1ea1t \u0111\u1ed9ng c\u1ee7a m\u00e1y. Cu\u1ed1i c\u00f9ng anh c\u0169ng ra l\u1ec7nh. Ch\u00fang t\u00f4i \u0111\u00f3ng g\u00f3i chi\u1ebfc m\u00e1y v\u00e0 giao n\u00f3 \u0111\u1ebfn c\u1ea3ng c\u1ee7a anh \u1ea5y.<\/p>   <div class=\"wp-block-image\"> <figure class=\"aligncenter size-full\"><img loading=\"lazy\" decoding=\"async\" width=\"720\" height=\"540\" src=\"https:\/\/taizyagromachine.com\/wp-content\/uploads\/2022\/09\/sweet-corn-sheller-machine-package.webp\" alt=\"g\u00f3i m\u00e1y b\u00f3c v\u1ecf ng\u00f4 ng\u1ecdt\" class=\"wp-image-3401\"\/><figcaption class=\"wp-element-caption\">g\u00f3i m\u00e1y b\u00f3c v\u1ecf ng\u00f4 ng\u1ecdt<\/figcaption><\/figure> <\/div>   <p class=\"translation-block\"><strong>M\u00e1y t\u00e1ch h\u1ea1t ng\u00f4 t\u01b0\u01a1i \u0111\u1ec3 b\u00e1n cho Ai C\u1eadp<\/strong><\/p>    <p>T\u1ea1i th\u1ecb tr\u01b0\u1eddng Ai C\u1eadp, m\u00e1y tu\u1ed1t ng\u00f4 t\u01b0\u01a1i c\u00f4ng nghi\u1ec7p c\u1ee7a ch\u00fang t\u00f4i \u0111\u00e3 nh\u1eadn \u0111\u01b0\u1ee3c s\u1ef1 hoan ngh\u00eanh r\u1ed9ng r\u00e3i nh\u1edd hi\u1ec7u su\u1ea5t tuy\u1ec7t v\u1eddi v\u00e0 kh\u1ea3 n\u0103ng th\u00edch \u1ee9ng. \u0110\u01b0\u1ee3c thi\u1ebft k\u1ebf \u0111\u1eb7c bi\u1ec7t cho ng\u00f4 t\u01b0\u01a1i, chi\u1ebfc m\u00e1y n\u00e0y c\u00f3 kh\u1ea3 n\u0103ng x\u1eed l\u00fd hi\u1ec7u qu\u1ea3 vi\u1ec7c b\u00f3c v\u1ecf v\u00e0 \u0111\u1eadp nhi\u1ec1u lo\u1ea1i ng\u00f4, bao g\u1ed3m c\u1ea3 ng\u00f4 n\u1ebfp. V\u1eadn h\u00e0nh \u0111\u01a1n gi\u1ea3n v\u00e0 d\u1ec5 b\u1ea3o tr\u00ec, n\u00f3 \u0111\u1ea3m b\u1ea3o quy tr\u00ecnh nhanh ch\u00f3ng v\u00e0 s\u1ea1ch s\u1ebd trong khi v\u1eabn duy tr\u00ec t\u00ednh to\u00e0n v\u1eb9n c\u1ee7a h\u1ea1t ng\u00f4. <\/p>    <figure class=\"wp-block-gallery aligncenter has-nested-images columns-default is-cropped wp-block-gallery-3 is-layout-flex wp-block-gallery-is-layout-flex\"> <figure class=\"wp-block-image size-large\"><img loading=\"lazy\" decoding=\"async\" width=\"540\" height=\"720\" data-id=\"6277\" src=\"https:\/\/taizyagromachine.com\/wp-content\/uploads\/2022\/09\/fresh-corn-sheller-with-conveyor-belt.webp\" alt=\"m\u00e1y b\u00f3c v\u1ecf ng\u00f4 t\u01b0\u01a1i v\u1edbi b\u0103ng t\u1ea3i\" class=\"wp-image-6277\"\/><figcaption class=\"wp-element-caption\">m\u00e1y b\u00f3c v\u1ecf ng\u00f4 t\u01b0\u01a1i v\u1edbi b\u0103ng t\u1ea3i<\/figcaption><\/figure>    <figure class=\"wp-block-image size-large\"><img loading=\"lazy\" decoding=\"async\" width=\"540\" height=\"720\" data-id=\"6279\" src=\"https:\/\/taizyagromachine.com\/wp-content\/uploads\/2022\/09\/sweet-corn-shelling-machine-for-sale.webp\" alt=\"C\u1ea7n b\u00e1n m\u00e1y b\u00f3c v\u1ecf ng\u00f4 ng\u1ecdt\" class=\"wp-image-6279\"\/><figcaption class=\"wp-element-caption\">C\u1ea7n b\u00e1n m\u00e1y b\u00f3c v\u1ecf ng\u00f4 ng\u1ecdt<\/figcaption><\/figure>    <figure class=\"wp-block-image size-large\"><img loading=\"lazy\" decoding=\"async\" width=\"540\" height=\"720\" data-id=\"6278\" src=\"https:\/\/taizyagromachine.com\/wp-content\/uploads\/2022\/09\/package-sweet-fresh-corn-sheller-and-threser.webp\" alt=\"g\u00f3i m\u00e1y b\u00f3c v\u1ecf ng\u00f4 t\u01b0\u01a1i ng\u1ecdt v\u00e0 m\u00e1y \u0111\u1eadp l\u00faa\" class=\"wp-image-6278\"\/><figcaption class=\"wp-element-caption\">g\u00f3i m\u00e1y b\u00f3c v\u1ecf ng\u00f4 t\u01b0\u01a1i ng\u1ecdt v\u00e0 m\u00e1y \u0111\u1eadp l\u00faa<\/figcaption><\/figure> <\/figure>    <h2 class=\"wp-block-heading\" id=\"h-faq\"><strong>C\u00e2u h\u1ecfi th\u01b0\u1eddng g\u1eb7p v\u1ec1 M\u00e1y b\u00f3c v\u1ecf ng\u00f4 t\u01b0\u01a1i\u00a0ng\u1ecdt\u00a0<\/strong><\/h2>   <div id=\"rank-math-faq\" class=\"rank-math-block\"> <div class=\"rank-math-list\"> <div id=\"faq-question-1663828057565\" class=\"rank-math-list-item\"> <h3 class=\"rank-math-question\"><strong>C\u00e2u 1: Nguy\u00ean li\u1ec7u c\u1ee7a m\u00e1y b\u00f3c v\u1ecf ng\u00f4 t\u01b0\u01a1i l\u00e0 g\u00ec?<\/strong><\/h3> <div class=\"rank-math-answer\">  <p class=\"translation-block\"><strong>A1: Ch\u1ea5t li\u1ec7u th\u00e9p kh\u00f4ng g\u1ec9 SUS304.<\/strong><\/p>  <\/div> <\/div> <div id=\"faq-question-1663828063454\" class=\"rank-math-list-item\"> <h3 class=\"rank-math-question\"><strong>C\u00e2u 2: M\u00e1y tu\u1ed1t l\u00faa n\u00e0y ph\u00f9 h\u1ee3p v\u1edbi lo\u1ea1i ng\u00f4 n\u00e0o?<\/strong><\/h3> <div class=\"rank-math-answer\">  <p>A2: Ng\u00f4 ng\u1ecdt, ng\u00f4 n\u1ebfp, ng\u00f4 t\u01b0\u01a1i, ng\u00f4 \u0103n qu\u1ea3, ng\u00f4 \u0111\u00f4ng l\u1ea1nh, v.v.<\/p>  <\/div> <\/div> <div id=\"faq-question-1663828088495\" class=\"rank-math-list-item\"> <h3 class=\"rank-math-question\"><strong>C\u00e2u 3: L\u00e0m th\u1ebf n\u00e0o v\u1ec1 vi\u1ec7c \u0111\u1ea3m b\u1ea3o ch\u1ea5t l\u01b0\u1ee3ng?<\/strong><\/h3> <div class=\"rank-math-answer\">  <p>A3: Th\u1eddi h\u1ea1n m\u1ed9t n\u0103m. Ch\u00fang t\u00f4i ch\u1ecbu tr\u00e1ch nhi\u1ec7m v\u1ec1 nh\u1eefng tr\u1ee5c tr\u1eb7c do m\u00e1y v\u00e0 ch\u1ea5t l\u01b0\u1ee3ng g\u00e2y ra. N\u1ebfu c\u00e1c tr\u1ee5c tr\u1eb7c kh\u00e1c x\u1ea3y ra do l\u1ed7i v\u1eadn h\u00e0nh, s\u1ef1 c\u1ed1 do con ng\u01b0\u1eddi g\u00e2y ra, v.v., b\u1ea1n, v\u1edbi t\u01b0 c\u00e1ch l\u00e0 kh\u00e1ch h\u00e0ng, ph\u1ea3i ch\u1ecbu tr\u00e1ch nhi\u1ec7m.<\/p>  <\/div> <\/div> <\/div> <\/div>   <h2 class=\"wp-block-heading\"><strong>Li\u00ean h\u1ec7 v\u1edbi ch\u00fang t\u00f4i \u0111\u1ec3 bi\u1ebft th\u00f4ng tin chi ti\u1ebft v\u00e0 gi\u00e1 c\u1ea3 c\u1ee7a m\u00e1y \u00e9p ng\u00f4 ng\u1ecdt t\u01b0\u01a1i!<\/strong><\/h2>    <p class=\"translation-block\">N\u1ebfu b\u1ea1n \u0111ang t\u00ecm ki\u1ebfm m\u1ed9t m\u00e1y t\u00e1ch h\u1ea1t ng\u00f4 t\u01b0\u01a1i hi\u1ec7u qu\u1ea3 v\u00e0 \u0111\u00e1ng tin c\u1eady \u0111\u1ec3 n\u00e2ng cao hi\u1ec7u qu\u1ea3 ch\u1ebf bi\u1ebfn <a href=\"https:\/\/en.wikipedia.org\/wiki\/Sweet_corn\" target=\"_blank\" rel=\"noopener\">ng\u00f4 ng\u1ecdt<\/a> t\u01b0\u01a1i c\u1ee7a m\u00ecnh, ch\u00fang t\u00f4i m\u1eddi b\u1ea1n li\u00ean h\u1ec7 v\u1edbi ch\u00fang t\u00f4i. D\u00f2ng m\u00e1y t\u00e1ch h\u1ea1t ng\u00f4 ng\u1ecdt c\u1ee7a ch\u00fang t\u00f4i bao g\u1ed3m c\u00e1c m\u1eabu m\u00e3 ph\u00f9 h\u1ee3p v\u1edbi nhi\u1ec1u nhu c\u1ea7u kh\u00e1c nhau, cho d\u00f9 \u0111\u00f3 l\u00e0 ho\u1ea1t \u0111\u1ed9ng trang tr\u1ea1i gia \u0111\u00ecnh nh\u1ecf hay s\u1ea3n xu\u1ea5t th\u01b0\u01a1ng m\u1ea1i quy m\u00f4 l\u1edbn, ch\u00fang t\u00f4i \u0111\u1ec1u c\u00f3 gi\u1ea3i ph\u00e1p d\u00e0nh cho b\u1ea1n.<\/p>","protected":false},"excerpt":{"rendered":"<p>M\u00e1y xay ng\u00f4 t\u01b0\u01a1i c\u1ee7a ch\u00fang t\u00f4i l\u00e0 m\u00e1y \u0111\u1eadp c\u00e1c lo\u1ea1i ng\u00f4 n\u1ebfp, c\u00f3 hai lo\u1ea1i SL-268 v\u00e0 SL-368. Trong b\u00e0i vi\u1ebft n\u00e0y ch\u00fang t\u00f4i m\u00f4 t\u1ea3 c\u00e1c lo\u1ea1i m\u00e1y, th\u00f4ng s\u1ed1, c\u00e2u chuy\u1ec7n th\u00e0nh c\u00f4ng, \u01b0u \u0111i\u1ec3m c\u1ee7a ch\u00fang t\u00f4i, v.v. \u0111\u1ec3 b\u1ea1n tham kh\u1ea3o v\u00e0 l\u1ef1a ch\u1ecdn.<\/p>","protected":false},"author":1,"featured_media":3388,"parent":0,"template":"","tags":[191,193,192,194],"product-type":[17],"class_list":["post-3385","product","type-product","status-publish","has-post-thumbnail","hentry","tag-corn-sheller","tag-fresh-corn-sheller","tag-maize-thresher","tag-sweet-corn-thresher","product-type-corn-machine"],"_links":{"self":[{"href":"https:\/\/taizyagromachine.com\/vi\/wp-json\/wp\/v2\/product\/3385","targetHints":{"allow":["GET"]}}],"collection":[{"href":"https:\/\/taizyagromachine.com\/vi\/wp-json\/wp\/v2\/product"}],"about":[{"href":"https:\/\/taizyagromachine.com\/vi\/wp-json\/wp\/v2\/types\/product"}],"author":[{"embeddable":true,"href":"https:\/\/taizyagromachine.com\/vi\/wp-json\/wp\/v2\/users\/1"}],"wp:featuredmedia":[{"embeddable":true,"href":"https:\/\/taizyagromachine.com\/vi\/wp-json\/wp\/v2\/media\/3388"}],"wp:attachment":[{"href":"https:\/\/taizyagromachine.com\/vi\/wp-json\/wp\/v2\/media?parent=3385"}],"wp:term":[{"taxonomy":"post_tag","embeddable":true,"href":"https:\/\/taizyagromachine.com\/vi\/wp-json\/wp\/v2\/tags?post=3385"},{"taxonomy":"product-type","embeddable":true,"href":"https:\/\/taizyagromachine.com\/vi\/wp-json\/wp\/v2\/product-type?post=3385"}],"curies":[{"name":"wp","href":"https:\/\/api.w.org\/{rel}","templated":true}]}}