{"id":3454,"date":"2022-09-21T08:14:33","date_gmt":"2022-09-21T08:14:33","guid":{"rendered":"https:\/\/taizyagromachine.com\/?post_type=product&#038;p=3454"},"modified":"2025-05-20T14:03:14","modified_gmt":"2025-05-20T06:03:14","slug":"corn-cleaning-machine","status":"publish","type":"product","link":"https:\/\/taizyagromachine.com\/vi\/product\/corn-cleaning-machine\/","title":{"rendered":"M\u00e1y l\u00e0m s\u1ea1ch ng\u00f4"},"content":{"rendered":"<p>M\u00e1y l\u00e0m s\u1ea1ch ng\u00f4 ch\u1ee7 y\u1ebfu l\u00e0m s\u1ea1ch h\u1ea1t ng\u00f4 sau khi \u0111\u00e3 tu\u1ed1t, c\u00f3 th\u1ec3 lo\u1ea1i b\u1ecf t\u1ea1p ch\u1ea5t trong ng\u00f4 v\u00e0 thu \u0111\u01b0\u1ee3c h\u1ea1t ng\u00f4 s\u1ea1ch h\u01a1n. M\u00e1y l\u00e0m s\u1ea1ch ng\u00f4 Taizy c\u00f3 nh\u1eefng \u01b0u \u0111i\u1ec3m nh\u01b0 v\u1eadn h\u00e0nh \u0111\u01a1n gi\u1ea3n, d\u1ec5 s\u1eed d\u1ee5ng v\u00e0 hi\u1ec7u su\u1ea5t cao. M\u00e1y l\u00e0m s\u1ea1ch ng\u00f4 n\u00e0y c\u00f3 th\u1ec3 lo\u1ea1i b\u1ecf c\u00e1t, \u0111\u00e1 nh\u1ecf, l\u00f5i ng\u00f4, v.v. \u0111\u1ec3 thu \u0111\u01b0\u1ee3c h\u1ea1t ng\u00f4 s\u1ea1ch. Nh\u1edd \u0111\u00f3, b\u1ea1n c\u00f3 th\u1ec3 b\u1ea3o qu\u1ea3n ng\u00f4 l\u00e2u h\u01a1n. V\u00ec v\u1eady, n\u1ebfu b\u1ea1n quan t\u00e2m, h\u00e3y li\u00ean h\u1ec7 v\u1edbi ch\u00fang t\u00f4i ngay l\u1eadp t\u1ee9c!<\/p>    <figure class=\"wp-block-embed is-type-video is-provider-youtube wp-block-embed-youtube wp-embed-aspect-16-9 wp-has-aspect-ratio\"><div class=\"wp-block-embed__wrapper\"> <iframe loading=\"lazy\" title=\"M\u00e1y l\u00e0m s\u1ea1ch ng\u00f4 hi\u1ec7u qu\u1ea3 cho ch\u1ebf bi\u1ebfn ng\u00f4 | M\u00e1y l\u00e0m s\u1ea1ch ng\u00f4 \u0111\u01b0\u1ee3c s\u1eed d\u1ee5ng trong vi\u1ec7c l\u00e0m s\u1ea1ch m\u00e0n s\u00e0ng ng\u0169 c\u1ed1c\" width=\"500\" height=\"281\" src=\"https:\/\/www.youtube.com\/embed\/y8_33pFPUaI?feature=oembed\" frameborder=\"0\" allow=\"accelerometer; autoplay; clipboard-write; encrypted-media; gyroscope; picture-in-picture; web-share\" referrerpolicy=\"strict-origin-when-cross-origin\" allowfullscreen><\/iframe> <\/div><figcaption class=\"wp-element-caption\">video v\u1ec1 m\u00e1y l\u00e0m s\u1ea1ch ng\u00f4<\/figcaption><\/figure>    <h2 class=\"wp-block-heading\"><strong>C\u1ea5u t\u1ea1o thi\u1ebft b\u1ecb l\u00e0m s\u1ea1ch ng\u00f4<\/strong><\/h2>    <p>Th\u1ef1c ra chi\u1ebfc m\u00e1y l\u00e0m s\u1ea1ch ng\u00f4 n\u00e0y c\u00f3 c\u1ea5u t\u1ea1o r\u1ea5t \u0111\u01a1n gi\u1ea3n. Th\u00e0nh ph\u1ea7n c\u1ee7a n\u00f3 bao g\u1ed3m \u0111\u1ea7u v\u00e0o ng\u00f4, \u0111\u1ea7u ra ng\u00f4, \u0111\u1ea7u ra t\u1ea1p ch\u1ea5t, \u0111\u1ea7u ra c\u00e1t, \u0111\u1ea7u ra \u0111\u00e1, qu\u1ea1t, \u0111\u1ed9ng c\u01a1 v\u00e0 d\u00e2y \u0111ai. T\u1eeb \u0111\u00f3, b\u1ea1n c\u00f3 th\u1ec3 d\u1ec5 d\u00e0ng hi\u1ec3u r\u00f5 v\u1ec1 m\u00e1y v\u00e0 s\u1eed d\u1ee5ng m\u00e1y t\u1ed1t &amp; nhanh ch\u00f3ng. <\/p>    <figure class=\"wp-block-gallery aligncenter has-nested-images columns-default is-cropped wp-block-gallery-2 is-layout-flex wp-block-gallery-is-layout-flex\"> <figure class=\"wp-block-image size-full\"><img loading=\"lazy\" decoding=\"async\" width=\"720\" height=\"540\" data-id=\"3464\" src=\"https:\/\/taizyagromachine.com\/wp-content\/uploads\/2022\/09\/structure-of-the-maize-cleaner.webp\" alt=\"c\u1ea5u tr\u00fac c\u1ee7a ng\u00f4-s\u1ea1ch h\u01a1n\" class=\"wp-image-3464\"\/><figcaption class=\"wp-element-caption\">c\u1ea5u tr\u00fac c\u1ee7a m\u00e1y l\u00e0m s\u1ea1ch ng\u00f4<\/figcaption><\/figure>    <figure class=\"wp-block-image size-full\"><img loading=\"lazy\" decoding=\"async\" width=\"720\" height=\"540\" data-id=\"3463\" src=\"https:\/\/taizyagromachine.com\/wp-content\/uploads\/2022\/09\/structure-of-the-corn-cleaner.webp\" alt=\"c\u1ea5u tr\u00fac c\u1ee7a ng\u00f4-s\u1ea1ch h\u01a1n\" class=\"wp-image-3463\"\/><figcaption class=\"wp-element-caption\">c\u1ea5u tr\u00fac c\u1ee7a m\u00e1y l\u00e0m s\u1ea1ch ng\u00f4<\/figcaption><\/figure> <\/figure>    <h2 class=\"wp-block-heading\"><strong>\u01afu \u0111i\u1ec3m c\u1ee7a m\u00e1y l\u00e0m s\u1ea1ch ng\u00f4<\/strong><\/h2>    <ol class=\"wp-block-list\"> <li>C\u1ea5u tr\u00fac \u0111\u01a1n gi\u1ea3n, d\u1ec5 s\u1eed d\u1ee5ng v\u00e0 ch\u1ea5t l\u01b0\u1ee3ng t\u1ed1t.<\/li>    <li>Hi\u1ec7u su\u1ea5t \u1ed5n \u0111\u1ecbnh, si\u00eau ch\u1ea5t l\u01b0\u1ee3ng v\u00e0 tu\u1ed5i th\u1ecd d\u00e0i.<\/li>    <li>Tr\u1ecdng l\u01b0\u1ee3ng nh\u1eb9 v\u00e0 kh\u1ed1i l\u01b0\u1ee3ng nh\u1ecf. <\/li>    <li>Ti\u00eau th\u1ee5 n\u0103ng l\u01b0\u1ee3ng th\u1ea5p, ti\u1ebft ki\u1ec7m \u0111i\u1ec7n n\u0103ng.<\/li>    <li>Ngo\u1ea1i h\u00ecnh \u0111\u1eb9p, s\u1ef1 k\u1ebft h\u1ee3p m\u1ea1nh m\u1ebd.<\/li>    <li>M\u1ee9c \u0111\u1ed9 t\u1ef1 \u0111\u1ed9ng h\u00f3a cao.<\/li>    <li>L\u00e0 th\u01b0\u01a1ng hi\u1ec7u n\u1ed5i ti\u1ebfng, m\u00e1y l\u00e0m s\u1ea1ch ng\u00f4 \u0111\u01b0\u1ee3c s\u1ea3n xu\u1ea5t b\u1edfi Taizy Machinery.<\/li> <\/ol>    <h2 class=\"wp-block-heading\"><strong>Tr\u01b0\u1eddng h\u1ee3p th\u00e0nh c\u00f4ng: M\u00e1y l\u00e0m s\u1ea1ch ng\u00f4 400-600kg \u0111\u01b0\u1ee3c xu\u1ea5t kh\u1ea9u sang Angola<\/strong><\/h2>    <p class=\"translation-block\">Kh\u00e1ch h\u00e0ng t\u1eeb Angola mu\u1ed1n l\u00e0m s\u1ea1ch ng\u00f4 \u0111\u1ec3 \u0111\u1ea3m b\u1ea3o ch\u1ea5t l\u01b0\u1ee3ng h\u1ea1t, cho d\u00f9 l\u00e0 \u0111\u1ec3 b\u00e1n hay \u0111\u1ec3 l\u01b0u tr\u1eef. Do \u0111\u00f3, khi th\u1ea5y ch\u00fang t\u00f4i b\u00e1n c\u00e1c <a href=\"https:\/\/taizyagromachine.com\/vi\/product\/corn-machine\/\" target=\"_blank\" rel=\"noreferrer noopener\">m\u00e1y l\u00e0m ng\u00f4<\/a> c\u00f3 li\u00ean quan, \u00f4ng \u1ea5y \u0111\u00e3 h\u1ecfi li\u1ec7u ch\u00fang t\u00f4i c\u00f3 lo\u1ea1i m\u00e1y n\u00e0y kh\u00f4ng. Ch\u00fang t\u00f4i bi\u1ebft r\u1eb1ng sau khi ng\u00f4 \u0111\u01b0\u1ee3c t\u00e1ch h\u1ea1t b\u1eb1ng <a href=\"https:\/\/taizyagromachine.com\/vi\/product\/maize-thresher\/\" target=\"_blank\" rel=\"noreferrer noopener\">m\u00e1y t\u00e1ch h\u1ea1t ng\u00f4<\/a>, v\u1eabn c\u00f2n nhi\u1ec1u t\u1ea1p ch\u1ea5t trong ng\u00f4 (nh\u01b0 r\u00e2u ng\u00f4, l\u00f5i ng\u00f4, s\u1ecfi nh\u1ecf, v.v.). Do \u0111\u00f3, ng\u00f4 c\u1ea7n \u0111\u01b0\u1ee3c l\u00e0m s\u1ea1ch th\u00eam. Gi\u00e1m \u0111\u1ed1c b\u00e1n h\u00e0ng c\u1ee7a ch\u00fang t\u00f4i \u0111\u00e3 gi\u1edbi thi\u1ec7u m\u00e1y l\u00e0m s\u1ea1ch ng\u00f4 n\u00e0y cho \u00f4ng \u1ea5y, g\u1eedi th\u00f4ng tin v\u1ec1 m\u00e1y (th\u00f4ng s\u1ed1 k\u1ef9 thu\u1eadt, h\u00ecnh \u1ea3nh, video l\u00e0m vi\u1ec7c, c\u1ea5u h\u00ecnh, v.v.). Kh\u00e1ch h\u00e0ng Angola \u0111\u00e3 h\u00e0i l\u00f2ng v\u1edbi m\u00e1y v\u00e0 \u0111\u1eb7t h\u00e0ng ngay l\u1eadp t\u1ee9c.<\/p>   <div class=\"wp-block-image\"> <figure class=\"aligncenter size-full\"><img loading=\"lazy\" decoding=\"async\" width=\"720\" height=\"540\" src=\"https:\/\/taizyagromachine.com\/wp-content\/uploads\/2022\/09\/corn-cleaning-equipment.webp\" alt=\"thi\u1ebft b\u1ecb l\u00e0m s\u1ea1ch ng\u00f4\" class=\"wp-image-3477\"\/><figcaption class=\"wp-element-caption\">thi\u1ebft b\u1ecb l\u00e0m s\u1ea1ch ng\u00f4<\/figcaption><\/figure> <\/div>   <h2 class=\"wp-block-heading\"><strong>C\u00e1c th\u00f4ng s\u1ed1 c\u1ee7a m\u00e1y l\u00e0m s\u1ea1ch h\u1ea1t ng\u00f4<\/strong><\/h2>    <figure class=\"wp-block-table\"><table><tbody><tr><td>Ng\u01b0\u1eddi m\u1eabu<\/td><td>TY-57<\/td><td>TY-100<\/td><\/tr><tr><td>Dung t\u00edch<\/td><td>400-600kg<\/td><td>800-1200kg<\/td><\/tr><tr><td>S\u1ee9c m\u1ea1nh h\u1ed7 tr\u1ee3<\/td><td>3kW<\/td><td>4kW<\/td><\/tr><tr><td>K\u00edch th\u01b0\u1edbc (L * W * H)<\/td><td>1,7 * 0,8 * 2,9m<\/td><td>1,9 * 1 * 3m<\/td><\/tr><tr><td>C\u00e2n n\u1eb7ng<\/td><td>300kg<\/td><td>\/<\/td><\/tr><\/tbody><\/table><\/figure>    <h2 class=\"wp-block-heading\"><strong>C\u00e2u h\u1ecfi th\u01b0\u1eddng g\u1eb7p v\u1ec1 m\u00e1y l\u00e0m s\u1ea1ch ng\u00f4<\/strong><\/h2>   <div id=\"rank-math-faq\" class=\"rank-math-block\"> <div class=\"rank-math-list\"> <div id=\"faq-question-1663750458497\" class=\"rank-math-list-item\"> <h3 class=\"rank-math-question\">C\u00e2u 1: M\u00e1y l\u00e0m s\u1ea1ch ng\u00f4 n\u00e0y ch\u1ec9 ph\u00f9 h\u1ee3p v\u1edbi ng\u00f4 ph\u1ea3i kh\u00f4ng?<\/h3> <div class=\"rank-math-answer\">  <p>A1: V\u00e2ng, \u0111\u00fang v\u1eady. Thi\u1ebft b\u1ecb l\u00e0m s\u1ea1ch ng\u00f4 n\u00e0y ch\u1ec9 c\u00f3 th\u1ec3 \u0111\u01b0\u1ee3c s\u1eed d\u1ee5ng cho ng\u00f4. N\u1ebfu b\u1ea1n mu\u1ed1n l\u00e0m s\u1ea1ch l\u00faa m\u00ec, k\u00ea, v.v., ch\u00fang t\u00f4i c\u00f3 th\u1ec3 gi\u1edbi thi\u1ec7u lo\u1ea1i ch\u1ea5t t\u1ea9y r\u1eeda ph\u00f9 h\u1ee3p cho b\u1ea1n, vui l\u00f2ng li\u00ean h\u1ec7 v\u1edbi ch\u00fang t\u00f4i v\u00e0 cho ch\u00fang t\u00f4i bi\u1ebft b\u1ea1n c\u1ea7n g\u00ec.  <\/p>  <\/div> <\/div> <div id=\"faq-question-1663750592473\" class=\"rank-math-list-item\"> <h3 class=\"rank-math-question\">C\u00e2u 2: H\u1ec7 th\u1ed1ng \u0111i\u1ec7n c\u1ee7a m\u00e1y l\u00e0 g\u00ec?<\/h3> <div class=\"rank-math-answer\">  <p>A2: Th\u00f4ng th\u01b0\u1eddng, ch\u00fang t\u00f4i s\u1eed d\u1ee5ng \u0111\u1ed9ng c\u01a1 cho m\u00e1y l\u00e0m s\u1ea1ch ng\u00f4 \u0111\u1ec3 b\u00e1n.<\/p>  <\/div> <\/div> <div id=\"faq-question-1663750758008\" class=\"rank-math-list-item\"> <h3 class=\"rank-math-question\">C\u00e2u 3: L\u00e0m th\u1ebf n\u00e0o \u0111\u1ec3 giao h\u00e0ng \u0111\u1ebfn \u0111i\u1ec3m \u0111\u1ebfn c\u1ee7a t\u00f4i?<\/h3> <div class=\"rank-math-answer\">  <p>A3: N\u00f3i chung, ch\u00fang t\u00f4i s\u1eed d\u1ee5ng l\u00f4 h\u00e0ng. N\u1ebfu b\u1ea1n c\u00f3 nhu c\u1ea7u kh\u00e1c, ch\u1ec9 c\u1ea7n cho ch\u00fang t\u00f4i bi\u1ebft. Ch\u00fang t\u00f4i c\u1ed1 g\u1eafng h\u1ebft s\u1ee9c \u0111\u1ec3 l\u00e0m h\u00e0i l\u00f2ng b\u1ea1n.<\/p>  <\/div> <\/div> <\/div> <\/div>   <h2 class=\"wp-block-heading\"><strong>Video ho\u1ea1t \u0111\u1ed9ng c\u1ee7a m\u00e1y l\u00e0m s\u1ea1ch ng\u00f4<\/strong><\/h2>    <figure class=\"wp-block-embed is-type-video is-provider-youtube wp-block-embed-youtube wp-embed-aspect-16-9 wp-has-aspect-ratio\"><div class=\"wp-block-embed__wrapper\"> <iframe loading=\"lazy\" title=\"M\u00e1y l\u00e0m s\u1ea1ch ng\u00f4 hi\u1ec7u qu\u1ea3 | Thi\u1ebft b\u1ecb l\u00e0m s\u1ea1ch ng\u00f4 |M\u00e1y l\u00e0m s\u1ea1ch ng\u00f4 t\u1eeb Taizy, 2022 #corn\" width=\"500\" height=\"281\" src=\"https:\/\/www.youtube.com\/embed\/M8XF9pRwodI?feature=oembed\" frameborder=\"0\" allow=\"accelerometer; autoplay; clipboard-write; encrypted-media; gyroscope; picture-in-picture; web-share\" referrerpolicy=\"strict-origin-when-cross-origin\" allowfullscreen><\/iframe> <\/div><\/figure>","protected":false},"excerpt":{"rendered":"<p>The corn cleaning machine mainly cleans the corn kernels after threshing, which can remove the impurities in the corn and get a cleaner corn seed. Taizy corn cleaner has the advantages of simple operation, easy use, and high efficiency. This maize cleaner can remove sand, small stones, corn cobs, etc. for getting clean corn seeds. [&hellip;]<\/p>\n","protected":false},"author":1,"featured_media":3455,"parent":0,"template":"","tags":[196,195],"product-type":[17],"class_list":["post-3454","product","type-product","status-publish","has-post-thumbnail","hentry","tag-corn-cleaning-machine","tag-corn-thresher","product-type-corn-machine"],"_links":{"self":[{"href":"https:\/\/taizyagromachine.com\/vi\/wp-json\/wp\/v2\/product\/3454","targetHints":{"allow":["GET"]}}],"collection":[{"href":"https:\/\/taizyagromachine.com\/vi\/wp-json\/wp\/v2\/product"}],"about":[{"href":"https:\/\/taizyagromachine.com\/vi\/wp-json\/wp\/v2\/types\/product"}],"author":[{"embeddable":true,"href":"https:\/\/taizyagromachine.com\/vi\/wp-json\/wp\/v2\/users\/1"}],"wp:featuredmedia":[{"embeddable":true,"href":"https:\/\/taizyagromachine.com\/vi\/wp-json\/wp\/v2\/media\/3455"}],"wp:attachment":[{"href":"https:\/\/taizyagromachine.com\/vi\/wp-json\/wp\/v2\/media?parent=3454"}],"wp:term":[{"taxonomy":"post_tag","embeddable":true,"href":"https:\/\/taizyagromachine.com\/vi\/wp-json\/wp\/v2\/tags?post=3454"},{"taxonomy":"product-type","embeddable":true,"href":"https:\/\/taizyagromachine.com\/vi\/wp-json\/wp\/v2\/product-type?post=3454"}],"curies":[{"name":"wp","href":"https:\/\/api.w.org\/{rel}","templated":true}]}}