{"id":3644,"date":"2022-10-11T13:50:29","date_gmt":"2022-10-11T05:50:29","guid":{"rendered":"https:\/\/taizyagromachine.com\/?post_type=product&#038;p=3644"},"modified":"2025-01-02T13:53:27","modified_gmt":"2025-01-02T05:53:27","slug":"corn-threshing-machine","status":"publish","type":"product","link":"https:\/\/taizyagromachine.com\/vi\/product\/corn-threshing-machine\/","title":{"rendered":"M\u00e1y tu\u1ed1t ng\u00f4 \u0111a ch\u1ee9c n\u0103ng"},"content":{"rendered":"<p class=\"translation-block\">M\u00e1y t\u00e1ch h\u1ea1t ng\u00f4 Taizy th\u1ef1c ch\u1ea5t thu\u1ed9c lo\u1ea1i <a href=\"https:\/\/taizyagromachine.com\/vi\/product\/multifunctional-thresher\/\" target=\"_blank\" rel=\"noreferrer noopener\">m\u00e1y t\u00e1ch h\u1ea1t \u0111a n\u0103ng<\/a>, d\u00f9ng \u0111\u1ec3 t\u00e1ch h\u1ea1t ng\u00f4, l\u00faa mi\u1ebfn, k\u00ea v\u00e0 \u0111\u1eadu t\u01b0\u01a1ng. M\u00e1y t\u00e1ch h\u1ea1t \u0111a n\u0103ng c\u00f3 th\u1ec3 s\u1eed d\u1ee5ng \u0111\u1ed9ng c\u01a1 \u0111i\u1ec7n, \u0111\u1ed9ng c\u01a1 diesel v\u00e0 PTO l\u00e0m h\u1ec7 th\u1ed1ng n\u0103ng l\u01b0\u1ee3ng. Ngo\u00e0i ra, m\u00e1y t\u00e1ch h\u1ea1t ng\u00f4 b\u00e1n c\u00f3 th\u1ec3 trang b\u1ecb b\u00e1nh l\u1ed1p l\u1edbn, \u0111\u01b0\u1ee3c kh\u00e1ch h\u00e0ng ch\u00e2u Phi \u01b0a chu\u1ed9ng. <\/p>    <p class=\"translation-block\">Ngo\u00e0i ra, m\u00e1y t\u00e1ch h\u1ea1t \u0111a n\u0103ng c\u1ee7a ch\u00fang t\u00f4i r\u1ea5t ph\u1ed5 bi\u1ebfn trong v\u00e0 ngo\u00e0i n\u01b0\u1edbc. Ch\u00fang t\u00f4i \u0111\u00e3 xu\u1ea5t kh\u1ea9u sang nhi\u1ec1u qu\u1ed1c gia, ch\u1eb3ng h\u1ea1n nh\u01b0 Nigeria, Botswana, Uganda, Hoa K\u1ef3, Bangladesh, <a href=\"https:\/\/taizyagromachine.com\/vi\/info\/corn-sheller-machine-ghana\/\" target=\"_blank\" rel=\"noreferrer noopener\">Ghana<\/a>, v.v. N\u1ebfu b\u1ea1n quan t\u00e2m, vui l\u00f2ng li\u00ean h\u1ec7 v\u1edbi ch\u00fang t\u00f4i \u0111\u1ec3 bi\u1ebft th\u00eam chi ti\u1ebft!<\/p>    <h2 class=\"wp-block-heading\"><strong>C\u00e1c lo\u1ea1i m\u00e1y tu\u1ed1t ng\u00f4 <\/strong><\/h2>    <p class=\"translation-block\">L\u00e0 <a href=\"https:\/\/taizyagromachine.com\/vi\/about-us\/\" target=\"_blank\" rel=\"noreferrer noopener\">nh\u00e0 s\u1ea3n xu\u1ea5t v\u00e0 cung c\u1ea5p m\u00e1y t\u00e1ch h\u1ea1t ng\u00f4 chuy\u00ean nghi\u1ec7p<\/a>, ch\u00fang t\u00f4i c\u00f3 c\u00e1c ki\u1ec3u d\u00e1ng m\u00e1y kh\u00e1c nhau \u0111\u1ec3 b\u1ea1n tham kh\u1ea3o. D\u01b0\u1edbi \u0111\u00e2y l\u00e0 ba lo\u1ea1i: lo\u1ea1i ph\u1ed5 th\u00f4ng, lo\u1ea1i PTO v\u1edbi b\u00e1nh l\u1ed1p l\u1edbn v\u00e0 lo\u1ea1i \u0111\u1ed9ng c\u01a1 diesel v\u1edbi b\u00e1nh l\u1ed1p l\u1edbn. T\u1ea5t nhi\u00ean, b\u1ea1n c\u0169ng c\u00f3 th\u1ec3 ch\u1ecdn \u0111\u1ed9ng c\u01a1 \u0111i\u1ec7n l\u00e0m ngu\u1ed3n n\u0103ng l\u01b0\u1ee3ng. N\u00f3 ph\u1ee5 thu\u1ed9c v\u00e0o nh\u1eefng g\u00ec b\u1ea1n th\u00edch. <\/p>    <figure class=\"wp-block-gallery aligncenter has-nested-images columns-default is-cropped wp-block-gallery-2 is-layout-flex wp-block-gallery-is-layout-flex\"> <figure class=\"wp-block-image size-large\"><img loading=\"lazy\" decoding=\"async\" width=\"720\" height=\"540\" data-id=\"3648\" src=\"https:\/\/taizyagromachine.com\/wp-content\/uploads\/2022\/10\/corn-thresher-for-sale.webp\" alt=\"m\u00e1y tu\u1ed1t ng\u00f4 \u0111\u1ec3 b\u00e1n\" class=\"wp-image-3648\"\/><figcaption class=\"wp-element-caption\">m\u00e1y tu\u1ed1t ng\u00f4 \u0111\u1ec3 b\u00e1n<\/figcaption><\/figure>    <figure class=\"wp-block-image size-large\"><img loading=\"lazy\" decoding=\"async\" width=\"720\" height=\"540\" data-id=\"3650\" src=\"https:\/\/taizyagromachine.com\/wp-content\/uploads\/2022\/10\/corn-threshing-machine-with-PTO-and-tire.webp\" alt=\"m\u00e1y tu\u1ed1t ng\u00f4 c\u00f3 PTO v\u00e0 l\u1ed1p\" class=\"wp-image-3650\"\/><figcaption class=\"wp-element-caption\">m\u00e1y tu\u1ed1t ng\u00f4 c\u00f3 PTO v\u00e0 l\u1ed1p<\/figcaption><\/figure>    <figure class=\"wp-block-image size-large\"><img loading=\"lazy\" decoding=\"async\" width=\"720\" height=\"540\" data-id=\"3649\" src=\"https:\/\/taizyagromachine.com\/wp-content\/uploads\/2022\/10\/maize-thresher-with-the-diesel-engine-and-tire-.webp\" alt=\"m\u00e1y tu\u1ed1t ng\u00f4 v\u1edbi \u0111\u1ed9ng c\u01a1 diesel v\u00e0 l\u1ed1p xe\" class=\"wp-image-3649\"\/><figcaption class=\"wp-element-caption\">m\u00e1y tu\u1ed1t ng\u00f4 v\u1edbi \u0111\u1ed9ng c\u01a1 diesel v\u00e0 l\u1ed1p <\/figcaption><\/figure> <\/figure>    <h2 class=\"wp-block-heading\"><strong>\u1ee8ng d\u1ee5ng c\u1ee7a m\u00e1y tu\u1ed1t ng\u00f4 \u0111a h\u1ea1t 5T-1000<\/strong><\/h2>    <div class=\"wp-block-media-text alignwide is-stacked-on-mobile\"><figure class=\"wp-block-media-text__media\"><img loading=\"lazy\" decoding=\"async\" width=\"540\" height=\"600\" src=\"https:\/\/taizyagromachine.com\/wp-content\/uploads\/2022\/10\/applications-of-the-mutifunctional-thresher-machine.webp\" alt=\"\u1ee9ng d\u1ee5ng c\u1ee7a m\u00e1y tu\u1ed1t l\u00faa \u0111a ch\u1ee9c n\u0103ng\" class=\"wp-image-3656 size-full\"\/><\/figure><div class=\"wp-block-media-text__content\"> <p>Do c\u00f3 nhi\u1ec1u ch\u1ee9c n\u0103ng n\u00ean lo\u1ea1i m\u00e1y tu\u1ed1t ng\u00f4 n\u00e0y ch\u1ee7 y\u1ebfu d\u00f9ng \u0111\u1ec3 l\u00e0m ng\u00f4, l\u00faa mi\u1ebfn, k\u00ea v\u00e0 \u0111\u1eadu n\u00e0nh. Ngo\u00e0i ra, n\u00f3 c\u00f2n d\u00f9ng \u0111\u1ec3 \u0111\u1eadp \u0111\u1eadu r\u1ed9ng, k\u00ea ng\u1ecdc trai, g\u1ea1o, l\u00faa m\u00ec, \u0111\u1eadu xanh, v.v. <\/p> <\/div><\/div>    <h2 class=\"wp-block-heading\"><strong>C\u1ea5u tr\u00fac c\u1ee7a <a href=\"https:\/\/cornmachines.com\/multifunctional-thresher-machine\/\" target=\"_blank\" rel=\"noreferrer noopener\">C\u1ea7n b\u00e1n m\u00e1y \u0111\u1eadp ng\u00f4 \u0111a ch\u1ee9c n\u0103ng<\/a><\/strong><\/h2>    <p>C\u1ea5u tr\u00fac c\u1ee7a n\u00f3 r\u1ea5t r\u00f5 r\u00e0ng trong h\u00ecnh d\u01b0\u1edbi \u0111\u00e2y. M\u00e1y tu\u1ed1t ng\u00f4 \u0111\u01b0\u1ee3c c\u1ea5u t\u1ea1o t\u1eeb \u0111\u1ea7u v\u00e0o, \u0111\u1ea7u ra, qu\u1ea1t \u0111\u00f4i, b\u00e1nh xe l\u1edbn, b\u1ed9 ph\u1eadn gi\u1eef v\u00e0 h\u1ec7 th\u1ed1ng \u0111i\u1ec7n (PTO). B\u1ea1n n\u00ean ch\u00fa \u00fd m\u00e1y n\u00e0y c\u00f3 3 s\u00e0ng v\u00e0 2 qu\u1ea1t n\u00ean ng\u00f4 s\u1ebd s\u1ea1ch h\u01a1n.<\/p>   <div class=\"wp-block-image\"> <figure class=\"aligncenter size-full\"><img loading=\"lazy\" decoding=\"async\" width=\"720\" height=\"540\" src=\"https:\/\/taizyagromachine.com\/wp-content\/uploads\/2022\/10\/structure-of-the-corn-thresher-machine.webp\" alt=\"c\u1ea5u t\u1ea1o c\u1ee7a m\u00e1y tu\u1ed1t ng\u00f4\" class=\"wp-image-3658\"\/><figcaption class=\"wp-element-caption\">c\u1ea5u t\u1ea1o c\u1ee7a m\u00e1y tu\u1ed1t ng\u00f4<\/figcaption><\/figure> <\/div>   <h2 class=\"wp-block-heading\"><strong>\u0110i\u1ec1u g\u00ec \u1ea3nh h\u01b0\u1edfng \u0111\u1ebfn gi\u00e1 m\u00e1y tu\u1ed1t ng\u00f4?<\/strong><\/h2>    <ul class=\"wp-block-list\"> <li><strong>C\u1ea5u h\u00ecnh m\u00e1y<\/strong>. N\u00f3 r\u1ea5t d\u1ec5 hi\u1ec3u. N\u1ebfu b\u1ea1n mu\u1ed1n mua m\u1ed9t chi\u1ebfc m\u00e1y tu\u1ed1t ng\u00f4 kh\u00f4ng c\u00f3 l\u1ed1p th\u00ec ph\u1ea3i r\u1ebb h\u01a1n nhi\u1ec1u so v\u1edbi m\u1ed9t chi\u1ebfc m\u00e1y c\u00f3 l\u1ed1p l\u1edbn.<\/li>    <li><strong>H\u1ec7 th\u1ed1ng \u0111i\u1ec7n m\u00e1y<\/strong>. V\u00ec lo\u1ea1i m\u00e1y tu\u1ed1t ng\u00f4 \u0111a n\u0103ng n\u00e0y c\u00f3 th\u1ec3 s\u1eed d\u1ee5ng 3 c\u00f4ng su\u1ea5t n\u00ean m\u1ed7i lo\u1ea1i c\u00f3 m\u1ed9t m\u1ee9c gi\u00e1 kh\u00e1c nhau. <\/li>    <li><strong>Kho\u1ea3ng c\u00e1ch giao h\u00e0ng<\/strong>. Khi b\u1ea1n mu\u1ed1n g\u1eedi n\u00f3 \u0111\u1ebfn Nigeria ho\u1eb7c g\u1eedi n\u00f3 \u0111\u1ebfn Ghana, kho\u1ea3ng c\u00e1ch c\u1ee7a h\u1ecd l\u00e0 kh\u00e1c nhau. T\u1ea5t nhi\u00ean, ph\u00ed v\u1eadn chuy\u1ec3n l\u00e0 kh\u00e1c nhau.<\/li> <\/ul>    <h2 class=\"wp-block-heading\"><strong>\u01afu \u0111i\u1ec3m c\u1ee7a m\u00e1y tu\u1ed1t l\u00faa \u0111a ch\u1ee9c n\u0103ng<\/strong><\/h2>    <ol class=\"wp-block-list\"> <li>Ba h\u1ec7 th\u1ed1ng \u0111i\u1ec7n: PTO, \u0111\u1ed9ng c\u01a1 diesel v\u00e0 \u0111\u1ed9ng c\u01a1 \u0111i\u1ec7n.<\/li>    <li>L\u1ed1p v\u00e0 khung to, d\u1ec5 di chuy\u1ec3n.<\/li>    <li>\u0110a ch\u1ee9c n\u0103ng: \u0111\u01b0\u1ee3c s\u1eed d\u1ee5ng \u0111\u1ec3 \u0111\u1eadp ng\u00f4, l\u00faa mi\u1ebfn, k\u00ea v\u00e0 \u0111\u1eadu n\u00e0nh. <\/li>    <li>Hi\u1ec7u su\u1ea5t cao, t\u00f9y ch\u1ecdn ngu\u1ed3n \u0111i\u1ec7n linh ho\u1ea1t.<\/li> <\/ol>    <h2 class=\"wp-block-heading\"><strong>Tr\u01b0\u1eddng h\u1ee3p th\u00e0nh c\u00f4ng: M\u00e1y tu\u1ed1t ng\u00f4 \u0111a ch\u1ee9c n\u0103ng c\u1ee1 l\u1edbn \u0111\u01b0\u1ee3c b\u00e1n cho Bangladesh<\/strong><\/h2>    <div class=\"wp-block-media-text alignwide is-stacked-on-mobile\"><figure class=\"wp-block-media-text__media\"><img loading=\"lazy\" decoding=\"async\" width=\"540\" height=\"600\" src=\"https:\/\/taizyagromachine.com\/wp-content\/uploads\/2022\/10\/package.webp\" alt=\"b\u01b0u ki\u1ec7n\" class=\"wp-image-3659 size-full\"\/><\/figure><div class=\"wp-block-media-text__content\"> <p>Kh\u00e1ch h\u00e0ng ng\u01b0\u1eddi Bangladesh \u0111ang t\u00ecm mua m\u1ed9t chi\u1ebfc m\u00e1y tu\u1ed1t ng\u00f4 v\u00e0 \u0111\u00e3 li\u00ean h\u1ec7 v\u1edbi ch\u00fang t\u00f4i sau khi nh\u00ecn th\u1ea5y chi\u1ebfc m\u00e1y c\u1ee7a ch\u00fang t\u00f4i khi t\u00ecm ki\u1ebfm tr\u1ef1c tuy\u1ebfn.<\/p>    <p>Trong khi duy\u1ec7t trang web c\u1ee7a ch\u00fang t\u00f4i, anh \u1ea5y \u0111\u00e3 nh\u00ecn th\u1ea5y chi\u1ebfc m\u00e1y \u0111a ch\u1ee9c n\u0103ng n\u00e0y v\u00e0 c\u00e0ng quan t\u00e2m h\u01a1n \u0111\u1ebfn n\u00f3. V\u00e0 qua s\u1ef1 gi\u1edbi thi\u1ec7u c\u1ee7a gi\u00e1m \u0111\u1ed1c b\u00e1n h\u00e0ng Anna c\u1ee7a ch\u00fang t\u00f4i, anh \u1ea5y bi\u1ebft r\u1eb1ng chi\u1ebfc m\u00e1y n\u00e0y \u0111a ch\u1ee9c n\u0103ng v\u00e0 mu\u1ed1n mua n\u00f3 nhi\u1ec1u h\u01a1n n\u1eefa.<\/p>    <p>Cu\u1ed1i c\u00f9ng, kh\u00e1ch h\u00e0ng Bangladesh \u0111\u00e3 \u0111\u1eb7t mua m\u1ed9t chi\u1ebfc m\u00e1y tu\u1ed1t l\u00faa m\u00e0u \u0111\u1ecf c\u00f3 b\u00e1nh xe l\u1edbn.<\/p> <\/div><\/div>    <h2 class=\"wp-block-heading\"><strong>Video ho\u1ea1t \u0111\u1ed9ng c\u1ee7a m\u00e1y tu\u1ed1t ng\u00f4 c\u1ee1 l\u1edbn<\/strong><\/h2>    <figure class=\"wp-block-embed is-type-video is-provider-youtube wp-block-embed-youtube wp-embed-aspect-16-9 wp-has-aspect-ratio\"><div class=\"wp-block-embed__wrapper\"> <iframe loading=\"lazy\" title=\"M\u00e1y tu\u1ed1t ng\u0169 c\u1ed1c \u0111a ch\u1ee9c n\u0103ng l\u1edbn cho ng\u00f4\/ng\u00f4, l\u00faa mi\u1ebfn, \u0111\u1eadu n\u00e0nh, k\u00ea, g\u1ea1o, l\u00faa m\u00ec\" width=\"500\" height=\"281\" src=\"https:\/\/www.youtube.com\/embed\/6AIQ2-hvsdY?start=4&#038;feature=oembed\" frameborder=\"0\" allow=\"accelerometer; autoplay; clipboard-write; encrypted-media; gyroscope; picture-in-picture; web-share\" referrerpolicy=\"strict-origin-when-cross-origin\" allowfullscreen><\/iframe> <\/div><\/figure>    <h2 class=\"wp-block-heading\"><strong>Th\u00f4ng s\u1ed1 k\u1ef9 thu\u1eadt c\u1ee7a m\u00e1y tu\u1ed1t ng\u00f4<\/strong><\/h2>    <figure class=\"wp-block-table\"><table><tbody><tr><td>Ng\u01b0\u1eddi m\u1eabu<\/td><td>5T-1000<\/td><\/tr><tr><td>\u1ee8ng d\u1ee5ng<\/td><td>Ng\u00f4, l\u00faa mi\u1ebfn, k\u00ea, \u0111\u1eadu n\u00e0nh<\/td><\/tr><tr><td>Quy\u1ec1n l\u1ef1c<\/td><td>\u0110\u1ed9ng c\u01a1 diesel 12HP<\/td><\/tr><tr><td>T\u1ed1c \u0111\u1ed9 tr\u1ee5c ch\u00ednh<\/td><td>550\u2013620 v\u00f2ng\/ph\u00fat<\/td><\/tr><tr><td>Dung t\u00edch<\/td><td>Ng\u00f4: 2-4t\/h<br>Cao l\u01b0\u01a1ng, k\u00ea: 1-2t\/h<br>\u0110\u1eadu n\u00e0nh: 0,5-0,8t\/h<\/td><\/tr><tr><td>S\u00e0ng<\/td><td>3 c\u00e1i<br>S\u00e0ng ng\u00f4: \u03c618mm<br>Cao l\u01b0\u01a1ng, k\u00ea s\u00e0ng: \u03c66mm<br>\u0110\u1eadu n\u00e0nh: \u03c612mm<\/td><\/tr><tr><td>C\u00e2n n\u1eb7ng<\/td><td>650kg<\/td><\/tr><tr><td>K\u00edch th\u01b0\u1edbc t\u1ed5ng th\u1ec3<\/td><td>3400*2100*1980mm<\/td><\/tr><tr><td>K\u00edch th\u01b0\u1edbc \u0111\u00f3ng g\u00f3i<\/td><td>2800*740*1400mm<\/td><\/tr><\/tbody><\/table><\/figure>","protected":false},"excerpt":{"rendered":"<p>Taizy corn threshing machine actually belongs to the multifunctional grain thresher, used for shelling maize, sorghum, millet, and soybean. The multifunctional thresher machine can use an electric motor, diesel engine, and PTO as the power system. Besides, the corn thresher machine for sale can be equipped with big tyres, which is preferred by African customers. [&hellip;]<\/p>\n","protected":false},"author":1,"featured_media":3661,"parent":0,"template":"","tags":[195,197,198],"product-type":[17],"class_list":["post-3644","product","type-product","status-publish","has-post-thumbnail","hentry","tag-corn-thresher","tag-corn-threshing-machine","tag-multifunctional-thresher","product-type-corn-machine"],"_links":{"self":[{"href":"https:\/\/taizyagromachine.com\/vi\/wp-json\/wp\/v2\/product\/3644","targetHints":{"allow":["GET"]}}],"collection":[{"href":"https:\/\/taizyagromachine.com\/vi\/wp-json\/wp\/v2\/product"}],"about":[{"href":"https:\/\/taizyagromachine.com\/vi\/wp-json\/wp\/v2\/types\/product"}],"author":[{"embeddable":true,"href":"https:\/\/taizyagromachine.com\/vi\/wp-json\/wp\/v2\/users\/1"}],"wp:featuredmedia":[{"embeddable":true,"href":"https:\/\/taizyagromachine.com\/vi\/wp-json\/wp\/v2\/media\/3661"}],"wp:attachment":[{"href":"https:\/\/taizyagromachine.com\/vi\/wp-json\/wp\/v2\/media?parent=3644"}],"wp:term":[{"taxonomy":"post_tag","embeddable":true,"href":"https:\/\/taizyagromachine.com\/vi\/wp-json\/wp\/v2\/tags?post=3644"},{"taxonomy":"product-type","embeddable":true,"href":"https:\/\/taizyagromachine.com\/vi\/wp-json\/wp\/v2\/product-type?post=3644"}],"curies":[{"name":"wp","href":"https:\/\/api.w.org\/{rel}","templated":true}]}}