{"id":3756,"date":"2022-10-19T13:17:50","date_gmt":"2022-10-19T05:17:50","guid":{"rendered":"https:\/\/taizyagromachine.com\/?post_type=product&#038;p=3756"},"modified":"2025-01-02T13:54:48","modified_gmt":"2025-01-02T05:54:48","slug":"small-rice-milling-machine","status":"publish","type":"product","link":"https:\/\/taizyagromachine.com\/vi\/product\/small-rice-milling-machine\/","title":{"rendered":"M\u00e1y xay x\u00e1t g\u1ea1o nh\u1ecf"},"content":{"rendered":"<p class=\"translation-block\">M\u00e1y x\u00e1t l\u00faa Taizy d\u00f9ng \u0111\u1ec3 s\u1ea3n xu\u1ea5t g\u1ea1o tr\u1eafng, ph\u1ee5c v\u1ee5 cho m\u1ee5c \u0111\u00edch th\u01b0\u01a1ng m\u1ea1i v\u00e0 gia \u0111\u00ecnh. M\u00e1y x\u00e1t l\u00faa n\u00e0y c\u00f3 hi\u1ec7u qu\u1ea3 v\u1ec1 chi ph\u00ed, ch\u1ea5t l\u01b0\u1ee3ng t\u1ed1t v\u00e0 b\u1ec1n b\u1ec9. Ngo\u00e0i ra, m\u00e1y c\u00f3 th\u1ec3 ch\u1ea1y b\u1eb1ng \u0111\u1ed9ng c\u01a1 \u0111i\u1ec7n ho\u1eb7c \u0111\u1ed9ng c\u01a1 diesel. Kh\u00f4ng gi\u1ed1ng nh\u01b0 <a href=\"https:\/\/taizyagromachine.com\/vi\/product\/rice-mill\/\" target=\"_blank\" rel=\"noreferrer noopener\">thi\u1ebft b\u1ecb x\u00e1t l\u00faa<\/a>, m\u00e1y x\u00e1t l\u00faa Taizy n\u00e0y l\u00e0 m\u1ed9t m\u00e1y nh\u1ecf, th\u01b0\u1eddng \u0111\u01b0\u1ee3c s\u1eed d\u1ee5ng trong c\u00e1c h\u1ed9 gia \u0111\u00ecnh, c\u1eeda h\u00e0ng nh\u1ecf, v.v.\u00aa <\/p>    <p class=\"translation-block\">M\u00e1y x\u00e1t l\u00faa Taizy \u0111\u00e3 \u0111\u01b0\u1ee3c xu\u1ea5t kh\u1ea9u sang M\u1ef9, Mauritania, Burkina Faso, Guinea, Nigeria, Mozambique, v.v. N\u1ebfu b\u1ea1n quan t\u00e2m \u0111\u1ebfn lo\u1ea1i m\u00e1y n\u00e0y, vui l\u00f2ng <a href=\"https:\/\/taizyagromachine.com\/vi\/contact\/\" target=\"_blank\" rel=\"noreferrer noopener\">li\u00ean h\u1ec7 v\u1edbi ch\u00fang t\u00f4i<\/a>!<\/p>    <h2 class=\"wp-block-heading\"><strong>C\u00e1c lo\u1ea1i m\u00e1y xay x\u00e1t g\u1ea1o<\/strong><\/h2>    <p>L\u00e0 nh\u00e0 s\u1ea3n xu\u1ea5t v\u00e0 s\u1ea3n xu\u1ea5t m\u00e1y xay x\u00e1t g\u1ea1o chuy\u00ean nghi\u1ec7p, ch\u00fang t\u00f4i c\u00f3 r\u1ea5t nhi\u1ec1u m\u1eabu m\u00e3 m\u00e1y xay x\u00e1t g\u1ea1o. Ch\u00fang t\u00f4i c\u00f3 b\u1ed1n lo\u1ea1i m\u00e1y xay l\u00faa, SB-05D, SB-10D, SB-30D v\u00e0 SB-50D. S\u1ea3n l\u01b0\u1ee3ng v\u00e0 tr\u1ecdng l\u01b0\u1ee3ng c\u1ee7a m\u1ed7i m\u00f4 h\u00ecnh l\u00e0 kh\u00e1c nhau.<\/p>    <p>V\u1ec1 h\u00ecnh th\u1ee9c b\u00ean ngo\u00e0i, m\u00e1y xay l\u00faa c\u1ee7a ch\u00fang t\u00f4i c\u00f3 nhi\u1ec1u ki\u1ec3u d\u00e1ng kh\u00e1c nhau, m\u1eabu m\u00e3 th\u00f4ng th\u01b0\u1eddng, c\u00f3 l\u1ed1c xo\u00e1y, c\u00f3 t\u00fai v\u1ea3i, v.v. T\u00f3m l\u1ea1i l\u00e0 t\u00f9y v\u00e0o nhu c\u1ea7u c\u1ee7a b\u1ea1n. N\u1ebfu b\u1ea1n c\u00f3 nhu c\u1ea7u \u0111\u1eb7c bi\u1ec7t v\u00e0 h\u1ee3p l\u00fd, m\u00e1y m\u00f3c c\u1ee7a ch\u00fang t\u00f4i ch\u1eafc ch\u1eafn s\u1ebd l\u00e0m h\u00e0i l\u00f2ng b\u1ea1n.<\/p>    <p class=\"translation-block\"><strong>M\u00e1y x\u00e1t l\u00faa mini lo\u1ea1i th\u01b0\u1eddng<\/strong><\/p>    <figure class=\"wp-block-gallery aligncenter has-nested-images columns-default is-cropped wp-block-gallery-2 is-layout-flex wp-block-gallery-is-layout-flex\"> <figure class=\"wp-block-image size-large\"><img loading=\"lazy\" decoding=\"async\" width=\"540\" height=\"720\" data-id=\"3789\" src=\"https:\/\/taizyagromachine.com\/wp-content\/uploads\/2022\/10\/rice-husk-miller.webp\" alt=\"m\u00e1y xay tr\u1ea5u\" class=\"wp-image-3789\"\/><figcaption>m\u00e1y nghi\u1ec1n tr\u1ea5u<\/figcaption><\/figure>    <figure class=\"wp-block-image size-large\"><img loading=\"lazy\" decoding=\"async\" width=\"540\" height=\"720\" data-id=\"3788\" src=\"https:\/\/taizyagromachine.com\/wp-content\/uploads\/2022\/10\/rice-husker.webp\" alt=\"ng\u01b0\u1eddi xay l\u00faa\" class=\"wp-image-3788\"\/><figcaption>m\u00e1y xay g\u1ea1o<\/figcaption><\/figure> <\/figure>    <p class=\"translation-block\"><strong>M\u00e1y x\u00e1t l\u00faa c\u00f3 b\u1ed9 ph\u1eadn t\u00e1ch tr\u1ea5u<\/strong><\/p>    <figure class=\"wp-block-gallery aligncenter has-nested-images columns-default is-cropped wp-block-gallery-3 is-layout-flex wp-block-gallery-is-layout-flex\"> <figure class=\"wp-block-image size-large\"><img loading=\"lazy\" decoding=\"async\" width=\"540\" height=\"720\" data-id=\"3790\" src=\"https:\/\/taizyagromachine.com\/wp-content\/uploads\/2022\/10\/mini-rice-miller.webp\" alt=\"m\u00e1y xay l\u00faa mini\" class=\"wp-image-3790\"\/><figcaption>m\u00e1y xay g\u1ea1o mini<\/figcaption><\/figure>    <figure class=\"wp-block-image size-large\"><img loading=\"lazy\" decoding=\"async\" width=\"540\" height=\"720\" data-id=\"3791\" src=\"https:\/\/taizyagromachine.com\/wp-content\/uploads\/2022\/10\/rice-mini-milling-machine-with-the-cyclone.webp\" alt=\"m\u00e1y xay l\u00faa mini c\u00f3 l\u1ed1c xo\u00e1y\" class=\"wp-image-3791\"\/><figcaption>m\u00e1y xay x\u00e1t g\u1ea1o mini <\/figcaption><\/figure> <\/figure>    <p class=\"translation-block\"><strong>M\u00e1y ch\u1ebf bi\u1ebfn l\u00faa k\u1ebft h\u1ee3p<\/strong><\/p>    <figure class=\"wp-block-gallery aligncenter has-nested-images columns-default is-cropped wp-block-gallery-4 is-layout-flex wp-block-gallery-is-layout-flex\"> <figure class=\"wp-block-image size-large\"><img loading=\"lazy\" decoding=\"async\" width=\"540\" height=\"850\" data-id=\"3793\" src=\"https:\/\/taizyagromachine.com\/wp-content\/uploads\/2022\/10\/combined-rice-mill.webp\" alt=\"m\u00e1y xay l\u00faa li\u00ean h\u1ee3p\" class=\"wp-image-3793\"\/><figcaption>m\u00e1y xay l\u00faa k\u1ebft h\u1ee3p<\/figcaption><\/figure>    <figure class=\"wp-block-image size-large\"><img loading=\"lazy\" decoding=\"async\" width=\"540\" height=\"850\" data-id=\"3794\" src=\"https:\/\/taizyagromachine.com\/wp-content\/uploads\/2022\/10\/combined-rice-processing-machine.webp\" alt=\"m\u00e1y ch\u1ebf bi\u1ebfn g\u1ea1o li\u00ean h\u1ee3p\" class=\"wp-image-3794\"\/><figcaption>m\u00e1y ch\u1ebf bi\u1ebfn g\u1ea1o li\u00ean h\u1ee3p<\/figcaption><\/figure> <\/figure>    <h2 class=\"wp-block-heading\"><strong>\u01afu \u0111i\u1ec3m c\u1ee7a m\u00e1y xay x\u00e1t g\u1ea1o th\u01b0\u01a1ng m\u1ea1i<\/strong><\/h2>    <ol class=\"wp-block-list\"><li>Chi\u1ebfc m\u00e1y xay x\u00e1t g\u1ea1o c\u1ee1 nh\u1ecf c\u1ee7a Taizy n\u00e0y c\u00f3 k\u1ebft c\u1ea5u h\u1ee3p l\u00fd, b\u1ed1 c\u1ee5c ph\u00f9 h\u1ee3p n\u00ean r\u1ea5t th\u00e2n thi\u1ec7n v\u1edbi ng\u01b0\u1eddi s\u1eed d\u1ee5ng.<\/li><li>S\u1ea3n l\u01b0\u1ee3ng c\u1ee7a m\u00e1y \u0111\u00e1nh b\u00f3ng lo\u1ea1i nh\u1ecf n\u00e0y dao \u0111\u1ed9ng t\u1eeb 400-2300kg\/gi\u1edd, c\u00f3 nhi\u1ec1u l\u1ef1a ch\u1ecdn \u0111\u1ec3 ti\u1ebft ki\u1ec7m th\u1eddi gian.<\/li><li>G\u1ea1o tr\u1eafng do m\u00e1y n\u00e0y s\u1ea3n xu\u1ea5t \u0111\u00e1p \u1ee9ng c\u00e1c quy \u0111\u1ecbnh an to\u00e0n th\u1ef1c ph\u1ea9m qu\u1ed1c gia v\u00e0 l\u00e0 lo\u1ea1i g\u1ea1o ch\u1ea5t l\u01b0\u1ee3ng cao.<\/li><li>M\u00e1y ch\u1ebf bi\u1ebfn g\u1ea1o Taizy cho ra g\u1ea1o s\u1ea1ch, t\u1ef7 l\u1ec7 v\u1ee1 g\u1ea1o th\u1ea5p, hi\u1ec7u qu\u1ea3 b\u00f3c v\u1ecf r\u1ea5t t\u1ed1t.<\/li><li>M\u00e1y xay x\u00e1t g\u1ea1o n\u00e0y c\u00f3 th\u1ec3 ch\u1ecdn \u0111\u1ed9ng c\u01a1 \u0111i\u1ec7n ho\u1eb7c \u0111\u1ed9ng c\u01a1 diesel l\u00e0m ngu\u1ed3n \u0111i\u1ec7n, t\u00f9y ch\u1ecdn.<\/li><\/ol>    <h2 class=\"wp-block-heading\"><strong>C\u00e1c y\u1ebfu t\u1ed1 \u1ea3nh h\u01b0\u1edfng \u0111\u1ebfn gi\u00e1 m\u00e1y xay x\u00e1t g\u1ea1o<\/strong><\/h2>    <p>M\u00e1y xay x\u00e1t g\u1ea1o c\u1ee1 nh\u1ecf Taizy c\u1ee7a ch\u00fang t\u00f4i c\u00f3 k\u1ebft c\u1ea5u nh\u1ecf g\u1ecdn, h\u1ee3p l\u00fd v\u00e0 c\u00f3 gi\u00e1 c\u1ea1nh tranh tr\u00ean th\u1ecb tr\u01b0\u1eddng m\u00e1y xay x\u00e1t g\u1ea1o. Nh\u01b0ng gi\u00e1 b\u1ecb \u1ea3nh h\u01b0\u1edfng b\u1edfi c\u00e1c kh\u00eda c\u1ea1nh sau (bao g\u1ed3m nh\u01b0ng kh\u00f4ng gi\u1edbi h\u1ea1n).<\/p>    <p class=\"translation-block\"><strong>C\u00e1c m\u1eabu m\u00e3 kh\u00e1c nhau<\/strong>. Gi\u1ea3 s\u1eed c\u00f4ng su\u1ea5t \u0111\u00e3 ch\u1ecdn l\u00e0 nh\u01b0 nhau, ch\u1ecdn c\u00e1c m\u1eabu m\u00e3 kh\u00e1c nhau, s\u1ea3n l\u01b0\u1ee3ng, k\u00edch th\u01b0\u1edbc c\u1ee7a m\u00e1y, v.v. s\u1ebd kh\u00e1c nhau, do \u0111\u00f3 gi\u00e1 c\u1ee7a m\u00e1y c\u0169ng kh\u00e1c nhau.<\/p>    <p class=\"translation-block\"><strong>L\u1ef1a ch\u1ecdn c\u00f4ng su\u1ea5t<\/strong>. V\u00ed d\u1ee5, ch\u1ecdn m\u00e1y x\u00e1t l\u00faa lo\u1ea1i SB-30D, v\u00ec lo\u1ea1i n\u00e0y c\u00f3 th\u1ec3 \u0111\u01b0\u1ee3c trang b\u1ecb \u0111\u1ed9ng c\u01a1 \u0111i\u1ec7n v\u00e0 \u0111\u1ed9ng c\u01a1 diesel, nh\u01b0ng gi\u00e1 c\u1ee7a ch\u00fang kh\u00e1c nhau. Do \u0111\u00f3, gi\u00e1 c\u1ee7a m\u00e1y c\u0169ng s\u1ebd kh\u00e1c nhau.<\/p>    <p class=\"translation-block\"><strong>B\u00e1n bu\u00f4n m\u00e1y<\/strong>. V\u00ec <a href=\"https:\/\/en.wikipedia.org\/wiki\/Rice_huller\" target=\"_blank\" rel=\"noreferrer noopener\">m\u00e1y l\u00e0m tr\u1ea5u l\u00faa<\/a> n\u00e0y t\u01b0\u01a1ng \u0111\u1ed1i nh\u1ecf, ch\u00fang t\u00f4i th\u01b0\u1eddng b\u00e1n bu\u00f4n. Gi\u00e1 c\u1ee7a m\u00e1y khi b\u00e1n bu\u00f4n c\u0169ng kh\u00e1c v\u1edbi gi\u00e1 khi mua l\u1ebb t\u1eebng m\u00e1y.<\/p>   <div class=\"wp-block-image\"> <figure class=\"aligncenter size-full\"><img loading=\"lazy\" decoding=\"async\" width=\"720\" height=\"540\" src=\"https:\/\/taizyagromachine.com\/wp-content\/uploads\/2022\/10\/wholesale-rice-milling-machine.webp\" alt=\"b\u00e1n bu\u00f4n m\u00e1y xay x\u00e1t g\u1ea1o\" class=\"wp-image-3784\"\/><figcaption>b\u00e1n bu\u00f4n m\u00e1y xay x\u00e1t g\u1ea1o<\/figcaption><\/figure> <\/div>   <h2 class=\"wp-block-heading\"><strong>C\u00e1c b\u1ed9 ph\u1eadn hao m\u00f2n c\u1ee7a m\u00e1y ch\u1ebf bi\u1ebfn g\u1ea1o<\/strong><\/h2>    <div class=\"wp-block-media-text alignwide is-stacked-on-mobile\"><figure class=\"wp-block-media-text__media\"><img loading=\"lazy\" decoding=\"async\" width=\"540\" height=\"720\" src=\"https:\/\/taizyagromachine.com\/wp-content\/uploads\/2022\/10\/wearing-parts-of-the-rice-processing-machine.webp\" alt=\"b\u1ed9 ph\u1eadn hao m\u00f2n c\u1ee7a m\u00e1y ch\u1ebf bi\u1ebfn g\u1ea1o\" class=\"wp-image-3763 size-full\"\/><\/figure><div class=\"wp-block-media-text__content\"> <p>Con l\u0103n cao su: 2 c\u00e1i\/b\u1ed9<\/p>    <p>Con l\u0103n s\u1eaft: 1 c\u00e1i\/b\u1ed9<\/p>    <p>\u0110\u1ea7u truy\u1ec1n t\u1ea3i: 1 c\u00e1i\/b\u1ed9 <\/p>    <p>S\u00e0ng: 2 c\u00e1i\/b\u1ed9<\/p>    <p>\u0110ai l\u1ee5c gi\u00e1c: 3 c\u00e1i\/b\u1ed9<\/p>    <p>\u0110\u00e2y l\u00e0 nh\u1eefng b\u1ed9 ph\u1eadn ti\u00eau hao khi b\u1ea1n s\u1eed d\u1ee5ng m\u00e1y xay x\u00e1t g\u1ea1o. V\u00ec v\u1eady, h\u00e3y ch\u00fa \u00fd \u0111\u1ebfn nh\u1eefng ph\u1ea7n n\u00e0y. Ngo\u00e0i ra, b\u1ea1n c\u00f3 th\u1ec3 mua th\u00eam ph\u1ee5 t\u00f9ng thay th\u1ebf s\u1eb5n s\u00e0ng.<\/p> <\/div><\/div>    <h2 class=\"wp-block-heading\"><strong>Tr\u01b0\u1eddng h\u1ee3p th\u00e0nh c\u00f4ng: M\u00e1y xay x\u00e1t g\u1ea1o mini \u0111\u01b0\u1ee3c b\u00e1n cho Mozambique<\/strong><\/h2>    <p>V\u00e0o th\u00e1ng 6 n\u0103m nay, m\u1ed9t kh\u00e1ch h\u00e0ng t\u1eeb Mozambique \u0111\u00e3 li\u00ean h\u1ec7 v\u1edbi ch\u00fang t\u00f4i v\u00e0 g\u1eedi cho ch\u00fang t\u00f4i c\u00e2u h\u1ecfi v\u1ec1 m\u00e1y xay g\u1ea1o gia \u0111\u00ecnh qua WhatsApp. \u00d4ng l\u00e0 nh\u00e0 ph\u00e2n ph\u1ed1i v\u00e0 b\u00e1n nhi\u1ec1u lo\u1ea1i m\u00e1y xay x\u00e1t g\u1ea1o trong khu v\u1ef1c. Ng\u01b0\u1eddi qu\u1ea3n l\u00fd Winnie c\u1ee7a ch\u00fang t\u00f4i \u0111\u00e3 cung c\u1ea5p cho anh \u1ea5y th\u00f4ng tin v\u1ec1 chi\u1ebfc m\u00e1y. Sau khi xem x\u00e9t, l\u1ea7n \u0111\u1ea7u ti\u00ean anh \u0111\u1eb7t mua 5 chi\u1ebfc v\u00e0 cho bi\u1ebft s\u1ebd ti\u1ebfp t\u1ee5c \u0111\u1eb7t h\u00e0ng n\u1ebfu ho\u1ea1t \u0111\u1ed9ng t\u1ed1t. Th\u00e1ng 10 n\u0103m nay, anh \u0111\u1eb7t mua th\u00eam 10 chi\u1ebfc.<\/p>    <figure class=\"wp-block-gallery aligncenter has-nested-images columns-default is-cropped wp-block-gallery-5 is-layout-flex wp-block-gallery-is-layout-flex\"> <figure class=\"wp-block-image size-full\"><img loading=\"lazy\" decoding=\"async\" width=\"720\" height=\"540\" data-id=\"3759\" src=\"https:\/\/taizyagromachine.com\/wp-content\/uploads\/2022\/10\/rice-milling-machine-for-sale.webp\" alt=\"b\u00e1n m\u00e1y xay x\u00e1t g\u1ea1o\" class=\"wp-image-3759\"\/><figcaption>C\u1ea7n b\u00e1n m\u00e1y xay x\u00e1t g\u1ea1o<\/figcaption><\/figure>    <figure class=\"wp-block-image size-full\"><img loading=\"lazy\" decoding=\"async\" width=\"720\" height=\"540\" data-id=\"3758\" src=\"https:\/\/taizyagromachine.com\/wp-content\/uploads\/2022\/10\/packages.webp\" alt=\"g\u00f3i\" class=\"wp-image-3758\"\/><figcaption>g\u00f3i<\/figcaption><\/figure> <\/figure>    <h2 class=\"wp-block-heading\"><strong>Th\u00f4ng s\u1ed1 k\u1ef9 thu\u1eadt c\u1ee7a m\u00e1y xay x\u00e1t g\u1ea1o \u0111\u1ec3 b\u00e1n<\/strong><\/h2>    <figure class=\"wp-block-table\"><table><tbody><tr><td>Ng\u01b0\u1eddi m\u1eabu<\/td><td>SB-05D<\/td><td>SB-10D<\/td><td>SB-30D<\/td><td>SB-50D<\/td><\/tr><tr><td>Quy\u1ec1n l\u1ef1c<\/td><td>\u0110\u1ed9ng c\u01a1 diesel 10 m\u00e3 l\u1ef1c\/\u0111\u1ed9ng c\u01a1 5,5 kW<\/td><td>\u0110\u1ed9ng c\u01a1 diesel 15 m\u00e3 l\u1ef1c\/\u0111\u1ed9ng c\u01a1 11kW<\/td><td>&nbsp;&nbsp;&nbsp;&nbsp;\u0110\u1ed9ng c\u01a1 diesel 18 m\u00e3 l\u1ef1c\/\u0111\u1ed9ng c\u01a1 15 kW<\/td><td>\u0111\u1ed9ng c\u01a1 diesel 30 m\u00e3 l\u1ef1c\/\u0111\u1ed9ng c\u01a1 22kW<\/td><\/tr><tr><td>Dung t\u00edch<\/td><td>400-600kg\/gi\u1edd<\/td><td>700-1000kg\/gi\u1edd<\/td><td>&nbsp;&nbsp;&nbsp;1100-1500kg\/gi\u1edd<\/td><td>1800-2300kg\/gi\u1edd<\/td><\/tr><tr><td>tr\u1ecdng l\u01b0\u1ee3ng t\u1ecbnh<\/td><td>130kg<\/td><td>230kg<\/td><td>&nbsp;&nbsp;&nbsp;&nbsp;&nbsp;270kg<\/td><td>530kg<\/td><\/tr><tr><td>T\u1ed5ng tr\u1ecdng l\u01b0\u1ee3ng<\/td><td>160kg<\/td><td>&nbsp;285kg<\/td><td>&nbsp;&nbsp;&nbsp;&nbsp;&nbsp;300kg<\/td><td>580kg<\/td><\/tr><tr><td>k\u00edch th\u01b0\u1edbc t\u1ed5ng th\u1ec3<\/td><td>860*692*1290mm<\/td><td>760*730*1735mm<\/td><td>1070*760*1760mm<\/td><td>2400*1080*2080mm<\/td><\/tr><tr><td>\u0110ang t\u1ea3i QTY\/20GP<\/td><td>27 b\u1ed9<\/td><td>24 b\u1ed9<\/td><td>18 b\u1ed9<\/td><td>12 b\u1ed9<\/td><\/tr><\/tbody><\/table><\/figure>    <h2 class=\"wp-block-heading\"><strong>Video ho\u1ea1t \u0111\u1ed9ng c\u1ee7a m\u00e1y xay x\u00e1t g\u1ea1o Taizy<\/strong><\/h2>    <p><\/p>    <figure class=\"wp-block-embed is-type-video is-provider-youtube wp-block-embed-youtube wp-embed-aspect-16-9 wp-has-aspect-ratio\"><div class=\"wp-block-embed__wrapper\"> <iframe loading=\"lazy\" title=\"M\u00e1y xay x\u00e1t g\u1ea1o nh\u1ecf t\u1ed1t nh\u1ea5t | M\u00e1y Xay G\u1ea1o Cho Gia \u0110\u00ecnh #ricemillmachine\" width=\"500\" height=\"281\" src=\"https:\/\/www.youtube.com\/embed\/oXby4Zx-N4s?feature=oembed\" frameborder=\"0\" allow=\"accelerometer; autoplay; clipboard-write; encrypted-media; gyroscope; picture-in-picture; web-share\" referrerpolicy=\"strict-origin-when-cross-origin\" allowfullscreen><\/iframe> <\/div><\/figure>","protected":false},"excerpt":{"rendered":"<p>The rice milling machine uses to produce white rice, for commercial and home use. This rice miller machine is cost-effective, good quality, and durable. Besides, this machine can be powered by an electric motor or diesel engine. Unlike the rice milling unit, this Taizy rice mill machine is a small machine, which is often used [&hellip;]<\/p>\n","protected":false},"author":1,"featured_media":3783,"parent":0,"template":"","tags":[35,56,57],"product-type":[18],"class_list":["post-3756","product","type-product","status-publish","has-post-thumbnail","hentry","tag-rice-mill","tag-rice-mill-machine","tag-rice-milling-machine","product-type-rice-mill"],"_links":{"self":[{"href":"https:\/\/taizyagromachine.com\/vi\/wp-json\/wp\/v2\/product\/3756","targetHints":{"allow":["GET"]}}],"collection":[{"href":"https:\/\/taizyagromachine.com\/vi\/wp-json\/wp\/v2\/product"}],"about":[{"href":"https:\/\/taizyagromachine.com\/vi\/wp-json\/wp\/v2\/types\/product"}],"author":[{"embeddable":true,"href":"https:\/\/taizyagromachine.com\/vi\/wp-json\/wp\/v2\/users\/1"}],"wp:featuredmedia":[{"embeddable":true,"href":"https:\/\/taizyagromachine.com\/vi\/wp-json\/wp\/v2\/media\/3783"}],"wp:attachment":[{"href":"https:\/\/taizyagromachine.com\/vi\/wp-json\/wp\/v2\/media?parent=3756"}],"wp:term":[{"taxonomy":"post_tag","embeddable":true,"href":"https:\/\/taizyagromachine.com\/vi\/wp-json\/wp\/v2\/tags?post=3756"},{"taxonomy":"product-type","embeddable":true,"href":"https:\/\/taizyagromachine.com\/vi\/wp-json\/wp\/v2\/product-type?post=3756"}],"curies":[{"name":"wp","href":"https:\/\/api.w.org\/{rel}","templated":true}]}}