{"id":4091,"date":"2022-11-21T11:05:17","date_gmt":"2022-11-21T03:05:17","guid":{"rendered":"https:\/\/taizyagromachine.com\/?post_type=product&#038;p=4091"},"modified":"2025-01-02T13:50:30","modified_gmt":"2025-01-02T05:50:30","slug":"corn-sheller-maize-threshing-machine","status":"publish","type":"product","link":"https:\/\/taizyagromachine.com\/vi\/product\/corn-sheller-maize-threshing-machine\/","title":{"rendered":"M\u00e1y xay ng\u00f4 | M\u00e1y tu\u1ed1t ng\u00f4"},"content":{"rendered":"<p class=\"translation-block\">M\u00e1y t\u00e1ch h\u1ea1t ng\u00f4 \u0111\u01b0\u1ee3c thi\u1ebft k\u1ebf \u0111\u1eb7c bi\u1ec7t \u0111\u1ec3 \u0111\u1eadp ng\u00f4, mang l\u1ea1i l\u1ee3i \u00edch cho n\u00f4ng d\u00e2n tr\u1ed3ng ng\u00f4. M\u00e1y \u0111\u1eadp ng\u00f4 <a href=\"https:\/\/taizyagromachine.com\/vi\/product\/multifunctional-thresher\/\" target=\"_blank\" rel=\"noreferrer noopener\">n\u00e0y<\/a> c\u00f3 c\u1ea5u tr\u00fac \u0111\u01a1n gi\u1ea3n v\u00e0 hi\u1ec7u qu\u1ea3 cao, c\u00f3 kh\u1ea3 n\u0103ng \u0111\u1eadp 3-4 t\u1ea5n ng\u00f4 m\u1ed7i gi\u1edd, l\u00fd t\u01b0\u1edfng cho nh\u1eefng ng\u01b0\u1eddi tr\u1ed3ng ng\u00f4 quy m\u00f4 nh\u1ecf ho\u1eb7c v\u1eeba. Ngo\u00e0i ra, m\u00e1y t\u00e1ch h\u1ea1t ng\u00f4 <a href=\"https:\/\/cornmachines.com\/corn-sheller-machine\/\" target=\"_blank\" rel=\"noreferrer noopener\">n\u00e0y<\/a> r\u1ea5t ti\u1ebft ki\u1ec7m chi ph\u00ed, v\u1eeba r\u1ebb l\u1ea1i v\u1eeba c\u00f3 ch\u1ea5t l\u01b0\u1ee3ng t\u1ed1t.<\/p>    <p>V\u00ec v\u1eady, lo\u1ea1i m\u00e1y tu\u1ed1t ng\u00f4 n\u00e0y r\u1ea5t \u0111\u01b0\u1ee3c \u01b0a chu\u1ed9ng \u1edf th\u1ecb tr\u01b0\u1eddng trong v\u00e0 ngo\u00e0i n\u01b0\u1edbc, nh\u01b0 Nigeria, Philippines, Kenya,\u2026 l\u00e0 nh\u1eefng n\u01b0\u1edbc ch\u00fang t\u00f4i mu\u1ed1n xu\u1ea5t kh\u1ea9u.<\/p>    <h2 class=\"wp-block-heading\"><strong>C\u00e1c lo\u1ea1i m\u00e1y xay ng\u00f4 \u0111\u1ec3 b\u00e1n<\/strong><\/h2>    <div class=\"wp-block-columns is-layout-flex wp-container-core-columns-is-layout-9d6595d7 wp-block-columns-is-layout-flex\"> <div class=\"wp-block-column is-layout-flow wp-block-column-is-layout-flow\"><div class=\"wp-block-image\"> <figure class=\"aligncenter size-full\"><img loading=\"lazy\" decoding=\"async\" width=\"540\" height=\"600\" src=\"https:\/\/taizyagromachine.com\/wp-content\/uploads\/2022\/11\/corn-sheller-machine-for-sale.webp\" alt=\"C\u1ea7n b\u00e1n m\u00e1y b\u00f3c v\u1ecf ng\u00f4\" class=\"wp-image-4099\"\/><figcaption class=\"wp-element-caption\">C\u1ea7n b\u00e1n m\u00e1y b\u00f3c v\u1ecf ng\u00f4<\/figcaption><\/figure> <\/div><\/div>    <div class=\"wp-block-column is-layout-flow wp-block-column-is-layout-flow\"> <p><\/p>    <p>M\u00e1y t\u00e1ch v\u1ecf ng\u00f4 n\u00e0y c\u1ee7a Taizy \u0111\u01b0\u1ee3c thi\u1ebft k\u1ebf theo nhu c\u1ea7u c\u1ee7a \u0111\u1ea1i \u0111a s\u1ed1 ng\u01b0\u1eddi tr\u1ed3ng ng\u00f4 v\u00e0 c\u00f3 t\u00ednh ch\u1ecdn l\u1ecdc cao. M\u00e1y b\u00f3c v\u1ecf ng\u00f4 c\u00f3 th\u1ec3 \u0111\u01b0\u1ee3c trang b\u1ecb \u0111\u1ed9ng c\u01a1 \u0111i\u1ec7n, \u0111\u1ed9ng c\u01a1 x\u0103ng v\u00e0 \u0111\u1ed9ng c\u01a1 diesel \u0111\u1ec3 h\u1ed7 tr\u1ee3 n\u0103ng l\u01b0\u1ee3ng. \u0110\u01a1n v\u1ecb n\u0103ng l\u01b0\u1ee3ng t\u01b0\u01a1ng \u1ee9ng c\u00f3 th\u1ec3 \u0111\u01b0\u1ee3c k\u1ebft h\u1ee3p theo nhu c\u1ea7u c\u1ee7a kh\u00e1ch h\u00e0ng.<\/p>    <p>H\u01a1n n\u1eefa, nh\u01b0 b\u1ea1n c\u00f3 th\u1ec3 th\u1ea5y tr\u00ean h\u00ecnh, chi\u1ebfc m\u00e1y n\u00e0y c\u00f3 th\u1ec3 \u0111\u01b0\u1ee3c trang b\u1ecb b\u00e1nh xe nh\u1ecf, r\u1ea5t thu\u1eadn ti\u1ec7n khi di chuy\u1ec3n. Ngo\u00e0i ra c\u00f2n c\u00f3 c\u00e1c gi\u00e1 \u0111\u1ee1 gi\u00fap ng\u01b0\u1eddi d\u00f9ng s\u1eed d\u1ee5ng m\u00e1y d\u1ec5 d\u00e0ng h\u01a1n.<\/p>    <p>M\u00e1y b\u00f3c v\u1ecf ng\u00f4 c\u1ee7a ch\u00fang t\u00f4i c\u00f3 hi\u1ec7u su\u1ea5t tuy\u1ec7t v\u1eddi trong vi\u1ec7c \u0111\u1eadp ng\u00f4 v\u1edbi t\u1ef7 l\u1ec7 b\u00f3c v\u1ecf cao, nh\u1eb1m m\u1ee5c \u0111\u00edch thu \u0111\u01b0\u1ee3c h\u1ea1t ng\u00f4 nguy\u00ean h\u1ea1t v\u00e0 s\u1ea1ch. V\u00ec v\u1eady, n\u00f3 l\u00e0 m\u1ed9t tr\u1ee3 th\u1ee7 \u0111\u1eafc l\u1ef1c cho ng\u01b0\u1eddi n\u00f4ng d\u00e2n. N\u1ebfu b\u1ea1n quan t\u00e2m, vui l\u00f2ng li\u00ean h\u1ec7 v\u1edbi ch\u00fang t\u00f4i!<\/p> <\/div> <\/div>    <h2 class=\"wp-block-heading\"><strong>Thi\u1ebft k\u1ebf m\u00e1y \u00e9p ng\u00f4<\/strong><\/h2>    <p>Tr\u00ean th\u1ef1c t\u1ebf, nh\u01b0 b\u1ea1n c\u00f3 th\u1ec3 th\u1ea5y trong c\u00e1c h\u00ecnh \u1ea3nh b\u00ean d\u01b0\u1edbi, thi\u1ebft k\u1ebf m\u00e1y c\u1ee7a ch\u00fang t\u00f4i r\u1ea5t \u0111\u01a1n gi\u1ea3n, ch\u1ee7 y\u1ebfu bao g\u1ed3m \u0111\u1ea7u v\u00e0o ng\u00f4, \u0111\u1ea7u ra ng\u00f4, \u0111\u1ea7u ra h\u1ea1t ng\u00f4, h\u1ec7 th\u1ed1ng \u0111i\u1ec7n, gi\u00e1 \u0111\u1ee1, v.v. N\u00f3 r\u1ea5t thu\u1eadn ti\u1ec7n v\u00e0 d\u1ec5 s\u1eed d\u1ee5ng. <\/p>    <p>Nh\u00ecn chung, m\u00e1y tu\u1ed1t ng\u00f4 tr\u00f4ng \u0111\u01a1n gi\u1ea3n v\u00e0 \u0111\u1eb9p m\u1eaft, r\u1ea5t h\u1ea5p d\u1eabn, chi\u1ebfc m\u00e1y n\u00e0y r\u1ea5t \u0111\u00e1ng \u0111\u1ed3ng ti\u1ec1n v\u00e0 r\u1ea5t th\u00edch h\u1ee3p \u0111\u1ec3 b\u00e1n bu\u00f4n.<\/p>   <div class=\"wp-block-image\"> <figure class=\"aligncenter size-full\"><img loading=\"lazy\" decoding=\"async\" width=\"720\" height=\"540\" src=\"https:\/\/taizyagromachine.com\/wp-content\/uploads\/2022\/11\/corn-sheller-machine-structure.webp\" alt=\"c\u1ea5u t\u1ea1o m\u00e1y b\u00f3c v\u1ecf ng\u00f4\" class=\"wp-image-4104\"\/><figcaption class=\"wp-element-caption\">c\u1ea5u t\u1ea1o m\u00e1y b\u00f3c v\u1ecf ng\u00f4<\/figcaption><\/figure> <\/div>   <h2 class=\"wp-block-heading\"><strong>M\u00e1y xay ng\u00f4 ho\u1ea1t \u0111\u1ed9ng nh\u01b0 th\u1ebf n\u00e0o?<\/strong><\/h2>    <p>Tr\u00ean th\u1ef1c t\u1ebf, nguy\u00ean l\u00fd l\u00e0m vi\u1ec7c r\u1ea5t d\u1ec5 hi\u1ec3u. Ng\u00f4 \u0111\u01b0\u1ee3c \u0111\u01b0a qua \u0111\u1ea7u v\u00e0o v\u00e0 b\u00ean trong l\u00f5i v\u00e0 h\u1ea1t \u0111\u01b0\u1ee3c t\u00e1ch ra, sau \u0111\u00f3 h\u1ea1t r\u00f2 r\u1ec9 ra kh\u1ecfi m\u00e0n h\u00ecnh trong khi l\u00f5i ng\u00f4 \u0111\u01b0\u1ee3c th\u1ea3i ra t\u1eeb cu\u1ed1i m\u00e1y. Qu\u00e1 tr\u00ecnh n\u00e0y di\u1ec5n ra r\u1ea5t nhanh v\u00e0 hi\u1ec7u qu\u1ea3 trong vi\u1ec7c \u0111\u1eadp l\u00faa. N\u00f3 c\u0169ng c\u1ea7n \u0111\u01b0\u1ee3c ki\u1ec3m tra k\u1ef9 c\u00e0ng tr\u01b0\u1edbc khi s\u1eed d\u1ee5ng.<\/p>    <figure class=\"wp-block-gallery aligncenter has-nested-images columns-default is-cropped wp-block-gallery-2 is-layout-flex wp-block-gallery-is-layout-flex\"> <figure class=\"wp-block-image size-full\"><img loading=\"lazy\" decoding=\"async\" width=\"750\" height=\"750\" data-id=\"4113\" src=\"https:\/\/taizyagromachine.com\/wp-content\/uploads\/2022\/11\/working-scene-of-the-corn-sheller-machine.webp\" alt=\"-c\u1ea3nh-l\u00e0m vi\u1ec7c c\u1ee7a m\u00e1y b\u00f3c v\u1ecf ng\u00f4\" class=\"wp-image-4113\"\/><figcaption class=\"wp-element-caption\">c\u1ea3nh l\u00e0m vi\u1ec7c c\u1ee7a m\u00e1y b\u00f3c v\u1ecf ng\u00f4<\/figcaption><\/figure>    <figure class=\"wp-block-image size-full\"><img loading=\"lazy\" decoding=\"async\" width=\"750\" height=\"750\" data-id=\"4112\" src=\"https:\/\/taizyagromachine.com\/wp-content\/uploads\/2022\/11\/corn-kernels.webp\" alt=\"h\u1ea1t ng\u00f4\" class=\"wp-image-4112\"\/><figcaption class=\"wp-element-caption\">h\u1ea1t ng\u00f4<\/figcaption><\/figure> <\/figure>    <h2 class=\"wp-block-heading\"><strong>B\u00e1n bu\u00f4n m\u00e1y tu\u1ed1t ng\u00f4 ng\u00f4 <\/strong><\/h2>    <p class=\"translation-block\">M\u00e1y t\u00e1ch h\u1ea1t ng\u00f4 Taizy c\u00f3 gi\u00e1 tr\u1ecb t\u1ed1t so v\u1edbi s\u1ed1 ti\u1ec1n b\u1ecf ra, v\u00ec v\u1eady kh\u00f4ng c\u00f3 g\u00ec l\u1ea1 khi kh\u00e1ch h\u00e0ng b\u1eaft \u0111\u1ea7u v\u1edbi 5 m\u00e1y v\u00e0 mua h\u00e0ng ch\u1ee5c ho\u1eb7c h\u00e0ng tr\u0103m m\u00e1y. V\u00ed d\u1ee5, v\u00e0o th\u00e1ng 10 n\u0103m nay, ch\u00fang t\u00f4i \u0111\u00e3 v\u1eadn chuy\u1ec3n <a href=\"https:\/\/taizyagromachine.com\/vi\/info\/corn-thresher-philippines\/\" target=\"_blank\" rel=\"noreferrer noopener\">10 m\u00e1y t\u00e1ch h\u1ea1t ng\u00f4 n\u00e0y \u0111\u1ebfn Philippines<\/a>. Khi m\u00e1y \u0111\u01b0\u1ee3c ch\u1ea5t l\u00ean, ch\u00fang th\u01b0\u1eddng \u0111\u01b0\u1ee3c ch\u1ea5t theo c\u00e1ch \u0111\u01b0\u1ee3c hi\u1ec3n th\u1ecb b\u00ean d\u01b0\u1edbi, v\u00e0 nh\u00e2n vi\u00ean c\u00f3 kinh nghi\u1ec7m c\u1ee7a ch\u00fang t\u00f4i s\u1ebd ch\u1ea5t m\u00e1y v\u1edbi s\u1ef1 b\u1ea3o v\u1ec7 t\u1ed1i \u0111a kh\u1ecfi h\u01b0 h\u1ecfng trong qu\u00e1 tr\u00ecnh v\u1eadn chuy\u1ec3n.<\/p>    <figure class=\"wp-block-gallery aligncenter has-nested-images columns-default is-cropped wp-block-gallery-3 is-layout-flex wp-block-gallery-is-layout-flex\"> <figure class=\"wp-block-image size-full\"><img loading=\"lazy\" decoding=\"async\" width=\"720\" height=\"540\" data-id=\"4115\" src=\"https:\/\/taizyagromachine.com\/wp-content\/uploads\/2022\/11\/maize-sheller-ready-for-load.webp\" alt=\"m\u00e1y b\u00f3c v\u1ecf ng\u00f4 \u0111\u00e3 s\u1eb5n s\u00e0ng \u0111\u1ec3 t\u1ea3i\" class=\"wp-image-4115\"\/><figcaption class=\"wp-element-caption\">m\u00e1y b\u00f3c v\u1ecf ng\u00f4 <\/figcaption><\/figure>    <figure class=\"wp-block-image size-full\"><img loading=\"lazy\" decoding=\"async\" width=\"720\" height=\"540\" data-id=\"4114\" src=\"https:\/\/taizyagromachine.com\/wp-content\/uploads\/2022\/11\/load-in-the-container.webp\" alt=\"t\u1ea3i v\u00e0o container\" class=\"wp-image-4114\"\/><figcaption class=\"wp-element-caption\">n\u1ea1p m\u00e1y b\u00f3c v\u1ecf ng\u00f4 v\u00e0o th\u00f9ng ch\u1ee9a<\/figcaption><\/figure>    <figure class=\"wp-block-image size-large\"><img loading=\"lazy\" decoding=\"async\" width=\"720\" height=\"540\" data-id=\"4116\" src=\"https:\/\/taizyagromachine.com\/wp-content\/uploads\/2022\/11\/wholesale-corn-thresher.webp\" alt=\"b\u00e1n bu\u00f4n ng\u00f4-t \u0111\u1eadp\" class=\"wp-image-4116\"\/><figcaption class=\"wp-element-caption\">b\u00e1n bu\u00f4n m\u00e1y tu\u1ed1t ng\u00f4<\/figcaption><\/figure> <\/figure>    <h2 class=\"wp-block-heading\"><strong>Th\u00f4ng s\u1ed1 k\u1ef9 thu\u1eadt c\u1ee7a m\u00e1y b\u00f3c v\u1ecf ng\u00f4<\/strong><\/h2>    <figure class=\"wp-block-table\"><table><tbody><tr><td>Ng\u01b0\u1eddi m\u1eabu<\/td><td>SL-B<\/td><\/tr><tr><td>Quy\u1ec1n l\u1ef1c<\/td><td>\u0110\u1ed9ng c\u01a1 x\u0103ng 170F ho\u1eb7c \u0111\u1ed9ng c\u01a1 2.2kw ho\u1eb7c \u0111\u1ed9ng c\u01a1 diesel<\/td><\/tr><tr><td>Dung t\u00edch<\/td><td>3t-4t\/gi\u1edd<\/td><\/tr><tr><td>K\u00edch c\u1ee1<\/td><td>1300*400*900mm<\/td><\/tr><tr><td>C\u00e2n n\u1eb7ng<\/td><td>71kg<\/td><\/tr><\/tbody><\/table><\/figure>    <h2 class=\"wp-block-heading\"><strong>Video M\u00e1y Nghi\u1ec1n B\u1eafp B\u1eafp \u2013 N\u00f4ng Nghi\u1ec7p S\u1eed D\u1ee5ng<\/strong><\/h2>    <figure class=\"wp-block-embed is-type-video is-provider-youtube wp-block-embed-youtube wp-embed-aspect-16-9 wp-has-aspect-ratio\"><div class=\"wp-block-embed__wrapper\"> <iframe loading=\"lazy\" title=\"M\u00e1y b\u00f3c v\u1ecf ng\u00f4 hi\u1ec7u su\u1ea5t tuy\u1ec7t v\u1eddi | M\u00e1y tu\u1ed1t ng\u00f4 c\u1ee7a Taizy 2022 #corn\" width=\"500\" height=\"281\" src=\"https:\/\/www.youtube.com\/embed\/Qe2O6ylATT8?feature=oembed\" frameborder=\"0\" allow=\"accelerometer; autoplay; clipboard-write; encrypted-media; gyroscope; picture-in-picture; web-share\" referrerpolicy=\"strict-origin-when-cross-origin\" allowfullscreen><\/iframe> <\/div><\/figure>","protected":false},"excerpt":{"rendered":"<p>The corn sheller is specially designed for threshing maize beneficial to corn farmers. This corn thresher is simple in structure and very efficient, capable of threshing 3-4 tons of corn per hour, making it ideal for small or medium-sized corn growers. Besides, this maize threshing machine is very cost-effective, cheap and of good quality at [&hellip;]<\/p>\n","protected":false},"author":1,"featured_media":4092,"parent":0,"template":"","tags":[191,195,200],"product-type":[17],"class_list":["post-4091","product","type-product","status-publish","has-post-thumbnail","hentry","tag-corn-sheller","tag-corn-thresher","tag-maize-threshing-machine","product-type-corn-machine"],"_links":{"self":[{"href":"https:\/\/taizyagromachine.com\/vi\/wp-json\/wp\/v2\/product\/4091","targetHints":{"allow":["GET"]}}],"collection":[{"href":"https:\/\/taizyagromachine.com\/vi\/wp-json\/wp\/v2\/product"}],"about":[{"href":"https:\/\/taizyagromachine.com\/vi\/wp-json\/wp\/v2\/types\/product"}],"author":[{"embeddable":true,"href":"https:\/\/taizyagromachine.com\/vi\/wp-json\/wp\/v2\/users\/1"}],"wp:featuredmedia":[{"embeddable":true,"href":"https:\/\/taizyagromachine.com\/vi\/wp-json\/wp\/v2\/media\/4092"}],"wp:attachment":[{"href":"https:\/\/taizyagromachine.com\/vi\/wp-json\/wp\/v2\/media?parent=4091"}],"wp:term":[{"taxonomy":"post_tag","embeddable":true,"href":"https:\/\/taizyagromachine.com\/vi\/wp-json\/wp\/v2\/tags?post=4091"},{"taxonomy":"product-type","embeddable":true,"href":"https:\/\/taizyagromachine.com\/vi\/wp-json\/wp\/v2\/product-type?post=4091"}],"curies":[{"name":"wp","href":"https:\/\/api.w.org\/{rel}","templated":true}]}}