{"id":4358,"date":"2022-12-27T13:53:59","date_gmt":"2022-12-27T05:53:59","guid":{"rendered":"https:\/\/taizyagromachine.com\/?post_type=product&#038;p=4358"},"modified":"2025-12-18T15:02:32","modified_gmt":"2025-12-18T07:02:32","slug":"sorghum-threshing-machine","status":"publish","type":"product","link":"https:\/\/taizyagromachine.com\/vi\/product\/sorghum-threshing-machine\/","title":{"rendered":"M\u00e1y tu\u1ed1t l\u00faa mi\u1ebfn \u0111a n\u0103ng cho k\u00ea, l\u00faa mi\u1ebfn, h\u1ea1t c\u1ea3i d\u1ea7u"},"content":{"rendered":"<p>M\u00e1y tu\u1ed1t l\u00faa mi\u1ebfn d\u00f2ng 5TGQ l\u00e0 m\u00e1y b\u00f3c v\u1ecf \u0111\u01b0\u1ee3c ph\u00e1t tri\u1ec3n b\u1edfi c\u00f4ng ty ch\u00fang t\u00f4i d\u00e0nh ri\u00eang cho l\u00faa mi\u1ebfn, k\u00ea v\u00e0 h\u1ea1t c\u1ea3i d\u1ea7u. V\u1edbi t\u1ed1c \u0111\u1ed9 \u0111\u1eadp tr\u00ean 99%, chi\u1ebfc m\u00e1y n\u00e0y l\u00e0 m\u00e1y tu\u1ed1t ng\u0169 c\u1ed1c kh\u00f4ng th\u1ec3 s\u00e1nh b\u1eb1ng.<\/p>    <p class=\"translation-block\">L\u00e0 <a href=\"https:\/\/taizyagromachine.com\/vi\/\" target=\"_blank\" rel=\"noreferrer noopener\">m\u1ed9t nh\u00e0 s\u1ea3n xu\u1ea5t v\u00e0 cung c\u1ea5p m\u00e1y m\u00f3c n\u00f4ng nghi\u1ec7p chuy\u00ean nghi\u1ec7p<\/a>, c\u00f3 ba m\u1eabu: 5TGQ-100A, 5TGQ-100B v\u00e0 5TGQ-100C. C\u00e1c m\u1eabu kh\u00e1c nhau c\u00f3 s\u1eb5n t\u00f9y thu\u1ed9c v\u00e0o c\u00f4ng su\u1ea5t. Ngo\u00e0i ra, m\u00e1y thu ho\u1ea1ch ng\u0169 c\u1ed1c c\u1ee7a ch\u00fang t\u00f4i th\u01b0\u1eddng \u0111\u01b0\u1ee3c c\u00e1c ch\u00ednh ph\u1ee7 ch\u00e2u Phi mua cho c\u00e1c d\u1ef1 \u00e1n ch\u00ednh ph\u1ee7 kh\u00e1c nhau.<\/p>    <h2 class=\"wp-block-heading\"><strong>C\u00e1c lo\u1ea1i m\u00e1y tu\u1ed1t l\u00faa \u0111a c\u00e2y tr\u1ed3ng l\u00faa mi\u1ebfn, k\u00ea, c\u1ea3i d\u1ea7u<\/strong><\/h2>    <p>Ch\u00fang t\u00f4i c\u00f3 ba lo\u1ea1i m\u00e1y tu\u1ed1t l\u00faa mi\u1ebfn t\u1ea1i Taizy, m\u1ed7i lo\u1ea1i \u0111\u1ec1u c\u00f3 nh\u1eefng \u0111\u1eb7c \u0111i\u1ec3m ri\u00eang. D\u01b0\u1edbi \u0111\u00e2y b\u1ea1n s\u1ebd t\u00ecm th\u1ea5y ph\u1ea7n gi\u1edbi thi\u1ec7u v\u1ec1 t\u1eebng ng\u01b0\u1eddi trong s\u1ed1 h\u1ecd. Ch\u00fang t\u00f4i hy v\u1ecdng r\u1eb1ng nh\u1eefng \u0111i\u1ec1u sau \u0111\u00e2y s\u1ebd gi\u00fap b\u1ea1n hi\u1ec3u r\u00f5 h\u01a1n v\u1ec1 ba lo\u1ea1i m\u00e1y tu\u1ed1t l\u00faa mi\u1ebfn kh\u00e1c nhau c\u1ee7a ch\u00fang t\u00f4i v\u00e0 gi\u00fap b\u1ea1n hi\u1ec3u c\u01a1 b\u1ea3n v\u1ec1 lo\u1ea1i m\u00e1y n\u00e0y.<\/p>    <h3 class=\"wp-block-heading\"><strong>Lo\u1ea1i 1: M\u00e1y \u00e9p l\u00faa mi\u1ebfn 1000kg\/h<\/strong><\/h3>    <div class=\"wp-block-media-text alignwide is-stacked-on-mobile\"><figure class=\"wp-block-media-text__media\"><img loading=\"lazy\" decoding=\"async\" width=\"540\" height=\"720\" src=\"https:\/\/taizyagromachine.com\/wp-content\/uploads\/2022\/12\/large-sorghum-threshing-machine.webp\" alt=\"m\u00e1y tu\u1ed1t l\u00faa mi\u1ebfn l\u1edbn\" class=\"wp-image-4392 size-full\"\/><\/figure><div class=\"wp-block-media-text__content\"> <p>Lo\u1ea1i m\u00e1y tu\u1ed1t l\u00faa mi\u1ebfn n\u00e0y l\u00e0 lo\u1ea1i l\u1edbn nh\u1ea5t trong ba m\u1eabu. M\u00e1y n\u00e0y c\u00f3 c\u00f4ng su\u1ea5t 1000kg m\u1ed7i gi\u1edd v\u00e0 r\u1ea5t hi\u1ec7u qu\u1ea3. \u0110\u1ed1i v\u1edbi nh\u1eefng ng\u01b0\u1eddi n\u00f4ng d\u00e2n mu\u1ed1n tu\u1ed1t l\u00faa quy m\u00f4 l\u1edbn, chi\u1ebfc m\u00e1y n\u00e0y s\u1ebd gi\u00fap \u00edch r\u1ea5t nhi\u1ec1u.<\/p>    <p>Kh\u00f4ng ch\u1ec9 v\u1eady, chi\u1ebfc m\u00e1y n\u00e0y c\u00f2n c\u00f3 th\u1ec3 s\u1eed d\u1ee5ng v\u1edbi \u0111\u1ed9ng c\u01a1 \u0111i\u1ec7n, \u0111\u1ed9ng c\u01a1 diesel ho\u1eb7c k\u1ebft n\u1ed1i v\u1edbi PTO n\u00ean r\u1ea5t d\u1ec5 d\u00e0ng di chuy\u1ec3n. N\u1ebfu b\u1ea1n quan t\u00e2m \u0111\u1ebfn chi\u1ebfc m\u00e1y n\u00e0y, vui l\u00f2ng li\u00ean h\u1ec7 v\u1edbi ch\u00fang t\u00f4i!<\/p> <\/div><\/div>    <h3 class=\"wp-block-heading\"><strong>Lo\u1ea1i 2: 500-600kg\/gi\u1edd <a href=\"https:\/\/taizyagromachine.com\/vi\/product\/multifunctional-thresher\/\" target=\"_blank\" rel=\"noreferrer noopener\">M\u00e1y tu\u1ed1t l\u00faa \u0111a n\u0103ng<\/a><\/strong><\/h3>    <p>M\u00e1y tu\u1ed1t l\u00faa mi\u1ebfn n\u00e0y l\u00e0 m\u1ed9t lo\u1ea1i m\u00e1y b\u00e1n ch\u1ea1y t\u1ea1i Taizy, ch\u00fang t\u00f4i th\u01b0\u1eddng c\u00f3 kh\u00e1ch h\u00e0ng n\u01b0\u1edbc ngo\u00e0i mua h\u00e0ng t\u1eadp trung, lu\u00f4n c\u00f3 th\u00f9ng \u0111\u1ea7y h\u00e0ng. V\u1edbi c\u00f4ng su\u1ea5t 500-600kg m\u1ed7i gi\u1edd, chi\u1ebfc m\u00e1y n\u00e0y l\u00fd t\u01b0\u1edfng cho nh\u1eefng ng\u01b0\u1eddi tr\u1ed3ng tr\u1ecdt quy m\u00f4 v\u1eeba v\u00e0 nh\u1ecf. Chi\u1ebfc m\u00e1y n\u00e0y c\u0169ng r\u1ea5t \u0111\u01b0\u1ee3c c\u00e1c t\u1ed5 ch\u1ee9c t\u1eeb thi\u1ec7n \u01b0a chu\u1ed9ng.<\/p>    <p>M\u00e1y b\u00f3c v\u1ecf l\u00faa mi\u1ebfn c\u00f3 th\u1ec3 s\u1eed d\u1ee5ng \u0111\u1ed9ng c\u01a1 diesel, \u0111\u1ed9ng c\u01a1 \u0111i\u1ec7n ho\u1eb7c \u0111i\u1ec1u khi\u1ec3n b\u1eb1ng PTO. N\u00f3 r\u1ea5t th\u00e2n thi\u1ec7n v\u1edbi nh\u1eefng ng\u01b0\u1eddi thi\u1ebfu \u0111i\u1ec7n. N\u1ebfu c\u00f3 nhu c\u1ea7u h\u00e3y li\u00ean h\u1ec7 ngay v\u1edbi ch\u00fang t\u00f4i nh\u00e9!<\/p>    <figure class=\"wp-block-gallery aligncenter has-nested-images columns-default is-cropped wp-block-gallery-2 is-layout-flex wp-block-gallery-is-layout-flex\"> <figure class=\"wp-block-image size-large\"><img loading=\"lazy\" decoding=\"async\" width=\"720\" height=\"540\" data-id=\"4378\" src=\"https:\/\/taizyagromachine.com\/wp-content\/uploads\/2022\/12\/diesel-engine-thresher-machine.webp\" alt=\"m\u00e1y tu\u1ed1t l\u00faa \u0111\u1ed9ng c\u01a1 diesel\" class=\"wp-image-4378\"\/><figcaption class=\"wp-element-caption\">m\u00e1y tu\u1ed1t l\u00faa \u0111\u1ed9ng c\u01a1 diesel<\/figcaption><\/figure>    <figure class=\"wp-block-image size-large\"><img loading=\"lazy\" decoding=\"async\" width=\"720\" height=\"540\" data-id=\"4379\" src=\"https:\/\/taizyagromachine.com\/wp-content\/uploads\/2022\/12\/electric-motor-sorghum-thresher.webp\" alt=\"m\u00e1y tu\u1ed1t l\u00faa mi\u1ebfn ch\u1ea1y b\u1eb1ng \u0111\u1ed9ng c\u01a1 \u0111i\u1ec7n\" class=\"wp-image-4379\"\/><figcaption class=\"wp-element-caption\">m\u00e1y tu\u1ed1t l\u00faa mi\u1ebfn ch\u1ea1y b\u1eb1ng \u0111\u1ed9ng c\u01a1 \u0111i\u1ec7n<\/figcaption><\/figure>    <figure class=\"wp-block-image size-large\"><img loading=\"lazy\" decoding=\"async\" width=\"720\" height=\"540\" data-id=\"4380\" src=\"https:\/\/taizyagromachine.com\/wp-content\/uploads\/2022\/12\/PTO-driven-crop-thresher.webp\" alt=\"M\u00e1y tu\u1ed1t l\u00faa \u0111i\u1ec1u khi\u1ec3n b\u1eb1ng PTO\" class=\"wp-image-4380\"\/><figcaption class=\"wp-element-caption\">M\u00e1y tu\u1ed1t l\u00faa \u0111i\u1ec1u khi\u1ec3n b\u1eb1ng PTO<\/figcaption><\/figure> <\/figure>    <h4 class=\"wp-block-heading\"><strong>C\u1ea5u t\u1ea1o m\u00e1y tu\u1ed1t l\u00faa \u0111a v\u1ee5 5TGQ-100A &amp; 5TGQ-100B<\/strong><\/h4>    <figure class=\"wp-block-gallery aligncenter has-nested-images columns-default is-cropped wp-block-gallery-3 is-layout-flex wp-block-gallery-is-layout-flex\"> <figure class=\"wp-block-image size-large\"><img loading=\"lazy\" decoding=\"async\" width=\"540\" height=\"900\" data-id=\"4390\" src=\"https:\/\/taizyagromachine.com\/wp-content\/uploads\/2022\/12\/big-sorghum-thresher-structure.webp\" alt=\"c\u1ea5u tr\u00fac m\u00e1y tu\u1ed1t l\u00faa mi\u1ebfn l\u1edbn\" class=\"wp-image-4390\"\/><figcaption class=\"wp-element-caption\">c\u1ea5u tr\u00fac m\u00e1y tu\u1ed1t l\u00faa mi\u1ebfn l\u1edbn<\/figcaption><\/figure>    <figure class=\"wp-block-image size-large\"><img loading=\"lazy\" decoding=\"async\" width=\"540\" height=\"900\" data-id=\"4391\" src=\"https:\/\/taizyagromachine.com\/wp-content\/uploads\/2022\/12\/PTO-big-tires.webp\" alt=\"PTO &amp; l\u1ed1p l\u1edbn\" class=\"wp-image-4391\"\/><figcaption class=\"wp-element-caption\">PTO &amp; l\u1ed1p l\u1edbn<\/figcaption><\/figure> <\/figure>    <figure class=\"wp-block-table\"><table><tbody><tr><td>C\u00f3\/kh\u00f4ng<\/td><td>Ph\u1ea7n m\u00e1y<\/td><td>C\u00f3\/kh\u00f4ng<\/td><td>Ph\u1ea7n m\u00e1y<\/td><\/tr><tr><td>1<\/td><td>C\u1eeda v\u00e0o<\/td><td>4<\/td><td>C\u1eeda tho\u00e1t b\u1ee5i<\/td><\/tr><tr><td>2<\/td><td>L\u01b0\u1edbi m\u00e0n h\u00ecnh<\/td><td>5<\/td><td>C\u1eeda h\u00e0ng Icker<\/td><\/tr><tr><td>3<\/td><td>Ch\u1ed7 tho\u00e1t<\/td><td>6<\/td><td>\u0110\u1ed9ng c\u01a1 diesel<\/td><\/tr><\/tbody><\/table><\/figure>    <p>M\u00e1y tu\u1ed1t l\u00faa mi\u1ebfn n\u00e0y c\u0169ng c\u00f3 s\u1eb5n \u0111\u1ed9ng c\u01a1, PTO v\u00e0 m\u00e1y n\u00e0y c\u00f3 th\u1ec3 \u0111\u01b0\u1ee3c trang b\u1ecb l\u1ed1p l\u1edbn, t\u00f9y theo nhu c\u1ea7u c\u1ee7a kh\u00e1ch h\u00e0ng.<\/p>    <h3 class=\"wp-block-heading\"><strong>Lo\u1ea1i 3: M\u00e1y tu\u1ed1t l\u00faa mi\u1ebfn 400kg\/h<\/strong><\/h3>    <p>M\u00e1y n\u00e0y l\u00e0 lo\u1ea1i nh\u1ecf nh\u1ea5t trong ba lo\u1ea1i v\u00e0 ph\u00f9 h\u1ee3p cho ng\u01b0\u1eddi tr\u1ed3ng quy m\u00f4 nh\u1ecf. V\u1edbi c\u00f4ng su\u1ea5t 400kg\/gi\u1edd, chi\u1ebfc m\u00e1y n\u00e0y r\u1ea5t ti\u1ebft ki\u1ec7m. N\u00f3 c\u0169ng c\u00f3 th\u1ec3 \u0111\u01b0\u1ee3c s\u1eed d\u1ee5ng v\u1edbi \u0111\u1ed9ng c\u01a1 \u0111i\u1ec7n, x\u0103ng ho\u1eb7c diesel, t\u00f9y theo nhu c\u1ea7u c\u1ee7a kh\u00e1ch h\u00e0ng.<\/p>    <p>N\u1ebfu b\u1ea1n kh\u00f4ng ch\u1eafc ch\u1eafn lo\u1ea1i m\u00e1y tu\u1ed1t l\u00faa mi\u1ebfn n\u00e0o ph\u00f9 h\u1ee3p v\u1edbi m\u00ecnh, b\u1ea1n c\u00f3 th\u1ec3 li\u00ean h\u1ec7 v\u1edbi ch\u00fang t\u00f4i v\u00e0 c\u00e1c chuy\u00ean gia c\u1ee7a ch\u00fang t\u00f4i s\u1ebd gi\u1edbi thi\u1ec7u lo\u1ea1i m\u00e1y ph\u00f9 h\u1ee3p nh\u1ea5t cho nhu c\u1ea7u c\u1ee7a b\u1ea1n!<\/p>    <figure class=\"wp-block-gallery aligncenter has-nested-images columns-default is-cropped wp-block-gallery-4 is-layout-flex wp-block-gallery-is-layout-flex\"> <figure class=\"wp-block-image size-large\"><img loading=\"lazy\" decoding=\"async\" width=\"720\" height=\"540\" data-id=\"4383\" src=\"https:\/\/taizyagromachine.com\/wp-content\/uploads\/2022\/12\/electric-motor-sorghum-threshing-machine.webp\" alt=\"m\u00e1y tu\u1ed1t l\u00faa mi\u1ebfn ch\u1ea1y b\u1eb1ng \u0111\u1ed9ng c\u01a1 \u0111i\u1ec7n\" class=\"wp-image-4383\"\/><figcaption class=\"wp-element-caption\">m\u00e1y tu\u1ed1t l\u00faa mi\u1ebfn ch\u1ea1y b\u1eb1ng \u0111\u1ed9ng c\u01a1 \u0111i\u1ec7n<\/figcaption><\/figure>    <figure class=\"wp-block-image size-large\"><img loading=\"lazy\" decoding=\"async\" width=\"720\" height=\"540\" data-id=\"4384\" src=\"https:\/\/taizyagromachine.com\/wp-content\/uploads\/2022\/12\/small-sorghum-millet-thresher.webp\" alt=\"m\u00e1y tu\u1ed1t l\u00faa mi\u1ebfn nh\u1ecf\" class=\"wp-image-4384\"\/><figcaption class=\"wp-element-caption\">m\u00e1y tu\u1ed1t l\u00faa mi\u1ebfn nh\u1ecf<\/figcaption><\/figure>    <figure class=\"wp-block-image size-large\"><img loading=\"lazy\" decoding=\"async\" width=\"720\" height=\"540\" data-id=\"4382\" src=\"https:\/\/taizyagromachine.com\/wp-content\/uploads\/2022\/12\/5TGQ-100C-sheller-machine.webp\" alt=\"M\u00e1y b\u00f3c v\u1ecf 5TGQ-100C\" class=\"wp-image-4382\"\/><figcaption class=\"wp-element-caption\">M\u00e1y b\u00f3c v\u1ecf 5TGQ-100C<\/figcaption><\/figure> <\/figure>    <h4 class=\"wp-block-heading\"><strong>C\u1ea5u t\u1ea1o c\u1ee7a m\u00e1y tu\u1ed1t l\u00faa mi\u1ebfn 5TGQ-100C <\/strong><\/h4>   <div class=\"wp-block-image\"> <figure class=\"aligncenter size-full\"><img loading=\"lazy\" decoding=\"async\" width=\"720\" height=\"540\" src=\"https:\/\/taizyagromachine.com\/wp-content\/uploads\/2022\/12\/structure-of-small-sorghum-threshing-machine.webp\" alt=\"c\u1ea5u tr\u00fac c\u1ee7a m\u00e1y tu\u1ed1t l\u00faa mi\u1ebfn nh\u1ecf\" class=\"wp-image-4388\"\/><figcaption class=\"wp-element-caption\">c\u1ea5u tr\u00fac c\u1ee7a m\u00e1y tu\u1ed1t l\u00faa mi\u1ebfn nh\u1ecf<\/figcaption><\/figure> <\/div>   <figure class=\"wp-block-table\"><table><tbody><tr><td>C\u00f3\/kh\u00f4ng<\/td><td>N\u1ed9i dung ch\u1ec9 \u0111\u1ecbnh<\/td><\/tr><tr><td>M\u1ed8T<\/td><td>\u0110\u1ea7u v\u00e0o \u2013 c\u00f4ng nh\u00e2n \u0111\u01b0a nguy\u00ean li\u1ec7u v\u00e0o \u0111\u1ea7u v\u00e0o<\/td><\/tr><tr><td>B<\/td><td>\u1ed4 c\u1eafm Icker \u2013 icker s\u1ebd \u0111\u01b0\u1ee3c th\u1ea3i ra kh\u1ecfi \u1ed5 c\u1eafm<\/td><\/tr><tr><td>C<\/td><td>C\u1eeda h\u00e0ng h\u1ea1t gi\u1ed1ng \u2013 c\u1eeda h\u00e0ng n\u00e0y cung c\u1ea5p c\u00e1c s\u1ea3n ph\u1ea9m cu\u1ed1i c\u00f9ng t\u1ed1t v\u00e0 s\u1ea3n ph\u1ea9m cu\u1ed1i c\u00f9ng s\u1ebd r\u1ea5t s\u1ea1ch<\/td><\/tr><tr><td>D<\/td><td>\u1ed4 c\u1eafm t\u1ea1p ch\u1ea5t - b\u1ee5i s\u1ebd \u0111\u01b0\u1ee3c th\u1ea3i ra t\u1eeb \u1ed5 c\u1eafm n\u00e0y<\/td><\/tr><tr><td>E<\/td><td>\u0110\u1ed9ng c\u01a1 \u2013 \u0111\u1ed9ng c\u01a1 \u0111i\u1ec7n n\u00e0y c\u00f3 th\u1ec3 \u0111\u01b0\u1ee3c thay \u0111\u1ed5i th\u00e0nh \u0111\u1ed9ng c\u01a1 x\u0103ng ho\u1eb7c diesel<\/td><\/tr><\/tbody><\/table><\/figure>    <h2 class=\"wp-block-heading\"><strong>\u1ee8ng d\u1ee5ng c\u1ee7a m\u00e1y tu\u1ed1t l\u00faa mi\u1ebfn Taizy<\/strong><\/h2>    <p>M\u00e1y xay x\u00e1t \u0111a ch\u1ee9c n\u0103ng c\u1ee7a ch\u00fang t\u00f4i ch\u1ee7 y\u1ebfu d\u00f9ng \u0111\u1ec3 x\u00e1t l\u00faa m\u1ea1ch, ng\u00f4, v\u00e0 h\u1ea1t c\u1ea3i, v\u00e0 c\u00e1c \u1ee9ng d\u1ee5ng c\u1ee7a n\u00f3 t\u01b0\u01a1ng t\u1ef1 nh\u01b0 ba lo\u1ea1i h\u1ea1t n\u00e0y. N\u1ebfu b\u1ea1n c\u00f3 b\u1ea5t k\u1ef3 c\u00e2u h\u1ecfi n\u00e0o, b\u1ea1n c\u00f3 th\u1ec3 li\u00ean h\u1ec7 v\u1edbi ch\u00fang t\u00f4i v\u00e0 qu\u1ea3n l\u00fd b\u00e1n h\u00e0ng c\u1ee7a ch\u00fang t\u00f4i s\u1ebd gi\u1edbi thi\u1ec7u m\u00e1y ph\u00f9 h\u1ee3p nh\u1ea5t cho b\u1ea1n d\u1ef1a tr\u00ean lo\u1ea1i h\u1ea1t c\u1ee7a b\u1ea1n!<\/p>   <div class=\"wp-block-image\"> <figure class=\"aligncenter size-full\"><img loading=\"lazy\" decoding=\"async\" width=\"720\" height=\"540\" src=\"https:\/\/taizyagromachine.com\/wp-content\/uploads\/2022\/12\/applications-of-sorghum-thresher-machine.webp\" alt=\"\u1ee9ng d\u1ee5ng c\u1ee7a m\u00e1y tu\u1ed1t l\u00faa mi\u1ebfn\" class=\"wp-image-4374\"\/><figcaption class=\"wp-element-caption\">\u1ee9ng d\u1ee5ng c\u1ee7a m\u00e1y tu\u1ed1t l\u00faa mi\u1ebfn<\/figcaption><\/figure> <\/div>   <h2 class=\"wp-block-heading\"><strong>\u0110\u1eb7c \u0111i\u1ec3m c\u1ee7a l\u00faa mi\u1ebfn k\u00ea<\/strong><\/h2>    <ol class=\"wp-block-list\"> <li>M\u00e1y tu\u1ed1t l\u00faa n\u00e0y c\u00f3 th\u1ec3 \u0111\u1eadp l\u00faa mi\u1ebfn, k\u00ea v\u00e0 h\u1ea1t c\u1ea3i d\u1ea7u v\u1edbi t\u1ed1c \u0111\u1ed9 \u0111\u1eadp 99%.<\/li>    <li>M\u00e1y n\u00e0y c\u00f3 th\u1ec3 \u0111\u01b0\u1ee3c s\u1eed d\u1ee5ng v\u1edbi \u0111\u1ed9ng c\u01a1 \u0111i\u1ec7n ho\u1eb7c \u0111\u1ed9ng c\u01a1 diesel, r\u1ea5t th\u00e2n thi\u1ec7n v\u1edbi nh\u1eefng khu v\u1ef1c c\u00f3 \u0111i\u1ec7n k\u00e9m ph\u00e1t tri\u1ec3n.<\/li>    <li>M\u00e1y tu\u1ed1t l\u00faa mi\u1ebfn \u0111\u01b0\u1ee3c thi\u1ebft k\u1ebf khoa h\u1ecdc, k\u1ebft c\u1ea5u ch\u1eafc ch\u1eafn, \u1ed5n \u0111\u1ecbnh, d\u1ec5 v\u1eadn h\u00e0nh.<\/li>    <li>M\u00e1y \u0111\u01b0\u1ee3c thi\u1ebft k\u1ebf cho c\u00e1c lo\u1ea1i ng\u0169 c\u1ed1c kh\u00e1c nhau v\u00e0 c\u1ea7n \u0111\u01b0\u1ee3c thay th\u1ebf b\u1eb1ng m\u00e0n h\u00ecnh ph\u00f9 h\u1ee3p.<\/li>    <li>M\u00e1y c\u00f3 th\u1ec3 \u0111\u01b0\u1ee3c trang b\u1ecb b\u00e1nh xe l\u1edbn, \u0111\u1ed3ng th\u1eddi c\u00f3 th\u1ec3 s\u1eed d\u1ee5ng k\u1ebft n\u1ed1i PTO v\u00e0 m\u00e1y k\u00e9o r\u1ea5t ti\u1ec7n l\u1ee3i.<\/li> <\/ol>    <h2 class=\"wp-block-heading\"><strong>C\u00e1c tr\u01b0\u1eddng h\u1ee3p th\u00e0nh c\u00f4ng c\u1ee7a m\u00e1y tu\u1ed1t l\u00faa mi\u1ebfn Taizy<\/strong><\/h2>    <p>M\u00e1y b\u00f3c v\u1ecf l\u00faa mi\u1ebfn c\u1ee7a ch\u00fang t\u00f4i r\u1ea5t ph\u1ed5 bi\u1ebfn tr\u00ean th\u1ecb tr\u01b0\u1eddng qu\u1ed1c t\u1ebf, th\u01b0\u1eddng \u0111\u01b0\u1ee3c xu\u1ea5t kh\u1ea9u b\u00e1n l\u1ebb v\u00e0 m\u1ed7i l\u1ea7n kh\u00e1ch h\u00e0ng mua m\u00e1y c\u1ee7a ch\u00fang t\u00f4i v\u1edbi s\u1ed1 l\u01b0\u1ee3ng l\u1edbn cho c\u00e1c d\u1ef1 \u00e1n c\u1ee7a ch\u00ednh ph\u1ee7 ho\u1eb7c mua h\u00e0ng c\u1ee7a ch\u00ednh ph\u1ee7. V\u00ed d\u1ee5: Kenya, Nigeria v\u00e0 c\u00e1c qu\u1ed1c gia kh\u00e1c. H\u00ecnh \u1ea3nh b\u00ean d\u01b0\u1edbi l\u00e0 c\u1ea3nh v\u1eadn chuy\u1ec3n c\u1ee7a ch\u00fang t\u00f4i khi kh\u00e1ch h\u00e0ng mua m\u00e1y tu\u1ed1t l\u00faa v\u1edbi s\u1ed1 l\u01b0\u1ee3ng l\u1edbn.<\/p>    <figure class=\"wp-block-gallery aligncenter has-nested-images columns-default is-cropped wp-block-gallery-5 is-layout-flex wp-block-gallery-is-layout-flex\"> <figure class=\"wp-block-image size-large\"><img loading=\"lazy\" decoding=\"async\" width=\"540\" height=\"720\" data-id=\"4365\" src=\"https:\/\/taizyagromachine.com\/wp-content\/uploads\/2022\/12\/packing-sorghum-thresher-machine.webp\" alt=\"m\u00e1y \u0111\u00f3ng g\u00f3i l\u00faa mi\u1ebfn\" class=\"wp-image-4365\"\/><figcaption class=\"wp-element-caption\">m\u00e1y \u0111\u00f3ng g\u00f3i l\u00faa mi\u1ebfn<\/figcaption><\/figure>    <figure class=\"wp-block-image size-large\"><img loading=\"lazy\" decoding=\"async\" width=\"540\" height=\"720\" data-id=\"4366\" src=\"https:\/\/taizyagromachine.com\/wp-content\/uploads\/2022\/12\/sorghum-threshing-machine-1.webp\" alt=\"m\u00e1y tu\u1ed1t l\u00faa mi\u1ebfn\" class=\"wp-image-4366\"\/><figcaption class=\"wp-element-caption\">m\u00e1y tu\u1ed1t l\u00faa mi\u1ebfn<\/figcaption><\/figure> <\/figure>    <h2 class=\"wp-block-heading\"><strong>Th\u00f4ng s\u1ed1 k\u1ef9 thu\u1eadt c\u1ee7a m\u00e1y tu\u1ed1t l\u00faa mi\u1ebfn<\/strong><\/h2>    <figure class=\"wp-block-table\"><table><tbody><tr><td>Ng\u01b0\u1eddi m\u1eabu<\/td><td>5TGQ-100A<\/td><td>5TGQ-100B<\/td><td>5TGQ-100C<\/td><\/tr><tr><td>Quy\u1ec1n l\u1ef1c<\/td><td>7,5-11kw ho\u1eb7c 12-15hp<\/td><td>4-5,5kw ho\u1eb7c 6-8hp<\/td><td>3kw ho\u1eb7c 6hp<\/td><\/tr><tr><td>T\u1ef7 l\u1ec7 bong tr\u00f3c<\/td><td>99%<\/td><td>99%<\/td><td>99%<\/td><\/tr><tr><td>Dung t\u00edch<\/td><td>1000kg\/gi\u1edd<\/td><td>500-600kg\/gi\u1edd<\/td><td>400kg\/gi\u1edd<\/td><\/tr><tr><td>C\u00e2n n\u1eb7ng<\/td><td>300kg<\/td><td>200kg<\/td><td>120kg<\/td><\/tr><tr><td>K\u00edch c\u1ee1<\/td><td>1800*1000*2300mm<\/td><td>1700*900*2000mm<\/td><td>1650*1200*950mm<\/td><\/tr><tr><td>\u0111\u00f3ng g\u00f3i<\/td><td>1800*800*1700mm<\/td><td>1700*530*1300mm<\/td><td>1650*530*930mm<\/td><\/tr><\/tbody><\/table><\/figure>    <h2 class=\"wp-block-heading\"><strong>Video M\u00e1y tu\u1ed1t l\u00faa mi\u1ebfn Taizy<\/strong> <strong>\u2013 L\u00e0m th\u1ebf n\u00e0o \u0111\u1ec3 \u0111\u1eadp l\u00faa mi\u1ebfn, k\u00ea?<\/strong><\/h2>    <figure class=\"wp-block-embed is-type-video is-provider-youtube wp-block-embed-youtube wp-embed-aspect-16-9 wp-has-aspect-ratio\"><div class=\"wp-block-embed__wrapper\"> <iframe loading=\"lazy\" title=\"M\u00e1y tu\u1ed1t l\u00faa mi\u1ebfn Taizy cho k\u00ea, k\u00ea ng\u1ecdc trai, l\u00faa mi\u1ebfn, h\u1ea1t c\u1ea3i d\u1ea7u-M\u00e1y tu\u1ed1t l\u00faa \u0111a ch\u1ee9c n\u0103ng\" width=\"500\" height=\"281\" src=\"https:\/\/www.youtube.com\/embed\/ypdBGXZhrZs?feature=oembed\" frameborder=\"0\" allow=\"accelerometer; autoplay; clipboard-write; encrypted-media; gyroscope; picture-in-picture; web-share\" referrerpolicy=\"strict-origin-when-cross-origin\" allowfullscreen><\/iframe> <\/div><\/figure>","protected":false},"excerpt":{"rendered":"<p>The 5TGQ series sorghum threshing machine is a sheller developed by our company specifically for sorghum, millet, and rapeseed. With a threshing rate of over 99%, this machine is an unbeatable grain thresher. As a professional manufacturer and supplier of agricultural machinery, there are three models: 5TGQ-100A, 5TGQ-100B, and 5TGQ-100C. Different models are available depending [&hellip;]<\/p>\n","protected":false},"author":1,"featured_media":4359,"parent":0,"template":"","tags":[198,207],"product-type":[22],"class_list":["post-4358","product","type-product","status-publish","has-post-thumbnail","hentry","tag-multifunctional-thresher","tag-sorghum-threshing-machine","product-type-others"],"_links":{"self":[{"href":"https:\/\/taizyagromachine.com\/vi\/wp-json\/wp\/v2\/product\/4358","targetHints":{"allow":["GET"]}}],"collection":[{"href":"https:\/\/taizyagromachine.com\/vi\/wp-json\/wp\/v2\/product"}],"about":[{"href":"https:\/\/taizyagromachine.com\/vi\/wp-json\/wp\/v2\/types\/product"}],"author":[{"embeddable":true,"href":"https:\/\/taizyagromachine.com\/vi\/wp-json\/wp\/v2\/users\/1"}],"wp:featuredmedia":[{"embeddable":true,"href":"https:\/\/taizyagromachine.com\/vi\/wp-json\/wp\/v2\/media\/4359"}],"wp:attachment":[{"href":"https:\/\/taizyagromachine.com\/vi\/wp-json\/wp\/v2\/media?parent=4358"}],"wp:term":[{"taxonomy":"post_tag","embeddable":true,"href":"https:\/\/taizyagromachine.com\/vi\/wp-json\/wp\/v2\/tags?post=4358"},{"taxonomy":"product-type","embeddable":true,"href":"https:\/\/taizyagromachine.com\/vi\/wp-json\/wp\/v2\/product-type?post=4358"}],"curies":[{"name":"wp","href":"https:\/\/api.w.org\/{rel}","templated":true}]}}