{"id":4407,"date":"2022-12-29T11:06:32","date_gmt":"2022-12-29T03:06:32","guid":{"rendered":"https:\/\/taizyagromachine.com\/?post_type=product&#038;p=4407"},"modified":"2022-12-29T16:34:35","modified_gmt":"2022-12-29T08:34:35","slug":"corn-peeling-machine","status":"publish","type":"product","link":"https:\/\/taizyagromachine.com\/vi\/product\/corn-peeling-machine\/","title":{"rendered":"M\u00e1y b\u00f3c v\u1ecf ng\u00f4 nh\u1ecf \u0111\u1ec3 lo\u1ea1i b\u1ecf v\u1ecf ng\u00f4"},"content":{"rendered":"<p class=\"translation-block\">M\u00e1y g\u1ecdt v\u1ecf ng\u00f4 n\u00e0y ch\u1ee7 y\u1ebfu \u0111\u01b0\u1ee3c d\u00f9ng \u0111\u1ec3 lo\u1ea1i b\u1ecf v\u1ecf ng\u00f4 ph\u1ee5c v\u1ee5 cho qu\u00e1 tr\u00ecnh ti\u1ebfp theo. B\u00ean c\u1ea1nh \u0111\u00f3, m\u00e1y n\u00e0y c\u0169ng d\u00f9ng cho l\u00faa m\u00ec. Sau khi g\u1ecdt v\u1ecf, n\u00f3 th\u01b0\u1eddng ph\u1ed1i h\u1ee3p v\u1edbi <a href=\"https:\/\/taizyagromachine.com\/vi\/product\/disk-mill-machine\/\" target=\"_blank\" rel=\"noreferrer noopener\">m\u00e1y xay ng\u00f4<\/a> \u0111\u1ec3 t\u1ea1o th\u00e0nh b\u1ed9t m\u1ecbn. <\/p>    <p class=\"translation-block\">V\u1edbi s\u1ef1 ph\u00e1t tri\u1ec3n c\u1ee7a th\u1eddi \u0111\u1ea1i, m\u00e1y m\u00f3c n\u00f4ng nghi\u1ec7p c\u1ee7a ch\u00fang t\u00f4i c\u0169ng c\u00f3 nh\u1eefng thay \u0111\u1ed5i nhanh ch\u00f3ng, s\u1eed d\u1ee5ng <a href=\"https:\/\/taizyagromachine.com\/vi\/product\/maize-grits-milling-machine\/\" target=\"_blank\" rel=\"noreferrer noopener\">m\u00e1y l\u00e0m ng\u00f4 h\u1ea1t<\/a> c\u00f3 th\u1ec3 \u0111\u1ea1t \u0111\u01b0\u1ee3c c\u1ea3 ch\u1ee9c n\u0103ng b\u00f3c v\u1ecf ng\u00f4 v\u00e0 l\u00e0m ng\u00f4 h\u1ea1t. N\u00f3 ch\u1ee7 y\u1ebfu ph\u1ee5 thu\u1ed9c v\u00e0o k\u1ebf ho\u1ea1ch c\u1ee7a b\u1ea1n. N\u1ebfu b\u1ea1n quan t\u00e2m, vui l\u00f2ng li\u00ean h\u1ec7 v\u1edbi ch\u00fang t\u00f4i \u0111\u1ec3 bi\u1ebft th\u00eam th\u00f4ng tin!<\/p>    <h2 class=\"wp-block-heading\"><strong>C\u1ea7n b\u00e1n c\u00e1c lo\u1ea1i m\u00e1y b\u00f3c v\u1ecf ng\u00f4 \u0111a ch\u1ee9c n\u0103ng<\/strong><\/h2>    <p class=\"translation-block\">L\u00e0 <a href=\"https:\/\/taizyagromachine.com\/vi\/\" target=\"_blank\" rel=\"noreferrer noopener\">nh\u00e0 s\u1ea3n xu\u1ea5t v\u00e0 cung c\u1ea5p m\u00e1y n\u00f4ng nghi\u1ec7p chuy\u00ean nghi\u1ec7p<\/a>, m\u00e1y t\u01b0\u1edbc v\u1ecf ng\u00f4 c\u1ee7a ch\u00fang t\u00f4i c\u00f3 th\u1ec3 ho\u1ea1t \u0111\u1ed9ng v\u1edbi \u0111\u1ed9ng c\u01a1 \u0111i\u1ec7n ho\u1eb7c diesel. \u0110\u1ed1i v\u1edbi nh\u1eefng ng\u01b0\u1eddi th\u00edch m\u00e1y c\u00f3 nhi\u1ec1u c\u1ea5u h\u00ecnh ngu\u1ed3n \u0111i\u1ec7n, \u0111\u00e2y l\u00e0 s\u1ef1 l\u1ef1a ch\u1ecdn l\u00fd t\u01b0\u1edfng.<\/p>    <p class=\"translation-block\">M\u00e1y g\u1ecdt v\u1ecf ng\u00f4 n\u00e0y r\u1ea5t \u0111\u01b0\u1ee3c kh\u00e1ch h\u00e0ng \u01b0a chu\u1ed9ng nh\u1edd hi\u1ec7u su\u1ea5t t\u1ed1t, d\u1ec5 di chuy\u1ec3n, thi\u1ebft k\u1ebf g\u1ecdn v\u00e0 k\u1ebft c\u1ea5u h\u1ee3p l\u00fd. Th\u00f4ng th\u01b0\u1eddng kh\u00e1ch h\u00e0ng mua c\u1ea3 k\u00e9t m\u00e1y ho\u1eb7c mua k\u00e8m v\u1edbi c\u00e1c m\u00e1y kh\u00e1c, v\u00ed d\u1ee5, <a href=\"https:\/\/taizyagromachine.com\/vi\/info\/corn-grinder-machine-australia\/\" target=\"_blank\" rel=\"noreferrer noopener\">m\u1ed9t kh\u00e1ch h\u00e0ng \u1edf Australia g\u1ea7n \u0111\u00e2y \u0111\u00e3 mua m\u00e1y g\u1ecdt ng\u00f4 bao g\u1ed3m m\u00e1y g\u1ecdt v\u1ecf ng\u00f4<\/a> t\u1eeb ch\u00fang t\u00f4i.<\/p>    <figure class=\"wp-block-gallery aligncenter has-nested-images columns-default is-cropped wp-block-gallery-2 is-layout-flex wp-block-gallery-is-layout-flex\"> <figure class=\"wp-block-image size-full\"><img loading=\"lazy\" decoding=\"async\" width=\"540\" height=\"720\" data-id=\"4416\" src=\"https:\/\/taizyagromachine.com\/wp-content\/uploads\/2022\/12\/electric-motor-maize-peeler.webp\" alt=\"m\u00e1y b\u00f3c v\u1ecf ng\u00f4 b\u1eb1ng \u0111\u1ed9ng c\u01a1 \u0111i\u1ec7n\" class=\"wp-image-4416\"\/><figcaption class=\"wp-element-caption\">m\u00e1y b\u00f3c v\u1ecf ng\u00f4 ch\u1ea1y b\u1eb1ng \u0111\u1ed9ng c\u01a1 \u0111i\u1ec7n<\/figcaption><\/figure>    <figure class=\"wp-block-image size-full\"><img loading=\"lazy\" decoding=\"async\" width=\"540\" height=\"720\" data-id=\"4417\" src=\"https:\/\/taizyagromachine.com\/wp-content\/uploads\/2022\/12\/diesel-engined-corn-peeler.webp\" alt=\"m\u00e1y b\u00f3c v\u1ecf ng\u00f4 ch\u1ea1y b\u1eb1ng \u0111\u1ed9ng c\u01a1 diesel\" class=\"wp-image-4417\"\/><figcaption class=\"wp-element-caption\">m\u00e1y b\u00f3c v\u1ecf ng\u00f4 ch\u1ea1y b\u1eb1ng \u0111\u1ed9ng c\u01a1 diesel<\/figcaption><\/figure> <\/figure>    <h2 class=\"wp-block-heading\"><strong>Thi\u1ebft k\u1ebf m\u00e1y b\u00f3c v\u1ecf ng\u00f4 l\u00e0 g\u00ec?<\/strong><\/h2>   <div class=\"wp-block-image\"> <figure class=\"aligncenter size-full\"><img loading=\"lazy\" decoding=\"async\" width=\"720\" height=\"540\" src=\"https:\/\/taizyagromachine.com\/wp-content\/uploads\/2022\/12\/structure-of-the-corn-skin-peeling-machine.webp\" alt=\"c\u1ea5u t\u1ea1o c\u1ee7a m\u00e1y b\u00f3c v\u1ecf ng\u00f4\" class=\"wp-image-4414\"\/><figcaption class=\"wp-element-caption\">c\u1ea5u t\u1ea1o c\u1ee7a m\u00e1y b\u00f3c v\u1ecf ng\u00f4<\/figcaption><\/figure> <\/div>   <figure class=\"wp-block-table\"><table><tbody><tr><td class=\"has-text-align-center\" data-align=\"center\">C\u00f3\/kh\u00f4ng<\/td><td class=\"has-text-align-center\" data-align=\"center\">Ph\u1ea7n m\u00e1y<\/td><td class=\"has-text-align-center\" data-align=\"center\">C\u00f3\/kh\u00f4ng<\/td><td class=\"has-text-align-center\" data-align=\"center\">Ph\u1ea7n m\u00e1y<\/td><\/tr><tr><td class=\"has-text-align-center\" data-align=\"center\">1<\/td><td class=\"has-text-align-center\" data-align=\"center\">trung chuy\u1ec3n<\/td><td class=\"has-text-align-center\" data-align=\"center\">4<\/td><td class=\"has-text-align-center\" data-align=\"center\">Ki\u1ec3m so\u00e1t t\u1ed1c \u0111\u1ed9 n\u1ea1p<\/td><\/tr><tr><td class=\"has-text-align-center\" data-align=\"center\">2<\/td><td class=\"has-text-align-center\" data-align=\"center\">L\u01b0\u1ee1i g\u1ecdt v\u1ecf<\/td><td class=\"has-text-align-center\" data-align=\"center\">5<\/td><td class=\"has-text-align-center\" data-align=\"center\">C\u1eeda h\u00e0ng h\u1ea1t nh\u1ecf<\/td><\/tr><tr><td class=\"has-text-align-center\" data-align=\"center\">3<\/td><td class=\"has-text-align-center\" data-align=\"center\">\u0110\u1ea7u ra c\u1ee7a v\u1ecf da<\/td><td class=\"has-text-align-center\" data-align=\"center\">6<\/td><td class=\"has-text-align-center\" data-align=\"center\">C\u1eeda h\u00e0ng th\u00e0nh ph\u1ea9m<\/td><\/tr><\/tbody><\/table><\/figure>    <h2 class=\"wp-block-heading\"><strong>C\u00e1c y\u1ebfu t\u1ed1 \u1ea3nh h\u01b0\u1edfng \u0111\u1ebfn gi\u00e1 m\u00e1y b\u00f3c v\u1ecf ng\u00f4<\/strong><\/h2>    <p>Gi\u00e1 c\u1ee7a m\u00e1y b\u00f3c v\u1ecf ng\u00f4 b\u1ecb \u1ea3nh h\u01b0\u1edfng b\u1edfi nhi\u1ec1u kh\u00eda c\u1ea1nh kh\u00e1c nhau, ch\u1eb3ng h\u1ea1n nh\u01b0 l\u1ef1a ch\u1ecdn c\u00f4ng su\u1ea5t c\u1ee7a m\u00e1y, kho\u1ea3ng c\u00e1ch \u0111\u1ebfn qu\u1ed1c gia v\u1eadn chuy\u1ec3n, kho\u1ea3ng th\u1eddi gian mua, s\u1ed1 l\u01b0\u1ee3ng m\u00e1y c\u1ea7n mua, v.v. gi\u00e1 c\u1ee7a m\u00e1y. N\u1ebfu b\u1ea1n c\u00f3 nhu c\u1ea7u mua lo\u1ea1i m\u00e1y b\u00f3c v\u1ecf ng\u00f4 n\u00e0y h\u00e3y li\u00ean h\u1ec7 v\u1edbi ch\u00fang t\u00f4i, nh\u00e2n vi\u00ean b\u00e1n h\u00e0ng c\u1ee7a ch\u00fang t\u00f4i s\u1ebd cung c\u1ea5p cho b\u1ea1n gi\u1ea3i ph\u00e1p t\u1ed1t nh\u1ea5t theo nhu c\u1ea7u c\u1ee7a b\u1ea1n.<\/p>    <h2 class=\"wp-block-heading\"><strong>Tr\u01b0\u1eddng h\u1ee3p th\u00e0nh c\u00f4ng: 30 b\u1ed9 m\u00e1y b\u00f3c v\u1ecf ng\u00f4 \u0111\u01b0\u1ee3c b\u00e1n cho Bukifarnasso<\/strong><\/h2>    <p class=\"translation-block\">M\u1ed9t kh\u00e1ch h\u00e0ng t\u1eeb Bukifarnasso \u0111\u00e3 \u0111\u1eb7t mua 30 m\u00e1y g\u1ecdt ng\u00f4 t\u1eeb ch\u00fang t\u00f4i. Kh\u00e1ch h\u00e0ng li\u00ean h\u1ec7 qua whatsapp cho bi\u1ebft \u0111ang th\u1ef1c hi\u1ec7n m\u1ed9t d\u1ef1 \u00e1n \u0111\u1ea5u th\u1ea7u v\u00e0 c\u1ea7n mua s\u1ed1 l\u01b0\u1ee3ng l\u1edbn c\u00e1c m\u00e1y n\u00e0y. Nh\u00e2n vi\u00ean b\u00e1n h\u00e0ng c\u1ee7a ch\u00fang t\u00f4i \u0111\u00e3 ch\u1ee7 \u0111\u1ed9ng h\u1ed7 tr\u1ee3 anh ta v\u1edbi c\u00e1c t\u00e0i li\u1ec7u c\u1ea7n thi\u1ebft cho h\u1ed3 s\u01a1 d\u1ef1 th\u1ea7u v\u00e0 d\u1ef1 \u00e1n \u0111\u00e3 gi\u00e0nh chi\u1ebfn th\u1eafng. Kh\u00e1ch h\u00e0ng c\u0169ng \u0111\u00e3 \u0111\u1eb7t mua tr\u1ef1c ti\u1ebfp 30 b\u1ed9 m\u00e1y g\u1ecdt ng\u00f4 <a href=\"https:\/\/en.wikipedia.org\/wiki\/Peeler\" target=\"_blank\" rel=\"noreferrer noopener\">peelers<\/a>. D\u01b0\u1edbi \u0111\u00e2y l\u00e0 h\u00ecnh \u1ea3nh s\u1ea3n xu\u1ea5t v\u00e0 \u0111\u00f3ng g\u00f3i &amp; v\u1eadn chuy\u1ec3n m\u00e1y.<\/p>    <figure class=\"wp-block-gallery aligncenter has-nested-images columns-default is-cropped wp-block-gallery-3 is-layout-flex wp-block-gallery-is-layout-flex\"> <figure class=\"wp-block-image size-large\"><img loading=\"lazy\" decoding=\"async\" width=\"540\" height=\"550\" data-id=\"4418\" src=\"https:\/\/taizyagromachine.com\/wp-content\/uploads\/2022\/12\/corn-peeling-machine-manufacturer-supplier.webp\" alt=\"nh\u00e0 s\u1ea3n xu\u1ea5t v\u00e0 cung c\u1ea5p m\u00e1y b\u00f3c v\u1ecf ng\u00f4\" class=\"wp-image-4418\"\/><figcaption class=\"wp-element-caption\">nh\u00e0 s\u1ea3n xu\u1ea5t v\u00e0 cung c\u1ea5p m\u00e1y b\u00f3c v\u1ecf ng\u00f4<\/figcaption><\/figure>    <figure class=\"wp-block-image size-large\"><img loading=\"lazy\" decoding=\"async\" width=\"540\" height=\"550\" data-id=\"4419\" src=\"https:\/\/taizyagromachine.com\/wp-content\/uploads\/2022\/12\/loading-and-shipping-corn-peeling-machine.webp\" alt=\"t\u1ea3i v\u00e0 v\u1eadn chuy\u1ec3n m\u00e1y b\u00f3c v\u1ecf ng\u00f4\" class=\"wp-image-4419\"\/><figcaption class=\"wp-element-caption\">t\u1ea3i v\u00e0 v\u1eadn chuy\u1ec3n m\u00e1y b\u00f3c v\u1ecf ng\u00f4<\/figcaption><\/figure> <\/figure>    <h2 class=\"wp-block-heading\"><strong>Th\u00f4ng s\u1ed1 k\u1ef9 thu\u1eadt c\u1ee7a m\u00e1y b\u00f3c v\u1ecf ng\u00f4 nh\u1ecf<\/strong><\/h2>    <figure class=\"wp-block-table\"><table><tbody><tr><td>T\u00ean m\u00e1y<\/td><td>M\u00e1y b\u00f3c v\u1ecf ng\u00f4<\/td><\/tr><tr><td>Quy\u1ec1n l\u1ef1c<\/td><td>\u0110\u1ed9ng c\u01a1 \u0111i\u1ec7n 5,5kw ho\u1eb7c \u0111\u1ed9ng c\u01a1 diesel 12hp<\/td><\/tr><tr><td>Dung t\u00edch<\/td><td>300-500kg\/gi\u1edd<\/td><\/tr><tr><td>C\u00e2n n\u1eb7ng<\/td><td>100kg<\/td><\/tr><tr><td>K\u00edch c\u1ee1<\/td><td>660*450*1020mm<\/td><\/tr><tr><td>kh\u1ed1i l\u01b0\u1ee3ng \u0111\u00f3ng g\u00f3i<\/td><td>0,6cbm<\/td><\/tr><tr><td>\u1ee8ng d\u1ee5ng<\/td><td>Ng\u00f4, l\u00faa m\u00ec<\/td><\/tr><\/tbody><\/table><\/figure>    <h2 class=\"wp-block-heading\"><strong>Video Taizy Farm S\u1eed D\u1ee5ng M\u00e1y B\u00f3c V\u1ecf Ng\u00f4 \u2013 L\u00e0m Th\u1ebf N\u00e0o \u0110\u1ec3 L\u1ed9t V\u1ecf Ng\u00f4?<\/strong><\/h2>    <figure class=\"wp-block-embed is-type-video is-provider-youtube wp-block-embed-youtube wp-embed-aspect-16-9 wp-has-aspect-ratio\"><div class=\"wp-block-embed__wrapper\"> <iframe loading=\"lazy\" title=\"M\u00e1y B\u00f3c V\u1ecf Ng\u00f4 Nh\u1ecf - B\u00e1n M\u00e1y B\u00f3c V\u1ecf Ng\u00f4 V\u1edbi Gi\u00e1 T\u1ed1t Nh\u1ea5t T\u1eeb Taizy 2022 #corns\" width=\"500\" height=\"281\" src=\"https:\/\/www.youtube.com\/embed\/GhLNC2FutO4?feature=oembed\" frameborder=\"0\" allow=\"accelerometer; autoplay; clipboard-write; encrypted-media; gyroscope; picture-in-picture; web-share\" referrerpolicy=\"strict-origin-when-cross-origin\" allowfullscreen><\/iframe> <\/div><\/figure>","protected":false},"excerpt":{"rendered":"<p>This corn peeling machine is mainly used to remove the maize skin for the preparation of the next process. Besides, this machine is also for the wheat. After peeling, it always works with the corn grinder machine for fine powder. With the development of the times, our agricultural machinery also has rapid changes, using the [&hellip;]<\/p>\n","protected":false},"author":1,"featured_media":4408,"parent":0,"template":"","tags":[189,208],"product-type":[17],"class_list":["post-4407","product","type-product","status-publish","has-post-thumbnail","hentry","tag-corn-grits-making-machine","tag-corn-peeling-machine","product-type-corn-machine"],"_links":{"self":[{"href":"https:\/\/taizyagromachine.com\/vi\/wp-json\/wp\/v2\/product\/4407","targetHints":{"allow":["GET"]}}],"collection":[{"href":"https:\/\/taizyagromachine.com\/vi\/wp-json\/wp\/v2\/product"}],"about":[{"href":"https:\/\/taizyagromachine.com\/vi\/wp-json\/wp\/v2\/types\/product"}],"author":[{"embeddable":true,"href":"https:\/\/taizyagromachine.com\/vi\/wp-json\/wp\/v2\/users\/1"}],"wp:featuredmedia":[{"embeddable":true,"href":"https:\/\/taizyagromachine.com\/vi\/wp-json\/wp\/v2\/media\/4408"}],"wp:attachment":[{"href":"https:\/\/taizyagromachine.com\/vi\/wp-json\/wp\/v2\/media?parent=4407"}],"wp:term":[{"taxonomy":"post_tag","embeddable":true,"href":"https:\/\/taizyagromachine.com\/vi\/wp-json\/wp\/v2\/tags?post=4407"},{"taxonomy":"product-type","embeddable":true,"href":"https:\/\/taizyagromachine.com\/vi\/wp-json\/wp\/v2\/product-type?post=4407"}],"curies":[{"name":"wp","href":"https:\/\/api.w.org\/{rel}","templated":true}]}}