{"id":4448,"date":"2023-01-03T15:20:28","date_gmt":"2023-01-03T07:20:28","guid":{"rendered":"https:\/\/taizyagromachine.com\/?post_type=product&#038;p=4448"},"modified":"2025-03-20T14:03:30","modified_gmt":"2025-03-20T06:03:30","slug":"hydraulic-hay-baler","status":"publish","type":"product","link":"https:\/\/taizyagromachine.com\/vi\/product\/hydraulic-hay-baler\/","title":{"rendered":"M\u00e1y \u00e9p c\u1ecf th\u1ee7y l\u1ef1c 2 xi lanh \u0111\u1ec3 \u00e9p ki\u1ec7n vu\u00f4ng"},"content":{"rendered":"<p class=\"translation-block\">M\u00e1y \u0111\u00f3ng ki\u1ec7n c\u1ecf kh\u00f4 th\u1ee7y l\u1ef1c n\u00e0y \u0111\u01b0\u1ee3c d\u00f9ng \u0111\u1ec3 \u0111\u00f3ng c\u00e1c lo\u1ea1i v\u1eadt li\u1ec7u \u1ee7 chua kh\u00e1c nhau nh\u01b0 r\u01a1m, r\u01a1m th\u00f4ng, c\u1ecf, v.v. th\u00e0nh ki\u1ec7n vu\u00f4ng. N\u00f3 th\u01b0\u1eddng \u0111\u01b0\u1ee3c g\u1ecdi l\u00e0 <a href=\"https:\/\/taizyagromachine.com\/vi\/product\/3-cylinder-hydraulic-silage-baler\/\" target=\"_blank\" rel=\"noreferrer noopener\">m\u00e1y \u0111\u00f3ng ki\u1ec7n \u1ee7 chua th\u1ee7y l\u1ef1c<\/a> 2 xi-lanh v\u00ec n\u00f3 c\u00f3 2 xi-lanh th\u1ee7y l\u1ef1c. M\u00e1y \u0111\u00f3ng ki\u1ec7n \u1ee7 chua c\u00f3 th\u1ec3 s\u1eed d\u1ee5ng \u0111\u1ed9ng c\u01a1 \u0111i\u1ec7n ho\u1eb7c \u0111\u1ed9ng c\u01a1 diesel, l\u00e0m cho n\u00f3 tr\u1edf th\u00e0nh m\u1ed9t l\u1ef1a ch\u1ecdn linh ho\u1ea1t.<\/p>   <div class=\"wp-block-image\"> <figure class=\"aligncenter size-full\"><img loading=\"lazy\" decoding=\"async\" width=\"720\" height=\"300\" src=\"https:\/\/taizyagromachine.com\/wp-content\/uploads\/2023\/01\/hydraulic-silage-press-baler-machine.webp\" alt=\"m\u00e1y \u00e9p ki\u1ec7n th\u1ee7y l\u1ef1c\" class=\"wp-image-4461\"\/><figcaption class=\"wp-element-caption\">m\u00e1y \u00e9p ki\u1ec7n th\u1ee7y l\u1ef1c<\/figcaption><\/figure> <\/div>   <p>Ngo\u00e0i ra, c\u00e1c ki\u1ec7n vu\u00f4ng \u0111\u01b0\u1ee3c t\u1ea1o th\u00e0nh t\u1eeb m\u00e1y \u0111\u00f3ng ki\u1ec7n \u1ee7 chua vu\u00f4ng n\u00e0y c\u1ea7n ph\u1ea3i \u0111\u01b0\u1ee3c \u0111\u00f3ng g\u00f3i trong c\u00e1c t\u00fai d\u1ec7t PE\/PP. Vi\u1ec7c \u0111\u00f3ng bao gi\u00fap th\u1ee9c \u0103n \u1ee7 chua kh\u00f4ng b\u1ecb m\u1ed1c.<\/p>    <figure class=\"wp-block-embed is-type-video is-provider-youtube wp-block-embed-youtube wp-embed-aspect-16-9 wp-has-aspect-ratio\"><div class=\"wp-block-embed__wrapper\"> <iframe loading=\"lazy\" title=\"M\u00e1y \u00e9p ki\u1ec7n th\u1ee7y l\u1ef1c M\u00e1y \u0111\u00f3ng ki\u1ec7n \u1ee7 chua vu\u00f4ng - M\u00e1y \u0111\u00f3ng g\u00f3i th\u1ee9c \u0103n \u1ee7 chua #silage\" width=\"500\" height=\"281\" src=\"https:\/\/www.youtube.com\/embed\/hkYSZuUMRCA?feature=oembed\" frameborder=\"0\" allow=\"accelerometer; autoplay; clipboard-write; encrypted-media; gyroscope; picture-in-picture; web-share\" referrerpolicy=\"strict-origin-when-cross-origin\" allowfullscreen><\/iframe> <\/div><figcaption class=\"wp-element-caption\">Baler \u1ee7 m\u00e1u th\u1ee7y l\u1ef1c cho c\u00e1c ki\u1ec7n vu\u00f4ng<\/figcaption><\/figure>    <h2 class=\"wp-block-heading\"><strong>C\u1ea5u tr\u00fac c\u1ee7a <a href=\"https:\/\/silagebaler.com\/double-cylinder-hydraulic-silage-baler\/\" target=\"_blank\" rel=\"noreferrer noopener\">M\u00e1y \u0111\u00f3ng ki\u1ec7n c\u1ecf th\u1ee7y l\u1ef1c 2 xi-lanh<\/a><\/strong><\/h2>    <p>M\u00e1y \u0111\u00f3ng ki\u1ec7n r\u01a1m th\u00f4ng th\u1ee7y l\u1ef1c c\u1ee7a ch\u00fang t\u00f4i \u0111\u00e3 \u0111\u01b0\u1ee3c c\u1eadp nh\u1eadt li\u00ean t\u1ee5c v\u00e0 hi\u1ec7n l\u00e0 m\u1ed9t chi\u1ebfc m\u00e1y c\u00f3 hi\u1ec7u su\u1ea5t v\u00e0 ch\u1ea5t l\u01b0\u1ee3ng t\u1ed1t h\u01a1n.<\/p>   <div class=\"wp-block-image\"> <figure class=\"aligncenter size-full\"><img loading=\"lazy\" decoding=\"async\" width=\"720\" height=\"540\" src=\"https:\/\/taizyagromachine.com\/wp-content\/uploads\/2023\/01\/structure-2-cylinder-hydraulic-hay-baler.webp\" alt=\"c\u1ea5u t\u1ea1o c\u1ee7a m\u00e1y \u0111\u00f3ng ki\u1ec7n c\u1ecf kh\u00f4 th\u1ee7y l\u1ef1c 2 xi-lanh\" class=\"wp-image-4457\"\/><figcaption class=\"wp-element-caption\">c\u1ea5u t\u1ea1o c\u1ee7a m\u00e1y \u0111\u00f3ng ki\u1ec7n c\u1ecf kh\u00f4 th\u1ee7y l\u1ef1c 2 xi-lanh<\/figcaption><\/figure> <\/div>   <figure class=\"wp-block-table\"><table><tbody><tr><td>C\u00f3\/kh\u00f4ng<\/td><td>T\u00ean b\u1ed9 ph\u1eadn m\u00e1y<\/td><td>C\u00f3\/kh\u00f4ng<\/td><td>T\u00ean b\u1ed9 ph\u1eadn m\u00e1y<\/td><\/tr><tr><td>&nbsp;1<\/td><td>&nbsp;C\u1eeda v\u00e0o<\/td><td>&nbsp;4<\/td><td>&nbsp;T\u1ee7 \u0111i\u1ec1u khi\u1ec3n<\/td><\/tr><tr><td>&nbsp;2<\/td><td>&nbsp;Kho ch\u1ee9a d\u1ea7u<\/td><td>&nbsp;5<\/td><td>&nbsp;Xi lanh th\u1ee7y l\u1ef1c (ho\u00e0n to\u00e0n 2 xi lanh)<\/td><\/tr><tr><td>&nbsp;3<\/td><td>&nbsp;\u0110\u1ed9ng c\u01a1 Diesel (c\u0169ng c\u00f3 th\u1ec3 s\u1eed d\u1ee5ng \u0111\u1ed9ng c\u01a1 \u0111i\u1ec7n)<\/td><td>&nbsp;6<\/td><td>L\u1ed7 x\u1ea3<\/td><\/tr><\/tbody><\/table><\/figure>    <h2 class=\"wp-block-heading\"><strong>\u01afu \u0111i\u1ec3m c\u1ee7a m\u00e1y \u00e9p th\u1ee7y l\u1ef1c Taizy Silage Hay Baler<\/strong><\/h2>    <ol class=\"wp-block-list\"> <li>M\u00e1y n\u00e0y c\u00f3 th\u1ec3 \u00e9p t\u1ea5t c\u1ea3 c\u00e1c lo\u1ea1i th\u1ee9c \u0103n \u1ee7 chua (\u1ed1ng h\u00fat kh\u00f4 &amp; \u01b0\u1edbt, c\u1ecf kh\u00f4, th\u1ee9c \u0103n \u1ee7 chua) th\u00e0nh ki\u1ec7n vu\u00f4ng \u0111\u1ec3 b\u1ea3o qu\u1ea3n l\u00e2u d\u00e0i.<\/li>    <li>M\u00e1y c\u00f3 th\u1ec3 ch\u1ea1y linh ho\u1ea1t b\u1eb1ng \u0111\u1ed9ng c\u01a1 \u0111i\u1ec7n ho\u1eb7c \u0111\u1ed9ng c\u01a1 diesel, r\u1ea5t th\u00e2n thi\u1ec7n v\u1edbi nh\u1eefng v\u00f9ng c\u00f3 ngu\u1ed3n \u0111i\u1ec7n kh\u00f4ng \u1ed5n \u0111\u1ecbnh.<\/li>    <li>M\u00e1y \u00e9p c\u1ecf kh\u00f4 \u00e9p th\u1ee7y l\u1ef1c ch\u1ee7 y\u1ebfu \u0111\u01b0\u1ee3c cung c\u1ea5p n\u0103ng l\u01b0\u1ee3ng th\u1ee7y l\u1ef1c cho m\u00e1y \u00e9p th\u1ee9c \u0103n gia s\u00fac, r\u1ea5t t\u1ed1t v\u00e0 hi\u1ec7u qu\u1ea3.<\/li>    <li>M\u00e1y c\u00f2n c\u00f3 th\u1ec3 \u0111\u01b0\u1ee3c trang b\u1ecb l\u1ed1p v\u00e0 ch\u00e2n \u0111\u1ebf (theo nhu c\u1ea7u c\u1ee7a kh\u00e1ch h\u00e0ng) \u0111\u1ec3 d\u1ec5 d\u00e0ng di chuy\u1ec3n.<\/li>    <li>M\u00e1y \u0111\u00f3ng ki\u1ec7n c\u1ecf kh\u00f4 th\u1ee7y l\u1ef1c \u0111\u01b0\u1ee3c trang b\u1ecb \u0111\u1ea7u d\u00f2 th\u1ee7y l\u1ef1c \u0111\u1ec3 ph\u00e1t hi\u1ec7n ho\u1ea1t \u0111\u1ed9ng c\u1ee7a m\u00e1y.<\/li> <\/ol>    <h2 class=\"wp-block-heading\"><strong>Nguy\u00ean l\u00fd l\u00e0m vi\u1ec7c c\u1ee7a m\u00e1y \u0111\u00f3ng ki\u1ec7n th\u1ee7y l\u1ef1c <\/strong><\/h2>    <p>M\u00e1y d\u1ef1a tr\u00ean th\u1ee7y l\u1ef1c \u0111\u1ec3 th\u1ef1c hi\u1ec7n c\u00e1c ho\u1ea1t \u0111\u1ed9ng kh\u00e1c nhau. \u0110\u1ea7u ti\u00ean, m\u00e1y \u0111\u01b0\u1ee3c kh\u1edfi \u0111\u1ed9ng v\u00e0 th\u1ee9c \u0103n \u1ee7 chua \u0111\u01b0\u1ee3c \u0111\u01b0a v\u00e0o qua c\u1eeda v\u00e0o, th\u01b0\u1eddng b\u1eb1ng b\u0103ng t\u1ea3i. Sau \u0111\u00f3, c\u00e1c xi lanh th\u1ee7y l\u1ef1c \u00e9p \u1ee7 chua th\u00e0nh ki\u1ec7n vu\u00f4ng. Ti\u1ebfp theo, ki\u1ec7n vu\u00f4ng \u0111\u01b0\u1ee3c x\u1ea3 qua c\u1eeda x\u1ea3 v\u00e0 \u0111\u01b0\u1ee3c \u0111\u00f3ng g\u00f3i b\u1eb1ng t\u00fai d\u1ec7t. To\u00e0n b\u1ed9 qu\u00e1 tr\u00ecnh \u0111\u01b0\u1ee3c ho\u00e0n th\u00e0nh.<\/p>   <div class=\"wp-block-image\"> <figure class=\"aligncenter size-full\"><img loading=\"lazy\" decoding=\"async\" width=\"720\" height=\"400\" src=\"https:\/\/taizyagromachine.com\/wp-content\/uploads\/2023\/01\/hydraulic-hay-baler-manufacturer-supplier.webp\" alt=\"nh\u00e0 s\u1ea3n xu\u1ea5t v\u00e0 cung c\u1ea5p m\u00e1y \u0111\u00f3ng ki\u1ec7n c\u1ecf kh\u00f4 th\u1ee7y l\u1ef1c\" class=\"wp-image-4469\"\/><figcaption class=\"wp-element-caption\">nh\u00e0 s\u1ea3n xu\u1ea5t v\u00e0 cung c\u1ea5p m\u00e1y \u0111\u00f3ng ki\u1ec7n c\u1ecf kh\u00f4 th\u1ee7y l\u1ef1c<\/figcaption><\/figure> <\/div>   <p>Tr\u01b0\u1edbc khi s\u1eed d\u1ee5ng m\u00e1y, h\u00e3y ki\u1ec3m tra xem d\u1ea7u th\u1ee7y l\u1ef1c v\u00e0 \u1ed1ng th\u1ee7y l\u1ef1c c\u00f3 \u1edf t\u00ecnh tr\u1ea1ng t\u1ed1t kh\u00f4ng. \u0110i\u1ec1u n\u00e0y \u0111\u1eb7c bi\u1ec7t quan tr\u1ecdng v\u00ec to\u00e0n b\u1ed9 m\u00e1y th\u1ef1c s\u1ef1 \u0111\u01b0\u1ee3c v\u1eadn h\u00e0nh b\u1eb1ng th\u1ee7y l\u1ef1c.<\/p>    <h2 class=\"wp-block-heading\"><strong>C\u00e1c m\u00e1y t\u00f9y ch\u1ecdn c\u00f3 s\u1eb5n cho m\u00e1y \u0111\u00f3ng ki\u1ec7n c\u1ecf th\u1ee7y l\u1ef1c<\/strong><\/h2>    <p class=\"translation-block\"><strong>1. B\u0103ng t\u1ea3i v\u00e0 m\u00e1y tr\u1ed9n th\u1ee9c \u0103n.<\/strong><\/p>   <div class=\"wp-block-image\"> <figure class=\"aligncenter size-full\"><img loading=\"lazy\" decoding=\"async\" width=\"720\" height=\"300\" src=\"https:\/\/taizyagromachine.com\/wp-content\/uploads\/2023\/01\/hydraulic-press-hay-baler-with-the-conveyor-belt-and-feed-mixer.webp\" alt=\"m\u00e1y \u00e9p c\u1ecf kh\u00f4 th\u1ee7y l\u1ef1c v\u1edbi b\u0103ng t\u1ea3i v\u00e0 m\u00e1y tr\u1ed9n th\u1ee9c \u0103n\" class=\"wp-image-4465\"\/><figcaption class=\"wp-element-caption\">m\u00e1y \u00e9p c\u1ecf kh\u00f4 th\u1ee7y l\u1ef1c v\u1edbi b\u0103ng t\u1ea3i v\u00e0 m\u00e1y tr\u1ed9n th\u1ee9c \u0103n<\/figcaption><\/figure> <\/div>   <p class=\"translation-block\"><strong>2. L\u1ed1p xe l\u1edbn v\u00e0 ch\u00e2n \u0111\u1ebf.<\/strong><\/p>    <figure class=\"wp-block-gallery aligncenter has-nested-images columns-default is-cropped wp-block-gallery-2 is-layout-flex wp-block-gallery-is-layout-flex\"> <figure class=\"wp-block-image size-large\"><img loading=\"lazy\" decoding=\"async\" width=\"720\" height=\"540\" data-id=\"4466\" src=\"https:\/\/taizyagromachine.com\/wp-content\/uploads\/2023\/01\/diesel-engine-hydraulic-silage-baling-machine.webp\" alt=\"m\u00e1y \u0111\u00f3ng ki\u1ec7n \u1ee7 chua th\u1ee7y l\u1ef1c \u0111\u1ed9ng c\u01a1 diesel v\u1edbi l\u1ed1p v\u00e0 supoprts\" class=\"wp-image-4466\"\/><figcaption class=\"wp-element-caption\">m\u00e1y \u0111\u00f3ng ki\u1ec7n \u1ee7 chua th\u1ee7y l\u1ef1c \u0111\u1ed9ng c\u01a1 diesel v\u1edbi l\u1ed1p v\u00e0 supoprts<\/figcaption><\/figure>    <figure class=\"wp-block-image size-large\"><img loading=\"lazy\" decoding=\"async\" width=\"720\" height=\"540\" data-id=\"4467\" src=\"https:\/\/taizyagromachine.com\/wp-content\/uploads\/2023\/01\/electric-motor-hydraulic-press-hay-baling-machine.webp\" alt=\"m\u00e1y \u00e9p th\u1ee7y l\u1ef1c \u0111\u1ed9ng c\u01a1 \u0111i\u1ec7n c\u00f3 l\u1ed1p v\u00e0 gi\u00e1 \u0111\u1ee1\" class=\"wp-image-4467\"\/><figcaption class=\"wp-element-caption\">m\u00e1y \u00e9p th\u1ee7y l\u1ef1c \u0111\u1ed9ng c\u01a1 \u0111i\u1ec7n c\u00f3 l\u1ed1p v\u00e0 gi\u00e1 \u0111\u1ee1<\/figcaption><\/figure> <\/figure>    <p>Ngo\u00e0i ra, tr\u01b0\u1edbc b\u0103ng t\u1ea3i, n\u00f3 c\u00f3 th\u1ec3 \u0111\u01b0\u1ee3c s\u1eed d\u1ee5ng k\u1ebft h\u1ee3p v\u1edbi m\u00e1y c\u1eaft r\u01a1m, t\u1ee9c l\u00e0 m\u00e1y c\u1eaft c\u1ecf ---- b\u0103ng t\u1ea3i ---- m\u00e1y \u0111\u00f3ng ki\u1ec7n \u1ee7 chua th\u1ee7y l\u1ef1c.<\/p>    <h2 class=\"wp-block-heading\"><strong>C\u00e1c tr\u01b0\u1eddng h\u1ee3p th\u00e0nh c\u00f4ng c\u1ee7a m\u00e1y \u0111\u00f3ng ki\u1ec7n r\u01a1m th\u1ee7y l\u1ef1c Taizy<\/strong><\/h2>    <p>M\u00e1y \u0111\u00f3ng ki\u1ec7n c\u1ecf kh\u00f4 th\u1ee7y l\u1ef1c c\u1ee7a Taizy l\u00e0 m\u1ed9t ph\u01b0\u01a1ng ph\u00e1p ti\u1ebft ki\u1ec7m s\u1ee9c lao \u0111\u1ed9ng tuy\u1ec7t v\u1eddi v\u00e0 to\u00e0n b\u1ed9 quy tr\u00ecnh \u0111\u01b0\u1ee3c c\u01a1 gi\u1edbi h\u00f3a, \u0111\u00f3 l\u00e0 l\u00fd do t\u1ea1i sao ch\u00fang \u0111\u01b0\u1ee3c nhi\u1ec1u kh\u00e1ch h\u00e0ng n\u01b0\u1edbc ngo\u00e0i y\u00eau th\u00edch. Ch\u00fang t\u00f4i th\u01b0\u1eddng xuy\u00ean xu\u1ea5t kh\u1ea9u m\u00e1y m\u00f3c c\u1ee7a m\u00ecnh sang c\u00e1c n\u01b0\u1edbc nh\u01b0 Kenya, Bangladesh, Nigeria v\u00e0 Jordan. Ch\u00fang t\u00f4i ch\u1ea5t m\u00e1y v\u00e0o container v\u00e0 v\u1eadn chuy\u1ec3n b\u1eb1ng \u0111\u01b0\u1eddng bi\u1ec3n t\u1edbi c\u00e1c c\u1ea3ng \u0111\u00edch c\u1ee7a kh\u00e1ch h\u00e0ng.<\/p>    <h2 class=\"wp-block-heading\"><strong>Th\u00f4ng s\u1ed1 c\u1ee7a m\u00e1y \u0111\u00f3ng ki\u1ec7n c\u1ecf th\u1ee7y l\u1ef1c 2 xi-lanh c\u1ea7n b\u00e1n<\/strong><\/h2>    <figure class=\"wp-block-table\"><table><tbody><tr><td>Ng\u01b0\u1eddi m\u1eabu<\/td><td>9YF-5B<\/td><\/tr><tr><td>Quy\u1ec1n l\u1ef1c<\/td><td>\u0110\u1ed9ng c\u01a1 \u0111i\u1ec7n 15kw ho\u1eb7c \u0111\u1ed9ng c\u01a1 diesel 28hp<\/td><\/tr><tr><td>\u0110\u01b0\u1eddng k\u00ednh xi lanh<\/td><td>2*168mm<\/td><\/tr><tr><td>S\u1ed1 l\u01b0\u1ee3ng xi lanh<\/td><td>2 c\u00e1i<\/td><\/tr><tr><td>Dung t\u00edch<\/td><td>90-120 ki\u1ec7n\/gi\u1edd<\/td><\/tr><tr><td>Kh\u1ed1i l\u01b0\u1ee3ng ki\u1ec7n vu\u00f4ng (r\u01a1m t\u01b0\u01a1i)<\/td><td>60-70kg\/ki\u1ec7n<\/td><\/tr><tr><td>D\u1ea7u th\u1ee7y l\u1ef1c 46#<\/td><td>230kg (t\u1ef1 chu\u1ea9n b\u1ecb)<\/td><\/tr><tr><td>Ph\u01b0\u01a1ng ph\u00e1p l\u00e0m m\u00e1t d\u1ea7u th\u1ee7y l\u1ef1c<\/td><td>l\u00e0m m\u00e1t b\u1eb1ng n\u01b0\u1edbc<\/td><\/tr><tr><td>\u0110i\u1ec1u khi\u1ec3n h\u1ed9p ph\u00e2n ph\u1ed1i \u0111i\u1ec7n<\/td><td>PLC<\/td><\/tr><tr><td>S\u1ed1 l\u01b0\u1ee3ng l\u1ed1p<\/td><td>2 c\u00e1i<\/td><\/tr><tr><td>S\u1ed1 ki\u1ec7n c\u1ea7n \u0111\u1ea9y<\/td><td>1-3 s\u1ed1 (c\u00f3 th\u1ec3 \u0111i\u1ec1u ch\u1ec9nh)<\/td><\/tr><tr><td>Tr\u1ecdng l\u01b0\u1ee3ng m\u00e1y<\/td><td>1500kg<\/td><\/tr><tr><td>K\u00edch th\u01b0\u1edbc l\u1ed7 x\u1ea3<\/td><td>70*28*38cm<\/td><\/tr><tr><td>K\u00edch th\u01b0\u1edbc m\u00e1y (L<em>W<\/em>H)<\/td><td>3450*2700*2800mm<\/td><\/tr><\/tbody><\/table><figcaption class=\"wp-element-caption\">Th\u00f4ng s\u1ed1 k\u1ef9 thu\u1eadt c\u1ee7a m\u00e1y \u00e9p \u1ea9m \u01b0\u1edbt th\u1ee7y l\u1ef1c 2 xi-lanh<\/figcaption><\/figure>    <h2 class=\"wp-block-heading\"><strong>Video M\u00e1y \u0111\u00f3ng ki\u1ec7n c\u1ecf th\u1ee7y l\u1ef1c \u2013 C\u00e1ch l\u00e0m ki\u1ec7n vu\u00f4ng?<\/strong><\/h2>    <figure class=\"wp-block-embed is-type-video is-provider-youtube wp-block-embed-youtube wp-embed-aspect-16-9 wp-has-aspect-ratio\"><div class=\"wp-block-embed__wrapper\"> <iframe loading=\"lazy\" title=\"Trang web Baling Dry Balage Balage Balage Dry Baling | Hi\u1ec7u su\u1ea5t cao b\u00ecnh ph\u01b0\u01a1ng Bale nh\u1ea5n\" width=\"500\" height=\"281\" src=\"https:\/\/www.youtube.com\/embed\/XL54NXQ-9i8?feature=oembed\" frameborder=\"0\" allow=\"accelerometer; autoplay; clipboard-write; encrypted-media; gyroscope; picture-in-picture; web-share\" referrerpolicy=\"strict-origin-when-cross-origin\" allowfullscreen><\/iframe> <\/div><figcaption class=\"wp-element-caption\">M\u00e1y baler th\u1ee7y l\u1ef1c \u1ee7 chua kh\u00f4<\/figcaption><\/figure>","protected":false},"excerpt":{"rendered":"<p>This hydraulic hay baler is used for baling various silage materials such as straw, pine straws, grass, etc. to form square bales. It is often called a 2-cylinder hydraulic silage baler machine because it has 2 hydraulic cylinders. The silage baler can be used with either electric or diesel engines, making it a flexible choice. [&hellip;]<\/p>\n","protected":false},"author":1,"featured_media":4449,"parent":0,"template":"","tags":[209,168],"product-type":[19],"class_list":["post-4448","product","type-product","status-publish","has-post-thumbnail","hentry","tag-hydraulic-hay-baler","tag-silage-baler","product-type-silage-machine"],"_links":{"self":[{"href":"https:\/\/taizyagromachine.com\/vi\/wp-json\/wp\/v2\/product\/4448","targetHints":{"allow":["GET"]}}],"collection":[{"href":"https:\/\/taizyagromachine.com\/vi\/wp-json\/wp\/v2\/product"}],"about":[{"href":"https:\/\/taizyagromachine.com\/vi\/wp-json\/wp\/v2\/types\/product"}],"author":[{"embeddable":true,"href":"https:\/\/taizyagromachine.com\/vi\/wp-json\/wp\/v2\/users\/1"}],"wp:featuredmedia":[{"embeddable":true,"href":"https:\/\/taizyagromachine.com\/vi\/wp-json\/wp\/v2\/media\/4449"}],"wp:attachment":[{"href":"https:\/\/taizyagromachine.com\/vi\/wp-json\/wp\/v2\/media?parent=4448"}],"wp:term":[{"taxonomy":"post_tag","embeddable":true,"href":"https:\/\/taizyagromachine.com\/vi\/wp-json\/wp\/v2\/tags?post=4448"},{"taxonomy":"product-type","embeddable":true,"href":"https:\/\/taizyagromachine.com\/vi\/wp-json\/wp\/v2\/product-type?post=4448"}],"curies":[{"name":"wp","href":"https:\/\/api.w.org\/{rel}","templated":true}]}}