{"id":4524,"date":"2023-01-11T15:56:22","date_gmt":"2023-01-11T07:56:22","guid":{"rendered":"https:\/\/taizyagromachine.com\/?post_type=product&#038;p=4524"},"modified":"2023-01-11T16:05:49","modified_gmt":"2023-01-11T08:05:49","slug":"horizontal-feed-mixer","status":"publish","type":"product","link":"https:\/\/taizyagromachine.com\/vi\/product\/horizontal-feed-mixer\/","title":{"rendered":"M\u00e1y tr\u1ed9n th\u1ee9c \u0103n ngang \u0111\u1ec3 \u1ee7 chua l\u00e0m th\u1ee9c \u0103n cho gia s\u00fac, c\u1eebu"},"content":{"rendered":"<p>M\u00e1y tr\u1ed9n th\u1ee9c \u0103n ngang c\u1ee7a Taizy l\u00e0 m\u00e1y x\u1eed l\u00fd th\u1ee9c \u0103n \u1ee7 chua t\u00edch h\u1ee3p ch\u1ee9c n\u0103ng nghi\u1ec1n v\u00e0 tr\u1ed9n. Trong ph\u1ea7n x\u1eed l\u00fd th\u1ee9c \u0103n \u1ee7 chua n\u00e0y, m\u00e1y n\u00e0y th\u01b0\u1eddng \u0111\u01b0\u1ee3c s\u1eed d\u1ee5ng l\u00e0m m\u00e1y ph\u1ee5 tr\u1ee3 c\u00f9ng v\u1edbi c\u00e1c m\u00e1y kh\u00e1c \u0111\u1ec3 t\u1ed1i \u0111a h\u00f3a hi\u1ec7u qu\u1ea3 v\u00e0 ch\u1ea5t l\u01b0\u1ee3ng th\u1ee9c \u0103n \u1ee7 chua.<\/p>    <p>Th\u1ee9c \u0103n \u1ee7 chua l\u00e0 lo\u1ea1i th\u1ee9c \u0103n ch\u0103n nu\u00f4i quan tr\u1ecdng trong ch\u0103n nu\u00f4i, chi\u1ebfm nhu c\u1ea7u thi\u1ebft y\u1ebfu. S\u1eed d\u1ee5ng m\u00e1y tr\u1ed9n th\u1ee9c \u0103n n\u00e0y c\u00f3 \u01b0u \u0111i\u1ec3m l\u00e0 ti\u1ebft ki\u1ec7m nh\u00e2n c\u00f4ng v\u00e0 n\u00e2ng cao hi\u1ec7u qu\u1ea3. <\/p>    <h2 class=\"wp-block-heading\"><strong>T\u1ea1i sao n\u00ean s\u1eed d\u1ee5ng M\u00e1y tr\u1ed9n th\u1ee9c \u0103n ngang Taizy?<\/strong><\/h2>    <p class=\"translation-block\"><strong>Th\u1ee9c \u0103n \u1ee7 chua c\u00f3 l\u1ee3i cho \u0111\u1ed9ng v\u1eadt<\/strong>. Sau khi tr\u1ed9n, th\u1ee9c \u0103n \u1ee7 chua tr\u1edf n\u00ean ph\u1ed5 bi\u1ebfn v\u00ec c\u00f3 \u0111\u1ed9 ngon mi\u1ec7ng cao, \u00edt l\u00e3ng ph\u00ed v\u00e0 kh\u1ea3 n\u0103ng ti\u00eau h\u00f3a t\u1ed1t.<\/p>    <p class=\"translation-block\"><strong>Tr\u1ed9n \u0111\u1ec1u th\u1ee9c \u0103n cho \u0111\u1ed9ng v\u1eadt<\/strong> t\u0103ng hi\u1ec7u qu\u1ea3 c\u1ee7a ch\u00fang t\u00f4i, ti\u1ebft ki\u1ec7m lao \u0111\u1ed9ng v\u00e0 \u0111\u1ed3ng th\u1eddi chu\u1ea9n b\u1ecb m\u1ed9t lo\u1ea1i th\u1ee9c \u0103n \u0111\u1ed3ng nh\u1ea5t h\u01a1n cho nh\u1eefng ch\u00fa con c\u1ee7a ch\u00fang t\u00f4i.<\/p>    <h2 class=\"wp-block-heading\"><strong>\u0110\u01b0\u1ee3c s\u1eed d\u1ee5ng r\u1ed9ng r\u00e3i \u1edf nhi\u1ec1u trang tr\u1ea1i kh\u00e1c nhau \u2013 B\u00e1n c\u00e1c \u1ee9ng d\u1ee5ng c\u1ee7a M\u00e1y tr\u1ed9n th\u1ee9c \u0103n n\u1eb1m ngang<\/strong><\/h2>    <div class=\"wp-block-media-text alignwide is-stacked-on-mobile\"><figure class=\"wp-block-media-text__media\"><img loading=\"lazy\" decoding=\"async\" width=\"540\" height=\"600\" src=\"https:\/\/taizyagromachine.com\/wp-content\/uploads\/2023\/01\/various-farms.webp\" alt=\"\" class=\"wp-image-4527 size-full\"\/><\/figure><div class=\"wp-block-media-text__content\"> <p>B\u1edfi v\u00ec m\u00e1y tr\u1ed9n th\u1ee9c \u0103n n\u00e0y ch\u1ee7 y\u1ebfu d\u00f9ng \u0111\u1ec3 nghi\u1ec1n v\u00e0 tr\u1ed9n c\u00e1c lo\u1ea1i th\u1ee9c \u0103n kh\u00e1c nhau, s\u1eed d\u1ee5ng c\u00e1c trang tr\u1ea1i ch\u0103n nu\u00f4i kh\u00e1c nhau. Nh\u01b0 trong h\u00ecnh, trang tr\u1ea1i g\u00e0, trang tr\u1ea1i th\u1ecf, trang tr\u1ea1i l\u1ee3n, trang tr\u1ea1i ng\u1ef1a, trang tr\u1ea1i gia s\u00fac, trang tr\u1ea1i c\u1eebu, v.v.<\/p>    <p>N\u1ebfu b\u1ea1n quan t\u00e2m \u0111\u1ebfn \u0111i\u1ec1u n\u00e0y, vui l\u00f2ng li\u00ean h\u1ec7 v\u1edbi ch\u00fang t\u00f4i!<\/p> <\/div><\/div>    <h2 class=\"wp-block-heading\"><strong>\u0110i\u1ec3m m\u1ea1nh c\u1ee7a M\u00e1y tr\u1ed9n th\u1ee9c \u0103n Taizy <\/strong><\/h2>    <ol class=\"wp-block-list\"> <li>Thi\u1ebft k\u1ebf h\u1ee3p l\u00fd v\u00e0 c\u00f4ng vi\u1ec7c c\u00f3 th\u1ec3 \u0111\u01b0\u1ee3c th\u1ef1c hi\u1ec7n trong m\u1ecdi m\u00f4i tr\u01b0\u1eddng, an to\u00e0n v\u00e0 \u0111\u00e1ng tin c\u1eady.<\/li>    <li>N\u00e2ng cao hi\u1ec7u qu\u1ea3 r\u1ea5t nhi\u1ec1u, t\u00f9y theo th\u1ec3 t\u00edch bu\u1ed3ng tr\u1ed9n, m\u1ed7i m\u00e1y tr\u1ed9n th\u1ee9c \u0103n c\u00f3 th\u1ec3 cho 200 \u2013 2000 con b\u00f2 \u0103n m\u1ed7i ng\u00e0y.<\/li>    <li>Ti\u1ebft ki\u1ec7m nh\u00e2n l\u1ef1c, m\u1ed9t m\u00e1y tr\u1ed9n c\u00f3 th\u1ec3 thay th\u1ebf c\u00f4ng vi\u1ec7c c\u1ee7a h\u01a1n 20 c\u00f4ng nh\u00e2n.<\/li>    <li>M\u00e1y tr\u1ed9n th\u1ee9c \u0103n theo chi\u1ec1u ngang c\u00f3 th\u1ec3 \u0111\u01b0\u1ee3c s\u1eed d\u1ee5ng v\u1edbi c\u00e1c m\u00e1y \u1ee7 chua kh\u00e1c, ch\u1eb3ng h\u1ea1n nh\u01b0 m\u00e1y <a href=\"https:\/\/silagebaler.com\/silage-baler-machine-round-baler\/\" target=\"_blank\" rel=\"noreferrer noopener\">m\u00e1y \u0111\u00f3ng ki\u1ec7n v\u00e0 \u0111\u00f3ng g\u00f3i<\/a>v\u00e0 m\u00e1y \u0111\u00f3ng ki\u1ec7n c\u1ecf kh\u00f4 th\u1ee7y l\u1ef1c.<\/li> <\/ol>   <div class=\"wp-block-image\"> <figure class=\"aligncenter size-full\"><img loading=\"lazy\" decoding=\"async\" width=\"720\" height=\"540\" src=\"https:\/\/taizyagromachine.com\/wp-content\/uploads\/2023\/01\/horizontal-cattle-feed-mixer.webp\" alt=\"m\u00e1y tr\u1ed9n th\u1ee9c \u0103n gia s\u00fac ngang\" class=\"wp-image-4529\"\/><figcaption class=\"wp-element-caption\">m\u00e1y tr\u1ed9n th\u1ee9c \u0103n gia s\u00fac ngang<\/figcaption><\/figure> <\/div>   <h2 class=\"wp-block-heading\"><strong>M\u00e1y k\u1ebft h\u1ee3p v\u1edbi m\u00e1y tr\u1ed9n th\u1ee9c \u0103n gia s\u00fac n\u1eb1m ngang<\/strong><\/h2>    <p class=\"translation-block\">M\u00e1y tr\u1ed9n th\u1ee9c \u0103n lu\u00f4n \u0111\u01b0\u1ee3c s\u1eed d\u1ee5ng c\u00f9ng v\u1edbi c\u00e1c m\u00e1y \u1ee7 chua kh\u00e1c, ch\u1eb3ng h\u1ea1n nh\u01b0 <a href=\"https:\/\/taizyagromachine.com\/vi\/product\/hydraulic-hay-baler\/\" target=\"_blank\" rel=\"noreferrer noopener\">m\u00e1y cu\u1ed9n \u1ee7 chua th\u1ee7y l\u1ef1c<\/a>, <a href=\"https:\/\/taizyagromachine.com\/vi\/product\/silage-baler\/\">m\u00e1y cu\u1ed9n v\u00e0 b\u1ecdc<\/a>, v.v.<\/p>   <div class=\"wp-block-image\"> <figure class=\"aligncenter size-full\"><img loading=\"lazy\" decoding=\"async\" width=\"720\" height=\"230\" src=\"https:\/\/taizyagromachine.com\/wp-content\/uploads\/2023\/01\/horizontal-feed-mixer-with-the-hydraulic-hay-bales-machine.webp\" alt=\"m\u00e1y tr\u1ed9n th\u1ee9c \u0103n ngang v\u1edbi m\u00e1y \u0111\u00f3ng ki\u1ec7n c\u1ecf kh\u00f4 th\u1ee7y l\u1ef1c\" class=\"wp-image-4528\"\/><figcaption class=\"wp-element-caption\">m\u00e1y tr\u1ed9n th\u1ee9c \u0103n ngang v\u1edbi m\u00e1y \u0111\u00f3ng ki\u1ec7n c\u1ecf kh\u00f4 th\u1ee7y l\u1ef1c<\/figcaption><\/figure> <\/div>  <div class=\"wp-block-image\"> <figure class=\"aligncenter size-full\"><img loading=\"lazy\" decoding=\"async\" width=\"720\" height=\"300\" src=\"https:\/\/taizyagromachine.com\/wp-content\/uploads\/2023\/01\/feed-mixer-with-silage-baler.webp\" alt=\"m\u00e1y tr\u1ed9n th\u1ee9c \u0103n v\u1edbi m\u00e1y \u0111\u00f3ng ki\u1ec7n \u1ee7 chua\" class=\"wp-image-4530\"\/><figcaption class=\"wp-element-caption\">m\u00e1y tr\u1ed9n th\u1ee9c \u0103n v\u1edbi m\u00e1y \u0111\u00f3ng ki\u1ec7n \u1ee7 chua<\/figcaption><\/figure> <\/div>   <h2 class=\"wp-block-heading\"><strong>Th\u00f4ng s\u1ed1 k\u1ef9 thu\u1eadt c\u1ee7a m\u00e1y tr\u1ed9n TMR ngang<\/strong><\/h2>    <figure class=\"wp-block-table\"><table><tbody><tr><td>Ng\u01b0\u1eddi m\u1eabu<\/td><td>TMR-5<\/td><td>TMR-9<\/td><td>TMR-12<\/td><\/tr><tr><td>S\u1ee9c m\u1ea1nh ph\u00f9 h\u1ee3p<\/td><td>11-15kw<\/td><td>22-30kw<\/td><td>50-75kw<\/td><\/tr><tr><td>Th\u1ec3 t\u00edch th\u00f9ng tr\u1ed9n<\/td><td>5m\u00b3<\/td><td>9m\u00b3<\/td><td>12m\u00b3<\/td><\/tr><tr><td>T\u1ed1c \u0111\u1ed9 quay<\/td><td>23,5r\/ph\u00fat<\/td><td>23,5r\/ph\u00fat<\/td><td>23,5r\/ph\u00fat<\/td><\/tr><tr><td>C\u00e2n n\u1eb7ng<\/td><td>1600kg<\/td><td>3300kg<\/td><td>4500kg<\/td><\/tr><tr><td>K\u00edch th\u01b0\u1edbc<\/td><td>3930*1850*2260mm<\/td><td>4820*2130*2480mm<\/td><td>5600*2400*2500mm<\/td><\/tr><\/tbody><\/table><\/figure>    <p>TMR l\u00e0 t\u00ean vi\u1ebft t\u1eaft c\u1ee7a Total Mixed Rations, bi\u1ec3u th\u1ecb m\u00e1y c\u00f3 th\u1ec3 tr\u1ed9n th\u1ee9c \u0103n \u0111\u1ec1u v\u00e0 t\u1ed1t, r\u1ea5t ph\u1ed5 bi\u1ebfn trong ch\u0103n nu\u00f4i. <\/p>","protected":false},"excerpt":{"rendered":"<p>Taizy&#8217;s horizontal feed mixer is a silage processing machine that integrates grinding and mixing. In this part of silage processing, this machine is often used as an auxiliary machine together with other machines to maximize the efficiency and quality of silage. Silage is an important animal feed in livestock farming, occupying the necessity. Using this [&hellip;]<\/p>\n","protected":false},"author":1,"featured_media":4526,"parent":0,"template":"","tags":[210,209],"product-type":[19],"class_list":["post-4524","product","type-product","status-publish","has-post-thumbnail","hentry","tag-horizontal-feed-mixer","tag-hydraulic-hay-baler","product-type-silage-machine"],"_links":{"self":[{"href":"https:\/\/taizyagromachine.com\/vi\/wp-json\/wp\/v2\/product\/4524","targetHints":{"allow":["GET"]}}],"collection":[{"href":"https:\/\/taizyagromachine.com\/vi\/wp-json\/wp\/v2\/product"}],"about":[{"href":"https:\/\/taizyagromachine.com\/vi\/wp-json\/wp\/v2\/types\/product"}],"author":[{"embeddable":true,"href":"https:\/\/taizyagromachine.com\/vi\/wp-json\/wp\/v2\/users\/1"}],"wp:featuredmedia":[{"embeddable":true,"href":"https:\/\/taizyagromachine.com\/vi\/wp-json\/wp\/v2\/media\/4526"}],"wp:attachment":[{"href":"https:\/\/taizyagromachine.com\/vi\/wp-json\/wp\/v2\/media?parent=4524"}],"wp:term":[{"taxonomy":"post_tag","embeddable":true,"href":"https:\/\/taizyagromachine.com\/vi\/wp-json\/wp\/v2\/tags?post=4524"},{"taxonomy":"product-type","embeddable":true,"href":"https:\/\/taizyagromachine.com\/vi\/wp-json\/wp\/v2\/product-type?post=4524"}],"curies":[{"name":"wp","href":"https:\/\/api.w.org\/{rel}","templated":true}]}}