{"id":4618,"date":"2023-02-10T17:38:26","date_gmt":"2023-02-10T09:38:26","guid":{"rendered":"https:\/\/taizyagromachine.com\/?post_type=product&#038;p=4618"},"modified":"2023-02-13T11:42:42","modified_gmt":"2023-02-13T03:42:42","slug":"rice-nursery-seedling-machine","status":"publish","type":"product","link":"https:\/\/taizyagromachine.com\/vi\/product\/rice-nursery-seedling-machine\/","title":{"rendered":"M\u00e1y \u01b0\u01a1m l\u00faa t\u1ef1 \u0111\u1ed9ng"},"content":{"rendered":"<p>M\u00e1y \u01b0\u01a1m c\u00e2y l\u00faa c\u1ee7a Taizy \u0111\u01b0\u1ee3c thi\u1ebft k\u1ebf \u0111\u1eb7c bi\u1ec7t \u0111\u1ec3 tr\u1ed3ng l\u00faa, ch\u1ee7 y\u1ebfu d\u00f9ng \u0111\u1ec3 \u01b0\u01a1m c\u00e1c lo\u1ea1i c\u00e2y l\u00faa. M\u00e1y n\u00e0y c\u00f3 hi\u1ec7u su\u1ea5t cao v\u00e0 c\u00f3 th\u1ec3 th\u1ef1c hi\u1ec7n 969-1017 khay \u01b0\u01a1m c\u00e2y gi\u1ed1ng trong m\u1ed9t gi\u1edd. L\u00e0 m\u00e1y \u01b0\u01a1m l\u00faa c\u00f3 vai tr\u00f2 t\u00edch c\u1ef1c trong vi\u1ec7c tr\u1ed3ng l\u00faa cho ng\u01b0\u1eddi tr\u1ed3ng l\u00faa di\u1ec7n t\u00edch l\u1edbn.<\/p>    <p>V\u00ec hi\u1ec7u qu\u1ea3 cao, ch\u1ea5t l\u01b0\u1ee3ng t\u1ed1t, hi\u1ec7u su\u1ea5t ho\u1ea1t \u0111\u1ed9ng t\u1ed1t n\u00ean lo\u1ea1i m\u00e1y gieo h\u1ea1t l\u00faa n\u00e0y \u0111\u01b0\u1ee3c \u0111\u00f4ng \u0111\u1ea3o kh\u00e1ch h\u00e0ng, \u0111\u1eb7c bi\u1ec7t l\u00e0 nh\u1eefng ng\u01b0\u1eddi tr\u1ed3ng l\u00faa, y\u00eau th\u00edch. N\u1ebfu b\u1ea1n quan t\u00e2m \u0111\u1ebfn lo\u1ea1i m\u00e1y n\u00e0y, vui l\u00f2ng li\u00ean h\u1ec7 v\u1edbi ch\u00fang t\u00f4i!<\/p>    <h2 class=\"wp-block-heading\"><strong>T\u1ea1i sao n\u00ean s\u1eed d\u1ee5ng m\u00e1y \u01b0\u01a1m l\u00faa gi\u1ed1ng?<\/strong><\/h2>    <p>Tr\u1ed3ng l\u00faa l\u00e0 m\u1ed9t lo\u1ea1i h\u00ecnh tr\u1ed3ng tr\u1ecdt n\u00f4ng nghi\u1ec7p r\u1ea5t quan tr\u1ecdng, chi\u1ebfm t\u1ef7 tr\u1ecdng l\u1edbn v\u1ec1 th\u00f3c. Ng\u01b0\u1eddi tr\u1ed3ng l\u00faa \u0111\u1ec1u bi\u1ebft n\u00ean \u01b0\u01a1m c\u00e2y l\u00faa nh\u01b0ng c\u00e1ch \u01b0\u01a1m c\u00e2y truy\u1ec1n th\u1ed1ng r\u1ea5t m\u1ec7t m\u1ecfi.<\/p>    <figure class=\"wp-block-gallery aligncenter has-nested-images columns-default is-cropped wp-block-gallery-2 is-layout-flex wp-block-gallery-is-layout-flex\"> <figure class=\"wp-block-image size-large\"><img loading=\"lazy\" decoding=\"async\" width=\"720\" height=\"540\" data-id=\"4624\" src=\"https:\/\/taizyagromachine.com\/wp-content\/uploads\/2023\/02\/manual-seedlings-raising.webp\" alt=\"\u01b0\u01a1m c\u00e2y gi\u1ed1ng th\u1ee7 c\u00f4ng\" class=\"wp-image-4624\"\/><figcaption class=\"wp-element-caption\">\u01b0\u01a1m c\u00e2y gi\u1ed1ng th\u1ee7 c\u00f4ng<\/figcaption><\/figure>    <figure class=\"wp-block-image size-large\"><img loading=\"lazy\" decoding=\"async\" width=\"720\" height=\"540\" data-id=\"4625\" src=\"https:\/\/taizyagromachine.com\/wp-content\/uploads\/2023\/02\/mechnical-nursery-machine.webp\" alt=\"m\u00e1y \u01b0\u01a1m c\u01a1 kh\u00ed\" class=\"wp-image-4625\"\/><figcaption class=\"wp-element-caption\">m\u00e1y \u01b0\u01a1m c\u01a1 kh\u00ed<\/figcaption><\/figure> <\/figure>    <p>Tr\u01b0\u1edbc khi gieo h\u1ea1t, n\u00ean l\u1eadt ru\u1ed9ng m\u1ea1 nhi\u1ec1u l\u1ea7n, b\u00f3n \u0111\u1ee7 ph\u00e2n chu\u1ed3ng, hy v\u1ecdng n\u0103m \u0111\u00f3 gieo tr\u1ed3ng \u0111\u01b0\u1ee3c b\u1ed9i thu. Ng\u01b0\u1eddi d\u00e2n th\u01b0\u1eddng l\u00e0m vi\u1ec7c ngo\u00e0i \u0111\u1ed3ng c\u1ea3 ng\u00e0y. <\/p>    <p class=\"translation-block\">Vi\u1ec7c s\u1eed d\u1ee5ng <a href=\"https:\/\/taizyagromachine.com\/vi\/product\/nursery-seedling-machine\/\" target=\"_blank\" rel=\"noreferrer noopener\">m\u00e1y \u01b0\u01a1m m\u1ea1<\/a> c\u00f3 th\u1ec3 nhanh ch\u00f3ng \u01b0\u01a1m m\u1ea1 l\u00faa, v\u00e0 c\u00f3 th\u1ec3 x\u1eed l\u00fd 969-1017 khay trong m\u1ed9t gi\u1edd, kh\u00f4ng ch\u1ec9 hi\u1ec7u qu\u1ea3 m\u00e0 c\u00f2n ti\u1ebft ki\u1ec7m \u0111\u00e1ng k\u1ec3 s\u1ee9c lao \u0111\u1ed9ng.<\/p>    <h2 class=\"wp-block-heading\"><strong>C\u1ea7n b\u00e1n m\u00e1y \u01b0\u01a1m l\u00faa<\/strong><\/h2>    <p class=\"translation-block\">L\u00e0 <a href=\"https:\/\/taizyagromachine.com\/vi\/\" target=\"_blank\" rel=\"noreferrer noopener\">nh\u00e0 s\u1ea3n xu\u1ea5t v\u00e0 ch\u1ebf t\u1ea1o chuy\u00ean nghi\u1ec7p c\u00e1c lo\u1ea1i m\u00e1y m\u00f3c n\u00f4ng nghi\u1ec7p<\/a>, ch\u00fang t\u00f4i c\u00f3 hai lo\u1ea1i m\u00e1y \u01b0\u01a1m m\u1ea1 l\u00faa, m\u1ed9t lo\u1ea1i l\u00e0 t\u1ef1 \u0111\u1ed9ng ho\u00e0n to\u00e0n v\u00e0 m\u1ed9t lo\u1ea1i l\u00e0 b\u00e1n t\u1ef1 \u0111\u1ed9ng.<\/p>    <h3 class=\"wp-block-heading\"><strong>M\u00e1y \u01b0\u01a1m l\u00faa ho\u00e0n to\u00e0n t\u1ef1 \u0111\u1ed9ng<\/strong><\/h3>    <p>\u0110\u00fang nh\u01b0 t\u00ean g\u1ecdi, m\u00e1y \u01b0\u01a1m c\u00e2y l\u00faa ho\u00e0n to\u00e0n t\u1ef1 \u0111\u1ed9ng c\u00f3 th\u1ec3 ho\u00e0n th\u00e0nh to\u00e0n b\u1ed9 quy tr\u00ecnh l\u00e0m vi\u1ec7c v\u1edbi c\u01a1 gi\u1edbi h\u00f3a v\u00e0 t\u1ef1 \u0111\u1ed9ng h\u00f3a ho\u00e0n to\u00e0n. Ngo\u00e0i m\u00e1y gieo s\u1ea1 ch\u00ednh c\u01a1 b\u1ea3n nh\u1ea5t c\u00f2n c\u00f3 c\u00e1c lo\u1ea1i m\u00e1y g\u1ed3m m\u00e1y khay n\u1ea1p \u2013 m\u00e1y x\u00fac \u0111\u1ea5t \u2013 m\u00e1y x\u1ebfp khay.<\/p>    <h3 class=\"wp-block-heading\"><strong>M\u00e1y \u01b0\u01a1m l\u00faa b\u00e1n t\u1ef1 \u0111\u1ed9ng<\/strong><\/h3>   <div class=\"wp-block-image\"> <figure class=\"aligncenter size-full\"><img loading=\"lazy\" decoding=\"async\" width=\"1000\" height=\"220\" src=\"https:\/\/taizyagromachine.com\/wp-content\/uploads\/2023\/02\/Semi-automatic-rice-nursery-sowing-machine.webp\" alt=\"M\u00e1y \u01b0\u01a1m l\u00faa b\u00e1n t\u1ef1 \u0111\u1ed9ng\" class=\"wp-image-4623\"\/><figcaption class=\"wp-element-caption\">M\u00e1y \u01b0\u01a1m l\u00faa b\u00e1n t\u1ef1 \u0111\u1ed9ng<\/figcaption><\/figure> <\/div>   <p>M\u00e1y \u01b0\u01a1m l\u00faa b\u00e1n t\u1ef1 \u0111\u1ed9ng kh\u00f4ng c\u00f3 m\u00e1y x\u1edbi \u0111\u1ea5t n\u00ean c\u1ea7n x\u1edbi \u0111\u1ea5t th\u1ee7 c\u00f4ng. C\u00e1c m\u00e1y kh\u00e1c c\u0169ng v\u1eady.<\/p>    <h2 class=\"wp-block-heading\"><strong>C\u1ea5u t\u1ea1o c\u1ee7a m\u00e1y gieo h\u1ea1t l\u00faa t\u1ef1 \u0111\u1ed9ng<\/strong><\/h2>   <div class=\"wp-block-image\"> <figure class=\"aligncenter size-full\"><img loading=\"lazy\" decoding=\"async\" width=\"720\" height=\"450\" src=\"https:\/\/taizyagromachine.com\/wp-content\/uploads\/2023\/02\/structure-of-paddy-rice-seed-sowing-machine.webp\" alt=\"c\u1ea5u t\u1ea1o c\u1ee7a m\u00e1y gieo h\u1ea1t l\u00faa\" class=\"wp-image-4619\"\/><figcaption class=\"wp-element-caption\">c\u1ea5u t\u1ea1o c\u1ee7a m\u00e1y gieo h\u1ea1t l\u00faa<\/figcaption><\/figure> <\/div>   <p class=\"translation-block\">D\u1ef1a tr\u00ean thi\u1ebft k\u1ebf tuy\u1ec7t v\u1eddi, <a href=\"https:\/\/nurseryseedingmachine.com\/nursery-seeding\/\" target=\"_blank\" rel=\"noreferrer noopener\">m\u00e1y gieo h\u1ea1t t\u1ef1 \u0111\u1ed9ng<\/a> c\u00f3 ch\u1ee9c n\u0103ng tr\u1ea3i \u0111\u1ea5t, t\u01b0\u1edbi n\u01b0\u1edbc, gieo h\u1ea1t v\u00e0 ph\u1ee7 \u0111\u1ea5t t\u00edch h\u1ee3p, c\u00f3 th\u1ec3 ho\u00e0n th\u00e0nh t\u1ea5t c\u1ea3 c\u00e1c quy tr\u00ecnh v\u1eadn h\u00e0nh khay l\u00faa c\u00f9ng m\u1ed9t l\u00fac.<\/p>    <h2 class=\"wp-block-heading\"><strong>Th\u00f4ng s\u1ed1 k\u1ef9 thu\u1eadt c\u1ee7a m\u00e1y gieo h\u1ea1t l\u00faa \u01b0\u01a1m Taizy <\/strong><\/h2>    <figure class=\"wp-block-table\"><table><tbody><tr><td>Ng\u01b0\u1eddi m\u1eabu<\/td><td>TZY-280A<\/td><\/tr><tr><td>Dung t\u00edch<\/td><td>969-1017khay\/gi\u1edd<\/td><\/tr><tr><td>Quy\u1ec1n l\u1ef1c<\/td><td>240kw \u0111\u1ec3 giao h\u00e0ng<br>120kw \u0111\u1ec3 gieo h\u1ea1t<\/td><\/tr><tr><td>Ph\u1ec5u ph\u1ee5 tr\u1ee3 \u0111\u1ea5t gieo h\u1ea1t<\/td><td>45L<\/td><\/tr><tr><td>Ph\u1ec5u h\u1ea1t<\/td><td>30L<\/td><\/tr><tr><td>Ph\u1ec5u ph\u1ee5 tr\u1ee3 \u0111\u1ea5t gieo h\u1ea1t<\/td><td>45L<\/td><\/tr><tr><td>S\u1ed1 l\u01b0\u1ee3ng gieo tr\u1ed3ng (l\u00faa lai)<\/td><td>95\uff5e304,5g\/khay<\/td><\/tr><tr><td>K\u00edch c\u1ee1<\/td><td>6830*460*1020mm<\/td><\/tr><tr><td>C\u00e2n n\u1eb7ng<\/td><td>190kg<\/td><\/tr><tr><td>\u0110\u1ed9 d\u00e0y c\u1ee7a l\u00f2ng \u0111\u1ea5t<\/td><td>18-25mm<\/td><\/tr><tr><td>\u0110\u1ed9 d\u00e0y c\u1ee7a l\u1edbp \u0111\u1ea5t b\u1ec1 m\u1eb7t<\/td><td>3-9mm<\/td><\/tr><\/tbody><\/table><\/figure>    <h2 class=\"wp-block-heading\"><strong>Video M\u00e1y \u01b0\u01a1m l\u00faa \u2013 M\u00e1y gieo h\u1ea1t l\u00faa ho\u00e0n to\u00e0n t\u1ef1 \u0111\u1ed9ng v\u00e0 b\u00e1n t\u1ef1 \u0111\u1ed9ng<\/strong><\/h2>    <figure class=\"wp-block-embed is-type-video is-provider-youtube wp-block-embed-youtube wp-embed-aspect-16-9 wp-has-aspect-ratio\"><div class=\"wp-block-embed__wrapper\"> <iframe loading=\"lazy\" title=\"M\u00e1y gieo h\u1ea1t l\u00faa t\u1ef1 \u0111\u1ed9ng - M\u00e1y \u01b0\u01a1m l\u00faa gi\u1ed1ng - M\u00e1y gieo h\u1ea1t\" width=\"500\" height=\"281\" src=\"https:\/\/www.youtube.com\/embed\/VWi1lazSsO0?feature=oembed\" frameborder=\"0\" allow=\"accelerometer; autoplay; clipboard-write; encrypted-media; gyroscope; picture-in-picture; web-share\" referrerpolicy=\"strict-origin-when-cross-origin\" allowfullscreen><\/iframe> <\/div><\/figure>","protected":false},"excerpt":{"rendered":"<p>Taizy&#8217;s rice nursery seedling machine is specially designed for rice cultivation, mainly for various kinds of rice seedling raising. This machine has high efficiency and can carry out 969-1017 trays of seedling raising in an hour. It is a nursery machine that plays a positive role in rice planting for large-area rice growers. Because of [&hellip;]<\/p>\n","protected":false},"author":1,"featured_media":4620,"parent":0,"template":"","tags":[211],"product-type":[31],"class_list":["post-4618","product","type-product","status-publish","has-post-thumbnail","hentry","tag-rice-nursery-seedling-machine","product-type-nursery-transplanter"],"_links":{"self":[{"href":"https:\/\/taizyagromachine.com\/vi\/wp-json\/wp\/v2\/product\/4618","targetHints":{"allow":["GET"]}}],"collection":[{"href":"https:\/\/taizyagromachine.com\/vi\/wp-json\/wp\/v2\/product"}],"about":[{"href":"https:\/\/taizyagromachine.com\/vi\/wp-json\/wp\/v2\/types\/product"}],"author":[{"embeddable":true,"href":"https:\/\/taizyagromachine.com\/vi\/wp-json\/wp\/v2\/users\/1"}],"wp:featuredmedia":[{"embeddable":true,"href":"https:\/\/taizyagromachine.com\/vi\/wp-json\/wp\/v2\/media\/4620"}],"wp:attachment":[{"href":"https:\/\/taizyagromachine.com\/vi\/wp-json\/wp\/v2\/media?parent=4618"}],"wp:term":[{"taxonomy":"post_tag","embeddable":true,"href":"https:\/\/taizyagromachine.com\/vi\/wp-json\/wp\/v2\/tags?post=4618"},{"taxonomy":"product-type","embeddable":true,"href":"https:\/\/taizyagromachine.com\/vi\/wp-json\/wp\/v2\/product-type?post=4618"}],"curies":[{"name":"wp","href":"https:\/\/api.w.org\/{rel}","templated":true}]}}