{"id":4641,"date":"2023-02-16T15:50:08","date_gmt":"2023-02-16T07:50:08","guid":{"rendered":"https:\/\/taizyagromachine.com\/?post_type=product&#038;p=4641"},"modified":"2025-01-02T13:49:29","modified_gmt":"2025-01-02T05:49:29","slug":"brick-making-machine-for-sale","status":"publish","type":"product","link":"https:\/\/taizyagromachine.com\/vi\/product\/brick-making-machine-for-sale\/","title":{"rendered":"C\u1ea7n b\u00e1n m\u00e1y l\u00e0m g\u1ea1ch xi m\u0103ng"},"content":{"rendered":"<p class=\"translation-block\"><strong>M\u00e1y l\u00e0m g\u1ea1ch<\/strong> \u0111\u01b0\u1ee3c thi\u1ebft k\u1ebf \u0111\u1eb7c bi\u1ec7t \u0111\u1ec3 s\u1ea3n xu\u1ea5t c\u00e1c lo\u1ea1i g\u1ea1ch kh\u00e1c nhau. N\u00f3 \u0111\u01b0\u1ee3c kh\u00e1ch h\u00e0ng tr\u00ean to\u00e0n th\u1ebf gi\u1edbi y\u00eau th\u00edch v\u00ec c\u1ea5u tr\u00fac \u0111\u01a1n gi\u1ea3n, v\u1eadn h\u00e0nh d\u1ec5 d\u00e0ng v\u00e0 hi\u1ec7u su\u1ea5t chi ph\u00ed cao. L\u00e0 <a href=\"https:\/\/taizyagromachine.com\/vi\/\" target=\"_blank\" rel=\"noreferrer noopener\">nh\u00e0 s\u1ea3n xu\u1ea5t v\u00e0 cung c\u1ea5p m\u00e1y l\u00e0m g\u1ea1ch cao c\u1ea5p<\/a>, ch\u00fang t\u00f4i c\u00f3 nhi\u1ec1u m\u1eabu m\u00e1y l\u00e0m g\u1ea1ch.<\/p>    <p>Nh\u00ecn chung, m\u00e1y \u00e9p g\u1ea1ch \u0111\u01b0\u1ee3c b\u00e1n c\u00f3 th\u1ec3 \u0111\u01b0\u1ee3c chia th\u00e0nh m\u00e1y l\u00e0m g\u1ea1ch \u0111\u1ea5t s\u00e9t v\u00e0 m\u00e1y l\u00e0m g\u1ea1ch xi m\u0103ng. T\u00f9y theo t\u1eebng lo\u1ea1i m\u00e1y \u0111\u00f3ng g\u1ea1ch m\u00e0 c\u00f3 c\u00e1c c\u1ea5u h\u00ecnh kh\u00e1c nhau, vui l\u00f2ng \u0111\u1ecdc ti\u1ebfp \u0111\u1ec3 bi\u1ebft th\u00eam th\u00f4ng tin.<\/p>    <h2 class=\"wp-block-heading\"><strong>Lo\u1ea1i 1: C\u1ea7n b\u00e1n m\u00e1y l\u00e0m g\u1ea1ch xi m\u0103ng<\/strong><\/h2>    <p>M\u00e1y l\u00e0m g\u1ea1ch xi m\u0103ng \u0111ang l\u00e0 m\u1eabu m\u00e1y b\u00e1n ch\u1ea1y tr\u00ean th\u1ecb tr\u01b0\u1eddng, \u0111\u01b0\u1ee3c nhi\u1ec1u kh\u00e1ch h\u00e0ng quay l\u1ea1i h\u1ecfi v\u1ec1 m\u00e1y \u00e9p g\u1ea1ch xi m\u0103ng. M\u00e1y \u0111\u00f3ng g\u1ea1ch c\u1ee7a ch\u00fang t\u00f4i c\u00f3 m\u1eabu m\u00e3 \u0111a d\u1ea1ng, d\u1ec5 h\u1ecdc, gi\u00e1 th\u00e0nh ph\u00f9 h\u1ee3p, l\u00e0 s\u1ef1 l\u1ef1a ch\u1ecdn t\u1ed1t \u0111\u1ec3 \u0111\u1ea7u t\u01b0 s\u1ea3n xu\u1ea5t g\u1ea1ch.<\/p>    <p>Ngo\u00e0i ra, m\u00e1y m\u00f3c c\u1ee7a ch\u00fang t\u00f4i th\u01b0\u1eddng \u0111\u01b0\u1ee3c xu\u1ea5t kh\u1ea9u v\u1edbi quy m\u00f4 l\u1edbn v\u00ec hi\u1ec7u su\u1ea5t tuy\u1ec7t v\u1eddi n\u00ean n\u1ebfu b\u1ea1n quan t\u00e2m \u0111\u1ebfn m\u00e1y g\u1ea1ch h\u00e3y li\u00ean h\u1ec7 v\u1edbi ch\u00fang t\u00f4i!<\/p>    <h3 class=\"wp-block-heading\"><strong>C\u00e1c m\u1eabu g\u1ea1ch v\u00e0 khu\u00f4n g\u1ea1ch kh\u00e1c nhau<\/strong><\/h3>    <figure class=\"wp-block-gallery aligncenter has-nested-images columns-default is-cropped wp-block-gallery-2 is-layout-flex wp-block-gallery-is-layout-flex\"> <figure class=\"wp-block-image size-full\"><img loading=\"lazy\" decoding=\"async\" width=\"540\" height=\"600\" data-id=\"4674\" src=\"https:\/\/taizyagromachine.com\/wp-content\/uploads\/2023\/02\/various-sample-bricks.webp\" alt=\"g\u1ea1ch m\u1eabu c\u00e1c lo\u1ea1i\" class=\"wp-image-4674\"\/><figcaption class=\"wp-element-caption\">g\u1ea1ch m\u1eabu c\u00e1c lo\u1ea1i<\/figcaption><\/figure>    <figure class=\"wp-block-image size-full\"><img loading=\"lazy\" decoding=\"async\" width=\"540\" height=\"600\" data-id=\"4675\" src=\"https:\/\/taizyagromachine.com\/wp-content\/uploads\/2023\/02\/all-kinds-of-moulds.webp\" alt=\"t\u1ea5t c\u1ea3 c\u00e1c lo\u1ea1i khu\u00f4n\" class=\"wp-image-4675\"\/><figcaption class=\"wp-element-caption\">t\u1ea5t c\u1ea3 c\u00e1c lo\u1ea1i khu\u00f4n<\/figcaption><\/figure> <\/figure>    <p>C\u00e1c h\u00ecnh d\u1ea1ng g\u1ea1ch c\u00f3 th\u1ec3 s\u1ea3n xu\u1ea5t c\u0169ng nh\u01b0 c\u00e1c lo\u1ea1i g\u1ea1ch c\u00f3 th\u1ec3 s\u1ea3n xu\u1ea5t nh\u01b0 \u0111\u00e3 \u0111\u1ec1 c\u1eadp trong h\u00ecnh tr\u00ean \u0111\u1ec1u c\u00f3 th\u1ec3 \u0111\u01b0\u1ee3c s\u1ea3n xu\u1ea5t b\u1eb1ng m\u00e1y l\u00e0m g\u1ea1ch c\u1ee7a ch\u00fang t\u00f4i.<\/p>    <p>Kh\u1ed1i l\u00e1t n\u1ec1n, kh\u1ed1i m\u00e0u, g\u1ea1ch c\u1ecf, kh\u1ed1i b\u1ea3o v\u1ec7 m\u00e1i d\u1ed1c, kh\u1ed1i, kh\u1ed1i s\u1eed d\u1ee5ng d\u1ecdc \u0111\u01b0\u1eddng, v.v. c\u00f3 th\u1ec3 \u0111\u01b0\u1ee3c s\u1ea3n xu\u1ea5t b\u1eb1ng m\u00e1y t\u1ea1o kh\u1ed1i Taizy. <\/p>    <h3 class=\"wp-block-heading\"><strong>Th\u00f4ng s\u1ed1 chi ti\u1ebft c\u1ee7a m\u00e1y g\u1ea1ch xi m\u0103ng \u0111\u1ec3 b\u00e1n<\/strong><\/h3>    <p>Ch\u00fang t\u00f4i c\u00f3 b\u00e1n 10 m\u1eabu m\u00e1y g\u1ea1ch xi m\u0103ng, m\u1ed7i m\u1eabu c\u00f3 c\u00f4ng su\u1ea5t v\u00e0 chi ti\u1ebft c\u1ea5u h\u00ecnh kh\u00e1c nhau, th\u00f4ng s\u1ed1 c\u1ee5 th\u1ec3 b\u1ea1n c\u00f3 th\u1ec3 xem b\u00ean d\u01b0\u1edbi.<\/p>    <figure class=\"wp-block-table\"><table><tbody><tr><td>Ng\u01b0\u1eddi m\u1eabu<\/td><td>H\u00ecnh \u1ea3nh m\u00e1y<\/td><td>Chu k\u1ef3 \u0111\u00fac<\/td><td>\u0110\u01b0\u1ee3c trang b\u1ecb s\u1ee9c m\u1ea1nh<\/td><td>Dung t\u00edch<\/td><td>K\u00edch th\u01b0\u1edbc t\u1ea5m<\/td><td>K\u00edch th\u01b0\u1edbc t\u1ed5ng th\u1ec3<\/td><td>C\u00e2n n\u1eb7ng<\/td><td>Y\u00eau c\u1ea7u ng\u01b0\u1eddi v\u1eadn h\u00e0nh<\/td><\/tr><tr><td>DF2-45<\/td><td><img loading=\"lazy\" decoding=\"async\" width=\"150\" height=\"158\" class=\"wp-image-4650\" style=\"width: 150px;\" src=\"https:\/\/taizyagromachine.com\/wp-content\/uploads\/2023\/02\/DF2-45-block-machine.webp\" alt=\"\"><\/td><td>45 gi\u00e2y<\/td><td>1,1kw<\/td><td>G\u1ea1ch ti\u00eau chu\u1ea9n 240*53*115mm 3600 C\u00c1I<br>G\u1ea1ch r\u1ed7ng 390*190*190mm 600 C\u00c1I<\/td><td>\/<\/td><td>900*700*1150mm<\/td><td>200kg<\/td><td>1-2<\/td><\/tr><tr><td>DF3-45<\/td><td><img loading=\"lazy\" decoding=\"async\" width=\"150\" height=\"203\" class=\"wp-image-4654\" style=\"width: 150px;\" src=\"https:\/\/taizyagromachine.com\/wp-content\/uploads\/2023\/02\/DF3-45-brick-machine.webp\" alt=\"\"><\/td><td>45 gi\u00e2y<\/td><td>1,1kw<\/td><td>G\u1ea1ch ti\u00eau chu\u1ea9n 240*53*115mm 8000 C\u00c1I<br>G\u1ea1ch r\u1ed7ng 390*190*190mm 1000 C\u00c1I<\/td><td>\/<\/td><td>1100*1050*1300mm<\/td><td>300kg<\/td><td>1-2<\/td><\/tr><tr><td>DF4-45<\/td><td><img loading=\"lazy\" decoding=\"async\" width=\"150\" height=\"158\" class=\"wp-image-4655\" style=\"width: 150px;\" src=\"https:\/\/taizyagromachine.com\/wp-content\/uploads\/2023\/02\/DF4-45.webp\" alt=\"\"><\/td><td>45 gi\u00e2y<\/td><td>3,7kw<\/td><td>G\u1ea1ch ti\u00eau chu\u1ea9n 240*53*115mm 12000 C\u00c1I<br>G\u1ea1ch r\u1ed7ng 390*190*190mm 1800 C\u00c1I<\/td><td>\/<\/td><td>1250*1350*1550mm<\/td><td>750kg<\/td><td>2-3<\/td><\/tr><tr><td>\u0111\u1ed9ng c\u01a1 diesel DF<\/td><td><img loading=\"lazy\" decoding=\"async\" width=\"150\" height=\"247\" class=\"wp-image-4656\" style=\"width: 150px;\" src=\"https:\/\/taizyagromachine.com\/wp-content\/uploads\/2023\/02\/DF.webp\" alt=\"\"><\/td><td>45 gi\u00e2y<\/td><td>8 m\u00e3 l\u1ef1c<\/td><td>G\u1ea1ch ti\u00eau chu\u1ea9n 240*53*115mm 3600 C\u00c1I<br>G\u1ea1ch r\u1ed7ng 390*190*190mm 600 C\u00c1I<\/td><td>\/<\/td><td>1900*1000*1550mm<\/td><td>250kg<\/td><td>1-2<\/td><\/tr><tr><td>DF4-35A kh\u00f4ng c\u00f3 ph\u1ec5u<\/td><td><img loading=\"lazy\" decoding=\"async\" width=\"150\" height=\"171\" class=\"wp-image-4657\" style=\"width: 150px;\" src=\"https:\/\/taizyagromachine.com\/wp-content\/uploads\/2023\/02\/DF4-35A-without-hopper.webp\" alt=\"\"><\/td><td>35 gi\u00e2y<\/td><td>4,8kw<\/td><td>G\u1ea1ch ti\u00eau chu\u1ea9n 240*53*115mm 15000 C\u00c1I<br>G\u1ea1ch r\u1ed7ng 390*190*190mm 2400 C\u00c1I<\/td><td>850*550*30mm<\/td><td>1250*1350*1550mm<\/td><td>750kg<\/td><td>2-3<\/td><\/tr><tr><td>DF4-35A c\u00f3 ph\u1ec5u<\/td><td><img loading=\"lazy\" decoding=\"async\" width=\"150\" height=\"229\" class=\"wp-image-4658\" style=\"width: 150px;\" src=\"https:\/\/taizyagromachine.com\/wp-content\/uploads\/2023\/02\/DF4-35A-with-hopper.webp\" alt=\"\"><\/td><td>35 gi\u00e2y<\/td><td>4,8kw<\/td><td>G\u1ea1ch ti\u00eau chu\u1ea9n 240*53*115mm 20000 C\u00c1I<br>G\u1ea1ch r\u1ed7ng 390*190*190mm 3200 C\u00c1I<\/td><td>850*550*30mm<\/td><td>1200*1280*1950mm<\/td><td>780kg<\/td><td>2-3<\/td><\/tr><tr><td>DF4-35B kh\u00f4ng c\u00f3 ph\u1ec5u<\/td><td><img loading=\"lazy\" decoding=\"async\" width=\"150\" height=\"186\" class=\"wp-image-4659\" style=\"width: 150px;\" src=\"https:\/\/taizyagromachine.com\/wp-content\/uploads\/2023\/02\/DF4-35B-without-hopper.webp\" alt=\"\"><\/td><td>35 gi\u00e2y<\/td><td>6,3kw<\/td><td>G\u1ea1ch ti\u00eau chu\u1ea9n 240*53*115mm 15000 C\u00c1I<br>G\u1ea1ch r\u1ed7ng 390*190*190mm 2400 C\u00c1I<\/td><td>850*550*30mm<\/td><td>1250*1350*1550mm<\/td><td>800kg<\/td><td>2-3<\/td><\/tr><tr><td>DF4-35B c\u00f3 ph\u1ec5u<\/td><td><img loading=\"lazy\" decoding=\"async\" width=\"150\" height=\"244\" class=\"wp-image-4660\" style=\"width: 150px;\" src=\"https:\/\/taizyagromachine.com\/wp-content\/uploads\/2023\/02\/DF4-35B-with-hopper.webp\" alt=\"\"><\/td><td>35 gi\u00e2y<\/td><td>6,3kw<\/td><td>G\u1ea1ch ti\u00eau chu\u1ea9n 240*53*115mm 20000 C\u00c1I<br>G\u1ea1ch r\u1ed7ng 390*190*190mm 3200 C\u00c1I<\/td><td>850*550*30mm<\/td><td>1200*1280*1950mm<\/td><td>830kg<\/td><td>2-3<\/td><\/tr><tr><td>DF4-40A kh\u00f4ng c\u00f3 ph\u1ec5u<\/td><td><img loading=\"lazy\" decoding=\"async\" width=\"150\" height=\"194\" class=\"wp-image-4661\" style=\"width: 150px;\" src=\"https:\/\/taizyagromachine.com\/wp-content\/uploads\/2023\/02\/DF4-40A-without-hopper.webp\" alt=\"\"><\/td><td>35 gi\u00e2y<\/td><td>7,5kw<\/td><td>G\u1ea1ch ti\u00eau chu\u1ea9n 240*53*115mm 20000 C\u00c1I<br>G\u1ea1ch r\u1ed7ng 390*190*190mm 3200 C\u00c1I<\/td><td>850*550*30mm<\/td><td>1500*1300*1800mm<\/td><td>1100kg<\/td><td>2-3<\/td><\/tr><tr><td>M\u00e1y \u0111\u00f3ng g\u1ea1ch t\u1ef1 \u0111\u1ed9ng DF4-40A<\/td><td><img loading=\"lazy\" decoding=\"async\" width=\"150\" height=\"137\" class=\"wp-image-4662\" style=\"width: 150px;\" src=\"https:\/\/taizyagromachine.com\/wp-content\/uploads\/2023\/02\/DF4-40A-automatic-brick-machine.webp\" alt=\"\"><\/td><td>35 gi\u00e2y<\/td><td>7,5kw<\/td><td>G\u1ea1ch ti\u00eau chu\u1ea9n 240*53*115mm 24000 C\u00c1I<br>G\u1ea1ch r\u1ed7ng 390*190*190mm 3600 C\u00c1I<\/td><td>850*550*30mm<\/td><td>1600*1300*2300mm<\/td><td>1150kg<\/td><td>2-3<\/td><\/tr><\/tbody><\/table><figcaption class=\"wp-element-caption\">B\u00e1n t\u1ea5t c\u1ea3 c\u00e1c lo\u1ea1i m\u00e1y l\u00e0m g\u1ea1ch xi m\u0103ng<\/figcaption><\/figure>    <h2 class=\"wp-block-heading\"><strong>Lo\u1ea1i 2: M\u00e1y l\u00e0m g\u1ea1ch \u0111\u1ea5t s\u00e9t \u2013 M\u00e1y \u0111\u00f3ng g\u1ea1ch mi\u1ec5n ph\u00ed<\/strong><\/h2>    <p>M\u00e1y \u0111\u00f3ng g\u1ea1ch n\u00e0y l\u00e0 m\u00e1y l\u00e0m g\u1ea1ch \u0111\u1ea5t s\u00e9t, t\u1ee9c l\u00e0 m\u00e1y l\u00e0m g\u1ea1ch kh\u00f4ng nung, ch\u1ee7 y\u1ebfu s\u1eed d\u1ee5ng \u0111\u1ea5t s\u00e9t \u0111\u1ec3 s\u1ea3n xu\u1ea5t c\u00e1c lo\u1ea1i g\u1ea1ch c\u00f3 th\u1ec3 l\u00e0m \u0111\u01b0\u1ee3c. M\u00e1y \u0111\u00f3ng g\u1ea1ch n\u00e0y c\u00f3 th\u1ec3 \u0111\u01b0\u1ee3c s\u1eed d\u1ee5ng c\u00f9ng v\u1edbi c\u00e1c m\u00e1y kh\u00e1c \u0111\u1ec3 s\u1ea3n xu\u1ea5t g\u1ea1ch \u0111\u1ea5t s\u00e9t ho\u00e0n to\u00e0n t\u1ef1 \u0111\u1ed9ng.<\/p>    <h3 class=\"wp-block-heading\"><strong>C\u1ea5u tr\u00fac c\u1ee7a m\u00e1y g\u1ea1ch l\u1ed3ng v\u00e0o nhau ho\u00e0n to\u00e0n t\u1ef1 \u0111\u1ed9ng<\/strong><\/h3>    <div class=\"wp-block-columns is-layout-flex wp-container-core-columns-is-layout-9d6595d7 wp-block-columns-is-layout-flex\"> <div class=\"wp-block-column is-layout-flow wp-block-column-is-layout-flow\"><div class=\"wp-block-image\"> <figure class=\"aligncenter size-full\"><img loading=\"lazy\" decoding=\"async\" width=\"720\" height=\"540\" src=\"https:\/\/taizyagromachine.com\/wp-content\/uploads\/2023\/02\/clay-block-machine-structure.webp\" alt=\"c\u1ea5u tr\u00fac m\u00e1y kh\u1ed1i \u0111\u1ea5t s\u00e9t\" class=\"wp-image-4642\"\/><figcaption class=\"wp-element-caption\">c\u1ea5u tr\u00fac m\u00e1y kh\u1ed1i \u0111\u1ea5t s\u00e9t<\/figcaption><\/figure> <\/div><\/div>    <div class=\"wp-block-column is-layout-flow wp-block-column-is-layout-flow\"> <p>S\u1ef1 k\u1ebft h\u1ee3p n\u00e0y gi\u00fap ng\u01b0\u1eddi mua s\u1ea3n xu\u1ea5t kh\u1ed1i \u0111\u1ea5t s\u00e9t r\u1ea5t thu\u1eadn ti\u1ec7n v\u00e0 hi\u1ec7u qu\u1ea3, r\u1ea5t thi\u1ebft th\u1ef1c trong ng\u00e0nh s\u1ea3n xu\u1ea5t g\u1ea1ch. <\/p>    <p>N\u1ebfu b\u1ea1n quan t\u00e2m, vui l\u00f2ng li\u00ean h\u1ec7 v\u1edbi ch\u00fang t\u00f4i!<\/p>    <figure class=\"wp-block-table\"><table><tbody><tr><td>KH\u00d4NG.<\/td><td>T\u00ean b\u1ed9 ph\u1eadn m\u00e1y<\/td><\/tr><tr><td>1<\/td><td>M\u00e1y tr\u1ed9n<\/td><\/tr><tr><td>2<\/td><td>B\u0103ng t\u1ea3i \u0111ai<\/td><\/tr><tr><td>3<\/td><td>Xi lanh d\u1ea7u th\u1ee7y l\u1ef1c<\/td><\/tr><tr><td>4<\/td><td>M\u00e1y kh\u1ed1i ch\u00ednh<\/td><\/tr><\/tbody><\/table><figcaption class=\"wp-element-caption\">b\u1ea3ng danh s\u00e1ch m\u00e1y l\u00e0m \u0111\u1ea5t s\u00e9t t\u1ef1 \u0111\u1ed9ng<\/figcaption><\/figure> <\/div> <\/div>    <h3 class=\"wp-block-heading\"><strong>H\u00ecnh d\u1ea1ng kh\u1ed1i \u0111\u1ea5t s\u00e9t &amp; N\u0103ng su\u1ea5t m\u00e1y<\/strong><\/h3>    <figure class=\"wp-block-table\"><table><tbody><tr><td>C\u00e1c lo\u1ea1i<\/td><td>Tranh g\u1ea1ch<\/td><td>K\u00edch c\u1ee1<\/td><td>Chu k\u1ef3 \u0111\u00fac<\/td><td>S\u1ed1 l\u01b0\u1ee3ng\/Khu\u00f4n<\/td><td>S\u1ed1 l\u01b0\u1ee3ng\/gi\u1edd<\/td><td>S\u1ed1 l\u01b0\u1ee3ng\/8 gi\u1edd<\/td><\/tr><tr><td>G\u1ea1ch \u0111\u1ea5t s\u00e9t<\/td><td><img loading=\"lazy\" decoding=\"async\" width=\"150\" height=\"94\" class=\"wp-image-4647\" style=\"width: 150px;\" src=\"https:\/\/taizyagromachine.com\/wp-content\/uploads\/2023\/02\/Clay-brick.png\" alt=\"\"><\/td><td>300*150*100mm<\/td><td>10 gi\u00e2y<\/td><td>7 chi\u1ebfc<\/td><td>2520 chi\u1ebfc<\/td><td>20160 chi\u1ebfc<\/td><\/tr><\/tbody><\/table><\/figure>    <h2 class=\"wp-block-heading\"><strong>Gi\u00e1 m\u00e1y l\u00e0m g\u1ea1ch Flyash l\u00e0 bao nhi\u00eau?<\/strong><\/h2>    <p>Khi quy\u1ebft \u0111\u1ecbnh mua m\u00e1y \u0111\u00f3ng g\u1ea1ch, ch\u1eafc ch\u1eafn b\u1ea1n s\u1ebd c\u00e2n nh\u1eafc v\u1ec1 gi\u00e1 th\u00e0nh c\u1ee7a m\u00e1y \u0111\u00f3ng g\u1ea1ch. V\u00e0 gi\u00e1 c\u1ee7a m\u00e1y g\u1ea1ch b\u1ecb \u1ea3nh h\u01b0\u1edfng b\u1edfi nhi\u1ec1u kh\u00eda c\u1ea1nh kh\u00e1c nhau. V\u00ed d\u1ee5, gi\u00e1 m\u00e1y l\u00e0m g\u1ea1ch xi m\u0103ng th\u1ee7 c\u00f4ng kh\u00e1c v\u1edbi gi\u00e1 m\u00e1y l\u00e0m g\u1ea1ch \u0111\u1ea5t s\u00e9t ho\u00e0n to\u00e0n t\u1ef1 \u0111\u1ed9ng. Gi\u00e1 c\u1ee7a m\u1eabu \u0111\u1ed9ng c\u01a1 c\u1ee7a m\u00e1y g\u1ea1ch v\u00e0 m\u1eabu \u0111\u1ed9ng c\u01a1 diesel c\u1ee7a m\u00e1y g\u1ea1ch c\u0169ng s\u1ebd kh\u00e1c nhau. Ngo\u00e0i ra, lo\u1ea1i g\u1ea1ch m\u00e0 kh\u00e1ch h\u00e0ng mu\u1ed1n l\u00e0m c\u0169ng c\u1ea7n \u0111\u01b0\u1ee3c xem x\u00e9t. V\u00ec s\u1eed d\u1ee5ng nhi\u1ec1u lo\u1ea1i khu\u00f4n kh\u00e1c nhau n\u00ean gi\u00e1 th\u00e0nh c\u0169ng kh\u00e1c nhau.<\/p>    <p>V\u00ec v\u1eady, khi b\u1ea1n mu\u1ed1n mua m\u1ed9t chi\u1ebfc m\u00e1y, b\u1ea1n c\u00f3 th\u1ec3 cho ng\u01b0\u1eddi qu\u1ea3n l\u00fd b\u00e1n h\u00e0ng c\u1ee7a ch\u00fang t\u00f4i bi\u1ebft h\u00ecnh d\u1ea1ng vi\u00ean g\u1ea1ch b\u1ea1n mu\u1ed1n s\u1ea3n xu\u1ea5t v\u00e0 ng\u00e2n s\u00e1ch c\u1ee7a b\u1ea1n, v.v. Ng\u01b0\u1eddi qu\u1ea3n l\u00fd b\u00e1n h\u00e0ng c\u1ee7a ch\u00fang t\u00f4i c\u00f3 th\u1ec3 \u0111\u1ec1 xu\u1ea5t gi\u1ea3i ph\u00e1p ph\u00f9 h\u1ee3p cho b\u1ea1n t\u00f9y theo nhu c\u1ea7u c\u1ee7a b\u1ea1n.<\/p>    <h2 class=\"wp-block-heading\"><strong>\u0110\u00f3ng g\u00f3i &amp; Giao h\u00e0ng M\u00e1y l\u00e0m g\u1ea1ch Taizy<\/strong><\/h2>    <figure class=\"wp-block-gallery aligncenter has-nested-images columns-default is-cropped wp-block-gallery-3 is-layout-flex wp-block-gallery-is-layout-flex\"> <figure class=\"wp-block-image size-large\"><img loading=\"lazy\" decoding=\"async\" width=\"540\" height=\"540\" data-id=\"4679\" src=\"https:\/\/taizyagromachine.com\/wp-content\/uploads\/2023\/02\/package-of-the-cement-block-machine.webp\" alt=\"m\u00e1y \u0111\u00f3ng ki\u1ec7n xi m\u0103ng\" class=\"wp-image-4679\"\/><figcaption class=\"wp-element-caption\">g\u00f3i m\u00e1y s\u1ea3n xu\u1ea5t g\u1ea1ch xi m\u0103ng<\/figcaption><\/figure>    <figure class=\"wp-block-image size-large\"><img loading=\"lazy\" decoding=\"async\" width=\"540\" height=\"540\" data-id=\"4680\" src=\"https:\/\/taizyagromachine.com\/wp-content\/uploads\/2023\/02\/package-of-the-cement-brick-machine.webp\" alt=\"m\u00e1y \u0111\u00f3ng g\u00f3i xi m\u0103ng-g\u1ea1ch\" class=\"wp-image-4680\"\/><figcaption class=\"wp-element-caption\">g\u00f3i m\u00e1y g\u1ea1ch xi m\u0103ng<\/figcaption><\/figure> <\/figure>    <p>Sau khi kh\u00e1ch h\u00e0ng mua m\u00e1y \u0111\u00f3ng g\u1ea1ch c\u1ee7a ch\u00fang t\u00f4i, ch\u00fang t\u00f4i s\u1ebd \u0111\u00f3ng g\u00f3i m\u00e1y sau khi s\u1ea3n xu\u1ea5t. B\u1edfi v\u00ec th\u00f4ng th\u01b0\u1eddng, n\u00f3 \u0111\u01b0\u1ee3c v\u1eadn chuy\u1ec3n b\u1eb1ng \u0111\u01b0\u1eddng bi\u1ec3n \u0111\u1ebfn \u0111\u00edch c\u1ee7a kh\u00e1ch h\u00e0ng v\u00e0 c\u00f3 th\u1ec3 g\u1eb7p ph\u1ea3i nhi\u1ec1u v\u1ea5n \u0111\u1ec1 kh\u00e1c nhau tr\u00ean bi\u1ec3n. M\u1ee5c \u0111\u00edch c\u1ee7a vi\u1ec7c \u0111\u00f3ng g\u00f3i m\u00e1y l\u00e0m g\u1ea1ch tro bay trong h\u1ed9p g\u1ed7 l\u00e0 \u0111\u1ec3 b\u1ea3o v\u1ec7 m\u00e1y g\u1ea1ch t\u1ed1t h\u01a1n trong su\u1ed1t h\u00e0nh tr\u00ecnh tr\u00ean bi\u1ec3n v\u00e0 tr\u00e1nh m\u1ecdi h\u01b0 h\u1ecfng cho m\u00e1y tr\u01b0\u1edbc khi \u0111\u1ebfn \u0111\u00edch. H\u00ecnh tr\u00ean l\u00e0 bao b\u00ec c\u1ee7a m\u00e1y \u0111\u00f3ng g\u1ea1ch.<\/p>    <h2 class=\"wp-block-heading\"><strong>Video M\u00e1y L\u00e0m G\u1ea1ch Xi M\u0103ng Taizy<\/strong><\/h2>    <figure class=\"wp-block-embed is-type-video is-provider-youtube wp-block-embed-youtube wp-embed-aspect-16-9 wp-has-aspect-ratio\"><div class=\"wp-block-embed__wrapper\"> <iframe loading=\"lazy\" title=\"Top 3 M\u00e1y L\u00e0m G\u1ea1ch C\u1ea7n B\u00e1n - Nh\u00e0 s\u1ea3n xu\u1ea5t &amp; Nh\u00e0 cung c\u1ea5p M\u00e1y L\u00e0m G\u1ea1ch Block #bricks\" width=\"500\" height=\"281\" src=\"https:\/\/www.youtube.com\/embed\/Jt3gWnMqpbc?feature=oembed\" frameborder=\"0\" allow=\"accelerometer; autoplay; clipboard-write; encrypted-media; gyroscope; picture-in-picture; web-share\" referrerpolicy=\"strict-origin-when-cross-origin\" allowfullscreen><\/iframe> <\/div><\/figure>","protected":false},"excerpt":{"rendered":"<p>The brick making machine is specially designed for the production of various types of bricks. It is loved by customers from all over the world because of its simple structure, easy operation and high cost performance. As a senior brick machine manufacturer and supplier, we have a wide range of brick machine models. In general, [&hellip;]<\/p>\n","protected":false},"author":1,"featured_media":4683,"parent":0,"template":"","tags":[212],"product-type":[22],"class_list":["post-4641","product","type-product","status-publish","has-post-thumbnail","hentry","tag-brick-making-machine","product-type-others"],"_links":{"self":[{"href":"https:\/\/taizyagromachine.com\/vi\/wp-json\/wp\/v2\/product\/4641","targetHints":{"allow":["GET"]}}],"collection":[{"href":"https:\/\/taizyagromachine.com\/vi\/wp-json\/wp\/v2\/product"}],"about":[{"href":"https:\/\/taizyagromachine.com\/vi\/wp-json\/wp\/v2\/types\/product"}],"author":[{"embeddable":true,"href":"https:\/\/taizyagromachine.com\/vi\/wp-json\/wp\/v2\/users\/1"}],"wp:featuredmedia":[{"embeddable":true,"href":"https:\/\/taizyagromachine.com\/vi\/wp-json\/wp\/v2\/media\/4683"}],"wp:attachment":[{"href":"https:\/\/taizyagromachine.com\/vi\/wp-json\/wp\/v2\/media?parent=4641"}],"wp:term":[{"taxonomy":"post_tag","embeddable":true,"href":"https:\/\/taizyagromachine.com\/vi\/wp-json\/wp\/v2\/tags?post=4641"},{"taxonomy":"product-type","embeddable":true,"href":"https:\/\/taizyagromachine.com\/vi\/wp-json\/wp\/v2\/product-type?post=4641"}],"curies":[{"name":"wp","href":"https:\/\/api.w.org\/{rel}","templated":true}]}}