{"id":4700,"date":"2023-02-21T17:21:57","date_gmt":"2023-02-21T09:21:57","guid":{"rendered":"https:\/\/taizyagromachine.com\/?post_type=product&#038;p=4700"},"modified":"2025-02-25T11:48:17","modified_gmt":"2025-02-25T03:48:17","slug":"reaper-machine","status":"publish","type":"product","link":"https:\/\/taizyagromachine.com\/vi\/product\/reaper-machine\/","title":{"rendered":"M\u00e1y g\u1eb7t mini \u0111\u1ec3 thu ho\u1ea1ch ng\u00f4, g\u1ea1o, l\u00faa m\u00ec, l\u00faa mi\u1ebfn, c\u1ecf, c\u1ecf linh l\u0103ng"},"content":{"rendered":"<p>M\u00e1y g\u1eb7t l\u00e0 lo\u1ea1i m\u00e1y ti\u1ebft ki\u1ec7m \u0111\u01b0\u1ee3c thi\u1ebft k\u1ebf \u0111\u1eb7c bi\u1ec7t \u0111\u1ec3 thu ho\u1ea1ch nhi\u1ec1u lo\u1ea1i c\u00e2y tr\u1ed3ng kh\u00e1c nhau. N\u00f3 c\u00f3 c\u00e1c \u0111\u1eb7c t\u00ednh v\u1ec1 hi\u1ec7u su\u1ea5t chi ph\u00ed cao, v\u1eadn h\u00e0nh d\u1ec5 d\u00e0ng v\u00e0 kh\u1ea3 n\u0103ng \u1ee9ng d\u1ee5ng cao. V\u00ec v\u1eady, nhi\u1ec1u kh\u00e1ch h\u00e0ng mua to\u00e0n b\u1ed9 m\u00e1y g\u1eb7t c\u1ea7m tay c\u1ee7a ch\u00fang t\u00f4i v\u00e0 tr\u1edf th\u00e0nh \u0111\u1ea1i l\u00fd ho\u1eb7c nh\u00e0 b\u00e1n l\u1ebb m\u00e1y c\u1ee7a ch\u00fang t\u00f4i.<\/p>    <h2 class=\"wp-block-heading\"><strong>M\u00e1y thu ho\u1ea1ch Reaper l\u00e0 g\u00ec?<\/strong><\/h2>    <p>Ch\u1ee9c n\u0103ng c\u1ee5 th\u1ec3 l\u00e0 c\u1eaft b\u1ecf c\u00e2y tr\u1ed3ng v\u00e0 \u0111\u1eb7t n\u00f3 sang m\u1ed9t b\u00ean. M\u00e1y n\u00e0y \u0111\u01b0\u1ee3c thi\u1ebft k\u1ebf v\u00e0 ph\u00e1t minh \u0111\u1ec3 t\u1ea1o \u0111i\u1ec1u ki\u1ec7n thu\u1eadn l\u1ee3i cho n\u00f4ng d\u00e2n thu ho\u1ea1ch c\u00e2y tr\u1ed3ng n\u00ean r\u1ea5t thi\u1ebft th\u1ef1c. N\u00f3 c\u00f3 th\u1ec3 \u0111\u01b0\u1ee3c s\u1eed d\u1ee5ng kh\u00f4ng ch\u1ec9 \u0111\u1ec3 thu ho\u1ea1ch c\u00e1c lo\u1ea1i c\u00e2y tr\u1ed3ng kh\u00e1c nhau m\u00e0 c\u00f2n \u1edf v\u00f9ng n\u00fai, \u0111\u1ed3ng b\u1eb1ng, mi\u1ec1n n\u00fai v\u00e0 nh\u00e0 k\u00ednh.<\/p>    <p>M\u00e1y n\u00e0y c\u00f2n c\u00f3 th\u1ec3 s\u1eed d\u1ee5ng k\u00e8m v\u1edbi m\u00e1y k\u00e9o \u0111i b\u1ed9 ph\u00eda sau, s\u1ebd thu\u1eadn ti\u1ec7n h\u01a1n khi s\u1eed d\u1ee5ng v\u00e0 mang l\u1ea1i s\u1ef1 ti\u1ec7n l\u1ee3i l\u1edbn cho ng\u01b0\u1eddi d\u00f9ng. N\u1ebfu b\u1ea1n quan t\u00e2m \u0111\u1ebfn lo\u1ea1i m\u00e1y n\u00e0y, vui l\u00f2ng li\u00ean h\u1ec7 v\u1edbi ch\u00fang t\u00f4i \u0111\u1ec3 bi\u1ebft th\u00eam th\u00f4ng tin!<\/p>    <figure class=\"wp-block-embed is-type-video is-provider-youtube wp-block-embed-youtube wp-embed-aspect-16-9 wp-has-aspect-ratio\"><div class=\"wp-block-embed__wrapper\"> <iframe loading=\"lazy\" title=\"Hi\u1ec7u qu\u1ea3 Corn &amp; Reed Harvestester v\u1edbi m\u00e1y Reaper | M\u00e1y g\u1eb7t m\u00e1y g\u1eb7t ch\u1ee5p g\u1eb7t hi\u1ec7u su\u1ea5t cao\" width=\"500\" height=\"281\" src=\"https:\/\/www.youtube.com\/embed\/GudCYyAzqm0?feature=oembed\" frameborder=\"0\" allow=\"accelerometer; autoplay; clipboard-write; encrypted-media; gyroscope; picture-in-picture; web-share\" referrerpolicy=\"strict-origin-when-cross-origin\" allowfullscreen><\/iframe> <\/div><figcaption class=\"wp-element-caption\">M\u00e1y g\u1eb7t m\u00e1y g\u1eb7t<\/figcaption><\/figure>    <h2 class=\"wp-block-heading\"><strong>C\u00e1c lo\u1ea1i m\u00e1y g\u1eb7t ph\u1ee5c v\u1ee5 n\u00f4ng nghi\u1ec7p<\/strong><\/h2>    <p class=\"translation-block\"><span id=\"Types_of_Reaper_Machine_for_Agriculture\"><strong>C\u00e1c lo\u1ea1i m\u00e1y g\u1eb7t \u0111\u1eadp trong n\u00f4ng nghi\u1ec7p<\/strong><\/span><a href=\"https:\/\/en.wikipedia.org\/wiki\/Reaper\" target=\"_blank\" rel=\"noreferrer noopener\">M\u00e1y g\u1eb7t \u0111\u1eadp<\/a> c\u1ee7a ch\u00fang t\u00f4i c\u00f3 th\u1ec3 \u0111\u01b0\u1ee3c chia th\u00e0nh m\u00e1y g\u1eb7t \u0111\u1eadp b\u00f3 v\u00e0 m\u00e1y g\u1eb7t \u0111\u1eadp. S\u1ef1 kh\u00e1c bi\u1ec7t gi\u1eefa hai lo\u1ea1i n\u00e0y n\u1eb1m \u1edf ch\u1ee9c n\u0103ng. M\u00e1y g\u1eb7t \u0111\u1eadp b\u00f3 d\u00f9ng \u0111\u1ec3 b\u00f3 l\u00faa khi g\u1eb7t, c\u00f2n m\u00e1y g\u1eb7t \u0111\u1eadp ch\u1ec9 d\u00f9ng \u0111\u1ec3 g\u1eb7t.<\/p>    <p class=\"translation-block\">C\u0169ng c\u1ea7n l\u01b0u \u00fd r\u1eb1ng c\u00e1c m\u1eabu m\u00e1y c\u1ee7a ch\u00fang t\u00f4i \u0111\u01b0\u1ee3c ph\u00e2n lo\u1ea1i theo c\u00e1c chi\u1ec1u r\u1ed9ng g\u1eb7t kh\u00e1c nhau, c\u00f3 th\u1ec3 chia th\u00e0nh 4GK-90, 4G-100, 4G-120, 4G-120A, 4G-150, v.v. Th\u00f4ng s\u1ed1 chi ti\u1ebft tham kh\u1ea3o ph\u1ea7n \u201c<strong>Th\u00f4ng s\u1ed1 k\u1ef9 thu\u1eadt m\u00e1y g\u1eb7t \u0111\u1eadp Taizy \u0111\u1ec3 b\u00e1n<\/strong>\u201d d\u01b0\u1edbi \u0111\u00e2y.<\/p>    <h2 class=\"wp-block-heading\"><strong>\u1ee8ng d\u1ee5ng c\u1ee7a m\u00e1y g\u1eb7t Reaper<\/strong><\/h2>    <p>M\u00e1y g\u1eb7t Taizy c\u00f3 nhi\u1ec1u \u1ee9ng d\u1ee5ng, ch\u1eb3ng h\u1ea1n nh\u01b0 ng\u00f4, m\u00eda, g\u1ea1o, l\u00faa m\u00ec, c\u1ecf, c\u1ecf linh l\u0103ng, l\u00faa mi\u1ebfn, k\u00ea, khoai t\u00e2y, t\u1ecfi t\u00e2y, t\u1ecfi, \u0111\u1eadu t\u01b0\u01a1ng, h\u1ea1t ti\u00eau, c\u1ecf voi ng\u1ecdt, v.v. c\u00e2y tr\u1ed3ng, xin vui l\u00f2ng li\u00ean h\u1ec7 v\u1edbi ch\u00fang t\u00f4i! Nh\u00e2n vi\u00ean b\u00e1n h\u00e0ng c\u1ee7a ch\u00fang t\u00f4i s\u1ebd gi\u1edbi thi\u1ec7u m\u00e1y g\u1eb7t ph\u00f9 h\u1ee3p nh\u1ea5t cho b\u1ea1n theo nhu c\u1ea7u c\u1ee5 th\u1ec3 c\u1ee7a b\u1ea1n.<\/p>   <div class=\"wp-block-image\"> <figure class=\"aligncenter size-full\"><img loading=\"lazy\" decoding=\"async\" width=\"720\" height=\"540\" src=\"https:\/\/taizyagromachine.com\/wp-content\/uploads\/2023\/02\/applications-of-reaper-harvester-machine.webp\" alt=\"\u1ee9ng d\u1ee5ng c\u1ee7a m\u00e1y g\u1eb7t \u0111\u1eadp\" class=\"wp-image-4706\"\/><figcaption class=\"wp-element-caption\">\u1ee9ng d\u1ee5ng c\u1ee7a m\u00e1y g\u1eb7t \u0111\u1eadp<\/figcaption><\/figure> <\/div>   <h2 class=\"wp-block-heading\"><strong>C\u00e1c t\u00ednh n\u0103ng c\u1ee7a m\u00e1y g\u1eb7t l\u00faa\/l\u00faa m\u00ec\/ng\u00f4 Taizy<\/strong><\/h2>    <ol class=\"wp-block-list\"> <li>Ti\u1ebft ki\u1ec7m th\u1eddi gian v\u00e0 lao \u0111\u1ed9ng, thu ho\u1ea1ch kinh t\u1ebf v\u00e0 hi\u1ec7u qu\u1ea3.<\/li>    <li>\u0110a m\u1ee5c \u0111\u00edch, ho\u1ea1t \u0111\u1ed9ng \u0111\u01a1n gi\u1ea3n v\u00e0 s\u1ee9c m\u1ea1nh m\u1ea1nh m\u1ebd.<\/li>    <li>\u00c1p d\u1ee5ng r\u1ed9ng r\u00e3i cho \u0111\u1ed3ng b\u1eb1ng, n\u00fai, \u0111\u1ed3i v\u00e0 nh\u00e0 k\u00ednh.<\/li>    <li>N\u00f3 \u0111\u01b0\u1ee3c \u00e1p d\u1ee5ng cho nhi\u1ec1u lo\u1ea1i c\u00e2y tr\u1ed3ng c\u00f3 th\u1ec3 \u0111\u01b0\u1ee3c thu ho\u1ea1ch, ch\u1eb3ng h\u1ea1n nh\u01b0 ng\u00f4, m\u00eda, c\u1ecf, \u0111\u1eadu t\u01b0\u01a1ng, h\u1ea1t ti\u00eau, v.v.<\/li>    <li>Ti\u1ebft ki\u1ec7m n\u0103ng l\u01b0\u1ee3ng, gi\u1ea3m ti\u00eau th\u1ee5 nhi\u00ean li\u1ec7u v\u00e0 c\u1eaft gi\u1ea3m chi ph\u00ed.<\/li>    <li>Ph\u1ee5 ki\u1ec7n cao c\u1ea5p, ch\u1ea5t l\u01b0\u1ee3ng m\u00e1y t\u1ed1t; Kh\u1ea3 n\u0103ng th\u1ef1c h\u00e0nh m\u1ea1nh m\u1ebd, \u1ed5n \u0111\u1ecbnh v\u00e0 \u0111\u1ed9 b\u1ec1n; Hi\u1ec7u qu\u1ea3 thu ho\u1ea1ch l\u00e0 t\u1ed1t.<\/li> <\/ol>   <div class=\"wp-block-image\"> <figure class=\"aligncenter size-full\"><img loading=\"lazy\" decoding=\"async\" width=\"720\" height=\"350\" src=\"https:\/\/taizyagromachine.com\/wp-content\/uploads\/2023\/02\/reaper-machine-manufacturer.webp\" alt=\"nh\u00e0 s\u1ea3n xu\u1ea5t m\u00e1y g\u1eb7t\" class=\"wp-image-4707\"\/><figcaption class=\"wp-element-caption\">nh\u00e0 s\u1ea3n xu\u1ea5t m\u00e1y g\u1eb7t<\/figcaption><\/figure> <\/div>   <h2 class=\"wp-block-heading\"><strong>Gi\u00e1 m\u00e1y Reaper nh\u01b0 th\u1ebf n\u00e0o?<\/strong><\/h2>    <p class=\"translation-block\">L\u00e0<a href=\"https:\/\/taizyagromachine.com\/vi\/\" target=\"_blank\" rel=\"noreferrer noopener\"> nh\u00e0 s\u1ea3n xu\u1ea5t v\u00e0 cung c\u1ea5p m\u00e1y n\u00f4ng nghi\u1ec7p chuy\u00ean nghi\u1ec7p<\/a>, c\u00e1c m\u1eabu m\u00e1y c\u1ee7a ch\u00fang t\u00f4i r\u1ea5t to\u00e0n di\u1ec7n v\u00e0 gi\u00e1 c\u1ea3 c\u1ee7a m\u00e1y g\u1eb7t \u0111\u1eadp b\u00f3 c\u0169ng kh\u00e1c nhau.<\/p>    <p>V\u00ed d\u1ee5, m\u00e1y thu ho\u1ea1ch g\u1eb7t c\u1ee7a ch\u00fang t\u00f4i \u0111\u01b0\u1ee3c chia th\u00e0nh m\u00e1y g\u1eb7t v\u00e0 m\u00e1y g\u1eb7t, ch\u1ee9c n\u0103ng c\u1ea7n thi\u1ebft l\u00e0 c\u00e1c lo\u1ea1i m\u00e1y kh\u00e1c nhau v\u00e0 gi\u00e1 c\u1ea3 c\u0169ng kh\u00e1c nhau. Ngo\u00e0i ra c\u00f2n c\u00f3 c\u1ea5u h\u00ecnh ngu\u1ed3n c\u1ee7a m\u00e1y. M\u00e1y c\u1ee7a ch\u00fang t\u00f4i c\u00f3 th\u1ec3 s\u1eed d\u1ee5ng \u0111\u1ed9ng c\u01a1 x\u0103ng v\u00e0 \u0111\u1ed9ng c\u01a1 diesel. N\u1ebfu c\u00f9ng m\u1ed9t d\u00f2ng m\u00e1y s\u1eed d\u1ee5ng c\u00f4ng su\u1ea5t kh\u00e1c nhau th\u00ec gi\u00e1 m\u00e1y c\u0169ng kh\u00e1c nhau. Ngo\u00e0i ra, chi\u1ec1u r\u1ed9ng thu ho\u1ea1ch c\u1ee7a m\u00e1y. Gi\u00e1 c\u1ee7a m\u00e1y \u0111\u01b0\u01a1ng nhi\u00ean s\u1ebd kh\u00e1c nhau t\u00f9y theo chi\u1ec1u r\u1ed9ng thu ho\u1ea1ch kh\u00e1c nhau m\u00e0 kh\u00e1ch h\u00e0ng mong mu\u1ed1n.<\/p>    <p>T\u00f3m l\u1ea1i l\u00e0 h\u00e3y ch\u1ecdn m\u00e1y \u0111\u1ec3 ch\u1ecdn cho m\u00ecnh m\u1ed9t chi\u1ebfc ph\u00f9 h\u1ee3p. B\u1ea1n c\u0169ng c\u00f3 th\u1ec3 nh\u1edd chuy\u00ean gia c\u1ee7a ch\u00fang t\u00f4i gi\u00fap \u0111\u1ee1 v\u00e0 anh \u1ea5y s\u1ebd gi\u1edbi thi\u1ec7u ng\u01b0\u1eddi ph\u00f9 h\u1ee3p nh\u1ea5t cho b\u1ea1n!<\/p>    <h2 class=\"wp-block-heading\"><strong>Th\u00f4ng s\u1ed1 k\u1ef9 thu\u1eadt c\u1ee7a m\u00e1y Taizy Reaper \u0111\u1ec3 b\u00e1n<\/strong><\/h2>    <figure class=\"wp-block-table\"><table><tbody><tr><td>Ng\u01b0\u1eddi m\u1eabu<\/td><td>Ch\u1ea5t k\u1ebft d\u00ednh m\u00e1y g\u1eb7t 4GK-90<\/td><td>M\u00e1y g\u1eb7t 4G-100<\/td><td>M\u00e1y g\u1eb7t 4G-120<\/td><td>M\u00e1y g\u1eb7t 4G-120A<\/td><td>M\u00e1y g\u1eb7t 4G-150<\/td><\/tr><tr><td>Chi\u1ec1u r\u1ed9ng thu ho\u1ea1ch (mm) <\/td><td>900 <\/td><td>1000 <\/td><td>1200 <\/td><td>1200 <\/td><td>1500 <\/td><\/tr><tr><td>Chi\u1ec1u cao c\u1eaft nh\u1ecf (mm)<\/td><td>\u226550 <\/td><td>\u226550 <\/td><td>\u226550 <\/td><td>\u226550 <\/td><td>\u226550 <\/td><\/tr><tr><td>Ki\u1ec3u \u0111\u1eb7t<\/td><td>\u0110\u00e3 \u0111\u1eb7t b\u00f3 b\u00ean<\/td><td>\u0111\u1eb7t b\u00ean<\/td><td>\u0111\u1eb7t b\u00ean<\/td><td>\u0111\u1eb7t b\u00ean<\/td><td>\u0111\u1eb7t b\u00ean<\/td><\/tr><tr><td>G\u00f3c \u0111\u1eb7t (\u0111\u1ed9)<\/td><td>\/<\/td><td>90\u00b120 <\/td><td>90\u00b120 <\/td><td>90\u00b120 <\/td><td>90\u00b120 <\/td><\/tr><tr><td>C\u00f4ng su\u1ea5t(mu\/gi\u1edd)<\/td><td>2-3<\/td><td>2.5-4<\/td><td>3-5<\/td><td>3-5<\/td><td>3.5-5.5<\/td><\/tr><tr><td>S\u1ee9c m\u1ea1nh ph\u00f9 h\u1ee3p<\/td><td>R175\/6.6 m\u00e3 l\u1ef1c <\/td><td>170F\/4.5 m\u00e3 l\u1ef1c <\/td><td>170F\/6.6 m\u00e3 l\u1ef1c <\/td><td>170F\/4.4 m\u00e3 l\u1ef1c <\/td><td>R175\/6.6 m\u00e3 l\u1ef1c <\/td><\/tr><tr><td>Tr\u1ecdng l\u01b0\u1ee3ng t\u1ecbnh (kg)<\/td><td>330<\/td><td>210<\/td><td>230<\/td><td>216<\/td><td>230<\/td><\/tr><tr><td>T\u1ed5ng tr\u1ecdng l\u01b0\u1ee3ng (kg)<\/td><td>380<\/td><td>250<\/td><td>270<\/td><td>260<\/td><td>300<\/td><\/tr><tr><td>K\u00edch th\u01b0\u1edbc \u0111\u00f3ng g\u00f3i (L * W * H) (m)<\/td><td>1.55*1.35*0.9<\/td><td>1.3*1.07*0.65<\/td><td>1.47*1.07*0.65<\/td><td>1.47*1.07*0.65<\/td><td>1.8*1.07*0.65<\/td><\/tr><tr><td>K\u00edch th\u01b0\u1edbc m\u00e1y (L*W*H)(m)<\/td><td>\/<\/td><td>2.1*1.25*1.0<\/td><td>2.15*1.5*1.1<\/td><td>2.15*1.5*1.1<\/td><td>2.25*1.85*1.1<\/td><\/tr><tr><td>T\u1ef7 l\u1ec7 t\u1ed5n th\u1ea5t(\uff05)<\/td><td>&lt;1<\/td><td>&lt;1<\/td><td>&lt;1<\/td><td>&lt;1<\/td><td>&lt;1<\/td><\/tr><tr><td>T\u1ef7 l\u1ec7 c\u1eaft v\u00e0 b\u00f3 (%)<\/td><td>90<\/td><td>\/<\/td><td>\/<\/td><td>\/<\/td><td>\/<\/td><\/tr><\/tbody><\/table><\/figure>    <p>M\u00e1y g\u1eb7t c\u1ee7a ch\u00fang t\u00f4i c\u00f3 th\u1ec3 ch\u1ea1y b\u1eb1ng \u0111\u1ed9ng c\u01a1 diesel ho\u1eb7c x\u0103ng, v\u00e0 chi\u1ec1u r\u1ed9ng thu ho\u1ea1ch kh\u00e1c nhau, t\u00f9y thu\u1ed9c v\u00e0o nhu c\u1ea7u c\u1ee7a kh\u00e1ch h\u00e0ng.<\/p>    <h2 class=\"wp-block-heading\"><strong>Video Ho\u1ea1t \u0110\u1ed9ng B\u00e1n M\u00e1y Taizy Reaper<\/strong><\/h2>    <figure class=\"wp-block-embed is-type-video is-provider-youtube wp-block-embed-youtube wp-embed-aspect-16-9 wp-has-aspect-ratio\"><div class=\"wp-block-embed__wrapper\"> <iframe loading=\"lazy\" title=\"Ch\u1ea5t k\u1ebft d\u00ednh tuy\u1ec7t v\u1eddi \u0111\u1ec3 thu ho\u1ea1ch ng\u00f4, g\u1ea1o, l\u00faa m\u00ec, l\u00faa mi\u1ebfn, \u0111\u1eadu t\u01b0\u01a1ng, c\u1ecf, c\u1ecf linh l\u0103ng, v.v. #reaper\" width=\"500\" height=\"281\" src=\"https:\/\/www.youtube.com\/embed\/6N6YqNMlX24?feature=oembed\" frameborder=\"0\" allow=\"accelerometer; autoplay; clipboard-write; encrypted-media; gyroscope; picture-in-picture; web-share\" referrerpolicy=\"strict-origin-when-cross-origin\" allowfullscreen><\/iframe> <\/div><\/figure>    <figure class=\"wp-block-embed is-type-video is-provider-youtube wp-block-embed-youtube wp-embed-aspect-16-9 wp-has-aspect-ratio\"><div class=\"wp-block-embed__wrapper\"> <iframe loading=\"lazy\" title=\"M\u00e1y g\u1eb7t t\u1ed1t nh\u1ea5t c\u1ee7a Taizy - M\u00e1y g\u1eb7t c\u1ea7m tay d\u00e0nh cho n\u00f4ng nghi\u1ec7p - M\u00e1y g\u1eb7t g\u1eb7t\" width=\"500\" height=\"281\" src=\"https:\/\/www.youtube.com\/embed\/50z7cpO7OIs?feature=oembed\" frameborder=\"0\" allow=\"accelerometer; autoplay; clipboard-write; encrypted-media; gyroscope; picture-in-picture; web-share\" referrerpolicy=\"strict-origin-when-cross-origin\" allowfullscreen><\/iframe> <\/div><\/figure>","protected":false},"excerpt":{"rendered":"<p>The reaper machine is an economical machine specially designed for harvesting various crops. It has the characteristics of high cost performance, easy operation, and high applicability. Therefore, many customers buy our hand reaper machine as a whole and become dealers or retailers of our machines. What is the Reaper Harvester? The specific function is to [&hellip;]<\/p>\n","protected":false},"author":1,"featured_media":4705,"parent":0,"template":"","tags":[213],"product-type":[22],"class_list":["post-4700","product","type-product","status-publish","has-post-thumbnail","hentry","tag-reaper-machine","product-type-others"],"_links":{"self":[{"href":"https:\/\/taizyagromachine.com\/vi\/wp-json\/wp\/v2\/product\/4700","targetHints":{"allow":["GET"]}}],"collection":[{"href":"https:\/\/taizyagromachine.com\/vi\/wp-json\/wp\/v2\/product"}],"about":[{"href":"https:\/\/taizyagromachine.com\/vi\/wp-json\/wp\/v2\/types\/product"}],"author":[{"embeddable":true,"href":"https:\/\/taizyagromachine.com\/vi\/wp-json\/wp\/v2\/users\/1"}],"wp:featuredmedia":[{"embeddable":true,"href":"https:\/\/taizyagromachine.com\/vi\/wp-json\/wp\/v2\/media\/4705"}],"wp:attachment":[{"href":"https:\/\/taizyagromachine.com\/vi\/wp-json\/wp\/v2\/media?parent=4700"}],"wp:term":[{"taxonomy":"post_tag","embeddable":true,"href":"https:\/\/taizyagromachine.com\/vi\/wp-json\/wp\/v2\/tags?post=4700"},{"taxonomy":"product-type","embeddable":true,"href":"https:\/\/taizyagromachine.com\/vi\/wp-json\/wp\/v2\/product-type?post=4700"}],"curies":[{"name":"wp","href":"https:\/\/api.w.org\/{rel}","templated":true}]}}