{"id":4760,"date":"2023-03-09T15:35:40","date_gmt":"2023-03-09T07:35:40","guid":{"rendered":"https:\/\/taizyagromachine.com\/?post_type=product&#038;p=4760"},"modified":"2023-03-09T17:32:18","modified_gmt":"2023-03-09T09:32:18","slug":"peanut-harvester-machine","status":"publish","type":"product","link":"https:\/\/taizyagromachine.com\/vi\/product\/peanut-harvester-machine\/","title":{"rendered":"C\u1ea7n b\u00e1n m\u00e1y thu ho\u1ea1ch \u0111\u1eadu ph\u1ed9ng lo\u1ea1i x\u00edch"},"content":{"rendered":"<p>Lo\u1ea1i m\u00e1y thu ho\u1ea1ch l\u1ea1c n\u00e0y l\u00e0 lo\u1ea1i m\u00e1y m\u1edbi \u0111\u01b0\u1ee3c ph\u00e1t tri\u1ec3n \u0111\u1eb7c bi\u1ec7t \u0111\u1ec3 th\u1ef1c hi\u1ec7n thu ho\u1ea1ch l\u1ea1c tr\u00ean \u0111\u1ed3ng ru\u1ed9ng, l\u00e0m vi\u1ec7c v\u1edbi m\u00e1y k\u00e9o.  Tr\u00ean th\u1ef1c t\u1ebf, m\u00e1y thu ho\u1ea1ch l\u1ea1c c\u00f3 \u0111\u1eb7c t\u00ednh ho\u1ea1t \u0111\u1ed9ng t\u1ed1t, hi\u1ec7u qu\u1ea3 cao, ti\u1ebft ki\u1ec7m th\u1eddi gian, c\u00f4ng s\u1ee9c v\u00e0 v\u1eadn h\u00e0nh d\u1ec5 d\u00e0ng. <\/p>    <p class=\"translation-block\">Ngo\u00e0i ra, m\u00e1y l\u00e0m \u0111\u1eadu ph\u1ed9ng c\u1ee7a ch\u00fang t\u00f4i kh\u00f4ng ch\u1ec9 gi\u1edbi h\u1ea1n \u1edf m\u00e1y thu ho\u1ea1ch \u0111\u1eadu ph\u1ed9ng, m\u00e0 c\u00f2n c\u00f3 <a href=\"https:\/\/taizyagromachine.com\/vi\/product\/4-row-groundnut-sowing-machine\/\" target=\"_blank\" rel=\"noreferrer noopener\">m\u00e1y tr\u1ed3ng \u0111\u1eadu ph\u1ed9ng<\/a>, <a href=\"https:\/\/taizyagromachine.com\/vi\/product\/combined-groundnut-shelling-and-cleaning-machine\/\" target=\"_blank\" rel=\"noreferrer noopener\">m\u00e1y t\u00e1ch v\u1ecf \u0111\u1eadu ph\u1ed9ng<\/a> v\u00e0 <a href=\"https:\/\/taizyagromachine.com\/vi\/product\/small-groundnut-picker-for-sale\/\" target=\"_blank\" rel=\"noreferrer noopener\">m\u00e1y nh\u1eb7t \u0111\u1eadu ph\u1ed9ng<\/a>. B\u1ea5t k\u1ec3 b\u1ea1n quan t\u00e2m \u0111\u1ebfn lo\u1ea1i m\u00e1y l\u00e0m \u0111\u1eadu ph\u1ed9ng n\u00e0o, vui l\u00f2ng li\u00ean h\u1ec7 v\u1edbi ch\u00fang t\u00f4i!<\/p>    <h2 class=\"wp-block-heading\"><strong>Lo\u1ea1i 1: M\u00e1y thu ho\u1ea1ch l\u1ea1c HS-800<\/strong><\/h2>    <figure class=\"wp-block-gallery aligncenter has-nested-images columns-default is-cropped wp-block-gallery-2 is-layout-flex wp-block-gallery-is-layout-flex\"> <figure class=\"wp-block-image size-large\"><img loading=\"lazy\" decoding=\"async\" width=\"720\" height=\"540\" data-id=\"4766\" src=\"https:\/\/taizyagromachine.com\/wp-content\/uploads\/2023\/03\/peanut-harvester-machine.webp\" alt=\"m\u00e1y thu ho\u1ea1ch \u0111\u1eadu ph\u1ed9ng\" class=\"wp-image-4766\"\/><figcaption class=\"wp-element-caption\">m\u00e1y thu ho\u1ea1ch \u0111\u1eadu ph\u1ed9ng<\/figcaption><\/figure>    <figure class=\"wp-block-image size-large\"><img loading=\"lazy\" decoding=\"async\" width=\"720\" height=\"540\" data-id=\"4767\" src=\"https:\/\/taizyagromachine.com\/wp-content\/uploads\/2023\/03\/peanut-harvester.webp\" alt=\"m\u00e1y g\u1eb7t \u0111\u1eadu ph\u1ed9ng \" class=\"wp-image-4767\"\/><figcaption class=\"wp-element-caption\">m\u00e1y g\u1eb7t \u0111\u1eadu ph\u1ed9ng <\/figcaption><\/figure> <\/figure>    <p>M\u00e1y thu ho\u1ea1ch \u0111\u1eadu ph\u1ed9ng Taizy th\u1ebf h\u1ec7 m\u1edbi l\u00e0 m\u00e1y thu ho\u1ea1ch c\u00e2y tr\u1ed3ng ho\u00e0n thi\u1ec7n c\u00e1c thao t\u00e1c \u0111\u00e0o, t\u00e1ch \u0111\u1ea5t, r\u1ea3i d\u1ea3i, h\u00e1i, h\u00e1i qu\u1ea3, d\u1ecdn d\u1eb9p trong qu\u00e1 tr\u00ecnh thu ho\u1ea1ch \u0111\u1eadu ph\u1ed9ng. V\u00e0 m\u00e1y thu ho\u1ea1ch l\u1ea1c n\u1ed5i b\u1eadt v\u1edbi thi\u1ebft k\u1ebf d\u00e2y x\u00edch k\u1eb9p \u0111\u1ed9c \u0111\u00e1o, gi\u00fap qu\u00e1 tr\u00ecnh thu ho\u1ea1ch tr\u1edf n\u00ean hi\u1ec7u qu\u1ea3 h\u01a1n, hi\u1ec7u qu\u1ea3 thu ho\u1ea1ch ho\u00e0n h\u1ea3o h\u01a1n.  <\/p>    <h3 class=\"wp-block-heading\">\u0110\u00e8n pha c\u1ee7a m\u00e1y thu ho\u1ea1ch \u0111\u1eadu ph\u1ed9ng HS-800<\/h3>    <figure class=\"wp-block-gallery aligncenter has-nested-images columns-default is-cropped wp-block-gallery-3 is-layout-flex wp-block-gallery-is-layout-flex\"> <figure class=\"wp-block-image size-large\"><img loading=\"lazy\" decoding=\"async\" width=\"720\" height=\"540\" data-id=\"4775\" src=\"https:\/\/taizyagromachine.com\/wp-content\/uploads\/2023\/03\/advantages-of-peanut-harvesting-machine.webp\" alt=\"\u01afu \u0111i\u1ec3m c\u1ee7a m\u00e1y thu ho\u1ea1ch \u0111\u1eadu ph\u1ed9ng\" class=\"wp-image-4775\"\/><figcaption class=\"wp-element-caption\">\u01afu \u0111i\u1ec3m c\u1ee7a m\u00e1y thu ho\u1ea1ch \u0111\u1eadu ph\u1ed9ng<\/figcaption><\/figure>    <figure class=\"wp-block-image size-large\"><img loading=\"lazy\" decoding=\"async\" width=\"720\" height=\"540\" data-id=\"4774\" src=\"https:\/\/taizyagromachine.com\/wp-content\/uploads\/2023\/03\/strength-of-peanut-harvester-machine.webp\" alt=\"s\u1ee9c m\u1ea1nh c\u1ee7a m\u00e1y thu ho\u1ea1ch \u0111\u1eadu ph\u1ed9ng\" class=\"wp-image-4774\"\/><figcaption class=\"wp-element-caption\">s\u1ee9c m\u1ea1nh c\u1ee7a m\u00e1y thu ho\u1ea1ch \u0111\u1eadu ph\u1ed9ng<\/figcaption><\/figure> <\/figure>    <figure class=\"wp-block-table\"><table><tbody><tr><td>C\u00f3\/kh\u00f4ng<\/td><td>\u0110i\u1ec3m n\u1ed5i b\u1eadt<\/td><\/tr><tr><td>1<\/td><td>X\u00edch leo \u2013 v\u1eadn chuy\u1ec3n l\u1ea1c thu ho\u1ea1ch<\/td><\/tr><tr><td>2<\/td><td>M\u00e0n rung b\u1ed5 sung \u2013 l\u01b0u tr\u1eef l\u1ea1c r\u01a1i m\u00e0 kh\u00f4ng c\u1ea7n h\u00e1i th\u1ee7 c\u00f4ng<\/td><\/tr><tr><td>3<\/td><td>L\u01b0\u1ee1i di chuy\u1ec3n - gi\u1ea3m thi\u1ec3u l\u1ef1c c\u1ea3n thu ho\u1ea1ch<\/td><\/tr><tr><td>4<\/td><td>Con l\u0103n \u00e1p l\u1ef1c ph\u00eda tr\u01b0\u1edbc \u2013 n\u1edbi l\u1ecfng \u0111\u1ea5t \u0111\u1ec3 thu ho\u1ea1ch d\u1ec5 d\u00e0ng<\/td><\/tr><tr><td>5<\/td><td>H\u1ed9p s\u1ed1 \u2013 k\u1ebft n\u1ed1i \u0111\u1ea7u ra ph\u00eda sau c\u1ee7a m\u00e1y k\u00e9o<\/td><\/tr><tr><td>6<\/td><td>Xo\u1eafn \u1ed1c ph\u00eda sau \u2013 xoay c\u00e2y \u0111\u1eadu ph\u1ed9ng m\u1ed9t c\u00e1ch g\u1ecdn g\u00e0ng v\u00e0 \u0111\u1eb7t ch\u00fang m\u1ed9t c\u00e1ch c\u00f3 tr\u1eadt t\u1ef1<\/td><\/tr><\/tbody><\/table><\/figure>    <h3 class=\"wp-block-heading\"><strong>Th\u00f4ng s\u1ed1 k\u1ef9 thu\u1eadt c\u1ee7a m\u00e1y thu ho\u1ea1ch \u0111\u1eadu ph\u1ed9ng<\/strong><\/h3>    <figure class=\"wp-block-table\"><table><tbody><tr><td>Ng\u01b0\u1eddi m\u1eabu<\/td><td>HS-800<\/td><\/tr><tr><td>Hi\u1ec7u qu\u1ea3<\/td><td>1300-2000\u33a1\/ng\u00e0y<\/td><\/tr><tr><td>T\u1ef7 l\u1ec7 thu ho\u1ea1ch<\/td><td>\u226598%<\/td><\/tr><tr><td>T\u1ef7 l\u1ec7 ph\u00e1 v\u1ee1<\/td><td>1%<\/td><\/tr><tr><td>T\u1ef7 l\u1ec7 l\u00e0m s\u1ea1ch<\/td><td>\u226595%<\/td><\/tr><tr><td>C\u00e2n n\u1eb7ng<\/td><td>280kg<\/td><\/tr><tr><td>M\u00e3 l\u1ef1c<\/td><td>30HP<\/td><\/tr><tr><td>Chi\u1ec1u r\u1ed9ng m\u00e1y g\u1eb7t<\/td><td>hai h\u00e0ng<\/td><\/tr><tr><td>Kho\u1ea3ng c\u00e1ch gi\u1eefa c\u00e1c h\u00e0ng<\/td><td>750-800mm<\/td><\/tr><tr><td>Kho\u1ea3ng c\u00e1ch h\u00e0ng<\/td><td>180-250mm<\/td><\/tr><tr><td>K\u00edch th\u01b0\u1edbc<\/td><td>2100*1050*1030mm<\/td><\/tr><\/tbody><\/table><\/figure>    <h2 class=\"wp-block-heading\"><strong>Lo\u1ea1i 2: M\u00e1y thu ho\u1ea1ch l\u1ea1c HS-1500<\/strong><\/h2>    <figure class=\"wp-block-gallery aligncenter has-nested-images columns-default is-cropped wp-block-gallery-4 is-layout-flex wp-block-gallery-is-layout-flex\"> <figure class=\"wp-block-image size-large\"><img loading=\"lazy\" decoding=\"async\" width=\"720\" height=\"540\" data-id=\"4769\" src=\"https:\/\/taizyagromachine.com\/wp-content\/uploads\/2023\/03\/groundnut-harvesting-machine.webp\" alt=\"m\u00e1y thu ho\u1ea1ch l\u1ea1c\" class=\"wp-image-4769\"\/><figcaption class=\"wp-element-caption\">m\u00e1y thu ho\u1ea1ch l\u1ea1c<\/figcaption><\/figure>    <figure class=\"wp-block-image size-large\"><img loading=\"lazy\" decoding=\"async\" width=\"720\" height=\"540\" data-id=\"4770\" src=\"https:\/\/taizyagromachine.com\/wp-content\/uploads\/2023\/03\/peanut-harvesting-machine.webp\" alt=\"m\u00e1y thu ho\u1ea1ch \u0111\u1eadu ph\u1ed9ng\" class=\"wp-image-4770\"\/><figcaption class=\"wp-element-caption\">m\u00e1y thu ho\u1ea1ch \u0111\u1eadu ph\u1ed9ng<\/figcaption><\/figure> <\/figure>    <p class=\"translation-block\">Trong s\u1ea3n xu\u1ea5t th\u1ef1c t\u1ebf, theo nhu c\u1ea7u c\u1ee7a kh\u00e1ch h\u00e0ng v\u00e0 \u0111\u1eb7c \u0111i\u1ec3m c\u1ee7a m\u00e1y thu ho\u1ea1ch \u0111\u1eadu ph\u1ed9ng, b\u1ea1n c\u00f3 th\u1ec3 ch\u1ecdn m\u00e1y ph\u00f9 h\u1ee3p. Thi\u1ebft b\u1ecb thu ho\u1ea1ch \u0111\u1eadu ph\u1ed9ng c\u00f3 th\u1ec3 ho\u00e0n th\u00e0nh m\u1ed9t l\u1ea7n vi\u1ec7c \u0111\u00e0o \u0111\u1eadu ph\u1ed9ng, lo\u1ea1i b\u1ecf \u0111\u1ea5t, nh\u1eb7t qu\u1ea3, l\u00e0m s\u1ea1ch, thu qu\u1ea3 v\u00e0 c\u00e1c ho\u1ea1t \u0111\u1ed9ng kh\u00e1c, hi\u1ec7u qu\u1ea3 s\u1ea3n xu\u1ea5t cao, t\u1ed5n th\u1ea5t v\u1eadn h\u00e0nh th\u1ea5p, t\u1ed1c \u0111\u1ed9 chuy\u1ec3n nhanh, v\u00e0 s\u1eed d\u1ee5ng an to\u00e0n v\u00e0 \u0111\u00e1ng tin c\u1eady.<\/p>    <h3 class=\"wp-block-heading\"><strong>T\u00ednh n\u0103ng c\u1ee7a m\u00e1y thu ho\u1ea1ch l\u1ea1c<\/strong><\/h3>    <ol class=\"wp-block-list\"> <li>Qu\u00e1 tr\u00ecnh v\u1eadn h\u00e0nh ho\u00e0n ch\u1ec9nh v\u00e0 c\u00f3 tr\u1eadt t\u1ef1, trong qu\u00e1 tr\u00ecnh v\u1eadn h\u00e0nh ph\u1ea3i ho\u00e0n th\u00e0nh vi\u1ec7c h\u1ed7 tr\u1ee3 c\u00e2y gi\u1ed1ng, \u0111\u00e0o, nghi\u1ec1n, rung \u0111\u1ea5t v\u00e0 \u0111\u1ebb l\u1ea1c.<\/li>    <li>T\u1ef7 l\u1ec7 hao h\u1ee5t th\u1ea5p, hi\u1ec7u qu\u1ea3 ho\u1ea1t \u0111\u1ed9ng cao v\u00e0 chi ph\u00ed thu ho\u1ea1ch th\u1ea5p.<\/li>    <li>Th\u1eddi gian thu ho\u1ea1ch l\u1ea1c ng\u1eafn, chi ph\u00ed thu ho\u1ea1ch th\u1ea5p.<\/li>    <li>M\u1ed9t lo\u1ea1t c\u00e1c \u1ee9ng d\u1ee5ng. M\u00e1y g\u1eb7t \u0111\u1eadu ph\u1ed9ng \u00e1p d\u1ee5ng \u0111\u01b0\u1ee3c tr\u00ean nhi\u1ec1u lo\u1ea1i \u0111\u1ea5t, \u0111\u1ea5t tr\u1ed3ng l\u1ea1c b\u1eb1ng ph\u1eb3ng v\u00e0 \u0111\u1ed9c quy\u1ec1n.<\/li> <\/ol>    <h3 class=\"wp-block-heading\"><strong>Th\u00f4ng s\u1ed1 k\u1ef9 thu\u1eadt c\u1ee7a thi\u1ebft b\u1ecb thu ho\u1ea1ch \u0111\u1eadu ph\u1ed9ng<\/strong><\/h3>    <figure class=\"wp-block-table\"><table><tbody><tr><td>Ng\u01b0\u1eddi m\u1eabu<\/td><td>HS-1500<\/td><\/tr><tr><td>Quy\u1ec1n l\u1ef1c<\/td><td>M\u00e1y k\u00e9o \u226580HP<\/td><\/tr><tr><td>PTO<\/td><td>tr\u1ee5c 6 ho\u1eb7c 8<\/td><\/tr><tr><td>Chi\u1ec1u r\u1ed9ng l\u00e0m vi\u1ec7c<\/td><td>1500mm<\/td><\/tr><tr><td>K\u00edch c\u1ee1<\/td><td>3140*1770*1150mm<\/td><\/tr><tr><td>C\u00e2n n\u1eb7ng<\/td><td>498kg<\/td><\/tr><\/tbody><\/table><\/figure>    <h2 class=\"wp-block-heading\"><strong>Gi\u00e1 m\u00e1y thu ho\u1ea1ch \u0111\u1eadu ph\u1ed9ng nh\u01b0 th\u1ebf n\u00e0o?<\/strong><\/h2>    <p class=\"translation-block\">L\u00e0 <a href=\"https:\/\/taizyagromachine.com\/vi\/\" target=\"_blank\" rel=\"noreferrer noopener\">nh\u00e0 s\u1ea3n xu\u1ea5t &amp; nh\u00e0 cung c\u1ea5p m\u00e1y n\u00f4ng nghi\u1ec7p chuy\u00ean nghi\u1ec7p<\/a>, m\u00e1y n\u00f4ng nghi\u1ec7p c\u1ee7a ch\u00fang t\u00f4i bao g\u1ed3m m\u1ecdi kh\u00eda c\u1ea1nh, v\u00e0 <a href=\"https:\/\/taizyagromachine.com\/vi\/product\/peanut-machine\/\" target=\"_blank\" rel=\"noreferrer noopener\">m\u00e1y l\u00e0m \u0111\u1eadu ph\u1ed9ng<\/a> c\u0169ng v\u1eady. M\u00e1y thu ho\u1ea1ch \u0111\u1eadu ph\u1ed9ng do Taizy s\u1ea3n xu\u1ea5t c\u00f3 gi\u00e1 xu\u1ea5t x\u01b0\u1edfng, v\u00ec v\u1eady gi\u00e1 c\u1ee7a m\u00e1y thu ho\u1ea1ch \u0111\u1eadu ph\u1ed9ng r\u1ea5t c\u1ea1nh tranh. Nh\u01b0ng \u0111i\u1ec1u \u0111\u00f3 kh\u00f4ng c\u00f3 ngh\u0129a l\u00e0 ch\u1ea5t l\u01b0\u1ee3ng m\u00e1y kh\u00f4ng t\u1ed1t. <\/p>    <p>V\u00ec ch\u00fang t\u00f4i l\u00e0 nh\u00e0 m\u00e1y, ch\u00fang t\u00f4i kinh doanh ngo\u1ea1i th\u01b0\u01a1ng n\u00ean ti\u1ebft ki\u1ec7m \u0111\u01b0\u1ee3c m\u1ed9t kho\u1ea3n chi ph\u00ed trung gian. H\u01a1n n\u1eefa, ch\u00fang t\u00f4i c\u00f3 m\u1ed9t b\u1ed9 h\u1ec7 th\u1ed1ng ki\u1ec3m so\u00e1t ch\u1ea5t l\u01b0\u1ee3ng c\u1ee7a ri\u00eang m\u00ecnh \u0111\u1ec3 s\u1ea3n xu\u1ea5t m\u00e1y v\u00e0 m\u00e1y \u0111\u01b0\u1ee3c s\u1ea3n xu\u1ea5t c\u00f3 ch\u1ea5t l\u01b0\u1ee3ng tuy\u1ec7t v\u1eddi. V\u00ec v\u1eady, m\u00e1y Taizy c\u1ee7a ch\u00fang t\u00f4i c\u00f3 ch\u1ea5t l\u01b0\u1ee3ng t\u1ed1t v\u00e0 gi\u00e1 th\u00e0nh r\u1ebb. N\u1ebfu b\u1ea1n quan t\u00e2m, xin vui l\u00f2ng li\u00ean h\u1ec7 v\u1edbi ch\u00fang t\u00f4i v\u00e0 gh\u00e9 th\u0103m nh\u00e0 m\u00e1y c\u1ee7a ch\u00fang t\u00f4i!<\/p>    <h2 class=\"wp-block-heading\"><strong>Nh\u1eefng tr\u01b0\u1eddng h\u1ee3p th\u00e0nh c\u00f4ng c\u1ee7a m\u00e1y thu ho\u1ea1ch \u0111\u1eadu ph\u1ed9ng Taizy<\/strong><\/h2>    <p>M\u00e1y \u0111\u00e0o l\u1ea1c c\u1ee7a ch\u00fang t\u00f4i \u0111\u00e3 \u0111\u01b0\u1ee3c xu\u1ea5t kh\u1ea9u sang nhi\u1ec1u n\u01b0\u1edbc nh\u01b0 Senegal, Nigeria, \u0110\u1ee9c, \u00dd, M\u1ef9, Zimbabwe, Turkmenistan, v.v. \u0110\u00e2y l\u00e0 tr\u01b0\u1eddng h\u1ee3p m\u1edbi nh\u1ea5t c\u1ee7a Hoa K\u1ef3 \u0111\u1ec3 b\u1ea1n tham kh\u1ea3o \u0111\u00e3 b\u1ecb \u0111\u00f3ng.<\/p>    <figure class=\"wp-block-embed is-type-wp-embed is-provider-taizyagromachine-com wp-block-embed-taizyagromachine-com\"><div class=\"wp-block-embed__wrapper\"> <blockquote class=\"wp-embedded-content\" data-secret=\"NMjLVa3kCY\"><a href=\"https:\/\/taizyagromachine.com\/sw\/info\/peanut-harvester-usa\/\">Mvuna Karanga na Mpanda Karanga wa Safu 4 Zinauzwa Marekani<\/a><\/blockquote><iframe loading=\"lazy\" class=\"wp-embedded-content\" sandbox=\"allow-scripts\" security=\"restricted\" style=\"position: absolute; clip: rect(1px, 1px, 1px, 1px);\" title=\"\u201cMvuna Karanga na Mpanda Karanga wa Safu 4 Wauzwa Marekani\u201d - taizyagromachine.com\" src=\"https:\/\/taizyagromachine.com\/sw\/info\/peanut-harvester-usa\/embed\/#?secret=97eZYTO8Gm#?secret=NMjLVa3kCY\" data-secret=\"NMjLVa3kCY\" width=\"500\" height=\"282\" frameborder=\"0\" marginwidth=\"0\" marginheight=\"0\" scrolling=\"no\"><\/iframe> <\/div><\/figure>    <h2 class=\"wp-block-heading\"><strong>\u0110\u00f3ng g\u00f3i &amp; Giao h\u00e0ng M\u00e1y thu ho\u1ea1ch \u0111\u1eadu ph\u1ed9ng lo\u1ea1i m\u1edbi<\/strong><\/h2>    <figure class=\"wp-block-gallery aligncenter has-nested-images columns-default is-cropped wp-block-gallery-5 is-layout-flex wp-block-gallery-is-layout-flex\"> <figure class=\"wp-block-image size-full\"><img loading=\"lazy\" decoding=\"async\" width=\"850\" height=\"540\" data-id=\"4785\" src=\"https:\/\/taizyagromachine.com\/wp-content\/uploads\/2023\/03\/peanut-harvester-in-the-wooden-case.webp\" alt=\"m\u00e1y thu ho\u1ea1ch \u0111\u1eadu ph\u1ed9ng trong h\u1ed9p g\u1ed7\" class=\"wp-image-4785\"\/><figcaption class=\"wp-element-caption\">m\u00e1y thu ho\u1ea1ch \u0111\u1eadu ph\u1ed9ng trong h\u1ed9p g\u1ed7<\/figcaption><\/figure>    <figure class=\"wp-block-image size-full\"><img loading=\"lazy\" decoding=\"async\" width=\"850\" height=\"540\" data-id=\"4786\" src=\"https:\/\/taizyagromachine.com\/wp-content\/uploads\/2023\/03\/load-in-the-container-for-delivery.webp\" alt=\"t\u1ea3i trong container \u0111\u1ec3 giao h\u00e0ng\" class=\"wp-image-4786\"\/><figcaption class=\"wp-element-caption\">t\u1ea3i trong container \u0111\u1ec3 giao h\u00e0ng<\/figcaption><\/figure> <\/figure>    <p>Sau khi m\u00e1y thu ho\u1ea1ch \u0111\u1eadu ph\u1ed9ng \u0111\u01b0\u1ee3c s\u1ea3n xu\u1ea5t, n\u00f3 c\u1ea7n \u0111\u01b0\u1ee3c chu\u1ea9n b\u1ecb \u0111\u1ec3 giao cho kh\u00e1ch h\u00e0ng, th\u01b0\u1eddng l\u00e0 b\u1eb1ng \u0111\u01b0\u1eddng bi\u1ec3n. Tr\u01b0\u1edbc khi v\u1eadn chuy\u1ec3n, ch\u00fang t\u00f4i s\u1ebd b\u1ecdc m\u00e1y v\u00e0o h\u1ed9p g\u1ed7 theo y\u00eau c\u1ea7u c\u1ee7a kh\u00e1ch h\u00e0ng, sau \u0111\u00f3 s\u1eafp x\u1ebfp ch\u1ea5t h\u00e0ng v\u00e0o th\u00f9ng ch\u1ee9a. Cu\u1ed1i c\u00f9ng, b\u00ean h\u1eadu c\u1ea7n s\u1ebd g\u1eedi h\u00e0ng \u0111\u1ebfn c\u1ea3ng t\u01b0\u01a1ng \u1ee9ng \u0111\u1ec3 v\u1eadn chuy\u1ec3n.<\/p>    <h2 class=\"wp-block-heading\"><strong>Ph\u1ea3n h\u1ed3i t\u1ed1t v\u1ec1 m\u00e1y thu ho\u1ea1ch \u0111\u1eadu ph\u1ed9ng t\u1eeb kh\u00e1ch h\u00e0ng<\/strong><\/h2>    <p>M\u00e1y thu ho\u1ea1ch \u0111\u1eadu ph\u1ed9ng c\u1ee7a Taizy n\u00e0y \u0111\u01b0\u1ee3c xu\u1ea5t kh\u1ea9u tr\u00ean to\u00e0n th\u1ebf gi\u1edbi. V\u00ec hi\u1ec7u su\u1ea5t t\u1ed1t c\u1ee7a m\u00e1y v\u00e0 ch\u1ea5t l\u01b0\u1ee3ng c\u1ee7a m\u00e1y n\u00ean ch\u00fang t\u00f4i \u0111\u00e3 nh\u1eadn \u0111\u01b0\u1ee3c nh\u1eefng nh\u1eadn x\u00e9t t\u1ed1t t\u1eeb kh\u00e1ch h\u00e0ng tr\u00ean to\u00e0n th\u1ebf gi\u1edbi. H\u00ecnh \u1ea3nh sau \u0111\u00e2y l\u00e0 m\u1ed9t ph\u1ea7n ph\u1ea3n h\u1ed3i c\u1ee7a kh\u00e1ch h\u00e0ng \u0111\u01b0\u1ee3c thu th\u1eadp. N\u1ebfu b\u1ea1n quan t\u00e2m \u0111\u1ebfn m\u00e1y l\u00e0m \u0111\u1eadu ph\u1ed9ng c\u1ee7a ch\u00fang t\u00f4i, vui l\u00f2ng li\u00ean h\u1ec7 v\u1edbi ch\u00fang t\u00f4i v\u00e0 gh\u00e9 th\u0103m nh\u00e0 m\u00e1y c\u1ee7a ch\u00fang t\u00f4i!<\/p>   <div class=\"wp-block-image\"> <figure class=\"aligncenter size-full\"><img loading=\"lazy\" decoding=\"async\" width=\"750\" height=\"816\" src=\"https:\/\/taizyagromachine.com\/wp-content\/uploads\/2023\/03\/client-feedback.webp\" alt=\"ph\u1ea3n h\u1ed3i c\u1ee7a kh\u00e1ch h\u00e0ng\" class=\"wp-image-4763\"\/><figcaption class=\"wp-element-caption\">ph\u1ea3n h\u1ed3i c\u1ee7a kh\u00e1ch h\u00e0ng<\/figcaption><\/figure> <\/div>   <h2 class=\"wp-block-heading\"><strong>Video M\u00e1y Thu G\u1eb7t L\u1ea1c \u2013 M\u00e1y \u0110\u00e0o L\u1ea1c Ho\u1ea1t \u0110\u1ed9ng Nh\u01b0 Th\u1ebf N\u00e0o?<\/strong><\/h2>    <figure class=\"wp-block-embed is-type-video is-provider-youtube wp-block-embed-youtube wp-embed-aspect-16-9 wp-has-aspect-ratio\"><div class=\"wp-block-embed__wrapper\"> <iframe loading=\"lazy\" title=\"M\u00e1y thu ho\u1ea1ch \u0111\u1eadu ph\u1ed9ng lo\u1ea1i m\u1edbi - C\u1ea7n b\u00e1n m\u00e1y thu ho\u1ea1ch l\u1ea1c - L\u00e0m th\u1ebf n\u00e0o \u0111\u1ec3 thu ho\u1ea1ch \u0111\u1eadu ph\u1ed9ng?\" width=\"500\" height=\"281\" src=\"https:\/\/www.youtube.com\/embed\/wRYBLEBXfQY?feature=oembed\" frameborder=\"0\" allow=\"accelerometer; autoplay; clipboard-write; encrypted-media; gyroscope; picture-in-picture; web-share\" referrerpolicy=\"strict-origin-when-cross-origin\" allowfullscreen><\/iframe> <\/div><\/figure>","protected":false},"excerpt":{"rendered":"<p>This kind of peanut harvester machine is a new type of machine developed specifically to carry out groundnut harvesting in the fields, working with the tractor. Actually, the groundnut harvesting machine has features of good performance, high efficiency, time and effort saving, and easy operation. Besides, our peanut machines are not limited to the peanut [&hellip;]<\/p>\n","protected":false},"author":1,"featured_media":4778,"parent":0,"template":"","tags":[214],"product-type":[21],"class_list":["post-4760","product","type-product","status-publish","has-post-thumbnail","hentry","tag-peanut-harvester-machine","product-type-peanut-machine"],"_links":{"self":[{"href":"https:\/\/taizyagromachine.com\/vi\/wp-json\/wp\/v2\/product\/4760","targetHints":{"allow":["GET"]}}],"collection":[{"href":"https:\/\/taizyagromachine.com\/vi\/wp-json\/wp\/v2\/product"}],"about":[{"href":"https:\/\/taizyagromachine.com\/vi\/wp-json\/wp\/v2\/types\/product"}],"author":[{"embeddable":true,"href":"https:\/\/taizyagromachine.com\/vi\/wp-json\/wp\/v2\/users\/1"}],"wp:featuredmedia":[{"embeddable":true,"href":"https:\/\/taizyagromachine.com\/vi\/wp-json\/wp\/v2\/media\/4778"}],"wp:attachment":[{"href":"https:\/\/taizyagromachine.com\/vi\/wp-json\/wp\/v2\/media?parent=4760"}],"wp:term":[{"taxonomy":"post_tag","embeddable":true,"href":"https:\/\/taizyagromachine.com\/vi\/wp-json\/wp\/v2\/tags?post=4760"},{"taxonomy":"product-type","embeddable":true,"href":"https:\/\/taizyagromachine.com\/vi\/wp-json\/wp\/v2\/product-type?post=4760"}],"curies":[{"name":"wp","href":"https:\/\/api.w.org\/{rel}","templated":true}]}}