{"id":4805,"date":"2023-03-16T14:52:19","date_gmt":"2023-03-16T06:52:19","guid":{"rendered":"https:\/\/taizyagromachine.com\/?post_type=product&#038;p=4805"},"modified":"2023-03-16T17:13:23","modified_gmt":"2023-03-16T09:13:23","slug":"grain-milling-machine-for-corn-chilli-beans-grass","status":"publish","type":"product","link":"https:\/\/taizyagromachine.com\/vi\/product\/grain-milling-machine-for-corn-chilli-beans-grass\/","title":{"rendered":"M\u00e1y xay x\u00e1t ng\u0169 c\u1ed1c b\u1eb1ng th\u00e9p kh\u00f4ng g\u1ec9 cho ng\u00f4, \u1edbt, \u0111\u1eadu, c\u1ecf"},"content":{"rendered":"<p class=\"translation-block\">M\u00e1y xay ng\u0169 c\u1ed1c b\u1eb1ng th\u00e9p kh\u00f4ng g\u1ec9 n\u00e0y \u0111\u01b0\u1ee3c thi\u1ebft k\u1ebf \u0111\u1eb7c bi\u1ec7t \u0111\u1ec3 xay c\u00e1c lo\u1ea1i h\u1ea1t kh\u00e1c nhau nh\u1eb1m thu \u0111\u01b0\u1ee3c b\u1ed9t m\u1ecbn. V\u00e0 <a href=\"https:\/\/taizyagromachine.com\/vi\/product\/disk-mill-machine\/\" target=\"_blank\" rel=\"noreferrer noopener\">m\u00e1y xay ng\u0169 c\u1ed1c<\/a> n\u00e0y \u0111\u01b0\u1ee3c s\u1eed d\u1ee5ng cho nhi\u1ec1u \u1ee9ng d\u1ee5ng kh\u00e1c nhau, ch\u1eb3ng h\u1ea1n nh\u01b0 ng\u00f4, l\u00faa m\u00ec, g\u1ea1o, gia v\u1ecb, \u1edbt, ti\u00eau \u0111en, \u0111\u1eadu, h\u1ea1t c\u00e0 ph\u00ea, g\u1eebng, th\u1ea3o m\u1ed9c, k\u1eb9o, v.v. <\/p>    <p> M\u00e1y nghi\u1ec1n ng\u00f4 c\u1ee7a ch\u00fang t\u00f4i c\u00f3 hi\u1ec7u su\u1ea5t v\u00e0 ch\u1ea5t l\u01b0\u1ee3ng t\u1ed1t, \u0111\u01a1n gi\u1ea3n, d\u1ec5 v\u1eadn h\u00e0nh v\u00e0 r\u1ea5t th\u00e2n thi\u1ec7n v\u1edbi ng\u01b0\u1eddi d\u00f9ng. Ngo\u00e0i ra, m\u00e1y xay ng\u00f4 c\u1ee7a ch\u00fang t\u00f4i th\u01b0\u1eddng \u0111\u01b0\u1ee3c xu\u1ea5t kh\u1ea9u b\u00e1n bu\u00f4n, c\u00e1c nh\u00e0 ph\u00e2n ph\u1ed1i v\u00e0 b\u00e1n l\u1ebb th\u01b0\u1eddng nh\u1eadp kh\u1ea9u ch\u00fang t\u1eeb ph\u00eda ch\u00fang t\u00f4i \u0111\u1ec3 ph\u1ee5c v\u1ee5 c\u00e1c ho\u1ea1t \u0111\u1ed9ng b\u00e1n l\u1ebb v\u00e0 b\u00e1n l\u1ebb t\u1ea1i \u0111\u1ecba ph\u01b0\u01a1ng, ch\u1eb3ng h\u1ea1n nh\u01b0 \u1edf Nigeria. V\u00ec v\u1eady, n\u1ebfu b\u1ea1n \u0111ang tham gia v\u00e0o c\u00e1c ho\u1ea1t \u0111\u1ed9ng li\u00ean quan, vui l\u00f2ng li\u00ean h\u1ec7 v\u1edbi ch\u00fang t\u00f4i v\u00e0 ch\u00fang t\u00f4i s\u1ebd cung c\u1ea5p cho b\u1ea1n \u01b0u \u0111\u00e3i t\u1ed1t nh\u1ea5t!<\/p>    <h2 class=\"wp-block-heading\"><strong>C\u00e1c lo\u1ea1i m\u00e1y xay ng\u0169 c\u1ed1c c\u1ee7a Taizy Machinery<\/strong><\/h2>    <p class=\"translation-block\">V\u1edbi t\u01b0 c\u00e1ch l\u00e0 <a href=\"https:\/\/taizyagromachine.com\/vi\/\" target=\"_blank\" rel=\"noreferrer noopener\">nh\u00e0 s\u1ea3n xu\u1ea5t v\u00e0 cung c\u1ea5p m\u00e1y xay chuy\u00ean nghi\u1ec7p<\/a>, ch\u00fang t\u00f4i c\u00f3 nhi\u1ec1u lo\u1ea1i m\u00e1y xay ng\u00f4 kh\u00e1c nhau \u0111\u1ec3 b\u00e1n. M\u00e1y xay ng\u0169 c\u1ed1c \u0111i\u1ec7n, m\u00e1y xay ng\u00f4 ch\u1ea1y b\u1eb1ng x\u0103ng, m\u00e1y nghi\u1ec1n nh\u1ecf \u0111\u01b0\u1ee3c hi\u1ec3n th\u1ecb d\u01b0\u1edbi \u0111\u00e2y \u0111\u1ec3 b\u1ea1n tham kh\u1ea3o.<\/p>    <p class=\"translation-block\"><strong>M\u00e1y xay ng\u00f4 ch\u1ea1y b\u1eb1ng x\u0103ng<\/strong>:<\/p>    <figure class=\"wp-block-gallery aligncenter has-nested-images columns-4 is-cropped wp-block-gallery-2 is-layout-flex wp-block-gallery-is-layout-flex\"> <figure class=\"wp-block-image size-large\"><img loading=\"lazy\" decoding=\"async\" width=\"540\" height=\"720\" data-id=\"4835\" src=\"https:\/\/taizyagromachine.com\/wp-content\/uploads\/2023\/03\/gasoline-grain-grinding-machine-1.webp\" alt=\"m\u00e1y xay-x\u0103ng-h\u1ea1t-1\" class=\"wp-image-4835\"\/><figcaption class=\"wp-element-caption\">m\u00e1y nghi\u1ec1n h\u1ea1t x\u0103ng-1<\/figcaption><\/figure>    <figure class=\"wp-block-image size-large\"><img loading=\"lazy\" decoding=\"async\" width=\"540\" height=\"720\" data-id=\"4836\" src=\"https:\/\/taizyagromachine.com\/wp-content\/uploads\/2023\/03\/gasoline-grain-grinding-machine-2.webp\" alt=\"m\u00e1y nghi\u1ec1n h\u1ea1t x\u0103ng-2\" class=\"wp-image-4836\"\/><figcaption class=\"wp-element-caption\">m\u00e1y nghi\u1ec1n h\u1ea1t x\u0103ng-2<\/figcaption><\/figure>    <figure class=\"wp-block-image size-large\"><img loading=\"lazy\" decoding=\"async\" width=\"540\" height=\"720\" data-id=\"4838\" src=\"https:\/\/taizyagromachine.com\/wp-content\/uploads\/2023\/03\/gasoline-grain-grinding-machine-3.webp\" alt=\"m\u00e1y nghi\u1ec1n h\u1ea1t x\u0103ng-3\" class=\"wp-image-4838\"\/><figcaption class=\"wp-element-caption\">m\u00e1y nghi\u1ec1n h\u1ea1t x\u0103ng-3<\/figcaption><\/figure>    <figure class=\"wp-block-image size-large\"><img loading=\"lazy\" decoding=\"async\" width=\"540\" height=\"720\" data-id=\"4837\" src=\"https:\/\/taizyagromachine.com\/wp-content\/uploads\/2023\/03\/gasoline-grain-grinding-machine-4.webp\" alt=\"m\u00e1y nghi\u1ec1n h\u1ea1t x\u0103ng-4\" class=\"wp-image-4837\"\/><figcaption class=\"wp-element-caption\">m\u00e1y nghi\u1ec1n h\u1ea1t x\u0103ng-4<\/figcaption><\/figure> <\/figure>    <p class=\"translation-block\"><strong>M\u00e1y xay ng\u0169 c\u1ed1c b\u1eb1ng th\u00e9p kh\u00f4ng g\u1ec9 \u0111i\u1ec7n<\/strong>:<\/p>   <div class=\"wp-block-image\"> <figure class=\"aligncenter size-full\"><img loading=\"lazy\" decoding=\"async\" width=\"720\" height=\"540\" src=\"https:\/\/taizyagromachine.com\/wp-content\/uploads\/2023\/03\/electric-driven-milling-machine.webp\" alt=\"m\u00e1y phay \u0111i\u1ec1u khi\u1ec3n b\u1eb1ng \u0111i\u1ec7n\" class=\"wp-image-4842\"\/><figcaption class=\"wp-element-caption\">m\u00e1y phay \u0111i\u1ec1u khi\u1ec3n b\u1eb1ng \u0111i\u1ec7n<\/figcaption><\/figure> <\/div>   <p class=\"translation-block\"><strong>M\u00e1y xay ng\u00f4 b\u00e1n bu\u00f4n nh\u1ecf<\/strong>:<\/p>   <div class=\"wp-block-image\"> <figure class=\"aligncenter size-full\"><img loading=\"lazy\" decoding=\"async\" width=\"720\" height=\"540\" src=\"https:\/\/taizyagromachine.com\/wp-content\/uploads\/2023\/03\/mini-grain-milling-machine.webp\" alt=\"m\u00e1y nghi\u1ec1n h\u1ea1t nh\u1ecf\" class=\"wp-image-4844\"\/><figcaption class=\"wp-element-caption\">m\u00e1y nghi\u1ec1n h\u1ea1t nh\u1ecf<\/figcaption><\/figure> <\/div>   <h2 class=\"wp-block-heading\"><strong>C\u1ea5u tr\u00fac c\u1ee7a m\u00e1y xay ng\u0169 c\u1ed1c th\u01b0\u01a1ng m\u1ea1i \u0111\u1ec3 b\u00e1n<\/strong><\/h2>    <div class=\"wp-block-media-text alignwide is-stacked-on-mobile\"><figure class=\"wp-block-media-text__media\"><img loading=\"lazy\" decoding=\"async\" width=\"720\" height=\"540\" src=\"https:\/\/taizyagromachine.com\/wp-content\/uploads\/2023\/03\/structure-of-maize-milling-machine.webp\" alt=\"c\u1ea5u tr\u00fac c\u1ee7a m\u00e1y nghi\u1ec1n ng\u00f4\" class=\"wp-image-4827 size-full\"\/><\/figure><div class=\"wp-block-media-text__content\"> <p class=\"translation-block\">C\u1ea5u tr\u00fac t\u1ed5ng th\u1ec3 c\u1ee7a <a href=\"https:\/\/cornmachines.com\/disk-mill-machine\/\" target=\"_blank\" rel=\"noreferrer noopener\">m\u00e1y xay ng\u00f4<\/a> r\u1ea5t \u0111\u01a1n gi\u1ea3n v\u00e0 r\u00f5 r\u00e0ng, ng\u01b0\u1eddi s\u1eed d\u1ee5ng c\u00f3 th\u1ec3 d\u1ec5 d\u00e0ng hi\u1ec3u c\u00e1ch v\u1eadn h\u00e0nh n\u00f3.<\/p>    <figure class=\"wp-block-table\"><table><tbody><tr><td>C\u00f3\/kh\u00f4ng<\/td><td>T\u00ean b\u1ed9 ph\u1eadn m\u00e1y<\/td><\/tr><tr><td>1<\/td><td>C\u1eeda v\u00e0o<\/td><\/tr><tr><td>2<\/td><td>\u0110i\u1ec1u ch\u1ec9nh t\u1ed1c \u0111\u1ed9<\/td><\/tr><tr><td>3<\/td><td>\u0111ai \u1ed1c l\u1ecfng l\u1ebbo<\/td><\/tr><tr><td>4<\/td><td>Khoang nghi\u1ec1n<\/td><\/tr><tr><td>5<\/td><td>N\u00fat chuy\u1ec3n \u0111\u1ed5i<\/td><\/tr><tr><td>6<\/td><td>Ch\u1ed7 tho\u00e1t<\/td><\/tr><\/tbody><\/table><\/figure> <\/div><\/div>    <h2 class=\"wp-block-heading\"><strong>\u1ee8ng d\u1ee5ng c\u1ee7a m\u00e1y xay ng\u0169 c\u1ed1c ch\u1ea1y \u0111i\u1ec7n<\/strong><\/h2>    <figure class=\"wp-block-gallery aligncenter has-nested-images columns-default is-cropped wp-block-gallery-3 is-layout-flex wp-block-gallery-is-layout-flex\"> <figure class=\"wp-block-image size-large\"><img loading=\"lazy\" decoding=\"async\" width=\"720\" height=\"540\" data-id=\"4824\" src=\"https:\/\/taizyagromachine.com\/wp-content\/uploads\/2023\/03\/applications-of-grain-corn-milling-machine.webp\" alt=\"\u1ee9ng d\u1ee5ng c\u1ee7a m\u00e1y nghi\u1ec1n ng\u00f4 h\u1ea1t\" class=\"wp-image-4824\"\/><figcaption class=\"wp-element-caption\">\u1ee9ng d\u1ee5ng c\u1ee7a m\u00e1y nghi\u1ec1n ng\u00f4 h\u1ea1t<\/figcaption><\/figure>    <figure class=\"wp-block-image size-large\"><img loading=\"lazy\" decoding=\"async\" width=\"720\" height=\"540\" data-id=\"4823\" src=\"https:\/\/taizyagromachine.com\/wp-content\/uploads\/2023\/03\/applications-of-milling-machine.webp\" alt=\"\u1ee9ng d\u1ee5ng c\u1ee7a m\u00e1y phay\" class=\"wp-image-4823\"\/><figcaption class=\"wp-element-caption\">\u1ee9ng d\u1ee5ng c\u1ee7a m\u00e1y phay<\/figcaption><\/figure> <\/figure>    <p>M\u00e1y nghi\u1ec1n ng\u0169 c\u1ed1c n\u00e0y c\u00f3 nhi\u1ec1u \u1ee9ng d\u1ee5ng, ch\u1eb3ng h\u1ea1n nh\u01b0 \u0111\u1eadu, h\u1ea1t ti\u00eau \u0111en, \u1edbt, h\u1ea1t ca cao, g\u1eebng, gia v\u1ecb, ng\u00f4, c\u1ecf, l\u00faa m\u00ec, g\u1ea1o, th\u1ea3o m\u1ed9c, v.v. <\/p>    <p>C\u00f3 th\u1ec3 c\u00f3 nh\u1eefng lo\u1ea1i kh\u00e1c kh\u00f4ng \u0111\u01b0\u1ee3c li\u1ec7t k\u00ea, t\u00f3m l\u1ea1i, n\u1ebfu b\u1ea1n mu\u1ed1n nghi\u1ec1n v\u1eadt li\u1ec7u, b\u1ea1n c\u00f3 th\u1ec3 s\u1eed d\u1ee5ng m\u00e1y xay c\u1ee7a ch\u00fang t\u00f4i. N\u1ebfu b\u1ea1n c\u00f3 nhu c\u1ea7u nh\u01b0 v\u1eady h\u00e3y li\u00ean h\u1ec7 ngay v\u1edbi ch\u00fang t\u00f4i nh\u00e9!<\/p>    <h2 class=\"wp-block-heading\"><strong>Nguy\u00ean l\u00fd l\u00e0m vi\u1ec7c c\u1ee7a m\u00e1y xay ng\u0169 c\u1ed1c Taizy<\/strong><\/h2>    <p>V\u1edbi t\u1ed1c \u0111\u1ed9 cao, m\u00e1y m\u00e0i th\u01b0\u01a1ng m\u1ea1i n\u00e0y s\u1eed d\u1ee5ng chuy\u1ec3n \u0111\u1ed9ng t\u01b0\u01a1ng \u0111\u1ed1i gi\u1eefa \u0111\u0129a r\u0103ng di \u0111\u1ed9ng v\u00e0 \u0111\u0129a r\u0103ng c\u1ed1 \u0111\u1ecbnh \u0111\u1ec3 nghi\u1ec1n n\u00e1t v\u1eadt li\u1ec7u do va ch\u1ea1m, c\u1eaft, ma s\u00e1t v\u00e0 va ch\u1ea1m v\u1edbi r\u0103ng.<\/p>    <figure class=\"wp-block-gallery aligncenter has-nested-images columns-default is-cropped wp-block-gallery-4 is-layout-flex wp-block-gallery-is-layout-flex\"> <figure class=\"wp-block-image size-full\"><img loading=\"lazy\" decoding=\"async\" width=\"720\" height=\"540\" data-id=\"4833\" src=\"https:\/\/taizyagromachine.com\/wp-content\/uploads\/2023\/03\/blades-of-grain-maize-milling-machine.webp\" alt=\"l\u01b0\u1ee1i c\u1ee7a m\u00e1y nghi\u1ec1n ng\u00f4 h\u1ea1t\" class=\"wp-image-4833\"\/><figcaption class=\"wp-element-caption\">l\u01b0\u1ee1i c\u1ee7a m\u00e1y nghi\u1ec1n ng\u00f4 h\u1ea1t<\/figcaption><\/figure>    <figure class=\"wp-block-image size-full\"><img loading=\"lazy\" decoding=\"async\" width=\"720\" height=\"540\" data-id=\"4831\" src=\"https:\/\/taizyagromachine.com\/wp-content\/uploads\/2023\/03\/internal-part-of-grain-milling-machine.webp\" alt=\"m\u00e1y xay-b\u1ed9 ph\u1eadn b\u00ean trong c\u1ee7a h\u1ea1t\" class=\"wp-image-4831\"\/><figcaption class=\"wp-element-caption\">b\u1ed9 ph\u1eadn b\u00ean trong c\u1ee7a m\u00e1y xay ng\u0169 c\u1ed1c<\/figcaption><\/figure> <\/figure>   <div class=\"wp-block-image\"> <figure class=\"aligncenter size-full\"><img loading=\"lazy\" decoding=\"async\" width=\"720\" height=\"400\" src=\"https:\/\/taizyagromachine.com\/wp-content\/uploads\/2023\/03\/sieves.webp\" alt=\"s\u00e0ng\" class=\"wp-image-4834\"\/><figcaption class=\"wp-element-caption\">s\u00e0ng<\/figcaption><\/figure> <\/div>   <p>M\u00e1y n\u00e0y c\u00f3 c\u1ea5u tr\u00fac \u0111\u01a1n gi\u1ea3n, v\u1eadn h\u00e0nh \u00eam \u00e1i, \u0111\u1ed9 \u1ed3n th\u1ea5p v\u00e0 hi\u1ec7u qu\u1ea3 nghi\u1ec1n t\u1ed1t. Sau khi nghi\u1ec1n, v\u1eadt li\u1ec7u tr\u1ef1c ti\u1ebfp t\u1eeb bu\u1ed3ng nghi\u1ec1n \u0111\u01b0\u1ee3c th\u1ea3i ra. K\u00edch th\u01b0\u1edbc c\u1ee7a k\u00edch th\u01b0\u1edbc h\u1ea1t c\u00f3 th\u1ec3 \u0111\u1ea1t \u0111\u01b0\u1ee3c b\u1eb1ng c\u00e1ch ch\u1ecdn c\u00e1c m\u00e0n h\u00ecnh kh\u00e1c nhau.<\/p>    <h2 class=\"wp-block-heading\"><strong>Gi\u00e1 m\u00e1y xay ng\u0169 c\u1ed1c nh\u01b0 th\u1ebf n\u00e0o? <\/strong><\/h2>    <p>Ch\u00fang t\u00f4i c\u00f3 nhi\u1ec1u lo\u1ea1i m\u00e1y nghi\u1ec1n h\u1ea1t v\u00e0 c\u00f3 th\u1ec3 xay nhi\u1ec1u lo\u1ea1i ng\u0169 c\u1ed1c. N\u1ebfu mu\u1ed1n bi\u1ebft gi\u00e1 c\u1ee7a nh\u1eefng chi\u1ebfc m\u00e1y nh\u01b0 v\u1eady, tr\u01b0\u1edbc ti\u00ean b\u1ea1n c\u1ea7n bi\u1ebft m\u00ecnh mu\u1ed1n nghi\u1ec1n lo\u1ea1i v\u1eadt li\u1ec7u g\u00ec. B\u1edfi v\u00ec c\u00e1c s\u1ea3n ph\u1ea9m kh\u00e1c nhau n\u00ean m\u00e1y xay h\u1ea1t ng\u00f4\/l\u00faa m\u00ec \u0111\u01b0\u1ee3c ch\u1ecdn s\u1ebd kh\u00e1c nhau. Gi\u00e1 m\u00e1y xay ng\u0169 c\u1ed1c c\u0169ng kh\u00e1c nhau. <\/p>    <p>Th\u1ee9 hai, m\u1ee5c \u0111\u00edch, ch\u1eb3ng h\u1ea1n nh\u01b0 m\u00e1y xay ng\u00f4 l\u00e0m th\u1ee9c \u0103n cho g\u00e0. T\u00f9y theo m\u1ee5c \u0111\u00edch s\u1eed d\u1ee5ng kh\u00e1c nhau c\u1ee7a kh\u00e1ch h\u00e0ng, chuy\u00ean gia c\u1ee7a ch\u00fang t\u00f4i khuy\u1ebfn ngh\u1ecb m\u00e1y ph\u00f9 h\u1ee3p v\u1edbi kh\u00e1ch h\u00e0ng, c\u1ea5u h\u00ecnh m\u00e0n h\u00ecnh kh\u00e1c nhau cho c\u00e1c m\u00e1y kh\u00e1c nhau n\u00ean gi\u00e1 c\u1ea3 \u0111\u01b0\u01a1ng nhi\u00ean kh\u00f4ng gi\u1ed1ng nhau. <\/p>    <p>Ngo\u00e0i ra, qu\u1ed1c gia \u0111\u00edch \u0111\u1ebfn. \u0110i\u1ec1u n\u00e0y ch\u1ee7 y\u1ebfu b\u1ecb \u1ea3nh h\u01b0\u1edfng b\u1edfi c\u01b0\u1edbc v\u1eadn chuy\u1ec3n qu\u1ed1c t\u1ebf, \u0111\u1ed3ng th\u1eddi c\u01b0\u1edbc v\u1eadn chuy\u1ec3n c\u1ee7a c\u00e1c \u0111i\u1ec3m \u0111\u1ebfn kh\u00e1c nhau c\u0169ng kh\u00e1c nhau, do \u0111\u00f3 gi\u00e1 chung c\u1ee7a m\u00e1y c\u0169ng kh\u00e1c nhau.<\/p>    <p>T\u1ea5t nhi\u00ean, gi\u00e1 m\u00e1y xay x\u00e1t ng\u0169 c\u1ed1c c\u00f2n b\u1ecb \u1ea3nh h\u01b0\u1edfng b\u1edfi c\u00e1c kh\u00eda c\u1ea1nh kh\u00e1c nh\u01b0 mua ph\u1ee5 ki\u1ec7n m\u00e1y, th\u1eddi \u0111i\u1ec3m mua m\u00e1y, s\u1ed1 l\u01b0\u1ee3ng mua m\u00e1y, v.v. N\u1ebfu b\u1ea1n quan t\u00e2m \u0111\u1ebfn m\u00e1y xay ng\u00f4 n\u00e0y , \u0111\u1eebng ng\u1ea7n ng\u1ea1i li\u00ean h\u1ec7 v\u1edbi ch\u00fang t\u00f4i! Ch\u00fang t\u00f4i s\u1ebd cung c\u1ea5p cho b\u1ea1n gi\u1ea3i ph\u00e1p t\u1ed1t nh\u1ea5t.<\/p>    <h2 class=\"wp-block-heading\"><strong>C\u00e2u h\u1ecfi th\u01b0\u1eddng g\u1eb7p v\u1ec1 m\u00e1y nghi\u1ec1n ng\u0169 c\u1ed1c \u0111\u1ec3 b\u00e1n<\/strong><\/h2>   <div id=\"rank-math-faq\" class=\"rank-math-block\"> <div class=\"rank-math-list\"> <div id=\"faq-question-1678949494900\" class=\"rank-math-list-item\"> <h3 class=\"rank-math-question\">1. Nguy\u00ean li\u1ec7u th\u00f4 cho m\u00e1y xay ng\u00f4 h\u1ea1t l\u00e0 g\u00ec?<\/h3> <div class=\"rank-math-answer\">  <p>Ng\u0169 c\u1ed1c v\u00e0 ng\u0169 c\u1ed1c, \u1edbt v\u00e0 c\u00e1c lo\u1ea1i gia v\u1ecb kh\u00e1c, khoai m\u1ee1 v\u00e0 c\u00e1c th\u00e0nh ph\u1ea7n r\u1eafn kh\u00e1c.<\/p>  <\/div> <\/div> <div id=\"faq-question-1678949592861\" class=\"rank-math-list-item\"> <h3 class=\"rank-math-question\">2. \u0110\u1ed9 th\u00f4 c\u1ee7a th\u00e0nh ph\u1ea9m l\u00e0 g\u00ec?<\/h3> <div class=\"rank-math-answer\">  <p>N\u00f3i chung \u1edf d\u1ea1ng l\u01b0\u1edbi 20-40.<\/p>  <\/div> <\/div> <div id=\"faq-question-1678949651997\" class=\"rank-math-list-item\"> <h3 class=\"rank-math-question\">3. Ch\u1ea5t li\u1ec7u m\u00e1y nghi\u1ec1n ng\u0169 c\u1ed1c nh\u01b0 th\u1ebf n\u00e0o?<\/h3> <div class=\"rank-math-answer\">  <p>Th\u00e9p kh\u00f4ng g\u1ec9 304.<\/p>  <\/div> <\/div> <div id=\"faq-question-1678949760637\" class=\"rank-math-list-item\"> <h3 class=\"rank-math-question\">4. N\u1ebfu \u0111i\u1ec7n \u00e1p kh\u00f4ng ph\u00f9 h\u1ee3p v\u1edbi qu\u1ed1c gia c\u1ee7a t\u00f4i, b\u1ea1n c\u00f3 th\u1ec3 thay \u0111\u1ed5i n\u00f3 kh\u00f4ng?<\/h3> <div class=\"rank-math-answer\">  <p>V\u00e2ng t\u1ea5t nhi\u00ean. Ch\u00fang t\u00f4i c\u00f3 th\u1ec3 t\u00f9y ch\u1ec9nh \u0111i\u1ec7n \u00e1p m\u00e1y \u0111\u1ec3 b\u1ea1n s\u1eed d\u1ee5ng thu\u1eadn ti\u1ec7n. <\/p>  <\/div> <\/div> <div id=\"faq-question-1678949842052\" class=\"rank-math-list-item\"> <h3 class=\"rank-math-question\">5. C\u00f4ng su\u1ea5t c\u1ee7a m\u00e1y nghi\u1ec1n ng\u0169 c\u1ed1c l\u00e0 bao nhi\u00eau?<\/h3> <div class=\"rank-math-answer\">  <p>C\u00f3 nhi\u1ec1u n\u0103ng l\u1ef1c s\u1ea3n xu\u1ea5t v\u00e0 ch\u00fang t\u00f4i c\u00f3 th\u1ec3 t\u01b0 v\u1ea5n n\u0103ng l\u1ef1c ph\u00f9 h\u1ee3p theo nhu c\u1ea7u c\u1ee7a b\u1ea1n<\/p>  <\/div> <\/div> <\/div> <\/div>   <h2 class=\"wp-block-heading\"><strong>Th\u00f4ng s\u1ed1 k\u1ef9 thu\u1eadt c\u1ee7a m\u00e1y nghi\u1ec1n ng\u0169 c\u1ed1c <\/strong><\/h2>    <figure class=\"wp-block-gallery aligncenter has-nested-images columns-default is-cropped wp-block-gallery-5 is-layout-flex wp-block-gallery-is-layout-flex\"> <figure class=\"wp-block-image size-large\"><img loading=\"lazy\" decoding=\"async\" width=\"720\" height=\"540\" data-id=\"4813\" src=\"https:\/\/taizyagromachine.com\/wp-content\/uploads\/2023\/03\/small-corn-milling-machine.webp\" alt=\"m\u00e1y nghi\u1ec1n ng\u00f4 nh\u1ecf\" class=\"wp-image-4813\"\/><figcaption class=\"wp-element-caption\">m\u00e1y nghi\u1ec1n ng\u00f4 nh\u1ecf<\/figcaption><\/figure>    <figure class=\"wp-block-image size-large\"><img loading=\"lazy\" decoding=\"async\" width=\"720\" height=\"540\" data-id=\"4812\" src=\"https:\/\/taizyagromachine.com\/wp-content\/uploads\/2023\/03\/electric-grain-grinding-machine.webp\" alt=\"m\u00e1y nghi\u1ec1n h\u1ea1t \u0111i\u1ec7n\" class=\"wp-image-4812\"\/><figcaption class=\"wp-element-caption\">m\u00e1y nghi\u1ec1n h\u1ea1t \u0111i\u1ec7n<\/figcaption><\/figure> <\/figure>    <figure class=\"wp-block-table\"><table><tbody><tr><td><strong>Ng\u01b0\u1eddi m\u1eabu<\/strong><strong><\/strong><\/td><td><strong>HAO-1200<\/strong><strong><\/strong><\/td><td><strong>HAO-2200<\/strong><strong><\/strong><\/td><td><strong>HAO-3000<\/strong><strong><\/strong><\/td><\/tr><tr><td>C\u00f4ng su\u1ea5t (kW)<\/td><td>1. 1<\/td><td>2.2<\/td><td>3<\/td><\/tr><tr><td>T\u1ed1c \u0111\u1ed9 quay<\/td><td>1400r\/ph\u00fat<\/td><td>1420 v\u00f2ng\/ph\u00fat<\/td><td>1420r\/ph\u00fat<\/td><\/tr><tr><td>\u00a0\u0110\u1ed9 m\u1ecbn (l\u01b0\u1edbi)<\/td><td>\u00a050-200<\/td><td>\u00a050-200<\/td><td>\u00a050-200<\/td><\/tr><tr><td>C\u00f4ng su\u1ea5t (kg\/h)<\/td><td>15-40<\/td><td>30-50<\/td><td>30-60<\/td><\/tr><tr><td>\u0110\u1ed9 m\u1ecbn (l\u01b0\u1edbi)<\/td><td>50-200<\/td><td>50-200<\/td><td>50-200<\/td><\/tr><tr><td>K\u00edch th\u01b0\u1edbc (cm)<\/td><td>47*22*34<\/td><td>55*28*41<\/td><td>60*30*46<\/td><\/tr><tr><td>Tr\u1ecdng l\u01b0\u1ee3ng (kg)<\/td><td>30<\/td><td>40<\/td><td>48<\/td><\/tr><\/tbody><\/table><figcaption class=\"wp-element-caption\">th\u00f4ng s\u1ed1 k\u1ef9 thu\u1eadt c\u1ee7a m\u00e1y nghi\u1ec1n h\u1ea1t th\u00e9p kh\u00f4ng g\u1ec9 nh\u1ecf<\/figcaption><\/figure>   <div class=\"wp-block-image\"> <figure class=\"aligncenter size-full\"><img loading=\"lazy\" decoding=\"async\" width=\"1000\" height=\"350\" src=\"https:\/\/taizyagromachine.com\/wp-content\/uploads\/2023\/03\/grain-milling-machine-for-sale.webp\" alt=\"m\u00e1y nghi\u1ec1n ng\u0169 c\u1ed1c \u0111\u1ec3 b\u00e1n\" class=\"wp-image-4815\"\/><figcaption class=\"wp-element-caption\">m\u00e1y nghi\u1ec1n ng\u0169 c\u1ed1c \u0111\u1ec3 b\u00e1n<\/figcaption><\/figure> <\/div>   <figure class=\"wp-block-table\"><table><tbody><tr><td><strong>Ng\u01b0\u1eddi m\u1eabu<\/strong><strong><\/strong><\/td><td><strong>15B<\/strong><strong><\/strong><\/td><td><strong>20B<\/strong><strong><\/strong><\/td><td><strong>30B<\/strong><strong><\/strong><\/td><td><strong>40B<\/strong><strong><\/strong><\/td><td><strong>50B<\/strong><strong><\/strong><\/td><\/tr><tr><td>V\u1eadt li\u1ec7u<\/td><td>SUS 304<\/td><td>SUS 304<\/td><td>SUS 304<\/td><td>SUS 304<\/td><td>SUS 304<\/td><\/tr><tr><td>C\u00f4ng su\u1ea5t (kg\/h)<\/td><td>10-60<\/td><td>60-150<\/td><td>100-300<\/td><td>160-800<\/td><td>500-1500<\/td><\/tr><tr><td>K\u00edch th\u01b0\u1edbc v\u1eadt li\u1ec7u (mm)<\/td><td>&lt;8<\/td><td>&lt;8<\/td><td>&lt;10<\/td><td>&lt;12<\/td><td>&lt;14<\/td><\/tr><tr><td>\u0110\u1ed9 m\u1ecbn (l\u01b0\u1edbi)<\/td><td>20-120<\/td><td>20-120<\/td><td>20-120<\/td><td>20-120<\/td><td>20-120<\/td><\/tr><tr><td>C\u00f4ng su\u1ea5t (kW)<\/td><td>2.2<\/td><td>4<\/td><td>7.5<\/td><td>11<\/td><td>18.5<\/td><\/tr><tr><td>T\u1ed1c \u0111\u1ed9 quay (r\/min)<\/td><td>6000<\/td><td>4500<\/td><td>3800<\/td><td>3400<\/td><td>3200<\/td><\/tr><tr><td>K\u00edch th\u01b0\u1edbc (mm)<\/td><td>550*6000*1000<\/td><td>600*550*1250<\/td><td>700*600*1450<\/td><td>900*800*1550<\/td><td>1000*900*1680<\/td><\/tr><tr><td>Tr\u1ecdng l\u01b0\u1ee3ng (kg)<\/td><td>150<\/td><td>280<\/td><td>340<\/td><td>450<\/td><td>530<\/td><\/tr><\/tbody><\/table><figcaption class=\"wp-element-caption\">th\u00f4ng s\u1ed1 k\u1ef9 thu\u1eadt c\u1ee7a m\u00e1y xay h\u1ea1t<\/figcaption><\/figure>    <h2 class=\"wp-block-heading\"><strong>Video M\u00e1y Xay B\u1ed9t Ng\u0169 C\u1ed1c Taizy \u2013 C\u00e1ch Xay Ng\u0169 C\u1ed1c Th\u00e0nh B\u1ed9t M\u1ecbn?<\/strong><\/h2>    <figure class=\"wp-block-embed is-type-video is-provider-youtube wp-block-embed-youtube wp-embed-aspect-16-9 wp-has-aspect-ratio\"><div class=\"wp-block-embed__wrapper\"> <iframe loading=\"lazy\" title=\"M\u00e1y xay b\u1eb1ng th\u00e9p kh\u00f4ng g\u1ec9 tuy\u1ec7t v\u1eddi 2023 d\u00e0nh cho ng\u00f4, h\u1ea1t ti\u00eau, c\u1ecf, h\u1ea1t c\u00e0 ph\u00ea, v.v. - Nh\u1eadn b\u1ed9t m\u1ecbn!\" width=\"500\" height=\"281\" src=\"https:\/\/www.youtube.com\/embed\/kJSP-Rn9kTM?start=17&#038;feature=oembed\" frameborder=\"0\" allow=\"accelerometer; autoplay; clipboard-write; encrypted-media; gyroscope; picture-in-picture; web-share\" referrerpolicy=\"strict-origin-when-cross-origin\" allowfullscreen><\/iframe> <\/div><\/figure>    <p><\/p>","protected":false},"excerpt":{"rendered":"<p>This stainless steel grain milling machine is specially designed for grinding various grains in order to obtain a fine powder. And this grain mill grinder is used for a wide arrange of applications, such as corn, wheat, rice, spices, chili, black pepper, beans, coffee beans, ginger, herbs, candy, etc. Our corn mill machine is of [&hellip;]<\/p>\n","protected":false},"author":1,"featured_media":4820,"parent":0,"template":"","tags":[216],"product-type":[17],"class_list":["post-4805","product","type-product","status-publish","has-post-thumbnail","hentry","tag-grain-milling-machine","product-type-corn-machine"],"_links":{"self":[{"href":"https:\/\/taizyagromachine.com\/vi\/wp-json\/wp\/v2\/product\/4805","targetHints":{"allow":["GET"]}}],"collection":[{"href":"https:\/\/taizyagromachine.com\/vi\/wp-json\/wp\/v2\/product"}],"about":[{"href":"https:\/\/taizyagromachine.com\/vi\/wp-json\/wp\/v2\/types\/product"}],"author":[{"embeddable":true,"href":"https:\/\/taizyagromachine.com\/vi\/wp-json\/wp\/v2\/users\/1"}],"wp:featuredmedia":[{"embeddable":true,"href":"https:\/\/taizyagromachine.com\/vi\/wp-json\/wp\/v2\/media\/4820"}],"wp:attachment":[{"href":"https:\/\/taizyagromachine.com\/vi\/wp-json\/wp\/v2\/media?parent=4805"}],"wp:term":[{"taxonomy":"post_tag","embeddable":true,"href":"https:\/\/taizyagromachine.com\/vi\/wp-json\/wp\/v2\/tags?post=4805"},{"taxonomy":"product-type","embeddable":true,"href":"https:\/\/taizyagromachine.com\/vi\/wp-json\/wp\/v2\/product-type?post=4805"}],"curies":[{"name":"wp","href":"https:\/\/api.w.org\/{rel}","templated":true}]}}