{"id":5581,"date":"2023-07-06T14:19:40","date_gmt":"2023-07-06T06:19:40","guid":{"rendered":"https:\/\/taizyagromachine.com\/?post_type=product&#038;p=5581"},"modified":"2023-07-06T15:08:49","modified_gmt":"2023-07-06T07:08:49","slug":"multi-purpose-corn-shelling-machine","status":"publish","type":"product","link":"https:\/\/taizyagromachine.com\/vi\/product\/multi-purpose-corn-shelling-machine\/","title":{"rendered":"M\u00e1y b\u00f3c v\u1ecf ng\u00f4 \u0111a n\u0103ng"},"content":{"rendered":"<p class=\"translation-block\">M\u00e1y t\u00e1ch ng\u00f4 \u0111a n\u0103ng \u0111\u00f3ng vai tr\u00f2 quan tr\u1ecdng trong l\u0129nh v\u1ef1c thu ho\u1ea1ch n\u00f4ng s\u1ea3n nh\u01b0 m\u1ed9t thi\u1ebft b\u1ecb ch\u1ebf bi\u1ebfn n\u00f4ng nghi\u1ec7p hi\u1ec7u qu\u1ea3 v\u00e0 \u0111a ch\u1ee9c n\u0103ng. N\u00f3 c\u00f3 \u01b0u \u0111i\u1ec3m v\u1ec1 hi\u1ec7u su\u1ea5t v\u00e0 t\u1ed1c \u0111\u1ed9 cao, t\u00ednh linh ho\u1ea1t, d\u1ec5 v\u1eadn h\u00e0nh v\u00e0 \u0111\u1ed9 tin c\u1eady, b\u1ec1n b\u1ec9, kh\u00f4ng ch\u1ec9 n\u00e2ng cao n\u0103ng su\u1ea5t v\u00e0 s\u1ea3n l\u01b0\u1ee3ng m\u00e0 c\u00f2n ti\u1ebft ki\u1ec7m chi ph\u00ed v\u00e0 ngu\u1ed3n nh\u00e2n l\u1ef1c. M\u00e1y <a href=\"https:\/\/taizyagromachine.com\/vi\/product\/multifunctional-thresher\/\" target=\"_blank\" rel=\"noreferrer noopener\">t\u00e1ch ng\u00f4 \u0111a ch\u1ee9c n\u0103ng<\/a> c\u0169ng cung c\u1ea5p cho n\u00f4ng d\u00e2n s\u1ef1 linh ho\u1ea1t v\u00e0 h\u1ed7 tr\u1ee3 k\u1ef9 thu\u1eadt \u0111\u1ec3 gi\u00fap h\u1ecd \u0111\u1ea1t \u0111\u01b0\u1ee3c th\u00e0nh c\u00f4ng l\u1edbn h\u01a1n trong s\u1ea3n xu\u1ea5t n\u00f4ng nghi\u1ec7p.<\/p>    <h2 class=\"wp-block-heading\"><strong>Video gi\u1edbi thi\u1ec7u M\u00e1y b\u00f3c v\u1ecf ng\u00f4 \u0111a ch\u1ee9c n\u0103ng<\/strong><\/h2>    <figure class=\"wp-block-embed is-type-video is-provider-youtube wp-block-embed-youtube wp-embed-aspect-16-9 wp-has-aspect-ratio\"><div class=\"wp-block-embed__wrapper\"> <iframe loading=\"lazy\" title=\"M\u00e1y \u0111\u1eadp l\u00faa \u0111a ch\u1ee9c n\u0103ng m\u1edbi! \u0110\u1ed1i v\u1edbi ng\u00f4, \u0111\u1eadu n\u00e0nh, l\u00faa mi\u1ebfn, k\u00ea, ng\u0169 c\u1ed1c! 1TP5M\u00e1y m\u00f3c n\u00f4ng nghi\u1ec7p\" width=\"500\" height=\"281\" src=\"https:\/\/www.youtube.com\/embed\/8Sj62tTGXfY?feature=oembed\" frameborder=\"0\" allow=\"accelerometer; autoplay; clipboard-write; encrypted-media; gyroscope; picture-in-picture; web-share\" referrerpolicy=\"strict-origin-when-cross-origin\" allowfullscreen><\/iframe> <\/div><\/figure>    <h2 class=\"wp-block-heading\"><strong>M\u00e1y b\u00f3c v\u1ecf ng\u00f4 \u0111a n\u0103ng l\u00e0 g\u00ec?<\/strong><\/h2>    <p class=\"translation-block\">M\u00e1y t\u00e1ch ng\u00f4 \u0111a ch\u1ee9c n\u0103ng l\u00e0 m\u1ed9t thi\u1ebft b\u1ecb c\u01a1 kh\u00ed d\u00f9ng \u0111\u1ec3 thu ho\u1ea1ch n\u00f4ng s\u1ea3n v\u1edbi nhi\u1ec1u ch\u1ee9c n\u0103ng v\u00e0 \u1ee9ng d\u1ee5ng. Ch\u1ee9c n\u0103ng ch\u00ednh c\u1ee7a n\u00f3 l\u00e0 t\u00e1ch h\u1ea1t kh\u1ecfi h\u1ea1t to\u00e0n ph\u1ea7n v\u00e0 lo\u1ea1i b\u1ecf l\u1edbp v\u1ecf v\u00e0 t\u1ea1p ch\u1ea5t \u0111\u1ec3 thu \u0111\u01b0\u1ee3c s\u1ea3n ph\u1ea9m h\u1ea1t s\u1ea1ch. N\u00f3 \u0111\u01b0\u1ee3c s\u1eed d\u1ee5ng r\u1ed9ng r\u00e3i \u0111\u1ec3 thu ho\u1ea1ch ng\u00f4, l\u00faa m\u00ec, \u0111\u1eadu n\u00e0nh, k\u00ea v\u00e0 nhi\u1ec1u lo\u1ea1i h\u1ea1t kh\u00e1c. M\u00e1y <a href=\"https:\/\/taizyagromachine.com\/vi\/product\/corn-threshing-machine\/\" target=\"_blank\" rel=\"noreferrer noopener\">t\u00e1ch h\u1ea1t \u0111a n\u0103ng<\/a> c\u00f3 th\u1ec3 c\u1ea3i thi\u1ec7n \u0111\u00e1ng k\u1ec3 hi\u1ec7u qu\u1ea3 thu ho\u1ea1ch v\u00e0 ti\u1ebft ki\u1ec7m chi ph\u00ed lao \u0111\u1ed9ng v\u00e0 th\u1eddi gian. N\u00f3 l\u00e0 m\u1ed9t tr\u1ee3 th\u1ee7 t\u1ed1t gi\u00fap \u0111a s\u1ed1 n\u00f4ng d\u00e2n trong vi\u1ec7c thu ho\u1ea1ch.<\/p>    <figure class=\"wp-block-gallery aligncenter has-nested-images columns-4 is-cropped wp-block-gallery-2 is-layout-flex wp-block-gallery-is-layout-flex\"> <figure class=\"wp-block-image size-large\"><img loading=\"lazy\" decoding=\"async\" width=\"720\" height=\"540\" data-id=\"5593\" src=\"https:\/\/taizyagromachine.com\/wp-content\/uploads\/2023\/07\/multi-purpose-corn-sheller-machine.webp\" alt=\"m\u00e1y b\u00f3c v\u1ecf ng\u00f4 \u0111a n\u0103ng\" class=\"wp-image-5593\"\/><figcaption class=\"wp-element-caption\">m\u00e1y b\u00f3c v\u1ecf ng\u00f4 \u0111a n\u0103ng<\/figcaption><\/figure>    <figure class=\"wp-block-image size-large\"><img loading=\"lazy\" decoding=\"async\" width=\"720\" height=\"540\" data-id=\"5592\" src=\"https:\/\/taizyagromachine.com\/wp-content\/uploads\/2023\/07\/multifunctional-corn-shelling-machine.webp\" alt=\"m\u00e1y b\u00f3c v\u1ecf ng\u00f4 \u0111a ch\u1ee9c n\u0103ng\" class=\"wp-image-5592\"\/><figcaption class=\"wp-element-caption\">m\u00e1y b\u00f3c v\u1ecf ng\u00f4 \u0111a ch\u1ee9c n\u0103ng<\/figcaption><\/figure>    <figure class=\"wp-block-image size-large\"><img loading=\"lazy\" decoding=\"async\" width=\"720\" height=\"540\" data-id=\"5590\" src=\"https:\/\/taizyagromachine.com\/wp-content\/uploads\/2023\/07\/multifunctional-corn-thresher.webp\" alt=\"m\u00e1y tu\u1ed1t ng\u00f4 \u0111a n\u0103ng\" class=\"wp-image-5590\"\/><figcaption class=\"wp-element-caption\">m\u00e1y tu\u1ed1t ng\u00f4 \u0111a n\u0103ng<\/figcaption><\/figure>    <figure class=\"wp-block-image size-large\"><img loading=\"lazy\" decoding=\"async\" width=\"720\" height=\"540\" data-id=\"5591\" src=\"https:\/\/taizyagromachine.com\/wp-content\/uploads\/2023\/07\/multifunctional-thresher.webp\" alt=\"m\u00e1y tu\u1ed1t l\u00faa \u0111a n\u0103ng\" class=\"wp-image-5591\"\/><figcaption class=\"wp-element-caption\">m\u00e1y tu\u1ed1t l\u00faa \u0111a n\u0103ng<\/figcaption><\/figure> <\/figure>    <p>Lo\u1ea1i m\u00e1y n\u00e0y c\u00f3 s\u1eb5n MT-860 v\u00e0 MT-1200, c\u00f3 c\u00f9ng ch\u1ee9c n\u0103ng v\u00e0 \u1ee9ng d\u1ee5ng. Nh\u01b0ng c\u00f4ng su\u1ea5t th\u00ec kh\u00e1c. Ngo\u00e0i ra, hai lo\u1ea1i n\u00e0y c\u00f2n c\u00f3 th\u1ec3 s\u1eed d\u1ee5ng \u0111\u1ed9ng c\u01a1 diesel, \u0111\u1ed9ng c\u01a1 \u0111i\u1ec7n, \u0111\u1ed9ng c\u01a1 x\u0103ng \u0111\u1ec3 d\u1eabn \u0111\u1ed9ng m\u00e1y ho\u1ea1t \u0111\u1ed9ng.<\/p>    <h2 class=\"wp-block-heading\"><strong>C\u1ea5u t\u1ea1o c\u1ee7a m\u00e1y tu\u1ed1t l\u00faa \u0111a n\u0103ng<\/strong><\/h2>   <div class=\"wp-block-image\"> <figure class=\"aligncenter size-full\"><img loading=\"lazy\" decoding=\"async\" width=\"720\" height=\"540\" src=\"https:\/\/taizyagromachine.com\/wp-content\/uploads\/2023\/07\/structure-of-multi-corn-shelling-machine.webp\" alt=\"c\u1ea5u tr\u00fac c\u1ee7a m\u00e1y b\u00f3c v\u1ecf ng\u00f4 \u0111a n\u0103ng\" class=\"wp-image-5586\"\/><figcaption class=\"wp-element-caption\">c\u1ea5u tr\u00fac c\u1ee7a m\u00e1y b\u00f3c v\u1ecf ng\u00f4 \u0111a n\u0103ng<\/figcaption><\/figure> <\/div>   <figure class=\"wp-block-table\"><table><tbody><tr><td>C\u00f3\/kh\u00f4ng<\/td><td>T\u00ean b\u1ed9 ph\u1eadn m\u00e1y<\/td><\/tr><tr><td>1<\/td><td>\u0110\u1ea7u v\u00e0o ng\u00f4<\/td><\/tr><tr><td>2<\/td><td>C\u1eeda h\u00e0ng l\u00f5i ng\u00f4 v\u00e0 tr\u1ea5u<\/td><\/tr><tr><td>3<\/td><td>\u0110\u1ed9ng c\u01a1 diesel<\/td><\/tr><tr><td>4<\/td><td>Khung<\/td><\/tr><tr><td>5<\/td><td>B\u00e1nh xe l\u1edbn<\/td><\/tr><tr><td>6<\/td><td>C\u1eeda h\u00e0ng h\u1ea1t ng\u00f4<\/td><\/tr><tr><td>7<\/td><td>C\u1eeda x\u1ea3 t\u1ea1p ch\u1ea5t<\/td><\/tr><\/tbody><\/table><figcaption class=\"wp-element-caption\">th\u00e0nh ph\u1ea7n c\u1ee7a m\u00e1y tu\u1ed1t l\u00faa \u0111a ch\u1ee9c n\u0103ng<\/figcaption><\/figure>    <h2 class=\"wp-block-heading\"><strong>Thi\u1ebft k\u1ebf m\u00e1y \u00e9p ng\u00f4 \u0111a ch\u1ee9c n\u0103ng<\/strong><\/h2>    <p class=\"translation-block\">Chi\u1ebfc m\u00e1y n\u00e0y \u0111\u01b0\u1ee3c thi\u1ebft k\u1ebf \u0111\u1ec3 \u0111\u00e1p \u1ee9ng nhu c\u1ea7u c\u1ee7a kh\u00e1ch h\u00e0ng, v\u1edbi c\u00e1c \u0111i\u1ec3m n\u1ed5i b\u1eadt l\u00e0 b\u00e1nh xe l\u1edbn v\u00e0 khung m\u00e1y. Thi\u1ebft k\u1ebf b\u00e1nh xe l\u1edbn v\u00e0 khung m\u00e1y gi\u00fap c\u1ea3i thi\u1ec7n \u0111\u1ed9 \u1ed5n \u0111\u1ecbnh v\u00e0 kh\u1ea3 n\u0103ng di chuy\u1ec3n c\u1ee7a <a href=\"https:\/\/taizyagromachine.com\/vi\/product\/multifunctional-thresher\/\" target=\"_blank\" rel=\"noreferrer noopener\">m\u00e1y \u0111\u1eadp h\u1ea1t \u0111a n\u0103ng<\/a>. <\/p>    <div class=\"wp-block-columns is-layout-flex wp-container-core-columns-is-layout-9d6595d7 wp-block-columns-is-layout-flex\"> <div class=\"wp-block-column is-layout-flow wp-block-column-is-layout-flow\"> <p class=\"has-cyan-bluish-gray-background-color has-background\">B\u00e1nh xe l\u1edbn c\u00f3 th\u1ec3 th\u00edch \u1ee9ng v\u1edbi c\u00e1c \u0111\u1ecba h\u00ecnh kh\u00e1c nhau v\u00e0 mang l\u1ea1i kho\u1ea3ng s\u00e1ng g\u1ea7m xe cao, gi\u00fap d\u1ec5 d\u00e0ng di chuy\u1ec3n m\u00e1y \u1edf nh\u1eefng v\u00f9ng \u0111\u1ea5t n\u00f4ng nghi\u1ec7p kh\u00f4ng b\u1eb1ng ph\u1eb3ng.<\/p> <\/div>    <div class=\"wp-block-column is-layout-flow wp-block-column-is-layout-flow\"> <p class=\"has-cyan-bluish-gray-background-color has-background\">C\u1ea5u tr\u00fac khung c\u00f3 th\u1ec3 cung c\u1ea5p s\u1ef1 h\u1ed7 tr\u1ee3 v\u00e0 c\u00e2n b\u1eb1ng \u1ed5n \u0111\u1ecbnh, gi\u00fap m\u00e1y ch\u1eafc ch\u1eafn v\u00e0 an to\u00e0n h\u01a1n khi l\u00e0m vi\u1ec7c.<\/p> <\/div> <\/div>    <p><\/p>    <h2 class=\"wp-block-heading\"><strong>C\u00e1c b\u1ed9 ph\u1eadn hao m\u00f2n c\u1ee7a m\u00e1y nghi\u1ec1n ng\u00f4 \u0111a ch\u1ee9c n\u0103ng Taizy<\/strong><\/h2>   <div class=\"wp-block-image\"> <figure class=\"aligncenter size-full\"><img loading=\"lazy\" decoding=\"async\" width=\"720\" height=\"350\" src=\"https:\/\/taizyagromachine.com\/wp-content\/uploads\/2023\/07\/screen-for-multifunctional-thresher-machine.webp\" alt=\"m\u00e0n h\u00ecnh cho m\u00e1y tu\u1ed1t l\u00faa \u0111a ch\u1ee9c n\u0103ng\" class=\"wp-image-5601\"\/><figcaption class=\"wp-element-caption\">m\u00e0n h\u00ecnh cho m\u00e1y tu\u1ed1t l\u00faa \u0111a ch\u1ee9c n\u0103ng<\/figcaption><\/figure> <\/div>   <p>C\u00e1c b\u1ed9 ph\u1eadn hao m\u00f2n c\u1ee7a m\u00e1y \u0111\u1eadp \u0111a ch\u1ee9c n\u0103ng ch\u1ee7 y\u1ebfu bao g\u1ed3m m\u00e0n h\u00ecnh, d\u00e2y \u0111ai, d\u00e2y chuy\u1ec1n v\u00e0 c\u00e1c b\u1ed9 ph\u1eadn kh\u00e1c. Khi s\u1eed d\u1ee5ng l\u00e2u d\u00e0i, c\u00e1c b\u1ed9 ph\u1eadn n\u00e0y c\u00f3 th\u1ec3 b\u1ecb hao m\u00f2n v\u00e0 c\u1ea7n \u0111\u01b0\u1ee3c ki\u1ec3m tra, thay th\u1ebf th\u01b0\u1eddng xuy\u00ean. Vi\u1ec7c b\u1ea3o tr\u00ec h\u1ee3p l\u00fd v\u00e0 thay th\u1ebf k\u1ecbp th\u1eddi c\u00e1c b\u1ed9 ph\u1eadn b\u1ecb m\u00f2n c\u00f3 th\u1ec3 k\u00e9o d\u00e0i tu\u1ed5i th\u1ecd c\u1ee7a m\u00e1y tu\u1ed1t \u0111a ch\u1ee9c n\u0103ng v\u00e0 \u0111\u1ea3m b\u1ea3o ho\u1ea1t \u0111\u1ed9ng li\u00ean t\u1ee5c v\u00e0 hi\u1ec7u qu\u1ea3 c\u1ee7a n\u00f3.<\/p>    <h2 class=\"wp-block-heading\"><strong>\u01afu \u0111i\u1ec3m c\u1ee7a m\u00e1y b\u00f3c v\u1ecf ng\u00f4 \u0111a n\u0103ng<\/strong><\/h2>    <ol class=\"wp-block-list\"> <li>Hi\u1ec7u su\u1ea5t v\u00e0 t\u1ed1c \u0111\u1ed9 cao: M\u00e1y tu\u1ed1t l\u00faa \u0111a ch\u1ee9c n\u0103ng c\u00f3 th\u1ec3 tu\u1ed1t l\u00faa v\u1edbi t\u1ed1c \u0111\u1ed9 v\u00e0 hi\u1ec7u qu\u1ea3 cao, n\u00e2ng cao n\u0103ng su\u1ea5t v\u00e0 s\u1ea3n l\u01b0\u1ee3ng \u0111\u00e1ng k\u1ec3.<\/li>    <li>T\u00ednh linh ho\u1ea1t: Ngo\u00e0i ch\u1ee9c n\u0103ng \u0111\u1eadp l\u00faa, m\u00e1y xay mazie \u0111a ch\u1ee9c n\u0103ng Taizy th\u01b0\u1eddng c\u00f2n c\u00f3 ch\u1ee9c n\u0103ng t\u00e1ch v\u1ecf v\u00e0 t\u00e1ch t\u1ea1p ch\u1ea5t, c\u00f3 th\u1ec3 \u0111\u00e1p \u1ee9ng nhu c\u1ea7u ch\u1ebf bi\u1ebfn c\u1ee7a c\u00e1c lo\u1ea1i c\u00e2y tr\u1ed3ng kh\u00e1c nhau.<\/li>    <li>\u0110\u1ea3m b\u1ea3o ch\u1ea5t l\u01b0\u1ee3ng: M\u00e1y \u0111\u1eadp \u0111a h\u1ea1t c\u00f3 th\u1ec3 t\u00e1ch v\u1ecf, t\u1ea1p ch\u1ea5t v\u00e0 ng\u0169 c\u1ed1c m\u1ed9t c\u00e1ch hi\u1ec7u qu\u1ea3 \u0111\u1ec3 \u0111\u1ea3m b\u1ea3o ch\u1ea5t l\u01b0\u1ee3ng v\u00e0 \u0111\u1ed9 tinh khi\u1ebft c\u1ee7a s\u1ea3n ph\u1ea9m cu\u1ed1i c\u00f9ng.<\/li>    <li>T\u00ednh linh ho\u1ea1t: M\u00e1y b\u00f3c v\u1ecf ng\u00f4 \u0111a ch\u1ee9c n\u0103ng th\u01b0\u1eddng c\u00f3 s\u1eb5n ba \u0111\u1ed9ng c\u01a1, c\u00f3 th\u1ec3 s\u1eed d\u1ee5ng \u0111\u1ed9ng c\u01a1 ph\u00f9 h\u1ee3p \u0111\u1ec3 ho\u1ea1t \u0111\u1ed9ng t\u00f9y theo t\u00ecnh h\u00ecnh \u0111\u1ecba ph\u01b0\u01a1ng. <\/li>    <li>Ti\u1ebft ki\u1ec7m chi ph\u00ed: Hi\u1ec7u su\u1ea5t cao v\u00e0 \u0111a ch\u1ee9c n\u0103ng c\u1ee7a m\u00e1y tu\u1ed1t \u0111a ch\u1ee9c n\u0103ng c\u00f3 th\u1ec3 ti\u1ebft ki\u1ec7m chi ph\u00ed nh\u00e2n c\u00f4ng v\u00e0 th\u1eddi gian, n\u00e2ng cao hi\u1ec7u qu\u1ea3 s\u1ea3n xu\u1ea5t v\u00e0 gi\u1ea3m chi ph\u00ed x\u1eed l\u00fd.<\/li>    <li>\u0110\u1ed9 tin c\u1eady v\u00e0 \u0111\u1ed9 b\u1ec1n: M\u00e1y b\u00f3c v\u1ecf ng\u00f4 Taizy s\u1eed d\u1ee5ng v\u1eadt li\u1ec7u ch\u1ea5t l\u01b0\u1ee3ng cao v\u00e0 quy tr\u00ecnh s\u1ea3n xu\u1ea5t ch\u00ednh x\u00e1c, c\u00f3 \u0111\u1ed9 b\u1ec1n v\u00e0 \u1ed5n \u0111\u1ecbnh t\u1ed1t, c\u00f3 th\u1ec3 ho\u1ea1t \u0111\u1ed9ng \u1ed5n \u0111\u1ecbnh trong th\u1eddi gian d\u00e0i.<\/li> <\/ol>    <h2 class=\"wp-block-heading\"><strong>\u0110i\u1ec1u g\u00ec \u1ea3nh h\u01b0\u1edfng \u0111\u1ebfn gi\u00e1 m\u00e1y b\u00f3c v\u1ecf ng\u00f4 \u0111a n\u0103ng?<\/strong><\/h2>    <p class=\"translation-block\">Gi\u00e1 c\u1ee7a <a href=\"https:\/\/cornmachines.com\/multifunctional-thresher-machine\/\" target=\"_blank\" rel=\"noreferrer noopener\">m\u00e1y t\u00e1ch ng\u00f4 \u0111a ch\u1ee9c n\u0103ng<\/a> b\u1ecb \u1ea3nh h\u01b0\u1edfng b\u1edfi nhi\u1ec1u y\u1ebfu t\u1ed1, ch\u1eb3ng h\u1ea1n nh\u01b0 m\u1eabu m\u00e1y, th\u01b0\u01a1ng hi\u1ec7u, v.v. \u0110\u1ea7u ti\u00ean l\u00e0 m\u1eabu m\u00e1y v\u00e0 th\u00f4ng s\u1ed1 k\u1ef9 thu\u1eadt c\u1ee7a m\u00e1y, gi\u00e1 c\u1ee7a m\u00e1y t\u00e1ch ng\u00f4 \u0111a ch\u1ee9c n\u0103ng s\u1ebd kh\u00e1c nhau gi\u1eefa c\u00e1c th\u00f4ng s\u1ed1 k\u1ef9 thu\u1eadt. Th\u1ee9 hai l\u00e0 th\u01b0\u01a1ng hi\u1ec7u v\u00e0 nh\u00e0 s\u1ea3n xu\u1ea5t c\u1ee7a m\u00e1y. C\u00e1c s\u1ea3n ph\u1ea9m t\u1eeb c\u00e1c th\u01b0\u01a1ng hi\u1ec7u n\u1ed5i ti\u1ebfng v\u00e0 c\u00e1c nh\u00e0 s\u1ea3n xu\u1ea5t ch\u1ea5t l\u01b0\u1ee3ng cao th\u01b0\u1eddng c\u00f3 gi\u00e1 t\u01b0\u01a1ng \u0111\u1ed1i cao h\u01a1n. <\/p>    <figure class=\"wp-block-gallery aligncenter has-nested-images columns-default is-cropped wp-block-gallery-3 is-layout-flex wp-block-gallery-is-layout-flex\"> <figure class=\"wp-block-image size-full\"><img loading=\"lazy\" decoding=\"async\" width=\"720\" height=\"540\" data-id=\"5608\" src=\"https:\/\/taizyagromachine.com\/wp-content\/uploads\/2023\/07\/multifunctional-threshing-machine.webp\" alt=\"m\u00e1y tu\u1ed1t l\u00faa \u0111a n\u0103ng\" class=\"wp-image-5608\"\/><figcaption class=\"wp-element-caption\">m\u00e1y tu\u1ed1t l\u00faa \u0111a n\u0103ng<\/figcaption><\/figure>    <figure class=\"wp-block-image size-full\"><img loading=\"lazy\" decoding=\"async\" width=\"720\" height=\"540\" data-id=\"5607\" src=\"https:\/\/taizyagromachine.com\/wp-content\/uploads\/2023\/07\/multi-purpose-thresher-1.webp\" alt=\"m\u00e1y tu\u1ed1t l\u00faa \u0111a n\u0103ng\" class=\"wp-image-5607\"\/><figcaption class=\"wp-element-caption\">m\u00e1y tu\u1ed1t l\u00faa \u0111a n\u0103ng<\/figcaption><\/figure> <\/figure>    <p>Ngo\u00e0i ra, cung c\u1ea7u th\u1ecb tr\u01b0\u1eddng, chi ph\u00ed nguy\u00ean v\u1eadt li\u1ec7u, kho\u1ea3ng c\u00e1ch v\u1eadn chuy\u1ec3n,\u2026 c\u0169ng s\u1ebd \u1ea3nh h\u01b0\u1edfng \u0111\u1ebfn gi\u00e1 c\u1ea3. N\u1ebfu b\u1ea1n mu\u1ed1n bi\u1ebft th\u00eam chi ti\u1ebft, xin vui l\u00f2ng li\u00ean h\u1ec7 v\u1edbi ch\u00fang t\u00f4i \u0111\u1ec3 bi\u1ebft th\u00eam chi ti\u1ebft!<\/p>    <h2 class=\"wp-block-heading\"><strong>D\u1ecbch v\u1ee5 v\u1ec1 m\u00e1y tu\u1ed1t l\u00faa \u0111a ch\u1ee9c n\u0103ng Taizy<\/strong><\/h2>    <p>Taizy, l\u00e0 m\u1ed9t m\u00e1y b\u00f3c v\u1ecf ng\u00f4 \u0111a n\u0103ng t\u1ed1t v\u1edbi c\u00e1c th\u01b0\u01a1ng hi\u1ec7u n\u1ed5i ti\u1ebfng, ch\u00fang t\u00f4i cung c\u1ea5p h\u1ed7 tr\u1ee3 k\u1ef9 thu\u1eadt v\u00e0 d\u1ecbch v\u1ee5 h\u1eadu m\u00e3i.  H\u1ed7 tr\u1ee3 k\u1ef9 thu\u1eadt to\u00e0n di\u1ec7n v\u00e0 d\u1ecbch v\u1ee5 h\u1eadu m\u00e3i c\u00f3 th\u1ec3 \u0111\u1ea3m b\u1ea3o r\u1eb1ng b\u1ea1n nh\u1eadn \u0111\u01b0\u1ee3c h\u01b0\u1edbng d\u1eabn v\u00e0 gi\u1ea3i ph\u00e1p chuy\u00ean nghi\u1ec7p. Ngo\u00e0i ra, ch\u00fang t\u00f4i c\u00f3 th\u1ec3 cung c\u1ea5p h\u1ed7 tr\u1ee3 tr\u1ef1c tuy\u1ebfn, h\u1ed7 tr\u1ee3 video, h\u01b0\u1edbng d\u1eabn s\u1eed d\u1ee5ng, v.v. T\u1ea5t c\u1ea3 \u0111\u1ec1u c\u00f3 th\u1ec3 gi\u00fap b\u1ea1n s\u1eed d\u1ee5ng m\u00e1y b\u00f3c v\u1ecf ng\u00f4 m\u1ed9t c\u00e1ch tr\u01a1n tru.  <\/p>    <h2 class=\"wp-block-heading\"><strong>S\u1ea3n xu\u1ea5t, \u0111\u00f3ng g\u00f3i v\u00e0 giao m\u00e1y nghi\u1ec1n ng\u00f4 \u0111a n\u0103ng<\/strong><\/h2>    <p>Qu\u00e1 tr\u00ecnh s\u1ea3n xu\u1ea5t m\u00e1y tu\u1ed1t l\u00faa \u0111a ch\u1ee9c n\u0103ng th\u01b0\u1eddng \u0111\u01b0\u1ee3c th\u1ef1c hi\u1ec7n trong x\u01b0\u1edfng \u0111\u1eb7c bi\u1ec7t. Trong x\u01b0\u1edfng, c\u00f4ng nh\u00e2n gia c\u00f4ng, l\u1eafp r\u00e1p c\u00e1c linh ki\u1ec7n theo \u0111\u00fang quy tr\u00ecnh s\u1ea3n xu\u1ea5t v\u00e0 y\u00eau c\u1ea7u k\u1ef9 thu\u1eadt \u0111\u1ec3 \u0111\u1ea3m b\u1ea3o ch\u1ea5t l\u01b0\u1ee3ng, hi\u1ec7u su\u1ea5t c\u1ee7a m\u00e1y \u0111\u1ea1t ti\u00eau chu\u1ea9n. <\/p>    <figure class=\"wp-block-gallery has-nested-images columns-default is-cropped wp-block-gallery-4 is-layout-flex wp-block-gallery-is-layout-flex\"> <figure class=\"wp-block-image size-full\"><img loading=\"lazy\" decoding=\"async\" width=\"720\" height=\"540\" data-id=\"5604\" src=\"https:\/\/taizyagromachine.com\/wp-content\/uploads\/2023\/07\/machine-production.webp\" alt=\"s\u1ea3n xu\u1ea5t m\u00e1y m\u00f3c\" class=\"wp-image-5604\"\/><figcaption class=\"wp-element-caption\">s\u1ea3n xu\u1ea5t m\u00e1y m\u00f3c<\/figcaption><\/figure>    <figure class=\"wp-block-image size-large\"><img loading=\"lazy\" decoding=\"async\" width=\"720\" height=\"540\" data-id=\"5603\" src=\"https:\/\/taizyagromachine.com\/wp-content\/uploads\/2023\/07\/machine-loading.webp\" alt=\"t\u1ea3i m\u00e1y\" class=\"wp-image-5603\"\/><figcaption class=\"wp-element-caption\">t\u1ea3i m\u00e1y<\/figcaption><\/figure>    <figure class=\"wp-block-image size-full\"><img loading=\"lazy\" decoding=\"async\" width=\"720\" height=\"540\" data-id=\"5605\" src=\"https:\/\/taizyagromachine.com\/wp-content\/uploads\/2023\/07\/loaded-machine-.webp\" alt=\"m\u00e1y n\u1ea1p\" class=\"wp-image-5605\"\/><figcaption class=\"wp-element-caption\">m\u00e1y n\u1ea1p<\/figcaption><\/figure> <\/figure>    <p>Sau khi s\u1ea3n xu\u1ea5t xong, m\u00e1y b\u00f3c v\u1ecf ng\u00f4 \u0111a ch\u1ee9c n\u0103ng \u0111\u01b0\u1ee3c \u0111\u00f3ng g\u00f3i c\u1ea9n th\u1eadn. C\u00e1ch \u0111\u00f3ng g\u00f3i ph\u1ed5 bi\u1ebfn l\u00e0 s\u1eed d\u1ee5ng h\u1ed9p g\u1ed7 ch\u1eafc ch\u1eafn \u0111\u1ec3 \u0111\u00f3ng g\u00f3i nh\u1eb1m b\u1ea3o v\u1ec7 m\u00e1y kh\u1ecfi h\u01b0 h\u1ecfng, rung l\u1eafc. Trong qu\u00e1 tr\u00ecnh v\u1eadn chuy\u1ec3n, m\u00e1y tu\u1ed1t l\u00faa \u0111a ch\u1ee9c n\u0103ng th\u01b0\u1eddng \u0111\u01b0\u1ee3c v\u1eadn chuy\u1ec3n nguy\u00ean chi\u1ebfc trong container \u0111\u1ec3 \u0111\u1ea3m b\u1ea3o v\u1eadn chuy\u1ec3n an to\u00e0n \u0111\u1ebfn \u0111\u00edch. Ph\u01b0\u01a1ng th\u1ee9c v\u1eadn chuy\u1ec3n t\u00edch h\u1ee3p n\u00e0y gi\u00fap gi\u1ea3m nguy c\u01a1 h\u01b0 h\u1ecfng v\u00e0 cung c\u1ea5p c\u00e1c ho\u1ea1t \u0111\u1ed9ng b\u1ed1c d\u1ee1 d\u1ec5 d\u00e0ng.<\/p>","protected":false},"excerpt":{"rendered":"<p>The multi purpose corn shelling machine plays an important role in the field of crop threshing as an efficient and multifunctional agricultural processing equipment. It has the advantages of high efficiency and speed, versatility, ease of operation and reliability and durability, which not only improves productivity and output, but also saves cost and human resources. [&hellip;]<\/p>\n","protected":false},"author":1,"featured_media":5584,"parent":0,"template":"","tags":[217],"product-type":[17],"class_list":["post-5581","product","type-product","status-publish","has-post-thumbnail","hentry","tag-corn-shelling-machine","product-type-corn-machine"],"_links":{"self":[{"href":"https:\/\/taizyagromachine.com\/vi\/wp-json\/wp\/v2\/product\/5581","targetHints":{"allow":["GET"]}}],"collection":[{"href":"https:\/\/taizyagromachine.com\/vi\/wp-json\/wp\/v2\/product"}],"about":[{"href":"https:\/\/taizyagromachine.com\/vi\/wp-json\/wp\/v2\/types\/product"}],"author":[{"embeddable":true,"href":"https:\/\/taizyagromachine.com\/vi\/wp-json\/wp\/v2\/users\/1"}],"wp:featuredmedia":[{"embeddable":true,"href":"https:\/\/taizyagromachine.com\/vi\/wp-json\/wp\/v2\/media\/5584"}],"wp:attachment":[{"href":"https:\/\/taizyagromachine.com\/vi\/wp-json\/wp\/v2\/media?parent=5581"}],"wp:term":[{"taxonomy":"post_tag","embeddable":true,"href":"https:\/\/taizyagromachine.com\/vi\/wp-json\/wp\/v2\/tags?post=5581"},{"taxonomy":"product-type","embeddable":true,"href":"https:\/\/taizyagromachine.com\/vi\/wp-json\/wp\/v2\/product-type?post=5581"}],"curies":[{"name":"wp","href":"https:\/\/api.w.org\/{rel}","templated":true}]}}