{"id":6523,"date":"2024-01-26T16:59:23","date_gmt":"2024-01-26T08:59:23","guid":{"rendered":"https:\/\/taizyagromachine.com\/?post_type=product&#038;p=6523"},"modified":"2025-11-04T13:50:08","modified_gmt":"2025-11-04T05:50:08","slug":"mobile-grain-dryer","status":"publish","type":"product","link":"https:\/\/taizyagromachine.com\/vi\/product\/mobile-grain-dryer\/","title":{"rendered":"M\u00e1y s\u1ea5y ng\u0169 c\u1ed1c di \u0111\u1ed9ng \u0111\u1ec3 s\u1ea5y ng\u00f4 l\u00faa m\u00ec"},"content":{"rendered":"<p class=\"translation-block\"><strong>M\u00e1y s\u1ea5y ng\u0169 c\u1ed1c di \u0111\u1ed9ng<\/strong> c\u1ee7a ch\u00fang t\u00f4i \u0111\u01b0\u1ee3c thi\u1ebft k\u1ebf \u0111\u1eb7c bi\u1ec7t \u0111\u1ec3 s\u1ea5y nhi\u1ec1u lo\u1ea1i c\u00e2y tr\u1ed3ng, nh\u01b0 l\u00faa, l\u00faa m\u00ec, ng\u00f4, \u0111\u1eadu t\u01b0\u01a1ng, v.v. Ch\u1ee9c n\u0103ng ch\u00ednh l\u00e0 lo\u1ea1i b\u1ecf n\u01b0\u1edbc kh\u1ecfi ng\u0169 c\u1ed1c m\u1edbi thu ho\u1ea1ch m\u1ed9t c\u00e1ch nhanh ch\u00f3ng v\u00e0 hi\u1ec7u qu\u1ea3 \u0111\u1ec3 \u0111\u1ea3m b\u1ea3o ng\u0169 c\u1ed1c \u0111\u1ea1t \u0111\u1ed9 \u1ea9m an to\u00e0n tr\u01b0\u1edbc khi nh\u1eadp kho v\u00e0 b\u1ea3o qu\u1ea3n nh\u1eb1m ng\u0103n ng\u1eeba t\u1ed5n th\u1ea5t nh\u01b0 n\u1ea5m m\u1ed1c, n\u1ea3y m\u1ea7m v\u00e0 c\u00f4n tr\u00f9ng g\u00e2y h\u1ea1i.<\/p>    <p>M\u00e1y s\u1ea5y ng\u0169 c\u1ed1c di \u0111\u1ed9ng c\u1ee7a ch\u00fang t\u00f4i c\u00f3 lo\u1ea1i th\u00f9ng \u0111\u01a1n v\u00e0 th\u00f9ng \u0111\u00f4i, v\u1edbi c\u00f4ng su\u1ea5t t\u1eeb \u200b\u200b10 t\u1ea5n \u0111\u1ebfn 240 t\u1ea5n m\u1ed7i 24 gi\u1edd. N\u1ebfu mu\u1ed1n bi\u1ebft th\u00eam th\u00f4ng tin, vui l\u00f2ng li\u00ean h\u1ec7 v\u1edbi ch\u00fang t\u00f4i ngay b\u00e2y gi\u1edd!<\/p>    <figure class=\"wp-block-embed is-type-video is-provider-youtube wp-block-embed-youtube wp-embed-aspect-16-9 wp-has-aspect-ratio\"><div class=\"wp-block-embed__wrapper\"> <iframe loading=\"lazy\" title=\"M\u00e1y s\u1ea5y ng\u0169 c\u1ed1c di \u0111\u1ed9ng \u0111ang ho\u1ea1t \u0111\u1ed9ng: S\u1ea5y ng\u00f4 hi\u1ec7u qu\u1ea3 t\u1ea1i trang tr\u1ea1i | M\u00e1y s\u1ea5y ng\u00f4 #dryer #graindryer\" width=\"500\" height=\"281\" src=\"https:\/\/www.youtube.com\/embed\/AJ6ZaE6ASIE?feature=oembed\" frameborder=\"0\" allow=\"accelerometer; autoplay; clipboard-write; encrypted-media; gyroscope; picture-in-picture; web-share\" referrerpolicy=\"strict-origin-when-cross-origin\" allowfullscreen><\/iframe> <\/div><figcaption class=\"wp-element-caption\">video ho\u1ea1t \u0111\u1ed9ng c\u1ee7a m\u00e1y s\u1ea5y ng\u0169 c\u1ed1c di \u0111\u1ed9ng<\/figcaption><\/figure>    <h2 class=\"wp-block-heading\"><strong>C\u1ea7n b\u00e1n c\u00e1c lo\u1ea1i m\u00e1y s\u1ea5y ng\u0169 c\u1ed1c di \u0111\u1ed9ng<\/strong><\/h2>    <p class=\"translation-block\"><strong>M\u00e1y s\u1ea5y ng\u0169 c\u1ed1c m\u1ed9t silo<\/strong><\/p>    <figure class=\"wp-block-table\"><table class=\"has-fixed-layout\"><tbody><tr><td><strong>Silo <\/strong><strong>Th\u1ec3 t\u00edch <\/strong><strong><\/strong><\/td><td><strong>K\u00edch th\u01b0\u1edbc t\u1ed5ng th\u1ec3 (D*R*C) mm<\/strong><\/td><td><strong>Tr\u1ecdng l\u01b0\u1ee3ng (t\u1ea5n)<\/strong><\/td><td><strong>C\u00f4ng su\u1ea5t b\u0103ng t\u1ea3i v\u00edt<\/strong><\/td><td><strong>C\u00f4ng su\u1ea5t qu\u1ea1t ch\u00ednh<\/strong><\/td><td><strong>Qu\u1ea1t h\u00fat gi\u00f3<\/strong><\/td><td><strong>V\u1eadn chuy\u1ec3n<\/strong><\/td><\/tr><tr><td>2 T\u1ea5n<\/td><td>4000*1800*3800<\/td><td>2.8<\/td><td>4KW<\/td><td>3kw<\/td><td>0.75KW<\/td><td>20gp<\/td><\/tr><tr><td>4 T\u1ea5n<\/td><td>4200*2200*4600<\/td><td>4.5<\/td><td>7,5kw<\/td><td>5.5kw<\/td><td>0.75KW<\/td><td>40HQ<\/td><\/tr><tr><td>6 T\u1ea5n<\/td><td>4600*2400*5000<\/td><td>5.3<\/td><td>7,5kw<\/td><td>7,5kw<\/td><td>0.75KW<\/td><td>40HQ<\/td><\/tr><tr><td>8 T\u1ea5n<\/td><td>4800*2400*5600<\/td><td>6.5<\/td><td>7,5kw<\/td><td>7,5kw<\/td><td>0.75KW<\/td><td>40HQ<\/td><\/tr><tr><td>10 T\u1ea5n<\/td><td>4800*2500*6200<\/td><td>7.4<\/td><td>7,5kw<\/td><td>11kw<\/td><td>1.5KW<\/td><td>40HQ<\/td><\/tr><\/tbody><\/table><figcaption class=\"wp-element-caption\">th\u00f4ng s\u1ed1 k\u1ef9 thu\u1eadt c\u1ee7a m\u00e1y s\u1ea5y ng\u0169 c\u1ed1c nh\u1ecf v\u1edbi th\u00f9ng \u0111\u01a1n<\/figcaption><\/figure>    <p>\u00a0Ghi ch\u00fa: m\u00e1y s\u1ea5y l\u00faa n\u00e0y c\u00f3 th\u1ec3 s\u1eed d\u1ee5ng than, d\u1ea7u diesel, kh\u00ed ho\u1eb7c \u0111i\u1ec7n l\u00e0m nhi\u00ean li\u1ec7u cho l\u00f2 \u0111\u1ed1t.<\/p>   <div class=\"wp-block-image\"> <figure class=\"aligncenter size-full\"><img loading=\"lazy\" decoding=\"async\" width=\"720\" height=\"540\" src=\"https:\/\/taizyagromachine.com\/wp-content\/uploads\/2024\/01\/mobile-corn-maize-drying-machine.webp\" alt=\"m\u00e1y s\u1ea5y ng\u00f4 ng\u00f4 di \u0111\u1ed9ng\" class=\"wp-image-6528\"\/><figcaption class=\"wp-element-caption\">m\u00e1y s\u1ea5y ng\u00f4 ng\u00f4 di \u0111\u1ed9ng<\/figcaption><\/figure> <\/div>   <p class=\"translation-block\"><strong>S\u1ef1 kh\u00e1c bi\u1ec7t gi\u1eefa m\u00e1y m\u1ed9t khoang v\u00e0 hai khoang<\/strong>:<\/p>    <ul class=\"wp-block-list\"> <li><strong>Th\u00f9ng \u0111\u01a1n<\/strong>: Th\u1eddi gian s\u1ea5y m\u1ed7i th\u00f9ng l\u00e0 2,5-3 gi\u1edd, (v\u00ec c\u00f3 th\u1eddi gian c\u1ea5p v\u00e0 x\u1ea3 h\u1ea1t). M\u1ed7i th\u00f9ng s\u1ebd l\u00e3ng ph\u00ed nhi\u1ec7t d\u01b0 th\u1eeba. Chi ph\u00ed s\u1ea5y kh\u00f4 cao h\u01a1n m\u1ed9t ch\u00fat. N\u00f3 chi\u1ebfm m\u1ed9t di\u1ec7n t\u00edch nh\u1ecf, k\u00edch th\u01b0\u1edbc nh\u1ecf, nh\u1ecf g\u1ecdn v\u00e0 nh\u1eb9.<\/li>    <li><strong>Th\u00f9ng \u0111\u00f4i<\/strong>: Th\u1eddi gian s\u1ea5y m\u1ed7i th\u00f9ng l\u00e0 2 gi\u1edd. Hai th\u00f9ng lu\u00e2n phi\u00ean n\u1ea1p v\u00e0 x\u1ea3 h\u1ea1t m\u00e0 kh\u00f4ng c\u00f3 kho\u1ea3ng c\u00e1ch. S\u1ea3n l\u01b0\u1ee3ng cao v\u00e0 nhi\u1ec7t \u0111\u01b0\u1ee3c t\u1eadn d\u1ee5ng t\u1ed1i \u0111a, gi\u00fap gi\u1ea3m \u0111\u00e1ng k\u1ec3 chi ph\u00ed s\u1ea5y kh\u00f4.<\/li> <\/ul>    <h2 class=\"wp-block-heading\"><strong>C\u00e2y tr\u1ed3ng c\u00f3 th\u1ec3 s\u1ea5y kh\u00f4 b\u1eb1ng m\u00e1y s\u1ea5y ng\u0169 c\u1ed1c di \u0111\u1ed9ng<\/strong><\/h2>    <p>M\u00e1y s\u1ea5y ng\u0169 c\u1ed1c \u0111\u01b0\u1ee3c b\u00e1n c\u1ee7a ch\u00fang t\u00f4i l\u00e0 stuibale \u0111\u1ec3 s\u1ea5y l\u00faa m\u00ec, l\u00faa mi\u1ebfn, ng\u00f4, g\u1ea1o, ng\u0169 c\u1ed1c, h\u1ea1t c\u1ea3i d\u1ea7u v\u00e0 \u0111\u1eadu.<\/p>   <div class=\"wp-block-image\"> <figure class=\"aligncenter size-full\"><img loading=\"lazy\" decoding=\"async\" width=\"720\" height=\"540\" src=\"https:\/\/taizyagromachine.com\/wp-content\/uploads\/2024\/01\/crops-that-can-be-dried-by-small-grain-dryer.webp\" alt=\"c\u00e2y tr\u1ed3ng c\u00f3 th\u1ec3 \u0111\u01b0\u1ee3c s\u1ea5y kh\u00f4 b\u1eb1ng m\u00e1y s\u1ea5y h\u1ea1t nh\u1ecf\" class=\"wp-image-6527\"\/><figcaption class=\"wp-element-caption\">c\u00e2y tr\u1ed3ng c\u00f3 th\u1ec3 \u0111\u01b0\u1ee3c s\u1ea5y kh\u00f4 b\u1eb1ng m\u00e1y s\u1ea5y h\u1ea1t nh\u1ecf<\/figcaption><\/figure> <\/div>   <h2 class=\"wp-block-heading\"><strong><strong>Nhi\u1ec7t \u0111\u1ed9 s\u1ea5y khuy\u1ebfn ngh\u1ecb cho c\u00e1c lo\u1ea1i c\u00e2y tr\u1ed3ng kh\u00e1c nhau<\/strong><\/strong><\/h2>    <figure class=\"wp-block-table\"><table class=\"has-fixed-layout\"><tbody><tr><td><strong>L\u00faa <\/strong><strong><\/strong><\/td><td><strong>Nhi\u1ec7t \u0111\u1ed9 s\u1ea5y<\/strong><strong><\/strong><\/td><\/tr><tr><td>Ng\u00f4<\/td><td>100-140\u2103<\/td><\/tr><tr><td>L\u00faa m\u00ec<\/td><td>80\u201390\u00b0C<\/td><\/tr><tr><td>C\u01a1m<\/td><td>60-70\u2103<\/td><\/tr><tr><td>L\u00faa m\u1ea1ch<\/td><td>100-140\u2103<\/td><\/tr><tr><td>\u0110\u1eadu<\/td><td>100\u2103<\/td><\/tr><tr><td>L\u00faa m\u1ea1ch<\/td><td>80\u2103<\/td><\/tr><tr><td>C\u1ea7n t\u00e2y<\/td><td>100\u2103<\/td><\/tr><\/tbody><\/table><figcaption class=\"wp-element-caption\">Nhi\u1ec7t \u0111\u1ed9 s\u1ea5y c\u00e2y tr\u1ed3ng<\/figcaption><\/figure>    <h2 class=\"wp-block-heading\"><strong>Thi\u1ebft k\u1ebf m\u00e1y s\u1ea5y c\u00e2y tr\u1ed3ng th\u01b0\u01a1ng m\u1ea1i<\/strong><\/h2>    <p>Lo\u1ea1i m\u00e1y s\u1ea5y ng\u0169 c\u1ed1c di \u0111\u1ed9ng n\u00e0y bao g\u1ed3m silo, thang, c\u1ed5ng c\u1ea5p li\u1ec7u, l\u00f2 n\u01b0\u1edbng, l\u1ed1c xo\u00e1y, xe k\u00e9o, t\u1ee7, b\u00e1nh xe, qu\u1ea1t, v.v.<\/p>   <div class=\"wp-block-image\"> <figure class=\"aligncenter size-full\"><img loading=\"lazy\" decoding=\"async\" width=\"720\" height=\"540\" src=\"https:\/\/taizyagromachine.com\/wp-content\/uploads\/2024\/01\/structure-of-mobile-grain-drying-machine.jpg\" alt=\"c\u1ea5u t\u1ea1o m\u00e1y s\u1ea5y h\u1ea1t di \u0111\u1ed9ng\" class=\"wp-image-6526\"\/><figcaption class=\"wp-element-caption\">c\u1ea5u t\u1ea1o m\u00e1y s\u1ea5y h\u1ea1t di \u0111\u1ed9ng<\/figcaption><\/figure> <\/div>   <p>Th\u00f9ng \u0111\u1ef1ng ng\u0169 c\u1ed1c \u0111\u1ec1u b\u1eb1ng th\u00e9p kh\u00f4ng g\u1ec9, \u01b0u \u0111i\u1ec3m c\u1ee7a silo inox:<\/p>    <ul class=\"wp-block-list\"> <li>Kh\u00f4ng s\u1ee3 s\u01b0\u01a1ng m\u00f9 v\u00e0 \u0103n m\u00f2n n\u01b0\u1edbc, \u0111\u1ed9 c\u1ee9ng cao v\u00e0 ch\u1ed1ng m\u00e0i m\u00f2n.<\/li>    <li>N\u00f3 s\u1ebd kh\u00f4ng b\u1ecb r\u1ec9 s\u00e9t v\u00e0 g\u00e2y ra c\u00e1c v\u1ebft r\u1ec9 s\u00e9t tr\u00ean di\u1ec7n r\u1ed9ng, v\u00e0 s\u1ebd kh\u00f4ng \u1ea3nh h\u01b0\u1edfng \u0111\u1ebfn ch\u1ea5t l\u01b0\u1ee3ng c\u1ee7a h\u1ea1t.<\/li>    <li>Sau m\u1ed9t n\u0103m s\u1eed d\u1ee5ng, inox t\u1ed5 n\u0103m v\u1eabn m\u1edbi nh\u01b0 ng\u00e0y n\u00e0o!<br><\/li> <\/ul>    <h2 class=\"wp-block-heading\"><strong>S\u1ef1 kh\u00e1c bi\u1ec7t gi\u1eefa m\u00e1y s\u1ea5y h\u1ea1t di \u0111\u1ed9ng v\u00e0 m\u00e1y s\u1ea5y h\u1ea1t th\u00e1p<\/strong><\/h2>    <figure class=\"wp-block-table\"><table><tbody><tr><td>C\u00e1c lo\u1ea1i<\/td><td>M\u00e1y s\u1ea5y c\u00e2y tr\u1ed3ng di \u0111\u1ed9ng<\/td><td><a href=\"https:\/\/taizyagromachine.com\/vi\/product\/paddy-dryer\/\">M\u00e1y s\u1ea5y ng\u0169 c\u1ed1c d\u1ea1ng th\u00e1p<\/a><\/td><\/tr><tr><td>Ti\u1ebfng \u1ed3n khi l\u00e0m vi\u1ec7c<\/td><td>B\u00e9 nh\u1ecf<\/td><td>To l\u1edbn<\/td><\/tr><tr><td>Chi\u1ebfm kh\u00f4ng gian<\/td><td>Th\u1ea5p<\/td><td>Cao<\/td><\/tr><tr><td>Thu\u1eadn ti\u1ec7n di chuy\u1ec3n<\/td><td>C\u00f3 b\u00e1nh xe, d\u1ec5 d\u00e0ng di chuy\u1ec3n<\/td><td>Sau khi c\u00e0i \u0111\u1eb7t, th\u1eadt kh\u00f3 \u0111\u1ec3 di chuy\u1ec3n<\/td><\/tr><tr><td>Chi ph\u00ed b\u1ea3o tr\u00ec<\/td><td>D\u1ec5 d\u00e0ng di chuy\u1ec3n, tr\u00e1nh gi\u00f3 v\u00e0 m\u01b0a, t\u01b0\u01a1ng \u0111\u1ed1i th\u1ea5p<\/td><td>N\u00f3 ti\u1ebfp x\u00fac v\u1edbi gi\u00f3 v\u00e0 n\u1eafng quanh n\u0103m, chi ph\u00ed b\u1ea3o tr\u00ec h\u00e0ng n\u0103m r\u1ea5t cao.<\/td><\/tr><\/tbody><\/table><figcaption class=\"wp-element-caption\">danh s\u00e1ch kh\u00e1c bi\u1ec7t c\u1ee7a hai lo\u1ea1i m\u00e1y s\u1ea5y ng\u0169 c\u1ed1c<\/figcaption><\/figure>    <figure class=\"wp-block-gallery aligncenter has-nested-images columns-default is-cropped wp-block-gallery-2 is-layout-flex wp-block-gallery-is-layout-flex\"> <figure class=\"wp-block-image size-full\"><img loading=\"lazy\" decoding=\"async\" width=\"720\" height=\"750\" data-id=\"6533\" src=\"https:\/\/taizyagromachine.com\/wp-content\/uploads\/2024\/01\/Taizy-crop-dryer-for-sale.webp\" alt=\"C\u1ea7n b\u00e1n m\u00e1y s\u1ea5y c\u00e2y tr\u1ed3ng Taizy\" class=\"wp-image-6533\"\/><figcaption class=\"wp-element-caption\">C\u1ea7n b\u00e1n m\u00e1y s\u1ea5y c\u00e2y tr\u1ed3ng Taizy<\/figcaption><\/figure>    <figure class=\"wp-block-image size-large\"><img loading=\"lazy\" decoding=\"async\" width=\"640\" height=\"640\" data-id=\"6424\" src=\"https:\/\/taizyagromachine.com\/wp-content\/uploads\/2022\/02\/paddy-dryer-machine-for-corn.webp\" alt=\"m\u00e1y s\u1ea5y l\u00faa cho ng\u00f4\" class=\"wp-image-6424\"\/><figcaption class=\"wp-element-caption\">m\u00e1y s\u1ea5y l\u00faa cho ng\u00f4<\/figcaption><\/figure> <\/figure>    <h2 class=\"wp-block-heading\"><strong>Gi\u00e1 m\u00e1y s\u1ea5y ng\u0169 c\u1ed1c di \u0111\u1ed9ng nh\u01b0 th\u1ebf n\u00e0o?<\/strong><\/h2>    <p>Gi\u00e1 c\u1ee7a m\u00e1y s\u1ea5y ng\u0169 c\u1ed1c di \u0111\u1ed9ng b\u1ecb \u1ea3nh h\u01b0\u1edfng b\u1edfi m\u1ed9t s\u1ed1 y\u1ebfu t\u1ed1, trong \u0111\u00f3 bao g\u1ed3m model m\u00e1y, c\u00f4ng su\u1ea5t s\u1ea3n xu\u1ea5t, lo\u1ea1i \u0111\u1ea7u \u0111\u1ed1t v\u00e0 li\u1ec7u n\u00f3 c\u00f3 \u0111\u01b0\u1ee3c t\u00f9y ch\u1ec9nh hay kh\u00f4ng.<\/p>    <ul class=\"wp-block-list\"> <li><strong>Model v\u00e0 c\u00f4ng su\u1ea5t: <\/strong>Gi\u00e1 c\u1ee7a c\u00e1c m\u1eabu m\u00e3, c\u00f4ng su\u1ea5t m\u00e1y s\u1ea5y ng\u00f4 kh\u00e1c nhau \u0111\u00e1ng k\u1ec3 do chi ph\u00ed nguy\u00ean li\u1ec7u s\u1ea3n xu\u1ea5t, tr\u00ecnh \u0111\u1ed9 k\u1ef9 thu\u1eadt v\u00e0 c\u00f4ng su\u1ea5t ch\u1ebf bi\u1ebfn. Nh\u00ecn chung, nh\u1eefng m\u00e1y s\u1ea5y l\u00faa c\u00f4ng su\u1ea5t l\u1edbn, c\u00f4ng su\u1ea5t l\u1edbn s\u1ebd c\u00f3 gi\u00e1 b\u00e1n cao h\u01a1n do hi\u1ec7u qu\u1ea3 s\u1eed d\u1ee5ng cao v\u00e0 thi\u1ebft k\u1ebf c\u00f4ng su\u1ea5t l\u1edbn.<\/li>    <li><strong>Nhi\u00ean li\u1ec7u \u0111\u1ed1t l\u00f2<\/strong>: Vi\u1ec7c l\u1ef1a ch\u1ecdn lo\u1ea1i \u0111\u1ea7u \u0111\u1ed1t c\u0169ng s\u1ebd \u1ea3nh h\u01b0\u1edfng \u0111\u1ebfn gi\u00e1 c\u1ea3, ch\u1eb3ng h\u1ea1n nh\u01b0 vi\u1ec7c s\u1eed d\u1ee5ng \u0111\u1ea7u \u0111\u1ed1t gas, diesel, \u0111i\u1ec7n ho\u1eb7c nhi\u00ean li\u1ec7u sinh kh\u1ed1i, c\u00f3 s\u1ef1 kh\u00e1c bi\u1ec7t v\u1ec1 chi ph\u00ed v\u1eadn h\u00e0nh, hi\u1ec7u su\u1ea5t m\u00f4i tr\u01b0\u1eddng v\u00e0 chi ph\u00ed mua thi\u1ebft b\u1ecb.<\/li>    <li><strong>T\u00f9y ch\u1ec9nh<\/strong>: M\u00e1y s\u1ea5y ng\u0169 c\u1ed1c di \u0111\u1ed9ng c\u00f3 cung c\u1ea5p d\u1ecbch v\u1ee5 t\u00f9y ch\u1ec9nh c\u00e1 nh\u00e2n hay kh\u00f4ng c\u0169ng l\u00e0 m\u1ed9t ch\u1ec9 s\u1ed1 quan tr\u1ecdng \u0111\u1ec3 x\u00e1c \u0111\u1ecbnh gi\u00e1 c\u1ee7a n\u00f3. C\u00e1c t\u00f9y ch\u1ecdn t\u00f9y ch\u1ec9nh b\u1ed5 sung nh\u01b0 h\u1ec7 th\u1ed1ng \u0111i\u1ec1u khi\u1ec3n th\u00f4ng minh, h\u1ec7 th\u1ed1ng gi\u00e1m s\u00e1t \u0111\u1ed9 \u1ea9m ch\u00ednh x\u00e1c hay v\u1eadt li\u1ec7u b\u1ec1n b\u1ec9 cho m\u00f4i tr\u01b0\u1eddng chuy\u00ean d\u1ee5ng s\u1ebd khi\u1ebfn gi\u00e1 th\u00e0nh t\u0103ng l\u00ean.<\/li> <\/ul>    <figure class=\"wp-block-gallery aligncenter has-nested-images columns-default is-cropped wp-block-gallery-3 is-layout-flex wp-block-gallery-is-layout-flex\"> <figure class=\"wp-block-image size-large\"><img loading=\"lazy\" decoding=\"async\" width=\"720\" height=\"750\" data-id=\"6529\" src=\"https:\/\/taizyagromachine.com\/wp-content\/uploads\/2024\/01\/mobile-grain-dryer-machine.webp\" alt=\"m\u00e1y s\u1ea5y ng\u0169 c\u1ed1c di \u0111\u1ed9ng\" class=\"wp-image-6529\"\/><figcaption class=\"wp-element-caption\">m\u00e1y s\u1ea5y ng\u0169 c\u1ed1c di \u0111\u1ed9ng<\/figcaption><\/figure>    <figure class=\"wp-block-image size-large\"><img loading=\"lazy\" decoding=\"async\" width=\"720\" height=\"750\" data-id=\"6530\" src=\"https:\/\/taizyagromachine.com\/wp-content\/uploads\/2024\/01\/small-batch-grain-dryer-for-sale.webp\" alt=\"C\u1ea7n b\u00e1n m\u00e1y s\u1ea5y ng\u0169 c\u1ed1c m\u1ebb nh\u1ecf\" class=\"wp-image-6530\"\/><figcaption class=\"wp-element-caption\">C\u1ea7n b\u00e1n m\u00e1y s\u1ea5y ng\u0169 c\u1ed1c m\u1ebb nh\u1ecf<\/figcaption><\/figure> <\/figure>    <p>T\u00f3m l\u1ea1i, khi mua m\u00e1y s\u1ea5y ng\u0169 c\u1ed1c di \u0111\u1ed9ng, b\u1ea1n n\u00ean xem x\u00e9t nhu c\u1ea7u s\u1ea3n xu\u1ea5t c\u1ee7a b\u1ea3n th\u00e2n, hi\u1ec7u qu\u1ea3 mong \u0111\u1ee3i, chi ph\u00ed ti\u00eau th\u1ee5 n\u0103ng l\u01b0\u1ee3ng v\u00e0 c\u1ea5u h\u00ecnh \u0111\u01b0\u1ee3c c\u00e1 nh\u00e2n h\u00f3a \u0111\u1ec3 \u0111\u1ea3m b\u1ea3o \u0111\u00e1p \u1ee9ng nhu c\u1ea7u th\u1ef1c t\u1ebf \u0111\u1ed3ng th\u1eddi ki\u1ec3m so\u00e1t chi ph\u00ed \u0111\u1ea7u t\u01b0 h\u1ee3p l\u00fd.<\/p>    <h2 class=\"wp-block-heading\"><strong>Taizy: nh\u00e0 s\u1ea3n xu\u1ea5t m\u00e1y s\u1ea5y ng\u0169 c\u1ed1c \u0111\u01b0\u1ee3c t\u00edn nhi\u1ec7m<\/strong><\/h2>    <p>V\u1edbi c\u00f4ng ngh\u1ec7 chuy\u00ean nghi\u1ec7p, d\u00f2ng s\u1ea3n ph\u1ea9m phong ph\u00fa, ti\u00eau chu\u1ea9n ch\u1ea5t l\u01b0\u1ee3ng cao, kh\u1ea3 n\u0103ng t\u00f9y bi\u1ebfn linh ho\u1ea1t v\u00e0 h\u1ec7 th\u1ed1ng d\u1ecbch v\u1ee5 h\u1eadu m\u00e3i to\u00e0n di\u1ec7n, ch\u00fang t\u00f4i tr\u1edf th\u00e0nh nh\u00e0 cung c\u1ea5p m\u00e1y s\u1ea5y ng\u0169 c\u1ed1c \u0111\u00e1ng tin c\u1eady trong l\u0129nh v\u1ef1c n\u00f4ng nghi\u1ec7p trong n\u01b0\u1edbc v\u00e0 qu\u1ed1c t\u1ebf.<\/p>    <ul class=\"wp-block-list\"> <li><strong>S\u1ee9c m\u1ea1nh k\u1ef9 thu\u1eadt chuy\u00ean nghi\u1ec7p<\/strong>: Taizy c\u00f3 \u0111\u1ed9i ng\u0169 nghi\u00ean c\u1ee9u v\u00e0 ph\u00e1t tri\u1ec3n k\u1ef9 thu\u1eadt v\u1eefng m\u1ea1nh c\u00f9ng quy tr\u00ecnh s\u1ea3n xu\u1ea5t ti\u00ean ti\u1ebfn, li\u00ean t\u1ee5c \u0111\u1ed5i m\u1edbi v\u00e0 t\u1ed1i \u01b0u h\u00f3a thi\u1ebft k\u1ebf s\u1ea3n ph\u1ea9m, \u0111\u1ea3m b\u1ea3o r\u1eb1ng vi\u1ec7c s\u1ea3n xu\u1ea5t m\u00e1y s\u1ea5y ng\u0169 c\u1ed1c di \u0111\u1ed9ng v\u1ec1 hi\u1ec7u su\u1ea5t, hi\u1ec7u qu\u1ea3 v\u00e0 ti\u1ebft ki\u1ec7m n\u0103ng l\u01b0\u1ee3ng \u0111\u00e3 \u0111\u1ea1t \u0111\u1ebfn tr\u00ecnh \u0111\u1ed9 h\u00e0ng \u0111\u1ea7u trong ng\u00e0nh.<\/li>    <li><strong>D\u1ecbch v\u1ee5 t\u00f9y ch\u1ec9nh \u0111\u01b0\u1ee3c c\u00e1 nh\u00e2n h\u00f3a<\/strong>: Ch\u00fang t\u00f4i r\u1ea5t gi\u1ecfi trong vi\u1ec7c thi\u1ebft k\u1ebf t\u00f9y ch\u1ec9nh theo \u0111i\u1ec1u ki\u1ec7n v\u00e0 nhu c\u1ea7u c\u1ee5 th\u1ec3 c\u1ee7a kh\u00e1ch h\u00e0ng, bao g\u1ed3m l\u1ef1a ch\u1ecdn lo\u1ea1i \u0111\u1ea7u \u0111\u1ed1t, k\u1ebft h\u1ee3p ngu\u1ed3n nhi\u1ec7t, c\u1ea5u h\u00ecnh h\u1ec7 th\u1ed1ng \u0111i\u1ec1u khi\u1ec3n th\u00f4ng minh, v.v., \u0111\u1ec3 \u0111\u00e1p \u1ee9ng nhu c\u1ea7u c\u1ee7a c\u00e1c th\u1ecb tr\u01b0\u1eddng \u0111a d\u1ea1ng.<\/li>    <li><strong>D\u1ecbch v\u1ee5 h\u1eadu m\u00e3i ho\u00e0n h\u1ea3o<\/strong>: Taizy h\u1ee9a h\u1eb9n mang \u0111\u1ebfn cho kh\u00e1ch h\u00e0ng tr\u1ea3i nghi\u1ec7m d\u1ecbch v\u1ee5 kh\u00f4ng c\u1ea7n lo l\u1eafng, bao g\u1ed3m nh\u01b0ng kh\u00f4ng gi\u1edbi h\u1ea1n \u1edf vi\u1ec7c l\u1eafp \u0111\u1eb7t v\u00e0 v\u1eadn h\u00e0nh, \u0111\u00e0o t\u1ea1o v\u1eadn h\u00e0nh, b\u1ea3o tr\u00ec sau b\u00e1n h\u00e0ng v\u00e0 h\u1ed7 tr\u1ee3 k\u1ef9 thu\u1eadt \u0111\u1ec3 \u0111\u1ea3m b\u1ea3o m\u00e1y s\u1ea5y ng\u00f4 ho\u1ea1t \u0111\u1ed9ng hi\u1ec7u qu\u1ea3 v\u00e0 \u1ed5n \u0111\u1ecbnh trong to\u00e0n b\u1ed9 chu tr\u00ecnh s\u1eed d\u1ee5ng.<\/li>    <li><strong>S\u1ef1 c\u00f4ng nh\u1eadn v\u00e0 h\u1ee3p t\u00e1c qu\u1ed1c t\u1ebf<\/strong>: L\u00e0 m\u1ed9t th\u01b0\u01a1ng hi\u1ec7u uy t\u00edn, Taizy kh\u00f4ng ch\u1ec9 t\u1ea1o d\u1ef1ng \u0111\u01b0\u1ee3c ch\u1ed7 \u0111\u1ee9ng v\u1eefng ch\u1eafc t\u1ea1i th\u1ecb tr\u01b0\u1eddng trong n\u01b0\u1edbc m\u00e0 c\u00f2n gi\u00e0nh \u0111\u01b0\u1ee3c s\u1ef1 \u0111\u00f3n nh\u1eadn r\u1ed9ng r\u00e3i tr\u00ean th\u1ecb tr\u01b0\u1eddng qu\u1ed1c t\u1ebf. N\u00f3 \u0111\u00e3 thi\u1ebft l\u1eadp quan h\u1ec7 h\u1ee3p t\u00e1c l\u00e2u d\u00e0i v\u1edbi c\u00e1c doanh nghi\u1ec7p \u1edf nhi\u1ec1u qu\u1ed1c gia v\u00e0 khu v\u1ef1c, \u0111i\u1ec1u n\u00e0y ch\u1ee9ng t\u1ecf kh\u1ea3 n\u0103ng c\u1ea1nh tranh c\u1ee7a s\u1ea3n ph\u1ea9m v\u00e0 t\u1ea7m nh\u00ecn qu\u1ed1c t\u1ebf.<\/li> <\/ul>    <figure class=\"wp-block-gallery aligncenter has-nested-images columns-default is-cropped wp-block-gallery-4 is-layout-flex wp-block-gallery-is-layout-flex\"> <figure class=\"wp-block-image size-large\"><img loading=\"lazy\" decoding=\"async\" width=\"720\" height=\"750\" data-id=\"6531\" src=\"https:\/\/taizyagromachine.com\/wp-content\/uploads\/2024\/01\/mobile-grain-dryer-for-rice-wheat-corn.webp\" alt=\"m\u00e1y s\u1ea5y ng\u0169 c\u1ed1c di \u0111\u1ed9ng cho ng\u00f4 l\u00faa m\u00ec\" class=\"wp-image-6531\"\/><figcaption class=\"wp-element-caption\">m\u00e1y s\u1ea5y ng\u0169 c\u1ed1c di \u0111\u1ed9ng cho ng\u00f4 l\u00faa m\u00ec<\/figcaption><\/figure>    <figure class=\"wp-block-image size-large\"><img loading=\"lazy\" decoding=\"async\" width=\"720\" height=\"750\" data-id=\"6532\" src=\"https:\/\/taizyagromachine.com\/wp-content\/uploads\/2024\/01\/portable-grain-dryer-for-maize.webp\" alt=\"m\u00e1y s\u1ea5y h\u1ea1t c\u1ea7m tay cho ng\u00f4\" class=\"wp-image-6532\"\/><figcaption class=\"wp-element-caption\">m\u00e1y s\u1ea5y h\u1ea1t c\u1ea7m tay cho ng\u00f4<\/figcaption><\/figure> <\/figure>    <h2 class=\"wp-block-heading\"><strong>C\u00e2u h\u1ecfi th\u01b0\u1eddng g\u1eb7p v\u1ec1 m\u00e1y s\u1ea5y ng\u0169 c\u1ed1c di \u0111\u1ed9ng<\/strong><\/h2>   <div id=\"rank-math-faq\" class=\"rank-math-block\"> <div class=\"rank-math-list\"> <div id=\"faq-question-1706252443000\" class=\"rank-math-list-item\"> <h3 class=\"rank-math-question\"><strong>M\u00e1y s\u1ea5y ng\u0169 c\u1ed1c l\u00e0 ch\u1ea5t li\u1ec7u g\u00ec?<\/strong><\/h3> <div class=\"rank-math-answer\">  <p>Th\u00f9ng \u0111\u1ef1ng ng\u0169 c\u1ed1c di \u0111\u1ed9ng l\u00e0 th\u00e9p kh\u00f4ng g\u1ec9. Ph\u1ea7n gia nhi\u1ec7t l\u00e0 th\u00e9p carbon.<\/p>  <\/div> <\/div> <div id=\"faq-question-1706252513798\" class=\"rank-math-list-item\"> <h3 class=\"rank-math-question\"><strong>\u01afu \u0111i\u1ec3m c\u1ee7a th\u00e9p kh\u00f4ng g\u1ec9 v\u00e0 th\u00e9p m\u1ea1 k\u1ebdm nh\u01b0 th\u1ebf n\u00e0o?<\/strong><\/h3> <div class=\"rank-math-answer\">  <p class=\"translation-block\"><strong>L\u1ee3i \u00edch c\u1ee7a th\u00e9p kh\u00f4ng g\u1ec9<\/strong>: Khi m\u00e1y ho\u1ea1t \u0111\u1ed9ng, h\u01a1i n\u01b0\u1edbc s\u1ebd tho\u00e1t ra. Th\u00e9p kh\u00f4ng g\u1ec9 kh\u00f4ng s\u1ee3 \u0103n m\u00f2n v\u00e0 s\u1ebd kh\u00f4ng b\u1ecb r\u1ec9 s\u00e9t. Ngay c\u1ea3 khi s\u1eed d\u1ee5ng xong trong n\u0103m nay, n\u00f3 v\u1eabn s\u1ebd \u1ed5n cho n\u0103m th\u1ee9 hai sau khi c\u1ea5t m\u00e1y.<br \/><strong>L\u1ee3i \u00edch c\u1ee7a th\u00e9p m\u1ea1 k\u1ebdm<\/strong>: N\u00f3 r\u1ebb nh\u01b0ng s\u1ebd b\u1ecb r\u1ec9 s\u00e9t.<\/li><\/p>  <\/div> <\/div> <div id=\"faq-question-1706255494220\" class=\"rank-math-list-item\"> <h3 class=\"rank-math-question\"><strong>Nh\u1eefng lo\u1ea1i c\u00e2y tr\u1ed3ng c\u00f3 th\u1ec3 kh\u00f4? Nhi\u1ec7t \u0111\u1ed9 l\u00e0 bao nhi\u00eau \u0111\u1ed9? C\u00f3 th\u1ec3 ki\u1ec3m so\u00e1t ki\u1ec3m so\u00e1t nhi\u1ec7t \u0111\u1ed9?<\/strong><\/h3> <div class=\"rank-math-answer\">  <p class=\"translation-block\">M\u00e1y s\u1ea5y ng\u0169 c\u1ed1c di \u0111\u1ed9ng c\u1ee7a ch\u00fang t\u00f4i c\u00f3 th\u1ec3 s\u1ea5y ng\u00f4, l\u00faa m\u00ec, \u0111\u1eadu, l\u00faa, l\u00faa mi\u1ebfn v\u00e0 c\u1ea3i d\u1ea7u.<br \/>M\u00e1y s\u1ea5y c\u1ee7a ch\u00fang t\u00f4i l\u00e0 s\u1ea5y kh\u00ed n\u00f3ng v\u00e0 s\u1ebd kh\u00f4ng l\u00e0m h\u1ecfng ch\u1ea5t l\u01b0\u1ee3ng ng\u0169 c\u1ed1c. Kh\u00f4ng \u1ea3nh h\u01b0\u1edfng \u0111\u1ebfn m\u00e0u s\u1eafc. <a href=\"https:\/\/en.wikipedia.org\/wiki\/Grain\" target=\"_blank\" rel=\"noopener\">Ng\u0169 c\u1ed1c<\/a> c\u00f3 th\u1ec3 \u0103n \u0111\u01b0\u1ee3c.<br \/><strong>Nhi\u1ec7t \u0111\u1ed9 ng\u00f4<\/strong>: 100-140 \u0111\u1ed9<br \/><strong>Nhi\u1ec7t \u0111\u1ed9 l\u00faa m\u00ec<\/strong>: 80-90 \u0111\u1ed9<br \/><strong>Nhi\u1ec7t \u0111\u1ed9 l\u00faa<\/strong>: 60-70 \u0111\u1ed9<br \/><strong>Nhi\u1ec7t \u0111\u1ed9 l\u00faa mi\u1ebfn<\/strong>: 100-140 \u0111\u1ed9<br \/><strong>Nhi\u1ec7t \u0111\u1ed9 \u0111\u1eadu<\/strong>: 100 \u0111\u1ed9<br \/><strong>Nhi\u1ec7t \u0111\u1ed9 ng\u0169 c\u1ed1c<\/strong>: 80 \u0111\u1ed9 (v\u1edbi l\u01b0\u1edbi 1mm)<br \/><strong>Nhi\u1ec7t \u0111\u1ed9 c\u1ea3i d\u1ea7u<\/strong>: 100 \u0111\u1ed9 (v\u1edbi l\u01b0\u1edbi 1mm)<\/li><\/p>  <\/div> <\/div> <div id=\"faq-question-1706256407163\" class=\"rank-math-list-item\"> <h3 class=\"rank-math-question\"><strong>Nh\u1eefng g\u00ec c\u00f3 th\u1ec3 \u0111\u01b0\u1ee3c s\u1eed d\u1ee5ng cho ngu\u1ed3n nhi\u1ec7t?<\/strong><\/h3> <div class=\"rank-math-answer\">  <p>Than, d\u1ea7u diesel, metanol, sinh kh\u1ed1i, \u0111i\u1ec7n.<\/p>  <\/div> <\/div> <div id=\"faq-question-1706256430292\" class=\"rank-math-list-item\"> <h3 class=\"rank-math-question\"><strong>B\u1ea3o h\u00e0nh bao l\u00e2u?<\/strong><\/h3> <div class=\"rank-math-answer\">  <p>To\u00e0n b\u1ed9 m\u00e1y b\u1ea3o h\u00e0nh m\u1ed9t n\u0103m.<\/p>  <\/div> <\/div> <div id=\"faq-question-1706256454820\" class=\"rank-math-list-item\"> <h3 class=\"rank-math-question\"><strong>N\u1ebfu t\u00f4i kh\u00f4ng bi\u1ebft c\u00e1ch s\u1eed d\u1ee5ng th\u00ec b\u1ea1n c\u00f3 th\u1ec3 \u0111\u1ebfn x\u01b0\u1edfng c\u1ee7a t\u00f4i \u0111\u1ec3 l\u1eafp \u0111\u1eb7t \u0111\u01b0\u1ee3c kh\u00f4ng?<\/strong><\/h3> <div class=\"rank-math-answer\">  <p>N\u1ebfu b\u1ea1n kh\u00f4ng bi\u1ebft c\u00e1ch s\u1eed d\u1ee5ng, ch\u00fang t\u00f4i s\u1ebd l\u1eafp \u0111\u1eb7t v\u00e0 g\u1ee1 l\u1ed7i t\u1eadn nh\u00e0, nh\u01b0ng s\u1ebd ho\u00e0n tr\u1ea3 chi ph\u00ed \u0111i l\u1ea1i v\u00e0 th\u1ee9c \u0103n v\u00e0 ch\u1ed7 \u1edf c\u01a1 b\u1ea3n.<\/p>  <\/div> <\/div> <\/div> <\/div>","protected":false},"excerpt":{"rendered":"<p>Our mobile grain dryer is specially designed for various crops drying, such as rice, wheat, maize, soybeans, etc. The main function is to quickly and effectively remove water from newly harvested grain to ensure that the grain reaches a safe moisture content before warehousing and storage to prevent losses such as mould, germination and insect [&hellip;]<\/p>\n","protected":false},"author":1,"featured_media":6524,"parent":0,"template":"","tags":[223],"product-type":[30],"class_list":["post-6523","product","type-product","status-publish","has-post-thumbnail","hentry","tag-grain-drying","product-type-grain-dryer"],"_links":{"self":[{"href":"https:\/\/taizyagromachine.com\/vi\/wp-json\/wp\/v2\/product\/6523","targetHints":{"allow":["GET"]}}],"collection":[{"href":"https:\/\/taizyagromachine.com\/vi\/wp-json\/wp\/v2\/product"}],"about":[{"href":"https:\/\/taizyagromachine.com\/vi\/wp-json\/wp\/v2\/types\/product"}],"author":[{"embeddable":true,"href":"https:\/\/taizyagromachine.com\/vi\/wp-json\/wp\/v2\/users\/1"}],"wp:featuredmedia":[{"embeddable":true,"href":"https:\/\/taizyagromachine.com\/vi\/wp-json\/wp\/v2\/media\/6524"}],"wp:attachment":[{"href":"https:\/\/taizyagromachine.com\/vi\/wp-json\/wp\/v2\/media?parent=6523"}],"wp:term":[{"taxonomy":"post_tag","embeddable":true,"href":"https:\/\/taizyagromachine.com\/vi\/wp-json\/wp\/v2\/tags?post=6523"},{"taxonomy":"product-type","embeddable":true,"href":"https:\/\/taizyagromachine.com\/vi\/wp-json\/wp\/v2\/product-type?post=6523"}],"curies":[{"name":"wp","href":"https:\/\/api.w.org\/{rel}","templated":true}]}}