{"id":6542,"date":"2024-02-02T17:56:48","date_gmt":"2024-02-02T09:56:48","guid":{"rendered":"https:\/\/taizyagromachine.com\/?post_type=product&#038;p=6542"},"modified":"2025-01-08T10:31:10","modified_gmt":"2025-01-08T02:31:10","slug":"silage-spreader-feed-spreader-mixer","status":"publish","type":"product","link":"https:\/\/taizyagromachine.com\/vi\/product\/silage-spreader-feed-spreader-mixer\/","title":{"rendered":"M\u00e1y r\u1ea3i th\u1ee9c \u0103n \u1ee7 chua \u0111\u1ec3 tr\u1ed9n th\u1ee9c \u0103n cho b\u00f2, c\u1eebu"},"content":{"rendered":"<p class=\"translation-block\"><strong>M\u00e1y r\u1ea3i th\u1ee9c \u0103n \u1ee7 chua<\/strong> c\u1ee7a ch\u00fang t\u00f4i d\u00f9ng \u0111\u1ec3 n\u00e9m th\u1ee9c \u0103n h\u1ed7n h\u1ee3p \u0111\u00e3 ch\u1ebf bi\u1ebfn tr\u1ef1c ti\u1ebfp v\u00e0o khu v\u1ef1c cho \u0103n \u0111\u1ec3 ho\u00e0n th\u00e0nh vi\u1ec7c cho \u0103n c\u00f9ng m\u1ed9t l\u00fac, \u0111\u01b0\u1ee3c \u0111i\u1ec1u khi\u1ec3n b\u1edfi xe ba b\u00e1nh. M\u00e1y ph\u1ed1i tr\u1ed9n v\u00e0 r\u1ea3i th\u1ee9c \u0103n \u1ee7 chua c\u1ee7a ch\u00fang t\u00f4i c\u00f3 dung t\u00edch ph\u1ed5 bi\u1ebfn l\u00e0 3 cmb v\u00e0 5 cmb, v\u1edbi ch\u1ee9c n\u0103ng ph\u1ed1i tr\u1ed9n v\u00e0 r\u1ea3i.<\/p>    <p class=\"translation-block\">M\u00e1y r\u1ea3i th\u1ee9c \u0103n \u1ee7 chua n\u00e0y \u0111\u01b0\u1ee3c s\u1eed d\u1ee5ng r\u1ed9ng r\u00e3i trong c\u00e1c khu v\u1ef1c ch\u0103n nu\u00f4i n\u00f4ng nghi\u1ec7p v\u00e0 ch\u0103n nu\u00f4i, c\u00e1c trang tr\u1ea1i quy m\u00f4 l\u1edbn v\u00e0 v\u1eeba v\u00e0 \u0111i\u1ec1u ch\u1ec9nh ho\u1ea1t \u0111\u1ed9ng cho \u0103n c\u1ee7a trang tr\u1ea1i c\u1ed9ng \u0111\u1ed3ng. Nhi\u1ec1u lo\u1ea1i<strong> \u0111\u1ed3ng c\u1ecf, r\u01a1m r\u1ea1, th\u1ee9c \u0103n \u1ee7 chua<\/strong> v\u00e0<strong> th\u1ee9c \u0103n s\u1ee3i<\/strong> kh\u00e1c c\u00f3 th\u1ec3 \u0111\u01b0\u1ee3c tr\u1ed9n v\u00e0 khu\u1ea5y, sau \u0111\u00f3 s\u1eed d\u1ee5ng m\u00e1y r\u1ea3i th\u1ee9c \u0103n xe ba b\u00e1nh n\u00e0y \u0111\u1ec3 th\u1ef1c hi\u1ec7n ho\u1ea1t \u0111\u1ed9ng cho \u0103n.<\/p>    <p>Ch\u00fang t\u00f4i c\u00f3 hai lo\u1ea1i: m\u00e1y tr\u1ed9n th\u1ee9c \u0103n d\u1ecdc v\u00e0 ngang v\u00e0 c\u1ea3 hai \u0111\u1ec1u c\u00f3 th\u1ec3 s\u1eed d\u1ee5ng \u0111\u1ed9ng c\u01a1 diesel v\u00e0 \u0111\u1ed9ng c\u01a1 \u0111i\u1ec7n. N\u1ebfu quan t\u00e2m, h\u00e3y \u0111\u1ebfn v\u00e0 li\u00ean h\u1ec7 v\u1edbi ch\u00fang t\u00f4i \u0111\u1ec3 bi\u1ebft th\u00eam chi ti\u1ebft m\u00e1y!<\/p>    <figure class=\"wp-block-embed is-type-video is-provider-youtube wp-block-embed-youtube wp-embed-aspect-16-9 wp-has-aspect-ratio\"><div class=\"wp-block-embed__wrapper\"> <iframe loading=\"lazy\" title=\"Ti\u1ebft l\u1ed9 hi\u1ec7u qu\u1ea3 cho \u0103n: M\u1ed9t ng\u00e0y trong cu\u1ed9c \u0111\u1eddi c\u1ee7a m\u00e1y r\u1ea3i n\u00f4ng tr\u1ea1i Xe t\u1ea3i #silage #s\u1ea3i r\u00e1c\" width=\"500\" height=\"281\" src=\"https:\/\/www.youtube.com\/embed\/wXCLrlhUAWk?feature=oembed\" frameborder=\"0\" allow=\"accelerometer; autoplay; clipboard-write; encrypted-media; gyroscope; picture-in-picture; web-share\" referrerpolicy=\"strict-origin-when-cross-origin\" allowfullscreen><\/iframe> <\/div><figcaption class=\"wp-element-caption\">video ho\u1ea1t \u0111\u1ed9ng c\u1ee7a m\u00e1y tr\u1ed9n m\u00e1y r\u1ea3i n\u00f4ng nghi\u1ec7p<\/figcaption><\/figure>    <h2 class=\"wp-block-heading\"><strong>C\u00e1c lo\u1ea1i m\u00e1y tr\u1ed9n th\u1ee9c \u0103n \u1ee7 chua \u0111\u1ec3 b\u00e1n<\/strong><\/h2>    <p class=\"translation-block\"><strong>C\u00e1c m\u1eabu m\u00e1y r\u1ea3i n\u00f4ng nghi\u1ec7p d\u1ef1a tr\u00ean h\u00ecnh d\u1ea1ng m\u00e1y<\/strong><\/p>    <p>Theo h\u00ecnh d\u1ea1ng c\u1ee7a m\u00e1y, n\u00f3 c\u00f3 th\u1ec3 \u0111\u01b0\u1ee3c chia th\u00e0nh d\u1ecdc v\u00e0 ngang, ch\u1ec9 c\u00f3 h\u00ecnh d\u1ea1ng b\u00ean ngo\u00e0i l\u00e0 kh\u00e1c nhau v\u00e0 ch\u1ee9c n\u0103ng gi\u1ed1ng nhau. H\u00ecnh d\u1ea1ng c\u1ee7a m\u00e1y r\u1ea3i th\u1ee9c \u0103n \u1ee7 chua nh\u01b0 sau: <\/p>    <figure class=\"wp-block-gallery aligncenter has-nested-images columns-default is-cropped wp-block-gallery-2 is-layout-flex wp-block-gallery-is-layout-flex\"> <figure class=\"wp-block-image size-large\"><img loading=\"lazy\" decoding=\"async\" width=\"720\" height=\"540\" data-id=\"6545\" src=\"https:\/\/taizyagromachine.com\/wp-content\/uploads\/2024\/02\/vertical-feed-spreader-mixer.webp\" alt=\"m\u00e1y tr\u1ed9n th\u1ee9c \u0103n d\u1ecdc\" class=\"wp-image-6545\"\/><figcaption class=\"wp-element-caption\">m\u00e1y tr\u1ed9n th\u1ee9c \u0103n d\u1ecdc<\/figcaption><\/figure>    <figure class=\"wp-block-image size-large\"><img loading=\"lazy\" decoding=\"async\" width=\"720\" height=\"540\" data-id=\"6544\" src=\"https:\/\/taizyagromachine.com\/wp-content\/uploads\/2024\/02\/horizontal-feeding-mixer-spreading-machine.webp\" alt=\"m\u00e1y r\u1ea3i tr\u1ed9n cho \u0103n ngang\" class=\"wp-image-6544\"\/><figcaption class=\"wp-element-caption\">m\u00e1y r\u1ea3i tr\u1ed9n cho \u0103n ngang<\/figcaption><\/figure> <\/figure>    <p class=\"translation-block\"><strong>C\u00e1c m\u1eabu m\u00e1y r\u1ea3i th\u1ee9c \u0103n gia s\u00fac v\u00e0 gia c\u1ea7m d\u1ef1a tr\u00ean \u0111\u1ed9ng c\u01a1 m\u00e1y<\/strong><\/p>    <p>T\u00f9y thu\u1ed9c v\u00e0o c\u00f4ng su\u1ea5t m\u00e0 m\u00e1y r\u1ea3i th\u1ee9c \u0103n \u1ee7 chua t\u1ef1 \u0111\u1ed9ng c\u00f3 th\u1ec3 \u0111\u01b0\u1ee3c trang b\u1ecb, ch\u00fang t\u00f4i c\u00f3 m\u00f4 h\u00ecnh \u0111\u1ed9ng c\u01a1 diesel v\u00e0 m\u00f4 h\u00ecnh \u0111\u1ed9ng c\u01a1 \u0111i\u1ec7n.<\/p>    <div class=\"wp-block-columns is-layout-flex wp-container-core-columns-is-layout-9d6595d7 wp-block-columns-is-layout-flex\"> <div class=\"wp-block-column is-layout-flow wp-block-column-is-layout-flow\"> <figure class=\"wp-block-image size-full\"><img loading=\"lazy\" decoding=\"async\" width=\"720\" height=\"540\" src=\"https:\/\/taizyagromachine.com\/wp-content\/uploads\/2024\/02\/diesel-engined-silage-spreader-mixer-machine.webp\" alt=\"m\u00e1y tr\u1ed9n th\u1ee9c \u0103n \u1ee7 chua \u0111\u1ed9ng c\u01a1 diesel\" class=\"wp-image-6546\"\/><figcaption class=\"wp-element-caption\">m\u00e1y tr\u1ed9n th\u1ee9c \u0103n \u1ee7 chua \u0111\u1ed9ng c\u01a1 diesel<\/figcaption><\/figure> <\/div>    <div class=\"wp-block-column is-vertically-aligned-center is-layout-flow wp-block-column-is-layout-flow\"> <p class=\"has-text-align-center translation-block\"><strong>M\u00e1y ph\u00e2n ph\u1ed1i th\u1ee9c \u0103n gia s\u00fac ch\u1ea1y xe ba b\u00e1nh \u0111\u1ed9ng c\u01a1 Diesel<\/strong><\/p>    <p>Thi\u1ebft b\u1ecb r\u1ea3i th\u1ee9c \u0103n \u1ee7 chua n\u00e0y c\u00f3 th\u1ec3 v\u1eeba c\u00f3 ch\u1ee9c n\u0103ng tr\u1ed9n v\u1eeba r\u1ea3i, r\u1ea5t thu\u1eadn ti\u1ec7n khi l\u00e1i xe ba b\u00e1nh \u0111\u1ec3 r\u1ea3i nguy\u00ean li\u1ec7u tr\u1ef1c ti\u1ebfp t\u1ea1i trang tr\u1ea1i.<\/p>    <p>M\u00e1y r\u1ea3i th\u1ee9c \u0103n ba b\u00e1nh c\u00f3 3 m\u00e9t kh\u1ed1i v\u00e0 5 m\u00e9t kh\u1ed1i. Th\u00f4ng th\u01b0\u1eddng, n\u1ebfu b\u1ea1n ch\u1ecdn m\u1eabu \u0111\u1ed9ng c\u01a1 diesel, ch\u00fang t\u00f4i trang b\u1ecb 5 m\u00e9t kh\u1ed1i.<\/p> <\/div> <\/div>    <div class=\"wp-block-columns is-layout-flex wp-container-core-columns-is-layout-9d6595d7 wp-block-columns-is-layout-flex\"> <div class=\"wp-block-column is-vertically-aligned-center is-layout-flow wp-block-column-is-layout-flow\"> <p class=\"has-text-align-center translation-block\"><strong>M\u00e1y r\u1ea3i th\u1ee9c \u0103n xe ba b\u00e1nh ch\u1ea1y \u0111i\u1ec7n chuy\u00ean d\u1ee5ng cho n\u00f4ng tr\u1ea1i<\/strong><\/p>    <p>M\u00e1y r\u1ea3i th\u1ee9c \u0103n \u1ee7 chua n\u00e0y ch\u1ec9 c\u00f3 th\u1ec3 c\u00f3 ch\u1ee9c n\u0103ng r\u1ea3i v\u00e0 th\u01b0\u1eddng \u0111\u01b0\u1ee3c ch\u1ecdn v\u1edbi dung t\u00edch 3 m\u00e9t kh\u1ed1i.<\/p>    <p>Do ch\u1ec9 c\u00f3 ch\u1ee9c n\u0103ng r\u1ea3i n\u00ean n\u00f3 th\u01b0\u1eddng \u0111\u01b0\u1ee3c s\u1eed d\u1ee5ng k\u1ebft h\u1ee3p v\u1edbi m\u00e1y tr\u1ed9n th\u1ee9c \u0103n.<\/p> <\/div>    <div class=\"wp-block-column is-layout-flow wp-block-column-is-layout-flow\"> <figure class=\"wp-block-image size-full\"><img loading=\"lazy\" decoding=\"async\" width=\"720\" height=\"540\" src=\"https:\/\/taizyagromachine.com\/wp-content\/uploads\/2024\/02\/electric-silage-spreader-for-sale.webp\" alt=\"m\u00e1y r\u1ea3i th\u1ee9c \u0103n \u1ee7 chua \u0111i\u1ec7n \u0111\u1ec3 b\u00e1n\" class=\"wp-image-6547\"\/><figcaption class=\"wp-element-caption\">m\u00e1y r\u1ea3i th\u1ee9c \u0103n \u1ee7 chua \u0111i\u1ec7n \u0111\u1ec3 b\u00e1n<\/figcaption><\/figure> <\/div> <\/div>    <figure class=\"wp-block-gallery aligncenter has-nested-images columns-default is-cropped wp-block-gallery-3 is-layout-flex wp-block-gallery-is-layout-flex\"> <figure class=\"wp-block-image size-full\"><img loading=\"lazy\" decoding=\"async\" width=\"720\" height=\"540\" data-id=\"6549\" src=\"https:\/\/taizyagromachine.com\/wp-content\/uploads\/2024\/02\/latest-silage-feed-spreader.webp\" alt=\"m\u00e1y r\u1ea3i th\u1ee9c \u0103n \u1ee7 chua m\u1edbi nh\u1ea5t\" class=\"wp-image-6549\"\/><figcaption class=\"wp-element-caption\">m\u00e1y r\u1ea3i th\u1ee9c \u0103n \u1ee7 chua m\u1edbi nh\u1ea5t<\/figcaption><\/figure>    <figure class=\"wp-block-image size-full\"><img loading=\"lazy\" decoding=\"async\" width=\"720\" height=\"540\" data-id=\"6548\" src=\"https:\/\/taizyagromachine.com\/wp-content\/uploads\/2024\/02\/feed-mixer-and-silage-feed-spreader.webp\" alt=\"m\u00e1y tr\u1ed9n th\u1ee9c \u0103n v\u00e0 m\u00e1y r\u1ea3i th\u1ee9c \u0103n \u1ee7 chua\" class=\"wp-image-6548\"\/><figcaption class=\"wp-element-caption\">m\u00e1y tr\u1ed9n th\u1ee9c \u0103n v\u00e0 m\u00e1y r\u1ea3i th\u1ee9c \u0103n \u1ee7 chua<\/figcaption><\/figure> <\/figure>    <h2 class=\"wp-block-heading\"><strong>Th\u00f4ng s\u1ed1 k\u1ef9 thu\u1eadt c\u1ee7a m\u00e1y tr\u1ed9n th\u1ee9c \u0103n \u1ee7 chua t\u1ef1 \u0111\u1ed9ng<\/strong><\/h2>    <p>Do hai h\u1ec7 th\u1ed1ng \u0111i\u1ec7n d\u00f9ng cho m\u00e1y r\u1ea3i n\u00f4ng nghi\u1ec7p n\u00ean c\u00f3 c\u00e1c th\u00f4ng s\u1ed1 k\u1ef9 thu\u1eadt kh\u00e1c nhau. Danh s\u00e1ch \u0111\u1ec3 b\u1ea1n tham kh\u1ea3o.<\/p>    <p class=\"translation-block\"><strong>D\u1eef li\u1ec7u k\u1ef9 thu\u1eadt c\u1ee7a m\u00e1y tr\u1ed9n r\u1ea3i th\u1ee9c \u0103n \u1ee7 chua ch\u1ea1y \u0111\u1ed9ng c\u01a1 diesel<\/strong><\/p>    <figure class=\"wp-block-table\"><table><tbody><tr><td>Ng\u01b0\u1eddi m\u1eabu<\/td><td>TZ-5<\/td><\/tr><tr><td>K\u00edch th\u01b0\u1edbc t\u1ed5ng th\u1ec3<\/td><td>4,7 * 1,7 * 2,2m<\/td><\/tr><tr><td>K\u00edch th\u01b0\u1edbc tr\u1ea3i r\u1ed9ng<\/td><td>600*470mm<\/td><\/tr><tr><td>K\u00edch th\u01b0\u1edbc cho \u0103n<\/td><td>2500*1400mm<\/td><\/tr><tr><td>S\u1ed1 l\u01b0\u1ee3ng pin<\/td><td>1<\/td><\/tr><tr><td>\u0110i\u1ec7n \u00e1p<\/td><td>12V<\/td><\/tr><tr><td>L\u1ed1p750-16 600-14<\/td><td>3 c\u00e1i<\/td><\/tr><tr><td>K\u00edch th\u01b0\u1edbc th\u00f9ng<\/td><td>5m\u00b3<\/td><\/tr><tr><td>mang <\/td><td>F210(4)<\/td><\/tr><tr><td>Ph\u01b0\u01a1ng ph\u00e1p v\u1eadn chuy\u1ec3n<\/td><td>c\u00e1i n\u1ea1o<\/td><\/tr><tr><td>Ph\u01b0\u01a1ng ph\u00e1p l\u00e2y lan<\/td><td>t\u00ednh hai chi\u1ec1u<\/td><\/tr><tr><td>Phanh<\/td><td>phanh d\u1ea7u<\/td><\/tr><tr><td>Chi\u1ec1u cao tr\u1ea3i r\u1ed9ng<\/td><td>60cm<\/td><\/tr><tr><td>Qu\u00e1 tr\u00ecnh l\u00e2y truy\u1ec1n<\/td><td>d\u00e2y chuy\u1ec1n<\/td><\/tr><tr><td>Ph\u01b0\u01a1ng th\u1ee9c truy\u1ec1n<\/td><td>th\u1ee7y l\u1ef1c<\/td><\/tr><tr><td>Gh\u1ebf<\/td><td>2 c\u00e1i<\/td><\/tr><\/tbody><\/table><figcaption class=\"wp-element-caption\">d\u1eef li\u1ec7u c\u1ee7a m\u00e1y r\u1ea3i h\u1ed7n h\u1ee3p th\u1ee9c \u0103n \u1ee7 chua diesel<\/figcaption><\/figure>    <p class=\"translation-block\"><strong>Th\u00f4ng s\u1ed1 k\u1ef9 thu\u1eadt c\u1ee7a m\u00e1y r\u1ea3i th\u1ee9c \u0103n ch\u1ea1y \u0111i\u1ec7n<\/strong><\/p>    <figure class=\"wp-block-table\"><table><tbody><tr><td>Ng\u01b0\u1eddi m\u1eabu<\/td><td>TZ-3<\/td><\/tr><tr><td>K\u00edch th\u01b0\u1edbc t\u1ed5ng th\u1ec3<\/td><td>3,6 * 1,5 * 2,0m<\/td><\/tr><tr><td>K\u00edch th\u01b0\u1edbc th\u00f9ng<\/td><td>2,0 * 1,2 * 1,4m<\/td><\/tr><tr><td>Chi\u1ec1u r\u1ed9ng v\u00e0nh \u0111ai<\/td><td>400mm<\/td><\/tr><tr><td>S\u1ed1 l\u01b0\u1ee3ng pin<\/td><td>6<\/td><\/tr><tr><td>\u0110i\u1ec7n \u00e1p \u0111\u1ea7u v\u00e0o<\/td><td>72V<\/td><\/tr><tr><td>Th\u00f4ng s\u1ed1 pin<\/td><td>pin kh\u00f4 th\u01b0\u01a1ng hi\u1ec7u Chaowei ho\u1eb7c Camel<\/td><\/tr><tr><td>M\u1eabu l\u1ed1p<\/td><td>B\u00e1nh sau 3,50*12 (2) + 5,00*12 (1)<\/td><\/tr><tr><td>K\u00edch th\u01b0\u1edbc th\u00f9ng<\/td><td>3m\u00b3<\/td><\/tr><tr><td>mang<\/td><td>F206(4)<\/td><\/tr><tr><td>Ph\u01b0\u01a1ng ph\u00e1p v\u1eadn chuy\u1ec3n<\/td><td>t\u1ea1p d\u1ec1<\/td><\/tr><tr><td>Ph\u01b0\u01a1ng ph\u00e1p l\u00e2y lan<\/td><td>t\u00ednh hai chi\u1ec1u<\/td><\/tr><tr><td>Phanh<\/td><td>phanh d\u1ea7u<\/td><\/tr><tr><td>Chi\u1ec1u cao tr\u1ea3i r\u1ed9ng<\/td><td>60cm<\/td><\/tr><tr><td>Qu\u00e1 tr\u00ecnh l\u00e2y truy\u1ec1n<\/td><td>d\u00e2y chuy\u1ec1n<\/td><\/tr><tr><td>V\u00f4 l\u0103ng<\/td><td>c\u00f3 n\u00fat b\u1ea5m<\/td><\/tr><tr><td>\u0110\u1ed9ng c\u01a1 \u0111i\u1ec7n<\/td><td>1.5\/1.5\/2.2<\/td><\/tr><tr><td>Dung l\u01b0\u1ee3ng pin<\/td><td>70A<\/td><\/tr><\/tbody><\/table><figcaption class=\"wp-element-caption\">Th\u00f4ng s\u1ed1 m\u00e1y r\u1ea3i th\u1ee9c \u0103n \u1ee7 chua \u0111\u1ed9ng c\u01a1 \u0111i\u1ec7n<\/figcaption><\/figure>    <h2 class=\"wp-block-heading\"><strong>\u01afu \u0111i\u1ec3m c\u1ee7a m\u00e1y r\u1ea3i tr\u1ed9n th\u1ee9c \u0103n<\/strong><\/h2>    <ul class=\"wp-block-list\"> <li>S\u1eed d\u1ee5ng \u0111\u01a1n gi\u1ea3n v\u00e0 thu\u1eadn ti\u1ec7n, d\u1ec5 v\u1eadn h\u00e0nh.<\/li>    <li>Ch\u1ea5t l\u01b0\u1ee3ng s\u1ea3n ph\u1ea9m \u0111\u00e1ng tin c\u1eady, b\u1ec1n b\u1ec9.<\/li>    <li>Qu\u00e1 tr\u00ecnh r\u1ea3i c\u00f3 th\u1ec3 \u0111\u01b0\u1ee3c \u0111i\u1ec1u ch\u1ec9nh theo m\u1eadt \u0111\u1ed9 v\u1eadt li\u1ec7u l\u00e0m th\u1ee9c \u0103n cho v\u1eadt nu\u00f4i.<\/li>    <li>Hi\u1ec7u qu\u1ea3 cao, ti\u1ebft ki\u1ec7m th\u1eddi gian, ti\u1ebft ki\u1ec7m di\u1ec7n t\u00edch trang tr\u1ea1i.<\/li> <\/ul>    <h2 class=\"wp-block-heading\"><strong>Nh\u00e0 s\u1ea3n xu\u1ea5t v\u00e0 cung c\u1ea5p m\u00e1y r\u1ea3i th\u1ee9c \u0103n \u1ee7 chua chuy\u00ean nghi\u1ec7p<\/strong><\/h2>    <ul class=\"wp-block-list\"> <li><strong>C\u00f4ng ngh\u1ec7 v\u00e0 hi\u1ec7u su\u1ea5t s\u1ea3n ph\u1ea9m h\u00e0ng \u0111\u1ea7u<\/strong>: Xe t\u1ea3i r\u1ea3i th\u1ee9c \u0103n \u1ee7 chua Taizy \u00e1p d\u1ee5ng c\u00f4ng ngh\u1ec7 thi\u1ebft k\u1ebf v\u00e0 quy tr\u00ecnh s\u1ea3n xu\u1ea5t ti\u00ean ti\u1ebfn \u0111\u1ec3 \u0111\u1ea3m b\u1ea3o hi\u1ec7u su\u1ea5t cao v\u00e0 \u0111\u1ed9 \u1ed5n \u0111\u1ecbnh c\u1ee7a thi\u1ebft b\u1ecb. C\u00e1c ph\u01b0\u01a1ng ti\u1ec7n n\u00e0y c\u00f3 th\u1ec3 \u0111\u01b0\u1ee3c trang b\u1ecb h\u1ec7 th\u1ed1ng n\u0103ng l\u01b0\u1ee3ng m\u1ea1nh m\u1ebd, h\u1ec7 th\u1ed1ng ki\u1ec3m so\u00e1t th\u1ee9c \u0103n ch\u00ednh x\u00e1c v\u00e0 c\u00e1c ch\u1ebf \u0111\u1ed9 v\u1eadn h\u00e0nh linh ho\u1ea1t, c\u00f3 th\u1ec3 th\u00edch \u1ee9ng v\u1edbi nhu c\u1ea7u c\u1ee7a c\u00e1c trang tr\u1ea1i quy m\u00f4 kh\u00e1c nhau.<\/li>    <li><strong>L\u1ef1a ch\u1ecdn m\u1eabu m\u00e3 \u0111a d\u1ea1ng<\/strong>: Ch\u00fang t\u00f4i cung c\u1ea5p c\u00e1c nh\u00e0 ph\u00e2n ph\u1ed1i th\u1ee9c \u0103n gia s\u00fac ba b\u00e1nh d\u1ecdc v\u00e0 ngang \u0111\u1ec3 \u0111\u00e1p \u1ee9ng nhu c\u1ea7u c\u1ee7a kh\u00e1ch h\u00e0ng v\u1ec1 c\u00e1c lo\u1ea1i th\u1ee9c \u0103n r\u1ea3i kh\u00e1c nhau.<\/li>    <li><strong>Ch\u1ee9c n\u0103ng tr\u1ea3i r\u1ed9ng hai m\u1eb7t<\/strong>: M\u1ed9t s\u1ed1 m\u00e1y r\u1ea3i \u0111\u01b0\u1ee3c trang b\u1ecb ch\u1ee9c n\u0103ng r\u1ea3i hai m\u1eb7t, gi\u00fap c\u1ea3i thi\u1ec7n \u0111\u00e1ng k\u1ec3 hi\u1ec7u qu\u1ea3 cho \u0103n, gi\u1ea3m th\u1eddi gian r\u1ea3i, gi\u00fap v\u1eadt nu\u00f4i \u0103n \u0111\u1ec1u v\u00e0 c\u00f3 l\u1ee3i cho vi\u1ec7c n\u00e2ng cao hi\u1ec7u qu\u1ea3 ch\u0103n nu\u00f4i.<\/li>    <li><strong>\u0110\u1ea3m b\u1ea3o d\u1ecbch v\u1ee5 sau b\u00e1n h\u00e0ng<\/strong>: L\u00e0 nh\u00e0 s\u1ea3n xu\u1ea5t c\u00f3 tr\u00e1ch nhi\u1ec7m, Taizy cung c\u1ea5p d\u1ecbch v\u1ee5 h\u1eadu m\u00e3i ho\u00e0n h\u1ea3o v\u00e0 h\u1ed7 tr\u1ee3 k\u1ef9 thu\u1eadt \u0111\u1ec3 \u0111\u1ea3m b\u1ea3o ng\u01b0\u1eddi d\u00f9ng c\u00f3 th\u1ec3 nh\u1eadn \u0111\u01b0\u1ee3c d\u1ecbch v\u1ee5 k\u1ecbp th\u1eddi v\u00e0 hi\u1ec7u qu\u1ea3 sau khi mua, gi\u00fap n\u00e2ng cao ni\u1ec1m tin v\u00e0 s\u1ef1 h\u00e0i l\u00f2ng c\u1ee7a ng\u01b0\u1eddi d\u00f9ng \u0111\u1ed1i v\u1edbi s\u1ea3n ph\u1ea9m.<\/li>    <li><strong>Gi\u1ea3i ph\u00e1p t\u00f9y ch\u1ec9nh<\/strong>: \u0110\u1ed1i v\u1edbi c\u00e1c nhu c\u1ea7u \u0111\u1eb7c bi\u1ec7t c\u1ee7a c\u00e1c kh\u00e1ch h\u00e0ng kh\u00e1c nhau, Taizy c\u0169ng c\u00f3 th\u1ec3 cung c\u1ea5p c\u00e1c gi\u1ea3i ph\u00e1p thi\u1ebft k\u1ebf m\u00e1y r\u1ea3i t\u00f9y ch\u1ec9nh \u0111\u1ec3 th\u00edch \u1ee9ng v\u1edbi c\u00e1c \u0111\u1ecba h\u00ecnh kh\u00e1c nhau, quy m\u00f4 kh\u00e1c nhau v\u00e0 c\u00e1c ch\u1ebf \u0111\u1ed9 cho \u0103n kh\u00e1c nhau c\u1ee7a m\u00f4i tr\u01b0\u1eddng \u0111\u1ed3ng c\u1ecf.<\/li> <\/ul>    <figure class=\"wp-block-gallery aligncenter has-nested-images columns-default is-cropped wp-block-gallery-4 is-layout-flex wp-block-gallery-is-layout-flex\"> <figure class=\"wp-block-image size-large\"><img loading=\"lazy\" decoding=\"async\" width=\"720\" height=\"540\" data-id=\"6556\" src=\"https:\/\/taizyagromachine.com\/wp-content\/uploads\/2024\/02\/Automatic-Cattle-Sheep-Camels-Feeding-Mixer-Spreading-Machine.webp\" alt=\"M\u00e1y tr\u1ed9n th\u1ee9c \u0103n ch\u0103n nu\u00f4i c\u1eebu l\u1ea1c \u0111\u00e0 t\u1ef1 \u0111\u1ed9ng\" class=\"wp-image-6556\"\/><figcaption class=\"wp-element-caption\">M\u00e1y tr\u1ed9n th\u1ee9c \u0103n ch\u0103n nu\u00f4i c\u1eebu l\u1ea1c \u0111\u00e0 t\u1ef1 \u0111\u1ed9ng<\/figcaption><\/figure>    <figure class=\"wp-block-image size-large\"><img loading=\"lazy\" decoding=\"async\" width=\"720\" height=\"540\" data-id=\"6557\" src=\"https:\/\/taizyagromachine.com\/wp-content\/uploads\/2024\/02\/farm-special-electric-tricycle-feed-spreader.webp\" alt=\"m\u00e1y r\u1ea3i th\u1ee9c \u0103n ba b\u00e1nh \u0111i\u1ec7n \u0111\u1eb7c bi\u1ec7t d\u00e0nh cho trang tr\u1ea1i\" class=\"wp-image-6557\"\/><figcaption class=\"wp-element-caption\">m\u00e1y r\u1ea3i th\u1ee9c \u0103n ba b\u00e1nh \u0111i\u1ec7n \u0111\u1eb7c bi\u1ec7t d\u00e0nh cho trang tr\u1ea1i<\/figcaption><\/figure> <\/figure>    <h2 class=\"wp-block-heading\"><strong>Li\u00ean h\u1ec7 v\u1edbi ch\u00fang t\u00f4i \u0111\u1ec3 bi\u1ebft gi\u00e1 m\u00e1y tr\u1ed9n th\u1ee9c \u0103n ch\u0103n nu\u00f4i!<\/strong><\/h2>    <p class=\"translation-block\">Mu\u1ed1n ti\u1ebft ki\u1ec7m th\u1eddi gian v\u00e0 c\u00f4ng s\u1ee9c tr\u00ean trang tr\u1ea1i c\u1ee7a b\u1ea1n v\u1edbi vi\u1ec7c cho gia s\u00fac v\u00e0 c\u1eebu \u0103n? N\u1ebfu v\u1eady, h\u00e3y li\u00ean h\u1ec7 v\u1edbi ch\u00fang t\u00f4i, ch\u00fang t\u00f4i c\u0169ng c\u00f3 m\u00e1y \u0111\u00f3ng ki\u1ec7n \u1ee7 chua, m\u00e1y c\u1eaft c\u1ecf, m\u00e1y thu ho\u1ea1ch th\u1ee9c \u0103n \u1ee7 chua, v.v. \u0111\u1ec3 b\u1ea1n l\u1ef1a ch\u1ecdn. Ch\u00fang t\u00f4i s\u1ebd gi\u1edbi thi\u1ec7u gi\u1ea3i ph\u00e1p t\u1ed1i \u01b0u cho b\u1ea1n.<\/p>    <figure class=\"wp-block-embed is-type-video is-provider-youtube wp-block-embed-youtube wp-embed-aspect-16-9 wp-has-aspect-ratio\"><div class=\"wp-block-embed__wrapper\"> <iframe loading=\"lazy\" title=\"M\u00e1y tr\u1ed9n th\u1ee9c \u0103n \u1ee7 chua | M\u00e1y tr\u1ed9n v\u00e0 r\u1ea3i th\u1ee9c \u0103n gia s\u00fac ba b\u00e1nh trong trang tr\u1ea1i ch\u0103n nu\u00f4i gia s\u00fac\" width=\"500\" height=\"281\" src=\"https:\/\/www.youtube.com\/embed\/fw7LzAcXnpc?feature=oembed\" frameborder=\"0\" allow=\"accelerometer; autoplay; clipboard-write; encrypted-media; gyroscope; picture-in-picture; web-share\" referrerpolicy=\"strict-origin-when-cross-origin\" allowfullscreen><\/iframe> <\/div><figcaption class=\"wp-element-caption\">xe tr\u1ed9n th\u1ee9c \u0103n \u1ee7 chua<\/figcaption><\/figure>","protected":false},"excerpt":{"rendered":"<p>Our silage spreader is to throw the finished mixed feeds directly into the feeding area to complete the feeding at once, driven by the tricycle. Our silage feeder mixer spreader has a common capacity of 3 cmb and 5 cmb, with mixing and spreading functions. This silage feed spreader is widely used in agricultural and [&hellip;]<\/p>\n","protected":false},"author":1,"featured_media":6543,"parent":0,"template":"","tags":[],"product-type":[19],"class_list":["post-6542","product","type-product","status-publish","has-post-thumbnail","hentry","product-type-silage-machine"],"_links":{"self":[{"href":"https:\/\/taizyagromachine.com\/vi\/wp-json\/wp\/v2\/product\/6542","targetHints":{"allow":["GET"]}}],"collection":[{"href":"https:\/\/taizyagromachine.com\/vi\/wp-json\/wp\/v2\/product"}],"about":[{"href":"https:\/\/taizyagromachine.com\/vi\/wp-json\/wp\/v2\/types\/product"}],"author":[{"embeddable":true,"href":"https:\/\/taizyagromachine.com\/vi\/wp-json\/wp\/v2\/users\/1"}],"wp:featuredmedia":[{"embeddable":true,"href":"https:\/\/taizyagromachine.com\/vi\/wp-json\/wp\/v2\/media\/6543"}],"wp:attachment":[{"href":"https:\/\/taizyagromachine.com\/vi\/wp-json\/wp\/v2\/media?parent=6542"}],"wp:term":[{"taxonomy":"post_tag","embeddable":true,"href":"https:\/\/taizyagromachine.com\/vi\/wp-json\/wp\/v2\/tags?post=6542"},{"taxonomy":"product-type","embeddable":true,"href":"https:\/\/taizyagromachine.com\/vi\/wp-json\/wp\/v2\/product-type?post=6542"}],"curies":[{"name":"wp","href":"https:\/\/api.w.org\/{rel}","templated":true}]}}