{"id":6571,"date":"2024-02-22T17:50:35","date_gmt":"2024-02-22T09:50:35","guid":{"rendered":"https:\/\/taizyagromachine.com\/?post_type=product&#038;p=6571"},"modified":"2024-02-22T17:52:05","modified_gmt":"2024-02-22T09:52:05","slug":"tmr-feed-mixer-silage-mixer","status":"publish","type":"product","link":"https:\/\/taizyagromachine.com\/vi\/product\/tmr-feed-mixer-silage-mixer\/","title":{"rendered":"M\u00e1y tr\u1ed9n th\u1ee9c \u0103n TMR \u0111\u1ec3 tr\u1ed9n th\u1ee9c \u0103n ch\u0103n nu\u00f4i | M\u00e1y tr\u1ed9n th\u1ee9c \u0103n \u1ee7 chua"},"content":{"rendered":"<p class=\"translation-block\">M\u00e1y tr\u1ed9n th\u1ee9c \u0103n TMR, c\u00f2n g\u1ecdi l\u00e0 m\u00e1y tr\u1ed9n TMR, l\u00e0 m\u1ed9t lo\u1ea1i thi\u1ebft b\u1ecb ch\u1ebf bi\u1ebfn th\u1ee9c \u0103n t\u00edch h\u1ee3p nghi\u1ec1n, tr\u1ed9n v\u00e0 ph\u1ed1i tr\u1ed9n. Hi\u1ec7n nay, n\u00f3 ch\u1ee7 y\u1ebfu \u0111\u01b0\u1ee3c s\u1eed d\u1ee5ng trong c\u00e1c trang tr\u1ea1i b\u00f2, trang tr\u1ea1i c\u1eebu v\u00e0 c\u00e1c trang tr\u1ea1i ch\u0103n nu\u00f4i kh\u00e1c. <\/p>    <p>Theo kh\u1ed1i l\u01b0\u1ee3ng tr\u1ed9n kh\u00e1c nhau c\u1ee7a cabin tr\u1ed9n, m\u1ed7i m\u00e1y tr\u1ed9n th\u1ee9c \u0103n c\u00f3 th\u1ec3 nu\u00f4i 200-2000 con b\u00f2 m\u1ed7i ng\u00e0y, c\u00f3 th\u1ec3 thay th\u1ebf c\u00f4ng vi\u1ec7c c\u1ee7a h\u01a1n 20 c\u00f4ng nh\u00e2n, gi\u1ea3m c\u01b0\u1eddng \u0111\u1ed9 lao \u0111\u1ed9ng c\u1ee7a c\u00f4ng nh\u00e2n, ti\u1ebft ki\u1ec7m \u0111\u00e1ng k\u1ec3 nh\u00e2n l\u1ef1c v\u00e0 ngu\u1ed3n t\u00e0i ch\u00ednh, \u0111\u1ed3ng th\u1eddi n\u00e2ng cao hi\u1ec7u qu\u1ea3 cho \u0103n .<\/p>    <p>D\u1ef1a tr\u00ean c\u1ea5u tr\u00fac thi\u1ebft k\u1ebf, ch\u00fang t\u00f4i ph\u00e2n lo\u1ea1i m\u00e1y tr\u1ed9n th\u1ee9c \u0103n ch\u0103n nu\u00f4i n\u00e0y th\u00e0nh m\u00e1y tr\u1ed9n th\u1ee9c \u0103n ngang v\u00e0 m\u00e1y tr\u1ed9n th\u1ee9c \u0103n d\u1ecdc. Theo ph\u01b0\u01a1ng ph\u00e1p s\u1eed d\u1ee5ng, c\u00f3 m\u00e1y tr\u1ed9n th\u1ee9c \u0103n \u1ee7 chua c\u1ed1 \u0111\u1ecbnh v\u00e0 m\u00e1y tr\u1ed9n TMR di \u0111\u1ed9ng. Th\u00fa v\u1ecb? ch\u00e0o m\u1eebng li\u00ean h\u1ec7 v\u1edbi ch\u00fang t\u00f4i \u0111\u1ec3 bi\u1ebft th\u00eam chi ti\u1ebft m\u00e1y!<\/p>    <h2 class=\"wp-block-heading\"><strong>B\u00e1n c\u00e1c lo\u1ea1i m\u00e1y tr\u1ed9n th\u1ee9c \u0103n ch\u0103n nu\u00f4i<\/strong><\/h2>    <p class=\"translation-block\"><strong>M\u00e1y tr\u1ed9n th\u1ee9c \u0103n d\u1ea1ng \u0111\u1ee9ng \u0111\u1ec3 b\u00e1n<\/strong><\/p>    <p>Lo\u1ea1i m\u00e1y n\u00e0y ch\u1ee7 y\u1ebfu d\u00f9ng \u0111\u1ec3 tr\u1ed9n v\u00e0 khu\u1ea5y b\u1ed9t, nguy\u00ean li\u1ec7u d\u1ea1ng h\u1ea1t, s\u1eed d\u1ee5ng k\u1ebft c\u1ea5u tr\u1ee5c \u0111\u1ee9ng, l\u01b0\u1ee1i xo\u1eafn n\u00e2ng v\u1eadt li\u1ec7u \u0111\u1ec3 tr\u1ed9n c\u01b0\u1ee1ng b\u1ee9c, chi\u1ebfm di\u1ec7n t\u00edch nh\u1ecf, d\u1ec5 c\u1ea5p li\u1ec7u, th\u00edch h\u1ee3p cho s\u1ea3n xu\u1ea5t quy m\u00f4 v\u1eeba v\u00e0 nh\u1ecf.<\/p>    <figure class=\"wp-block-gallery aligncenter has-nested-images columns-default is-cropped wp-block-gallery-2 is-layout-flex wp-block-gallery-is-layout-flex\"> <figure class=\"wp-block-image size-large\"><img loading=\"lazy\" decoding=\"async\" width=\"720\" height=\"540\" data-id=\"6572\" src=\"https:\/\/taizyagromachine.com\/wp-content\/uploads\/2024\/02\/feed-mixing-equipment.webp\" alt=\"thi\u1ebft b\u1ecb tr\u1ed9n th\u1ee9c \u0103n\" class=\"wp-image-6572\"\/><figcaption class=\"wp-element-caption\">thi\u1ebft b\u1ecb tr\u1ed9n th\u1ee9c \u0103n<\/figcaption><\/figure>    <figure class=\"wp-block-image size-large\"><img loading=\"lazy\" decoding=\"async\" width=\"720\" height=\"540\" data-id=\"6573\" src=\"https:\/\/taizyagromachine.com\/wp-content\/uploads\/2024\/02\/internal-structure-of-vertical-TMR-mixer.webp\" alt=\"c\u1ea5u tr\u00fac b\u00ean trong c\u1ee7a m\u00e1y tr\u1ed9n TMR d\u1ecdc\" class=\"wp-image-6573\"\/><figcaption class=\"wp-element-caption\">c\u1ea5u tr\u00fac b\u00ean trong c\u1ee7a m\u00e1y tr\u1ed9n TMR d\u1ecdc<\/figcaption><\/figure> <\/figure>    <p class=\"translation-block\"><strong>M\u00e1y tr\u1ed9n th\u1ee9c \u0103n ngang cho b\u00f2<\/strong><\/p>    <p>N\u00f3 ph\u00f9 h\u1ee3p cho vi\u1ec7c tr\u1ed9n \u0111\u1ed3ng \u0111\u1ec1u c\u00e1c lo\u1ea1i th\u1ee9c \u0103n, nguy\u00ean li\u1ec7u h\u00f3a h\u1ecdc, v.v. N\u00f3 \u0111\u01b0\u1ee3c \u0111\u1eb7c tr\u01b0ng b\u1edfi thi\u1ebft k\u1ebf c\u00e1c \u0111ai ho\u1eb7c c\u00e1nh xo\u1eafn \u1ed1c hai l\u1edbp trong h\u00ecnh tr\u1ee5 n\u1eb1m ngang, \u0111\u1ea3m b\u1ea3o r\u1eb1ng c\u00e1c nguy\u00ean li\u1ec7u \u0111\u01b0\u1ee3c tr\u1ed9n ho\u00e0n to\u00e0n v\u00e0 c\u00f3 \u00edt c\u1eb7n h\u01a1n, v\u00e0 n\u00f3 ph\u00f9 h\u1ee3p cho ho\u1ea1t \u0111\u1ed9ng li\u00ean t\u1ee5c v\u1edbi s\u1ed1 l\u01b0\u1ee3ng l\u1edbn.<\/p>    <figure class=\"wp-block-gallery aligncenter has-nested-images columns-default is-cropped wp-block-gallery-3 is-layout-flex wp-block-gallery-is-layout-flex\"> <figure class=\"wp-block-image size-large\"><img loading=\"lazy\" decoding=\"async\" width=\"720\" height=\"540\" data-id=\"6579\" src=\"https:\/\/taizyagromachine.com\/wp-content\/uploads\/2024\/02\/animal-feed-mixer-for-sale.webp\" alt=\"m\u00e1y tr\u1ed9n th\u1ee9c \u0103n ch\u0103n nu\u00f4i \u0111\u1ec3 b\u00e1n\" class=\"wp-image-6579\"\/><figcaption class=\"wp-element-caption\">m\u00e1y tr\u1ed9n th\u1ee9c \u0103n ch\u0103n nu\u00f4i \u0111\u1ec3 b\u00e1n<\/figcaption><\/figure>    <figure class=\"wp-block-image size-large\"><img loading=\"lazy\" decoding=\"async\" width=\"720\" height=\"540\" data-id=\"6580\" src=\"https:\/\/taizyagromachine.com\/wp-content\/uploads\/2024\/02\/horizontal-TMR-mixer-for-cattle-feed.webp\" alt=\"m\u00e1y tr\u1ed9n TMR ngang cho th\u1ee9c \u0103n gia s\u00fac\" class=\"wp-image-6580\"\/><figcaption class=\"wp-element-caption\">m\u00e1y tr\u1ed9n TMR ngang cho th\u1ee9c \u0103n gia s\u00fac<\/figcaption><\/figure> <\/figure>    <p class=\"translation-block\"><strong>M\u00e1y tr\u1ed9n th\u1ee9c \u0103n t\u00f9y ch\u1ec9nh c\u00f3 ch\u1ee9c n\u0103ng ph\u00e2n ph\u1ed1i<\/strong><\/p>    <p class=\"translation-block\">T\u01b0\u01a1ng t\u1ef1 nh\u01b0 <a href=\"https:\/\/taizyagromachine.com\/vi\/product\/silage-spreader-feed-spreader-mixer\/\">m\u00e1y tr\u1ed9n<\/a>, lo\u1ea1i n\u00e0y \u0111\u01b0\u1ee3c thi\u1ebft k\u1ebf v\u00e0 s\u1ea3n xu\u1ea5t theo y\u00eau c\u1ea7u \u0111\u1eb7c bi\u1ec7t c\u1ee7a kh\u00e1ch h\u00e0ng, k\u1ebft h\u1ee3p c\u00e1c ch\u1ee9c n\u0103ng t\u00edch h\u1ee3p c\u1ee7a cho \u0103n, tr\u1ed9n v\u00e0 ph\u00e2n ph\u1ed1i, c\u00f3 th\u1ec3 nh\u1eadn ra t\u1ef7 l\u1ec7 ch\u00ednh x\u00e1c v\u00e0 tr\u1ed9n hi\u1ec7u qu\u1ea3, \u0111\u01b0\u1ee3c s\u1eed d\u1ee5ng r\u1ed9ng r\u00e3i trong c\u00e1c d\u00e2y chuy\u1ec1n s\u1ea3n xu\u1ea5t t\u00f9y ch\u1ec9nh. <\/p>    <figure class=\"wp-block-gallery aligncenter has-nested-images columns-default is-cropped wp-block-gallery-4 is-layout-flex wp-block-gallery-is-layout-flex\"> <figure class=\"wp-block-image size-large\"><img loading=\"lazy\" decoding=\"async\" width=\"720\" height=\"540\" data-id=\"6583\" src=\"https:\/\/taizyagromachine.com\/wp-content\/uploads\/2024\/02\/customized-silage-feeder-mixer.webp\" alt=\"m\u00e1y tr\u1ed9n th\u1ee9c \u0103n \u1ee7 chua t\u00f9y ch\u1ec9nh\" class=\"wp-image-6583\"\/><figcaption class=\"wp-element-caption\">m\u00e1y tr\u1ed9n th\u1ee9c \u0103n \u1ee7 chua t\u00f9y ch\u1ec9nh<\/figcaption><\/figure>    <figure class=\"wp-block-image size-large\"><img loading=\"lazy\" decoding=\"async\" width=\"720\" height=\"540\" data-id=\"6584\" src=\"https:\/\/taizyagromachine.com\/wp-content\/uploads\/2024\/02\/machine-with-mixing-and-feeding-function.webp\" alt=\"m\u00e1y c\u00f3 ch\u1ee9c n\u0103ng tr\u1ed9n v\u00e0 cho \u0103n\" class=\"wp-image-6584\"\/><figcaption class=\"wp-element-caption\">m\u00e1y c\u00f3 ch\u1ee9c n\u0103ng tr\u1ed9n v\u00e0 cho \u0103n<\/figcaption><\/figure> <\/figure>    <h2 class=\"wp-block-heading\"><strong>Th\u00f4ng s\u1ed1 k\u1ef9 thu\u1eadt c\u1ee7a m\u00e1y tr\u1ed9n th\u1ee9c \u0103n \u1ee7 chua cho gia s\u00fac<\/strong><\/h2>    <figure class=\"wp-block-table\"><table><tbody><tr><td>Ng\u01b0\u1eddi m\u1eabu<\/td><td>TMR-5<\/td><td>TMR-9<\/td><td>TMR-12<\/td><\/tr><tr><td>C\u00f4ng su\u1ea5t (m\u00b3)<\/td><td>5<\/td><td>9<\/td><td>12<\/td><\/tr><tr><td>T\u1ed1c \u0111\u1ed9 khoan (R\/min)<\/td><td>23.5<\/td><td>23.5<\/td><td>23.5<\/td><\/tr><tr><td>Tr\u1ecdng l\u01b0\u1ee3ng (kg)<\/td><td>1600<\/td><td>3300<\/td><td>4500<\/td><\/tr><tr><td>K\u00edch th\u01b0\u1edbc (mm)<\/td><td>3930*1850*2260<\/td><td>4820*2130*2480<\/td><td>5600*2400*2500<\/td><\/tr><tr><td>H\u00ecnh d\u1ea1ng k\u1ebft c\u1ea5u<\/td><td>\u0110\u00e3 s\u1eeda<\/td><td>\u0110\u00e3 s\u1eeda<\/td><td>\u0110i\u1ec7n tho\u1ea1i di \u0111\u1ed9ng<\/td><\/tr><tr><td>C\u00f4ng su\u1ea5t ph\u00f9 h\u1ee3p (kW)<\/td><td>11-15<\/td><td>22-30<\/td><td>50-75<\/td><\/tr><tr><td>S\u1ed1 l\u01b0\u1ee3ng l\u01b0\u1ee1i (chi\u1ebfc)<\/td><td>L\u01b0\u1ee1i c\u1ed1 \u0111\u1ecbnh: 7<br>L\u01b0\u1ee1i di \u0111\u1ed9ng: 34 <\/td><td>L\u01b0\u1ee1i c\u1ed1 \u0111\u1ecbnh: 9<br>L\u01b0\u1ee1i di \u0111\u1ed9ng: 56<\/td><td>ho\u00e0n to\u00e0n 192<\/td><\/tr><\/tbody><\/table><figcaption class=\"wp-element-caption\">th\u00f4ng s\u1ed1 k\u1ef9 thu\u1eadt c\u1ee7a m\u00e1y tr\u1ed9n th\u1ee9c \u0103n \u1ee7 chua cho gia s\u00fac<\/figcaption><\/figure>    <h2 class=\"wp-block-heading\"><strong>Nguy\u00ean l\u00fd l\u00e0m vi\u1ec7c c\u1ee7a xe tr\u1ed9n<\/strong><\/h2>    <p>M\u00e1y tr\u1ed9n th\u1ee9c \u0103n \u1ee7 chua h\u1ed7n h\u1ee3p \u0111\u1ea7y \u0111\u1ee7 TMR ch\u1ee7 y\u1ebfu bao g\u1ed3m m\u1ed9t ho\u1eb7c hai m\u0169i khoan. C\u00e1c m\u0169i khoan xo\u1eafn \u1ed1c \u0111\u01b0\u1ee3c chia th\u00e0nh tay tr\u00e1i v\u00e0 tay ph\u1ea3i. Trong qu\u00e1 tr\u00ecnh tr\u1ed9n, nguy\u00ean li\u1ec7u \u0111\u01b0\u1ee3c lu\u00e2n chuy\u1ec3n v\u00e0 tr\u1ed9n t\u1eeb c\u1ea3 hai \u0111\u1ea7u c\u1ee7a xe tr\u1ed9n \u0111\u1ebfn gi\u1eefa m\u00e1y tr\u1ed9n c\u00f9ng m\u1ed9t l\u00fac.<\/p>    <figure class=\"wp-block-gallery aligncenter has-nested-images columns-default is-cropped wp-block-gallery-5 is-layout-flex wp-block-gallery-is-layout-flex\"> <figure class=\"wp-block-image size-large\"><img loading=\"lazy\" decoding=\"async\" width=\"720\" height=\"540\" data-id=\"6581\" src=\"https:\/\/taizyagromachine.com\/wp-content\/uploads\/2024\/02\/internal-of-TMR-mixer-machine.webp\" alt=\"b\u00ean trong m\u00e1y tr\u1ed9n TMR\" class=\"wp-image-6581\"\/><figcaption class=\"wp-element-caption\">b\u00ean trong m\u00e1y tr\u1ed9n TMR<\/figcaption><\/figure>    <figure class=\"wp-block-image size-large\"><img loading=\"lazy\" decoding=\"async\" width=\"720\" height=\"540\" data-id=\"6582\" src=\"https:\/\/taizyagromachine.com\/wp-content\/uploads\/2024\/02\/working-core-of-cattle-feed-mixing-plant.webp\" alt=\"l\u00f5i l\u00e0m vi\u1ec7c c\u1ee7a nh\u00e0 m\u00e1y tr\u1ed9n th\u1ee9c \u0103n gia s\u00fac\" class=\"wp-image-6582\"\/><figcaption class=\"wp-element-caption\">l\u00f5i l\u00e0m vi\u1ec7c c\u1ee7a nh\u00e0 m\u00e1y tr\u1ed9n th\u1ee9c \u0103n gia s\u00fac<\/figcaption><\/figure> <\/figure>    <p>M\u1ed7i d\u00e2y d\u1eabn xo\u1eafn \u1ed1c tr\u00ean th\u00e2n xo\u1eafn \u1ed1c khoan \u0111\u01b0\u1ee3c trang b\u1ecb m\u1ed9t l\u01b0\u1ee1i dao chuy\u1ec3n \u0111\u1ed9ng, th\u1ef1c hi\u1ec7n c\u00f4ng vi\u1ec7c c\u1eaft v\u1edbi c\u00e1c r\u0103ng c\u1ed1 \u0111\u1ecbnh tr\u00ean \u0111\u01b0\u1eddng t\u00e2m c\u1ee7a m\u00e1y tr\u1ed9n c\u1ea5p li\u1ec7u. N\u00f3 c\u1eaft v\u00e0 tr\u1ed9n c\u00e1c lo\u1ea1i th\u1ee9c \u0103n th\u00f4 xanh v\u00e0 \u1ed1ng h\u00fat d\u1ea1ng s\u1ee3i kh\u00e1c nhau \u0111i qua, \u0111\u1ec3 \u0111\u1ea1t \u0111\u01b0\u1ee3c s\u1ef1 nghi\u1ec1n n\u00e1t v\u00e0 tr\u1ed9n \u0111\u1ed3ng \u0111\u1ec1u v\u1edbi t\u00e1c d\u1ee5ng c\u1ee7a vi\u1ec7c cho \u0103n theo kh\u1ea9u ph\u1ea7n tr\u1ed9n \u0111\u1ea7y \u0111\u1ee7.<\/p>    <h2 class=\"wp-block-heading\"><strong>\u01afu \u0111i\u1ec3m c\u1ee7a m\u00e1y tr\u1ed9n TMR \u0111\u1ec3 b\u00e1n<\/strong><\/h2>    <ul class=\"wp-block-list\"> <li>Thi\u1ebft k\u1ebf ti\u00ean ti\u1ebfn, h\u1ee3p l\u00fd v\u00e0 \u0111\u00e1y silo c\u1ea5p li\u1ec7u \u0111\u01b0\u1ee3c l\u00e0m b\u1eb1ng th\u00e9p h\u1ee3p kim ch\u1ea5t l\u01b0\u1ee3ng cao, ph\u00f9 h\u1ee3p \u0111\u1ec3 v\u1eadn h\u00e0nh trong m\u1ecdi m\u00f4i tr\u01b0\u1eddng, l\u00e0m vi\u1ec7c an to\u00e0n v\u00e0 \u0111\u00e1ng tin c\u1eady.<\/li>    <li>L\u01b0\u1ee1i c\u1eaft \u0111\u01b0\u1ee3c l\u00e0m b\u1eb1ng v\u1eadt li\u1ec7u ch\u1ecbu m\u00e0i m\u00f2n cao v\u1edbi tay ngh\u1ec1 tuy\u1ec7t v\u1eddi v\u00e0 th\u00e9p h\u1ee3p kim cao ch\u1ea5t l\u01b0\u1ee3ng cao, gi\u00fap c\u1ea3i thi\u1ec7n \u0111\u00e1ng k\u1ec3 tu\u1ed5i th\u1ecd v\u00e0 hi\u1ec7u qu\u1ea3 l\u00e0m vi\u1ec7c c\u1ee7a s\u1ea3n ph\u1ea9m.<\/li>    <li>Linh ho\u1ea1t v\u00e0 thu\u1eadn ti\u1ec7n, an to\u00e0n v\u00e0 \u0111\u00e1ng tin c\u1eady.<\/li>    <li>N\u00f3 c\u00f3 th\u1ec3 tr\u1ef1c ti\u1ebfp \u0111\u01b0a th\u1ee9c \u0103n \u1ee7 chua v\u00e0 c\u00e1c lo\u1ea1i r\u01a1m r\u1ea1, r\u01a1m r\u1ea1 v\u00e0 c\u00e1c lo\u1ea1i th\u1ee9c \u0103n d\u1ea1ng s\u1ee3i kh\u00e1c v\u00e0o bu\u1ed3ng tr\u1ed9n \u0111\u1ec3 b\u0103m nh\u1ecf v\u00e0 tr\u1ed9n, t\u1ed1c \u0111\u1ed9 tr\u1ed9n nhanh.<\/li>    <li><\/li> <\/ul>    <figure class=\"wp-block-gallery aligncenter has-nested-images columns-default is-cropped wp-block-gallery-6 is-layout-flex wp-block-gallery-is-layout-flex\"> <figure class=\"wp-block-image size-large\"><img loading=\"lazy\" decoding=\"async\" width=\"540\" height=\"720\" data-id=\"6578\" src=\"https:\/\/taizyagromachine.com\/wp-content\/uploads\/2024\/02\/strengths-of-feed-mixing-machine.webp\" alt=\"\u0111i\u1ec3m m\u1ea1nh c\u1ee7a m\u00e1y tr\u1ed9n th\u1ee9c \u0103n\" class=\"wp-image-6578\"\/><figcaption class=\"wp-element-caption\">\u0111i\u1ec3m m\u1ea1nh c\u1ee7a m\u00e1y tr\u1ed9n th\u1ee9c \u0103n<\/figcaption><\/figure>    <figure class=\"wp-block-image size-large\"><img loading=\"lazy\" decoding=\"async\" width=\"540\" height=\"720\" data-id=\"6577\" src=\"https:\/\/taizyagromachine.com\/wp-content\/uploads\/2024\/02\/internal-display-of-small-tmr-mixer.webp\" alt=\"m\u00e0n h\u00ecnh b\u00ean trong c\u1ee7a m\u00e1y tr\u1ed9n tmr nh\u1ecf\" class=\"wp-image-6577\"\/><figcaption class=\"wp-element-caption\">m\u00e0n h\u00ecnh b\u00ean trong c\u1ee7a m\u00e1y tr\u1ed9n tmr nh\u1ecf<\/figcaption><\/figure>    <figure class=\"wp-block-image size-large\"><img loading=\"lazy\" decoding=\"async\" width=\"540\" height=\"720\" data-id=\"6576\" src=\"https:\/\/taizyagromachine.com\/wp-content\/uploads\/2024\/02\/finer-silage-produced-by-cattle-feed-mixers.webp\" alt=\"th\u1ee9c \u0103n \u1ee7 chua m\u1ecbn h\u01a1n \u0111\u01b0\u1ee3c s\u1ea3n xu\u1ea5t b\u1eb1ng m\u00e1y tr\u1ed9n th\u1ee9c \u0103n gia s\u00fac\" class=\"wp-image-6576\"\/><figcaption class=\"wp-element-caption\">th\u1ee9c \u0103n \u1ee7 chua m\u1ecbn h\u01a1n \u0111\u01b0\u1ee3c s\u1ea3n xu\u1ea5t b\u1eb1ng m\u00e1y tr\u1ed9n th\u1ee9c \u0103n gia s\u00fac<\/figcaption><\/figure> <\/figure>    <h2 class=\"wp-block-heading\"><strong>\u0110\u1ed9ng v\u1eadt \u00e1p d\u1ee5ng c\u1ee7a m\u00e1y l\u00e0m th\u1ee9c \u0103n ch\u0103n nu\u00f4i b\u00f2 s\u1eefa<\/strong><\/h2>    <p>M\u00e1y tr\u1ed9n th\u1ee9c \u0103n gia s\u00fac c\u1ee7a ch\u00fang t\u00f4i ph\u00f9 h\u1ee3p cho vi\u1ec7c ch\u0103n nu\u00f4i gia s\u00fac, b\u00f2, c\u1eebu, l\u1ee3n, th\u1ecf, v.v., \u0111\u1eb7c bi\u1ec7t l\u00e0 cho ch\u0103n nu\u00f4i ho\u1eb7c ch\u0103n nu\u00f4i. <\/p>   <div class=\"wp-block-image\"> <figure class=\"aligncenter size-full\"><img loading=\"lazy\" decoding=\"async\" width=\"540\" height=\"720\" src=\"https:\/\/taizyagromachine.com\/wp-content\/uploads\/2024\/02\/applications-of-silage-mixing-machine.webp\" alt=\"\u1ee9ng d\u1ee5ng c\u1ee7a m\u00e1y tr\u1ed9n th\u1ee9c \u0103n \u1ee7 chua\" class=\"wp-image-6575\"\/><figcaption class=\"wp-element-caption\">\u1ee9ng d\u1ee5ng c\u1ee7a m\u00e1y tr\u1ed9n th\u1ee9c \u0103n \u1ee7 chua<\/figcaption><\/figure> <\/div>   <h2 class=\"wp-block-heading\"><strong>T\u1ea1i sao n\u00ean s\u1eed d\u1ee5ng m\u00e1y xay th\u1ee9c \u0103n ch\u0103n nu\u00f4i TMR \u0111\u1ec3 tr\u1ed9n th\u1ee9c \u0103n \u1ee7 chua?<\/strong><\/h2>    <ul class=\"wp-block-list\"> <li>Kh\u1ea3 n\u0103ng cung c\u1ea5p \u0111\u1ea7y \u0111\u1ee7 ch\u1ea5t dinh d\u01b0\u1ee1ng \u0111\u00e1p \u1ee9ng nhu c\u1ea7u dinh d\u01b0\u1ee1ng c\u1ee7a b\u00f2 v\u00e0 t\u0103ng s\u1ea3n l\u01b0\u1ee3ng s\u1eefa;<\/li>    <li>T\u0103ng c\u01b0\u1eddng h\u1ea5p thu ch\u1ea5t kh\u00f4 c\u1ee7a b\u00f2, lo\u1ea1i b\u1ecf vi\u1ec7c ch\u1ecdn l\u1ecdc b\u00f2 \u0111\u1ec3 s\u1eed d\u1ee5ng m\u1ed9t lo\u1ea1i th\u1ee9c \u0103n nh\u1ea5t \u0111\u1ecbnh, gi\u00fap gi\u1ea3m thi\u1ec3u chi ph\u00ed x\u00e2y d\u1ef1ng c\u00f4ng th\u1ee9c th\u1ee9c \u0103n;<\/li>    <li>Gi\u1ea3m \u0111\u00e1ng k\u1ec3 s\u1ef1 xu\u1ea5t hi\u1ec7n th\u01b0\u1eddng xuy\u00ean c\u1ee7a c\u00e1c nguy\u00ean t\u1ed1 vi l\u01b0\u1ee3ng, thi\u1ebfu vitamin ho\u1eb7c ng\u1ed9 \u0111\u1ed9c;<\/li>    <li>Gi\u1ea3m t\u1ef7 l\u1ec7 m\u1eafc b\u1ec7nh b\u00f2 v\u00e0 t\u0103ng t\u1ef7 l\u1ec7 sinh s\u1ea3n c\u1ee7a b\u00f2 s\u1eefa;<\/li>    <li>Ti\u1ebft ki\u1ec7m \u0111\u00e1ng k\u1ec3 th\u1eddi gian lao \u0111\u1ed9ng v\u00e0 n\u00e2ng cao hi\u1ec7u qu\u1ea3 kinh t\u1ebf.<\/li> <\/ul>    <h2 class=\"wp-block-heading\"><strong>L\u00e0m th\u1ebf n\u00e0o v\u1ec1 gi\u00e1 m\u00e1y tr\u1ed9n th\u1ee9c \u0103n \u1ee7 chua?<\/strong><\/h2>    <p>Gi\u00e1 s\u1ebd thay \u0111\u1ed5i t\u00f9y theo c\u00e1c y\u1ebfu t\u1ed1 nh\u01b0 \u0111\u1eb7c \u0111i\u1ec3m k\u1ef9 thu\u1eadt c\u1ee7a m\u00f4 h\u00ecnh, kh\u1ea3 n\u0103ng x\u1eed l\u00fd, m\u1ee9c \u0111\u1ed9 t\u1ef1 \u0111\u1ed9ng h\u00f3a v\u00e0 y\u00eau c\u1ea7u t\u00f9y ch\u1ec9nh. B\u1ea1n c\u00f3 th\u1ec3 li\u00ean h\u1ec7 v\u1edbi nh\u00f3m b\u00e1n h\u00e0ng c\u1ee7a ch\u00fang t\u00f4i \u0111\u1ec3 \u0111\u01b0\u1ee3c b\u00e1o gi\u00e1 s\u1ea3n ph\u1ea9m chi ti\u1ebft v\u00e0 ch\u01b0\u01a1ng tr\u00ecnh d\u1ecbch v\u1ee5 h\u1ed7 tr\u1ee3 nh\u1eb1m \u0111\u1ea3m b\u1ea3o r\u1eb1ng b\u1ea1n \u0111\u1ea7u t\u01b0 v\u00e0o thi\u1ebft b\u1ecb tr\u1ed9n th\u1ee9c \u0103n \u1ee7 chua \u0111\u1ea1t y\u00eau c\u1ea7u v\u1edbi m\u1ee9c gi\u00e1 h\u1ee3p l\u00fd.<\/p>    <h2 class=\"wp-block-heading\"><strong>Li\u00ean h\u1ec7 v\u1edbi ch\u00fang t\u00f4i \u0111\u1ec3 bi\u1ebft th\u00eam chi ti\u1ebft m\u00e1y!<\/strong><\/h2>    <p class=\"translation-block\">Mu\u1ed1n l\u00e0m cho <a href=\"https:\/\/en.wikipedia.org\/wiki\/Animal_feed\" target=\"_blank\" rel=\"noopener\">th\u1ee9c \u0103n<\/a> c\u1ee7a b\u1ea1n th\u00e2n thi\u1ec7n h\u01a1n v\u1edbi \u0111\u1ed9ng v\u1eadt? H\u00e3y li\u00ean h\u1ec7 v\u1edbi ch\u00fang t\u00f4i, m\u00e1y tr\u1ed9n th\u1ee9c \u0103n c\u1ee7a ch\u00fang t\u00f4i c\u00f3 th\u1ec3 gi\u00fap b\u1ea1n \u0111\u1ea1t \u0111\u01b0\u1ee3c m\u1ee5c ti\u00eau n\u00e0y t\u1ed1t h\u01a1n, li\u00ean h\u1ec7 v\u1edbi ch\u00fang t\u00f4i, ch\u00fang t\u00f4i s\u1ebd cung c\u1ea5p cho b\u1ea1n \u01b0u \u0111\u00e3i t\u1ed1t nh\u1ea5t theo nhu c\u1ea7u c\u1ee7a b\u1ea1n.<\/p>","protected":false},"excerpt":{"rendered":"<p>TMR feed mixer, also called TMR mixer, is a kind of feed processing equipment integrating crushing, mixing and blending. At present, it is mostly used in cattle farms, sheep farms and other animal farms. According to the different volumes of mixing cabins, each feed mixer can feed 200-2000 cows per day, which can replace the [&hellip;]<\/p>\n","protected":false},"author":1,"featured_media":6574,"parent":0,"template":"","tags":[],"product-type":[19],"class_list":["post-6571","product","type-product","status-publish","has-post-thumbnail","hentry","product-type-silage-machine"],"_links":{"self":[{"href":"https:\/\/taizyagromachine.com\/vi\/wp-json\/wp\/v2\/product\/6571","targetHints":{"allow":["GET"]}}],"collection":[{"href":"https:\/\/taizyagromachine.com\/vi\/wp-json\/wp\/v2\/product"}],"about":[{"href":"https:\/\/taizyagromachine.com\/vi\/wp-json\/wp\/v2\/types\/product"}],"author":[{"embeddable":true,"href":"https:\/\/taizyagromachine.com\/vi\/wp-json\/wp\/v2\/users\/1"}],"wp:featuredmedia":[{"embeddable":true,"href":"https:\/\/taizyagromachine.com\/vi\/wp-json\/wp\/v2\/media\/6574"}],"wp:attachment":[{"href":"https:\/\/taizyagromachine.com\/vi\/wp-json\/wp\/v2\/media?parent=6571"}],"wp:term":[{"taxonomy":"post_tag","embeddable":true,"href":"https:\/\/taizyagromachine.com\/vi\/wp-json\/wp\/v2\/tags?post=6571"},{"taxonomy":"product-type","embeddable":true,"href":"https:\/\/taizyagromachine.com\/vi\/wp-json\/wp\/v2\/product-type?post=6571"}],"curies":[{"name":"wp","href":"https:\/\/api.w.org\/{rel}","templated":true}]}}