{"id":7010,"date":"2024-08-23T17:50:53","date_gmt":"2024-08-23T09:50:53","guid":{"rendered":"https:\/\/taizyagromachine.com\/?post_type=product&#038;p=7010"},"modified":"2025-04-02T16:54:55","modified_gmt":"2025-04-02T08:54:55","slug":"silage-cutting-machine","status":"publish","type":"product","link":"https:\/\/taizyagromachine.com\/vi\/product\/silage-cutting-machine\/","title":{"rendered":"M\u00e1y c\u1eaft th\u1ee9c \u0103n \u1ee7 chua \u0111\u1ec3 l\u00e0m th\u1ee9c \u0103n gia s\u00fac"},"content":{"rendered":"<p class=\"translation-block\"><strong>M\u00e1y c\u1eaft c\u1ecf kh\u00f4 c\u1ee7a ch\u00fang t\u00f4i<\/strong> \u0111\u01b0\u1ee3c s\u1eed d\u1ee5ng \u0111\u1ec3 c\u1eaft v\u00e0 nghi\u1ec1n c\u1ecf kh\u00f4 v\u00e0 \u01b0\u1edbt, c\u1ecf, th\u00e2n ng\u00f4, r\u01a1m l\u00faa mi\u1ebfn, c\u1ecf kh\u00f4, v.v. th\u00e0nh c\u1ecf m\u1ecbn (chi\u1ec1u d\u00e0i 10-180mm v\u00e0 chi\u1ec1u r\u1ed9ng \u226410mm) \u0111\u1ec3 cho \u0111\u1ed9ng v\u1eadt \u0103n. C\u00f4ng su\u1ea5t c\u1ee7a n\u00f3 dao \u0111\u1ed9ng t\u1eeb 4t\/h \u0111\u1ebfn 15t\/h.<\/p>    <p>M\u00e1y c\u1eaft chaff n\u00e0y c\u00f3 th\u1ec3 s\u1eed d\u1ee5ng \u0111\u1ed9ng c\u01a1 \u0111i\u1ec7n ho\u1eb7c \u0111\u1ed9ng c\u01a1 diesel l\u00e0m h\u1ec7 th\u1ed1ng \u0111i\u1ec7n. N\u00f3 th\u01b0\u1eddng ho\u1ea1t \u0111\u1ed9ng v\u1edbi m\u00e1y \u0111\u00f3ng ki\u1ec7n \u1ee7 chua ng\u00f4 \u0111\u1ec3 l\u00e0m v\u00e0 \u0111\u00f3ng g\u00f3i th\u1ee9c \u0103n \u1ee7 chua. <\/p>    <p>M\u00e1y c\u00f3 \u01b0u \u0111i\u1ec3m l\u00e0 hi\u1ec7u su\u1ea5t cao, ch\u1ea5t l\u01b0\u1ee3ng t\u1ed1t v\u00e0 \u1ee9ng d\u1ee5ng r\u1ed9ng r\u00e3i. V\u00ec v\u1eady, n\u00f3 \u0111\u01b0\u1ee3c s\u1eed d\u1ee5ng r\u1ed9ng r\u00e3i trong c\u00e1c trang tr\u1ea1i ch\u0103n nu\u00f4i v\u00e0 ch\u0103n nu\u00f4i. <\/p>    <figure class=\"wp-block-embed is-type-video is-provider-youtube wp-block-embed-youtube wp-embed-aspect-16-9 wp-has-aspect-ratio\"><div class=\"wp-block-embed__wrapper\"> <iframe loading=\"lazy\" title=\"X\u1eed l\u00fd th\u1ee9c \u0103n \u1ee7 chua hi\u1ec7u qu\u1ea3: m\u00e1y c\u1eaft c\u1ecf | M\u00e1y c\u1eaft v\u1ecf tr\u1ea5u l\u00e0m th\u1ee9c \u0103n \u1ee7 chua #silage\" width=\"500\" height=\"281\" src=\"https:\/\/www.youtube.com\/embed\/6nuLWAJHJj8?feature=oembed\" frameborder=\"0\" allow=\"accelerometer; autoplay; clipboard-write; encrypted-media; gyroscope; picture-in-picture; web-share\" referrerpolicy=\"strict-origin-when-cross-origin\" allowfullscreen><\/iframe> <\/div><figcaption class=\"wp-element-caption\">video v\u1ec1 m\u00e1y c\u1eaft c\u1ecf \u1ee7 chua<\/figcaption><\/figure>    <h2 class=\"wp-block-heading\"><strong>\u01afu \u0111i\u1ec3m c\u1ee7a m\u00e1y c\u1eaft th\u1ee9c \u0103n \u1ee7 chua<\/strong><\/h2>    <ul class=\"wp-block-list\"> <li><strong>C\u00f4ng su\u1ea5t 4-15t\/h<\/strong>. M\u00e1y c\u1eaft th\u1ee9c \u0103n \u1ee7 chua c\u1ee7a ch\u00fang t\u00f4i c\u00f3 th\u1ec3 c\u1eaft nh\u1ecf nguy\u00ean li\u1ec7u th\u1ee9c \u0103n \u1ee7 chua v\u1edbi t\u1ed1c \u0111\u1ed9 4-15 t\u1ea5n\/gi\u1edd, r\u1ea5t hi\u1ec7u qu\u1ea3.<\/li>    <li><strong>L\u01b0\u1ee1i l\u00e0m b\u1eb1ng th\u00e9p h\u1ee3p kim<\/strong>. L\u01b0\u1ee1i dao c\u1ee7a m\u00e1y \u0111\u01b0\u1ee3c l\u00e0m t\u1eeb ch\u1ea5t li\u1ec7u cao c\u1ea5p, b\u1ec1n b\u1ec9. <\/li>    <li><strong>C\u1eaft th\u00e2n c\u00e2y kh\u00f4 v\u00e0 \u01b0\u1edbt, c\u1ecf, c\u1ecf kh\u00f4, c\u1ecf linh l\u0103ng, v.v.<\/strong>. M\u00e1y c\u1eaft tr\u1ea5u n\u00e0y c\u00f3 nhi\u1ec1u \u1ee9ng d\u1ee5ng v\u00e0 c\u00f3 th\u1ec3 c\u1eaft th\u00e2n c\u00e2y, c\u1ecf, c\u1ecf kh\u00f4, \u1ed1ng h\u00fat, v.v.<\/li>    <li><strong>D\u1ec5 d\u00e0ng di chuy\u1ec3n<\/strong>. M\u00e1y c\u1eaft th\u1ee9c \u0103n gia s\u00fac Taizy \u0111\u01b0\u1ee3c trang b\u1ecb b\u00e1nh xe nh\u1ecf, r\u1ea5t d\u1ec5 di chuy\u1ec3n.<\/li> <\/ul>   <div class=\"wp-block-image\"> <figure class=\"aligncenter size-full\"><img loading=\"lazy\" decoding=\"async\" width=\"720\" height=\"540\" src=\"https:\/\/taizyagromachine.com\/wp-content\/uploads\/2024\/08\/silage-cutter-machine-for-sale.webp\" alt=\"m\u00e1y c\u1eaft th\u1ee9c \u0103n \u1ee7 chua \u0111\u1ec3 b\u00e1n\" class=\"wp-image-7017\" srcset=\"https:\/\/taizyagromachine.com\/wp-content\/uploads\/2024\/08\/silage-cutter-machine-for-sale.webp 720w, https:\/\/taizyagromachine.com\/wp-content\/uploads\/2024\/08\/silage-cutter-machine-for-sale-16x12.webp 16w\" sizes=\"auto, (max-width: 720px) 100vw, 720px\" \/><figcaption class=\"wp-element-caption\">m\u00e1y c\u1eaft th\u1ee9c \u0103n \u1ee7 chua \u0111\u1ec3 b\u00e1n<\/figcaption><\/figure> <\/div>   <h2 class=\"wp-block-heading\"><strong>D\u1eef li\u1ec7u k\u1ef9 thu\u1eadt c\u1ee7a m\u00e1y nghi\u1ec1n th\u1ee9c \u0103n \u1ee7 chua ng\u00f4<\/strong><\/h2>    <figure class=\"wp-block-table\"><table class=\"has-fixed-layout\"><tbody><tr><td>Ng\u01b0\u1eddi m\u1eabu<\/td><td>9RSZ-4<\/td><td>9RSZ-6<\/td><td>9RSZ-10<\/td><td>9RSZ-15<\/td><\/tr><tr><td>Quy\u1ec1n l\u1ef1c<\/td><td>7,5kw<\/td><td>15+2,2kw<\/td><td>22+3kw<\/td><td>30+5,5kw<\/td><\/tr><tr><td>T\u1ed1c \u0111\u1ed9 c\u1ee7a tr\u1ee5c ch\u00ednh<\/td><td>2860r\/ph\u00fat<\/td><td>2860r\/ph\u00fat<\/td><td>2860r\/ph\u00fat<\/td><td>2100r\/ph\u00fat<\/td><\/tr><tr><td>Dung t\u00edch<\/td><td>4t\/gi\u1edd<\/td><td>6t\/gi\u1edd<\/td><td>10t\/gi\u1edd<\/td><td>15t\/gi\u1edd<\/td><\/tr><tr><td>S\u1ed1 l\u01b0\u1ee3ng l\u01b0\u1ee1i dao<\/td><td>32 chi\u1ebfc<\/td><td>40 chi\u1ebfc<\/td><td>48 chi\u1ebfc<\/td><td>64 chi\u1ebfc<\/td><\/tr><tr><td>V\u1eadt li\u1ec7u l\u01b0\u1ee1i<\/td><td>Th\u00e9p h\u1ee3p kim<\/td><td>Th\u00e9p h\u1ee3p kim<\/td><td>Th\u00e9p h\u1ee3p kim<\/td><td>Th\u00e9p h\u1ee3p kim<\/td><\/tr><tr><td>Chi\u1ec1u r\u1ed9ng cho \u0103n<\/td><td>240mm<\/td><td>300mm<\/td><td>500mm<\/td><td>800mm<\/td><\/tr><tr><td>Chi\u1ec1u d\u00e0i chu\u1ed7i cho \u0103n<\/td><td>\u22652300mm<\/td><td>\u22652300mm<\/td><td>\u22652300mm<\/td><td>\u22652300mm<\/td><\/tr><tr><td>K\u00edch th\u01b0\u1edbc (L * W * H)<\/td><td>2000*750*800mm<\/td><td>3000*900*1050mm<\/td><td>3600*930*1240mm<\/td><td>4200*1170*1250mm<\/td><\/tr><tr><td>C\u00e2n n\u1eb7ng<\/td><td>300kg<\/td><td>980kg<\/td><td>1100kg<\/td><td>1400kg<\/td><\/tr><\/tbody><\/table><figcaption class=\"wp-element-caption\">th\u00f4ng s\u1ed1 c\u1ee7a m\u00e1y c\u1eaft c\u1ecf \u1ee7 chua<\/figcaption><\/figure>    <p>Nh\u01b0 b\u1ea1n c\u00f3 th\u1ec3 th\u1ea5y trong b\u1ea3ng tr\u00ean, ch\u00fang t\u00f4i c\u00f3 b\u1ed1n lo\u1ea1i m\u00e1y nh\u00e0o \u0111\u01b0\u1ee3c b\u00e1n l\u00e0 9RSZ-4, 9RSZ-6, 9RSZ-10 v\u00e0 9RSZ-15. B\u1ea1n c\u0169ng c\u00f3 th\u1ec3 bi\u1ebft \u0111\u1ea7u ra, s\u1ed1 l\u01b0\u1ee3ng l\u01b0\u1ee1i dao, v\u1eadt li\u1ec7u, v.v. N\u1ebfu b\u1ea1n mu\u1ed1n bi\u1ebft th\u00eam th\u00f4ng tin, vui l\u00f2ng li\u00ean h\u1ec7 v\u1edbi ch\u00fang t\u00f4i!<\/p>    <figure class=\"wp-block-gallery has-nested-images columns-default is-cropped wp-block-gallery-2 is-layout-flex wp-block-gallery-is-layout-flex\"> <figure class=\"wp-block-image size-large\"><img loading=\"lazy\" decoding=\"async\" width=\"720\" height=\"720\" data-id=\"7019\" src=\"https:\/\/taizyagromachine.com\/wp-content\/uploads\/2024\/08\/corn-silage-chopper-machine.webp\" alt=\"m\u00e1y b\u0103m ng\u00f4 \u1ee7 chua\" class=\"wp-image-7019\" srcset=\"https:\/\/taizyagromachine.com\/wp-content\/uploads\/2024\/08\/corn-silage-chopper-machine.webp 720w, https:\/\/taizyagromachine.com\/wp-content\/uploads\/2024\/08\/corn-silage-chopper-machine-12x12.webp 12w\" sizes=\"auto, (max-width: 720px) 100vw, 720px\" \/><figcaption class=\"wp-element-caption\">m\u00e1y b\u0103m ng\u00f4 \u1ee7 chua<\/figcaption><\/figure>    <figure class=\"wp-block-image size-large\"><img loading=\"lazy\" decoding=\"async\" width=\"720\" height=\"720\" data-id=\"7020\" src=\"https:\/\/taizyagromachine.com\/wp-content\/uploads\/2024\/08\/silage-chaff-cutting-machine.webp\" alt=\"m\u00e1y c\u1eaft c\u1ecf \u1ee7 chua\" class=\"wp-image-7020\" srcset=\"https:\/\/taizyagromachine.com\/wp-content\/uploads\/2024\/08\/silage-chaff-cutting-machine.webp 720w, https:\/\/taizyagromachine.com\/wp-content\/uploads\/2024\/08\/silage-chaff-cutting-machine-12x12.webp 12w\" sizes=\"auto, (max-width: 720px) 100vw, 720px\" \/><figcaption class=\"wp-element-caption\">m\u00e1y c\u1eaft c\u1ecf \u1ee7 chua<\/figcaption><\/figure> <\/figure>    <h2 class=\"wp-block-heading\"><strong>C\u1ea5u t\u1ea1o c\u1ee7a m\u00e1y b\u0103m th\u1ee9c \u0103n \u1ee7 chua Taizy<\/strong><\/h2>    <p>M\u00e1y c\u1eaft th\u1ee9c \u0103n \u1ee7 chua c\u1ee7a ch\u00fang t\u00f4i bao g\u1ed3m \u0111\u1ea7u v\u00e0o th\u1ee9c \u0103n, thi\u1ebft b\u1ecb c\u1eaft v\u00e0 nh\u00e0o, \u0111\u1ea7u ra v\u00e0 h\u1ec7 th\u1ed1ng truy\u1ec1n \u0111\u1ed9ng.<\/p>    <ul class=\"wp-block-list\"> <li>M\u00e1y n\u00e0y s\u1eed d\u1ee5ng thi\u1ebft b\u1ecb cho \u0103n t\u1ef1 \u0111\u1ed9ng theo chu\u1ed7i, ph\u00f9 h\u1ee3p v\u1edbi th\u1ee9c \u0103n th\u00f4 xanh c\u00f3 \u0111\u01b0\u1eddng k\u00ednh d\u00e0i. N\u00f3 c\u00f3 th\u1ec3 cho c\u1ecf \u0103n \u0111\u1ec1u v\u00e0 li\u00ean t\u1ee5c, ti\u1ebft ki\u1ec7m nh\u00e2n c\u00f4ng v\u00e0 gi\u1ea3m c\u01b0\u1eddng \u0111\u1ed9 lao \u0111\u1ed9ng c\u1ee7a ng\u01b0\u1eddi v\u1eadn h\u00e0nh.<\/li>    <li>M\u00e1y b\u0103m th\u1ee9c \u0103n gia s\u00fac c\u1ee7a ch\u00fang t\u00f4i s\u1eed d\u1ee5ng m\u1ed9t c\u1eb7p con l\u0103n \u00e1p l\u1ef1c k\u00e9p \u0111\u1ec3 h\u00fat v\u00e0 c\u1eaft c\u1ecf, gi\u00fap hi\u1ec7u qu\u1ea3 nh\u00e0o tr\u1ed9n t\u1ed1t h\u01a1n. Vi\u1ec7c cho \u0103n di\u1ec5n ra su\u00f4n s\u1ebb m\u00e0 kh\u00f4ng b\u1ecb t\u1eafc ngh\u1ebdn, gi\u00fap n\u00e2ng cao hi\u1ec7u qu\u1ea3 c\u00f4ng vi\u1ec7c.<\/li>    <li>M\u00e1y \u0111\u01b0\u1ee3c trang b\u1ecb b\u00e1nh xe di chuy\u1ec3n c\u00f3 th\u1ec3 th\u00e1o r\u1eddi \u0111\u1ec3 di chuy\u1ec3n d\u1ec5 d\u00e0ng.<\/li> <\/ul>    <figure class=\"wp-block-gallery has-nested-images columns-default is-cropped wp-block-gallery-3 is-layout-flex wp-block-gallery-is-layout-flex\"> <figure class=\"wp-block-image size-full\"><img loading=\"lazy\" decoding=\"async\" width=\"720\" height=\"720\" data-id=\"7024\" src=\"https:\/\/taizyagromachine.com\/wp-content\/uploads\/2024\/08\/machine-feeding-chain.webp\" alt=\"chu\u1ed7i cho \u0103n m\u00e1y\" class=\"wp-image-7024\" srcset=\"https:\/\/taizyagromachine.com\/wp-content\/uploads\/2024\/08\/machine-feeding-chain.webp 720w, https:\/\/taizyagromachine.com\/wp-content\/uploads\/2024\/08\/machine-feeding-chain-12x12.webp 12w\" sizes=\"auto, (max-width: 720px) 100vw, 720px\" \/><figcaption class=\"wp-element-caption\">chu\u1ed7i cho \u0103n m\u00e1y<\/figcaption><\/figure>    <figure class=\"wp-block-image size-full\"><img loading=\"lazy\" decoding=\"async\" width=\"720\" height=\"720\" data-id=\"7023\" src=\"https:\/\/taizyagromachine.com\/wp-content\/uploads\/2024\/08\/internal-parts-of-silage-making-machine.webp\" alt=\"b\u1ed9 ph\u1eadn b\u00ean trong c\u1ee7a m\u00e1y l\u00e0m th\u1ee9c \u0103n \u1ee7 chua\" class=\"wp-image-7023\" srcset=\"https:\/\/taizyagromachine.com\/wp-content\/uploads\/2024\/08\/internal-parts-of-silage-making-machine.webp 720w, https:\/\/taizyagromachine.com\/wp-content\/uploads\/2024\/08\/internal-parts-of-silage-making-machine-12x12.webp 12w\" sizes=\"auto, (max-width: 720px) 100vw, 720px\" \/><figcaption class=\"wp-element-caption\">b\u1ed9 ph\u1eadn b\u00ean trong c\u1ee7a m\u00e1y l\u00e0m th\u1ee9c \u0103n \u1ee7 chua<\/figcaption><\/figure> <\/figure>    <h2 class=\"wp-block-heading\"><strong>M\u00e1y c\u1eaft ng\u00f4 \u1ee7 chua ho\u1ea1t \u0111\u1ed9ng nh\u01b0 th\u1ebf n\u00e0o?<\/strong><\/h2>    <p>Sau khi hi\u1ec3u r\u00f5 v\u1ec1 c\u1ea5u t\u1ea1o c\u1ee7a m\u00e1y, ch\u00fang ta c\u00f9ng xem m\u00e1y ho\u1ea1t \u0111\u1ed9ng nh\u01b0 th\u1ebf n\u00e0o nh\u00e9.<\/p>    <ul class=\"wp-block-list\"> <li>\u0110\u1ea7u ti\u00ean, kh\u1edfi \u0111\u1ed9ng \u0111\u1ed9ng c\u01a1 r\u00f4to. Sau khi m\u00e1y ch\u1ea1y \u00eam, kh\u1edfi \u0111\u1ed9ng \u0111\u1ed9ng c\u01a1 gi\u1ea3m t\u1ed1c c\u1ee7a c\u01a1 c\u1ea5u c\u1ea5p li\u1ec7u t\u1ef1 \u0111\u1ed9ng. Thi\u1ebft b\u1ecb cho \u0103n t\u1ef1 \u0111\u1ed9ng b\u1eaft \u0111\u1ea7u ho\u1ea1t \u0111\u1ed9ng.<\/li>    <li>Sau \u0111\u00f3, ng\u01b0\u1eddi v\u1eadn h\u00e0nh r\u1ea3i \u0111\u1ec1u r\u01a1m l\u00ean \u0111\u0129a x\u00edch c\u1ea5p li\u1ec7u t\u1ef1 \u0111\u1ed9ng.<\/li>    <li>Ti\u1ebfp theo, v\u1eadt li\u1ec7u \u0111\u01b0\u1ee3c \u0111\u1eadp, x\u00e9 v\u00e0 nh\u00e0o th\u00e0nh h\u00ecnh l\u1ee5a b\u1eb1ng b\u00faa t\u1ed1c \u0111\u1ed9 cao v\u00e0 \u0111\u0129a nh\u00e0o c\u1ed1 \u0111\u1ecbnh.<\/li>    <li>Cu\u1ed1i c\u00f9ng, th\u00e0nh ph\u1ea9m \u0111\u01b0\u1ee3c \u0111\u1ea9y ra kh\u1ecfi m\u00e1y b\u1eb1ng l\u1ef1c ly t\u00e2m.<\/li> <\/ul>    <h2 class=\"wp-block-heading\"><strong>Gi\u00e1 m\u00e1y b\u0103m th\u1ee9c \u0103n \u1ee7 chua l\u00e0 bao nhi\u00eau?<\/strong><\/h2>    <p>Gi\u00e1 m\u00e1y c\u1eaft th\u1ee9c \u0103n \u1ee7 chua b\u1ecb \u1ea3nh h\u01b0\u1edfng b\u1edfi m\u1ed9t s\u1ed1 y\u1ebfu t\u1ed1, bao g\u1ed3m model m\u00e1y, c\u1ea5u h\u00ecnh ch\u1ee9c n\u0103ng, k\u00edch th\u01b0\u1edbc c\u00f4ng su\u1ea5t v\u00e0 th\u01b0\u01a1ng hi\u1ec7u. Khi mua h\u00e0ng, b\u1ea1n c\u1ea7n k\u1ebft h\u1ee3p gi\u1eefa nhu c\u1ea7u c\u1ee5 th\u1ec3 v\u00e0 ng\u00e2n s\u00e1ch c\u1ee7a m\u00ecnh \u0111\u1ec3 ch\u1ecdn \u0111\u01b0\u1ee3c s\u1ea3n ph\u1ea9m ti\u1ebft ki\u1ec7m chi ph\u00ed nh\u1ea5t.<\/p>    <p>N\u1ebfu b\u1ea1n mu\u1ed1n b\u00e1o gi\u00e1 chi ti\u1ebft, vui l\u00f2ng li\u00ean h\u1ec7 v\u1edbi ch\u00fang t\u00f4i \u0111\u1ec3 bi\u1ebft th\u00eam th\u00f4ng tin v\u1ec1 m\u00e1y!<\/p>   <div class=\"wp-block-image\"> <figure class=\"aligncenter size-full\"><img loading=\"lazy\" decoding=\"async\" width=\"720\" height=\"540\" src=\"https:\/\/taizyagromachine.com\/wp-content\/uploads\/2024\/08\/grass-cutting-machine-for-silage-making.webp\" alt=\"m\u00e1y c\u1eaft c\u1ecf \u0111\u1ec3 l\u00e0m th\u1ee9c \u0103n \u1ee7 chua\" class=\"wp-image-7021\" srcset=\"https:\/\/taizyagromachine.com\/wp-content\/uploads\/2024\/08\/grass-cutting-machine-for-silage-making.webp 720w, https:\/\/taizyagromachine.com\/wp-content\/uploads\/2024\/08\/grass-cutting-machine-for-silage-making-16x12.webp 16w\" sizes=\"auto, (max-width: 720px) 100vw, 720px\" \/><figcaption class=\"wp-element-caption\">m\u00e1y c\u1eaft c\u1ecf \u0111\u1ec3 l\u00e0m th\u1ee9c \u0103n \u1ee7 chua<\/figcaption><\/figure> <\/div>   <h2 class=\"wp-block-heading\"><strong>L\u1eddi khuy\u00ean l\u1ef1a ch\u1ecdn m\u00e1y c\u1eaft c\u1ecf ph\u00f9 h\u1ee3p<\/strong><\/h2>    <p>Khi ch\u1ecdn m\u00e1y c\u1eaft th\u1ee9c \u0103n \u1ee7 chua ph\u00f9 h\u1ee3p, b\u1ea1n c\u1ea7n c\u00e2n nh\u1eafc nh\u1eefng \u0111i\u1ec3m sau:<\/p>    <ul class=\"wp-block-list\"> <li>Nhu c\u1ea7u v\u1eadn h\u00e0nh (v\u00ed d\u1ee5: chi\u1ec1u d\u00e0i c\u1eaft, c\u00f4ng su\u1ea5t)<\/li>    <li>\u0110\u1ed9 b\u1ec1n v\u00e0 b\u1ea3o tr\u00ec m\u00e1y d\u1ec5 d\u00e0ng<\/li>    <li>D\u1ecbch v\u1ee5 h\u1eadu m\u00e3i c\u00f3 ho\u00e0n h\u1ea3o kh\u00f4ng<\/li> <\/ul>    <p>Ch\u1ecdn m\u00e1y c\u1eaft c\u1ecf t\u1ed1t nh\u1ea5t b\u1eb1ng c\u00e1ch xem x\u00e9t nh\u1eefng \u0111i\u1ec1u tr\u00ean.<\/p>    <h2 class=\"wp-block-heading\"><strong>M\u00e1y \u1ee7 chua ph\u00f9 h\u1ee3p<\/strong><\/h2>    <p class=\"translation-block\">L\u00e0 nh\u00e0 s\u1ea3n xu\u1ea5t v\u00e0 cung c\u1ea5p m\u00e1y \u1ee7 chua chuy\u00ean nghi\u1ec7p, ch\u00fang t\u00f4i \u0111\u00e3 c\u00f3 m\u1eb7t trong ng\u00e0nh n\u00e0y h\u00e0ng th\u1eadp k\u1ef7. Theo kinh nghi\u1ec7m c\u1ee7a ch\u00fang t\u00f4i, kh\u00e1ch h\u00e0ng th\u01b0\u1eddng mua k\u00e8m v\u1edbi <a href=\"https:\/\/taizyagromachine.com\/vi\/product\/silage-baler\/\">m\u00e1y \u0111\u00f3ng g\u00f3i v\u00e0 qu\u1ea5n \u1ee7 chua<\/a> \u0111\u1ec3 l\u00e0m v\u00e0 \u0111\u00f3ng g\u00f3i \u1ee7 chua.<\/p>    <figure class=\"wp-block-embed is-type-video is-provider-youtube wp-block-embed-youtube wp-embed-aspect-16-9 wp-has-aspect-ratio\"><div class=\"wp-block-embed__wrapper\"> <iframe loading=\"lazy\" title=\"C\u1eaft, \u0111\u00f3ng ki\u1ec7n v\u00e0 b\u1ecdc th\u1ee9c \u0103n \u1ee7 chua hi\u1ec7u qu\u1ea3 b\u1eb1ng m\u00e1y c\u1eaft v\u1ecf tr\u1ea5u v\u00e0 m\u00e1y \u0111\u00f3ng ki\u1ec7n tr\u00f2n \u1ee7 chua | M\u00e1y \u0111\u00f3ng ki\u1ec7n ng\u00f4\" width=\"500\" height=\"281\" src=\"https:\/\/www.youtube.com\/embed\/l3m4bY3Ddr8?feature=oembed\" frameborder=\"0\" allow=\"accelerometer; autoplay; clipboard-write; encrypted-media; gyroscope; picture-in-picture; web-share\" referrerpolicy=\"strict-origin-when-cross-origin\" allowfullscreen><\/iframe> <\/div><figcaption class=\"wp-element-caption\">video v\u1ec1 m\u00e1y c\u1eaft tr\u1ea5u v\u00e0 m\u00e1y \u0111\u00f3ng ki\u1ec7n tr\u00f2n \u1ee7 chua<\/figcaption><\/figure>    <p class=\"translation-block\">Ngo\u00e0i m\u00e1y c\u1eaft c\u1ecf kh\u00f4 n\u00e0y, ch\u00fang t\u00f4i c\u00f2n c\u00f3 c\u00e1c lo\u1ea1i m\u00e1y l\u00e0m c\u1ecf kh\u00f4 kh\u00e1c, ch\u1eb3ng h\u1ea1n nh\u01b0 <a href=\"https:\/\/taizyagromachine.com\/vi\/product\/straw-crushing-and-recycling-machine\/\">m\u00e1y thu ho\u1ea1ch th\u1ee9c \u0103n gia s\u00fac<\/a>, m\u00e1y c\u1eaft c\u1ecf v\u00e0 m\u00e1y nghi\u1ec1n ng\u0169 c\u1ed1c, v.v. N\u1ebfu b\u1ea1n mu\u1ed1n l\u00e0m <a href=\"https:\/\/en.wikipedia.org\/wiki\/Silage\" target=\"_blank\" rel=\"noopener\">c\u1ecf kh\u00f4<\/a>, h\u00e3y li\u00ean h\u1ec7 ngay v\u1edbi ch\u00fang t\u00f4i \u0111\u1ec3 bi\u1ebft th\u00eam chi ti\u1ebft!<\/p>    <figure class=\"wp-block-embed is-type-video is-provider-youtube wp-block-embed-youtube wp-embed-aspect-16-9 wp-has-aspect-ratio\"><div class=\"wp-block-embed__wrapper\"> <iframe loading=\"lazy\" title=\"6t\/h Forage Chaff Cutter \u0111\u1ec3 l\u00e0m \u1ee7 chua | Ph\u1ea3n h\u1ed3i chopper \u1ee7 chua t\u1eeb trang tr\u1ea1i Nigeria cho \u1ee7 chua\" width=\"500\" height=\"281\" src=\"https:\/\/www.youtube.com\/embed\/p5lQdpx-SSk?feature=oembed\" frameborder=\"0\" allow=\"accelerometer; autoplay; clipboard-write; encrypted-media; gyroscope; picture-in-picture; web-share\" referrerpolicy=\"strict-origin-when-cross-origin\" allowfullscreen><\/iframe> <\/div><figcaption class=\"wp-element-caption\">m\u00e1y c\u1eaft c\u1ecf kh\u00f4<\/figcaption><\/figure>","protected":false},"excerpt":{"rendered":"<p>M\u00e1y c\u1eaft c\u1ecf \u1ee7 chua c\u1ee7a ch\u00fang t\u00f4i d\u00f9ng \u0111\u1ec3 c\u1eaft v\u00e0 nghi\u1ec1n c\u00e1c lo\u1ea1i r\u01a1m kh\u00f4, \u01b0\u1edbt, c\u1ecf, th\u00e2n c\u00e2y ng\u00f4, l\u00faa mi\u1ebfn, c\u1ecf kh\u00f4,\u2026 th\u00e0nh c\u1ecf m\u1ecbn (d\u00e0i 10-180mm, r\u1ed9ng 10mm) \u0111\u1ec3 l\u00e0m th\u1ee9c \u0103n cho v\u1eadt nu\u00f4i. C\u00f4ng su\u1ea5t c\u1ee7a n\u00f3 dao \u0111\u1ed9ng t\u1eeb 4t\/h \u0111\u1ebfn 15t\/h.<\/p>","protected":false},"author":1,"featured_media":7012,"parent":0,"template":"","tags":[116],"product-type":[19],"class_list":["post-7010","product","type-product","status-publish","has-post-thumbnail","hentry","tag-silage","product-type-silage-machine"],"_links":{"self":[{"href":"https:\/\/taizyagromachine.com\/vi\/wp-json\/wp\/v2\/product\/7010","targetHints":{"allow":["GET"]}}],"collection":[{"href":"https:\/\/taizyagromachine.com\/vi\/wp-json\/wp\/v2\/product"}],"about":[{"href":"https:\/\/taizyagromachine.com\/vi\/wp-json\/wp\/v2\/types\/product"}],"author":[{"embeddable":true,"href":"https:\/\/taizyagromachine.com\/vi\/wp-json\/wp\/v2\/users\/1"}],"wp:featuredmedia":[{"embeddable":true,"href":"https:\/\/taizyagromachine.com\/vi\/wp-json\/wp\/v2\/media\/7012"}],"wp:attachment":[{"href":"https:\/\/taizyagromachine.com\/vi\/wp-json\/wp\/v2\/media?parent=7010"}],"wp:term":[{"taxonomy":"post_tag","embeddable":true,"href":"https:\/\/taizyagromachine.com\/vi\/wp-json\/wp\/v2\/tags?post=7010"},{"taxonomy":"product-type","embeddable":true,"href":"https:\/\/taizyagromachine.com\/vi\/wp-json\/wp\/v2\/product-type?post=7010"}],"curies":[{"name":"wp","href":"https:\/\/api.w.org\/{rel}","templated":true}]}}