{"id":7059,"date":"2024-09-25T18:30:15","date_gmt":"2024-09-25T10:30:15","guid":{"rendered":"https:\/\/taizyagromachine.com\/?post_type=product&#038;p=7059"},"modified":"2024-10-15T09:44:10","modified_gmt":"2024-10-15T01:44:10","slug":"maize-grit-plant","status":"publish","type":"product","link":"https:\/\/taizyagromachine.com\/vi\/product\/maize-grit-plant\/","title":{"rendered":"Nh\u00e0 m\u00e1y nghi\u1ec1n ng\u00f4 ho\u00e0n to\u00e0n t\u1ef1 \u0111\u1ed9ng"},"content":{"rendered":"<p class=\"translation-block\">Nh\u00e0 m\u00e1y nghi\u1ec1n ng\u00f4 Taizy <strong>ho\u00e0n to\u00e0n t\u1ef1 \u0111\u1ed9ng<\/strong> \u0111\u1ec3 ch\u1ebf bi\u1ebfn ng\u00f4 nh\u1eb1m t\u1ea1o ra c\u00e1c lo\u1ea1i h\u1ea1t ng\u00f4 l\u1edbn &amp; nh\u1ecf v\u00e0 b\u1ed9t ng\u00f4 b\u1eb1ng ph\u01b0\u01a1ng ph\u00e1p \u01b0\u1edbt. K\u00edch th\u01b0\u1edbc s\u1ea3n ph\u1ea9m cu\u1ed1i c\u00f9ng dao \u0111\u1ed9ng t\u1eeb 0,8-8mm (b\u1ed9t ng\u00f4 ho\u1eb7c h\u1ea1t ng\u00f4).<\/p>    <p>Nh\u00e0 m\u00e1y nghi\u1ec1n ng\u00f4 n\u00e0y \u00e1p d\u1ee5ng ph\u01b0\u01a1ng ph\u00e1p b\u00f3c v\u1ecf k\u00e9p \u0111\u1ec3 t\u1ea1o ra s\u1ea3n ph\u1ea9m cu\u1ed1i c\u00f9ng c\u00f3 ch\u1ea5t l\u01b0\u1ee3ng cao h\u01a1n. Ngo\u00e0i ra, trong to\u00e0n b\u1ed9 nh\u00e0 m\u00e1y xay x\u00e1t v\u00e0 kh\u1eed m\u1ea7m ng\u00f4, n\u0103ng su\u1ea5t c\u1ee7a m\u1ed9t m\u00e1y l\u00e0m b\u1ed9t ng\u00f4 l\u00e0 200-400kg\/h. N\u1ebfu mu\u1ed1n s\u1ea3n l\u01b0\u1ee3ng cao h\u01a1n th\u00ec c\u00f3 th\u1ec3 trang b\u1ecb th\u00eam. B\u1ea1n c\u0169ng c\u00f3 th\u1ec3 tham kh\u1ea3o \u00fd ki\u1ebfn \u200b\u200bc\u1ee7a ch\u00fang t\u00f4i \u0111\u1ec3 c\u00f3 \u0111\u01b0\u1ee3c th\u00f4ng tin ch\u00ednh x\u00e1c h\u01a1n.<\/p>    <figure class=\"wp-block-embed is-type-video is-provider-youtube wp-block-embed-youtube wp-embed-aspect-16-9 wp-has-aspect-ratio\"><div class=\"wp-block-embed__wrapper\"> <iframe loading=\"lazy\" title=\"Ho\u00e0n thi\u1ec7n qu\u00e1 tr\u00ecnh nghi\u1ec1n ng\u00f4 v\u00e0 b\u1ed9t ng\u00f4: l\u00e0m s\u1ea1ch, b\u00f3c v\u1ecf v\u00e0 xay x\u00e1t b\u1eb1ng m\u00e1y nghi\u1ec1n ng\u00f4\" width=\"500\" height=\"281\" src=\"https:\/\/www.youtube.com\/embed\/re0Wd3-MQH4?feature=oembed\" frameborder=\"0\" allow=\"accelerometer; autoplay; clipboard-write; encrypted-media; gyroscope; picture-in-picture; web-share\" referrerpolicy=\"strict-origin-when-cross-origin\" allowfullscreen><\/iframe> <\/div><figcaption class=\"wp-element-caption\">nh\u00e0 m\u00e1y s\u1ea3n xu\u1ea5t b\u1ed9t ng\u00f4 \u01b0\u1edbt<\/figcaption><\/figure>    <h2 class=\"wp-block-heading\"><strong>C\u00e1ch l\u00e0m b\u1ed9t ng\u00f4 v\u00e0 b\u1ed9t ng\u00f4 t\u1eebng b\u01b0\u1edbc?<\/strong><\/h2>    <p class=\"translation-block\">C\u00e1c b\u01b0\u1edbc c\u1ee7a nh\u00e0 m\u00e1y nghi\u1ec1n ng\u00f4 n\u00e0y l\u00e0 <strong>l\u00e0m s\u1ea1ch ng\u00f4\u2192ng\u00e2m\u2192l\u1ed9t v\u1ecf\u2192nghi\u1ec1n ng\u00f4 v\u00e0 l\u00e0m ng\u00f4 nghi\u1ec1n<\/strong>. Ch\u00fang t\u00f4i c\u00f3 thi\u1ebft b\u1ecb ph\u00f9 h\u1ee3p \u0111\u1ec3 th\u1ef1c hi\u1ec7n nh\u1eefng ho\u1ea1t \u0111\u1ed9ng n\u00e0y. Xem chi ti\u1ebft b\u00ean d\u01b0\u1edbi.<\/p>   <div class=\"wp-block-image\"> <figure class=\"aligncenter size-full\"><img loading=\"lazy\" decoding=\"async\" width=\"842\" height=\"363\" src=\"https:\/\/taizyagromachine.com\/wp-content\/uploads\/2024\/09\/flow-chart-of-maize-grits-processing-plant.webp\" alt=\"bi\u1ec3u \u0111\u1ed3 d\u00f2ng ch\u1ea3y c\u1ee7a nh\u00e0 m\u00e1y ch\u1ebf bi\u1ebfn b\u1ed9t ng\u00f4\" class=\"wp-image-7073\" srcset=\"https:\/\/taizyagromachine.com\/wp-content\/uploads\/2024\/09\/flow-chart-of-maize-grits-processing-plant.webp 842w, https:\/\/taizyagromachine.com\/wp-content\/uploads\/2024\/09\/flow-chart-of-maize-grits-processing-plant-18x8.webp 18w\" sizes=\"auto, (max-width: 842px) 100vw, 842px\" \/><figcaption class=\"wp-element-caption\">bi\u1ec3u \u0111\u1ed3 d\u00f2ng ch\u1ea3y c\u1ee7a nh\u00e0 m\u00e1y ch\u1ebf bi\u1ebfn b\u1ed9t ng\u00f4<\/figcaption><\/figure> <\/div>   <ol class=\"wp-block-list\"> <li><strong>L\u00e0m s\u1ea1ch ng\u00f4<\/strong>: B\u01b0\u1edbc n\u00e0y nh\u1eb1m lo\u1ea1i b\u1ecf t\u1ea1p ch\u1ea5t, s\u1ecfi,.. c\u00f3 trong ng\u00f4.<\/li>    <li><strong>ng\u00e2m<\/strong>: sau khi l\u00e0m s\u1ea1ch, ng\u00e2m ng\u00f4 v\u00e0o n\u01b0\u1edbc cho ng\u00f4 m\u1ec1m.<\/li>    <li><strong>L\u1ed9t v\u1ecf<\/strong>: r\u1ed3i, v\u1ecf ng\u00f4. N\u00f3 r\u1ea5t t\u1ed1t cho qu\u00e1 tr\u00ecnh nghi\u1ec1n b\u1ed9t ng\u00f4 v\u00e0 xay b\u1ed9t ng\u00f4 ti\u1ebfp theo.<\/li>    <li><strong>m\u00e0i<\/strong>: b\u01b0\u1edbc n\u00e0y l\u00e0 t\u00e1ch v\u1ecf ng\u00f4 m\u1ed9t l\u1ea7n n\u1eefa r\u1ed3i xay v\u00e0 xay ng\u00f4 \u0111\u00e3 b\u00f3c v\u1ecf th\u00e0nh c\u00e1c lo\u1ea1i b\u1ed9t v\u00e0 b\u1ed9t m\u1ecbn c\u1ea7n thi\u1ebft.<\/li> <\/ol>    <p class=\"translation-block\"><strong>Thi\u1ebft b\u1ecb trong t\u1eebng b\u01b0\u1edbc<\/strong><\/p>    <ul class=\"wp-block-list\"> <li><a href=\"https:\/\/taizyagromachine.com\/vi\/product\/corn-cleaning-machine\/\"><strong>M\u00e1y l\u00e0m s\u1ea1ch ng\u00f4<\/strong><\/a>: n\u00f3 lo\u1ea1i b\u1ecf c\u00e1c t\u1ea1p ch\u1ea5t t\u1eeb \u200b\u200bng\u00f4.<\/li>    <li><strong>Silo<\/strong>: N\u00f3 ch\u1ee7 y\u1ebfu gi\u1eef v\u00e0 ng\u00e2m ng\u00f4.<\/li>    <li><a href=\"https:\/\/taizyagromachine.com\/vi\/product\/corn-peeling-machine-maize-skin-remove\/\"><strong>M\u00e1y b\u00f3c v\u1ecf ng\u00f4<\/strong><\/a>: v\u1ecf ng\u00f4 \u0111\u01b0\u1ee3c lo\u1ea1i b\u1ecf.<\/li>    <li><a href=\"https:\/\/taizyagromachine.com\/vi\/product\/maize-grits-milling-machine\/\"><strong>M\u00e1y nghi\u1ec1n ng\u00f4<\/strong><\/a>: m\u00e1y n\u00e0y nghi\u1ec1n ng\u00f4 \u0111\u00e3 qua ch\u1ebf bi\u1ebfn th\u00e0nh b\u1ed9t ng\u00f4 v\u00e0 b\u1ed9t ng\u00f4.<\/li> <\/ul>    <p class=\"translation-block\"><strong>C\u00e1c th\u00f4ng s\u1ed1 c\u1ea5u h\u00ecnh m\u00e1y c\u1ee7a nh\u00e0 m\u00e1y ch\u1ebf bi\u1ebfn ng\u00f4 nghi\u1ec1n<\/strong><\/p>    <figure class=\"wp-block-table\"><table class=\"has-fixed-layout\"><tbody><tr><td>C\u00f3\/kh\u00f4ng<\/td><td>T\u00ean<\/td><td>Quy\u1ec1n l\u1ef1c<\/td><\/tr><tr><td>1<\/td><td>M\u00e1y l\u00e0m s\u1ea1ch ng\u00f4<\/td><td>4kw<\/td><\/tr><tr><td>2<\/td><td>Silo<\/td><td>1,5kw<\/td><\/tr><tr><td>3<\/td><td>M\u00e1y b\u00f3c v\u1ecf ng\u00f4<\/td><td>11kw<\/td><\/tr><tr><td>4<\/td><td>M\u00e1y l\u00e0m b\u1ed9t ng\u00f4<\/td><td>7,5 + 5,5kw<\/td><\/tr><\/tbody><\/table><figcaption class=\"wp-element-caption\">danh s\u00e1ch c\u1ea5u h\u00ecnh cho nh\u00e0 m\u00e1y s\u1ea3n xu\u1ea5t b\u1ed9t ng\u00f4 v\u00e0 vi tr\u00f9ng<\/figcaption><\/figure>    <p>Ngo\u00e0i c\u00e1c thi\u1ebft b\u1ecb tr\u00ean, nh\u00e0 m\u00e1y nghi\u1ec1n ng\u00f4 c\u1ee7a ch\u00fang t\u00f4i v\u1eabn c\u1ea7n \u0111\u00e1p \u1ee9ng:<\/p>    <ul class=\"wp-block-list\"> <li>b\u0103ng t\u1ea3i<\/li>    <li>Thang m\u00e1y<\/li>    <li>Thang m\u00e1y k\u00e9p<\/li>    <li>Ph\u1ec5u<\/li>    <li>H\u1ed9p ph\u00e2n ph\u1ed1i<\/li> <\/ul>    <p>N\u1ebfu b\u1ea1n mu\u1ed1n bi\u1ebft th\u00eam th\u00f4ng tin, vui l\u00f2ng li\u00ean h\u1ec7 v\u1edbi ch\u00fang t\u00f4i. Ch\u00fang t\u00f4i s\u1ebd cung c\u1ea5p chi ti\u1ebft m\u00e1y \u0111\u1ec3 b\u1ea1n tham kh\u1ea3o. <\/p>   <div class=\"wp-block-image\"> <figure class=\"aligncenter size-full\"><img loading=\"lazy\" decoding=\"async\" width=\"1020\" height=\"540\" src=\"https:\/\/taizyagromachine.com\/wp-content\/uploads\/2024\/09\/corn-grits-and-flour-milling-plant-in-the-factory.webp\" alt=\"nh\u00e0 m\u00e1y xay b\u1ed9t ng\u00f4 v\u00e0 b\u1ed9t m\u00ec trong nh\u00e0 m\u00e1y\" class=\"wp-image-7077\" srcset=\"https:\/\/taizyagromachine.com\/wp-content\/uploads\/2024\/09\/corn-grits-and-flour-milling-plant-in-the-factory.webp 1020w, https:\/\/taizyagromachine.com\/wp-content\/uploads\/2024\/09\/corn-grits-and-flour-milling-plant-in-the-factory-18x10.webp 18w\" sizes=\"auto, (max-width: 1020px) 100vw, 1020px\" \/><figcaption class=\"wp-element-caption\">nh\u00e0 m\u00e1y xay b\u1ed9t ng\u00f4 v\u00e0 b\u1ed9t m\u00ec trong nh\u00e0 m\u00e1y<\/figcaption><\/figure> <\/div>   <h2 class=\"wp-block-heading\"><strong>\u01afu \u0111i\u1ec3m c\u1ee7a nh\u00e0 m\u00e1y nghi\u1ec1n ng\u00f4<\/strong><\/h2>    <p>Nh\u00e0 m\u00e1y s\u1ea3n xu\u1ea5t b\u1ed9t ng\u00f4 c\u00f3 nhi\u1ec1u \u01b0u \u0111i\u1ec3m, bao g\u1ed3m:<\/p>    <ul class=\"wp-block-list\"> <li>Nh\u00e0 m\u00e1y xay x\u00e1t v\u00e0 kh\u1eed m\u1ea7m ng\u00f4 c\u00f3 th\u1ec3 <strong>l\u00e0m b\u1ed9t ng\u00f4 0,8-8mm v\u00e0 b\u1ed9t ng\u00f4<\/strong> \u0111\u1ec3 \u0111\u00e1p \u1ee9ng c\u00e1c nhu c\u1ea7u kh\u00e1c nhau c\u1ee7a kh\u00e1ch h\u00e0ng.<\/li>    <li><strong>1 ng\u01b0\u1eddi c\u00f3 th\u1ec3 v\u1eadn h\u00e0nh to\u00e0n b\u1ed9 nh\u00e0 m\u00e1y<\/strong>, c\u00f3 m\u1ee9c \u0111\u1ed9 t\u1ef1 \u0111\u1ed9ng h\u00f3a cao.<\/li>    <li>Nh\u00e0 m\u00e1y s\u1ea3n xu\u1ea5t b\u1ed9t ng\u00f4 c\u1ee7a ch\u00fang t\u00f4i l\u00e0 <strong>ti\u1ebft ki\u1ec7m n\u0103ng l\u01b0\u1ee3ng v\u00e0 th\u00e2n thi\u1ec7n v\u1edbi m\u00f4i tr\u01b0\u1eddng<\/strong>. N\u00f3 \u00e1p d\u1ee5ng c\u00f4ng ngh\u1ec7 v\u00e0 thi\u1ebft b\u1ecb ti\u00ean ti\u1ebfn \u0111\u1ec3 gi\u1ea3m ti\u00eau th\u1ee5 n\u0103ng l\u01b0\u1ee3ng.<\/li>    <li>Nh\u00e0 m\u00e1y n\u00e0y l\u00e0<strong> ph\u00e2n lo\u1ea1i th\u1ef1c ph\u1ea9m<\/strong>, h\u1ee3p v\u1ec7 sinh v\u00e0 an to\u00e0n.<\/li>    <li>Ch\u00fang t\u00f4i c\u00f3 th\u1ec3 <strong>c\u1ea5u h\u00ecnh thi\u1ebft b\u1ecb linh ho\u1ea1t<\/strong> \u0111\u1ec3 \u0111\u00e1p \u1ee9ng nhu c\u1ea7u c\u1ee7a b\u1ea1n.<\/li>    <li>\u0110\u00f3 l\u00e0 m\u1ed9t <strong>\u0111\u1ea7u t\u01b0 sinh l\u1eddi nhanh<\/strong>. N\u00f3 c\u00f3 chu k\u1ef3 s\u1ea3n xu\u1ea5t ng\u1eafn v\u00e0 l\u1ee3i t\u1ee9c \u0111\u1ea7u t\u01b0 nhanh ch\u00f3ng.<\/li> <\/ul>   <div class=\"wp-block-image\"> <figure class=\"aligncenter size-full\"><img loading=\"lazy\" decoding=\"async\" width=\"720\" height=\"540\" src=\"https:\/\/taizyagromachine.com\/wp-content\/uploads\/2024\/09\/maize-grit-plant-for-corn-processing.webp\" alt=\"nh\u00e0 m\u00e1y nghi\u1ec1n ng\u00f4 \u0111\u1ec3 ch\u1ebf bi\u1ebfn ng\u00f4\" class=\"wp-image-7079\" srcset=\"https:\/\/taizyagromachine.com\/wp-content\/uploads\/2024\/09\/maize-grit-plant-for-corn-processing.webp 720w, https:\/\/taizyagromachine.com\/wp-content\/uploads\/2024\/09\/maize-grit-plant-for-corn-processing-16x12.webp 16w\" sizes=\"auto, (max-width: 720px) 100vw, 720px\" \/><figcaption class=\"wp-element-caption\">nh\u00e0 m\u00e1y nghi\u1ec1n ng\u00f4 \u0111\u1ec3 ch\u1ebf bi\u1ebfn ng\u00f4<\/figcaption><\/figure> <\/div>   <h2 class=\"wp-block-heading\"><strong>\u1ee8ng d\u1ee5ng c\u1ee7a nh\u00e0 m\u00e1y nghi\u1ec1n b\u1ed9t ng\u00f4<\/strong><\/h2>    <p>S\u1ea3n ph\u1ea9m cu\u1ed1i c\u00f9ng c\u1ee7a nh\u00e0 m\u00e1y s\u1ea3n xu\u1ea5t m\u00e1y nghi\u1ec1n ng\u00f4 l\u00e0 b\u1ed9t ng\u00f4 v\u00e0 b\u1ed9t ng\u00f4. B\u1ed9t ng\u00f4 v\u00e0 b\u1ed9t ng\u00f4 \u0111\u01b0\u1ee3c s\u1eed d\u1ee5ng r\u1ed9ng r\u00e3i trong ch\u1ebf bi\u1ebfn th\u1ef1c ph\u1ea9m, ch\u1ebf bi\u1ebfn th\u1ee9c \u0103n ch\u0103n nu\u00f4i v\u00e0 c\u00e1c ng\u00e0nh c\u00f4ng nghi\u1ec7p kh\u00e1c.<\/p>    <ul class=\"wp-block-list\"> <li><strong>ti\u00eau d\u00f9ng gia \u0111\u00ecnh<\/strong>: b\u00e1nh m\u00ec h\u1ea5p, ch\u00e1o, v.v.<\/li>    <li><strong>Ch\u1ebf bi\u1ebfn th\u1ef1c ph\u1ea9m<\/strong>: l\u00e0m nguy\u00ean li\u1ec7u l\u00e0m b\u00e1nh, m\u00ec \u1ed1ng, \u0111\u1ed3 \u0103n s\u00e1ng, v.v.<\/li>    <li><strong>X\u1eed l\u00fd ngu\u1ed3n c\u1ea5p d\u1eef li\u1ec7u<\/strong>: d\u00f9ng l\u00e0m nguy\u00ean li\u1ec7u th\u1ee9c \u0103n ch\u0103n nu\u00f4i gia s\u00fac, gia c\u1ea7m.<\/li>    <li><strong>S\u1ea3n xu\u1ea5t tinh b\u1ed9t<\/strong>: l\u00e0m nguy\u00ean li\u1ec7u s\u1ea3n xu\u1ea5t tinh b\u1ed9t.<\/li> <\/ul>    <h2 class=\"wp-block-heading\"><strong>Gi\u00e1 c\u1ee7a m\u00e1y nghi\u1ec1n ng\u00f4 l\u00e0 bao nhi\u00eau?<\/strong><\/h2>    <p>Gi\u00e1 m\u00e1y nghi\u1ec1n ng\u00f4 Taizy dao \u0111\u1ed9ng t\u00f9y theo c\u00f4ng su\u1ea5t, c\u1ea5u h\u00ecnh v\u00e0 th\u01b0\u01a1ng hi\u1ec7u. N\u00f3i chung, gi\u00e1 c\u1ee7a m\u1ed9t nh\u00e0 m\u00e1y ch\u1ebf bi\u1ebfn nh\u1ecf s\u1ebd t\u01b0\u01a1ng \u0111\u1ed1i th\u1ea5p, trong khi m\u1ee9c \u0111\u1ea7u t\u01b0 v\u00e0o thi\u1ebft b\u1ecb l\u1edbn ho\u00e0n to\u00e0n t\u1ef1 \u0111\u1ed9ng s\u1ebd cao h\u01a1n.<\/p>    <p>N\u1ebfu b\u1ea1n mu\u1ed1n h\u1ecfi th\u00f4ng tin b\u00e1o gi\u00e1 c\u1ee5 th\u1ec3, ch\u00fang t\u00f4i khuy\u00ean b\u1ea1n n\u00ean li\u00ean h\u1ec7 tr\u1ef1c ti\u1ebfp v\u1edbi ch\u00fang t\u00f4i. H\u00e3y cho ch\u00fang t\u00f4i bi\u1ebft nhu c\u1ea7u v\u00e0 ng\u00e2n s\u00e1ch c\u1ee5 th\u1ec3 c\u1ee7a b\u1ea1n v\u00e0 ch\u00fang t\u00f4i s\u1ebd cung c\u1ea5p cho b\u1ea1n b\u00e1o gi\u00e1 t\u1ed1t nh\u1ea5t theo nh\u1eefng \u0111i\u1ec1u n\u00e0y.<\/p>   <div class=\"wp-block-image\"> <figure class=\"aligncenter size-full\"><img loading=\"lazy\" decoding=\"async\" width=\"720\" height=\"540\" src=\"https:\/\/taizyagromachine.com\/wp-content\/uploads\/2024\/09\/corn-grit-machine-plant-display.webp\" alt=\"tr\u01b0ng b\u00e0y m\u00e1y nghi\u1ec1n ng\u00f4\" class=\"wp-image-7081\" srcset=\"https:\/\/taizyagromachine.com\/wp-content\/uploads\/2024\/09\/corn-grit-machine-plant-display.webp 720w, https:\/\/taizyagromachine.com\/wp-content\/uploads\/2024\/09\/corn-grit-machine-plant-display-16x12.webp 16w\" sizes=\"auto, (max-width: 720px) 100vw, 720px\" \/><figcaption class=\"wp-element-caption\">tr\u01b0ng b\u00e0y m\u00e1y nghi\u1ec1n ng\u00f4<\/figcaption><\/figure> <\/div>   <h2 class=\"wp-block-heading\"><strong>T\u1ea1i sao n\u00ean ch\u1ecdn nh\u00e0 m\u00e1y s\u1ea3n xu\u1ea5t b\u1ed9t ng\u00f4 Taizy?<\/strong><\/h2>    <p class=\"translation-block\">L\u00fd do t\u1ea1i sao ch\u1ecdn Taizy gi\u1eefa nhi\u1ec1u <a href=\"https:\/\/taizyagromachine.com\/vi\/product\/maize-grits-milling-machine\/\">nh\u00e0 cung c\u1ea5p m\u00e1y l\u00e0m ng\u00f4 nghi\u1ec1n<\/a> tr\u00ean th\u1ecb tr\u01b0\u1eddng l\u00e0:<\/p>    <ul class=\"wp-block-list\"> <li><strong>C\u00f4ng ngh\u1ec7 ti\u00ean ti\u1ebfn<\/strong>. Taizy c\u00f3 nhi\u1ec1u n\u0103m kinh nghi\u1ec7m trong vi\u1ec7c ph\u00e1t tri\u1ec3n v\u00e0 s\u1ea3n xu\u1ea5t thi\u1ebft b\u1ecb ch\u1ebf bi\u1ebfn ng\u00f4. <\/li>    <li><strong>ch\u1ea5t l\u01b0\u1ee3ng \u0111\u00e1ng tin c\u1eady<\/strong>. S\u1ea3n ph\u1ea9m c\u1ee7a ch\u00fang t\u00f4i \u0111\u01b0\u1ee3c l\u00e0m b\u1eb1ng v\u1eadt li\u1ec7u ch\u1ea5t l\u01b0\u1ee3ng cao v\u00e0 c\u00f3 \u0111\u1ed9 b\u1ec1n cao. V\u00ed d\u1ee5, c\u1ea5u tr\u00fac b\u00ean trong c\u1ee7a m\u00e1y l\u00e0m b\u1ed9t ng\u00f4 c\u1ee7a ch\u00fang t\u00f4i l\u00e0 th\u00e9p.<\/li>    <li><strong>D\u1ecbch v\u1ee5 t\u00f9y ch\u1ec9nh<\/strong>. Ch\u00fang t\u00f4i cung c\u1ea5p c\u00e1c gi\u1ea3i ph\u00e1p t\u00f9y ch\u1ec9nh theo nhu c\u1ea7u c\u1ee7a b\u1ea1n.<\/li>    <li><strong>D\u1ecbch v\u1ee5 h\u1eadu m\u00e3i \u0111\u00e1ng tin c\u1eady<\/strong>. Ki\u1ec3m tra m\u00e1y, hoa h\u1ed3ng, h\u01b0\u1edbng d\u1eabn v\u1eadn h\u00e0nh, h\u01b0\u1edbng d\u1eabn tr\u1ef1c tuy\u1ebfn, v.v.<\/li> <\/ul>   <div class=\"wp-block-image\"> <figure class=\"aligncenter size-full\"><img loading=\"lazy\" decoding=\"async\" width=\"720\" height=\"500\" src=\"https:\/\/taizyagromachine.com\/wp-content\/uploads\/2024\/09\/maize-corn-grits-flour-milling-processing-plant.webp\" alt=\"nh\u00e0 m\u00e1y ch\u1ebf bi\u1ebfn b\u1ed9t ng\u00f4 nghi\u1ec1n b\u1ed9t ng\u00f4\" class=\"wp-image-7083\" srcset=\"https:\/\/taizyagromachine.com\/wp-content\/uploads\/2024\/09\/maize-corn-grits-flour-milling-processing-plant.webp 720w, https:\/\/taizyagromachine.com\/wp-content\/uploads\/2024\/09\/maize-corn-grits-flour-milling-processing-plant-18x12.webp 18w\" sizes=\"auto, (max-width: 720px) 100vw, 720px\" \/><figcaption class=\"wp-element-caption\">nh\u00e0 m\u00e1y ch\u1ebf bi\u1ebfn b\u1ed9t ng\u00f4 nghi\u1ec1n b\u1ed9t ng\u00f4<\/figcaption><\/figure> <\/div>   <h2 class=\"wp-block-heading\"><strong>Li\u00ean h\u1ec7 v\u1edbi ch\u00fang t\u00f4i ngay b\u00e2y gi\u1edd \u0111\u1ec3 bi\u1ebft th\u00eam chi ti\u1ebft!<\/strong><\/h2>    <p class=\"translation-block\">N\u1ebfu b\u1ea1n quan t\u00e2m \u0111\u1ebfn nh\u00e0 m\u00e1y ch\u1ebf bi\u1ebfn ng\u00f4 nghi\u1ec1n Taizy ho\u1eb7c c\u00f3 b\u1ea5t k\u1ef3 c\u00e2u h\u1ecfi n\u00e0o, vui l\u00f2ng li\u00ean h\u1ec7 v\u1edbi ch\u00fang t\u00f4i. Ch\u00fang t\u00f4i s\u1ebd vui l\u00f2ng cung c\u1ea5p th\u00f4ng tin chi ti\u1ebft v\u00e0 g\u1ee3i \u00fd \u0111\u1ec3 gi\u00fap b\u1ea1n ch\u1ecdn thi\u1ebft b\u1ecb ph\u00f9 h\u1ee3p nh\u1ea5t \u0111\u1ec3 \u0111\u00e1p \u1ee9ng nhu c\u1ea7u ch\u1ebf bi\u1ebfn <a href=\"https:\/\/en.wikipedia.org\/wiki\/Grits\" target=\"_blank\" rel=\"noopener\">ng\u00f4 nghi\u1ec1n<\/a>.<\/p>","protected":false},"excerpt":{"rendered":"<p>Nh\u00e0 m\u00e1y nghi\u1ec1n ng\u00f4 Taizy d\u00f9ng \u0111\u1ec3 ch\u1ebf bi\u1ebfn ng\u00f4 th\u00e0nh b\u1ed9t ng\u00f4 l\u1edbn, nh\u1ecf v\u00e0 b\u1ed9t ng\u00f4 b\u1eb1ng ph\u01b0\u01a1ng ph\u00e1p \u01b0\u1edbt. K\u00edch th\u01b0\u1edbc s\u1ea3n ph\u1ea9m cu\u1ed1i c\u00f9ng l\u00e0 0,8-8mm. <\/p>","protected":false},"author":1,"featured_media":7072,"parent":0,"template":"","tags":[228,226,227],"product-type":[27],"class_list":["post-7059","product","type-product","status-publish","has-post-thumbnail","hentry","tag-corn-flour","tag-corn-grits","tag-maize-grits","product-type-solutions"],"_links":{"self":[{"href":"https:\/\/taizyagromachine.com\/vi\/wp-json\/wp\/v2\/product\/7059","targetHints":{"allow":["GET"]}}],"collection":[{"href":"https:\/\/taizyagromachine.com\/vi\/wp-json\/wp\/v2\/product"}],"about":[{"href":"https:\/\/taizyagromachine.com\/vi\/wp-json\/wp\/v2\/types\/product"}],"author":[{"embeddable":true,"href":"https:\/\/taizyagromachine.com\/vi\/wp-json\/wp\/v2\/users\/1"}],"wp:featuredmedia":[{"embeddable":true,"href":"https:\/\/taizyagromachine.com\/vi\/wp-json\/wp\/v2\/media\/7072"}],"wp:attachment":[{"href":"https:\/\/taizyagromachine.com\/vi\/wp-json\/wp\/v2\/media?parent=7059"}],"wp:term":[{"taxonomy":"post_tag","embeddable":true,"href":"https:\/\/taizyagromachine.com\/vi\/wp-json\/wp\/v2\/tags?post=7059"},{"taxonomy":"product-type","embeddable":true,"href":"https:\/\/taizyagromachine.com\/vi\/wp-json\/wp\/v2\/product-type?post=7059"}],"curies":[{"name":"wp","href":"https:\/\/api.w.org\/{rel}","templated":true}]}}