{"id":7334,"date":"2024-11-27T17:40:53","date_gmt":"2024-11-27T09:40:53","guid":{"rendered":"https:\/\/taizyagromachine.com\/?post_type=product&#038;p=7334"},"modified":"2024-11-28T10:50:08","modified_gmt":"2024-11-28T02:50:08","slug":"no-till-corn-planter-machine","status":"publish","type":"product","link":"https:\/\/taizyagromachine.com\/vi\/product\/no-till-corn-planter-machine\/","title":{"rendered":"M\u00e1y tr\u1ed3ng ng\u00f4 kh\u00f4ng c\u1ea7n c\u00e0y cho m\u00e1y k\u00e9o"},"content":{"rendered":"<p class=\"translation-block\">M\u00e1y <strong>gieo h\u1ea1t ng\u00f4<\/strong> n\u00e0y l\u00e0 d\u00f2ng 2BYSF v\u00e0 c\u00f3 th\u1ec3 b\u00f3n ph\u00e2n v\u00e0 gieo h\u1ea1t ng\u00f4, \u0111\u1eadu n\u00e0nh ho\u1eb7c c\u00e2y sorghum \u1edf v\u00f9ng \u0111\u1ed3ng b\u1eb1ng v\u00e0 \u0111\u1ed3i n\u00fai. N\u00f3 \u0111\u01b0\u1ee3c thi\u1ebft k\u1ebf \u0111\u1ec3 ho\u1ea1t \u0111\u1ed9ng v\u1edbi m\u00e1y k\u00e9o 4 b\u00e1nh (12-100hp), cho vi\u1ec7c tr\u1ed3ng tr\u1ecdt quy m\u00f4 l\u1edbn.<\/p>    <p>M\u00e1y tr\u1ed3ng ng\u00f4 Taizy c\u00f3 kho\u1ea3ng c\u00e1ch h\u00e0ng 428-570mm, kho\u1ea3ng c\u00e1ch c\u00e2y 140-280mm v\u00e0 \u0111\u1ed9 s\u00e2u m\u01b0\u01a1ng 60-80mm. \u0110\u00e2y l\u00e0 nh\u1eefng \u0111i\u1ec1u ch\u1ec9nh \u0111\u1ec3 \u0111\u00e1p \u1ee9ng nhu c\u1ea7u gieo ng\u00f4 c\u1ee7a b\u1ea1n. <\/p>    <p>V\u1edbi hi\u1ec7u qu\u1ea3 cao, \u0111\u1ed9 ch\u00ednh x\u00e1c v\u00e0 t\u00ednh linh ho\u1ea1t, n\u00f3 \u0111\u00e3 tr\u1edf th\u00e0nh m\u1ed9t c\u00f4ng c\u1ee5 quan tr\u1ecdng \u0111\u1ec3 tr\u1ed3ng tr\u1ecdt n\u00f4ng nghi\u1ec7p hi\u1ec7n \u0111\u1ea1i h\u00f3a. N\u1ebfu b\u1ea1n \u0111ang t\u00ecm ki\u1ebfm m\u1ed9t m\u00e1y tr\u1ed3ng ng\u00f4, vui l\u00f2ng li\u00ean h\u1ec7 v\u1edbi ch\u00fang t\u00f4i \u0111\u1ec3 bi\u1ebft th\u00eam chi ti\u1ebft!<\/p>    <figure class=\"wp-block-embed is-type-video is-provider-youtube wp-block-embed-youtube wp-embed-aspect-16-9 wp-has-aspect-ratio\"><div class=\"wp-block-embed__wrapper\"> <iframe loading=\"lazy\" title=\"M\u00e1y tr\u1ed3ng ng\u00f4 cho m\u00e1y k\u00e9o hi\u1ec7u qu\u1ea3 | Tr\u1ed3ng ng\u00f4 c\u00f3 \u0111\u1ed9 ch\u00ednh x\u00e1c cao | M\u00e1y tr\u1ed3ng ng\u00f4 kh\u00f4ng c\u1ea7n c\u00e0y x\u1edbi\" width=\"500\" height=\"281\" src=\"https:\/\/www.youtube.com\/embed\/RaK92i2FgL4?feature=oembed\" frameborder=\"0\" allow=\"accelerometer; autoplay; clipboard-write; encrypted-media; gyroscope; picture-in-picture; web-share\" referrerpolicy=\"strict-origin-when-cross-origin\" allowfullscreen><\/iframe> <\/div><figcaption class=\"wp-element-caption\">video b\u00e1n ch\u1eadu tr\u1ed3ng c\u00e2y theo h\u00e0ng<\/figcaption><\/figure>    <h2 class=\"wp-block-heading\"><strong>\u01afu \u0111i\u1ec3m c\u1ee7a m\u00e1y gieo h\u1ea1t ng\u00f4<\/strong><\/h2>    <ul class=\"wp-block-list\"> <li><strong>Gieo nhi\u1ec1u h\u00e0ng<\/strong>: n\u00f3 th\u01b0\u1eddng c\u00f3 th\u1ec3 gieo 2, 3, 4, 5 ho\u1eb7c th\u1eadm ch\u00ed nhi\u1ec1u h\u00e0ng v\u00e0 c\u00f3 th\u1ec3 ho\u00e0n th\u00e0nh vi\u1ec7c tr\u1ed3ng tr\u00ean di\u1ec7n t\u00edch l\u1edbn ch\u1ec9 trong m\u1ed9t l\u1ea7n v\u1eadn h\u00e0nh.<\/li>    <li><strong>Ki\u1ec3m so\u00e1t ch\u00ednh x\u00e1c<\/strong>: c\u00f3 th\u1ec3 \u0111i\u1ec1u ch\u1ec9nh \u0111\u1ed9 s\u00e2u gieo h\u1ea1t, kho\u1ea3ng c\u00e1ch v\u00e0 kho\u1ea3ng c\u00e1ch h\u00e0ng \u0111\u1ec3 \u0111\u1ea3m b\u1ea3o gieo h\u1ea1t g\u1ecdn g\u00e0ng v\u00e0 t\u1ef7 l\u1ec7 n\u1ea3y m\u1ea7m c\u1ee7a h\u1ea1t.<\/li>    <li><strong>Ho\u1ea1t \u0111\u1ed9ng hi\u1ec7u qu\u1ea3<\/strong>: d\u1ef1a v\u00e0o l\u1ef1c k\u00e9o c\u1ee7a m\u00e1y k\u00e9o, n\u00f3 ph\u00f9 h\u1ee3p cho vi\u1ec7c tr\u1ed3ng tr\u1ecdt tr\u00ean \u0111\u1ea5t n\u00f4ng nghi\u1ec7p di\u1ec7n t\u00edch l\u1edbn v\u00e0 bao ph\u1ee7 di\u1ec7n t\u00edch r\u1ed9ng ch\u1ec9 trong m\u1ed9t thao t\u00e1c, gi\u00fap c\u1ea3i thi\u1ec7n \u0111\u00e1ng k\u1ec3 hi\u1ec7u qu\u1ea3 tr\u1ed3ng tr\u1ecdt.<\/li>    <li><strong>\u0110a ch\u1ee9c n\u0103ng<\/strong>: m\u00e1y gieo h\u1ea1t n\u00e0y h\u1ed7 tr\u1ee3 ho\u1ea1t \u0111\u1ed9ng \u0111\u1ed3ng th\u1eddi c\u1ee7a vi\u1ec7c b\u00f3n ph\u00e2n, th\u1ef1c hi\u1ec7n vi\u1ec7c t\u00edch h\u1ee3p gi\u1eefa gieo h\u1ea1t v\u00e0 b\u00f3n ph\u00e2n.<\/li>    <li><strong>B\u1ea3o tr\u00ec d\u1ec5 d\u00e0ng<\/strong>: k\u1ebft c\u1ea5u thi\u1ebft b\u1ecb \u0111\u01a1n gi\u1ea3n, \u0111\u1ed9 b\u1ec1n cao, ph\u00f9 h\u1ee3p v\u1edbi nhi\u1ec1u ho\u1ea1t \u0111\u1ed9ng c\u01b0\u1eddng \u0111\u1ed9 cao.<\/li> <\/ul>   <div class=\"wp-block-image\"> <figure class=\"aligncenter size-full\"><img loading=\"lazy\" decoding=\"async\" width=\"720\" height=\"540\" src=\"https:\/\/taizyagromachine.com\/wp-content\/uploads\/2024\/11\/Taizy-corn-and-soybean-planter.webp\" alt=\"M\u00e1y tr\u1ed3ng ng\u00f4 v\u00e0 \u0111\u1eadu n\u00e0nh Taizy\" class=\"wp-image-7351\" srcset=\"https:\/\/taizyagromachine.com\/wp-content\/uploads\/2024\/11\/Taizy-corn-and-soybean-planter.webp 720w, https:\/\/taizyagromachine.com\/wp-content\/uploads\/2024\/11\/Taizy-corn-and-soybean-planter-16x12.webp 16w\" sizes=\"auto, (max-width: 720px) 100vw, 720px\" \/><figcaption class=\"wp-element-caption\">M\u00e1y tr\u1ed3ng ng\u00f4 v\u00e0 \u0111\u1eadu n\u00e0nh Taizy<\/figcaption><\/figure> <\/div>   <h2 class=\"wp-block-heading\"><strong>Th\u00f4ng s\u1ed1 k\u1ef9 thu\u1eadt c\u1ee7a m\u00e1y tr\u1ed3ng ng\u00f4<\/strong><\/h2>    <p>L\u00e0 nh\u00e0 s\u1ea3n xu\u1ea5t v\u00e0 s\u1ea3n xu\u1ea5t thi\u1ebft b\u1ecb n\u00f4ng nghi\u1ec7p chuy\u00ean nghi\u1ec7p, ch\u00fang t\u00f4i c\u00f3 c\u00e1c lo\u1ea1i m\u00e1y tr\u1ed3ng ng\u00f4 v\u1edbi nhi\u1ec1u k\u00edch c\u1ee1 h\u00e0ng kh\u00e1c nhau. Ng\u01b0\u1eddi tr\u1ed3ng c\u00e2y c\u1ee7a ch\u00fang t\u00f4i c\u00f3 th\u1ec3 \u0111i\u1ec1u ch\u1ec9nh kho\u1ea3ng c\u00e1ch c\u00e2y v\u00e0 h\u00e0ng. Vui l\u00f2ng tham kh\u1ea3o b\u1ea3ng sau \u0111\u1ec3 bi\u1ebft chi ti\u1ebft th\u00f4ng s\u1ed1 c\u1ee5 th\u1ec3.<\/p>    <figure class=\"wp-block-table\"><table class=\"has-fixed-layout\"><tbody><tr><td>Ng\u01b0\u1eddi m\u1eabu<\/td><td>2BYSF-2<\/td><td>2BYSF-3<\/td><td>2BYSF-4<\/td><td>2BYSF-5<\/td><td>2BYSF-6<\/td><td>2BYSF-8<\/td><\/tr><tr><td>K\u00edch c\u1ee1<\/td><td>1,57 * 1,3 * 1,2m<\/td><td>1,57 * 1,7 * 1,2m<\/td><td>1,62 * 2,35 * 1,2m<\/td><td>1,62 * 2,75 * 1,2m<\/td><td>1,62 * 3,35 * 1,2m<\/td><td>1,64 * 4,6 * 1,2m<\/td><\/tr><tr><td>H\u00e0ng ngang<\/td><td>2<\/td><td>3<\/td><td>4<\/td><td>5<\/td><td>6<\/td><td>8<\/td><\/tr><tr><td>Kho\u1ea3ng c\u00e1ch h\u00e0ng<\/td><td>428-570mm<\/td><td>428-570mm<\/td><td>428-570mm<\/td><td>428-570mm<\/td><td>428-570mm<\/td><td>428-570mm<\/td><\/tr><tr><td>Kho\u1ea3ng c\u00e1ch c\u00e2y<\/td><td>140-280mm<\/td><td>140-280mm<\/td><td>140-280mm<\/td><td>140-280mm<\/td><td>140-280mm<\/td><td>140-280mm<\/td><\/tr><tr><td>\u0110\u1ed9 s\u00e2u m\u01b0\u01a1ng<\/td><td>60-80mm<\/td><td>60-80mm<\/td><td>60-80mm<\/td><td>60-80mm<\/td><td>60-80mm<\/td><td>60-80mm<\/td><\/tr><tr><td>\u0110\u1ed9 s\u00e2u th\u1ee5 tinh<\/td><td>60-80mm<\/td><td>60-80mm<\/td><td>60-80mm<\/td><td>60-80mm<\/td><td>60-80mm<\/td><td>60-80mm<\/td><\/tr><tr><td>\u0110\u1ed9 s\u00e2u gieo h\u1ea1t<\/td><td>30-50mm<\/td><td>30-50mm<\/td><td>30-50mm<\/td><td>30-50mm<\/td><td>30-50mm<\/td><td>30-50mm<\/td><\/tr><tr><td>Dung t\u00edch th\u00f9ng ph\u00e2n b\u00f3n<\/td><td>18,75Lx2<\/td><td>18,75Lx3<\/td><td>18,75Lx4<\/td><td>18,75Lx5<\/td><td>18,75Lx6<\/td><td>18,75Lx8<\/td><\/tr><tr><td>Dung t\u00edch h\u1ed9p h\u1ea1t gi\u1ed1ng<\/td><td>8,5Lx2<\/td><td>8,5Lx3<\/td><td>8,5Lx4<\/td><td>8,5Lx5<\/td><td>8,5Lx6<\/td><td>8,5Lx8<\/td><\/tr><tr><td>C\u00e2n n\u1eb7ng<\/td><td>150kg<\/td><td>200kg<\/td><td>295kg<\/td><td>360kg<\/td><td>425kg<\/td><td>650kg<\/td><\/tr><tr><td>S\u1ee9c m\u1ea1nh ph\u00f9 h\u1ee3p<\/td><td>&nbsp;12-18 m\u00e3 l\u1ef1c<\/td><td>15-25 m\u00e3 l\u1ef1c<\/td><td>25-40 m\u00e3 l\u1ef1c<\/td><td>40-60 m\u00e3 l\u1ef1c<\/td><td>50-80 m\u00e3 l\u1ef1c<\/td><td>75-100 m\u00e3 l\u1ef1c<\/td><\/tr><tr><td>Li\u00ean k\u1ebft<\/td><td>&nbsp;3 c\u00e1nh<\/td><td>&nbsp;3 c\u00e1nh<\/td><td>&nbsp;3 c\u00e1nh<\/td><td>&nbsp;3 c\u00e1nh<\/td><td>&nbsp;3 c\u00e1nh<\/td><td>&nbsp;3 c\u00e1nh<\/td><\/tr><\/tbody><\/table><figcaption class=\"wp-element-caption\">d\u1eef li\u1ec7u k\u1ef9 thu\u1eadt c\u1ee7a m\u00e1y tr\u1ed3ng ng\u00f4 3 \u0111i\u1ec3m \u0111\u1ec3 b\u00e1n<\/figcaption><\/figure>    <h2 class=\"wp-block-heading\"><strong>C\u1ea5u t\u1ea1o c\u1ee7a m\u00e1y tr\u1ed3ng ng\u00f4 h\u00e0ng Taizy<\/strong><\/h2>    <p>M\u00e1y tr\u1ed3ng ng\u00f4 v\u00e0 \u0111\u1eadu n\u00e0y bao g\u1ed3m h\u1ed9p \u0111\u1ef1ng h\u1ea1t ng\u00f4, h\u1ed9p ph\u00e2n b\u00f3n, b\u1ed9 \u0111i\u1ec1u ch\u1ec9nh kho\u1ea3ng c\u00e1ch h\u00e0ng, b\u1ed9 \u0111i\u1ec1u ch\u1ec9nh kho\u1ea3ng c\u00e1ch h\u1ea1t ng\u00f4, d\u1ee5ng c\u1ee5 m\u1edf r\u00e3nh, thi\u1ebft b\u1ecb ph\u1ee7 \u0111\u1ea5t, v.v.<\/p>    <ul class=\"wp-block-list\"> <li><strong>H\u1ed9p h\u1ea1t gi\u1ed1ng:<\/strong> c\u00f4ng su\u1ea5t l\u1edbn, c\u00f3 th\u1ec3 \u0111\u00e1p \u1ee9ng nhu c\u1ea7u ho\u1ea1t \u0111\u1ed9ng li\u00ean t\u1ee5c trong th\u1eddi gian d\u00e0i.<\/li>    <li><strong>D\u1ee5ng c\u1ee5 m\u1edf r\u00e3nh<\/strong>: \u0111\u1ed9 s\u00e2u m\u1edf r\u00e3nh \u0111\u1ec1u, ph\u00f9 h\u1ee3p v\u1edbi nhi\u1ec1u \u0111i\u1ec1u ki\u1ec7n \u0111\u1ea5t \u0111ai kh\u00e1c nhau.<\/li>    <li><strong>Thi\u1ebft b\u1ecb ph\u1ee7<\/strong>: n\u00f3 c\u00f3 th\u1ec3 nhanh ch\u00f3ng ho\u00e0n th\u00e0nh thao t\u00e1c ph\u1ee7 \u0111\u1ea5t sau khi gieo v\u00e0 b\u1ea3o v\u1ec7 m\u00f4i tr\u01b0\u1eddng ph\u00e1t tri\u1ec3n c\u1ee7a h\u1ea1t gi\u1ed1ng.<\/li>    <li><strong>H\u1ec7 th\u1ed1ng \u0111i\u1ec1u ch\u1ec9nh kho\u1ea3ng c\u00e1ch h\u00e0ng<\/strong>: \u0111i\u1ec1u ch\u1ec9nh linh ho\u1ea1t kho\u1ea3ng c\u00e1ch h\u00e0ng gieo h\u1ea1t, ph\u00f9 h\u1ee3p v\u1edbi nhu c\u1ea7u c\u1ee7a t\u1eebng lo\u1ea1i c\u00e2y tr\u1ed3ng kh\u00e1c nhau.<\/li> <\/ul>   <div class=\"wp-block-image\"> <figure class=\"aligncenter size-full\"><img loading=\"lazy\" decoding=\"async\" width=\"720\" height=\"540\" src=\"https:\/\/taizyagromachine.com\/wp-content\/uploads\/2024\/11\/structure-of-maize-planting-machine.webp\" alt=\"c\u1ea5u t\u1ea1o c\u1ee7a m\u00e1y tr\u1ed3ng ng\u00f4\" class=\"wp-image-7338\" srcset=\"https:\/\/taizyagromachine.com\/wp-content\/uploads\/2024\/11\/structure-of-maize-planting-machine.webp 720w, https:\/\/taizyagromachine.com\/wp-content\/uploads\/2024\/11\/structure-of-maize-planting-machine-16x12.webp 16w\" sizes=\"auto, (max-width: 720px) 100vw, 720px\" \/><figcaption class=\"wp-element-caption\">c\u1ea5u t\u1ea1o c\u1ee7a m\u00e1y tr\u1ed3ng ng\u00f4<\/figcaption><\/figure> <\/div>   <h2 class=\"wp-block-heading\"><strong>M\u00e1y tr\u1ed3ng ng\u00f4 3 \u0111i\u1ec3m ho\u1ea1t \u0111\u1ed9ng nh\u01b0 th\u1ebf n\u00e0o?<\/strong><\/h2>    <p>Th\u00f4ng qua h\u1ec7 th\u1ed1ng truy\u1ec1n l\u1ef1c, lo\u1ea1i m\u00e1y gieo h\u1ea1t ng\u00f4 n\u00e0y s\u1eed d\u1ee5ng l\u1ef1c k\u00e9o c\u1ee7a m\u00e1y k\u00e9o \u0111\u1ec3 ho\u00e0n th\u00e0nh c\u00e1c ho\u1ea1t \u0111\u1ed9ng m\u1edf lu\u1ed1ng, gieo h\u1ea1t, ph\u1ee7 v\u00e0 n\u00e9n.<\/p>    <p> \u0110\u1ea7u ti\u00ean, m\u00e1y m\u1edf r\u00e3nh c\u1ee7a m\u00e1y s\u1ebd t\u1ea1o r\u00e3nh c\u00f3 \u0111\u1ed9 s\u00e2u th\u00edch h\u1ee3p trong \u0111\u1ea5t. H\u1ec7 th\u1ed1ng ph\u00e2n ph\u1ed1i h\u1ea1t gi\u1ed1ng r\u1ea3i \u0111\u1ec1u c\u00e1c h\u1ea1t ng\u00f4 v\u00e0o lu\u1ed1ng, sau \u0111\u00f3 d\u00f9ng thi\u1ebft b\u1ecb che ph\u1ee7 \u0111\u1ec3 ho\u00e0n thi\u1ec7n vi\u1ec7c che ph\u1ee7 h\u1ea1t. \u0110\u1ed3ng th\u1eddi, thi\u1ebft b\u1ecb n\u00e9n n\u00e9n \u0111\u1ea5t \u0111\u1ec3 \u0111\u1ea3m b\u1ea3o h\u1ea1t ti\u1ebfp x\u00fac ho\u00e0n to\u00e0n v\u1edbi \u0111\u1ea5t v\u00e0 th\u00fac \u0111\u1ea9y qu\u00e1 tr\u00ecnh n\u1ea3y m\u1ea7m. <\/p>    <p class=\"translation-block\">To\u00e0n b\u1ed9 quy tr\u00ecnh di\u1ec5n ra t\u1ef1 \u0111\u1ed9ng v\u00e0 hi\u1ec7u qu\u1ea3, gi\u1ea3m thi\u1ec3u nhu c\u1ea7u lao \u0111\u1ed9ng. C\u0169ng c\u00f3 th\u1ec3 gieo l\u00faa mi\u1ebfn ho\u1eb7c <a href=\"https:\/\/en.wikipedia.org\/wiki\/Soybean\" target=\"_blank\" rel=\"noopener\">\u0111\u1eadu t\u01b0\u01a1ng<\/a> b\u1eb1ng c\u00e1ch thay \u0111\u1ed5i \u0111\u0129a gieo h\u1ea1t.<\/p>   <div class=\"wp-block-image\"> <figure class=\"aligncenter size-full\"><img loading=\"lazy\" decoding=\"async\" width=\"800\" height=\"800\" src=\"https:\/\/taizyagromachine.com\/wp-content\/uploads\/2024\/11\/three-point-hitch-corn-planter-machine.webp\" alt=\"m\u00e1y tr\u1ed3ng ng\u00f4 ba \u0111i\u1ec3m\" class=\"wp-image-7353\" srcset=\"https:\/\/taizyagromachine.com\/wp-content\/uploads\/2024\/11\/three-point-hitch-corn-planter-machine.webp 800w, https:\/\/taizyagromachine.com\/wp-content\/uploads\/2024\/11\/three-point-hitch-corn-planter-machine-12x12.webp 12w\" sizes=\"auto, (max-width: 800px) 100vw, 800px\" \/><figcaption class=\"wp-element-caption\">m\u00e1y tr\u1ed3ng ng\u00f4 ba \u0111i\u1ec3m<\/figcaption><\/figure> <\/div>   <h2 class=\"wp-block-heading\"><strong>Gi\u00e1 m\u00e1y tr\u1ed3ng ng\u00f4 l\u00e0 bao nhi\u00eau?<\/strong><\/h2>    <p>Gi\u00e1 c\u1ee7a m\u00e1y tr\u1ed3ng ng\u00f4 kh\u00f4ng c\u1ea7n x\u1edbi thay \u0111\u1ed5i t\u00f9y theo m\u1eabu m\u00e3, ph\u1ee5 ki\u1ec7n, th\u1eddi gian v\u1eadn chuy\u1ec3n, th\u01b0\u01a1ng hi\u1ec7u v\u00e0 hi\u1ec7u su\u1ea5t. N\u00f3i chung, c\u00e0ng nhi\u1ec1u h\u00e0ng th\u00ec gi\u00e1 m\u00e1y c\u00e0ng cao. V\u00ed d\u1ee5, m\u00e1y tr\u1ed3ng ng\u00f4 4 h\u00e0ng \u0111\u1eaft h\u01a1n m\u00e1y tr\u1ed3ng ng\u00f4 2 h\u00e0ng.<\/p>    <p>M\u00e1y gieo h\u1ea1t ng\u00f4 g\u1eafn tr\u00ean m\u00e1y k\u00e9o Taizy kh\u00f4ng ch\u1ec9 \u0111\u1ea3m b\u1ea3o ch\u1ea5t l\u01b0\u1ee3ng m\u00e0 c\u00f2n cung c\u1ea5p m\u1ee9c gi\u00e1 c\u1ea1nh tranh tr\u00ean th\u1ecb tr\u01b0\u1eddng, \u0111\u00e1p \u1ee9ng t\u00fai ti\u1ec1n v\u00e0 nhu c\u1ea7u c\u1ee7a kh\u00e1ch h\u00e0ng. N\u1ebfu mu\u1ed1n gi\u00e1 c\u1ee5 th\u1ec3, h\u00e3y li\u00ean h\u1ec7 v\u1edbi ch\u00fang t\u00f4i v\u00e0 ch\u00fang t\u00f4i s\u1ebd cung c\u1ea5p b\u00e1o gi\u00e1 chi ti\u1ebft theo y\u00eau c\u1ea7u c\u1ee7a b\u1ea1n.<\/p>    <figure class=\"wp-block-gallery has-nested-images columns-default is-cropped wp-block-gallery-2 is-layout-flex wp-block-gallery-is-layout-flex\"> <figure class=\"wp-block-image size-large\"><img loading=\"lazy\" decoding=\"async\" width=\"800\" height=\"800\" data-id=\"7350\" src=\"https:\/\/taizyagromachine.com\/wp-content\/uploads\/2024\/11\/no-till-2-row-corn-planter-with-fertilizer.webp\" alt=\"kh\u00f4ng c\u1ea7n tr\u1ed3ng ng\u00f4 2 h\u00e0ng c\u00f3 b\u00f3n ph\u00e2n\" class=\"wp-image-7350\" srcset=\"https:\/\/taizyagromachine.com\/wp-content\/uploads\/2024\/11\/no-till-2-row-corn-planter-with-fertilizer.webp 800w, https:\/\/taizyagromachine.com\/wp-content\/uploads\/2024\/11\/no-till-2-row-corn-planter-with-fertilizer-12x12.webp 12w\" sizes=\"auto, (max-width: 800px) 100vw, 800px\" \/><figcaption class=\"wp-element-caption\">kh\u00f4ng c\u1ea7n tr\u1ed3ng ng\u00f4 2 h\u00e0ng c\u00f3 b\u00f3n ph\u00e2n<\/figcaption><\/figure>    <figure class=\"wp-block-image size-large\"><img loading=\"lazy\" decoding=\"async\" width=\"800\" height=\"800\" data-id=\"7348\" src=\"https:\/\/taizyagromachine.com\/wp-content\/uploads\/2024\/11\/3-row-planter-for-sale.webp\" alt=\"C\u1ea7n b\u00e1n ch\u1eadu tr\u1ed3ng c\u00e2y 3 h\u00e0ng\" class=\"wp-image-7348\" srcset=\"https:\/\/taizyagromachine.com\/wp-content\/uploads\/2024\/11\/3-row-planter-for-sale.webp 800w, https:\/\/taizyagromachine.com\/wp-content\/uploads\/2024\/11\/3-row-planter-for-sale-12x12.webp 12w\" sizes=\"auto, (max-width: 800px) 100vw, 800px\" \/><figcaption class=\"wp-element-caption\">C\u1ea7n b\u00e1n ch\u1eadu tr\u1ed3ng c\u00e2y 3 h\u00e0ng<\/figcaption><\/figure>    <figure class=\"wp-block-image size-large\"><img loading=\"lazy\" decoding=\"async\" width=\"800\" height=\"800\" data-id=\"7349\" src=\"https:\/\/taizyagromachine.com\/wp-content\/uploads\/2024\/11\/4-row-corn-planter-machine-with-tractor.webp\" alt=\"M\u00e1y tr\u1ed3ng ng\u00f4 4 h\u00e0ng c\u00f3 m\u00e1y k\u00e9o\" class=\"wp-image-7349\" srcset=\"https:\/\/taizyagromachine.com\/wp-content\/uploads\/2024\/11\/4-row-corn-planter-machine-with-tractor.webp 800w, https:\/\/taizyagromachine.com\/wp-content\/uploads\/2024\/11\/4-row-corn-planter-machine-with-tractor-12x12.webp 12w\" sizes=\"auto, (max-width: 800px) 100vw, 800px\" \/><figcaption class=\"wp-element-caption\">M\u00e1y tr\u1ed3ng ng\u00f4 4 h\u00e0ng c\u00f3 m\u00e1y k\u00e9o<\/figcaption><\/figure> <\/figure>    <h2 class=\"wp-block-heading\"><strong>T\u1ea1i sao n\u00ean ch\u1ecdn m\u00e1y gieo h\u1ea1t ng\u00f4 Taizy l\u00e0 l\u1ef1a ch\u1ecdn h\u00e0ng \u0111\u1ea7u c\u1ee7a b\u1ea1n?<\/strong><\/h2>    <p>Ng\u01b0\u1eddi tr\u1ed3ng ng\u00f4 ng\u00f4 c\u1ee7a ch\u00fang t\u00f4i c\u00f3 nh\u1eefng \u01b0u \u0111i\u1ec3m sau \u0111\u1ec3 thu h\u00fat kh\u00e1ch h\u00e0ng tr\u00ean th\u1ecb tr\u01b0\u1eddng qu\u1ed1c t\u1ebf:<\/p>    <ul class=\"wp-block-list\"> <li><strong>\u0110\u1ea3m b\u1ea3o ch\u1ea5t l\u01b0\u1ee3ng cao<\/strong>: Taizy t\u1ef1 s\u1ea3n xu\u1ea5t v\u00e0 b\u00e1n c\u00e1c s\u1ea3n ph\u1ea9m c\u1ee7a m\u00ecnh \u0111\u1ec3 \u0111\u1ea3m b\u1ea3o thi\u1ebft b\u1ecb ho\u1ea1t \u0111\u1ed9ng \u1ed5n \u0111\u1ecbnh v\u00e0 tu\u1ed5i th\u1ecd l\u00e2u d\u00e0i.<\/li>    <li><strong>D\u1ecbch v\u1ee5 m\u1ed9t c\u1eeda<\/strong>: ch\u00fang t\u00f4i kh\u00f4ng ch\u1ec9 c\u00f3 nhi\u1ec1u lo\u1ea1i m\u00e1y tr\u1ed3ng ng\u00f4 m\u00e0 c\u00f2n <a href=\"https:\/\/taizyagromachine.com\/vi\/product\/single-row-corn-harvester\/\">m\u00e1y g\u1eb7t ng\u00f4<\/a>, m\u00e1y tu\u1ed1t l\u00faa, m\u00e1y xay ng\u00f4, v.v. B\u1ea1n c\u00f3 th\u1ec3 mua m\u00e1y l\u00e0m ng\u00f4 m\u00e0 b\u1ea1n c\u1ea7n ch\u1ec9 b\u1eb1ng c\u00e1ch g\u00f5 m\u1ed9t l\u1ea7n \u1edf Taizy.<\/li>    <li><strong>D\u1ecbch v\u1ee5 h\u1eadu m\u00e3i<\/strong>: ch\u00fang t\u00f4i cung c\u1ea5p d\u1ecbch v\u1ee5 h\u1ed7 tr\u1ee3 k\u1ef9 thu\u1eadt v\u00e0 b\u1ea3o tr\u00ec to\u00e0n di\u1ec7n \u0111\u1ec3 \u0111\u1ea3m b\u1ea3o r\u1eb1ng b\u1ea1n kh\u00f4ng ph\u1ea3i lo l\u1eafng.<\/li>    <li><strong>Nh\u1eadn di\u1ec7n kh\u00e1ch h\u00e0ng<\/strong>: m\u00e1y tr\u1ed3ng ng\u00f4 \u0111\u01b0\u1ee3c \u01b0a chu\u1ed9ng r\u1ed9ng r\u00e3i tr\u00ean th\u1ecb tr\u01b0\u1eddng qu\u1ed1c t\u1ebf, \u0111\u01b0\u1ee3c kh\u00e1ch h\u00e0ng h\u00e0i l\u00f2ng cao.<\/li> <\/ul>    <h2 class=\"wp-block-heading\"><strong>Tr\u01b0\u1eddng h\u1ee3p th\u00e0nh c\u00f4ng: xu\u1ea5t kh\u1ea9u 16 b\u1ed9 m\u00e1y tr\u1ed3ng ng\u00f4 sang Anh<\/strong><\/h2>    <p>M\u1ed9t kh\u00e1ch h\u00e0ng \u0111\u1ebfn t\u1eeb Anh, \u0111i\u1ec1u h\u00e0nh m\u1ed9t c\u00f4ng ty kinh doanh m\u00e1y m\u00f3c n\u00f4ng nghi\u1ec7p, \u0111\u00e3 ch\u1ecdn m\u00e1y tr\u1ed3ng ng\u00f4 Taizy sau khi so s\u00e1nh m\u1ed9t s\u1ed1 th\u01b0\u01a1ng hi\u1ec7u. Kh\u00e1ch h\u00e0ng mua c\u00f9ng l\u00fac 16 b\u1ed9 m\u00e1y tr\u1ed3ng ng\u00f4 3 h\u00e0ng, 4 h\u00e0ng v\u00e0 5 h\u00e0ng, ch\u1ee7 y\u1ebfu xu\u1ea5t kh\u1ea9u sang th\u1ecb tr\u01b0\u1eddng Ch\u00e2u Phi.<\/p>    <p>Kh\u00e1ch h\u00e0ng h\u00e0i l\u00f2ng v\u1edbi hi\u1ec7u su\u1ea5t hi\u1ec7u qu\u1ea3 v\u00e0 kh\u1ea3 n\u0103ng tr\u1ed3ng ch\u00ednh x\u00e1c c\u1ee7a m\u00e1y, \u0111\u1ed3ng th\u1eddi \u0111\u00e1nh gi\u00e1 cao gi\u1ea3i ph\u00e1p b\u1ed1c x\u1ebfp v\u00e0 d\u1ecbch v\u1ee5 v\u1eadn chuy\u1ec3n chuy\u00ean nghi\u1ec7p c\u1ee7a Taizy. Tr\u01b0\u1eddng h\u1ee3p h\u1ee3p t\u00e1c n\u00e0y n\u00eau b\u1eadt ch\u1ea5t l\u01b0\u1ee3ng cao v\u00e0 \u1ee9ng d\u1ee5ng r\u1ed9ng r\u00e3i c\u1ee7a thi\u1ebft b\u1ecb tr\u1ed3ng tr\u1ecdt Taize.<\/p>    <figure class=\"wp-block-gallery has-nested-images columns-default is-cropped wp-block-gallery-3 is-layout-flex wp-block-gallery-is-layout-flex\"> <figure class=\"wp-block-image size-large\"><img loading=\"lazy\" decoding=\"async\" width=\"720\" height=\"540\" data-id=\"7343\" src=\"https:\/\/taizyagromachine.com\/wp-content\/uploads\/2024\/11\/seed-drill-in-the-factory.webp\" alt=\"m\u00e1y gieo h\u1ea1t trong nh\u00e0 m\u00e1y\" class=\"wp-image-7343\" srcset=\"https:\/\/taizyagromachine.com\/wp-content\/uploads\/2024\/11\/seed-drill-in-the-factory.webp 720w, https:\/\/taizyagromachine.com\/wp-content\/uploads\/2024\/11\/seed-drill-in-the-factory-16x12.webp 16w\" sizes=\"auto, (max-width: 720px) 100vw, 720px\" \/><figcaption class=\"wp-element-caption\">m\u00e1y gieo h\u1ea1t trong nh\u00e0 m\u00e1y<\/figcaption><\/figure>    <figure class=\"wp-block-image size-large\"><img loading=\"lazy\" decoding=\"async\" width=\"720\" height=\"540\" data-id=\"7342\" src=\"https:\/\/taizyagromachine.com\/wp-content\/uploads\/2024\/11\/maize-seed-planter-package.webp\" alt=\"g\u00f3i tr\u1ed3ng ng\u00f4\" class=\"wp-image-7342\" srcset=\"https:\/\/taizyagromachine.com\/wp-content\/uploads\/2024\/11\/maize-seed-planter-package.webp 720w, https:\/\/taizyagromachine.com\/wp-content\/uploads\/2024\/11\/maize-seed-planter-package-16x12.webp 16w\" sizes=\"auto, (max-width: 720px) 100vw, 720px\" \/><figcaption class=\"wp-element-caption\">g\u00f3i tr\u1ed3ng ng\u00f4<\/figcaption><\/figure> <\/figure>    <figure class=\"wp-block-gallery has-nested-images columns-default is-cropped wp-block-gallery-4 is-layout-flex wp-block-gallery-is-layout-flex\"> <figure class=\"wp-block-image size-large\"><img loading=\"lazy\" decoding=\"async\" width=\"720\" height=\"720\" data-id=\"7345\" src=\"https:\/\/taizyagromachine.com\/wp-content\/uploads\/2024\/11\/4-row-corn-planter-machine-in-the-container.webp\" alt=\"M\u00e1y tr\u1ed3ng ng\u00f4 4 h\u00e0ng trong th\u00f9ng\" class=\"wp-image-7345\" srcset=\"https:\/\/taizyagromachine.com\/wp-content\/uploads\/2024\/11\/4-row-corn-planter-machine-in-the-container.webp 720w, https:\/\/taizyagromachine.com\/wp-content\/uploads\/2024\/11\/4-row-corn-planter-machine-in-the-container-12x12.webp 12w\" sizes=\"auto, (max-width: 720px) 100vw, 720px\" \/><figcaption class=\"wp-element-caption\">M\u00e1y tr\u1ed3ng ng\u00f4 4 h\u00e0ng trong th\u00f9ng<\/figcaption><\/figure>    <figure class=\"wp-block-image size-large\"><img loading=\"lazy\" decoding=\"async\" width=\"720\" height=\"720\" data-id=\"7346\" src=\"https:\/\/taizyagromachine.com\/wp-content\/uploads\/2024\/11\/machine-delivery-1.webp\" alt=\"giao m\u00e1y\" class=\"wp-image-7346\" srcset=\"https:\/\/taizyagromachine.com\/wp-content\/uploads\/2024\/11\/machine-delivery-1.webp 720w, https:\/\/taizyagromachine.com\/wp-content\/uploads\/2024\/11\/machine-delivery-1-12x12.webp 12w\" sizes=\"auto, (max-width: 720px) 100vw, 720px\" \/><figcaption class=\"wp-element-caption\">giao m\u00e1y<\/figcaption><\/figure> <\/figure>    <h2 class=\"wp-block-heading\"><strong>Li\u00ean h\u1ec7 v\u1edbi ch\u00fang t\u00f4i ngay b\u00e2y gi\u1edd \u0111\u1ec3 \u0111\u01b0\u1ee3c b\u00e1o gi\u00e1 mi\u1ec5n ph\u00ed!<\/strong><\/h2>    <p>B\u1ea1n mu\u1ed1n bi\u1ebft th\u00eam v\u1ec1 m\u00e1y tr\u1ed3ng ng\u00f4 Taizy? Cho d\u00f9 \u0111\u00f3 l\u00e0 c\u1ea5u h\u00ecnh s\u1ea3n ph\u1ea9m, chi ti\u1ebft v\u1ec1 gi\u00e1 hay d\u1ecbch v\u1ee5 h\u1eadu c\u1ea7n, ch\u00fang t\u00f4i s\u1eb5n s\u00e0ng cung c\u1ea5p c\u00e1c c\u00e2u tr\u1ea3 l\u1eddi chuy\u00ean nghi\u1ec7p. H\u00e3y li\u00ean h\u1ec7 ngay v\u1edbi ch\u00fang t\u00f4i \u0111\u1ec3 c\u00f3 gi\u1ea3i ph\u00e1p chuy\u00ean bi\u1ec7t v\u00e0 gi\u00e1 c\u1ea3 \u01b0u \u0111\u00e3i!<\/p>","protected":false},"excerpt":{"rendered":"<p>M\u00e1y tr\u1ed3ng ng\u00f4 n\u00e0y thu\u1ed9c d\u00f2ng 2BYSF, c\u00f3 th\u1ec3 b\u00f3n ph\u00e2n v\u00e0 gieo h\u1ea1t ng\u00f4 \u1edf v\u00f9ng \u0111\u1ed3ng b\u1eb1ng v\u00e0 \u0111\u1ed3i n\u00fai. N\u00f3 ho\u1ea1t \u0111\u1ed9ng v\u1edbi m\u00e1y k\u00e9o 4 b\u00e1nh (12-100 m\u00e3 l\u1ef1c).<\/p>","protected":false},"author":1,"featured_media":7337,"parent":0,"template":"","tags":[235,234],"product-type":[17],"class_list":["post-7334","product","type-product","status-publish","has-post-thumbnail","hentry","tag-corn","tag-corn-planting","product-type-corn-machine"],"_links":{"self":[{"href":"https:\/\/taizyagromachine.com\/vi\/wp-json\/wp\/v2\/product\/7334","targetHints":{"allow":["GET"]}}],"collection":[{"href":"https:\/\/taizyagromachine.com\/vi\/wp-json\/wp\/v2\/product"}],"about":[{"href":"https:\/\/taizyagromachine.com\/vi\/wp-json\/wp\/v2\/types\/product"}],"author":[{"embeddable":true,"href":"https:\/\/taizyagromachine.com\/vi\/wp-json\/wp\/v2\/users\/1"}],"wp:featuredmedia":[{"embeddable":true,"href":"https:\/\/taizyagromachine.com\/vi\/wp-json\/wp\/v2\/media\/7337"}],"wp:attachment":[{"href":"https:\/\/taizyagromachine.com\/vi\/wp-json\/wp\/v2\/media?parent=7334"}],"wp:term":[{"taxonomy":"post_tag","embeddable":true,"href":"https:\/\/taizyagromachine.com\/vi\/wp-json\/wp\/v2\/tags?post=7334"},{"taxonomy":"product-type","embeddable":true,"href":"https:\/\/taizyagromachine.com\/vi\/wp-json\/wp\/v2\/product-type?post=7334"}],"curies":[{"name":"wp","href":"https:\/\/api.w.org\/{rel}","templated":true}]}}