{"id":7370,"date":"2024-12-04T14:37:28","date_gmt":"2024-12-04T06:37:28","guid":{"rendered":"https:\/\/taizyagromachine.com\/?post_type=product&#038;p=7370"},"modified":"2024-12-11T11:44:56","modified_gmt":"2024-12-11T03:44:56","slug":"wholesale-maize-shelling-machine","status":"publish","type":"product","link":"https:\/\/taizyagromachine.com\/vi\/product\/wholesale-maize-shelling-machine\/","title":{"rendered":"B\u00e1n bu\u00f4n m\u00e1y b\u00f3c v\u1ecf ng\u00f4"},"content":{"rendered":"<p class=\"translation-block\">M\u00e1y <strong>xay ng\u00f4 Taizy<\/strong> \u0111\u01b0\u1ee3c thi\u1ebft k\u1ebf m\u1edbi cho vi\u1ec7c t\u00e1ch v\u1ecf ng\u00f4 v\u1edbi c\u00f4ng su\u1ea5t 4000-6000kg\/h. N\u00f3 thu\u1ed9c d\u00f2ng 5TYM, c\u00f3 t\u1ef7 l\u1ec7 b\u1ebb g\u00e3y \u22641.5%, v\u00e0 t\u1ef7 l\u1ec7 t\u00e1ch v\u1ecf \u226598%. M\u00e1y t\u00e1ch v\u1ecf ng\u00f4 n\u00e0y c\u00f3 th\u1ec3 s\u1eed d\u1ee5ng \u0111\u1ed9ng c\u01a1 \u0111i\u1ec7n, \u0111\u1ed9ng c\u01a1 x\u0103ng ho\u1eb7c \u0111\u1ed9ng c\u01a1 diesel l\u00e0m ngu\u1ed3n n\u0103ng l\u01b0\u1ee3ng cho m\u00e1y.<\/p>    <p>Ngo\u00e0i ra, m\u00e1y c\u00f3 th\u1ec3 s\u1eed d\u1ee5ng l\u1ed1p v\u00e0 khung l\u1edbn n\u00ean \u0111\u01b0\u1ee3c kh\u00e1ch h\u00e0ng ch\u00e2u Phi \u01b0a chu\u1ed9ng. \u0110\u00e2y l\u00e0 m\u00f4 h\u00ecnh m\u1edbi l\u00fd t\u01b0\u1edfng nh\u1ea5t cho c\u00e1c v\u00f9ng s\u1ea3n xu\u1ea5t ng\u00f4, trang tr\u1ea1i v\u00e0 chuy\u00ean gia. M\u00e1y c\u1ee7a ch\u00fang t\u00f4i th\u01b0\u1eddng \u0111\u01b0\u1ee3c b\u00e1n bu\u00f4n cho kh\u00e1ch h\u00e0ng \u1edf c\u00e1c qu\u1ed1c gia kh\u00e1c nhau, ch\u1eb3ng h\u1ea1n nh\u01b0 Nicaragua. N\u1ebfu b\u1ea1n mu\u1ed1n bi\u1ebft th\u00eam, vui l\u00f2ng li\u00ean h\u1ec7 v\u1edbi ch\u00fang t\u00f4i b\u1ea5t c\u1ee9 l\u00fac n\u00e0o!<\/p>    <figure class=\"wp-block-embed is-type-video is-provider-youtube wp-block-embed-youtube wp-embed-aspect-16-9 wp-has-aspect-ratio\"><div class=\"wp-block-embed__wrapper\"> <iframe loading=\"lazy\" title=\"T\u1ea1i sao n\u00ean mua m\u00e1y b\u00f3c v\u1ecf ng\u00f4 c\u00f3 b\u00e1nh xe l\u1edbn v\u00e0 ch\u00e2n \u0111\u1ebf n\u00e0y? M\u00e1y b\u00f3c v\u1ecf ng\u00f4 #cornsheller\" width=\"500\" height=\"281\" src=\"https:\/\/www.youtube.com\/embed\/kxEESK82j0A?feature=oembed\" frameborder=\"0\" allow=\"accelerometer; autoplay; clipboard-write; encrypted-media; gyroscope; picture-in-picture; web-share\" referrerpolicy=\"strict-origin-when-cross-origin\" allowfullscreen><\/iframe> <\/div><figcaption class=\"wp-element-caption\">video m\u00e1y b\u00f3c v\u1ecf ng\u00f4<\/figcaption><\/figure>    <h2 class=\"wp-block-heading\"><strong>\u01afu \u0111i\u1ec3m c\u1ee7a m\u00e1y b\u00f3c v\u1ecf ng\u00f4 m\u1edbi<\/strong><\/h2>    <ul class=\"wp-block-list\"> <li>M\u00e1y c\u00f3 th\u1ec3 ch\u1ebf bi\u1ebfn 4-6 t\u1ea5n ng\u00f4\/gi\u1edd \u0111\u00e1p \u1ee9ng nhu c\u1ea7u s\u1ea3n xu\u1ea5t quy m\u00f4 l\u1edbn, hi\u1ec7u qu\u1ea3 cao.<\/li>    <li>M\u00e1y \u00e1p d\u1ee5ng thi\u1ebft k\u1ebf \u0111\u1eadp l\u00faa khoa h\u1ecdc, gi\u1ea3m t\u1ef7 l\u1ec7 v\u1ee1 h\u1ea1t ng\u00f4 (t\u1ef7 l\u1ec7 v\u1ee1 1,5%).<\/li>    <li>Lo\u1ea1i m\u00e1y n\u00e0y c\u00f3 th\u1ec3 \u0111\u01b0\u1ee3c trang b\u1ecb b\u00e1nh xe l\u1edbn v\u00e0 khung k\u00e9o, th\u00edch h\u1ee3p cho vi\u1ec7c di chuy\u1ec3n gi\u1eefa c\u00e1c c\u00e1nh \u0111\u1ed3ng, c\u00f4ng tr\u01b0\u1eddng.<\/li>    <li>M\u00e1y b\u00f3c v\u1ecf ng\u00f4 c\u1ee7a ch\u00fang t\u00f4i c\u00f3 kh\u1ed1i l\u01b0\u1ee3ng nh\u1ecf, k\u1ebft c\u1ea5u nh\u1ecf g\u1ecdn, v\u1eadn h\u00e0nh v\u00e0 b\u1ea3o tr\u00ec thu\u1eadn ti\u1ec7n.<\/li> <\/ul>    <figure class=\"wp-block-gallery has-nested-images columns-default is-cropped wp-block-gallery-2 is-layout-flex wp-block-gallery-is-layout-flex\"> <figure class=\"wp-block-image size-large\"><img loading=\"lazy\" decoding=\"async\" width=\"720\" height=\"540\" data-id=\"7375\" src=\"https:\/\/taizyagromachine.com\/wp-content\/uploads\/2024\/12\/cost-effective-corn-shelling-machine.webp\" alt=\"m\u00e1y b\u00f3c v\u1ecf ng\u00f4 hi\u1ec7u qu\u1ea3\" class=\"wp-image-7375\" srcset=\"https:\/\/taizyagromachine.com\/wp-content\/uploads\/2024\/12\/cost-effective-corn-shelling-machine.webp 720w, https:\/\/taizyagromachine.com\/wp-content\/uploads\/2024\/12\/cost-effective-corn-shelling-machine-16x12.webp 16w\" sizes=\"auto, (max-width: 720px) 100vw, 720px\" \/><figcaption class=\"wp-element-caption\">m\u00e1y b\u00f3c v\u1ecf ng\u00f4 hi\u1ec7u qu\u1ea3<\/figcaption><\/figure>    <figure class=\"wp-block-image size-large\"><img loading=\"lazy\" decoding=\"async\" width=\"720\" height=\"540\" data-id=\"7376\" src=\"https:\/\/taizyagromachine.com\/wp-content\/uploads\/2024\/12\/maize-sheller-with-big-tyres-and-frame.webp\" alt=\"m\u00e1y b\u00f3c v\u1ecf ng\u00f4 v\u1edbi l\u1ed1p v\u00e0 khung l\u1edbn\" class=\"wp-image-7376\" srcset=\"https:\/\/taizyagromachine.com\/wp-content\/uploads\/2024\/12\/maize-sheller-with-big-tyres-and-frame.webp 720w, https:\/\/taizyagromachine.com\/wp-content\/uploads\/2024\/12\/maize-sheller-with-big-tyres-and-frame-16x12.webp 16w\" sizes=\"auto, (max-width: 720px) 100vw, 720px\" \/><figcaption class=\"wp-element-caption\">m\u00e1y b\u00f3c v\u1ecf ng\u00f4 v\u1edbi l\u1ed1p v\u00e0 khung l\u1edbn<\/figcaption><\/figure> <\/figure>    <h2 class=\"wp-block-heading\"><strong>D\u1eef li\u1ec7u k\u1ef9 thu\u1eadt c\u1ee7a m\u00e1y b\u00f3c v\u1ecf ng\u00f4 th\u01b0\u01a1ng m\u1ea1i<\/strong><\/h2>    <figure class=\"wp-block-table\"><table><tbody><tr><td>Ng\u01b0\u1eddi m\u1eabu<\/td><td>5TYM-850<\/td><\/tr><tr><td>Dung t\u00edch<\/td><td>4000-6000kg\/gi\u1edd<\/td><\/tr><tr><td>T\u1ef7 l\u1ec7 ph\u00e1 v\u1ee1<\/td><td>.5%<\/td><\/tr><tr><td>T\u1ef7 l\u1ec7 \u0111\u1eadp<\/td><td>\u226598%<\/td><\/tr><tr><td>S\u1ee9c m\u1ea1nh ph\u00f9 h\u1ee3p<\/td><td>\u22655,5-7,5kw<\/td><\/tr><tr><td>C\u00e2n n\u1eb7ng<\/td><td>340kg<\/td><\/tr><\/tbody><\/table><figcaption class=\"wp-element-caption\">th\u00f4ng s\u1ed1 c\u1ee7a m\u00e1y b\u00f3c v\u1ecf ng\u00f4<\/figcaption><\/figure>    <p>L\u01b0u \u00fd: \u0111\u1ed9 \u1ea9m c\u1ee7a h\u1ea1t l\u00e0 15%-20%, t\u1ef7 l\u1ec7 gi\u1eefa h\u1ea1t v\u00e0 c\u1ecf l\u00e0 0,4%-1,0%.<\/p>    <h2 class=\"wp-block-heading\"><strong>C\u1ea5u t\u1ea1o c\u1ee7a m\u00e1y b\u00f3c v\u1ecf ng\u00f4<\/strong><\/h2>    <p>C\u1ea5u tr\u00fac c\u1ee7a n\u00f3 r\u1ea5t d\u1ec5 hi\u1ec3u, bao g\u1ed3m qu\u1ea1t, \u0111\u1ea7u v\u00e0o, \u0111\u1ea7u ra h\u1ea1t ng\u00f4, \u0111\u1ea7u ra l\u00f5i ng\u00f4, ngu\u1ed3n \u0111i\u1ec7n, v.v.<\/p>   <div class=\"wp-block-image\"> <figure class=\"aligncenter size-full\"><img loading=\"lazy\" decoding=\"async\" width=\"720\" height=\"540\" src=\"https:\/\/taizyagromachine.com\/wp-content\/uploads\/2024\/12\/structure-of-maize-sheller-machine.webp\" alt=\"c\u1ea5u t\u1ea1o c\u1ee7a m\u00e1y b\u00f3c v\u1ecf ng\u00f4\" class=\"wp-image-7372\" srcset=\"https:\/\/taizyagromachine.com\/wp-content\/uploads\/2024\/12\/structure-of-maize-sheller-machine.webp 720w, https:\/\/taizyagromachine.com\/wp-content\/uploads\/2024\/12\/structure-of-maize-sheller-machine-16x12.webp 16w\" sizes=\"auto, (max-width: 720px) 100vw, 720px\" \/><figcaption class=\"wp-element-caption\">c\u1ea5u t\u1ea1o c\u1ee7a m\u00e1y b\u00f3c v\u1ecf ng\u00f4<\/figcaption><\/figure> <\/div>   <h2 class=\"wp-block-heading\"><strong>M\u00e1y b\u00f3c v\u1ecf ng\u00f4 ho\u1ea1t \u0111\u1ed9ng nh\u01b0 th\u1ebf n\u00e0o?<\/strong><\/h2>    <p>Khi tu\u1ed1t, l\u00f5i ng\u00f4 \u0111i v\u00e0o bu\u1ed3ng t\u00e1ch t\u1eeb c\u1ed5ng ti\u1ebfp li\u1ec7u. Vi\u1ec7c \u0111\u1eadp l\u00faa \u0111\u01b0\u1ee3c th\u1ef1c hi\u1ec7n b\u1eb1ng c\u00e1ch d\u00f9ng r\u0103ng \u0111\u1eadp v\u00e0 ch\u00e0 x\u00e1t ng\u00f4. C\u00e1c h\u1ea1t ng\u00f4 \u0111\u00e3 \u0111\u1eadp r\u01a1i xu\u1ed1ng m\u00e0n rung th\u00f4ng qua t\u1ea5m tr\u01b0\u1ee3t h\u1ea1t. <\/p>    <p>D\u01b0\u1edbi s\u1ef1 rung c\u1ee7a s\u00e0ng, c\u00e1c h\u1ea1t r\u01a1i xu\u1ed1ng s\u00e0ng rung, c\u00e1c l\u00f5i v\u1ee1 s\u1ebd \u0111\u01b0\u1ee3c l\u1eafc ra kh\u1ecfi m\u00e1y tr\u00ean b\u1ec1 m\u1eb7t s\u00e0ng. C\u00e1m v\u00e0 m\u1ea3nh v\u1ee5n \u0111\u01b0\u1ee3c h\u00fat v\u00e0o m\u00e1y th\u1ed5i v\u00e0 th\u1ea3i ra kh\u1ecfi m\u00e1y trong qu\u00e1 tr\u00ecnh r\u01a1i xu\u1ed1ng t\u1eeb l\u1ed7 h\u00fat. L\u00f5i ng\u00f4 \u0111\u01b0\u1ee3c th\u1ea3i qua c\u1eeda x\u1ea3 d\u01b0\u1edbi l\u1ef1c \u0111\u1ea9y c\u1ee7a tr\u1ed1ng.<\/p>   <div class=\"wp-block-image\"> <figure class=\"aligncenter size-full\"><img loading=\"lazy\" decoding=\"async\" width=\"720\" height=\"540\" src=\"https:\/\/taizyagromachine.com\/wp-content\/uploads\/2024\/12\/small-maize-sheller-machine-for-corn-threshing.webp\" alt=\"m\u00e1y b\u00f3c v\u1ecf ng\u00f4 nh\u1ecf \u0111\u1ec3 \u0111\u1eadp ng\u00f4\" class=\"wp-image-7373\" srcset=\"https:\/\/taizyagromachine.com\/wp-content\/uploads\/2024\/12\/small-maize-sheller-machine-for-corn-threshing.webp 720w, https:\/\/taizyagromachine.com\/wp-content\/uploads\/2024\/12\/small-maize-sheller-machine-for-corn-threshing-16x12.webp 16w\" sizes=\"auto, (max-width: 720px) 100vw, 720px\" \/><figcaption class=\"wp-element-caption\">m\u00e1y b\u00f3c v\u1ecf ng\u00f4 nh\u1ecf \u0111\u1ec3 \u0111\u1eadp ng\u00f4<\/figcaption><\/figure> <\/div>   <h2 class=\"wp-block-heading\"><strong>Gi\u00e1 m\u00e1y b\u00f3c v\u1ecf ng\u00f4 l\u00e0 bao nhi\u00eau?<\/strong><\/h2>    <p>Gi\u00e1 m\u00e1y b\u00f3c v\u1ecf ng\u00f4 Taizy thay \u0111\u1ed5i t\u00f9y theo t\u00ednh n\u0103ng, c\u00f4ng su\u1ea5t, hi\u1ec7u su\u1ea5t tu\u1ed1t c\u1ee7a m\u00e1y v\u00e0 c\u00e1c t\u00ednh n\u0103ng b\u1ed5 sung nh\u01b0 t\u00ednh di \u0111\u1ed9ng v\u00e0 t\u00e1ch t\u1ea1p ch\u1ea5t. M\u00e1y c\u00e0ng c\u00f3 nhi\u1ec1u t\u00ednh n\u0103ng, c\u00f4ng su\u1ea5t th\u00ec gi\u00e1 m\u00e1y c\u00e0ng cao.<\/p>    <p>N\u1ebfu b\u1ea1n mu\u1ed1n bi\u1ebft gi\u00e1 m\u00e1y c\u1ee5 th\u1ec3 c\u00f3 th\u1ec3 li\u00ean h\u1ec7 tr\u1ef1c ti\u1ebfp v\u1edbi Taizy. Ch\u00fang t\u00f4i s\u1ebd ch\u1ecdn m\u00f4 h\u00ecnh ph\u00f9 h\u1ee3p v\u1edbi b\u1ea1n theo nhu c\u1ea7u v\u00e0 ng\u00e2n s\u00e1ch c\u1ee7a b\u1ea1n v\u00e0 \u0111\u1ec1 xu\u1ea5t ch\u01b0\u01a1ng tr\u00ecnh t\u1ed1t nh\u1ea5t.<\/p>    <h2 class=\"wp-block-heading\"><strong>Tr\u01b0\u1eddng h\u1ee3p th\u00e0nh c\u00f4ng: B\u00e1n bu\u00f4n m\u00e1y b\u00f3c v\u1ecf ng\u00f4 cho Nicaragua<\/strong><\/h2>    <p>M\u1ed9t kh\u00e1ch h\u00e0ng \u1edf Nicaragua g\u1ea7n \u0111\u00e2y \u0111\u00e3 \u0111\u1eb7t mua m\u1ed9t l\u00f4 m\u00e1y tu\u1ed1t ng\u00f4, t\u1ed5ng c\u1ed9ng 5 chi\u1ebfc, ch\u1ee7 y\u1ebfu ph\u1ee5c v\u1ee5 nhu c\u1ea7u b\u00e1n h\u00e0ng c\u1ee7a n\u00f4ng d\u00e2n \u0111\u1ecba ph\u01b0\u01a1ng v\u00e0 c\u00e1c nh\u00e0 ch\u1ebf bi\u1ebfn ng\u0169 c\u1ed1c. Kh\u00e1ch h\u00e0ng n\u00e0y lo ng\u1ea1i v\u1ec1 hi\u1ec7u su\u1ea5t c\u1ee7a m\u00e1y, gi\u00e1 c\u1ea3 v\u00e0 bao b\u00ec v\u1eadn chuy\u1ec3n, \u0111\u1ed3ng th\u1eddi y\u00eau c\u1ea7u \u0111\u1ea3m b\u1ea3o ch\u1ea5t l\u01b0\u1ee3ng m\u00e1y v\u00e0 an to\u00e0n v\u1eadn chuy\u1ec3n.<\/p>    <p>D\u1ef1a tr\u00ean nhu c\u1ea7u c\u1ee7a anh \u1ea5y, ch\u00fang t\u00f4i \u0111\u1ec1 xu\u1ea5t m\u00e1y b\u00f3c v\u1ecf ng\u00f4 c\u1ee1 l\u1edbn c\u00f3 hi\u1ec7u su\u1ea5t \u1ed5n \u0111\u1ecbnh, \u0111\u01b0\u1ee3c trang b\u1ecb b\u00e1nh xe l\u1edbn v\u00e0 khung k\u00e9o \u0111\u1ec3 d\u1ec5 d\u00e0ng di chuy\u1ec3n gi\u1eefa c\u00e1c trang tr\u1ea1i. \u0110\u1ed3ng th\u1eddi, ch\u00fang t\u00f4i cung c\u1ea5p bao b\u00ec v\u1ecf g\u1ed7 cho m\u1ed7i m\u00e1y \u0111\u1ec3 b\u1ea3o v\u1ec7 m\u00e1y kh\u1ecfi b\u1ecb h\u01b0 h\u1ecfng trong qu\u00e1 tr\u00ecnh v\u1eadn chuy\u1ec3n \u0111\u01b0\u1eddng bi\u1ec3n.<\/p>    <p>Sau khi kh\u00e1ch h\u00e0ng nh\u1eadn \u0111\u01b0\u1ee3c m\u00e1y v\u00e0 \u0111\u01b0a v\u00e0o s\u1eed d\u1ee5ng, hi\u1ec7u qu\u1ea3 \u0111\u1eadp cao v\u00e0 \u0111\u00e1p \u1ee9ng \u0111\u01b0\u1ee3c nhu c\u1ea7u th\u1ecb tr\u01b0\u1eddng trong n\u01b0\u1edbc, kh\u00e1ch h\u00e0ng b\u00e0y t\u1ecf s\u1ef1 h\u00e0i l\u00f2ng cao v\u00e0 l\u00ean k\u1ebf ho\u1ea1ch h\u1ee3p t\u00e1c s\u00e2u h\u01a1n.<\/p>    <figure class=\"wp-block-gallery has-nested-images columns-default is-cropped wp-block-gallery-3 is-layout-flex wp-block-gallery-is-layout-flex\"> <figure class=\"wp-block-image size-full\"><img loading=\"lazy\" decoding=\"async\" width=\"720\" height=\"540\" data-id=\"7374\" src=\"https:\/\/taizyagromachine.com\/wp-content\/uploads\/2024\/12\/maize-shelling-machine-manufacturer.webp\" alt=\"nh\u00e0 s\u1ea3n xu\u1ea5t m\u00e1y b\u00f3c v\u1ecf ng\u00f4\" class=\"wp-image-7374\" srcset=\"https:\/\/taizyagromachine.com\/wp-content\/uploads\/2024\/12\/maize-shelling-machine-manufacturer.webp 720w, https:\/\/taizyagromachine.com\/wp-content\/uploads\/2024\/12\/maize-shelling-machine-manufacturer-16x12.webp 16w\" sizes=\"auto, (max-width: 720px) 100vw, 720px\" \/><figcaption class=\"wp-element-caption\">nh\u00e0 s\u1ea3n xu\u1ea5t m\u00e1y b\u00f3c v\u1ecf ng\u00f4<\/figcaption><\/figure>    <figure class=\"wp-block-image size-full\"><img loading=\"lazy\" decoding=\"async\" width=\"720\" height=\"540\" data-id=\"7036\" src=\"https:\/\/taizyagromachine.com\/wp-content\/uploads\/2024\/09\/machine-package-ready-for-delivery.webp\" alt=\"g\u00f3i m\u00e1y \u0111\u00e3 s\u1eb5n s\u00e0ng \u0111\u1ec3 giao h\u00e0ng\" class=\"wp-image-7036\" srcset=\"https:\/\/taizyagromachine.com\/wp-content\/uploads\/2024\/09\/machine-package-ready-for-delivery.webp 720w, https:\/\/taizyagromachine.com\/wp-content\/uploads\/2024\/09\/machine-package-ready-for-delivery-16x12.webp 16w\" sizes=\"auto, (max-width: 720px) 100vw, 720px\" \/><figcaption class=\"wp-element-caption\">g\u00f3i m\u00e1y \u0111\u00e3 s\u1eb5n s\u00e0ng \u0111\u1ec3 giao h\u00e0ng<\/figcaption><\/figure> <\/figure>    <h2 class=\"wp-block-heading\"><strong>Li\u00ean h\u1ec7 v\u1edbi ch\u00fang t\u00f4i ngay b\u00e2y gi\u1edd \u0111\u1ec3 \u0111\u01b0\u1ee3c b\u00e1o gi\u00e1 mi\u1ec5n ph\u00ed!<\/strong><\/h2>    <p class=\"translation-block\">L\u00e0 m\u1ed9t nh\u00e0 cung c\u1ea5p m\u00e1y m\u00f3c n\u00f4ng nghi\u1ec7p c\u00f3 kinh nghi\u1ec7m, ch\u00fang t\u00f4i b\u00e1n nhi\u1ec1u lo\u1ea1i m\u00e1y ng\u00f4, nh\u01b0 <a href=\"https:\/\/taizyagromachine.com\/vi\/product\/fresh-corn-sheller\/\">m\u00e1y t\u00e1ch v\u1ecf ng\u00f4 ng\u1ecdt<\/a>, m\u00e1y nghi\u1ec1n b\u00faa, <a href=\"https:\/\/taizyagromachine.com\/vi\/product\/no-till-corn-planter-machine\/\">m\u00e1y gieo ng\u00f4<\/a>, v.v. <\/p>    <p class=\"translation-block\">B\u1ea1n \u0111ang t\u00ecm ki\u1ebfm thi\u1ebft b\u1ecb t\u00e1ch h\u1ea1t ng\u00f4 hi\u1ec7u qu\u1ea3 v\u1ec1 chi ph\u00ed? N\u1ebfu c\u00f3, h\u00e3y \u0111\u1ebfn v\u00e0 li\u00ean h\u1ec7 v\u1edbi ch\u00fang t\u00f4i ngay b\u00e2y gi\u1edd. Ch\u00fang t\u00f4i s\u1ebd cung c\u1ea5p gi\u1ea3i ph\u00e1p t\u00e1ch h\u1ea1t ng\u00f4 t\u1ed1t nh\u1ea5t v\u00e0 b\u00e1o gi\u00e1 mi\u1ec5n ph\u00ed \u0111\u1ec3 b\u1ea1n tham kh\u1ea3o.<\/p>    <figure class=\"wp-block-embed is-type-video is-provider-youtube wp-block-embed-youtube wp-embed-aspect-16-9 wp-has-aspect-ratio\"><div class=\"wp-block-embed__wrapper\"> <iframe loading=\"lazy\" title=\"M\u00e1y b\u00f3c v\u1ecf ng\u00f4 hi\u1ec7u qu\u1ea3 \u0111\u1ec3 b\u00f3c v\u1ecf ng\u00f4 t\u1ed1c \u0111\u1ed9 cao #cornsheller #maize #thresher\" width=\"500\" height=\"281\" src=\"https:\/\/www.youtube.com\/embed\/qpD6OqSDwFk?feature=oembed\" frameborder=\"0\" allow=\"accelerometer; autoplay; clipboard-write; encrypted-media; gyroscope; picture-in-picture; web-share\" referrerpolicy=\"strict-origin-when-cross-origin\" allowfullscreen><\/iframe> <\/div><figcaption class=\"wp-element-caption\">video m\u00e1y xay ng\u00f4<\/figcaption><\/figure>","protected":false},"excerpt":{"rendered":"<p>M\u00e1y b\u00f3c v\u1ecf ng\u00f4 Taizy \u0111\u01b0\u1ee3c thi\u1ebft k\u1ebf m\u1edbi \u0111\u1ec3 tu\u1ed1t ng\u00f4 v\u1edbi c\u00f4ng su\u1ea5t 4000-6000kg\/h, th\u01b0\u1eddng \u0111\u01b0\u1ee3c b\u00e1n bu\u00f4n \u0111i c\u00e1c n\u01b0\u1edbc.<\/p>","protected":false},"author":1,"featured_media":7371,"parent":0,"template":"","tags":[235,237,236],"product-type":[17],"class_list":["post-7370","product","type-product","status-publish","has-post-thumbnail","hentry","tag-corn","tag-shelling","tag-threshing","product-type-corn-machine"],"_links":{"self":[{"href":"https:\/\/taizyagromachine.com\/vi\/wp-json\/wp\/v2\/product\/7370","targetHints":{"allow":["GET"]}}],"collection":[{"href":"https:\/\/taizyagromachine.com\/vi\/wp-json\/wp\/v2\/product"}],"about":[{"href":"https:\/\/taizyagromachine.com\/vi\/wp-json\/wp\/v2\/types\/product"}],"author":[{"embeddable":true,"href":"https:\/\/taizyagromachine.com\/vi\/wp-json\/wp\/v2\/users\/1"}],"wp:featuredmedia":[{"embeddable":true,"href":"https:\/\/taizyagromachine.com\/vi\/wp-json\/wp\/v2\/media\/7371"}],"wp:attachment":[{"href":"https:\/\/taizyagromachine.com\/vi\/wp-json\/wp\/v2\/media?parent=7370"}],"wp:term":[{"taxonomy":"post_tag","embeddable":true,"href":"https:\/\/taizyagromachine.com\/vi\/wp-json\/wp\/v2\/tags?post=7370"},{"taxonomy":"product-type","embeddable":true,"href":"https:\/\/taizyagromachine.com\/vi\/wp-json\/wp\/v2\/product-type?post=7370"}],"curies":[{"name":"wp","href":"https:\/\/api.w.org\/{rel}","templated":true}]}}