{"id":7386,"date":"2024-12-12T17:43:44","date_gmt":"2024-12-12T09:43:44","guid":{"rendered":"https:\/\/taizyagromachine.com\/?post_type=product&#038;p=7386"},"modified":"2024-12-13T09:58:37","modified_gmt":"2024-12-13T01:58:37","slug":"mini-crawler-rotary-tiller","status":"publish","type":"product","link":"https:\/\/taizyagromachine.com\/vi\/product\/mini-crawler-rotary-tiller\/","title":{"rendered":"M\u00e1y x\u1edbi b\u00e1nh x\u00edch mini \u0111a ch\u1ee9c n\u0103ng"},"content":{"rendered":"<p class=\"translation-block\">Taizy <strong>m\u00e1y cu\u1ed1c \u0111\u1ea5t ki\u1ec3u b\u00e1nh x\u00edch quay<\/strong> l\u00e0 m\u00e1y x\u1edbi \u0111a ch\u1ee9c n\u0103ng m\u1edbi nh\u1ea5t, \u0111\u01b0\u1ee3c s\u1eed d\u1ee5ng \u0111\u1ec3 x\u00e9n h\u00e0ng v\u00e0 b\u00f3n ph\u00e2n cho nho, c\u00e2y \u0103n qu\u1ea3, d\u00e2y t\u01a1 h\u1ed3ng, v\u00e0 c\u00e1c c\u00e2y tr\u1ed3ng c\u00f3 gi\u00e1 tr\u1ecb kh\u00e1c.<\/p>    <p>M\u00e1y x\u1edbi b\u00e1nh x\u00edch si\u00eau nh\u1ecf n\u00e0y c\u00f3 ch\u1ee9c n\u0103ng \u0111\u00e0o r\u00e3nh, b\u00f3n ph\u00e2n, san l\u1ea5p t\u1ef1 \u0111\u1ed9ng, ho\u00e0n th\u00e0nh m\u1ed9t l\u1ea7n (ph\u00e2n b\u00f3n h\u00f3a h\u1ecdc + ph\u00e2n h\u1eefu c\u01a1), t\u00e1ch \u0111\u1ea5t x\u1edbi v\u00e0 ph\u00e2n b\u00f3n, l\u00e0m \u0111\u1ea5t lu\u00e2n phi\u00ean v\u00e0 l\u00e0m c\u1ecf.<\/p>    <p>N\u00f3 s\u1eed d\u1ee5ng c\u1ea5u tr\u00fac di chuy\u1ec3n b\u00e1nh x\u00edch v\u1edbi \u0111\u1ed9 b\u00e1m v\u00e0 \u0111\u1ed9 \u1ed5n \u0111\u1ecbnh tuy\u1ec7t v\u1eddi, r\u1ea5t th\u00edch h\u1ee3p \u0111\u1ec3 l\u00e0m vi\u1ec7c \u1edf \u0111\u1ecba h\u00ecnh l\u1ea7y l\u1ed9i, tr\u01a1n tr\u01b0\u1ee3t ho\u1eb7c kh\u00f4ng b\u1eb1ng ph\u1eb3ng. N\u1ebfu b\u1ea1n quan t\u00e2m, h\u00e3y li\u00ean h\u1ec7 v\u1edbi ch\u00fang t\u00f4i \u0111\u1ec3 bi\u1ebft th\u00eam chi ti\u1ebft!<\/p>    <figure class=\"wp-block-embed is-type-video is-provider-youtube wp-block-embed-youtube wp-embed-aspect-16-9 wp-has-aspect-ratio\"><div class=\"wp-block-embed__wrapper\"> <iframe loading=\"lazy\" title=\"M\u00e1y x\u1edbi \u0111\u1ea5t mini b\u00e1nh x\u00edch m\u1ea1nh m\u1ebd | Gi\u1ea3i ph\u00e1p canh t\u00e1c hi\u1ec7u qu\u1ea3: m\u00e1y x\u1edbi \u0111\u1ea5t n\u00f4ng nghi\u1ec7p vi m\u00f4 c\u00f3 \u0111\u01b0\u1eddng ray\" width=\"500\" height=\"281\" src=\"https:\/\/www.youtube.com\/embed\/VOv-FUahp0s?feature=oembed\" frameborder=\"0\" allow=\"accelerometer; autoplay; clipboard-write; encrypted-media; gyroscope; picture-in-picture; web-share\" referrerpolicy=\"strict-origin-when-cross-origin\" allowfullscreen><\/iframe> <\/div><figcaption class=\"wp-element-caption\">video m\u00e1y k\u00e9o b\u00e1nh x\u00edch h\u1ea1ng nh\u1eb9 c\u00f3 m\u00e1y x\u1edbi quay<\/figcaption><\/figure>    <h2 class=\"wp-block-heading\"><strong>\u01afu \u0111i\u1ec3m c\u1ee7a m\u00e1y x\u1edbi quay b\u00e1nh x\u00edch ch\u1ea1y b\u1eb1ng \u0111\u1ed9ng c\u01a1 diesel<\/strong><\/h2>    <ul class=\"wp-block-list\"> <li>M\u00e1y x\u1edbi quay m\u00e1y k\u00e9o b\u00e1nh x\u00edch c\u1ee7a ch\u00fang t\u00f4i l\u00e0 thi\u1ebft b\u1ecb n\u00f4ng nghi\u1ec7p hi\u1ec7u qu\u1ea3 v\u1edbi nhi\u1ec1u \u01b0u \u0111i\u1ec3m \u0111\u00e1ng k\u1ec3:<\/li>    <li>M\u00e1y th\u00f4ng qua <strong>thi\u1ebft k\u1ebf \u0111\u01b0\u1eddng ray cao su v\u1edbi hi\u1ec7u su\u1ea5t b\u00e1m ch\u1eafc ch\u1eafn<\/strong>, th\u00edch nghi v\u1edbi \u0111\u1ecba h\u00ecnh ph\u1ee9c t\u1ea1p.<\/li>    <li>N\u00f3 c\u00f3 m\u1ed9t <strong>k\u00edch th\u01b0\u1edbc nh\u1ecf v\u00e0 tay l\u00e1i linh ho\u1ea1t<\/strong>, th\u00edch h\u1ee3p cho n\u00fai, \u0111\u1ed3i, v\u01b0\u1eddn c\u00e2y \u0103n tr\u00e1i, nh\u00e0 k\u00ednh, v.v.<\/li>    <li>M\u00e1y x\u1edbi \u0111\u1ea5t thu th\u1eadp th\u00f4ng tin c\u1ee7a ch\u00fang t\u00f4i c\u00f3 th\u1ec3 \u0111\u01b0\u1ee3c s\u1eed d\u1ee5ng cho <strong>c\u00e0y quay, c\u00e0y x\u1edbi, san l\u1ea5p<\/strong> v\u00e0 c\u00e1c ho\u1ea1t \u0111\u1ed9ng n\u00f4ng nghi\u1ec7p kh\u00e1c c\u00f3 hi\u1ec7u qu\u1ea3 ho\u1ea1t \u0111\u1ed9ng cao.<\/li>    <li>So v\u1edbi m\u00e1y k\u00e9o c\u1ee1 l\u1edbn, m\u00e1y x\u1edbi b\u00e1nh x\u00edch mini c\u00f3 \u01b0u th\u1ebf h\u01a1n <strong>kinh t\u1ebf v\u00e0 thi\u1ebft th\u1ef1c h\u01a1n<\/strong>, \u0111\u1eb7c bi\u1ec7t th\u00edch h\u1ee3p cho c\u00e1c trang tr\u1ea1i nh\u1ecf ho\u1eb7c h\u1ed9 ch\u0103n nu\u00f4i c\u00e1 th\u1ec3.<\/li> <\/ul>   <div class=\"wp-block-image\"> <figure class=\"aligncenter size-full\"><img loading=\"lazy\" decoding=\"async\" width=\"720\" height=\"540\" src=\"https:\/\/taizyagromachine.com\/wp-content\/uploads\/2024\/12\/light-weighed-crawler-tractor-with-rotary-tiller.webp\" alt=\"m\u00e1y k\u00e9o b\u00e1nh x\u00edch h\u1ea1ng nh\u1eb9 c\u00f3 m\u00e1y x\u1edbi quay\" class=\"wp-image-7392\" srcset=\"https:\/\/taizyagromachine.com\/wp-content\/uploads\/2024\/12\/light-weighed-crawler-tractor-with-rotary-tiller.webp 720w, https:\/\/taizyagromachine.com\/wp-content\/uploads\/2024\/12\/light-weighed-crawler-tractor-with-rotary-tiller-16x12.webp 16w\" sizes=\"auto, (max-width: 720px) 100vw, 720px\" \/><figcaption class=\"wp-element-caption\">m\u00e1y k\u00e9o b\u00e1nh x\u00edch h\u1ea1ng nh\u1eb9 c\u00f3 m\u00e1y x\u1edbi quay<\/figcaption><\/figure> <\/div>   <h2 class=\"wp-block-heading\"><strong>Th\u00f4ng s\u1ed1 k\u1ef9 thu\u1eadt c\u1ee7a m\u00e1y x\u1edbi \u0111\u1ea5t b\u00e1nh x\u00edch mini <\/strong><\/h2>    <figure class=\"wp-block-table\"><table class=\"has-fixed-layout\"><tbody><tr><td><strong>C\u00e2n n\u1eb7ng<\/strong><strong><\/strong><\/td><td>650kg<\/td><td><strong>K\u00edch c\u1ee1<\/strong><strong><\/strong><\/td><td>2500*900*950mm<\/td><\/tr><tr><td><strong>Chi\u1ec1u cao m\u1eb7t \u0111\u1ea5t<\/strong><strong><\/strong><\/td><td>200mm<\/td><td><strong>Chi\u1ec1u r\u1ed9ng l\u00e0m \u0111\u1ea5t quay<\/strong><strong><\/strong><\/td><td>1000mm<\/td><\/tr><tr><td><strong>Thang m\u00e1y<\/strong><strong><\/strong><\/td><td>\u0110i\u1ec1u khi\u1ec3n th\u1ee7y l\u1ef1c<\/td><td><strong>T\u1ed1c \u0111\u1ed9 l\u00e0m vi\u1ec7c<\/strong><strong><\/strong><\/td><td>0,17-0,2ha\/h<\/td><\/tr><tr><td><strong>B\u00e1nh r\u0103ng<\/strong><strong><\/strong><\/td><td>3 s\u1ed1 ti\u1ebfn, 1 s\u1ed1 l\u00f9i<\/td><td><strong>C\u00f4ng t\u00e1c m\u00e1i d\u1ed1c<\/strong><strong><\/strong><\/td><td>45\u00b0<\/td><\/tr><tr><td><strong>Ph\u01b0\u01a1ng ph\u00e1p kh\u1edfi \u0111\u1ed9ng<\/strong><strong><\/strong><\/td><td>Kh\u1edfi \u0111\u1ed9ng \u0111i\u1ec7n<\/td><td><strong>ch\u1ec9 \u0111\u1ea1o<\/strong><strong><\/strong><\/td><td>C\u1ea7n \u0111i\u1ec1u khi\u1ec3n tr\u00e1i v\u00e0 ph\u1ea3i<\/td><\/tr><tr><td><strong>Ch\u1ee9c n\u0103ng<\/strong><strong><\/strong><\/td><td colspan=\"3\"><a href=\"https:\/\/en.wikipedia.org\/wiki\/Bulldozer\" target=\"_blank\" rel=\"noopener\">\u1ee7i \u0111\u1ea5t<\/a>, l\u00e0m \u0111\u1ea5t lu\u00e2n canh, \u0111\u00e0o r\u00e3nh, l\u00e0m c\u1ecf, san l\u1ea5p<\/td><\/tr><\/tbody><\/table><figcaption class=\"wp-element-caption\">th\u00f4ng s\u1ed1 k\u1ef9 thu\u1eadt c\u1ee7a m\u00e1y x\u1edbi quay b\u00e1nh x\u00edch<\/figcaption><\/figure>    <p>M\u00e1y x\u1edbi \u0111\u1ea5t ki\u1ec3u b\u00e1nh x\u00edch n\u00e0y c\u00f3 c\u00f4ng su\u1ea5t 0,17-0,2ha\/h, s\u1eed d\u1ee5ng kh\u1edfi \u0111\u1ed9ng b\u1eb1ng \u0111i\u1ec7n v\u00e0 n\u1eb7ng 650kg. Ngo\u00e0i ra, t\u1eeb b\u1ea3ng tr\u00ean, b\u1ea1n c\u00f3 th\u1ec3 bi\u1ebft k\u00edch th\u01b0\u1edbc, t\u1ed1c \u0111\u1ed9 l\u00e0m vi\u1ec7c, v.v. N\u1ebfu mu\u1ed1n bi\u1ebft th\u00eam chi ti\u1ebft, vui l\u00f2ng li\u00ean h\u1ec7 v\u1edbi ch\u00fang t\u00f4i!<\/p>    <h2 class=\"wp-block-heading\"><strong>C\u1ea5u t\u1ea1o c\u1ee7a m\u00e1y x\u1edbi quay b\u00e1nh x\u00edch si\u00eau nh\u1ecf<\/strong><\/h2>    <p>M\u00e1y x\u1edbi quay m\u00e1y k\u00e9o b\u00e1nh x\u00edch c\u1ee7a ch\u00fang t\u00f4i c\u00f3 c\u1ea5u tr\u00fac nh\u1ecf g\u1ecdn v\u00e0 h\u1ee3p l\u00fd, bao g\u1ed3m gi\u1ecf, \u0111\u1ed9ng c\u01a1 diesel, c\u1ea7n l\u00e1i, gh\u1ebf ng\u1ed3i, m\u00e1y x\u1edbi quay (ho\u1eb7c c\u00e1c d\u1ee5ng c\u1ee5 n\u00f4ng nghi\u1ec7p kh\u00e1c), b\u00e1nh x\u00edch, v.v.<\/p>   <div class=\"wp-block-image\"> <figure class=\"aligncenter size-full\"><img loading=\"lazy\" decoding=\"async\" width=\"720\" height=\"540\" src=\"https:\/\/taizyagromachine.com\/wp-content\/uploads\/2024\/12\/structure-of-mini-crawler-power-tiller.webp\" alt=\"c\u1ea5u t\u1ea1o c\u1ee7a m\u00e1y x\u1edbi \u0111\u1ea5t mini\" class=\"wp-image-7388\" srcset=\"https:\/\/taizyagromachine.com\/wp-content\/uploads\/2024\/12\/structure-of-mini-crawler-power-tiller.webp 720w, https:\/\/taizyagromachine.com\/wp-content\/uploads\/2024\/12\/structure-of-mini-crawler-power-tiller-16x12.webp 16w\" sizes=\"auto, (max-width: 720px) 100vw, 720px\" \/><figcaption class=\"wp-element-caption\">c\u1ea5u t\u1ea1o c\u1ee7a m\u00e1y x\u1edbi \u0111\u1ea5t mini<\/figcaption><\/figure> <\/div>   <h2 class=\"wp-block-heading\"><strong>Gi\u00e1 m\u00e1y x\u1edbi \u0111\u1ea5t si\u00eau nh\u1ecf l\u00e0 bao nhi\u00eau?<\/strong><\/h2>    <p>Gi\u00e1 m\u00e1y k\u00e9o b\u00e1nh x\u00edch mini c\u00f3 b\u00e1nh x\u00edch kh\u00e1c nhau t\u00f9y thu\u1ed9c v\u00e0o m\u1eabu m\u00e3, t\u00ednh n\u0103ng, c\u1ea5u h\u00ecnh v\u00e0 n\u01a1i xu\u1ea5t x\u1ee9. Nh\u00ecn chung, c\u00e1c m\u1eabu ti\u00eau chu\u1ea9n c\u00f3 gi\u00e1 v\u1eeba ph\u1ea3i v\u00e0 ph\u00f9 h\u1ee3p v\u1edbi nhu c\u1ea7u c\u1ee7a h\u1ea7u h\u1ebft ng\u01b0\u1eddi n\u00f4ng d\u00e2n. Nh\u1eefng m\u1eabu c\u00f3 nhi\u1ec1u t\u00ednh n\u0103ng ho\u1eb7c nhi\u1ec1u ch\u1ee9c n\u0103ng h\u01a1n s\u1ebd \u0111\u1eaft h\u01a1n m\u1ed9t ch\u00fat. N\u1ebfu b\u1ea1n c\u1ea7n t\u00f9y ch\u1ec9nh c\u1ea5u h\u00ecnh \u0111\u1eb7c bi\u1ec7t th\u00ec gi\u00e1 s\u1ebd \u0111\u01b0\u1ee3c \u0111i\u1ec1u ch\u1ec9nh t\u01b0\u01a1ng \u1ee9ng. <\/p>    <p>Khi mua m\u00e1y x\u1edbi \u0111\u1ea5t quay m\u00e1y k\u00e9o b\u00e1nh x\u00edch mini ch\u1ea1y b\u1eb1ng \u0111\u1ed9ng c\u01a1 diesel, ch\u00fang t\u00f4i c\u00f3 th\u1ec3 \u0111\u1ec1 xu\u1ea5t m\u1ed9t m\u00e1y x\u1edbi \u0111\u1ea5t quay m\u00e1y k\u00e9o b\u00e1nh x\u00edch diesel ph\u00f9 h\u1ee3p \u0111\u1ec3 ph\u00f9 h\u1ee3p v\u1edbi nhu c\u1ea7u v\u00e0 ng\u00e2n s\u00e1ch c\u1ee7a b\u1ea1n.<\/p>   <div class=\"wp-block-image\"> <figure class=\"aligncenter size-full\"><img loading=\"lazy\" decoding=\"async\" width=\"720\" height=\"540\" src=\"https:\/\/taizyagromachine.com\/wp-content\/uploads\/2024\/12\/small-crawler-tiller-micro-cultivator-for-orchard.webp\" alt=\"m\u00e1y x\u1edbi \u0111\u1ea5t mini b\u00e1nh x\u00edch nh\u1ecf cho v\u01b0\u1eddn c\u00e2y \u0103n qu\u1ea3\" class=\"wp-image-7393\" srcset=\"https:\/\/taizyagromachine.com\/wp-content\/uploads\/2024\/12\/small-crawler-tiller-micro-cultivator-for-orchard.webp 720w, https:\/\/taizyagromachine.com\/wp-content\/uploads\/2024\/12\/small-crawler-tiller-micro-cultivator-for-orchard-16x12.webp 16w\" sizes=\"auto, (max-width: 720px) 100vw, 720px\" \/><figcaption class=\"wp-element-caption\">m\u00e1y x\u1edbi \u0111\u1ea5t mini b\u00e1nh x\u00edch nh\u1ecf cho v\u01b0\u1eddn c\u00e2y \u0103n qu\u1ea3<\/figcaption><\/figure> <\/div>   <h2 class=\"wp-block-heading\"><strong>T\u1ea1i sao ch\u1ecdn Taizy l\u00e0m nh\u00e0 cung c\u1ea5p m\u00e1y x\u1edbi quay b\u00e1nh x\u00edch si\u00eau nh\u1ecf?<\/strong><\/h2>    <p>Tr\u00ean th\u1ecb tr\u01b0\u1eddng n\u00f4ng s\u1ea3n, Taizy l\u00e0 c\u00e1i t\u00ean \u0111\u01b0\u1ee3c tin d\u00f9ng, v\u1edbi nh\u1eefng th\u1ebf m\u1ea1nh:<\/p>    <ul class=\"wp-block-list\"> <li><strong>D\u1ecbch v\u1ee5 m\u1ed9t c\u1eeda<\/strong>: ph\u00eda sau c\u1ee7a m\u00e1y x\u1edbi \u0111\u1ea5t b\u00e1nh x\u00edch c\u00f3 th\u1ec3 \u0111\u01b0\u1ee3c thay th\u1ebf b\u1eb1ng c\u00e1c n\u00f4ng c\u1ee5 kh\u00e1c, ch\u1eb3ng h\u1ea1n nh\u01b0 thi\u1ebft b\u1ecb x\u1edbi \u0111\u1ea5t, m\u00e1y \u1ee7i, v.v. B\u1ea1n c\u00f3 th\u1ec3 mua ngay t\u1eeb ch\u00fang t\u00f4i m\u00e0 kh\u00f4ng l\u00e3ng ph\u00ed th\u1eddi gian.<\/li>    <li><strong>Gi\u00e1 c\u1ea3 h\u1ee3p l\u00fd<\/strong>: so v\u1edbi c\u00e1c s\u1ea3n ph\u1ea9m t\u01b0\u01a1ng t\u1ef1 tr\u00ean th\u1ecb tr\u01b0\u1eddng, m\u00e1y x\u1edbi \u0111\u1ea5t quay si\u00eau nh\u1ecf Taizy c\u00f3 gi\u00e1 h\u1ee3p l\u00fd h\u01a1n v\u1edbi c\u00f9ng ch\u1ea5t l\u01b0\u1ee3ng v\u00e0 hi\u1ec7u su\u1ea5t. \u0110\u1ed3ng th\u1eddi, ch\u00fang t\u00f4i th\u01b0\u1eddng xuy\u00ean \u0111\u01b0a ra nh\u1eefng ch\u00ednh s\u00e1ch \u01b0u \u0111\u00e3i cho kh\u00e1ch h\u00e0ng gi\u00fap ng\u01b0\u1eddi n\u00f4ng d\u00e2n gi\u1ea3m chi ph\u00ed thu mua.<\/li>    <li><strong>D\u1ecbch v\u1ee5 h\u1eadu m\u00e3i ho\u00e0n h\u1ea3o<\/strong>: Taizy cung c\u1ea5p d\u1ecbch v\u1ee5 h\u1eadu m\u00e3i to\u00e0n di\u1ec7n, bao g\u1ed3m v\u1eadn h\u00e0nh thi\u1ebft b\u1ecb, \u0111\u00e0o t\u1ea1o v\u1eadn h\u00e0nh v\u00e0 h\u1ed7 tr\u1ee3 b\u1ea3o tr\u00ec. B\u1ea5t k\u1ec3 b\u1ea1n g\u1eb7p ph\u1ea3i v\u1ea5n \u0111\u1ec1 g\u00ec, \u0111\u1ed9i ng\u0169 chuy\u00ean nghi\u1ec7p c\u1ee7a ch\u00fang t\u00f4i s\u1ebd h\u1ed7 tr\u1ee3 b\u1ea1n k\u1ecbp th\u1eddi. B\u1ea1n c\u00f3 th\u1ec3 y\u00ean t\u00e2m mua h\u00e0ng v\u00e0 y\u00ean t\u00e2m s\u1eed d\u1ee5ng.<\/li>    <li><strong>Th\u01b0\u01a1ng hi\u1ec7u \u0111\u01b0\u1ee3c qu\u1ed1c t\u1ebf c\u00f4ng nh\u1eadn<\/strong>: L\u00e0 th\u01b0\u01a1ng hi\u1ec7u m\u00e1y n\u00f4ng nghi\u1ec7p n\u1ed5i ti\u1ebfng, s\u1ea3n ph\u1ea9m c\u1ee7a Taizy \u0111\u00e3 \u0111\u01b0\u1ee3c b\u00e1n ra nhi\u1ec1u n\u01b0\u1edbc v\u00e0 \u0111\u01b0\u1ee3c ng\u01b0\u1eddi d\u00f9ng tr\u00ean to\u00e0n th\u1ebf gi\u1edbi \u0111\u00e1nh gi\u00e1 cao. Kh\u00f4ng ch\u1ec9 m\u00e1y x\u1edbi \u0111i\u1ec7n b\u00e1nh x\u00edch m\u00e0 c\u00f2n <a href=\"https:\/\/taizyagromachine.com\/vi\/product\/reaper-machine\/\">m\u00e1y g\u1eb7t<\/a>, <a href=\"https:\/\/taizyagromachine.com\/vi\/product\/two-wheel-drive-walking-type-tractor\/\">m\u00e1y k\u00e9o \u0111i b\u1ed9 ph\u00eda sau<\/a> v\u00e0 h\u01a1n th\u1ebf n\u1eefa.<\/li> <\/ul>    <figure class=\"wp-block-gallery has-nested-images columns-default is-cropped wp-block-gallery-2 is-layout-flex wp-block-gallery-is-layout-flex\"> <figure class=\"wp-block-image size-large\"><img loading=\"lazy\" decoding=\"async\" width=\"720\" height=\"540\" data-id=\"7395\" src=\"https:\/\/taizyagromachine.com\/wp-content\/uploads\/2024\/12\/micro-crawler-rotary-cultivator-manufacturer.webp\" alt=\"nh\u00e0 s\u1ea3n xu\u1ea5t m\u00e1y x\u1edbi quay b\u00e1nh x\u00edch si\u00eau nh\u1ecf\" class=\"wp-image-7395\" srcset=\"https:\/\/taizyagromachine.com\/wp-content\/uploads\/2024\/12\/micro-crawler-rotary-cultivator-manufacturer.webp 720w, https:\/\/taizyagromachine.com\/wp-content\/uploads\/2024\/12\/micro-crawler-rotary-cultivator-manufacturer-16x12.webp 16w\" sizes=\"auto, (max-width: 720px) 100vw, 720px\" \/><figcaption class=\"wp-element-caption\">nh\u00e0 s\u1ea3n xu\u1ea5t m\u00e1y x\u1edbi quay b\u00e1nh x\u00edch si\u00eau nh\u1ecf<\/figcaption><\/figure>    <figure class=\"wp-block-image size-large\"><img loading=\"lazy\" decoding=\"async\" width=\"720\" height=\"540\" data-id=\"7394\" src=\"https:\/\/taizyagromachine.com\/wp-content\/uploads\/2024\/12\/crawler-type-rotary-tiller-factory.webp\" alt=\"nh\u00e0 m\u00e1y s\u1ea3n xu\u1ea5t m\u00e1y x\u1edbi quay lo\u1ea1i b\u00e1nh x\u00edch\" class=\"wp-image-7394\" srcset=\"https:\/\/taizyagromachine.com\/wp-content\/uploads\/2024\/12\/crawler-type-rotary-tiller-factory.webp 720w, https:\/\/taizyagromachine.com\/wp-content\/uploads\/2024\/12\/crawler-type-rotary-tiller-factory-16x12.webp 16w\" sizes=\"auto, (max-width: 720px) 100vw, 720px\" \/><figcaption class=\"wp-element-caption\">nh\u00e0 m\u00e1y s\u1ea3n xu\u1ea5t m\u00e1y x\u1edbi quay lo\u1ea1i b\u00e1nh x\u00edch<\/figcaption><\/figure> <\/figure>    <h2 class=\"wp-block-heading\"><strong>Li\u00ean h\u1ec7 v\u1edbi ch\u00fang t\u00f4i \u0111\u1ec3 bi\u1ebft th\u00eam chi ti\u1ebft!<\/strong><\/h2>    <p>B\u1ea1n \u0111ang t\u00ecm m\u00e1y x\u1edbi \u0111\u1ea5t mini hi\u1ec7u su\u1ea5t cao? H\u00e3y li\u00ean h\u1ec7 v\u1edbi Taizy ngay h\u00f4m nay! Nh\u00f3m c\u1ee7a ch\u00fang t\u00f4i s\u1eb5n s\u00e0ng cung c\u1ea5p th\u00f4ng tin chi ti\u1ebft v\u1ec1 s\u1ea3n ph\u1ea9m, h\u1ed7 tr\u1ee3 k\u1ef9 thu\u1eadt v\u00e0 c\u00e1c gi\u1ea3i ph\u00e1p \u0111\u01b0\u1ee3c c\u00e1 nh\u00e2n h\u00f3a \u0111\u1ec3 \u0111\u00e1p \u1ee9ng nhu c\u1ea7u c\u1ee7a b\u1ea1n. H\u00e3y li\u00ean h\u1ec7 ngay b\u00e2y gi\u1edd v\u00e0 kh\u00e1m ph\u00e1 c\u00e1ch Taizy c\u00f3 th\u1ec3 gi\u00fap c\u1ea3i thi\u1ec7n hi\u1ec7u qu\u1ea3 canh t\u00e1c c\u1ee7a b\u1ea1n!<\/p>","protected":false},"excerpt":{"rendered":"<p>M\u00e1y x\u1edbi quay b\u00e1nh x\u00edch Taizy l\u00e0 m\u00e1y x\u1edbi \u0111\u1ea5t \u0111a ch\u1ee9c n\u0103ng m\u1edbi nh\u1ea5t, \u0111\u01b0\u1ee3c s\u1eed d\u1ee5ng \u0111\u1ec3 x\u1edbi v\u00e0 b\u00f3n ph\u00e2n cho nho, c\u00e2y \u0103n qu\u1ea3, d\u00e2u t\u00e2y v\u00e0 c\u00e1c lo\u1ea1i c\u00e2y tr\u1ed3ng th\u01b0\u01a1ng m\u1ea1i kh\u00e1c.<\/p>","protected":false},"author":1,"featured_media":7387,"parent":0,"template":"","tags":[239,238],"product-type":[22],"class_list":["post-7386","product","type-product","status-publish","has-post-thumbnail","hentry","tag-farming","tag-tiller","product-type-others"],"_links":{"self":[{"href":"https:\/\/taizyagromachine.com\/vi\/wp-json\/wp\/v2\/product\/7386","targetHints":{"allow":["GET"]}}],"collection":[{"href":"https:\/\/taizyagromachine.com\/vi\/wp-json\/wp\/v2\/product"}],"about":[{"href":"https:\/\/taizyagromachine.com\/vi\/wp-json\/wp\/v2\/types\/product"}],"author":[{"embeddable":true,"href":"https:\/\/taizyagromachine.com\/vi\/wp-json\/wp\/v2\/users\/1"}],"wp:featuredmedia":[{"embeddable":true,"href":"https:\/\/taizyagromachine.com\/vi\/wp-json\/wp\/v2\/media\/7387"}],"wp:attachment":[{"href":"https:\/\/taizyagromachine.com\/vi\/wp-json\/wp\/v2\/media?parent=7386"}],"wp:term":[{"taxonomy":"post_tag","embeddable":true,"href":"https:\/\/taizyagromachine.com\/vi\/wp-json\/wp\/v2\/tags?post=7386"},{"taxonomy":"product-type","embeddable":true,"href":"https:\/\/taizyagromachine.com\/vi\/wp-json\/wp\/v2\/product-type?post=7386"}],"curies":[{"name":"wp","href":"https:\/\/api.w.org\/{rel}","templated":true}]}}