{"id":7410,"date":"2024-12-18T16:53:21","date_gmt":"2024-12-18T08:53:21","guid":{"rendered":"https:\/\/taizyagromachine.com\/?post_type=product&#038;p=7410"},"modified":"2024-12-18T17:01:22","modified_gmt":"2024-12-18T09:01:22","slug":"small-corn-harvesting-machine","status":"publish","type":"product","link":"https:\/\/taizyagromachine.com\/vi\/product\/small-corn-harvesting-machine\/","title":{"rendered":"M\u00e1y thu ho\u1ea1ch ng\u00f4 nh\u1ecf c\u00f3 gh\u1ebf ng\u1ed3i"},"content":{"rendered":"<p class=\"translation-block\">M\u00e1y <strong>thu ho\u1ea1ch ng\u00f4 Taizy<\/strong> k\u1ebft h\u1ee3p c\u00e1c ch\u1ee9c n\u0103ng thu ho\u1ea1ch ng\u00f4, b\u00f3c v\u1ecf, nghi\u1ec1n r\u01a1m v\u00e0 thu gom ng\u00f4, ho\u00e0n th\u00e0nh nhi\u1ec7m v\u1ee5 thu ho\u1ea1ch ng\u00f4 m\u1ed9t c\u00e1ch hi\u1ec7u qu\u1ea3 v\u00e0 nhanh ch\u00f3ng. N\u00f3 c\u00f3 th\u1ec3 thu ho\u1ea1ch \u0111\u01b0\u1ee3c 0.05-0.12h\u33a1 m\u1ed7i gi\u1edd.<\/p>    <p>M\u00e1y g\u1eb7t mazie n\u00e0y c\u00f3 thi\u1ebft k\u1ebf gh\u1ebf ng\u1ed3i, l\u1ed1p l\u1edbn v\u00e0 c\u00f4ng su\u1ea5t 25 m\u00e3 l\u1ef1c. V\u1edbi hi\u1ec7u qu\u1ea3 cao, ti\u1ebft ki\u1ec7m nh\u00e2n c\u00f4ng, ti\u1ebft ki\u1ec7m v\u00e0 thi\u1ebft th\u1ef1c, ph\u00f9 h\u1ee3p v\u1edbi nhi\u1ec1u \u0111\u1ecba h\u00ecnh v\u00e0 y\u00eau c\u1ea7u c\u00f4ng vi\u1ec7c. M\u00e1y l\u00fd t\u01b0\u1edfng cho c\u00e1c ho\u1ea1t \u0111\u1ed9ng thu ho\u1ea1ch ng\u00f4 li\u00ean t\u1ee5c.<\/p>    <p>N\u1ebfu b\u1ea1n quan t\u00e2m \u0111\u1ebfn thi\u1ebft b\u1ecb n\u00e0y, vui l\u00f2ng li\u00ean h\u1ec7 v\u1edbi ch\u00fang t\u00f4i \u0111\u1ec3 bi\u1ebft th\u00eam th\u00f4ng tin!<\/p>    <figure class=\"wp-block-embed is-type-video is-provider-youtube wp-block-embed-youtube wp-embed-aspect-16-9 wp-has-aspect-ratio\"><div class=\"wp-block-embed__wrapper\"> <iframe loading=\"lazy\" title=\"Thu ho\u1ea1ch ng\u00f4 hi\u1ec7u qu\u1ea3 v\u1edbi m\u00e1y g\u1eb7t ng\u00f4 Taizy | M\u00e1y h\u00e1i ng\u00f4\" width=\"500\" height=\"281\" src=\"https:\/\/www.youtube.com\/embed\/RQLRhR-9diU?feature=oembed\" frameborder=\"0\" allow=\"accelerometer; autoplay; clipboard-write; encrypted-media; gyroscope; picture-in-picture; web-share\" referrerpolicy=\"strict-origin-when-cross-origin\" allowfullscreen><\/iframe> <\/div><figcaption class=\"wp-element-caption\">video ho\u1ea1t \u0111\u1ed9ng c\u1ee7a m\u00e1y h\u00e1i ng\u00f4<\/figcaption><\/figure>    <h2 class=\"wp-block-heading\"><strong>\u01afu \u0111i\u1ec3m c\u1ee7a m\u00e1y thu ho\u1ea1ch ng\u00f4 nh\u1ecf<\/strong><\/h2>    <ul class=\"wp-block-list\"> <li><strong>Thi\u1ebft k\u1ebf c\u00f3 ch\u1ed7 ng\u1ed3i<\/strong>: M\u00e1y \u0111\u01b0\u1ee3c trang b\u1ecb ch\u1ed7 ng\u1ed3i tho\u1ea3i m\u00e1i, ng\u01b0\u1eddi v\u1eadn h\u00e0nh c\u00f3 th\u1ec3 ng\u1ed3i l\u00e0m vi\u1ec7c, gi\u1ea3m \u0111\u00e1ng k\u1ec3 c\u01b0\u1eddng \u0111\u1ed9 lao \u0111\u1ed9ng v\u00e0 c\u1ea3i thi\u1ec7n s\u1ef1 tho\u1ea3i m\u00e1i khi l\u00e0m vi\u1ec7c.<\/li>    <li><strong>Ho\u1ea1t \u0111\u1ed9ng h\u00e0ng \u0111\u01a1n<\/strong>: \u0111\u01b0\u1ee3c thi\u1ebft k\u1ebf \u0111\u1ec3 tr\u1ed3ng quy m\u00f4 nh\u1ecf, m\u00e1y g\u1eb7t ng\u00f4 ph\u00f9 h\u1ee3p v\u1edbi \u0111\u1ea5t n\u00f4ng nghi\u1ec7p c\u00f3 kho\u1ea3ng c\u00e1ch h\u00e0ng nh\u1ecf v\u00e0 \u0111\u1ecba h\u00ecnh ph\u1ee9c t\u1ea1p.<\/li>    <li><strong>Thu ho\u1ea1ch hi\u1ec7u qu\u1ea3 cao<\/strong>: n\u00f3 ho\u00e0n th\u00e0nh c\u00f4ng vi\u1ec7c nh\u1eb7t, t\u00e1ch v\u00e0 thu gom c\u00f9ng m\u1ed9t l\u00fac, ti\u1ebft ki\u1ec7m \u0111\u00e1ng k\u1ec3 nh\u00e2n c\u00f4ng v\u00e0 th\u1eddi gian.<\/li>    <li><strong>Linh ho\u1ea1t v\u00e0 thu\u1eadn ti\u1ec7n<\/strong>: M\u00e1y n\u00e0y c\u00f3 k\u00edch th\u01b0\u1edbc nh\u1ecf g\u1ecdn, b\u00e1n k\u00ednh quay v\u00f2ng nh\u1ecf, ph\u00f9 h\u1ee3p v\u1edbi v\u00f9ng \u0111\u1ed3ng b\u1eb1ng, \u0111\u1ed3i n\u00fai v\u00e0 c\u00e1c \u0111\u1ecba h\u00ecnh kh\u00e1c.<\/li>    <li>N\u00f3 c\u00f3 gi\u00e1 c\u1ea3 ph\u1ea3i ch\u0103ng, v\u1eadn h\u00e0nh \u0111\u01a1n gi\u1ea3n v\u00e0 thu\u1eadn ti\u1ec7n \u0111\u1ec3 b\u1ea3o tr\u00ec.<\/li> <\/ul>   <div class=\"wp-block-image\"> <figure class=\"aligncenter size-full\"><img loading=\"lazy\" decoding=\"async\" width=\"720\" height=\"540\" src=\"https:\/\/taizyagromachine.com\/wp-content\/uploads\/2024\/12\/mini-corn-harvester-machine.webp\" alt=\"m\u00e1y thu ho\u1ea1ch ng\u00f4 mini\" class=\"wp-image-7418\" srcset=\"https:\/\/taizyagromachine.com\/wp-content\/uploads\/2024\/12\/mini-corn-harvester-machine.webp 720w, https:\/\/taizyagromachine.com\/wp-content\/uploads\/2024\/12\/mini-corn-harvester-machine-16x12.webp 16w\" sizes=\"auto, (max-width: 720px) 100vw, 720px\" \/><figcaption class=\"wp-element-caption\">m\u00e1y thu ho\u1ea1ch ng\u00f4 mini<\/figcaption><\/figure> <\/div>   <h2 class=\"wp-block-heading\"><strong>Th\u00f4ng s\u1ed1 k\u1ef9 thu\u1eadt c\u1ee7a m\u00e1y thu ho\u1ea1ch ng\u00f4<\/strong><\/h2>    <figure class=\"wp-block-table\"><table><tbody><tr><td>Ng\u01b0\u1eddi m\u1eabu<\/td><td>CM4YZP-1<\/td><\/tr><tr><td>Quy\u1ec1n l\u1ef1c&nbsp;<\/td><td>25 m\u00e3 l\u1ef1c<\/td><\/tr><tr><td>N\u0103ng su\u1ea5t<\/td><td>0,05-0,12h\u33a1\/h<\/td><\/tr><tr><td>Ph\u1ea1m vi l\u00e0m vi\u1ec7c<\/td><td>650mm<\/td><\/tr><tr><td>Gi\u1ea3i ph\u00f3ng m\u1eb7t b\u1eb1ng t\u1ed1i thi\u1ec3u<\/td><td>200mm<\/td><\/tr><tr><td>T\u1ed1c \u0111\u1ed9 \u0111\u1ecbnh m\u1ee9c<\/td><td>2200r\/ph\u00fat<\/td><\/tr><tr><td>K\u00edch c\u1ee1<\/td><td>3650*1000*1270mm<\/td><\/tr><tr><td>C\u00e2n n\u1eb7ng<\/td><td>980kg<\/td><\/tr><\/tbody><\/table><figcaption class=\"wp-element-caption\">th\u00f4ng s\u1ed1 k\u1ef9 thu\u1eadt c\u1ee7a m\u00e1y thu ho\u1ea1ch ng\u00f4 mini<\/figcaption><\/figure>    <h2 class=\"wp-block-heading\"><strong>K\u1ebft c\u1ea5u<\/strong> <strong>c\u1ee7a m\u00e1y thu ho\u1ea1ch ng\u00f4<\/strong><\/h2>    <p>M\u00e1y \u0111\u01b0\u1ee3c thi\u1ebft k\u1ebf nh\u1ecf g\u1ecdn v\u00e0 hi\u1ec7u qu\u1ea3, ch\u1ee7 y\u1ebfu bao g\u1ed3m b\u00e0n c\u1eaft, thi\u1ebft b\u1ecb v\u1eadn chuy\u1ec3n, thi\u1ebft b\u1ecb b\u00f3c v\u1ecf, thu gom, h\u1ec7 th\u1ed1ng \u0111i\u1ec7n, gh\u1ebf ng\u1ed3i, v.v.<\/p>    <ul class=\"wp-block-list\"> <li>B\u00e0n c\u1eaft: d\u00f9ng \u0111\u1ec3 c\u1eaft cu\u1ed1ng ng\u00f4 v\u00e0 t\u00e1ch b\u1eafp ng\u00f4 ra kh\u1ecfi b\u1eafp.<\/li>    <li>B\u0103ng t\u1ea3i: chuy\u1ec3n l\u00f5i ng\u00f4 t\u1eeb b\u00e0n c\u1eaft sang thi\u1ebft b\u1ecb b\u00f3c v\u1ecf.<\/li>    <li>M\u00e1y b\u00f3c v\u1ecf: lo\u1ea1i b\u1ecf l\u1edbp v\u1ecf ng\u00f4 m\u1ed9t c\u00e1ch hi\u1ec7u qu\u1ea3 \u0111\u1ec3 \u0111\u1ea3m b\u1ea3o \u0111\u1ed9 s\u1ea1ch c\u1ee7a th\u00e0nh ph\u1ea9m.<\/li>    <li>H\u1ed9p thu gom: sed \u0111\u1ec3 thu th\u1eadp ng\u00f4 \u0111\u00e3 b\u00f3c v\u1ecf.<\/li>    <li>H\u1ec7 th\u1ed1ng \u0111i\u1ec7n: cung c\u1ea5p \u0111i\u1ec7n \u0111\u1ec3 \u0111i\u1ec1u khi\u1ec3n m\u00e1y g\u1eb7t ng\u00f4.<\/li> <\/ul>   <div class=\"wp-block-image\"> <figure class=\"aligncenter size-full\"><img loading=\"lazy\" decoding=\"async\" width=\"720\" height=\"540\" src=\"https:\/\/taizyagromachine.com\/wp-content\/uploads\/2024\/12\/small-corn-harvesting-machine-for-sale.webp\" alt=\"C\u1ea7n b\u00e1n m\u00e1y thu ho\u1ea1ch ng\u00f4 nh\u1ecf\" class=\"wp-image-7416\" srcset=\"https:\/\/taizyagromachine.com\/wp-content\/uploads\/2024\/12\/small-corn-harvesting-machine-for-sale.webp 720w, https:\/\/taizyagromachine.com\/wp-content\/uploads\/2024\/12\/small-corn-harvesting-machine-for-sale-16x12.webp 16w\" sizes=\"auto, (max-width: 720px) 100vw, 720px\" \/><figcaption class=\"wp-element-caption\">C\u1ea7n b\u00e1n m\u00e1y thu ho\u1ea1ch ng\u00f4 nh\u1ecf<\/figcaption><\/figure> <\/div>   <h2 class=\"wp-block-heading\"><strong>M\u00e1y thu ho\u1ea1ch ng\u00f4 ho\u1ea1t \u0111\u1ed9ng nh\u01b0 th\u1ebf n\u00e0o?<\/strong><\/h2>    <p>Khi m\u00e1y thu ho\u1ea1ch ng\u00f4 ho\u1ea1t \u0111\u1ed9ng, b\u00e0n c\u1eaft \u0111\u01b0\u1ee3c d\u1eabn \u0111\u1ed9ng b\u1edfi h\u1ec7 th\u1ed1ng \u0111i\u1ec7n, gi\u00fap c\u1eaft th\u00e2n ng\u00f4 sau \u0111\u00f3 chuy\u1ec3n l\u00f5i ng\u00f4 qua b\u0103ng t\u1ea3i \u0111\u1ebfn thi\u1ebft b\u1ecb b\u00f3c v\u1ecf \u0111\u1ec3 ch\u1ebf bi\u1ebfn. Thi\u1ebft b\u1ecb b\u00f3c v\u1ecf s\u1ebd lo\u1ea1i b\u1ecf l\u1edbp v\u1ecf b\u00ean ngo\u00e0i c\u1ee7a ng\u00f4 v\u00e0 cu\u1ed1i c\u00f9ng c\u1ea5t ng\u00f4 \u0111\u00e3 ch\u1ebf bi\u1ebfn v\u00e0o h\u1ed9p thu gom. To\u00e0n b\u1ed9 qu\u00e1 tr\u00ecnh di\u1ec5n ra hi\u1ec7u qu\u1ea3 v\u00e0 li\u00ean t\u1ee5c, gi\u00fap ti\u1ebft ki\u1ec7m \u0111\u00e1ng k\u1ec3 nh\u00e2n c\u00f4ng v\u00e0 th\u1eddi gian.<\/p>    <h2 class=\"wp-block-heading\"><strong>Gi\u00e1 m\u00e1y thu ho\u1ea1ch ng\u00f4 Taizy l\u00e0 bao nhi\u00eau?<\/strong><\/h2>    <p>M\u00e1y thu ho\u1ea1ch ng\u00f4 do Taizy cung c\u1ea5p \u0111\u01b0\u1ee3c bi\u1ebft \u0111\u1ebfn v\u1edbi hi\u1ec7u su\u1ea5t cao v\u00e0 gi\u00e1 c\u1ea3 kh\u00e1c nhau t\u00f9y theo m\u1eabu m\u00e3, c\u1ea5u h\u00ecnh v\u00e0 ch\u1ee9c n\u0103ng. M\u00e1y g\u1eb7t ng\u00f4 b\u00e1n t\u1eeb Taizy th\u01b0\u1eddng c\u00f3 lo\u1ea1i 1 h\u00e0ng nh\u01b0ng c\u0169ng c\u00f3 lo\u1ea1i m\u00e1y h\u00e1i ng\u00f4 2 h\u00e0ng v\u1edbi c\u1ea5u h\u00ecnh kh\u00e1c nhau. C\u00e1i sau \u0111\u1eaft h\u01a1n.<\/p>    <p>Ch\u00fang t\u00f4i c\u0169ng h\u1ed7 tr\u1ee3 c\u00e1c gi\u1ea3i ph\u00e1p t\u00f9y ch\u1ec9nh \u0111\u1ec3 \u0111\u1ea3m b\u1ea3o r\u1eb1ng m\u1ed7i kh\u00e1ch h\u00e0ng \u0111\u1ec1u nh\u1eadn \u0111\u01b0\u1ee3c s\u1ea3n ph\u1ea9m ph\u00f9 h\u1ee3p v\u1edbi nhu c\u1ea7u c\u1ee7a m\u00ecnh. N\u1ebfu b\u1ea1n mu\u1ed1n bi\u1ebft gi\u00e1 m\u00e1y c\u1ee5 th\u1ec3, vui l\u00f2ng li\u00ean h\u1ec7 v\u1edbi ch\u00fang t\u00f4i. H\u00e3y cho ch\u00fang t\u00f4i bi\u1ebft y\u00eau c\u1ea7u c\u1ee7a b\u1ea1n, ch\u00fang t\u00f4i s\u1ebd cung c\u1ea5p gi\u1ea3i ph\u00e1p ph\u00f9 h\u1ee3p nh\u1ea5t v\u00e0 gi\u00e1 t\u1ed1t nh\u1ea5t!<\/p>   <div class=\"wp-block-image\"> <figure class=\"aligncenter size-full\"><img loading=\"lazy\" decoding=\"async\" width=\"720\" height=\"540\" src=\"https:\/\/taizyagromachine.com\/wp-content\/uploads\/2024\/12\/corn-picker-machine-with-seat.webp\" alt=\"m\u00e1y h\u00e1i ng\u00f4 c\u00f3 gh\u1ebf ng\u1ed3i\" class=\"wp-image-7417\" srcset=\"https:\/\/taizyagromachine.com\/wp-content\/uploads\/2024\/12\/corn-picker-machine-with-seat.webp 720w, https:\/\/taizyagromachine.com\/wp-content\/uploads\/2024\/12\/corn-picker-machine-with-seat-16x12.webp 16w\" sizes=\"auto, (max-width: 720px) 100vw, 720px\" \/><figcaption class=\"wp-element-caption\">m\u00e1y h\u00e1i ng\u00f4 c\u00f3 gh\u1ebf ng\u1ed3i<\/figcaption><\/figure> <\/div>   <h2 class=\"wp-block-heading\"><strong>M\u00e1y g\u1eb7t ng\u00f4 c\u00f3 gh\u1ebf VS. m\u00e1y h\u00e1i ng\u00f4 t\u1ef1 h\u00e0nh m\u1ed9t h\u00e0ng<\/strong><\/h2>    <p class=\"translation-block\"><strong>M\u00e1y g\u1eb7t ng\u00f4 c\u00f3 gh\u1ebf ng\u1ed3i<\/strong>: lo\u1ea1i m\u00e1y g\u1eb7t ng\u00f4 n\u00e0y ph\u00f9 h\u1ee3p cho ho\u1ea1t \u0111\u1ed9ng nhi\u1ec1u gi\u1edd, mang l\u1ea1i s\u1ef1 tho\u1ea3i m\u00e1i cho ng\u01b0\u1eddi v\u1eadn h\u00e0nh v\u00e0 hi\u1ec7u qu\u1ea3 cao h\u01a1n. N\u00f3 \u0111\u01b0\u1ee3c khuy\u1ebfn ngh\u1ecb cho c\u00e1c trang tr\u1ea1i v\u1eeba v\u00e0 l\u1edbn ho\u1eb7c trong c\u00e1c t\u00ecnh hu\u1ed1ng c\u00f3 nhu c\u1ea7u v\u1eadn h\u00e0nh li\u00ean t\u1ee5c cao.<\/p>    <p class=\"translation-block\"><strong>M\u00e1y thu ho\u1ea1ch ng\u00f4 t\u1ef1 h\u00e0nh m\u1ed9t h\u00e0ng<\/strong>: <a href=\"https:\/\/taizyagromachine.com\/vi\/product\/single-row-corn-harvester\/\">M\u00e1y thu ho\u1ea1ch ng\u00f4 m\u1ed9t h\u00e0ng<\/a> n\u00e0y nh\u1ecf g\u1ecdn v\u00e0 linh ho\u1ea1t h\u01a1n, l\u00fd t\u01b0\u1edfng cho c\u00e1c m\u1ea3nh \u0111\u1ea5t ri\u00eang l\u1ebb, nh\u1ecf ho\u1eb7c trang tr\u1ea1i nh\u1ecf. Lo\u1ea1i n\u00e0y th\u01b0\u1eddng \u0111\u01b0\u1ee3c b\u00e1n s\u1ec9, \u0111\u01b0\u1ee3c c\u00e1c nh\u00e0 ph\u00e2n ph\u1ed1i tr\u00ean to\u00e0n th\u1ebf gi\u1edbi \u01b0a chu\u1ed9ng.<\/p>    <p>C\u1ea3 hai m\u00f4 h\u00ecnh \u0111\u1ec1u c\u00f3 nh\u1eefng \u01b0u \u0111i\u1ec3m ri\u00eang. M\u1eabu xe c\u00f3 gh\u1ebf ng\u1ed3i ph\u00f9 h\u1ee3p v\u1edbi ng\u01b0\u1eddi d\u00f9ng theo \u0111u\u1ed5i s\u1ef1 hi\u1ec7u qu\u1ea3 v\u00e0 tho\u1ea3i m\u00e1i, trong khi m\u1eabu xe t\u1ef1 h\u00e0nh ph\u00f9 h\u1ee3p h\u01a1n v\u1edbi nhu c\u1ea7u v\u1eadn h\u00e0nh linh ho\u1ea1t. T\u00f9y v\u00e0o m\u00f4i tr\u01b0\u1eddng ho\u1ea1t \u0111\u1ed9ng v\u00e0 ng\u00e2n s\u00e1ch m\u00e0 kh\u00e1ch h\u00e0ng c\u00f3 th\u1ec3 tho\u1ea3i m\u00e1i l\u1ef1a ch\u1ecdn model ph\u00f9 h\u1ee3p.<\/p>    <figure class=\"wp-block-gallery has-nested-images columns-default is-cropped wp-block-gallery-2 is-layout-flex wp-block-gallery-is-layout-flex\"> <figure class=\"wp-block-image size-full\"><img loading=\"lazy\" decoding=\"async\" width=\"720\" height=\"540\" data-id=\"7420\" src=\"https:\/\/taizyagromachine.com\/wp-content\/uploads\/2024\/12\/new-type-corn-harvesting-machine.webp\" alt=\"m\u00e1y thu ho\u1ea1ch ng\u00f4 ki\u1ec3u m\u1edbi\" class=\"wp-image-7420\" srcset=\"https:\/\/taizyagromachine.com\/wp-content\/uploads\/2024\/12\/new-type-corn-harvesting-machine.webp 720w, https:\/\/taizyagromachine.com\/wp-content\/uploads\/2024\/12\/new-type-corn-harvesting-machine-16x12.webp 16w\" sizes=\"auto, (max-width: 720px) 100vw, 720px\" \/><figcaption class=\"wp-element-caption\">m\u00e1y thu ho\u1ea1ch ng\u00f4 ki\u1ec3u m\u1edbi<\/figcaption><\/figure>    <figure class=\"wp-block-image size-full\"><img loading=\"lazy\" decoding=\"async\" width=\"720\" height=\"540\" data-id=\"7364\" src=\"https:\/\/taizyagromachine.com\/wp-content\/uploads\/2024\/12\/1-row-corn-picker.webp\" alt=\"M\u00e1y h\u00e1i ng\u00f4 1 h\u00e0ng\" class=\"wp-image-7364\" srcset=\"https:\/\/taizyagromachine.com\/wp-content\/uploads\/2024\/12\/1-row-corn-picker.webp 720w, https:\/\/taizyagromachine.com\/wp-content\/uploads\/2024\/12\/1-row-corn-picker-16x12.webp 16w\" sizes=\"auto, (max-width: 720px) 100vw, 720px\" \/><figcaption class=\"wp-element-caption\">M\u00e1y h\u00e1i ng\u00f4 1 h\u00e0ng<\/figcaption><\/figure> <\/figure>    <h2 class=\"wp-block-heading\"><strong>D\u1ecbch v\u1ee5 h\u1eadu m\u00e3i b\u1ea1n c\u00f3 th\u1ec3 t\u1eadn h\u01b0\u1edfng t\u1eeb Taizy<\/strong><\/h2>    <p>Sau khi mua m\u00e1y thu ho\u1ea1ch ng\u00f4 Taize, b\u1ea1n s\u1ebd \u0111\u01b0\u1ee3c h\u01b0\u1edfng d\u1ecbch v\u1ee5 h\u1eadu m\u00e3i to\u00e0n di\u1ec7n, bao g\u1ed3m:<\/p>    <ul class=\"wp-block-list\"> <li>H\u01b0\u1edbng d\u1eabn k\u1ef9 thu\u1eadt<\/li>    <li>Cung c\u1ea5p \u0111\u1ee7 ph\u1ee5 t\u00f9ng thay th\u1ebf<\/li>    <li>T\u01b0 v\u1ea5n b\u1ea3o tr\u00ec thi\u1ebft b\u1ecb<\/li>    <li>C\u00e2u h\u1ecfi th\u01b0\u1eddng g\u1eb7p tr\u1ef1c tuy\u1ebfn<\/li> <\/ul>    <p>C\u00e1c d\u1ecbch v\u1ee5 tr\u00ean m\u1eddi b\u1ea1n tham kh\u1ea3o. D\u1ecbch v\u1ee5 h\u1eadu m\u00e3i c\u1ee7a ch\u00fang t\u00f4i \u0111\u1ea3m b\u1ea3o r\u1eb1ng m\u00e1y h\u00e1i ng\u00f4 c\u1ee7a b\u1ea1n c\u00f3 th\u1ec3 ch\u1ea1y \u1ed5n \u0111\u1ecbnh trong th\u1eddi gian d\u00e0i.<\/p>    <h2 class=\"wp-block-heading\"><strong>Li\u00ean h\u1ec7 v\u1edbi ch\u00fang t\u00f4i \u0111\u1ec3 bi\u1ebft th\u00eam chi ti\u1ebft!<\/strong><\/h2>    <p class=\"translation-block\">N\u1ebfu b\u1ea1n quan t\u00e2m \u0111\u1ebfn m\u00e1y thu ho\u1ea1ch ng\u00f4 Taizy, xin vui l\u00f2ng li\u00ean h\u1ec7 v\u1edbi ch\u00fang t\u00f4i. Ch\u00fang t\u00f4i s\u1ebd cung c\u1ea5p cho b\u1ea1n th\u00f4ng tin chi ti\u1ebft v\u00e0 <a href=\"https:\/\/en.wikipedia.org\/wiki\/Maize\" target=\"_blank\" rel=\"noopener\">gi\u1ea3i ph\u00e1p thu ho\u1ea1ch ng\u00f4<\/a>!<\/p>","protected":false},"excerpt":{"rendered":"<p>M\u00e1y thu ho\u1ea1ch ng\u00f4 Taizy k\u1ebft h\u1ee3p ch\u1ee9c n\u0103ng h\u00e1i ng\u00f4, b\u00f3c v\u1ecf, nghi\u1ec1n r\u01a1m, thu gom ng\u00f4, c\u00f4ng su\u1ea5t 0,05-0,12h\u33a1\/h.<\/p>","protected":false},"author":1,"featured_media":7412,"parent":0,"template":"","tags":[79,240],"product-type":[17],"class_list":["post-7410","product","type-product","status-publish","has-post-thumbnail","hentry","tag-corn-machine","tag-harvester","product-type-corn-machine"],"_links":{"self":[{"href":"https:\/\/taizyagromachine.com\/vi\/wp-json\/wp\/v2\/product\/7410","targetHints":{"allow":["GET"]}}],"collection":[{"href":"https:\/\/taizyagromachine.com\/vi\/wp-json\/wp\/v2\/product"}],"about":[{"href":"https:\/\/taizyagromachine.com\/vi\/wp-json\/wp\/v2\/types\/product"}],"author":[{"embeddable":true,"href":"https:\/\/taizyagromachine.com\/vi\/wp-json\/wp\/v2\/users\/1"}],"wp:featuredmedia":[{"embeddable":true,"href":"https:\/\/taizyagromachine.com\/vi\/wp-json\/wp\/v2\/media\/7412"}],"wp:attachment":[{"href":"https:\/\/taizyagromachine.com\/vi\/wp-json\/wp\/v2\/media?parent=7410"}],"wp:term":[{"taxonomy":"post_tag","embeddable":true,"href":"https:\/\/taizyagromachine.com\/vi\/wp-json\/wp\/v2\/tags?post=7410"},{"taxonomy":"product-type","embeddable":true,"href":"https:\/\/taizyagromachine.com\/vi\/wp-json\/wp\/v2\/product-type?post=7410"}],"curies":[{"name":"wp","href":"https:\/\/api.w.org\/{rel}","templated":true}]}}